{"id":3465,"date":"2017-02-06T16:05:11","date_gmt":"2017-02-06T15:05:11","guid":{"rendered":"https:\/\/cryomedpro.com\/?page_id=3465&#038;lang=cs"},"modified":"2020-02-19T00:36:19","modified_gmt":"2020-02-18T23:36:19","slug":"kvalita-a-certifikaty","status":"publish","type":"page","link":"https:\/\/cryomedpro.com\/cs\/kvalita-a-certifikaty\/","title":{"rendered":"Kvalita a certifik\u00e1ty"},"content":{"rendered":"<p>[et_pb_section admin_label=&#8220;section&#8220; background_image=&#8220;https:\/\/cryomedpro.com\/wp-content\/uploads\/2016\/12\/784743-blue-crystals-frost-macro.jpg&#8220; transparent_background=&#8220;off&#8220; allow_player_pause=&#8220;off&#8220; inner_shadow=&#8220;off&#8220; parallax=&#8220;off&#8220; parallax_method=&#8220;off&#8220; custom_padding=&#8220;3px|0px|4px|0px&#8220; padding_mobile=&#8220;off&#8220; make_fullwidth=&#8220;off&#8220; use_custom_width=&#8220;off&#8220; width_unit=&#8220;on&#8220; custom_width_px=&#8220;1080px&#8220; custom_width_percent=&#8220;80%&#8220; make_equal=&#8220;off&#8220; use_custom_gutter=&#8220;off&#8220; fullwidth=&#8220;off&#8220; specialty=&#8220;off&#8220; module_class=&#8220;ns-banner&#8220; disabled=&#8220;off&#8220;][et_pb_row admin_label=&#8220;row&#8220; make_fullwidth=&#8220;off&#8220; use_custom_width=&#8220;off&#8220; width_unit=&#8220;off&#8220; custom_width_px=&#8220;1080px&#8220; custom_width_percent=&#8220;80%&#8220; use_custom_gutter=&#8220;off&#8220; gutter_width=&#8220;3&#8243; custom_padding=&#8220;21px|0px|21.45px|0px&#8220; padding_mobile=&#8220;off&#8220; allow_player_pause=&#8220;off&#8220; parallax=&#8220;off&#8220; parallax_method=&#8220;on&#8220; make_equal=&#8220;off&#8220; column_padding_mobile=&#8220;on&#8220; parallax_1=&#8220;off&#8220; parallax_method_1=&#8220;on&#8220; parallax_2=&#8220;off&#8220; parallax_method_2=&#8220;on&#8220; parallax_3=&#8220;off&#8220; parallax_method_3=&#8220;on&#8220; parallax_4=&#8220;off&#8220; parallax_method_4=&#8220;on&#8220; disabled=&#8220;off&#8220;][et_pb_column type=&#8220;4_4&#8243;][et_pb_text admin_label=&#8220;Text&#8220; background_layout=&#8220;dark&#8220; text_orientation=&#8220;center&#8220; use_border_color=&#8220;off&#8220; border_style=&#8220;solid&#8220; disabled=&#8220;off&#8220; border_color=&#8220;#ffffff&#8220;]<\/p>\n<h1 style=\"text-align: center;\">Kvalita a certifik\u00e1ty<\/h1>\n<p><img decoding=\"async\" loading=\"lazy\" class=\"size-full wp-image-150 aligncenter\" src=\"https:\/\/cryomedpro.com\/wp-content\/uploads\/2016\/10\/heading-underline.png\" alt=\"heading-underline\" width=\"309\" height=\"12\" srcset=\"https:\/\/cryomedpro.com\/wp-content\/uploads\/2016\/10\/heading-underline.png 309w, https:\/\/cryomedpro.com\/wp-content\/uploads\/2016\/10\/heading-underline-300x12.png 300w\" sizes=\"(max-width: 309px) 100vw, 309px\" \/><\/p>\n<p>[\/et_pb_text][\/et_pb_column][\/et_pb_row][\/et_pb_section][et_pb_section admin_label=&#8220;Section&#8220; fullwidth=&#8220;off&#8220; specialty=&#8220;off&#8220; transparent_background=&#8220;off&#8220; allow_player_pause=&#8220;off&#8220; inner_shadow=&#8220;off&#8220; parallax=&#8220;off&#8220; parallax_method=&#8220;off&#8220; custom_padding=&#8220;15px|0px|0px|0px&#8220; padding_mobile=&#8220;off&#8220; make_fullwidth=&#8220;off&#8220; use_custom_width=&#8220;off&#8220; width_unit=&#8220;on&#8220; make_equal=&#8220;off&#8220; use_custom_gutter=&#8220;off&#8220;][et_pb_row admin_label=&#8220;Row&#8220; make_fullwidth=&#8220;off&#8220; use_custom_width=&#8220;off&#8220; width_unit=&#8220;on&#8220; use_custom_gutter=&#8220;off&#8220; padding_mobile=&#8220;off&#8220; allow_player_pause=&#8220;off&#8220; parallax=&#8220;off&#8220; parallax_method=&#8220;off&#8220; make_equal=&#8220;off&#8220; parallax_1=&#8220;off&#8220; parallax_method_1=&#8220;off&#8220; column_padding_mobile=&#8220;on&#8220; custom_padding=&#8220;0px|0px|0px|0px&#8220;][et_pb_column type=&#8220;4_4&#8243;][et_pb_code admin_label=&#8220;Code&#8220;]\tCryo\n<span><span><a href=\"https:\/\/cryomedpro.com\/cs\/\">Home<\/a><\/span><\/span>[\/et_pb_code][\/et_pb_column][\/et_pb_row][\/et_pb_section][et_pb_section admin_label=&#8220;Section&#8220; transparent_background=&#8220;off&#8220; allow_player_pause=&#8220;off&#8220; inner_shadow=&#8220;off&#8220; parallax=&#8220;off&#8220; parallax_method=&#8220;on&#8220; padding_mobile=&#8220;off&#8220; make_fullwidth=&#8220;off&#8220; use_custom_width=&#8220;off&#8220; width_unit=&#8220;off&#8220; custom_width_px=&#8220;1080px&#8220; custom_width_percent=&#8220;80%&#8220; make_equal=&#8220;off&#8220; use_custom_gutter=&#8220;off&#8220; fullwidth=&#8220;off&#8220; specialty=&#8220;off&#8220; disabled=&#8220;off&#8220;][et_pb_row admin_label=&#8220;Row&#8220; make_fullwidth=&#8220;off&#8220; use_custom_width=&#8220;off&#8220; width_unit=&#8220;off&#8220; custom_width_px=&#8220;1080px&#8220; custom_width_percent=&#8220;80%&#8220; use_custom_gutter=&#8220;off&#8220; gutter_width=&#8220;3&#8243; padding_mobile=&#8220;off&#8220; allow_player_pause=&#8220;off&#8220; parallax=&#8220;off&#8220; parallax_method=&#8220;on&#8220; make_equal=&#8220;off&#8220; column_padding_mobile=&#8220;on&#8220; parallax_1=&#8220;off&#8220; parallax_method_1=&#8220;on&#8220; parallax_2=&#8220;off&#8220; parallax_method_2=&#8220;on&#8220; parallax_3=&#8220;off&#8220; parallax_method_3=&#8220;on&#8220; parallax_4=&#8220;off&#8220; parallax_method_4=&#8220;on&#8220; disabled=&#8220;off&#8220;][et_pb_column type=&#8220;4_4&#8243;][et_pb_text admin_label=&#8220;Text&#8220; background_layout=&#8220;light&#8220; text_orientation=&#8220;left&#8220; use_border_color=&#8220;off&#8220; border_style=&#8220;solid&#8220; disabled=&#8220;off&#8220; border_color=&#8220;#ffffff&#8220;]<\/p>\n<h2><strong>ES osv\u011bd\u010den\u00ed o shod\u011b<\/strong><\/h2>\n<p><a href=\"https:\/\/cryomedpro.com\/wp-content\/uploads\/2020\/02\/TSU_Conformity_certificate_Cryosauna_PRO_a_ONE_Cryomed_Manufacture-01-scaled.jpg\"><img decoding=\"async\" loading=\"lazy\" class=\"alignleft wp-image-54625\" title=\"The Certificate of Conformity\" src=\"https:\/\/cryomedpro.com\/wp-content\/uploads\/2020\/02\/TSU_Conformity_certificate_Cryosauna_PRO_a_ONE_Cryomed_Manufacture-01-212x300.jpg\" alt=\"\" width=\"300\" height=\"424\" srcset=\"https:\/\/cryomedpro.com\/wp-content\/uploads\/2020\/02\/TSU_Conformity_certificate_Cryosauna_PRO_a_ONE_Cryomed_Manufacture-01-212x300.jpg 212w, https:\/\/cryomedpro.com\/wp-content\/uploads\/2020\/02\/TSU_Conformity_certificate_Cryosauna_PRO_a_ONE_Cryomed_Manufacture-01-724x1024.jpg 724w, https:\/\/cryomedpro.com\/wp-content\/uploads\/2020\/02\/TSU_Conformity_certificate_Cryosauna_PRO_a_ONE_Cryomed_Manufacture-01-768x1086.jpg 768w, https:\/\/cryomedpro.com\/wp-content\/uploads\/2020\/02\/TSU_Conformity_certificate_Cryosauna_PRO_a_ONE_Cryomed_Manufacture-01-1086x1536.jpg 1086w, https:\/\/cryomedpro.com\/wp-content\/uploads\/2020\/02\/TSU_Conformity_certificate_Cryosauna_PRO_a_ONE_Cryomed_Manufacture-01-1448x2048.jpg 1448w, https:\/\/cryomedpro.com\/wp-content\/uploads\/2020\/02\/TSU_Conformity_certificate_Cryosauna_PRO_a_ONE_Cryomed_Manufacture-01-1080x1527.jpg 1080w, https:\/\/cryomedpro.com\/wp-content\/uploads\/2020\/02\/TSU_Conformity_certificate_Cryosauna_PRO_a_ONE_Cryomed_Manufacture-01-scaled.jpg 1810w\" sizes=\"(max-width: 300px) 100vw, 300px\" \/><\/a><\/p>\n<p>ES certifik\u00e1t o shod\u011b je d\u016fle\u017eit\u00fd dokument pro v\u00fdrobu, kter\u00fd se nach\u00e1z\u00ed na trhu Evropsk\u00e9ho hospod\u00e1\u0159sk\u00e9ho prostoru.<\/p>\n<p>Certifik\u00e1t o&nbsp;shod\u011b je pr\u00e1vn\u00ed dokument, kter\u00fd potvrzuje shodu v\u00fdrobku s&nbsp;normami EU.<\/p>\n<p>Ud\u011blen\u00ed certifik\u00e1tu je prov\u00e1zeno z\u00edsk\u00e1n\u00edm zna\u010dky CE, kter\u00e1 je povinn\u00e1..<\/p>\n<p>Na v\u00fdrobku se nach\u00e1z\u00ed zna\u010dka CE (zkratka pro &#8222;Compformit\u00e9 Europ\u00e9enne &#8211; European Conformity&#8220;) a potvrzuje, \u017ee v\u00fdrobek je v&nbsp;souladu se sm\u011brnicemi EU a normami EU, a z\u00e1rove\u0148 uv\u00e1d\u00ed, \u017ee postup posuzov\u00e1n\u00ed shody byl proveden odpov\u00eddaj\u00edc\u00edm zp\u016fsobem.<\/p>\n<p>Ozna\u010den\u00ed CE ozna\u010duje, \u017ee v\u00fdrobek je bezpe\u010dn\u00fd pro zdrav\u00ed sv\u00fdch spot\u0159ebitel\u016f a \u017ee nen\u00ed \u0161kodliv\u00fd pro \u017eivotn\u00ed prost\u0159ed\u00ed. Zna\u010dka CE je v&nbsp;zem\u00edch EU jedin\u00e1 zna\u010dka, kter\u00e1 potvrzuje shodu v\u00fdroby s normami EU v oblasti bezpe\u010dnosti, majetku a \u017eivotn\u00edho prost\u0159ed\u00ed.<\/p>\n<p><a href=\"https:\/\/cryomedpro.com\/wp-content\/uploads\/2020\/02\/TSU_Conformity_certificate_Cryosauna_PRO_a_ONE_Cryomed_Manufacture-02-scaled.jpg\"><img decoding=\"async\" loading=\"lazy\" class=\"alignright wp-image-54646\" title=\"The Certificate of Conformity\" src=\"https:\/\/cryomedpro.com\/wp-content\/uploads\/2020\/02\/TSU_Conformity_certificate_Cryosauna_PRO_a_ONE_Cryomed_Manufacture-02-212x300.jpg\" alt=\"\" width=\"300\" height=\"424\" srcset=\"https:\/\/cryomedpro.com\/wp-content\/uploads\/2020\/02\/TSU_Conformity_certificate_Cryosauna_PRO_a_ONE_Cryomed_Manufacture-02-212x300.jpg 212w, https:\/\/cryomedpro.com\/wp-content\/uploads\/2020\/02\/TSU_Conformity_certificate_Cryosauna_PRO_a_ONE_Cryomed_Manufacture-02-724x1024.jpg 724w, https:\/\/cryomedpro.com\/wp-content\/uploads\/2020\/02\/TSU_Conformity_certificate_Cryosauna_PRO_a_ONE_Cryomed_Manufacture-02-768x1086.jpg 768w, https:\/\/cryomedpro.com\/wp-content\/uploads\/2020\/02\/TSU_Conformity_certificate_Cryosauna_PRO_a_ONE_Cryomed_Manufacture-02-1086x1536.jpg 1086w, https:\/\/cryomedpro.com\/wp-content\/uploads\/2020\/02\/TSU_Conformity_certificate_Cryosauna_PRO_a_ONE_Cryomed_Manufacture-02-1448x2048.jpg 1448w, https:\/\/cryomedpro.com\/wp-content\/uploads\/2020\/02\/TSU_Conformity_certificate_Cryosauna_PRO_a_ONE_Cryomed_Manufacture-02-1080x1527.jpg 1080w, https:\/\/cryomedpro.com\/wp-content\/uploads\/2020\/02\/TSU_Conformity_certificate_Cryosauna_PRO_a_ONE_Cryomed_Manufacture-02-scaled.jpg 1810w\" sizes=\"(max-width: 300px) 100vw, 300px\" \/><\/a><\/p>\n<p>P\u0159ijet\u00ed osv\u011bd\u010den\u00ed o shod\u011b nen\u00ed povinn\u00e9, ale v\u00fdrobek je konkurenceschopn\u011bj\u0161\u00ed, poukazuje na kvalitu a&nbsp;poskytuje d\u016fv\u011bru v kvalitu pro ty, kte\u0159\u00ed ho pou\u017e\u00edvaj\u00ed. Prodej takov\u00e9ho produktu je pro distributory pot\u011b\u0161en\u00edm. Kone\u010dn\u00fd spot\u0159ebitel je t\u00e9\u017e spokojen.<\/p>\n<p>Certifik\u00e1t se ud\u011bluje na 3 roky. To znamen\u00e1, \u017ee odborn\u00edci prozkoumali v\u00fdrobu a akceptovali, \u017ee je vynikaj\u00edc\u00ed a pevn\u00e1.<\/p>\n<p>Certifik\u00e1t o shod\u011b, p\u0159ijat\u00fd spole\u010dnost\u00ed Cryomed, s. r. o., pro nejnov\u011bj\u0161\u00ed model kryosauny Cryomed PRO, znamen\u00e1 uzn\u00e1n\u00ed na\u0161ich \u00fasp\u011bch\u016f a&nbsp;potvrzen\u00ed na\u0161ich zku\u0161enost\u00ed.<\/p>\n<p><a href=\"https:\/\/cryomedpro.com\/cs\/cryomed-pro\/\">Cryomed PRO<\/a><b> vyhovuje:<\/b><\/p>\n<p>sm\u011brnici EU o strojn\u00edch za\u0159\u00edzen\u00edch<\/p>\n<p>sm\u011brnici o n\u00edzk\u00e9m nap\u011bt\u00ed<\/p>\n<p>sm\u011brnici o elektromagnetick\u00e9 kompatibilit\u011b (EMC)<\/p>\n<p>&nbsp;<\/p>\n<p>[\/et_pb_text][\/et_pb_column][\/et_pb_row][et_pb_row admin_label=&#8220;Row&#8220; make_fullwidth=&#8220;off&#8220; use_custom_width=&#8220;off&#8220; width_unit=&#8220;off&#8220; custom_width_px=&#8220;1080px&#8220; custom_width_percent=&#8220;80%&#8220; use_custom_gutter=&#8220;off&#8220; gutter_width=&#8220;3&#8243; padding_mobile=&#8220;off&#8220; allow_player_pause=&#8220;off&#8220; parallax=&#8220;off&#8220; parallax_method=&#8220;on&#8220; make_equal=&#8220;off&#8220; column_padding_mobile=&#8220;on&#8220; parallax_1=&#8220;off&#8220; parallax_method_1=&#8220;on&#8220; parallax_2=&#8220;off&#8220; parallax_method_2=&#8220;on&#8220; parallax_3=&#8220;off&#8220; parallax_method_3=&#8220;on&#8220; parallax_4=&#8220;off&#8220; parallax_method_4=&#8220;on&#8220; disabled=&#8220;off&#8220;][et_pb_column type=&#8220;4_4&#8243;][et_pb_text admin_label=&#8220;Text&#8220; background_layout=&#8220;light&#8220; text_orientation=&#8220;left&#8220; use_border_color=&#8220;off&#8220; border_style=&#8220;solid&#8220; disabled=&#8220;off&#8220; border_color=&#8220;#ffffff&#8220;]<\/p>\n<p><a href=\"\/wp-content\/uploads\/content\/cryom_ce_sx.jpg\"><img decoding=\"async\" loading=\"lazy\" class=\"alignleft\" src=\"\/wp-content\/uploads\/content\/cryom_ce_sx.jpg\" alt=\"ISO 13485:2016\" width=\"300\" height=\"425\" \/><\/a><\/p>\n<h2>ISO 13485:2016<\/h2>\n<p><strong>ISO 13485: 2016<\/strong> specifikuje po\u017eadavky na syst\u00e9m \u0159\u00edzen\u00ed kvality, ve kter\u00e9m organizace mus\u00ed prok\u00e1zat svou schopnost poskytovat zdravotnick\u00e9 prost\u0159edky a souvisej\u00edc\u00ed slu\u017eby, kter\u00e9 d\u016fsledn\u011b spl\u0148uj\u00ed po\u017eadavky z\u00e1kazn\u00edk\u016f a p\u0159\u00edslu\u0161n\u00e9 regula\u010dn\u00ed po\u017eadavky. Cryomed se stal jedin\u00fdm v\u00fdrobcem kryogenick\u00fdch za\u0159\u00edzen\u00ed na sv\u011bt\u011b, kter\u00fd spl\u0148uje v\u0161echny tyto po\u017eadavky! Vyd\u00e1vaj\u00edc\u00ed org\u00e1n &#8211; T\u00dcV Rheinland.<\/p>\n<p>[\/et_pb_text][\/et_pb_column][\/et_pb_row][et_pb_row admin_label=&#8220;Row&#8220; make_fullwidth=&#8220;off&#8220; use_custom_width=&#8220;off&#8220; width_unit=&#8220;off&#8220; custom_width_px=&#8220;1080px&#8220; custom_width_percent=&#8220;80%&#8220; use_custom_gutter=&#8220;off&#8220; gutter_width=&#8220;3&#8243; padding_mobile=&#8220;off&#8220; allow_player_pause=&#8220;off&#8220; parallax=&#8220;off&#8220; parallax_method=&#8220;on&#8220; make_equal=&#8220;off&#8220; column_padding_mobile=&#8220;on&#8220; parallax_1=&#8220;off&#8220; parallax_method_1=&#8220;on&#8220; parallax_2=&#8220;off&#8220; parallax_method_2=&#8220;on&#8220; parallax_3=&#8220;off&#8220; parallax_method_3=&#8220;on&#8220; parallax_4=&#8220;off&#8220; parallax_method_4=&#8220;on&#8220; disabled=&#8220;off&#8220;][et_pb_column type=&#8220;4_4&#8243;][et_pb_text admin_label=&#8220;Text&#8220; background_layout=&#8220;light&#8220; text_orientation=&#8220;left&#8220; use_border_color=&#8220;off&#8220; border_style=&#8220;solid&#8220; disabled=&#8220;off&#8220; border_color=&#8220;#ffffff&#8220;]<\/p>\n<p><a href=\"\/wp-content\/uploads\/content\/cryom_ce_hd.jpg\"><img decoding=\"async\" loading=\"lazy\" class=\"alignleft\" src=\"\/wp-content\/uploads\/content\/cryom_ce_hd.jpg\" alt=\"P\u0159\u00edloha II: Syst\u00e9m \u00fapln\u00e9ho zaji\u0161t\u011bn\u00ed kvality\" width=\"300\" height=\"425\" \/><\/a><\/p>\n<h2>P\u0159\u00edloha II: Syst\u00e9m \u00fapln\u00e9ho zaji\u0161t\u011bn\u00ed kvality<\/h2>\n<p>P\u0159\u00edloha II: Syst\u00e9m \u00fapln\u00e9ho zaji\u0161t\u011bn\u00ed kvality &#8211; Toto posouzen\u00ed shody zahrnuje p\u0159ezkoum\u00e1n\u00ed cel\u00e9ho syst\u00e9mu \u0159\u00edzen\u00ed kvality v\u00fdrobce, kter\u00fd zahrnuje n\u00e1vrh, v\u00fdrobu a z\u00e1v\u011bre\u010dnou kontrolu. Cryomed obdr\u017eel certifik\u00e1t shody s ustanoven\u00edmi tohoto posouzen\u00ed shody. Vyd\u00e1vaj\u00edc\u00ed org\u00e1n je jedn\u00edm z nejuzn\u00e1van\u011bj\u0161\u00edch v t\u00e9to oblasti &#8211; T\u00dcV Rheinland.<\/p>\n<p>[\/et_pb_text][\/et_pb_column][\/et_pb_row][et_pb_row admin_label=&#8220;Row&#8220; make_fullwidth=&#8220;off&#8220; use_custom_width=&#8220;off&#8220; width_unit=&#8220;off&#8220; custom_width_px=&#8220;1080px&#8220; custom_width_percent=&#8220;80%&#8220; use_custom_gutter=&#8220;off&#8220; gutter_width=&#8220;3&#8243; padding_mobile=&#8220;off&#8220; allow_player_pause=&#8220;off&#8220; parallax=&#8220;off&#8220; parallax_method=&#8220;on&#8220; make_equal=&#8220;off&#8220; column_padding_mobile=&#8220;on&#8220; parallax_1=&#8220;off&#8220; parallax_method_1=&#8220;on&#8220; parallax_2=&#8220;off&#8220; parallax_method_2=&#8220;on&#8220; parallax_3=&#8220;off&#8220; parallax_method_3=&#8220;on&#8220; parallax_4=&#8220;off&#8220; parallax_method_4=&#8220;on&#8220; disabled=&#8220;off&#8220;][et_pb_column type=&#8220;4_4&#8243;][et_pb_button admin_label=&#8220;Button&#8220; url_new_window=&#8220;off&#8220; button_text=&#8220;KOUPIT&#8220; button_alignment=&#8220;center&#8220; background_layout=&#8220;dark&#8220; module_class=&#8220;popmake-contact-form-cs&#8220; custom_button=&#8220;on&#8220; button_text_size=&#8220;15&#8243; button_text_color=&#8220;#ffffff&#8220; button_bg_color=&#8220;#8fd400&#8243; button_border_width=&#8220;0&#8243; button_letter_spacing=&#8220;0&#8243; button_use_icon=&#8220;off&#8220; button_icon_placement=&#8220;right&#8220; button_on_hover=&#8220;on&#8220; button_bg_color_hover=&#8220;#b0d369&#8243; button_letter_spacing_hover=&#8220;0&#8243; disabled=&#8220;off&#8220; saved_tabs=&#8220;all&#8220;]<\/p>\n<p>&nbsp;<\/p>\n<p>[\/et_pb_button][\/et_pb_column][\/et_pb_row][\/et_pb_section]<\/p>\n","protected":false},"excerpt":{"rendered":"<p>[et_pb_section admin_label=&#8220;section&#8220; background_image=&#8220;https:\/\/cryomedpro.com\/wp-content\/uploads\/2016\/12\/784743-blue-crystals-frost-macro.jpg&#8220; transparent_background=&#8220;off&#8220; allow_player_pause=&#8220;off&#8220; inner_shadow=&#8220;off&#8220; parallax=&#8220;off&#8220; parallax_method=&#8220;off&#8220; custom_padding=&#8220;3px|0px|4px|0px&#8220; padding_mobile=&#8220;off&#8220; make_fullwidth=&#8220;off&#8220; use_custom_width=&#8220;off&#8220; width_unit=&#8220;on&#8220; custom_width_px=&#8220;1080px&#8220; custom_width_percent=&#8220;80%&#8220; make_equal=&#8220;off&#8220; use_custom_gutter=&#8220;off&#8220; fullwidth=&#8220;off&#8220; specialty=&#8220;off&#8220; module_class=&#8220;ns-banner&#8220; disabled=&#8220;off&#8220;][et_pb_row admin_label=&#8220;row&#8220; make_fullwidth=&#8220;off&#8220; use_custom_width=&#8220;off&#8220; width_unit=&#8220;off&#8220; custom_width_px=&#8220;1080px&#8220; custom_width_percent=&#8220;80%&#8220; use_custom_gutter=&#8220;off&#8220; gutter_width=&#8220;3&#8243; custom_padding=&#8220;21px|0px|21.45px|0px&#8220; padding_mobile=&#8220;off&#8220; allow_player_pause=&#8220;off&#8220; parallax=&#8220;off&#8220; parallax_method=&#8220;on&#8220; make_equal=&#8220;off&#8220; column_padding_mobile=&#8220;on&#8220; parallax_1=&#8220;off&#8220; parallax_method_1=&#8220;on&#8220; parallax_2=&#8220;off&#8220; parallax_method_2=&#8220;on&#8220; parallax_3=&#8220;off&#8220; parallax_method_3=&#8220;on&#8220; parallax_4=&#8220;off&#8220; parallax_method_4=&#8220;on&#8220; disabled=&#8220;off&#8220;][et_pb_column type=&#8220;4_4&#8243;][et_pb_text admin_label=&#8220;Text&#8220; background_layout=&#8220;dark&#8220; text_orientation=&#8220;center&#8220; use_border_color=&#8220;off&#8220; border_style=&#8220;solid&#8220; disabled=&#8220;off&#8220; border_color=&#8220;#ffffff&#8220;] Kvalita a [&hellip;]<\/p>\n","protected":false},"author":2,"featured_media":0,"parent":0,"menu_order":0,"comment_status":"closed","ping_status":"closed","template":"","meta":[],"tags":[],"yoast_head":"<!-- This site is optimized with the Yoast SEO plugin v20.0 - https:\/\/yoast.com\/wordpress\/plugins\/seo\/ -->\n<title>Kvalita a certifik\u00e1ty<\/title>\n<meta name=\"description\" content=\"ES certifik\u00e1t o shod\u011b je d\u016fle\u017eit\u00fd dokument pro v\u00fdrobu, kter\u00fd se nach\u00e1z\u00ed na trhu Evropsk\u00e9ho hospod\u00e1\u0159sk\u00e9ho prostoru.\" \/>\n<meta name=\"robots\" content=\"index, follow, max-snippet:-1, max-image-preview:large, max-video-preview:-1\" \/>\n<link rel=\"canonical\" href=\"https:\/\/cryomedpro.com\/cs\/kvalita-a-certifikaty\/\" \/>\n<meta property=\"og:locale\" content=\"cs_CZ\" \/>\n<meta property=\"og:type\" content=\"article\" \/>\n<meta property=\"og:title\" content=\"Kvalita a certifik\u00e1ty\" \/>\n<meta property=\"og:description\" content=\"ES certifik\u00e1t o shod\u011b je d\u016fle\u017eit\u00fd dokument pro v\u00fdrobu, kter\u00fd se nach\u00e1z\u00ed na trhu Evropsk\u00e9ho hospod\u00e1\u0159sk\u00e9ho prostoru.\" \/>\n<meta property=\"og:url\" content=\"https:\/\/cryomedpro.com\/cs\/kvalita-a-certifikaty\/\" \/>\n<meta property=\"og:site_name\" content=\"Cryomed PRO\" \/>\n<meta property=\"article:modified_time\" content=\"2020-02-18T23:36:19+00:00\" \/>\n<meta property=\"og:image\" content=\"https:\/\/cryomedpro.com\/wp-content\/uploads\/2016\/10\/heading-underline.png\" \/>\n<meta name=\"twitter:card\" content=\"summary_large_image\" \/>\n<meta name=\"twitter:label1\" content=\"Odhadovan\u00e1 doba \u010dten\u00ed\" \/>\n\t<meta name=\"twitter:data1\" content=\"7 minut\" \/>\n<!-- \/ Yoast SEO plugin. -->","yoast_head_json":{"title":"Kvalita a certifik\u00e1ty","description":"ES certifik\u00e1t o shod\u011b je d\u016fle\u017eit\u00fd dokument pro v\u00fdrobu, kter\u00fd se nach\u00e1z\u00ed na trhu Evropsk\u00e9ho hospod\u00e1\u0159sk\u00e9ho prostoru.","robots":{"index":"index","follow":"follow","max-snippet":"max-snippet:-1","max-image-preview":"max-image-preview:large","max-video-preview":"max-video-preview:-1"},"canonical":"https:\/\/cryomedpro.com\/cs\/kvalita-a-certifikaty\/","og_locale":"cs_CZ","og_type":"article","og_title":"Kvalita a certifik\u00e1ty","og_description":"ES certifik\u00e1t o shod\u011b je d\u016fle\u017eit\u00fd dokument pro v\u00fdrobu, kter\u00fd se nach\u00e1z\u00ed na trhu Evropsk\u00e9ho hospod\u00e1\u0159sk\u00e9ho prostoru.","og_url":"https:\/\/cryomedpro.com\/cs\/kvalita-a-certifikaty\/","og_site_name":"Cryomed PRO","article_modified_time":"2020-02-18T23:36:19+00:00","og_image":[{"url":"https:\/\/cryomedpro.com\/wp-content\/uploads\/2016\/10\/heading-underline.png"}],"twitter_card":"summary_large_image","twitter_misc":{"Odhadovan\u00e1 doba \u010dten\u00ed":"7 minut"},"schema":{"@context":"https:\/\/schema.org","@graph":[{"@type":"WebPage","@id":"https:\/\/cryomedpro.com\/cs\/kvalita-a-certifikaty\/","url":"https:\/\/cryomedpro.com\/cs\/kvalita-a-certifikaty\/","name":"Kvalita a certifik\u00e1ty","isPartOf":{"@id":"https:\/\/cryomedpro.com\/#website"},"datePublished":"2017-02-06T15:05:11+00:00","dateModified":"2020-02-18T23:36:19+00:00","description":"ES certifik\u00e1t o shod\u011b je d\u016fle\u017eit\u00fd dokument pro v\u00fdrobu, kter\u00fd se nach\u00e1z\u00ed na trhu Evropsk\u00e9ho hospod\u00e1\u0159sk\u00e9ho prostoru.","breadcrumb":{"@id":"https:\/\/cryomedpro.com\/cs\/kvalita-a-certifikaty\/#breadcrumb"},"inLanguage":"cs","potentialAction":[{"@type":"ReadAction","target":["https:\/\/cryomedpro.com\/cs\/kvalita-a-certifikaty\/"]}]},{"@type":"BreadcrumbList","@id":"https:\/\/cryomedpro.com\/cs\/kvalita-a-certifikaty\/#breadcrumb","itemListElement":[{"@type":"ListItem","position":1,"name":"Home","item":"https:\/\/cryomedpro.com\/cs\/"},{"@type":"ListItem","position":2,"name":"Kvalita a certifik\u00e1ty"}]},{"@type":"WebSite","@id":"https:\/\/cryomedpro.com\/#website","url":"https:\/\/cryomedpro.com\/","name":"Cryomed PRO","description":"Cryosaunas Worldwide","publisher":{"@id":"https:\/\/cryomedpro.com\/#\/schema\/person\/752b92c38fb6f6c5052ef7763f4d79eb"},"potentialAction":[{"@type":"SearchAction","target":{"@type":"EntryPoint","urlTemplate":"https:\/\/cryomedpro.com\/?s={search_term_string}"},"query-input":"required name=search_term_string"}],"inLanguage":"cs"},{"@type":["Person","Organization"],"@id":"https:\/\/cryomedpro.com\/#\/schema\/person\/752b92c38fb6f6c5052ef7763f4d79eb","name":"healthycold","image":{"@type":"ImageObject","inLanguage":"cs","@id":"https:\/\/cryomedpro.com\/#\/schema\/person\/image\/","url":"https:\/\/secure.gravatar.com\/avatar\/bbe2f3ec78281a56dba108d1bf0f9ffa?s=96&d=mm&r=g","contentUrl":"https:\/\/secure.gravatar.com\/avatar\/bbe2f3ec78281a56dba108d1bf0f9ffa?s=96&d=mm&r=g","caption":"healthycold"},"logo":{"@id":"https:\/\/cryomedpro.com\/#\/schema\/person\/image\/"}}]}},"_links":{"self":[{"href":"https:\/\/cryomedpro.com\/cs\/wp-json\/wp\/v2\/pages\/3465"}],"collection":[{"href":"https:\/\/cryomedpro.com\/cs\/wp-json\/wp\/v2\/pages"}],"about":[{"href":"https:\/\/cryomedpro.com\/cs\/wp-json\/wp\/v2\/types\/page"}],"author":[{"embeddable":true,"href":"https:\/\/cryomedpro.com\/cs\/wp-json\/wp\/v2\/users\/2"}],"replies":[{"embeddable":true,"href":"https:\/\/cryomedpro.com\/cs\/wp-json\/wp\/v2\/comments?post=3465"}],"version-history":[{"count":0,"href":"https:\/\/cryomedpro.com\/cs\/wp-json\/wp\/v2\/pages\/3465\/revisions"}],"wp:attachment":[{"href":"https:\/\/cryomedpro.com\/cs\/wp-json\/wp\/v2\/media?parent=3465"}],"wp:term":[{"taxonomy":"post_tag","embeddable":true,"href":"https:\/\/cryomedpro.com\/cs\/wp-json\/wp\/v2\/tags?post=3465"}],"curies":[{"name":"wp","href":"https:\/\/api.w.org\/{rel}","templated":true}]}}