{"id":3471,"date":"2017-04-04T14:45:20","date_gmt":"2017-04-04T12:45:20","guid":{"rendered":"https:\/\/cryomedpro.com\/?page_id=3471&#038;lang=cs"},"modified":"2019-11-28T12:12:05","modified_gmt":"2019-11-28T11:12:05","slug":"kryofen","status":"publish","type":"page","link":"https:\/\/cryomedpro.com\/cs\/kryofen\/","title":{"rendered":"Kryof\u00e9n (cryo stroj)"},"content":{"rendered":"<p>[et_pb_section admin_label=&#8220;section&#8220; background_image=&#8220;https:\/\/cryomedpro.com\/wp-content\/uploads\/2016\/12\/784743-blue-crystals-frost-macro.jpg&#8220; transparent_background=&#8220;off&#8220; allow_player_pause=&#8220;off&#8220; inner_shadow=&#8220;off&#8220; parallax=&#8220;off&#8220; parallax_method=&#8220;off&#8220; padding_mobile=&#8220;off&#8220; make_fullwidth=&#8220;off&#8220; use_custom_width=&#8220;off&#8220; width_unit=&#8220;on&#8220; make_equal=&#8220;off&#8220; use_custom_gutter=&#8220;off&#8220; module_class=&#8220;ns-banner&#8220; custom_padding=&#8220;3px|0px|4px|0px&#8220;][et_pb_row admin_label=&#8220;row&#8220;][et_pb_column type=&#8220;4_4&#8243;][et_pb_text admin_label=&#8220;Text&#8220; background_layout=&#8220;dark&#8220; text_orientation=&#8220;left&#8220; use_border_color=&#8220;off&#8220; border_color=&#8220;#ffffff&#8220; border_style=&#8220;solid&#8220;]<\/p>\n<h1 style=\"text-align: center;\"><strong>Kryof\u00e9n (cryo stroj)<\/strong><\/h1>\n<p><img decoding=\"async\" loading=\"lazy\" class=\"size-full wp-image-150 aligncenter\" src=\"https:\/\/cryomedpro.com\/wp-content\/uploads\/2016\/10\/heading-underline.png\" alt=\"heading-underline\" width=\"309\" height=\"12\" srcset=\"https:\/\/cryomedpro.com\/wp-content\/uploads\/2016\/10\/heading-underline.png 309w, https:\/\/cryomedpro.com\/wp-content\/uploads\/2016\/10\/heading-underline-300x12.png 300w\" sizes=\"(max-width: 309px) 100vw, 309px\" \/><\/p>\n<p>[\/et_pb_text][\/et_pb_column][\/et_pb_row][\/et_pb_section][et_pb_section admin_label=&#8220;Section&#8220; fullwidth=&#8220;off&#8220; specialty=&#8220;off&#8220; transparent_background=&#8220;off&#8220; allow_player_pause=&#8220;off&#8220; inner_shadow=&#8220;off&#8220; parallax=&#8220;off&#8220; parallax_method=&#8220;off&#8220; custom_padding=&#8220;15px|0px|0px|0px&#8220; padding_mobile=&#8220;off&#8220; make_fullwidth=&#8220;off&#8220; use_custom_width=&#8220;off&#8220; width_unit=&#8220;on&#8220; make_equal=&#8220;off&#8220; use_custom_gutter=&#8220;off&#8220;][et_pb_row admin_label=&#8220;Row&#8220; make_fullwidth=&#8220;off&#8220; use_custom_width=&#8220;off&#8220; width_unit=&#8220;on&#8220; use_custom_gutter=&#8220;off&#8220; padding_mobile=&#8220;off&#8220; allow_player_pause=&#8220;off&#8220; parallax=&#8220;off&#8220; parallax_method=&#8220;off&#8220; make_equal=&#8220;off&#8220; parallax_1=&#8220;off&#8220; parallax_method_1=&#8220;off&#8220; column_padding_mobile=&#8220;on&#8220; custom_padding=&#8220;0px|0px|0px|0px&#8220;][et_pb_column type=&#8220;4_4&#8243;][et_pb_code admin_label=&#8220;Code&#8220;]\tCryo\n<span><span><a href=\"https:\/\/cryomedpro.com\/cs\/\">Home<\/a><\/span><\/span>[\/et_pb_code][\/et_pb_column][\/et_pb_row][\/et_pb_section][et_pb_section admin_label=&#8220;Section&#8220; fullwidth=&#8220;off&#8220; specialty=&#8220;off&#8220; transparent_background=&#8220;off&#8220; allow_player_pause=&#8220;off&#8220; inner_shadow=&#8220;off&#8220; parallax=&#8220;off&#8220; parallax_method=&#8220;off&#8220; padding_mobile=&#8220;off&#8220; make_fullwidth=&#8220;off&#8220; use_custom_width=&#8220;off&#8220; width_unit=&#8220;on&#8220; make_equal=&#8220;off&#8220; use_custom_gutter=&#8220;off&#8220; module_class=&#8220;cryofan-block-head&#8220;][et_pb_row admin_label=&#8220;Row&#8220;][et_pb_column type=&#8220;1_3&#8243;][et_pb_image admin_label=&#8220;Image&#8220; src=&#8220;https:\/\/cryomedpro.com\/wp-content\/uploads\/2017\/04\/lokal-cryo2.png&#8220; alt=&#8220;Cryofan&#8220; title_text=&#8220;Cryofan&#8220; show_in_lightbox=&#8220;off&#8220; url_new_window=&#8220;off&#8220; use_overlay=&#8220;off&#8220; animation=&#8220;left&#8220; sticky=&#8220;off&#8220; align=&#8220;left&#8220; force_fullwidth=&#8220;off&#8220; always_center_on_mobile=&#8220;on&#8220; use_border_color=&#8220;off&#8220; border_color=&#8220;#ffffff&#8220; border_style=&#8220;solid&#8220;]<\/p>\n<p>[\/et_pb_image][\/et_pb_column][et_pb_column type=&#8220;2_3&#8243;][et_pb_text admin_label=&#8220;Text&#8220; background_layout=&#8220;light&#8220; text_orientation=&#8220;left&#8220; use_border_color=&#8220;off&#8220; border_color=&#8220;#ffffff&#8220; border_style=&#8220;solid&#8220;]<\/p>\n<p>V\u00a0n\u011bkter\u00fdch p\u0159\u00edpadech v\u00a0kosmetice, dermatologii, traumatologii a\u00a0sportovn\u00ed medic\u00edn\u011b je pot\u0159ebn\u00e9 ochladit specifickou oblast poko\u017eky bez ovlivn\u011bn\u00ed okoln\u00edch oblast\u00ed. Nejvhodn\u011bj\u0161\u00edm za\u0159\u00edzen\u00edm na tyto \u00fa\u010dely je Kryof\u00e9n (kryoterapie, cryo stroj). Kryof\u00e9n je za\u0159\u00edzen\u00ed na lok\u00e1ln\u00ed kryoterpaii s\u00a0pou\u017eit\u00edm ochlazen\u00e9ho proudu plynu poz\u016fst\u00e1vaj\u00edc\u00edho zejm\u00e9na z\u00a0p\u00e1ry kapaln\u00e9ho dus\u00edku.<\/p>\n<p>Toto za\u0159\u00edzen\u00ed je pom\u011brn\u011b kompaktn\u00ed a m\u016f\u017ee se pou\u017e\u00edvat pohodln\u011b v\u00a0ka\u017ed\u00e9 zdravotnick\u00e9 klinice nebo kosmetice. Kryof\u00e9n se m\u016f\u017ee pou\u017e\u00edt bez pomoci zdravotn\u011b zp\u016fsobil\u00e9ho \u010dlov\u011bka, proto\u017ee je v\u00a0podstat\u011b kosmetick\u00fdm za\u0159\u00edzen\u00edm pro p\u00e9\u010di o t\u011blo. Za\u0159\u00edzen\u00ed bude vynikaj\u00edc\u00edm dopl\u0148kem ka\u017ed\u00e9 existuj\u00edc\u00ed kryosauny, proto\u017ee pou\u017e\u00edv\u00e1 podobn\u00fd typ Dewarov\u00fdch n\u00e1dob.<\/p>\n<p>Hlavn\u00edmi v\u00fdhodami Novotech Kryof\u00e9nu jsou jeho p\u0159enosnost, \u00fa\u010dinnost, bezhlu\u010dn\u00fd provoz a jednoduch\u00e9 pou\u017e\u00edv\u00e1n\u00ed. Doba pot\u0159ebn\u00e1 na jeho p\u0159\u00edpravu a dosa\u017een\u00ed pracovn\u00ed teploty je krat\u0161\u00ed ne\u017e 10 minut a spot\u0159eba kapaln\u00e9ho dus\u00edku na postup nep\u0159esahuje 0,9 litru, co\u017e je nejni\u017e\u0161\u00ed hodnota mezi t\u011bmito jednotkami. Stejn\u011b d\u016fle\u017eit\u00e9 je, \u017ee p\u0159i pou\u017e\u00edv\u00e1n\u00ed na\u0161eho Kryof\u00e9nu se va\u0161e poko\u017eka nikdy nedostane do styku s kapaln\u00fdm dus\u00edkem.<\/p>\n<p>[\/et_pb_text][et_pb_button admin_label=&#8220;Button&#8220; url_new_window=&#8220;off&#8220; button_text=&#8220;KOUPIT&#8220; button_alignment=&#8220;center&#8220; background_layout=&#8220;dark&#8220; custom_button=&#8220;on&#8220; button_text_size=&#8220;15&#8243; button_bg_color=&#8220;#8fd400&#8243; button_border_width=&#8220;0&#8243; button_letter_spacing=&#8220;0&#8243; button_use_icon=&#8220;off&#8220; button_icon_placement=&#8220;right&#8220; button_on_hover=&#8220;on&#8220; button_bg_color_hover=&#8220;#b0d369&#8243; button_letter_spacing_hover=&#8220;0&#8243; module_class=&#8220;popmake-contact-form-cs&#8220;]<\/p>\n<p>[\/et_pb_button][\/et_pb_column][\/et_pb_row][\/et_pb_section][et_pb_section admin_label=&#8220;Section&#8220; fullwidth=&#8220;off&#8220; specialty=&#8220;off&#8220; transparent_background=&#8220;off&#8220; allow_player_pause=&#8220;off&#8220; inner_shadow=&#8220;off&#8220; parallax=&#8220;off&#8220; parallax_method=&#8220;off&#8220; padding_mobile=&#8220;off&#8220; make_fullwidth=&#8220;off&#8220; use_custom_width=&#8220;off&#8220; width_unit=&#8220;on&#8220; make_equal=&#8220;off&#8220; use_custom_gutter=&#8220;off&#8220; module_class=&#8220;ns-single-description cryofan-block&#8220;][et_pb_row admin_label=&#8220;Row&#8220;][et_pb_column type=&#8220;4_4&#8243;][et_pb_text admin_label=&#8220;Text&#8220; background_layout=&#8220;light&#8220; text_orientation=&#8220;left&#8220; use_border_color=&#8220;off&#8220; border_color=&#8220;#ffffff&#8220; border_style=&#8220;solid&#8220;]<\/p>\n<table class=\"prod_full_attributes\" style=\"background-color: #e6ffff; border-color: #00c4d9;\" border=\"1\">\n<caption>\u00a0<\/caption>\n<tbody>\n<tr class=\"\" style=\"height: 45.2px;\">\n<th style=\"height: 45.2px;\">Vlastnosti<\/th>\n<th style=\"height: 45.2px;\">Hodnota<\/th>\n<\/tr>\n<tr class=\"alt\" style=\"height: 39px;\">\n<td style=\"height: 39px;\">Zdroj<\/td>\n<td style=\"height: 39px;\">100-240 VAC, 50\/60 Hz<\/td>\n<\/tr>\n<tr class=\"\" style=\"height: 39px;\">\n<td style=\"height: 39px;\">Maxim\u00e1ln\u00ed spot\u0159eba energie, kW<\/td>\n<td style=\"height: 39px;\">0,28<\/td>\n<\/tr>\n<tr class=\"alt\" style=\"height: 39px;\">\n<td style=\"height: 39px;\">V\u00e1ha Kryof\u00e9nu (bez Dewarov\u00e9 n\u00e1doby) v kg<\/td>\n<td style=\"height: 39px;\">3,7<\/td>\n<\/tr>\n<tr class=\"\" style=\"height: 39px;\">\n<td style=\"height: 39px;\">D\u00e9lka hadice, m<\/td>\n<td style=\"height: 39px;\">1,4<\/td>\n<\/tr>\n<tr class=\"alt\" style=\"height: 39px;\">\n<td style=\"height: 39px;\">\u010cas p\u0159edchlazen\u00ed (-100\u00ba \u0421)<\/td>\n<td style=\"height: 39px;\">M\u00e9n\u011b ne\u017e 4 min<\/td>\n<\/tr>\n<tr class=\"\" style=\"height: 39px;\">\n<td style=\"height: 39px;\">Teplota plynu<\/td>\n<td style=\"height: 39px;\">-120\u00ba \u0421<\/td>\n<\/tr>\n<tr class=\"alt\" style=\"height: 39px;\">\n<td style=\"height: 39px;\">Spot\u0159eba dus\u00edku na hlavn\u00ed chlazen\u00ed (10 min., 100 \u00ba\u0421)<\/td>\n<td style=\"height: 39px;\">0,6 l<\/td>\n<\/tr>\n<tr class=\"\" style=\"height: 39px;\">\n<td style=\"height: 39px;\">V\u00fd\u0161ka ochrany<\/td>\n<td style=\"height: 39px;\">IP50<\/td>\n<\/tr>\n<\/tbody>\n<\/table>\n<p>&nbsp;<\/p>\n<p>[\/et_pb_text][\/et_pb_column][\/et_pb_row][et_pb_row admin_label=&#8220;Row&#8220; make_fullwidth=&#8220;off&#8220; use_custom_width=&#8220;off&#8220; width_unit=&#8220;on&#8220; use_custom_gutter=&#8220;off&#8220; padding_mobile=&#8220;off&#8220; disabled=&#8220;on&#8220; disabled_on=&#8220;on|on|on&#8220; allow_player_pause=&#8220;off&#8220; parallax=&#8220;off&#8220; parallax_method=&#8220;off&#8220; make_equal=&#8220;off&#8220; parallax_1=&#8220;off&#8220; parallax_method_1=&#8220;off&#8220; parallax_2=&#8220;off&#8220; parallax_method_2=&#8220;off&#8220; parallax_3=&#8220;off&#8220; parallax_method_3=&#8220;off&#8220; column_padding_mobile=&#8220;on&#8220;][et_pb_column type=&#8220;1_3&#8243;][et_pb_image admin_label=&#8220;Image&#8220; src=&#8220;https:\/\/cryomedpro.com\/wp-content\/uploads\/\u0441ryofan\/cryofan-1.jpg&#8220; alt=&#8220;Cryofan&#8220; title_text=&#8220;Cryofan&#8220; show_in_lightbox=&#8220;off&#8220; url_new_window=&#8220;off&#8220; use_overlay=&#8220;off&#8220; animation=&#8220;left&#8220; sticky=&#8220;off&#8220; align=&#8220;left&#8220; force_fullwidth=&#8220;off&#8220; always_center_on_mobile=&#8220;on&#8220; use_border_color=&#8220;off&#8220; border_color=&#8220;#ffffff&#8220; border_style=&#8220;solid&#8220;]<\/p>\n<p>[\/et_pb_image][\/et_pb_column][et_pb_column type=&#8220;1_3&#8243;][et_pb_image admin_label=&#8220;Image&#8220; src=&#8220;https:\/\/cryomedpro.com\/wp-content\/uploads\/\u0441ryofan\/cryofan-2.jpg&#8220; alt=&#8220;Cryofan&#8220; title_text=&#8220;Cryofan&#8220; show_in_lightbox=&#8220;off&#8220; url_new_window=&#8220;off&#8220; use_overlay=&#8220;off&#8220; animation=&#8220;left&#8220; sticky=&#8220;off&#8220; align=&#8220;left&#8220; force_fullwidth=&#8220;off&#8220; always_center_on_mobile=&#8220;on&#8220; use_border_color=&#8220;off&#8220; border_color=&#8220;#ffffff&#8220; border_style=&#8220;solid&#8220;]<\/p>\n<p>[\/et_pb_image][\/et_pb_column][et_pb_column type=&#8220;1_3&#8243;][et_pb_image admin_label=&#8220;Image&#8220; src=&#8220;https:\/\/cryomedpro.com\/wp-content\/uploads\/\u0441ryofan\/cryofan-3.jpg&#8220; alt=&#8220;Cryofan&#8220; title_text=&#8220;Cryofan&#8220; show_in_lightbox=&#8220;off&#8220; url_new_window=&#8220;off&#8220; use_overlay=&#8220;off&#8220; animation=&#8220;left&#8220; sticky=&#8220;off&#8220; align=&#8220;left&#8220; force_fullwidth=&#8220;off&#8220; always_center_on_mobile=&#8220;on&#8220; use_border_color=&#8220;off&#8220; border_color=&#8220;#ffffff&#8220; border_style=&#8220;solid&#8220;]<\/p>\n<p>[\/et_pb_image][\/et_pb_column][\/et_pb_row][et_pb_row admin_label=&#8220;Row&#8220;][et_pb_column type=&#8220;1_2&#8243;][et_pb_image admin_label=&#8220;Image&#8220; src=&#8220;\/wp-content\/uploads\/cryofan\/cryofan-5.jpg&#8220; alt=&#8220;Cryofan&#8220; title_text=&#8220;Cryofan&#8220; show_in_lightbox=&#8220;on&#8220; url_new_window=&#8220;off&#8220; use_overlay=&#8220;off&#8220; animation=&#8220;left&#8220; sticky=&#8220;off&#8220; align=&#8220;left&#8220; force_fullwidth=&#8220;off&#8220; always_center_on_mobile=&#8220;on&#8220; use_border_color=&#8220;off&#8220; border_color=&#8220;#ffffff&#8220; border_style=&#8220;solid&#8220;]<\/p>\n<p>[\/et_pb_image][\/et_pb_column][et_pb_column type=&#8220;1_2&#8243;][et_pb_image admin_label=&#8220;Image&#8220; src=&#8220;\/wp-content\/uploads\/cryofan\/cryofan-6.jpg&#8220; alt=&#8220;Cryofan&#8220; title_text=&#8220;Cryofan&#8220; show_in_lightbox=&#8220;on&#8220; url_new_window=&#8220;off&#8220; use_overlay=&#8220;off&#8220; animation=&#8220;left&#8220; sticky=&#8220;off&#8220; align=&#8220;left&#8220; force_fullwidth=&#8220;off&#8220; always_center_on_mobile=&#8220;on&#8220; use_border_color=&#8220;off&#8220; border_color=&#8220;#ffffff&#8220; border_style=&#8220;solid&#8220;]<\/p>\n<p>[\/et_pb_image][\/et_pb_column][\/et_pb_row][et_pb_row admin_label=&#8220;Row&#8220;][et_pb_column type=&#8220;4_4&#8243;][et_pb_gallery admin_label=&#8220;Gallery&#8220; gallery_ids=&#8220;3486,3487,3477,3480&#8243; fullwidth=&#8220;off&#8220; show_title_and_caption=&#8220;off&#8220; show_pagination=&#8220;off&#8220; background_layout=&#8220;light&#8220; auto=&#8220;off&#8220; hover_overlay_color=&#8220;rgba(255,255,255,0.9)&#8220; caption_all_caps=&#8220;off&#8220; use_border_color=&#8220;off&#8220; border_color=&#8220;#ffffff&#8220; border_style=&#8220;solid&#8220;]<\/p>\n<p>[\/et_pb_gallery][\/et_pb_column][\/et_pb_row][et_pb_row admin_label=&#8220;Row&#8220;][et_pb_column type=&#8220;4_4&#8243;][et_pb_button admin_label=&#8220;Button&#8220; url_new_window=&#8220;off&#8220; button_text=&#8220;KOUPIT&#8220; button_alignment=&#8220;center&#8220; background_layout=&#8220;dark&#8220; custom_button=&#8220;on&#8220; button_text_size=&#8220;15&#8243; button_bg_color=&#8220;#8fd400&#8243; button_border_width=&#8220;0&#8243; button_letter_spacing=&#8220;0&#8243; button_use_icon=&#8220;off&#8220; button_icon_placement=&#8220;right&#8220; button_on_hover=&#8220;on&#8220; button_bg_color_hover=&#8220;#b0d369&#8243; button_letter_spacing_hover=&#8220;0&#8243; module_class=&#8220;popmake-contact-form-cs&#8220;]<\/p>\n<p>[\/et_pb_button][\/et_pb_column][\/et_pb_row][\/et_pb_section]<\/p>\n","protected":false},"excerpt":{"rendered":"<p>[et_pb_section admin_label=&#8220;section&#8220; background_image=&#8220;https:\/\/cryomedpro.com\/wp-content\/uploads\/2016\/12\/784743-blue-crystals-frost-macro.jpg&#8220; transparent_background=&#8220;off&#8220; allow_player_pause=&#8220;off&#8220; inner_shadow=&#8220;off&#8220; parallax=&#8220;off&#8220; parallax_method=&#8220;off&#8220; padding_mobile=&#8220;off&#8220; make_fullwidth=&#8220;off&#8220; use_custom_width=&#8220;off&#8220; width_unit=&#8220;on&#8220; make_equal=&#8220;off&#8220; use_custom_gutter=&#8220;off&#8220; module_class=&#8220;ns-banner&#8220; custom_padding=&#8220;3px|0px|4px|0px&#8220;][et_pb_row admin_label=&#8220;row&#8220;][et_pb_column type=&#8220;4_4&#8243;][et_pb_text admin_label=&#8220;Text&#8220; background_layout=&#8220;dark&#8220; text_orientation=&#8220;left&#8220; use_border_color=&#8220;off&#8220; border_color=&#8220;#ffffff&#8220; border_style=&#8220;solid&#8220;] Kryof\u00e9n (cryo stroj) [\/et_pb_text][\/et_pb_column][\/et_pb_row][\/et_pb_section][et_pb_section admin_label=&#8220;Section&#8220; fullwidth=&#8220;off&#8220; specialty=&#8220;off&#8220; transparent_background=&#8220;off&#8220; allow_player_pause=&#8220;off&#8220; inner_shadow=&#8220;off&#8220; parallax=&#8220;off&#8220; parallax_method=&#8220;off&#8220; custom_padding=&#8220;15px|0px|0px|0px&#8220; padding_mobile=&#8220;off&#8220; make_fullwidth=&#8220;off&#8220; use_custom_width=&#8220;off&#8220; width_unit=&#8220;on&#8220; make_equal=&#8220;off&#8220; use_custom_gutter=&#8220;off&#8220;][et_pb_row admin_label=&#8220;Row&#8220; make_fullwidth=&#8220;off&#8220; use_custom_width=&#8220;off&#8220; width_unit=&#8220;on&#8220; use_custom_gutter=&#8220;off&#8220; padding_mobile=&#8220;off&#8220; allow_player_pause=&#8220;off&#8220; parallax=&#8220;off&#8220; parallax_method=&#8220;off&#8220; make_equal=&#8220;off&#8220; parallax_1=&#8220;off&#8220; parallax_method_1=&#8220;off&#8220; [&hellip;]<\/p>\n","protected":false},"author":2,"featured_media":0,"parent":0,"menu_order":0,"comment_status":"closed","ping_status":"closed","template":"","meta":[],"tags":[],"yoast_head":"<!-- This site is optimized with the Yoast SEO plugin v20.0 - https:\/\/yoast.com\/wordpress\/plugins\/seo\/ -->\n<title>Kryof\u00e9n<\/title>\n<meta name=\"description\" content=\"V n\u011bkter\u00fdch p\u0159\u00edpadech v kosmetice, dermatologii, traumatologii a sportovn\u00ed medic\u00edn\u011b je pot\u0159ebn\u00e9 ochladit specifickou oblast poko\u017eky bez ovlivn\u011bn\u00ed okoln\u00edch oblast\u00ed. Nejvhodn\u011bj\u0161\u00edm za\u0159\u00edzen\u00edm na tyto \u00fa\u010dely je Kryof\u00e9n (kryoterapie, cryo stroj).\" \/>\n<meta name=\"robots\" content=\"index, follow, max-snippet:-1, max-image-preview:large, max-video-preview:-1\" \/>\n<link rel=\"canonical\" href=\"https:\/\/cryomedpro.com\/cs\/kryofen\/\" \/>\n<meta property=\"og:locale\" content=\"cs_CZ\" \/>\n<meta property=\"og:type\" content=\"article\" \/>\n<meta property=\"og:title\" content=\"Kryof\u00e9n\" \/>\n<meta property=\"og:description\" content=\"V n\u011bkter\u00fdch p\u0159\u00edpadech v kosmetice, dermatologii, traumatologii a sportovn\u00ed medic\u00edn\u011b je pot\u0159ebn\u00e9 ochladit specifickou oblast poko\u017eky bez ovlivn\u011bn\u00ed okoln\u00edch oblast\u00ed. Nejvhodn\u011bj\u0161\u00edm za\u0159\u00edzen\u00edm na tyto \u00fa\u010dely je Kryof\u00e9n (kryoterapie, cryo stroj).\" \/>\n<meta property=\"og:url\" content=\"https:\/\/cryomedpro.com\/cs\/kryofen\/\" \/>\n<meta property=\"og:site_name\" content=\"Cryomed PRO\" \/>\n<meta property=\"article:modified_time\" content=\"2019-11-28T11:12:05+00:00\" \/>\n<meta property=\"og:image\" content=\"https:\/\/cryomedpro.com\/wp-content\/uploads\/2016\/10\/heading-underline.png\" \/>\n<meta name=\"twitter:card\" content=\"summary_large_image\" \/>\n<meta name=\"twitter:label1\" content=\"Odhadovan\u00e1 doba \u010dten\u00ed\" \/>\n\t<meta name=\"twitter:data1\" content=\"7 minut\" \/>\n<!-- \/ Yoast SEO plugin. -->","yoast_head_json":{"title":"Kryof\u00e9n","description":"V n\u011bkter\u00fdch p\u0159\u00edpadech v kosmetice, dermatologii, traumatologii a sportovn\u00ed medic\u00edn\u011b je pot\u0159ebn\u00e9 ochladit specifickou oblast poko\u017eky bez ovlivn\u011bn\u00ed okoln\u00edch oblast\u00ed. Nejvhodn\u011bj\u0161\u00edm za\u0159\u00edzen\u00edm na tyto \u00fa\u010dely je Kryof\u00e9n (kryoterapie, cryo stroj).","robots":{"index":"index","follow":"follow","max-snippet":"max-snippet:-1","max-image-preview":"max-image-preview:large","max-video-preview":"max-video-preview:-1"},"canonical":"https:\/\/cryomedpro.com\/cs\/kryofen\/","og_locale":"cs_CZ","og_type":"article","og_title":"Kryof\u00e9n","og_description":"V n\u011bkter\u00fdch p\u0159\u00edpadech v kosmetice, dermatologii, traumatologii a sportovn\u00ed medic\u00edn\u011b je pot\u0159ebn\u00e9 ochladit specifickou oblast poko\u017eky bez ovlivn\u011bn\u00ed okoln\u00edch oblast\u00ed. Nejvhodn\u011bj\u0161\u00edm za\u0159\u00edzen\u00edm na tyto \u00fa\u010dely je Kryof\u00e9n (kryoterapie, cryo stroj).","og_url":"https:\/\/cryomedpro.com\/cs\/kryofen\/","og_site_name":"Cryomed PRO","article_modified_time":"2019-11-28T11:12:05+00:00","og_image":[{"url":"https:\/\/cryomedpro.com\/wp-content\/uploads\/2016\/10\/heading-underline.png"}],"twitter_card":"summary_large_image","twitter_misc":{"Odhadovan\u00e1 doba \u010dten\u00ed":"7 minut"},"schema":{"@context":"https:\/\/schema.org","@graph":[{"@type":"WebPage","@id":"https:\/\/cryomedpro.com\/cs\/kryofen\/","url":"https:\/\/cryomedpro.com\/cs\/kryofen\/","name":"Kryof\u00e9n","isPartOf":{"@id":"https:\/\/cryomedpro.com\/#website"},"datePublished":"2017-04-04T12:45:20+00:00","dateModified":"2019-11-28T11:12:05+00:00","description":"V n\u011bkter\u00fdch p\u0159\u00edpadech v kosmetice, dermatologii, traumatologii a sportovn\u00ed medic\u00edn\u011b je pot\u0159ebn\u00e9 ochladit specifickou oblast poko\u017eky bez ovlivn\u011bn\u00ed okoln\u00edch oblast\u00ed. Nejvhodn\u011bj\u0161\u00edm za\u0159\u00edzen\u00edm na tyto \u00fa\u010dely je Kryof\u00e9n (kryoterapie, cryo stroj).","breadcrumb":{"@id":"https:\/\/cryomedpro.com\/cs\/kryofen\/#breadcrumb"},"inLanguage":"cs","potentialAction":[{"@type":"ReadAction","target":["https:\/\/cryomedpro.com\/cs\/kryofen\/"]}]},{"@type":"BreadcrumbList","@id":"https:\/\/cryomedpro.com\/cs\/kryofen\/#breadcrumb","itemListElement":[{"@type":"ListItem","position":1,"name":"Home","item":"https:\/\/cryomedpro.com\/cs\/"},{"@type":"ListItem","position":2,"name":"Kryof\u00e9n (cryo stroj)"}]},{"@type":"WebSite","@id":"https:\/\/cryomedpro.com\/#website","url":"https:\/\/cryomedpro.com\/","name":"Cryomed PRO","description":"Cryosaunas Worldwide","publisher":{"@id":"https:\/\/cryomedpro.com\/#\/schema\/person\/752b92c38fb6f6c5052ef7763f4d79eb"},"potentialAction":[{"@type":"SearchAction","target":{"@type":"EntryPoint","urlTemplate":"https:\/\/cryomedpro.com\/?s={search_term_string}"},"query-input":"required name=search_term_string"}],"inLanguage":"cs"},{"@type":["Person","Organization"],"@id":"https:\/\/cryomedpro.com\/#\/schema\/person\/752b92c38fb6f6c5052ef7763f4d79eb","name":"healthycold","image":{"@type":"ImageObject","inLanguage":"cs","@id":"https:\/\/cryomedpro.com\/#\/schema\/person\/image\/","url":"https:\/\/secure.gravatar.com\/avatar\/bbe2f3ec78281a56dba108d1bf0f9ffa?s=96&d=mm&r=g","contentUrl":"https:\/\/secure.gravatar.com\/avatar\/bbe2f3ec78281a56dba108d1bf0f9ffa?s=96&d=mm&r=g","caption":"healthycold"},"logo":{"@id":"https:\/\/cryomedpro.com\/#\/schema\/person\/image\/"}}]}},"_links":{"self":[{"href":"https:\/\/cryomedpro.com\/cs\/wp-json\/wp\/v2\/pages\/3471"}],"collection":[{"href":"https:\/\/cryomedpro.com\/cs\/wp-json\/wp\/v2\/pages"}],"about":[{"href":"https:\/\/cryomedpro.com\/cs\/wp-json\/wp\/v2\/types\/page"}],"author":[{"embeddable":true,"href":"https:\/\/cryomedpro.com\/cs\/wp-json\/wp\/v2\/users\/2"}],"replies":[{"embeddable":true,"href":"https:\/\/cryomedpro.com\/cs\/wp-json\/wp\/v2\/comments?post=3471"}],"version-history":[{"count":0,"href":"https:\/\/cryomedpro.com\/cs\/wp-json\/wp\/v2\/pages\/3471\/revisions"}],"wp:attachment":[{"href":"https:\/\/cryomedpro.com\/cs\/wp-json\/wp\/v2\/media?parent=3471"}],"wp:term":[{"taxonomy":"post_tag","embeddable":true,"href":"https:\/\/cryomedpro.com\/cs\/wp-json\/wp\/v2\/tags?post=3471"}],"curies":[{"name":"wp","href":"https:\/\/api.w.org\/{rel}","templated":true}]}}