{"id":3805,"date":"2017-06-24T22:47:34","date_gmt":"2017-06-24T20:47:34","guid":{"rendered":"https:\/\/cryomedpro.com\/cs\/delivery\/"},"modified":"2020-01-27T19:35:44","modified_gmt":"2020-01-27T18:35:44","slug":"dodavka","status":"publish","type":"page","link":"https:\/\/cryomedpro.com\/cs\/dodavka\/","title":{"rendered":"Dod\u00e1vka"},"content":{"rendered":"<p>[et_pb_section admin_label=&#8220;section&#8220; background_image=&#8220;https:\/\/cryomedpro.com\/wp-content\/uploads\/2016\/12\/784743-blue-crystals-frost-macro.jpg&#8220; transparent_background=&#8220;off&#8220; allow_player_pause=&#8220;off&#8220; inner_shadow=&#8220;off&#8220; parallax=&#8220;off&#8220; parallax_method=&#8220;off&#8220; custom_padding=&#8220;3px|0px|4px|0px&#8220; padding_mobile=&#8220;off&#8220; make_fullwidth=&#8220;off&#8220; use_custom_width=&#8220;off&#8220; width_unit=&#8220;on&#8220; make_equal=&#8220;off&#8220; use_custom_gutter=&#8220;off&#8220; fullwidth=&#8220;off&#8220; specialty=&#8220;off&#8220; module_class=&#8220;ns-banner&#8220; disabled=&#8220;off&#8220;][et_pb_row admin_label=&#8220;row&#8220; make_fullwidth=&#8220;off&#8220; use_custom_width=&#8220;off&#8220; width_unit=&#8220;off&#8220; custom_width_px=&#8220;1080px&#8220; custom_width_percent=&#8220;80%&#8220; use_custom_gutter=&#8220;off&#8220; gutter_width=&#8220;3&#8243; custom_padding=&#8220;21px|0px|21.45px|0px&#8220; padding_mobile=&#8220;off&#8220; allow_player_pause=&#8220;off&#8220; parallax=&#8220;off&#8220; parallax_method=&#8220;on&#8220; make_equal=&#8220;off&#8220; column_padding_mobile=&#8220;on&#8220; parallax_1=&#8220;off&#8220; parallax_method_1=&#8220;on&#8220; parallax_2=&#8220;off&#8220; parallax_method_2=&#8220;on&#8220; parallax_3=&#8220;off&#8220; parallax_method_3=&#8220;on&#8220; parallax_4=&#8220;off&#8220; parallax_method_4=&#8220;on&#8220; disabled=&#8220;off&#8220;][et_pb_column type=&#8220;4_4&#8243;][et_pb_text admin_label=&#8220;Text&#8220; background_layout=&#8220;dark&#8220; text_orientation=&#8220;center&#8220; use_border_color=&#8220;off&#8220; border_style=&#8220;solid&#8220; disabled=&#8220;off&#8220; border_color=&#8220;#ffffff&#8220;]<\/p>\n<h1 style=\"text-align: center;\">Dod\u00e1vka<\/h1>\n<p><img decoding=\"async\" loading=\"lazy\" class=\"size-full wp-image-150 aligncenter\" src=\"\/wp-content\/uploads\/2016\/10\/heading-underline.png\" alt=\"heading-underline\" width=\"309\" height=\"12\" srcset=\"https:\/\/cryomedpro.com\/wp-content\/uploads\/2016\/10\/heading-underline.png 309w, https:\/\/cryomedpro.com\/wp-content\/uploads\/2016\/10\/heading-underline-300x12.png 300w\" sizes=\"(max-width: 309px) 100vw, 309px\" \/><\/p>\n<p>[\/et_pb_text][\/et_pb_column][\/et_pb_row][\/et_pb_section][et_pb_section admin_label=&#8220;Section&#8220; fullwidth=&#8220;off&#8220; specialty=&#8220;off&#8220; transparent_background=&#8220;off&#8220; allow_player_pause=&#8220;off&#8220; inner_shadow=&#8220;off&#8220; parallax=&#8220;off&#8220; parallax_method=&#8220;off&#8220; custom_padding=&#8220;15px|0px|0px|0px&#8220; padding_mobile=&#8220;off&#8220; make_fullwidth=&#8220;off&#8220; use_custom_width=&#8220;off&#8220; width_unit=&#8220;on&#8220; make_equal=&#8220;off&#8220; use_custom_gutter=&#8220;off&#8220;][et_pb_row admin_label=&#8220;Row&#8220; make_fullwidth=&#8220;off&#8220; use_custom_width=&#8220;off&#8220; width_unit=&#8220;on&#8220; use_custom_gutter=&#8220;off&#8220; padding_mobile=&#8220;off&#8220; allow_player_pause=&#8220;off&#8220; parallax=&#8220;off&#8220; parallax_method=&#8220;off&#8220; make_equal=&#8220;off&#8220; parallax_1=&#8220;off&#8220; parallax_method_1=&#8220;off&#8220; column_padding_mobile=&#8220;on&#8220; custom_padding=&#8220;0px|0px|0px|0px&#8220;][et_pb_column type=&#8220;4_4&#8243;][et_pb_code admin_label=&#8220;Code&#8220;]\tCryo\n<span><span><a href=\"https:\/\/cryomedpro.com\/cs\/\">Home<\/a><\/span><\/span>[\/et_pb_code][\/et_pb_column][\/et_pb_row][\/et_pb_section][et_pb_section admin_label=&#8220;section&#8220;][et_pb_row admin_label=&#8220;row&#8220;][et_pb_column type=&#8220;4_4&#8243;][et_pb_text admin_label=&#8220;Text&#8220; background_layout=&#8220;light&#8220; text_orientation=&#8220;left&#8220; use_border_color=&#8220;off&#8220; border_color=&#8220;#ffffff&#8220; border_style=&#8220;solid&#8220;]<\/p>\n<h2>Kam m\u016f\u017eeme dodat na\u0161e za\u0159\u00edzen\u00ed?<\/h2>\n<p>Doru\u010dujeme do v\u0161ech zem\u00ed na sv\u011bt\u011b.<\/p>\n<h2>Jak\u00e9 zp\u016fsoby dopravy jsou k dispozici a jak\u00e9 jsou p\u0159\u00edslu\u0161n\u00e9 p\u0159epravn\u00ed \u010dasy?<\/h2>\n<p>M\u00e1me 3 r\u016fzn\u00e9 zp\u016fsoby dopravy:<\/p>\n<p>&#8211; <strong>n\u00e1kladn\u00edmi automobily:<\/strong> (vlastn\u00ed v\u016fz nebo prost\u0159ednictv\u00edm smluvn\u00edho p\u0159epravn\u00edho partnera), odhadovan\u00fd \u010das doru\u010den\u00ed (evropsk\u00e9 zem\u011b) 1-4 pracovn\u00ed dny<\/p>\n<p>&#8211;<strong> letecky:<\/strong>\u00a0odhadovan\u00e1 doba doru\u010den\u00ed a\u017e 10 pracovn\u00edch dn\u016f<\/p>\n<p>&#8211; <strong>po mo\u0159i:<\/strong> odhadovan\u00e1 podac\u00ed doba a\u017e 30 pracovn\u00edch dn\u00ed<\/p>\n<p>&#8211; <strong>vlastn\u00ed doprava<\/strong>: z\u00e1kazn\u00edk si zajist\u00ed dopravu s\u00e1m<\/p>\n<p>Na\u0161i z\u00e1kazn\u00edci si mohou v sou\u010dasn\u00e9 dob\u011b zvolit z nab\u00edzen\u00fdch zp\u016fsob\u016f p\u0159epravy a vybrat si ten, kter\u00fd nejl\u00e9pe vyhovuje jejich pot\u0159eb\u00e1m.<\/p>\n<p>Zajist\u00edme tak\u00e9 mont\u00e1\u017e a \u0161kolen\u00ed (po cel\u00e9m sv\u011bt\u011b).<\/p>\n<p>[\/et_pb_text][\/et_pb_column][\/et_pb_row][\/et_pb_section]<\/p>\n","protected":false},"excerpt":{"rendered":"<p>[et_pb_section admin_label=&#8220;section&#8220; background_image=&#8220;https:\/\/cryomedpro.com\/wp-content\/uploads\/2016\/12\/784743-blue-crystals-frost-macro.jpg&#8220; transparent_background=&#8220;off&#8220; allow_player_pause=&#8220;off&#8220; inner_shadow=&#8220;off&#8220; parallax=&#8220;off&#8220; parallax_method=&#8220;off&#8220; custom_padding=&#8220;3px|0px|4px|0px&#8220; padding_mobile=&#8220;off&#8220; make_fullwidth=&#8220;off&#8220; use_custom_width=&#8220;off&#8220; width_unit=&#8220;on&#8220; make_equal=&#8220;off&#8220; use_custom_gutter=&#8220;off&#8220; fullwidth=&#8220;off&#8220; specialty=&#8220;off&#8220; module_class=&#8220;ns-banner&#8220; disabled=&#8220;off&#8220;][et_pb_row admin_label=&#8220;row&#8220; make_fullwidth=&#8220;off&#8220; use_custom_width=&#8220;off&#8220; width_unit=&#8220;off&#8220; custom_width_px=&#8220;1080px&#8220; custom_width_percent=&#8220;80%&#8220; use_custom_gutter=&#8220;off&#8220; gutter_width=&#8220;3&#8243; custom_padding=&#8220;21px|0px|21.45px|0px&#8220; padding_mobile=&#8220;off&#8220; allow_player_pause=&#8220;off&#8220; parallax=&#8220;off&#8220; parallax_method=&#8220;on&#8220; make_equal=&#8220;off&#8220; column_padding_mobile=&#8220;on&#8220; parallax_1=&#8220;off&#8220; parallax_method_1=&#8220;on&#8220; parallax_2=&#8220;off&#8220; parallax_method_2=&#8220;on&#8220; parallax_3=&#8220;off&#8220; parallax_method_3=&#8220;on&#8220; parallax_4=&#8220;off&#8220; parallax_method_4=&#8220;on&#8220; disabled=&#8220;off&#8220;][et_pb_column type=&#8220;4_4&#8243;][et_pb_text admin_label=&#8220;Text&#8220; background_layout=&#8220;dark&#8220; text_orientation=&#8220;center&#8220; use_border_color=&#8220;off&#8220; border_style=&#8220;solid&#8220; disabled=&#8220;off&#8220; border_color=&#8220;#ffffff&#8220;] Dod\u00e1vka [\/et_pb_text][\/et_pb_column][\/et_pb_row][\/et_pb_section][et_pb_section admin_label=&#8220;Section&#8220; fullwidth=&#8220;off&#8220; [&hellip;]<\/p>\n","protected":false},"author":2,"featured_media":0,"parent":0,"menu_order":0,"comment_status":"closed","ping_status":"closed","template":"","meta":[],"tags":[],"yoast_head":"<!-- This site is optimized with the Yoast SEO plugin v20.0 - https:\/\/yoast.com\/wordpress\/plugins\/seo\/ -->\n<title>Dod\u00e1vka<\/title>\n<meta name=\"description\" content=\"Kam m\u016f\u017eeme dodat na\u0161e za\u0159\u00edzen\u00ed? Doru\u010dujeme do v\u0161ech zem\u00ed na sv\u011bt\u011b.\" \/>\n<meta name=\"robots\" content=\"index, follow, max-snippet:-1, max-image-preview:large, max-video-preview:-1\" \/>\n<link rel=\"canonical\" href=\"https:\/\/cryomedpro.com\/cs\/dodavka\/\" \/>\n<meta property=\"og:locale\" content=\"cs_CZ\" \/>\n<meta property=\"og:type\" content=\"article\" \/>\n<meta property=\"og:title\" content=\"Dod\u00e1vka\" \/>\n<meta property=\"og:description\" content=\"Kam m\u016f\u017eeme dodat na\u0161e za\u0159\u00edzen\u00ed? Doru\u010dujeme do v\u0161ech zem\u00ed na sv\u011bt\u011b.\" \/>\n<meta property=\"og:url\" content=\"https:\/\/cryomedpro.com\/cs\/dodavka\/\" \/>\n<meta property=\"og:site_name\" content=\"Cryomed PRO\" \/>\n<meta property=\"article:modified_time\" content=\"2020-01-27T18:35:44+00:00\" \/>\n<meta property=\"og:image\" content=\"https:\/\/cryomedpro.com\/wp-content\/uploads\/2016\/10\/heading-underline.png\" \/>\n<meta name=\"twitter:card\" content=\"summary_large_image\" \/>\n<meta name=\"twitter:label1\" content=\"Odhadovan\u00e1 doba \u010dten\u00ed\" \/>\n\t<meta name=\"twitter:data1\" content=\"3 minuty\" \/>\n<!-- \/ Yoast SEO plugin. -->","yoast_head_json":{"title":"Dod\u00e1vka","description":"Kam m\u016f\u017eeme dodat na\u0161e za\u0159\u00edzen\u00ed? Doru\u010dujeme do v\u0161ech zem\u00ed na sv\u011bt\u011b.","robots":{"index":"index","follow":"follow","max-snippet":"max-snippet:-1","max-image-preview":"max-image-preview:large","max-video-preview":"max-video-preview:-1"},"canonical":"https:\/\/cryomedpro.com\/cs\/dodavka\/","og_locale":"cs_CZ","og_type":"article","og_title":"Dod\u00e1vka","og_description":"Kam m\u016f\u017eeme dodat na\u0161e za\u0159\u00edzen\u00ed? Doru\u010dujeme do v\u0161ech zem\u00ed na sv\u011bt\u011b.","og_url":"https:\/\/cryomedpro.com\/cs\/dodavka\/","og_site_name":"Cryomed PRO","article_modified_time":"2020-01-27T18:35:44+00:00","og_image":[{"url":"https:\/\/cryomedpro.com\/wp-content\/uploads\/2016\/10\/heading-underline.png"}],"twitter_card":"summary_large_image","twitter_misc":{"Odhadovan\u00e1 doba \u010dten\u00ed":"3 minuty"},"schema":{"@context":"https:\/\/schema.org","@graph":[{"@type":"WebPage","@id":"https:\/\/cryomedpro.com\/cs\/dodavka\/","url":"https:\/\/cryomedpro.com\/cs\/dodavka\/","name":"Dod\u00e1vka","isPartOf":{"@id":"https:\/\/cryomedpro.com\/#website"},"datePublished":"2017-06-24T20:47:34+00:00","dateModified":"2020-01-27T18:35:44+00:00","description":"Kam m\u016f\u017eeme dodat na\u0161e za\u0159\u00edzen\u00ed? Doru\u010dujeme do v\u0161ech zem\u00ed na sv\u011bt\u011b.","breadcrumb":{"@id":"https:\/\/cryomedpro.com\/cs\/dodavka\/#breadcrumb"},"inLanguage":"cs","potentialAction":[{"@type":"ReadAction","target":["https:\/\/cryomedpro.com\/cs\/dodavka\/"]}]},{"@type":"BreadcrumbList","@id":"https:\/\/cryomedpro.com\/cs\/dodavka\/#breadcrumb","itemListElement":[{"@type":"ListItem","position":1,"name":"Home","item":"https:\/\/cryomedpro.com\/cs\/"},{"@type":"ListItem","position":2,"name":"Dod\u00e1vka"}]},{"@type":"WebSite","@id":"https:\/\/cryomedpro.com\/#website","url":"https:\/\/cryomedpro.com\/","name":"Cryomed PRO","description":"Cryosaunas Worldwide","publisher":{"@id":"https:\/\/cryomedpro.com\/#\/schema\/person\/752b92c38fb6f6c5052ef7763f4d79eb"},"potentialAction":[{"@type":"SearchAction","target":{"@type":"EntryPoint","urlTemplate":"https:\/\/cryomedpro.com\/?s={search_term_string}"},"query-input":"required name=search_term_string"}],"inLanguage":"cs"},{"@type":["Person","Organization"],"@id":"https:\/\/cryomedpro.com\/#\/schema\/person\/752b92c38fb6f6c5052ef7763f4d79eb","name":"healthycold","image":{"@type":"ImageObject","inLanguage":"cs","@id":"https:\/\/cryomedpro.com\/#\/schema\/person\/image\/","url":"https:\/\/secure.gravatar.com\/avatar\/bbe2f3ec78281a56dba108d1bf0f9ffa?s=96&d=mm&r=g","contentUrl":"https:\/\/secure.gravatar.com\/avatar\/bbe2f3ec78281a56dba108d1bf0f9ffa?s=96&d=mm&r=g","caption":"healthycold"},"logo":{"@id":"https:\/\/cryomedpro.com\/#\/schema\/person\/image\/"}}]}},"_links":{"self":[{"href":"https:\/\/cryomedpro.com\/cs\/wp-json\/wp\/v2\/pages\/3805"}],"collection":[{"href":"https:\/\/cryomedpro.com\/cs\/wp-json\/wp\/v2\/pages"}],"about":[{"href":"https:\/\/cryomedpro.com\/cs\/wp-json\/wp\/v2\/types\/page"}],"author":[{"embeddable":true,"href":"https:\/\/cryomedpro.com\/cs\/wp-json\/wp\/v2\/users\/2"}],"replies":[{"embeddable":true,"href":"https:\/\/cryomedpro.com\/cs\/wp-json\/wp\/v2\/comments?post=3805"}],"version-history":[{"count":0,"href":"https:\/\/cryomedpro.com\/cs\/wp-json\/wp\/v2\/pages\/3805\/revisions"}],"wp:attachment":[{"href":"https:\/\/cryomedpro.com\/cs\/wp-json\/wp\/v2\/media?parent=3805"}],"wp:term":[{"taxonomy":"post_tag","embeddable":true,"href":"https:\/\/cryomedpro.com\/cs\/wp-json\/wp\/v2\/tags?post=3805"}],"curies":[{"name":"wp","href":"https:\/\/api.w.org\/{rel}","templated":true}]}}