{"id":4540,"date":"2017-09-01T16:13:09","date_gmt":"2017-09-01T14:13:09","guid":{"rendered":"https:\/\/cryomedpro.com\/cryotherapy-map\/"},"modified":"2019-11-28T12:10:54","modified_gmt":"2019-11-28T11:10:54","slug":"cryotherapy-map","status":"publish","type":"page","link":"https:\/\/cryomedpro.com\/cs\/cryotherapy-map\/","title":{"rendered":"Mapa kryoterapie"},"content":{"rendered":"<p>[et_pb_section admin_label=&#8220;Section&#8220; fullwidth=&#8220;off&#8220; specialty=&#8220;off&#8220; background_image=&#8220;https:\/\/cryomedpro.com\/wp-content\/uploads\/2016\/12\/penguins2.jpg&#8220; transparent_background=&#8220;off&#8220; allow_player_pause=&#8220;off&#8220; inner_shadow=&#8220;off&#8220; parallax=&#8220;off&#8220; parallax_method=&#8220;off&#8220; padding_mobile=&#8220;off&#8220; make_fullwidth=&#8220;off&#8220; use_custom_width=&#8220;off&#8220; width_unit=&#8220;on&#8220; make_equal=&#8220;off&#8220; use_custom_gutter=&#8220;off&#8220; custom_padding=&#8220;0px|0px|2px|0px&#8220; module_class=&#8220;ns-banner&#8220;][et_pb_row admin_label=&#8220;Row&#8220;][et_pb_column type=&#8220;4_4&#8243;][et_pb_text admin_label=&#8220;Text&#8220; background_layout=&#8220;dark&#8220; text_orientation=&#8220;center&#8220; use_border_color=&#8220;off&#8220; border_color=&#8220;#ffffff&#8220; border_style=&#8220;solid&#8220;]<\/p>\n<h1 style=\"text-align: center;\">Mapa kryoterapie<\/h1>\n<p><img decoding=\"async\" loading=\"lazy\" class=\"size-full wp-image-150 aligncenter\" src=\"..\/wp-content\/uploads\/2016\/10\/heading-underline.png\" alt=\"heading-underline\" width=\"309\" height=\"12\" srcset=\"https:\/\/cryomedpro.com\/wp-content\/uploads\/2016\/10\/heading-underline.png 309w, https:\/\/cryomedpro.com\/wp-content\/uploads\/2016\/10\/heading-underline-300x12.png 300w\" sizes=\"(max-width: 309px) 100vw, 309px\" \/><\/p>\n<p>[\/et_pb_text][\/et_pb_column][\/et_pb_row][\/et_pb_section][et_pb_section admin_label=&#8220;Section&#8220; fullwidth=&#8220;off&#8220; specialty=&#8220;off&#8220; transparent_background=&#8220;off&#8220; allow_player_pause=&#8220;off&#8220; inner_shadow=&#8220;off&#8220; parallax=&#8220;off&#8220; parallax_method=&#8220;off&#8220; custom_padding=&#8220;15px|0px|0px|0px&#8220; padding_mobile=&#8220;off&#8220; make_fullwidth=&#8220;off&#8220; use_custom_width=&#8220;off&#8220; width_unit=&#8220;on&#8220; make_equal=&#8220;off&#8220; use_custom_gutter=&#8220;off&#8220;][et_pb_row admin_label=&#8220;Row&#8220; make_fullwidth=&#8220;off&#8220; use_custom_width=&#8220;off&#8220; width_unit=&#8220;on&#8220; use_custom_gutter=&#8220;off&#8220; padding_mobile=&#8220;off&#8220; allow_player_pause=&#8220;off&#8220; parallax=&#8220;off&#8220; parallax_method=&#8220;off&#8220; make_equal=&#8220;off&#8220; parallax_1=&#8220;off&#8220; parallax_method_1=&#8220;off&#8220; column_padding_mobile=&#8220;on&#8220; custom_padding=&#8220;0px|0px|0px|0px&#8220;][et_pb_column type=&#8220;4_4&#8243;][et_pb_code admin_label=&#8220;Code&#8220;]\tCryo\n<span><span><a href=\"https:\/\/cryomedpro.com\/cs\/\">Home<\/a><\/span><\/span>[\/et_pb_code][\/et_pb_column][\/et_pb_row][\/et_pb_section][et_pb_section admin_label=&#8220;section&#8220;][et_pb_row admin_label=&#8220;row&#8220;][et_pb_column type=&#8220;4_4&#8243;][et_pb_text admin_label=&#8220;Text&#8220; background_layout=&#8220;light&#8220; text_orientation=&#8220;left&#8220; use_border_color=&#8220;off&#8220; border_color=&#8220;#ffffff&#8220; border_style=&#8220;solid&#8220;]<\/p>\n<p>Tato mapa ukazuje m\u00edsta, kde m\u016f\u017eete nav\u0161t\u00edvit kryosaunu a vyzkou\u0161et kryoterapii. Bude pravideln\u011b dopl\u0148ov\u00e1na o nov\u00e9 adresy. Pokud zjist\u00edte, \u017ee informace v map\u011b jsou zastaral\u00e9, nebo pokud m\u00e1te jednu z na\u0161ich krykabin a chcete ji p\u0159idat do mapy, po\u0161lete n\u00e1m e-mail.<\/p>\n<p>[\/et_pb_text][et_pb_code admin_label=&#8220;Code&#8220;]&lt;iframe src=&quot;https:\/\/www.google.com\/maps\/d\/embed?mid=1sy_gZk2bu3-WNw9KopsP_BV4Ugw&amp;hl=en&quot; width=&quot;100%&quot; height=&quot;600&quot;&gt;&lt;\/iframe&gt;[\/et_pb_code][\/et_pb_column][\/et_pb_row][\/et_pb_section]<\/p>\n","protected":false},"excerpt":{"rendered":"<p>[et_pb_section admin_label=&#8220;Section&#8220; fullwidth=&#8220;off&#8220; specialty=&#8220;off&#8220; background_image=&#8220;https:\/\/cryomedpro.com\/wp-content\/uploads\/2016\/12\/penguins2.jpg&#8220; transparent_background=&#8220;off&#8220; allow_player_pause=&#8220;off&#8220; inner_shadow=&#8220;off&#8220; parallax=&#8220;off&#8220; parallax_method=&#8220;off&#8220; padding_mobile=&#8220;off&#8220; make_fullwidth=&#8220;off&#8220; use_custom_width=&#8220;off&#8220; width_unit=&#8220;on&#8220; make_equal=&#8220;off&#8220; use_custom_gutter=&#8220;off&#8220; custom_padding=&#8220;0px|0px|2px|0px&#8220; module_class=&#8220;ns-banner&#8220;][et_pb_row admin_label=&#8220;Row&#8220;][et_pb_column type=&#8220;4_4&#8243;][et_pb_text admin_label=&#8220;Text&#8220; background_layout=&#8220;dark&#8220; text_orientation=&#8220;center&#8220; use_border_color=&#8220;off&#8220; border_color=&#8220;#ffffff&#8220; border_style=&#8220;solid&#8220;] Mapa kryoterapie [\/et_pb_text][\/et_pb_column][\/et_pb_row][\/et_pb_section][et_pb_section admin_label=&#8220;Section&#8220; fullwidth=&#8220;off&#8220; specialty=&#8220;off&#8220; transparent_background=&#8220;off&#8220; allow_player_pause=&#8220;off&#8220; inner_shadow=&#8220;off&#8220; parallax=&#8220;off&#8220; parallax_method=&#8220;off&#8220; custom_padding=&#8220;15px|0px|0px|0px&#8220; padding_mobile=&#8220;off&#8220; make_fullwidth=&#8220;off&#8220; use_custom_width=&#8220;off&#8220; width_unit=&#8220;on&#8220; make_equal=&#8220;off&#8220; use_custom_gutter=&#8220;off&#8220;][et_pb_row admin_label=&#8220;Row&#8220; make_fullwidth=&#8220;off&#8220; use_custom_width=&#8220;off&#8220; width_unit=&#8220;on&#8220; use_custom_gutter=&#8220;off&#8220; padding_mobile=&#8220;off&#8220; allow_player_pause=&#8220;off&#8220; parallax=&#8220;off&#8220; parallax_method=&#8220;off&#8220; make_equal=&#8220;off&#8220; parallax_1=&#8220;off&#8220; [&hellip;]<\/p>\n","protected":false},"author":2,"featured_media":0,"parent":0,"menu_order":0,"comment_status":"closed","ping_status":"closed","template":"","meta":[],"tags":[],"yoast_head":"<!-- This site is optimized with the Yoast SEO plugin v20.0 - https:\/\/yoast.com\/wordpress\/plugins\/seo\/ -->\n<title>Mapa kryoterapie<\/title>\n<meta name=\"description\" content=\"Tato mapa ukazuje m\u00edsta, kde m\u016f\u017eete nav\u0161t\u00edvit kryosaunu a vyzkou\u0161et kryoterapii. Bude pravideln\u011b dopl\u0148ov\u00e1na o nov\u00e9 adresy. Pokud zjist\u00edte, \u017ee informace v map\u011b jsou zastaral\u00e9, nebo pokud m\u00e1te jednu z na\u0161ich krykabin a chcete ji p\u0159idat do mapy, po\u0161lete n\u00e1m e-mail.\" \/>\n<meta name=\"robots\" content=\"index, follow, max-snippet:-1, max-image-preview:large, max-video-preview:-1\" \/>\n<link rel=\"canonical\" href=\"https:\/\/cryomedpro.com\/cs\/cryotherapy-map\/\" \/>\n<meta property=\"og:locale\" content=\"cs_CZ\" \/>\n<meta property=\"og:type\" content=\"article\" \/>\n<meta property=\"og:title\" content=\"Mapa kryoterapie\" \/>\n<meta property=\"og:description\" content=\"Tato mapa ukazuje m\u00edsta, kde m\u016f\u017eete nav\u0161t\u00edvit kryosaunu a vyzkou\u0161et kryoterapii. Bude pravideln\u011b dopl\u0148ov\u00e1na o nov\u00e9 adresy. Pokud zjist\u00edte, \u017ee informace v map\u011b jsou zastaral\u00e9, nebo pokud m\u00e1te jednu z na\u0161ich krykabin a chcete ji p\u0159idat do mapy, po\u0161lete n\u00e1m e-mail.\" \/>\n<meta property=\"og:url\" content=\"https:\/\/cryomedpro.com\/cs\/cryotherapy-map\/\" \/>\n<meta property=\"og:site_name\" content=\"Cryomed PRO\" \/>\n<meta property=\"article:modified_time\" content=\"2019-11-28T11:10:54+00:00\" \/>\n<meta property=\"og:image\" content=\"http:\/\/..\/wp-content\/uploads\/2016\/10\/heading-underline.png\" \/>\n<meta name=\"twitter:card\" content=\"summary_large_image\" \/>\n<meta name=\"twitter:label1\" content=\"Odhadovan\u00e1 doba \u010dten\u00ed\" \/>\n\t<meta name=\"twitter:data1\" content=\"2 minuty\" \/>\n<!-- \/ Yoast SEO plugin. -->","yoast_head_json":{"title":"Mapa kryoterapie","description":"Tato mapa ukazuje m\u00edsta, kde m\u016f\u017eete nav\u0161t\u00edvit kryosaunu a vyzkou\u0161et kryoterapii. Bude pravideln\u011b dopl\u0148ov\u00e1na o nov\u00e9 adresy. Pokud zjist\u00edte, \u017ee informace v map\u011b jsou zastaral\u00e9, nebo pokud m\u00e1te jednu z na\u0161ich krykabin a chcete ji p\u0159idat do mapy, po\u0161lete n\u00e1m e-mail.","robots":{"index":"index","follow":"follow","max-snippet":"max-snippet:-1","max-image-preview":"max-image-preview:large","max-video-preview":"max-video-preview:-1"},"canonical":"https:\/\/cryomedpro.com\/cs\/cryotherapy-map\/","og_locale":"cs_CZ","og_type":"article","og_title":"Mapa kryoterapie","og_description":"Tato mapa ukazuje m\u00edsta, kde m\u016f\u017eete nav\u0161t\u00edvit kryosaunu a vyzkou\u0161et kryoterapii. Bude pravideln\u011b dopl\u0148ov\u00e1na o nov\u00e9 adresy. Pokud zjist\u00edte, \u017ee informace v map\u011b jsou zastaral\u00e9, nebo pokud m\u00e1te jednu z na\u0161ich krykabin a chcete ji p\u0159idat do mapy, po\u0161lete n\u00e1m e-mail.","og_url":"https:\/\/cryomedpro.com\/cs\/cryotherapy-map\/","og_site_name":"Cryomed PRO","article_modified_time":"2019-11-28T11:10:54+00:00","og_image":[{"url":"..\/wp-content\/uploads\/2016\/10\/heading-underline.png"}],"twitter_card":"summary_large_image","twitter_misc":{"Odhadovan\u00e1 doba \u010dten\u00ed":"2 minuty"},"schema":{"@context":"https:\/\/schema.org","@graph":[{"@type":"WebPage","@id":"https:\/\/cryomedpro.com\/cs\/cryotherapy-map\/","url":"https:\/\/cryomedpro.com\/cs\/cryotherapy-map\/","name":"Mapa kryoterapie","isPartOf":{"@id":"https:\/\/cryomedpro.com\/#website"},"datePublished":"2017-09-01T14:13:09+00:00","dateModified":"2019-11-28T11:10:54+00:00","description":"Tato mapa ukazuje m\u00edsta, kde m\u016f\u017eete nav\u0161t\u00edvit kryosaunu a vyzkou\u0161et kryoterapii. Bude pravideln\u011b dopl\u0148ov\u00e1na o nov\u00e9 adresy. Pokud zjist\u00edte, \u017ee informace v map\u011b jsou zastaral\u00e9, nebo pokud m\u00e1te jednu z na\u0161ich krykabin a chcete ji p\u0159idat do mapy, po\u0161lete n\u00e1m e-mail.","breadcrumb":{"@id":"https:\/\/cryomedpro.com\/cs\/cryotherapy-map\/#breadcrumb"},"inLanguage":"cs","potentialAction":[{"@type":"ReadAction","target":["https:\/\/cryomedpro.com\/cs\/cryotherapy-map\/"]}]},{"@type":"BreadcrumbList","@id":"https:\/\/cryomedpro.com\/cs\/cryotherapy-map\/#breadcrumb","itemListElement":[{"@type":"ListItem","position":1,"name":"Home","item":"https:\/\/cryomedpro.com\/cs\/"},{"@type":"ListItem","position":2,"name":"Mapa kryoterapie"}]},{"@type":"WebSite","@id":"https:\/\/cryomedpro.com\/#website","url":"https:\/\/cryomedpro.com\/","name":"Cryomed PRO","description":"Cryosaunas Worldwide","publisher":{"@id":"https:\/\/cryomedpro.com\/#\/schema\/person\/752b92c38fb6f6c5052ef7763f4d79eb"},"potentialAction":[{"@type":"SearchAction","target":{"@type":"EntryPoint","urlTemplate":"https:\/\/cryomedpro.com\/?s={search_term_string}"},"query-input":"required name=search_term_string"}],"inLanguage":"cs"},{"@type":["Person","Organization"],"@id":"https:\/\/cryomedpro.com\/#\/schema\/person\/752b92c38fb6f6c5052ef7763f4d79eb","name":"healthycold","image":{"@type":"ImageObject","inLanguage":"cs","@id":"https:\/\/cryomedpro.com\/#\/schema\/person\/image\/","url":"https:\/\/secure.gravatar.com\/avatar\/bbe2f3ec78281a56dba108d1bf0f9ffa?s=96&d=mm&r=g","contentUrl":"https:\/\/secure.gravatar.com\/avatar\/bbe2f3ec78281a56dba108d1bf0f9ffa?s=96&d=mm&r=g","caption":"healthycold"},"logo":{"@id":"https:\/\/cryomedpro.com\/#\/schema\/person\/image\/"}}]}},"_links":{"self":[{"href":"https:\/\/cryomedpro.com\/cs\/wp-json\/wp\/v2\/pages\/4540"}],"collection":[{"href":"https:\/\/cryomedpro.com\/cs\/wp-json\/wp\/v2\/pages"}],"about":[{"href":"https:\/\/cryomedpro.com\/cs\/wp-json\/wp\/v2\/types\/page"}],"author":[{"embeddable":true,"href":"https:\/\/cryomedpro.com\/cs\/wp-json\/wp\/v2\/users\/2"}],"replies":[{"embeddable":true,"href":"https:\/\/cryomedpro.com\/cs\/wp-json\/wp\/v2\/comments?post=4540"}],"version-history":[{"count":0,"href":"https:\/\/cryomedpro.com\/cs\/wp-json\/wp\/v2\/pages\/4540\/revisions"}],"wp:attachment":[{"href":"https:\/\/cryomedpro.com\/cs\/wp-json\/wp\/v2\/media?parent=4540"}],"wp:term":[{"taxonomy":"post_tag","embeddable":true,"href":"https:\/\/cryomedpro.com\/cs\/wp-json\/wp\/v2\/tags?post=4540"}],"curies":[{"name":"wp","href":"https:\/\/api.w.org\/{rel}","templated":true}]}}