{"id":5451,"date":"2016-10-25T14:13:04","date_gmt":"2016-10-25T12:13:04","guid":{"rendered":"https:\/\/cryomedpro.com\/articles\/"},"modified":"2019-11-28T11:39:03","modified_gmt":"2019-11-28T10:39:03","slug":"articles","status":"publish","type":"page","link":"https:\/\/cryomedpro.com\/cs\/articles\/","title":{"rendered":"\u010cL\u00c1NKY"},"content":{"rendered":"<p>[et_pb_section admin_label=&#8220;section&#8220; background_image=&#8220;https:\/\/cryomedpro.com\/wp-content\/uploads\/2016\/12\/cave-blue.jpg&#8220; transparent_background=&#8220;off&#8220; allow_player_pause=&#8220;off&#8220; inner_shadow=&#8220;off&#8220; parallax=&#8220;off&#8220; parallax_method=&#8220;off&#8220; custom_padding=&#8220;4px|0px|0px|0px&#8220; padding_mobile=&#8220;off&#8220; make_fullwidth=&#8220;off&#8220; use_custom_width=&#8220;off&#8220; width_unit=&#8220;on&#8220; custom_width_px=&#8220;1080px&#8220; custom_width_percent=&#8220;80%&#8220; make_equal=&#8220;off&#8220; use_custom_gutter=&#8220;off&#8220; fullwidth=&#8220;off&#8220; specialty=&#8220;off&#8220; module_class=&#8220;ns-banner&#8220; disabled=&#8220;off&#8220;][et_pb_row admin_label=&#8220;row&#8220; make_fullwidth=&#8220;off&#8220; use_custom_width=&#8220;off&#8220; width_unit=&#8220;off&#8220; custom_width_px=&#8220;1080px&#8220; custom_width_percent=&#8220;80%&#8220; use_custom_gutter=&#8220;off&#8220; gutter_width=&#8220;3&#8243; custom_padding=&#8220;21px|0px|18px|0px&#8220; padding_mobile=&#8220;off&#8220; allow_player_pause=&#8220;off&#8220; parallax=&#8220;off&#8220; parallax_method=&#8220;on&#8220; make_equal=&#8220;off&#8220; column_padding_mobile=&#8220;on&#8220; parallax_1=&#8220;off&#8220; parallax_method_1=&#8220;on&#8220; parallax_2=&#8220;off&#8220; parallax_method_2=&#8220;on&#8220; parallax_3=&#8220;off&#8220; parallax_method_3=&#8220;on&#8220; parallax_4=&#8220;off&#8220; parallax_method_4=&#8220;on&#8220; disabled=&#8220;off&#8220;][et_pb_column type=&#8220;4_4&#8243;][et_pb_text admin_label=&#8220;Text&#8220; background_layout=&#8220;dark&#8220; text_orientation=&#8220;center&#8220; use_border_color=&#8220;off&#8220; border_style=&#8220;solid&#8220; disabled=&#8220;off&#8220; saved_tabs=&#8220;all&#8220; border_color=&#8220;#ffffff&#8220;]<\/p>\n<h1 style=\"text-align: center;\">\u010cL\u00c1NKY<\/h1>\n<p><img decoding=\"async\" loading=\"lazy\" class=\"size-full wp-image-150 aligncenter\" src=\"https:\/\/cryomedpro.com\/wp-content\/uploads\/2016\/10\/heading-underline.png\" alt=\"heading-underline\" width=\"309\" height=\"12\" srcset=\"https:\/\/cryomedpro.com\/wp-content\/uploads\/2016\/10\/heading-underline.png 309w, https:\/\/cryomedpro.com\/wp-content\/uploads\/2016\/10\/heading-underline-300x12.png 300w\" sizes=\"(max-width: 309px) 100vw, 309px\" \/><\/p>\n<p>[\/et_pb_text][\/et_pb_column][\/et_pb_row][\/et_pb_section][et_pb_section admin_label=&#8220;Section&#8220; fullwidth=&#8220;off&#8220; specialty=&#8220;off&#8220; transparent_background=&#8220;off&#8220; allow_player_pause=&#8220;off&#8220; inner_shadow=&#8220;off&#8220; parallax=&#8220;off&#8220; parallax_method=&#8220;off&#8220; custom_padding=&#8220;15px|0px|0px|0px&#8220; padding_mobile=&#8220;off&#8220; make_fullwidth=&#8220;off&#8220; use_custom_width=&#8220;off&#8220; width_unit=&#8220;on&#8220; make_equal=&#8220;off&#8220; use_custom_gutter=&#8220;off&#8220;][et_pb_row admin_label=&#8220;Row&#8220; make_fullwidth=&#8220;off&#8220; use_custom_width=&#8220;off&#8220; width_unit=&#8220;on&#8220; use_custom_gutter=&#8220;off&#8220; padding_mobile=&#8220;off&#8220; allow_player_pause=&#8220;off&#8220; parallax=&#8220;off&#8220; parallax_method=&#8220;off&#8220; make_equal=&#8220;off&#8220; parallax_1=&#8220;off&#8220; parallax_method_1=&#8220;off&#8220; column_padding_mobile=&#8220;on&#8220; custom_padding=&#8220;0px|0px|0px|0px&#8220;][et_pb_column type=&#8220;4_4&#8243;][et_pb_code admin_label=&#8220;Code&#8220;]\tCryo\n<span><span><a href=\"https:\/\/cryomedpro.com\/cs\/\">Home<\/a><\/span><\/span>[\/et_pb_code][\/et_pb_column][\/et_pb_row][\/et_pb_section][et_pb_section admin_label=&#8220;Sekce&#8220; fullwidth=&#8220;off&#8220; specialty=&#8220;off&#8220;][et_pb_row admin_label=&#8220;\u0158\u00e1dek&#8220;][et_pb_column type=&#8220;4_4&#8243;][et_pb_text admin_label=&#8220;Text&#8220; background_layout=&#8220;light&#8220; text_orientation=&#8220;left&#8220; use_border_color=&#8220;off&#8220; border_color=&#8220;#ffffff&#8220; border_style=&#8220;solid&#8220;]<\/p>\n<p>Zdrav\u00ed a wellness, zotavov\u00e1n\u00ed atlet\u016f, hubnut\u00ed, kr\u00e1sa a zpomalov\u00e1n\u00ed st\u00e1rnut\u00ed &#8211; to jsou v\u00fdhody kryoterapie. Najd\u011bte si nejnov\u011bj\u0161\u00ed v\u011bdeck\u00e9 \u010dl\u00e1nky, v\u00fdzkumy a klinick\u00e9 studie o celot\u011blov\u00e9 kryoterapii a jej\u00edch \u00fa\u010dinc\u00edch na \u00falevu od bolesti, zotavov\u00e1n\u00ed atlet\u016f, uvol\u0148ov\u00e1n\u00ed sval\u016f atd. Fakta o kryoterapii, informace o procedur\u00e1ch v kryosaun\u011b, obr\u00e1zky. Kryoterapie pro zdrav\u00ed, fitness a kr\u00e1su.<\/p>\n<p>[\/et_pb_text][\/et_pb_column][\/et_pb_row][\/et_pb_section][et_pb_section admin_label=&#8220;Section&#8220; transparent_background=&#8220;off&#8220; allow_player_pause=&#8220;off&#8220; inner_shadow=&#8220;off&#8220; parallax=&#8220;off&#8220; parallax_method=&#8220;on&#8220; custom_padding=&#8220;0px|0px|0px|0px&#8220; padding_mobile=&#8220;off&#8220; make_fullwidth=&#8220;off&#8220; use_custom_width=&#8220;off&#8220; width_unit=&#8220;off&#8220; make_equal=&#8220;off&#8220; use_custom_gutter=&#8220;off&#8220; fullwidth=&#8220;off&#8220; specialty=&#8220;off&#8220; disabled=&#8220;off&#8220;][et_pb_row admin_label=&#8220;Row&#8220; make_fullwidth=&#8220;off&#8220; use_custom_width=&#8220;off&#8220; width_unit=&#8220;off&#8220; use_custom_gutter=&#8220;off&#8220; custom_padding=&#8220;0px|0px|0px|0px&#8220; padding_mobile=&#8220;off&#8220; allow_player_pause=&#8220;off&#8220; parallax=&#8220;off&#8220; parallax_method=&#8220;on&#8220; make_equal=&#8220;off&#8220; column_padding_mobile=&#8220;on&#8220; parallax_1=&#8220;off&#8220; parallax_method_1=&#8220;on&#8220; parallax_2=&#8220;off&#8220; parallax_method_2=&#8220;on&#8220; parallax_3=&#8220;off&#8220; parallax_method_3=&#8220;on&#8220; parallax_4=&#8220;off&#8220; parallax_method_4=&#8220;on&#8220; disabled=&#8220;off&#8220;][et_pb_column type=&#8220;4_4&#8243;][et_pb_blog admin_label=&#8220;Blog&#8220; fullwidth=&#8220;on&#8220; posts_number=&#8220;12&#8243; include_categories=&#8220;1,120,132&#8243; show_thumbnail=&#8220;on&#8220; show_content=&#8220;off&#8220; show_more=&#8220;on&#8220; show_author=&#8220;off&#8220; show_date=&#8220;on&#8220; show_categories=&#8220;off&#8220; show_comments=&#8220;off&#8220; show_pagination=&#8220;on&#8220; offset_number=&#8220;0&#8243; use_overlay=&#8220;on&#8220; background_layout=&#8220;light&#8220; use_dropshadow=&#8220;off&#8220; use_border_color=&#8220;off&#8220; border_color=&#8220;#ffffff&#8220; border_style=&#8220;solid&#8220;]<\/p>\n<p>&nbsp;<\/p>\n<p>[\/et_pb_blog][\/et_pb_column][\/et_pb_row][\/et_pb_section]<\/p>\n","protected":false},"excerpt":{"rendered":"<p>[et_pb_section admin_label=&#8220;section&#8220; background_image=&#8220;https:\/\/cryomedpro.com\/wp-content\/uploads\/2016\/12\/cave-blue.jpg&#8220; transparent_background=&#8220;off&#8220; allow_player_pause=&#8220;off&#8220; inner_shadow=&#8220;off&#8220; parallax=&#8220;off&#8220; parallax_method=&#8220;off&#8220; custom_padding=&#8220;4px|0px|0px|0px&#8220; padding_mobile=&#8220;off&#8220; make_fullwidth=&#8220;off&#8220; use_custom_width=&#8220;off&#8220; width_unit=&#8220;on&#8220; custom_width_px=&#8220;1080px&#8220; custom_width_percent=&#8220;80%&#8220; make_equal=&#8220;off&#8220; use_custom_gutter=&#8220;off&#8220; fullwidth=&#8220;off&#8220; specialty=&#8220;off&#8220; module_class=&#8220;ns-banner&#8220; disabled=&#8220;off&#8220;][et_pb_row admin_label=&#8220;row&#8220; make_fullwidth=&#8220;off&#8220; use_custom_width=&#8220;off&#8220; width_unit=&#8220;off&#8220; custom_width_px=&#8220;1080px&#8220; custom_width_percent=&#8220;80%&#8220; use_custom_gutter=&#8220;off&#8220; gutter_width=&#8220;3&#8243; custom_padding=&#8220;21px|0px|18px|0px&#8220; padding_mobile=&#8220;off&#8220; allow_player_pause=&#8220;off&#8220; parallax=&#8220;off&#8220; parallax_method=&#8220;on&#8220; make_equal=&#8220;off&#8220; column_padding_mobile=&#8220;on&#8220; parallax_1=&#8220;off&#8220; parallax_method_1=&#8220;on&#8220; parallax_2=&#8220;off&#8220; parallax_method_2=&#8220;on&#8220; parallax_3=&#8220;off&#8220; parallax_method_3=&#8220;on&#8220; parallax_4=&#8220;off&#8220; parallax_method_4=&#8220;on&#8220; disabled=&#8220;off&#8220;][et_pb_column type=&#8220;4_4&#8243;][et_pb_text admin_label=&#8220;Text&#8220; background_layout=&#8220;dark&#8220; text_orientation=&#8220;center&#8220; use_border_color=&#8220;off&#8220; border_style=&#8220;solid&#8220; disabled=&#8220;off&#8220; saved_tabs=&#8220;all&#8220; border_color=&#8220;#ffffff&#8220;] \u010cL\u00c1NKY [&hellip;]<\/p>\n","protected":false},"author":1,"featured_media":0,"parent":0,"menu_order":0,"comment_status":"closed","ping_status":"closed","template":"","meta":[],"tags":[],"yoast_head":"<!-- This site is optimized with the Yoast SEO plugin v20.0 - https:\/\/yoast.com\/wordpress\/plugins\/seo\/ -->\n<title>\u010cL\u00c1NKY<\/title>\n<meta name=\"description\" content=\"Zdrav\u00ed a wellness, zotavov\u00e1n\u00ed atlet\u016f, hubnut\u00ed, kr\u00e1sa a zpomalov\u00e1n\u00ed st\u00e1rnut\u00ed \u2013 to jsou v\u00fdhody kryoterapie. Najd\u011bte si nejnov\u011bj\u0161\u00ed v\u011bdeck\u00e9 \u010dl\u00e1nky, v\u00fdzkumy a klinick\u00e9 studie o celot\u011blov\u00e9 kryoterapii a jej\u00edch \u00fa\u010dinc\u00edch na \u00falevu od bolesti, zotavov\u00e1n\u00ed atlet\u016f, uvol\u0148ov\u00e1n\u00ed sval\u016f atd. Fakta o kryoterapii, informace o procedur\u00e1ch v kryosaun\u011b, obr\u00e1zky. Kryoterapie pro zdrav\u00ed, fitness a kr\u00e1su.\" \/>\n<meta name=\"robots\" content=\"index, follow, max-snippet:-1, max-image-preview:large, max-video-preview:-1\" \/>\n<link rel=\"canonical\" href=\"https:\/\/cryomedpro.com\/cs\/articles\/\" \/>\n<meta property=\"og:locale\" content=\"cs_CZ\" \/>\n<meta property=\"og:type\" content=\"article\" \/>\n<meta property=\"og:title\" content=\"\u010cL\u00c1NKY\" \/>\n<meta property=\"og:description\" content=\"Zdrav\u00ed a wellness, zotavov\u00e1n\u00ed atlet\u016f, hubnut\u00ed, kr\u00e1sa a zpomalov\u00e1n\u00ed st\u00e1rnut\u00ed \u2013 to jsou v\u00fdhody kryoterapie. Najd\u011bte si nejnov\u011bj\u0161\u00ed v\u011bdeck\u00e9 \u010dl\u00e1nky, v\u00fdzkumy a klinick\u00e9 studie o celot\u011blov\u00e9 kryoterapii a jej\u00edch \u00fa\u010dinc\u00edch na \u00falevu od bolesti, zotavov\u00e1n\u00ed atlet\u016f, uvol\u0148ov\u00e1n\u00ed sval\u016f atd. Fakta o kryoterapii, informace o procedur\u00e1ch v kryosaun\u011b, obr\u00e1zky. Kryoterapie pro zdrav\u00ed, fitness a kr\u00e1su.\" \/>\n<meta property=\"og:url\" content=\"https:\/\/cryomedpro.com\/cs\/articles\/\" \/>\n<meta property=\"og:site_name\" content=\"Cryomed PRO\" \/>\n<meta property=\"article:modified_time\" content=\"2019-11-28T10:39:03+00:00\" \/>\n<meta property=\"og:image\" content=\"https:\/\/cryomedpro.com\/wp-content\/uploads\/2016\/10\/heading-underline.png\" \/>\n<meta name=\"twitter:card\" content=\"summary_large_image\" \/>\n<meta name=\"twitter:label1\" content=\"Odhadovan\u00e1 doba \u010dten\u00ed\" \/>\n\t<meta name=\"twitter:data1\" content=\"3 minuty\" \/>\n<!-- \/ Yoast SEO plugin. -->","yoast_head_json":{"title":"\u010cL\u00c1NKY","description":"Zdrav\u00ed a wellness, zotavov\u00e1n\u00ed atlet\u016f, hubnut\u00ed, kr\u00e1sa a zpomalov\u00e1n\u00ed st\u00e1rnut\u00ed \u2013 to jsou v\u00fdhody kryoterapie. Najd\u011bte si nejnov\u011bj\u0161\u00ed v\u011bdeck\u00e9 \u010dl\u00e1nky, v\u00fdzkumy a klinick\u00e9 studie o celot\u011blov\u00e9 kryoterapii a jej\u00edch \u00fa\u010dinc\u00edch na \u00falevu od bolesti, zotavov\u00e1n\u00ed atlet\u016f, uvol\u0148ov\u00e1n\u00ed sval\u016f atd. Fakta o kryoterapii, informace o procedur\u00e1ch v kryosaun\u011b, obr\u00e1zky. Kryoterapie pro zdrav\u00ed, fitness a kr\u00e1su.","robots":{"index":"index","follow":"follow","max-snippet":"max-snippet:-1","max-image-preview":"max-image-preview:large","max-video-preview":"max-video-preview:-1"},"canonical":"https:\/\/cryomedpro.com\/cs\/articles\/","og_locale":"cs_CZ","og_type":"article","og_title":"\u010cL\u00c1NKY","og_description":"Zdrav\u00ed a wellness, zotavov\u00e1n\u00ed atlet\u016f, hubnut\u00ed, kr\u00e1sa a zpomalov\u00e1n\u00ed st\u00e1rnut\u00ed \u2013 to jsou v\u00fdhody kryoterapie. Najd\u011bte si nejnov\u011bj\u0161\u00ed v\u011bdeck\u00e9 \u010dl\u00e1nky, v\u00fdzkumy a klinick\u00e9 studie o celot\u011blov\u00e9 kryoterapii a jej\u00edch \u00fa\u010dinc\u00edch na \u00falevu od bolesti, zotavov\u00e1n\u00ed atlet\u016f, uvol\u0148ov\u00e1n\u00ed sval\u016f atd. Fakta o kryoterapii, informace o procedur\u00e1ch v kryosaun\u011b, obr\u00e1zky. Kryoterapie pro zdrav\u00ed, fitness a kr\u00e1su.","og_url":"https:\/\/cryomedpro.com\/cs\/articles\/","og_site_name":"Cryomed PRO","article_modified_time":"2019-11-28T10:39:03+00:00","og_image":[{"url":"https:\/\/cryomedpro.com\/wp-content\/uploads\/2016\/10\/heading-underline.png"}],"twitter_card":"summary_large_image","twitter_misc":{"Odhadovan\u00e1 doba \u010dten\u00ed":"3 minuty"},"schema":{"@context":"https:\/\/schema.org","@graph":[{"@type":"WebPage","@id":"https:\/\/cryomedpro.com\/cs\/articles\/","url":"https:\/\/cryomedpro.com\/cs\/articles\/","name":"\u010cL\u00c1NKY","isPartOf":{"@id":"https:\/\/cryomedpro.com\/#website"},"datePublished":"2016-10-25T12:13:04+00:00","dateModified":"2019-11-28T10:39:03+00:00","description":"Zdrav\u00ed a wellness, zotavov\u00e1n\u00ed atlet\u016f, hubnut\u00ed, kr\u00e1sa a zpomalov\u00e1n\u00ed st\u00e1rnut\u00ed \u2013 to jsou v\u00fdhody kryoterapie. Najd\u011bte si nejnov\u011bj\u0161\u00ed v\u011bdeck\u00e9 \u010dl\u00e1nky, v\u00fdzkumy a klinick\u00e9 studie o celot\u011blov\u00e9 kryoterapii a jej\u00edch \u00fa\u010dinc\u00edch na \u00falevu od bolesti, zotavov\u00e1n\u00ed atlet\u016f, uvol\u0148ov\u00e1n\u00ed sval\u016f atd. Fakta o kryoterapii, informace o procedur\u00e1ch v kryosaun\u011b, obr\u00e1zky. Kryoterapie pro zdrav\u00ed, fitness a kr\u00e1su.","breadcrumb":{"@id":"https:\/\/cryomedpro.com\/cs\/articles\/#breadcrumb"},"inLanguage":"cs","potentialAction":[{"@type":"ReadAction","target":["https:\/\/cryomedpro.com\/cs\/articles\/"]}]},{"@type":"BreadcrumbList","@id":"https:\/\/cryomedpro.com\/cs\/articles\/#breadcrumb","itemListElement":[{"@type":"ListItem","position":1,"name":"Home","item":"https:\/\/cryomedpro.com\/cs\/"},{"@type":"ListItem","position":2,"name":"\u010cL\u00c1NKY"}]},{"@type":"WebSite","@id":"https:\/\/cryomedpro.com\/#website","url":"https:\/\/cryomedpro.com\/","name":"Cryomed PRO","description":"Cryosaunas Worldwide","publisher":{"@id":"https:\/\/cryomedpro.com\/#\/schema\/person\/752b92c38fb6f6c5052ef7763f4d79eb"},"potentialAction":[{"@type":"SearchAction","target":{"@type":"EntryPoint","urlTemplate":"https:\/\/cryomedpro.com\/?s={search_term_string}"},"query-input":"required name=search_term_string"}],"inLanguage":"cs"},{"@type":["Person","Organization"],"@id":"https:\/\/cryomedpro.com\/#\/schema\/person\/752b92c38fb6f6c5052ef7763f4d79eb","name":"healthycold","image":{"@type":"ImageObject","inLanguage":"cs","@id":"https:\/\/cryomedpro.com\/#\/schema\/person\/image\/","url":"https:\/\/secure.gravatar.com\/avatar\/bbe2f3ec78281a56dba108d1bf0f9ffa?s=96&d=mm&r=g","contentUrl":"https:\/\/secure.gravatar.com\/avatar\/bbe2f3ec78281a56dba108d1bf0f9ffa?s=96&d=mm&r=g","caption":"healthycold"},"logo":{"@id":"https:\/\/cryomedpro.com\/#\/schema\/person\/image\/"}}]}},"_links":{"self":[{"href":"https:\/\/cryomedpro.com\/cs\/wp-json\/wp\/v2\/pages\/5451"}],"collection":[{"href":"https:\/\/cryomedpro.com\/cs\/wp-json\/wp\/v2\/pages"}],"about":[{"href":"https:\/\/cryomedpro.com\/cs\/wp-json\/wp\/v2\/types\/page"}],"author":[{"embeddable":true,"href":"https:\/\/cryomedpro.com\/cs\/wp-json\/wp\/v2\/users\/1"}],"replies":[{"embeddable":true,"href":"https:\/\/cryomedpro.com\/cs\/wp-json\/wp\/v2\/comments?post=5451"}],"version-history":[{"count":0,"href":"https:\/\/cryomedpro.com\/cs\/wp-json\/wp\/v2\/pages\/5451\/revisions"}],"wp:attachment":[{"href":"https:\/\/cryomedpro.com\/cs\/wp-json\/wp\/v2\/media?parent=5451"}],"wp:term":[{"taxonomy":"post_tag","embeddable":true,"href":"https:\/\/cryomedpro.com\/cs\/wp-json\/wp\/v2\/tags?post=5451"}],"curies":[{"name":"wp","href":"https:\/\/api.w.org\/{rel}","templated":true}]}}