{"id":5513,"date":"2017-11-21T13:04:23","date_gmt":"2017-11-21T12:04:23","guid":{"rendered":"https:\/\/cryomedpro.com\/dewar-vessels\/"},"modified":"2019-11-28T12:04:45","modified_gmt":"2019-11-28T11:04:45","slug":"dewar-vessels","status":"publish","type":"page","link":"https:\/\/cryomedpro.com\/cs\/dewar-vessels\/","title":{"rendered":"Dewarovy n\u00e1doby"},"content":{"rendered":"<p>[et_pb_section admin_label=&#8220;section&#8220; background_image=&#8220;https:\/\/cryomedpro.com\/wp-content\/uploads\/2016\/12\/784743-blue-crystals-frost-macro.jpg&#8220; transparent_background=&#8220;off&#8220; allow_player_pause=&#8220;off&#8220; inner_shadow=&#8220;off&#8220; parallax=&#8220;off&#8220; parallax_method=&#8220;off&#8220; custom_padding=&#8220;3px||4px|&#8220; padding_mobile=&#8220;off&#8220; make_fullwidth=&#8220;off&#8220; use_custom_width=&#8220;off&#8220; width_unit=&#8220;on&#8220; make_equal=&#8220;off&#8220; use_custom_gutter=&#8220;off&#8220; module_class=&#8220;ns-banner&#8220;][et_pb_row admin_label=&#8220;row&#8220;][et_pb_column type=&#8220;4_4&#8243;][et_pb_text admin_label=&#8220;Text&#8220; background_layout=&#8220;dark&#8220; text_orientation=&#8220;center&#8220; use_border_color=&#8220;off&#8220; border_color=&#8220;#ffffff&#8220; border_style=&#8220;solid&#8220;]<\/p>\n<h1 style=\"text-align: center;\">Dewarovy n\u00e1doby<\/h1>\n<p><img decoding=\"async\" loading=\"lazy\" class=\"size-full wp-image-150 aligncenter\" src=\"https:\/\/cryomedpro.com\/wp-content\/uploads\/2016\/10\/heading-underline.png\" alt=\"heading-underline\" width=\"309\" height=\"12\" srcset=\"https:\/\/cryomedpro.com\/wp-content\/uploads\/2016\/10\/heading-underline.png 309w, https:\/\/cryomedpro.com\/wp-content\/uploads\/2016\/10\/heading-underline-300x12.png 300w\" sizes=\"(max-width: 309px) 100vw, 309px\" \/><\/p>\n<p>[\/et_pb_text][\/et_pb_column][\/et_pb_row][\/et_pb_section][et_pb_section admin_label=&#8220;Section&#8220; fullwidth=&#8220;off&#8220; specialty=&#8220;off&#8220; transparent_background=&#8220;off&#8220; allow_player_pause=&#8220;off&#8220; inner_shadow=&#8220;off&#8220; parallax=&#8220;off&#8220; parallax_method=&#8220;off&#8220; custom_padding=&#8220;15px|0px|0px|0px&#8220; padding_mobile=&#8220;off&#8220; make_fullwidth=&#8220;off&#8220; use_custom_width=&#8220;off&#8220; width_unit=&#8220;on&#8220; make_equal=&#8220;off&#8220; use_custom_gutter=&#8220;off&#8220;][et_pb_row admin_label=&#8220;Row&#8220; make_fullwidth=&#8220;off&#8220; use_custom_width=&#8220;off&#8220; width_unit=&#8220;on&#8220; use_custom_gutter=&#8220;off&#8220; padding_mobile=&#8220;off&#8220; allow_player_pause=&#8220;off&#8220; parallax=&#8220;off&#8220; parallax_method=&#8220;off&#8220; make_equal=&#8220;off&#8220; parallax_1=&#8220;off&#8220; parallax_method_1=&#8220;off&#8220; column_padding_mobile=&#8220;on&#8220; custom_padding=&#8220;0px|0px|0px|0px&#8220;][et_pb_column type=&#8220;4_4&#8243;][et_pb_code admin_label=&#8220;Code&#8220;]\tCryo\n<span><span><a href=\"https:\/\/cryomedpro.com\/cs\/\">Home<\/a><\/span><\/span>[\/et_pb_code][\/et_pb_column][\/et_pb_row][\/et_pb_section][et_pb_section admin_label=&#8220;Section&#8220; fullwidth=&#8220;off&#8220; specialty=&#8220;off&#8220;][et_pb_row admin_label=&#8220;Row&#8220;][et_pb_column type=&#8220;1_2&#8243;][et_pb_image admin_label=&#8220;Image&#8220; src=&#8220;https:\/\/cryomedpro.com\/wp-content\/uploads\/2017\/11\/dewars_ck.gif&#8220; alt=&#8220;Dewar Vessels&#8220; title_text=&#8220;Dewar Vessels&#8220; show_in_lightbox=&#8220;off&#8220; url_new_window=&#8220;off&#8220; use_overlay=&#8220;off&#8220; animation=&#8220;left&#8220; sticky=&#8220;off&#8220; align=&#8220;center&#8220; force_fullwidth=&#8220;off&#8220; always_center_on_mobile=&#8220;on&#8220; use_border_color=&#8220;off&#8220; border_color=&#8220;#ffffff&#8220; border_style=&#8220;solid&#8220;]<\/p>\n<p>[\/et_pb_image][\/et_pb_column][et_pb_column type=&#8220;1_2&#8243;][et_pb_text admin_label=&#8220;Text&#8220; background_layout=&#8220;light&#8220; text_orientation=&#8220;left&#8220; use_border_color=&#8220;off&#8220; border_color=&#8220;#ffffff&#8220; border_style=&#8220;solid&#8220;]<\/p>\n<h2>Co jjsou Dewarovy n\u00e1doby?<\/h2>\n<p>Dewarova n\u00e1doba je speci\u00e1ln\u00ed typ termosky ur\u010den\u00fd k p\u0159eprav\u011b a skladov\u00e1n\u00ed velk\u00e9ho mno\u017estv\u00ed tekut\u00e9ho dus\u00edku, argonu a kysl\u00edku. Vysok\u00e1 konstruk\u010dn\u00ed \u00fa\u010dinnost syst\u00e9mu tepeln\u00e9 izolace zaru\u010duje maxim\u00e1ln\u00ed doby skladov\u00e1n\u00ed kryogenn\u00edho m\u00e9dia.<\/p>\n<p>Dewarovy n\u00e1doby s tekut\u00fdm dus\u00edkem nab\u00edzej\u00ed vysoce \u00fa\u010dinn\u00e9 zmra\u017een\u00ed v kombinaci s n\u00edzkou hmotnost\u00ed a po\u017eadavky na skladovac\u00ed m\u00edsto. Jsou vhodn\u00e9 k vyu\u017eit\u00ed ve v\u00fdzkumn\u00fdch laborato\u0159\u00edch, wellness a kosmetick\u00fdch centrech, zdravotn\u00ed p\u00e9\u010di, pr\u016fmyslov\u00e9 v\u00fdrob\u011b a sportovn\u00ed medic\u00edn\u011b.<\/p>\n<p>Dewarovy n\u00e1doby s tekut\u00fdm dus\u00edkem Cryomed jsou dostupn\u00e9 v r\u016fzn\u00fdch velikostech: 6; 10; 17,5; 26,5 a 40 litr\u016f.<\/p>\n<p>[\/et_pb_text][\/et_pb_column][\/et_pb_row][et_pb_row admin_label=&#8220;Row&#8220;][et_pb_column type=&#8220;4_4&#8243;][et_pb_text admin_label=&#8220;Text&#8220; background_layout=&#8220;light&#8220; text_orientation=&#8220;left&#8220; use_border_color=&#8220;off&#8220; border_color=&#8220;#ffffff&#8220; border_style=&#8220;solid&#8220;]<\/p>\n<h2 style=\"text-align: center; color: #666666;\">Technick\u00e1 charakteristika Dewarov\u00e1ch n\u00e1dob:<\/h2>\n<p><img decoding=\"async\" loading=\"lazy\" class=\"size-medium wp-image-85 aligncenter\" src=\"https:\/\/cryomedpro.com\/wp-content\/uploads\/2016\/10\/brush-2-300x12.png\" alt=\"brush-2\" width=\"300\" height=\"12\" srcset=\"https:\/\/cryomedpro.com\/wp-content\/uploads\/2016\/10\/brush-2-300x12.png 300w, https:\/\/cryomedpro.com\/wp-content\/uploads\/2016\/10\/brush-2.png 309w\" sizes=\"(max-width: 300px) 100vw, 300px\" \/><\/p>\n<p>[\/et_pb_text][et_pb_text admin_label=&#8220;Text&#8220; background_layout=&#8220;light&#8220; text_orientation=&#8220;left&#8220; use_border_color=&#8220;off&#8220; border_color=&#8220;#ffffff&#8220; border_style=&#8220;solid&#8220;]<\/p>\n<ul>\n<li>vysok\u00e1 \u00falo\u017en\u00e1 kapacit\u00e1 a schopnost dopl\u0148ov\u00e1n\u00ed (od 6 do 40 l);<\/li>\n<li>kompatibiln\u00ed velikost na m\u00edru (vn\u011bj\u0161\u00ed pr\u016fm\u011br 260 a\u017e 460 mm, v\u00fd\u0161ka od 480 do 720 mm);<\/li>\n<li>n\u00edzk\u00e1 teplota opa\u0159ov\u00e1n\u00ed;<\/li>\n<li>n\u00edzk\u00e1 hmotnost (od 4,5 do 14,5 kg);<\/li>\n<li>pokro\u010dil\u00e1 technologie vakuov\u00e1n\u00ed a izolace;<\/li>\n<li>minim\u00e1ln\u00ed ztr\u00e1ty dus\u00edku;<\/li>\n<li>v\u0161echny typy dopravyk dispozici;<\/li>\n<li>garantovan\u00e1 \u017eivotnost \u2013 8 let p\u0159i spr\u00e1vn\u00e9m pou\u017e\u00edv\u00e1n\u00ed.<\/li>\n<\/ul>\n<p>[\/et_pb_text][et_pb_text admin_label=&#8220;Text&#8220; background_layout=&#8220;light&#8220; text_orientation=&#8220;left&#8220; use_border_color=&#8220;off&#8220; border_color=&#8220;#ffffff&#8220; border_style=&#8220;solid&#8220;]<\/p>\n<table class=\"responstable\">\n<tbody>\n<tr>\n<td rowspan=\"2\">Model<\/td>\n<td rowspan=\"2\">Kapacita, litry<\/td>\n<td rowspan=\"2\">Po\u010det dn\u016f do \u00fapln\u00e9ho odpa\u0159ov\u00e1n\u00ed dus\u00edku<\/td>\n<td rowspan=\"2\">Hmotnost bez dus\u00edku, kg<\/td>\n<td rowspan=\"2\">Pr\u016fm\u011br krku, mm<\/td>\n<td colspan=\"2\">Celkov\u00e9 rozm\u011bry, mm<\/td>\n<\/tr>\n<tr>\n<td>V\u00fd\u0161ka<\/td>\n<td>Pr\u016fm\u011br<\/td>\n<\/tr>\n<tr>\n<td>DV-5<\/td>\n<td>5,2<\/td>\n<td>20<\/td>\n<td>5,34<\/td>\n<td>60<\/td>\n<td>420<\/td>\n<td>260<\/td>\n<\/tr>\n<tr>\n<td>DV-10<\/td>\n<td>10<\/td>\n<td>50<\/td>\n<td>8,8<\/td>\n<td>60<\/td>\n<td>520<\/td>\n<td>382<\/td>\n<\/tr>\n<tr>\n<td>DV-16<\/td>\n<td>16<\/td>\n<td>100<\/td>\n<td>9,7<\/td>\n<td>60<\/td>\n<td>635<\/td>\n<td>382<\/td>\n<\/tr>\n<tr>\n<td>DV-34<\/td>\n<td>35<\/td>\n<td>270<\/td>\n<td>18<\/td>\n<td>60<\/td>\n<td>790<\/td>\n<td>500<\/td>\n<\/tr>\n<tr>\n<td>DV-35<\/td>\n<td>35<\/td>\n<td>110<\/td>\n<td>17,8<\/td>\n<td>117<\/td>\n<td>790<\/td>\n<td>500<\/td>\n<\/tr>\n<tr>\n<td>DV-40<\/td>\n<td>40<\/td>\n<td>60<\/td>\n<td>14,5<\/td>\n<td>56<\/td>\n<td>720<\/td>\n<td>460<\/td>\n<\/tr>\n<tr>\n<td>DV-45<\/td>\n<td>45<\/td>\n<td>110<\/td>\n<td>19,6<\/td>\n<td>117<\/td>\n<td>820<\/td>\n<td>550<\/td>\n<\/tr>\n<\/tbody>\n<\/table>\n<p>[\/et_pb_text][et_pb_text admin_label=&#8220;Text&#8220; background_layout=&#8220;light&#8220; text_orientation=&#8220;left&#8220; use_border_color=&#8220;off&#8220; border_color=&#8220;#ffffff&#8220; border_style=&#8220;solid&#8220;]<\/p>\n<p>P\u0159i pou\u017eit\u00ed tekut\u00e9ho dus\u00edku nezapome\u0148te pou\u017e\u00edt kryo rukavice a oble\u010den\u00ed nejvy\u0161\u0161\u00ed kvality k ochran\u011b obsluhy. <\/p>\n<p>Kvalita kryogenn\u00edch Dewarov\u00fdch n\u00e1dob je \u00fa\u010dinn\u00e1 z\u00e1ruka jejich spolehlivosti, bezpe\u010dnosti a pohodl\u00ed v provozu.<\/p>\n<p>[\/et_pb_text][\/et_pb_column][\/et_pb_row][et_pb_row admin_label=&#8220;Row&#8220;][et_pb_column type=&#8220;1_2&#8243;][et_pb_text admin_label=&#8220;Text&#8220; background_layout=&#8220;light&#8220; text_orientation=&#8220;left&#8220; use_border_color=&#8220;off&#8220; border_color=&#8220;#ffffff&#8220; border_style=&#8220;solid&#8220;]<\/p>\n<h2>Upozor\u0148ujeme, \u017ee: <\/h2>\n<p>Pokud pou\u017e\u00edv\u00e1te profesion\u00e1ln\u00ed za\u0159\u00edzen\u00ed, jako je Cryomed Pro nebo Cryofan, nejvhodn\u011bj\u0161\u00ed je 40l Dewarova n\u00e1doba. Je to nej\u00fa\u010dinn\u011bj\u0161\u00ed typ n\u00e1dr\u017ee s tekut\u00fdm dus\u00edkem s v\u00fdhodou mal\u00e9 ztr\u00e1ty dus\u00edku a st\u0159edn\u00ed kapacity \u00falo\u017ei\u0161t\u011b. Jsme si v\u011bdomi pot\u0159eb profesion\u00e1l\u016f z cel\u00e9ho sv\u011bta. Te\u010f je va\u0161e p\u0159eprava kryogen\u016f snadn\u00e1 a bezpe\u010dn\u00e1.<\/p>\n<h2>P\u0159izp\u016fsoben\u00ed<\/h2>\n<p>Mal\u00e9 Dewarovy n\u00e1doby jsou ide\u00e1ln\u00ed k do\u010dasn\u00e9mu skladov\u00e1n\u00ed kapaln\u00e9ho dus\u00edku v laborato\u0159\u00edch nebo i doma. N\u00e1doby s v\u011bt\u0161\u00ed objemy jsou ide\u00e1ln\u00ed pro kosmetick\u00e1 a zdravotn\u00ed st\u0159ediska. M\u016f\u017eete si zvolit, co budete pot\u0159ebovat. na prodej jsou no\u0159n\u00ed a mal\u00e9 ru\u010dn\u00ed dus\u00edkov\u00e9 Dewarovy n\u00e1doby. Cryomed dok\u00e1\u017ee uspokojit po\u017eadavky ka\u017ed\u00e9ho z\u00e1kazn\u00edka.<\/p>\n<p>[\/et_pb_text][\/et_pb_column][et_pb_column type=&#8220;1_2&#8243;][et_pb_image admin_label=&#8220;Image&#8220; src=&#8220;https:\/\/cryomedpro.com\/wp-content\/uploads\/2017\/11\/u160_new3.jpg&#8220; alt=&#8220;Customization Dewars Vessels&#8220; title_text=&#8220;Customization Dewars Vessels&#8220; show_in_lightbox=&#8220;off&#8220; url_new_window=&#8220;off&#8220; use_overlay=&#8220;off&#8220; animation=&#8220;left&#8220; sticky=&#8220;off&#8220; align=&#8220;center&#8220; force_fullwidth=&#8220;off&#8220; always_center_on_mobile=&#8220;on&#8220; use_border_color=&#8220;off&#8220; border_color=&#8220;#ffffff&#8220; border_style=&#8220;solid&#8220;]<\/p>\n<p>[\/et_pb_image][\/et_pb_column][\/et_pb_row][et_pb_row admin_label=&#8220;Row&#8220;][et_pb_column type=&#8220;4_4&#8243;][et_pb_text admin_label=&#8220;Text&#8220; background_layout=&#8220;light&#8220; text_orientation=&#8220;left&#8220; use_border_color=&#8220;off&#8220; border_color=&#8220;#ffffff&#8220; border_style=&#8220;solid&#8220;]<\/p>\n<p style=\"text-align: center;\">Pokud m\u00e1te jak\u00e9koli dal\u0161\u00ed dotazy ohledn\u011b Dewarov\u00fdch n\u00e1dob, kontaktujte n\u00e1s!<\/p>\n<p>[\/et_pb_text][et_pb_button admin_label=&#8220;Button&#8220; url_new_window=&#8220;off&#8220; button_text=&#8220;PO\u017d\u00c1DEJTE O CENU&#8220; button_alignment=&#8220;center&#8220; background_layout=&#8220;dark&#8220; custom_button=&#8220;on&#8220; button_letter_spacing=&#8220;0&#8243; button_use_icon=&#8220;default&#8220; button_icon_placement=&#8220;right&#8220; button_on_hover=&#8220;on&#8220; button_letter_spacing_hover=&#8220;0&#8243; module_class=&#8220;popmake-contact-form-cs&#8220; button_text_size=&#8220;15&#8243; button_text_color=&#8220;#ffffff&#8220; button_bg_color=&#8220;#8fd400&#8243; button_bg_color_hover=&#8220;#b0d369&#8243; button_border_width=&#8220;0&#8243;]<\/p>\n<p>[\/et_pb_button][\/et_pb_column][\/et_pb_row][\/et_pb_section]<\/p>\n","protected":false},"excerpt":{"rendered":"<p>[et_pb_section admin_label=&#8220;section&#8220; background_image=&#8220;https:\/\/cryomedpro.com\/wp-content\/uploads\/2016\/12\/784743-blue-crystals-frost-macro.jpg&#8220; transparent_background=&#8220;off&#8220; allow_player_pause=&#8220;off&#8220; inner_shadow=&#8220;off&#8220; parallax=&#8220;off&#8220; parallax_method=&#8220;off&#8220; custom_padding=&#8220;3px||4px|&#8220; padding_mobile=&#8220;off&#8220; make_fullwidth=&#8220;off&#8220; use_custom_width=&#8220;off&#8220; width_unit=&#8220;on&#8220; make_equal=&#8220;off&#8220; use_custom_gutter=&#8220;off&#8220; module_class=&#8220;ns-banner&#8220;][et_pb_row admin_label=&#8220;row&#8220;][et_pb_column type=&#8220;4_4&#8243;][et_pb_text admin_label=&#8220;Text&#8220; background_layout=&#8220;dark&#8220; text_orientation=&#8220;center&#8220; use_border_color=&#8220;off&#8220; border_color=&#8220;#ffffff&#8220; border_style=&#8220;solid&#8220;] Dewarovy n\u00e1doby [\/et_pb_text][\/et_pb_column][\/et_pb_row][\/et_pb_section][et_pb_section admin_label=&#8220;Section&#8220; fullwidth=&#8220;off&#8220; specialty=&#8220;off&#8220; transparent_background=&#8220;off&#8220; allow_player_pause=&#8220;off&#8220; inner_shadow=&#8220;off&#8220; parallax=&#8220;off&#8220; parallax_method=&#8220;off&#8220; custom_padding=&#8220;15px|0px|0px|0px&#8220; padding_mobile=&#8220;off&#8220; make_fullwidth=&#8220;off&#8220; use_custom_width=&#8220;off&#8220; width_unit=&#8220;on&#8220; make_equal=&#8220;off&#8220; use_custom_gutter=&#8220;off&#8220;][et_pb_row admin_label=&#8220;Row&#8220; make_fullwidth=&#8220;off&#8220; use_custom_width=&#8220;off&#8220; width_unit=&#8220;on&#8220; use_custom_gutter=&#8220;off&#8220; padding_mobile=&#8220;off&#8220; allow_player_pause=&#8220;off&#8220; parallax=&#8220;off&#8220; parallax_method=&#8220;off&#8220; make_equal=&#8220;off&#8220; parallax_1=&#8220;off&#8220; parallax_method_1=&#8220;off&#8220; column_padding_mobile=&#8220;on&#8220; [&hellip;]<\/p>\n","protected":false},"author":2,"featured_media":0,"parent":0,"menu_order":0,"comment_status":"closed","ping_status":"closed","template":"","meta":[],"tags":[],"yoast_head":"<!-- This site is optimized with the Yoast SEO plugin v20.0 - https:\/\/yoast.com\/wordpress\/plugins\/seo\/ -->\n<title>Dewarovy n\u00e1doby<\/title>\n<meta name=\"description\" content=\"Dewarova n\u00e1doba je speci\u00e1ln\u00ed typ termosky ur\u010den\u00fd k p\u0159eprav\u011b a skladov\u00e1n\u00ed velk\u00e9ho mno\u017estv\u00ed tekut\u00e9ho dus\u00edku, argonu a kysl\u00edku. Vysok\u00e1 konstruk\u010dn\u00ed \u00fa\u010dinnost syst\u00e9mu tepeln\u00e9 izolace zaru\u010duje maxim\u00e1ln\u00ed doby skladov\u00e1n\u00ed kryogenn\u00edho m\u00e9dia.\" \/>\n<meta name=\"robots\" content=\"index, follow, max-snippet:-1, max-image-preview:large, max-video-preview:-1\" \/>\n<link rel=\"canonical\" href=\"https:\/\/cryomedpro.com\/cs\/dewar-vessels\/\" \/>\n<meta property=\"og:locale\" content=\"cs_CZ\" \/>\n<meta property=\"og:type\" content=\"article\" \/>\n<meta property=\"og:title\" content=\"Dewarovy n\u00e1doby\" \/>\n<meta property=\"og:description\" content=\"Dewarova n\u00e1doba je speci\u00e1ln\u00ed typ termosky ur\u010den\u00fd k p\u0159eprav\u011b a skladov\u00e1n\u00ed velk\u00e9ho mno\u017estv\u00ed tekut\u00e9ho dus\u00edku, argonu a kysl\u00edku. Vysok\u00e1 konstruk\u010dn\u00ed \u00fa\u010dinnost syst\u00e9mu tepeln\u00e9 izolace zaru\u010duje maxim\u00e1ln\u00ed doby skladov\u00e1n\u00ed kryogenn\u00edho m\u00e9dia.\" \/>\n<meta property=\"og:url\" content=\"https:\/\/cryomedpro.com\/cs\/dewar-vessels\/\" \/>\n<meta property=\"og:site_name\" content=\"Cryomed PRO\" \/>\n<meta property=\"article:modified_time\" content=\"2019-11-28T11:04:45+00:00\" \/>\n<meta property=\"og:image\" content=\"https:\/\/cryomedpro.com\/wp-content\/uploads\/2016\/10\/heading-underline.png\" \/>\n<meta name=\"twitter:card\" content=\"summary_large_image\" \/>\n<meta name=\"twitter:label1\" content=\"Odhadovan\u00e1 doba \u010dten\u00ed\" \/>\n\t<meta name=\"twitter:data1\" content=\"6 minut\" \/>\n<!-- \/ Yoast SEO plugin. -->","yoast_head_json":{"title":"Dewarovy n\u00e1doby","description":"Dewarova n\u00e1doba je speci\u00e1ln\u00ed typ termosky ur\u010den\u00fd k p\u0159eprav\u011b a skladov\u00e1n\u00ed velk\u00e9ho mno\u017estv\u00ed tekut\u00e9ho dus\u00edku, argonu a kysl\u00edku. Vysok\u00e1 konstruk\u010dn\u00ed \u00fa\u010dinnost syst\u00e9mu tepeln\u00e9 izolace zaru\u010duje maxim\u00e1ln\u00ed doby skladov\u00e1n\u00ed kryogenn\u00edho m\u00e9dia.","robots":{"index":"index","follow":"follow","max-snippet":"max-snippet:-1","max-image-preview":"max-image-preview:large","max-video-preview":"max-video-preview:-1"},"canonical":"https:\/\/cryomedpro.com\/cs\/dewar-vessels\/","og_locale":"cs_CZ","og_type":"article","og_title":"Dewarovy n\u00e1doby","og_description":"Dewarova n\u00e1doba je speci\u00e1ln\u00ed typ termosky ur\u010den\u00fd k p\u0159eprav\u011b a skladov\u00e1n\u00ed velk\u00e9ho mno\u017estv\u00ed tekut\u00e9ho dus\u00edku, argonu a kysl\u00edku. Vysok\u00e1 konstruk\u010dn\u00ed \u00fa\u010dinnost syst\u00e9mu tepeln\u00e9 izolace zaru\u010duje maxim\u00e1ln\u00ed doby skladov\u00e1n\u00ed kryogenn\u00edho m\u00e9dia.","og_url":"https:\/\/cryomedpro.com\/cs\/dewar-vessels\/","og_site_name":"Cryomed PRO","article_modified_time":"2019-11-28T11:04:45+00:00","og_image":[{"url":"https:\/\/cryomedpro.com\/wp-content\/uploads\/2016\/10\/heading-underline.png"}],"twitter_card":"summary_large_image","twitter_misc":{"Odhadovan\u00e1 doba \u010dten\u00ed":"6 minut"},"schema":{"@context":"https:\/\/schema.org","@graph":[{"@type":"WebPage","@id":"https:\/\/cryomedpro.com\/cs\/dewar-vessels\/","url":"https:\/\/cryomedpro.com\/cs\/dewar-vessels\/","name":"Dewarovy n\u00e1doby","isPartOf":{"@id":"https:\/\/cryomedpro.com\/#website"},"datePublished":"2017-11-21T12:04:23+00:00","dateModified":"2019-11-28T11:04:45+00:00","description":"Dewarova n\u00e1doba je speci\u00e1ln\u00ed typ termosky ur\u010den\u00fd k p\u0159eprav\u011b a skladov\u00e1n\u00ed velk\u00e9ho mno\u017estv\u00ed tekut\u00e9ho dus\u00edku, argonu a kysl\u00edku. Vysok\u00e1 konstruk\u010dn\u00ed \u00fa\u010dinnost syst\u00e9mu tepeln\u00e9 izolace zaru\u010duje maxim\u00e1ln\u00ed doby skladov\u00e1n\u00ed kryogenn\u00edho m\u00e9dia.","breadcrumb":{"@id":"https:\/\/cryomedpro.com\/cs\/dewar-vessels\/#breadcrumb"},"inLanguage":"cs","potentialAction":[{"@type":"ReadAction","target":["https:\/\/cryomedpro.com\/cs\/dewar-vessels\/"]}]},{"@type":"BreadcrumbList","@id":"https:\/\/cryomedpro.com\/cs\/dewar-vessels\/#breadcrumb","itemListElement":[{"@type":"ListItem","position":1,"name":"Home","item":"https:\/\/cryomedpro.com\/cs\/"},{"@type":"ListItem","position":2,"name":"Dewarovy n\u00e1doby"}]},{"@type":"WebSite","@id":"https:\/\/cryomedpro.com\/#website","url":"https:\/\/cryomedpro.com\/","name":"Cryomed PRO","description":"Cryosaunas Worldwide","publisher":{"@id":"https:\/\/cryomedpro.com\/#\/schema\/person\/752b92c38fb6f6c5052ef7763f4d79eb"},"potentialAction":[{"@type":"SearchAction","target":{"@type":"EntryPoint","urlTemplate":"https:\/\/cryomedpro.com\/?s={search_term_string}"},"query-input":"required name=search_term_string"}],"inLanguage":"cs"},{"@type":["Person","Organization"],"@id":"https:\/\/cryomedpro.com\/#\/schema\/person\/752b92c38fb6f6c5052ef7763f4d79eb","name":"healthycold","image":{"@type":"ImageObject","inLanguage":"cs","@id":"https:\/\/cryomedpro.com\/#\/schema\/person\/image\/","url":"https:\/\/secure.gravatar.com\/avatar\/bbe2f3ec78281a56dba108d1bf0f9ffa?s=96&d=mm&r=g","contentUrl":"https:\/\/secure.gravatar.com\/avatar\/bbe2f3ec78281a56dba108d1bf0f9ffa?s=96&d=mm&r=g","caption":"healthycold"},"logo":{"@id":"https:\/\/cryomedpro.com\/#\/schema\/person\/image\/"}}]}},"_links":{"self":[{"href":"https:\/\/cryomedpro.com\/cs\/wp-json\/wp\/v2\/pages\/5513"}],"collection":[{"href":"https:\/\/cryomedpro.com\/cs\/wp-json\/wp\/v2\/pages"}],"about":[{"href":"https:\/\/cryomedpro.com\/cs\/wp-json\/wp\/v2\/types\/page"}],"author":[{"embeddable":true,"href":"https:\/\/cryomedpro.com\/cs\/wp-json\/wp\/v2\/users\/2"}],"replies":[{"embeddable":true,"href":"https:\/\/cryomedpro.com\/cs\/wp-json\/wp\/v2\/comments?post=5513"}],"version-history":[{"count":0,"href":"https:\/\/cryomedpro.com\/cs\/wp-json\/wp\/v2\/pages\/5513\/revisions"}],"wp:attachment":[{"href":"https:\/\/cryomedpro.com\/cs\/wp-json\/wp\/v2\/media?parent=5513"}],"wp:term":[{"taxonomy":"post_tag","embeddable":true,"href":"https:\/\/cryomedpro.com\/cs\/wp-json\/wp\/v2\/tags?post=5513"}],"curies":[{"name":"wp","href":"https:\/\/api.w.org\/{rel}","templated":true}]}}