{"id":9573,"date":"2018-08-03T09:38:29","date_gmt":"2018-08-03T07:38:29","guid":{"rendered":"https:\/\/cryomedpro.com\/cryotherapy-machine-lease\/"},"modified":"2019-11-28T12:11:34","modified_gmt":"2019-11-28T11:11:34","slug":"cryotherapy-machine-lease","status":"publish","type":"page","link":"https:\/\/cryomedpro.com\/cs\/cryotherapy-machine-lease\/","title":{"rendered":"Leasing kryoterapeutick\u00e9ho stroje"},"content":{"rendered":"<p>[et_pb_section admin_label=&#8220;section&#8220; background_image=&#8220;https:\/\/cryomedpro.com\/wp-content\/uploads\/2018\/08\/cryo-back-2018-leasing.jpg&#8220; transparent_background=&#8220;off&#8220; allow_player_pause=&#8220;off&#8220; inner_shadow=&#8220;off&#8220; parallax=&#8220;off&#8220; parallax_method=&#8220;off&#8220; custom_padding=&#8220;3px|0px|4px|0px&#8220; padding_mobile=&#8220;off&#8220; make_fullwidth=&#8220;off&#8220; use_custom_width=&#8220;off&#8220; width_unit=&#8220;on&#8220; make_equal=&#8220;off&#8220; use_custom_gutter=&#8220;off&#8220; fullwidth=&#8220;off&#8220; specialty=&#8220;off&#8220; module_class=&#8220;ns-banner&#8220; disabled=&#8220;off&#8220;][et_pb_row admin_label=&#8220;row&#8220; make_fullwidth=&#8220;off&#8220; use_custom_width=&#8220;off&#8220; width_unit=&#8220;off&#8220; custom_width_px=&#8220;1080px&#8220; custom_width_percent=&#8220;80%&#8220; use_custom_gutter=&#8220;off&#8220; gutter_width=&#8220;3&#8243; custom_padding=&#8220;21px|0px|21.45px|0px&#8220; padding_mobile=&#8220;off&#8220; allow_player_pause=&#8220;off&#8220; parallax=&#8220;off&#8220; parallax_method=&#8220;on&#8220; make_equal=&#8220;off&#8220; column_padding_mobile=&#8220;on&#8220; parallax_1=&#8220;off&#8220; parallax_method_1=&#8220;on&#8220; parallax_2=&#8220;off&#8220; parallax_method_2=&#8220;on&#8220; parallax_3=&#8220;off&#8220; parallax_method_3=&#8220;on&#8220; parallax_4=&#8220;off&#8220; parallax_method_4=&#8220;on&#8220; disabled=&#8220;off&#8220;][et_pb_column type=&#8220;4_4&#8243;][et_pb_text admin_label=&#8220;Text&#8220; background_layout=&#8220;dark&#8220; text_orientation=&#8220;center&#8220; use_border_color=&#8220;off&#8220; border_style=&#8220;solid&#8220; disabled=&#8220;off&#8220; border_color=&#8220;#ffffff&#8220;]<\/p>\n<h1 style=\"text-align: center;\">Leasing kryoterapeutick\u00e9ho stroje<\/h1>\n<p><img decoding=\"async\" loading=\"lazy\" class=\"size-full wp-image-150 aligncenter\" src=\"\/wp-content\/uploads\/2016\/10\/heading-underline.png\" alt=\"heading-underline\" width=\"309\" height=\"12\" srcset=\"https:\/\/cryomedpro.com\/wp-content\/uploads\/2016\/10\/heading-underline.png 309w, https:\/\/cryomedpro.com\/wp-content\/uploads\/2016\/10\/heading-underline-300x12.png 300w\" sizes=\"(max-width: 309px) 100vw, 309px\" \/><\/p>\n<p>[\/et_pb_text][\/et_pb_column][\/et_pb_row][\/et_pb_section][et_pb_section admin_label=&#8220;section&#8220;][et_pb_row admin_label=&#8220;row&#8220;][et_pb_column type=&#8220;1_2&#8243;][et_pb_image admin_label=&#8220;Image&#8220; src=&#8220;https:\/\/cryomedpro.com\/wp-content\/uploads\/2018\/08\/business-3152586_640.jpg&#8220; alt=&#8220;Pron\u00e1jem kryoterapeutick\u00e9ho stroje&#8220; title_text=&#8220;Pron\u00e1jem kryoterapeutick\u00e9ho stroje&#8220; show_in_lightbox=&#8220;off&#8220; url_new_window=&#8220;off&#8220; use_overlay=&#8220;off&#8220; animation=&#8220;left&#8220; sticky=&#8220;off&#8220; align=&#8220;left&#8220; force_fullwidth=&#8220;off&#8220; always_center_on_mobile=&#8220;on&#8220; use_border_color=&#8220;off&#8220; border_color=&#8220;#ffffff&#8220; border_style=&#8220;solid&#8220;]<\/p>\n<p>&nbsp;<\/p>\n<p>[\/et_pb_image][\/et_pb_column][et_pb_column type=&#8220;1_2&#8243;][et_pb_text admin_label=&#8220;Text&#8220; background_layout=&#8220;light&#8220; text_orientation=&#8220;left&#8220; use_border_color=&#8220;off&#8220; border_color=&#8220;#ffffff&#8220; border_style=&#8220;solid&#8220;]<\/p>\n<h2>Pro\u010d m\u00edt kryoterapeutickou komoru na leasing?<\/h2>\n<p>Mo\u017enost leasingu kryosauny spole\u010dnosti Cryomed, podobn\u011b jako v p\u0159\u00edpad\u011b pron\u00e1jmu kryoterapeutick\u00e9ho stroje, je ur\u010dena z\u00e1kazn\u00edk\u016fm, kte\u0159\u00ed cht\u011bj\u00ed za\u010d\u00edt podnikat v oblasti kryoterapie, ale do\u010dasn\u011b jim chyb\u00ed pen\u00edze na zaplacen\u00ed cel\u00e9 investice hned od za\u010d\u00e1tku. Tato skupina potenci\u00e1ln\u00edch z\u00e1kazn\u00edk\u016f m\u016f\u017ee cht\u00edt vyu\u017e\u00edt st\u00e1vaj\u00edc\u00ed finan\u010dn\u00ed prost\u0159edky na dal\u0161\u00ed v\u00fddaje souvisej\u00edc\u00ed s podnik\u00e1n\u00edm sp\u00ed\u0161e ne\u017e v ran\u00e9 f\u00e1zi utratit cel\u00fd rozpo\u010det na vybaven\u00ed.<\/p>\n<p>Nov\u00e1 mo\u017enost financov\u00e1n\u00ed kryosauny je dal\u0161\u00edm podn\u011btem pro majitele mal\u00fdch sportovn\u00edch a fitness klub\u016f, rehabilita\u010dn\u00edch center, soukrom\u00fdch klinik a podobn\u00fdch organizac\u00ed, kter\u00e9 pr\u00e1v\u011b za\u010d\u00ednaj\u00ed poskytovat slu\u017eby kryoterapie. Leasing kryoterapeutick\u00e9ho stroje je rychlej\u0161\u00ed a m\u00e9n\u011b n\u00e1ro\u010dn\u00fd zp\u016fsob, jak zajistit financov\u00e1n\u00ed nejnov\u011bj\u0161\u00ed generace kryogenn\u00edch za\u0159\u00edzen\u00ed nab\u00edzen\u00fdch spole\u010dnost\u00ed Cryomed.<\/p>\n<p>[\/et_pb_text][\/et_pb_column][\/et_pb_row][\/et_pb_section][et_pb_section admin_label=&#8220;Section&#8220; fullwidth=&#8220;off&#8220; specialty=&#8220;off&#8220;][et_pb_row admin_label=&#8220;Row&#8220;][et_pb_column type=&#8220;4_4&#8243;][et_pb_text admin_label=&#8220;Text&#8220; background_layout=&#8220;light&#8220; text_orientation=&#8220;left&#8220; use_border_color=&#8220;off&#8220; border_color=&#8220;#ffffff&#8220; border_style=&#8220;solid&#8220;]<\/p>\n<h3>Podm\u00ednky pron\u00e1jmu kryoterapeutick\u00fdch stroj\u016f<\/h3>\n<p>Jako finan\u010dn\u00ed n\u00e1stroj je leasing kryokomory ide\u00e1ln\u00ed p\u0159\u00edle\u017eitost\u00ed k zah\u00e1jen\u00ed podnik\u00e1n\u00ed v oblasti zdravotnictv\u00ed i p\u0159i omezen\u00e9m financov\u00e1n\u00ed. Cryomed je prvn\u00ed spole\u010dnost\u00ed na trhu EU s t\u00edmto jedine\u010dn\u00fdm z\u00e1m\u011brem:<\/p>\n<ul>\n<li>20% z\u00e1loha<\/li>\n<li>Zb\u00fdvaj\u00edc\u00edch 80% n\u00e1klad\u016f na pron\u00e1jem kryosauny je rozd\u011bleno na 12 m\u011bs\u00ed\u010dn\u00edch spl\u00e1tek<\/li>\n<li>Pron\u00e1jem kryoterapeutick\u00e9 komory zvy\u0161uje a maloobchodn\u00ed cenu o 10%<\/li>\n<\/ul>\n<p>Tato nab\u00eddka se t\u00fdk\u00e1 obou model\u016f kryokomory: Cryomed Pro (dewar nebo tlakov\u00e1) a Cryomed Mini (tlakov\u00e1). V\u0161echna za\u0159\u00edzen\u00ed Cryomed, v\u010detn\u011b model\u016f nab\u00edzen\u00fdch s mo\u017enost\u00ed leasingu kryoterapeutick\u00e9ho stroje, pln\u011b vyhovuj\u00ed nejp\u0159\u00edsn\u011bj\u0161\u00edm bezpe\u010dnostn\u00edm po\u017eadavk\u016fm trhu EU a byly ofici\u00e1ln\u011b certifikov\u00e1ny pro pou\u017eit\u00ed jednotliv\u00fdmi spot\u0159ebiteli a zdravotnick\u00fdmi institucemi. Kryoterapeutick\u00fd leasing spole\u010dnosti Cryomed je okam\u017eit\u011b dostupn\u00fd v\u0161em z\u00e1kazn\u00edk\u016fm v Evropsk\u00e9 unii bez omezen\u00ed.<\/p>\n<p>Pokud jste majitelem sportovn\u00edho klubu, t\u011blocvi\u010dny, soukrom\u00e9 kliniky nebo rehabilita\u010dn\u00edho centra, vyu\u017eijte t\u00e9to \u0161ance jedine\u010dn\u00e9 nab\u00eddky leasingu kryokomory Cryomed. Na\u0161e kryoterapeutick\u00e9 stroje se vyzna\u010duj\u00ed v\u00fdjime\u010dnou kvalitou konstrukce, nejlep\u0161\u00edmi bezpe\u010dnostn\u00edmi prvky ve sv\u00e9 t\u0159\u00edd\u011b, nejnov\u011bj\u0161\u00edmi kryoterapeutick\u00fdmi technologiemi a vynikaj\u00edc\u00ed snadnost\u00ed pou\u017e\u00edv\u00e1n\u00ed. Pokud m\u00e1te z\u00e1jem o na\u0161i slu\u017ebu leasingu kryosauny, kontaktujte na\u0161e obchodn\u00ed odd\u011blen\u00ed na adrese <span \n                data-original-string='GPn7r05LT+TO8sgdecU\/kQ==caeHWAxYd6JEOwG\/bXM6Z2SBlsDNaX0F0Q4CmSZSeiuvEw='\n                class='apbct-email-encoder'\n                title='This contact has been encoded by Anti-Spam by CleanTalk. Click to decode. To finish the decoding make sure that JavaScript is enabled in your browser.'>in<span class=\"apbct-blur\">**<\/span>@<span class=\"apbct-blur\">********<\/span>ro.com<\/span> nebo n\u00e1m zavolejte na \u010d\u00edslo +421 948 224 850 a my v\u00e1m brzy odpov\u00edme s vlastn\u00ed nab\u00eddkou, v\u010detn\u011b p\u0159epravy, manipulace, p\u0159\u00edslu\u0161enstv\u00ed a mo\u017enost\u00ed p\u0159izp\u016fsoben\u00ed.<\/p>\n<p><span style=\"font-weight: 400;\">To view more financial options for your cryotherapy business, please visit the <\/span><a href=\"https:\/\/cryomedpro.com\/cs\/cryotherapy-machine-rental\/\"><span style=\"font-weight: 400;\">cryotherapy machine rental<\/span><\/a><span style=\"font-weight: 400;\"> and <\/span><a href=\"https:\/\/cryomedpro.com\/cs\/cryotherapy-machine-trade-in\/\"><span style=\"font-weight: 400;\">cryosauna trade-in<\/span><\/a><span style=\"font-weight: 400;\"> sections of our site.<\/span><\/p>\n<p>[\/et_pb_text][et_pb_button admin_label=&#8220;Button&#8220; url_new_window=&#8220;off&#8220; button_text=&#8220;PO\u017d\u00c1DEJTE O CENU&#8220; button_alignment=&#8220;left&#8220; background_layout=&#8220;light&#8220; custom_button=&#8220;off&#8220; button_letter_spacing=&#8220;0&#8243; button_use_icon=&#8220;default&#8220; button_icon_placement=&#8220;right&#8220; button_on_hover=&#8220;on&#8220; button_letter_spacing_hover=&#8220;0&#8243; module_class=&#8220;popmake-contact-form-cs&#8220;]<\/p>\n<p>[\/et_pb_button][\/et_pb_column][\/et_pb_row][\/et_pb_section]<\/p>\n","protected":false},"excerpt":{"rendered":"<p>[et_pb_section admin_label=&#8220;section&#8220; background_image=&#8220;https:\/\/cryomedpro.com\/wp-content\/uploads\/2018\/08\/cryo-back-2018-leasing.jpg&#8220; transparent_background=&#8220;off&#8220; allow_player_pause=&#8220;off&#8220; inner_shadow=&#8220;off&#8220; parallax=&#8220;off&#8220; parallax_method=&#8220;off&#8220; custom_padding=&#8220;3px|0px|4px|0px&#8220; padding_mobile=&#8220;off&#8220; make_fullwidth=&#8220;off&#8220; use_custom_width=&#8220;off&#8220; width_unit=&#8220;on&#8220; make_equal=&#8220;off&#8220; use_custom_gutter=&#8220;off&#8220; fullwidth=&#8220;off&#8220; specialty=&#8220;off&#8220; module_class=&#8220;ns-banner&#8220; disabled=&#8220;off&#8220;][et_pb_row admin_label=&#8220;row&#8220; make_fullwidth=&#8220;off&#8220; use_custom_width=&#8220;off&#8220; width_unit=&#8220;off&#8220; custom_width_px=&#8220;1080px&#8220; custom_width_percent=&#8220;80%&#8220; use_custom_gutter=&#8220;off&#8220; gutter_width=&#8220;3&#8243; custom_padding=&#8220;21px|0px|21.45px|0px&#8220; padding_mobile=&#8220;off&#8220; allow_player_pause=&#8220;off&#8220; parallax=&#8220;off&#8220; parallax_method=&#8220;on&#8220; make_equal=&#8220;off&#8220; column_padding_mobile=&#8220;on&#8220; parallax_1=&#8220;off&#8220; parallax_method_1=&#8220;on&#8220; parallax_2=&#8220;off&#8220; parallax_method_2=&#8220;on&#8220; parallax_3=&#8220;off&#8220; parallax_method_3=&#8220;on&#8220; parallax_4=&#8220;off&#8220; parallax_method_4=&#8220;on&#8220; disabled=&#8220;off&#8220;][et_pb_column type=&#8220;4_4&#8243;][et_pb_text admin_label=&#8220;Text&#8220; background_layout=&#8220;dark&#8220; text_orientation=&#8220;center&#8220; use_border_color=&#8220;off&#8220; border_style=&#8220;solid&#8220; disabled=&#8220;off&#8220; border_color=&#8220;#ffffff&#8220;] Leasing kryoterapeutick\u00e9ho stroje [\/et_pb_text][\/et_pb_column][\/et_pb_row][\/et_pb_section][et_pb_section [&hellip;]<\/p>\n","protected":false},"author":2,"featured_media":0,"parent":0,"menu_order":0,"comment_status":"closed","ping_status":"closed","template":"","meta":[],"tags":[],"yoast_head":"<!-- This site is optimized with the Yoast SEO plugin v20.0 - https:\/\/yoast.com\/wordpress\/plugins\/seo\/ -->\n<title>Leasing kryoterapeutick\u00e9ho stroje<\/title>\n<meta name=\"description\" content=\"Mo\u017enost leasingu kryosauny spole\u010dnosti Cryomed, podobn\u011b jako v p\u0159\u00edpad\u011b pron\u00e1jmu kryoterapeutick\u00e9ho stroje, je ur\u010dena z\u00e1kazn\u00edk\u016fm, kte\u0159\u00ed cht\u011bj\u00ed za\u010d\u00edt podnikat v oblasti kryoterapie, ale do\u010dasn\u011b jim chyb\u00ed pen\u00edze na zaplacen\u00ed cel\u00e9 investice hned od za\u010d\u00e1tku.\" \/>\n<meta name=\"robots\" content=\"index, follow, max-snippet:-1, max-image-preview:large, max-video-preview:-1\" \/>\n<link rel=\"canonical\" href=\"https:\/\/cryomedpro.com\/cs\/cryotherapy-machine-lease\/\" \/>\n<meta property=\"og:locale\" content=\"cs_CZ\" \/>\n<meta property=\"og:type\" content=\"article\" \/>\n<meta property=\"og:title\" content=\"Leasing kryoterapeutick\u00e9ho stroje\" \/>\n<meta property=\"og:description\" content=\"Mo\u017enost leasingu kryosauny spole\u010dnosti Cryomed, podobn\u011b jako v p\u0159\u00edpad\u011b pron\u00e1jmu kryoterapeutick\u00e9ho stroje, je ur\u010dena z\u00e1kazn\u00edk\u016fm, kte\u0159\u00ed cht\u011bj\u00ed za\u010d\u00edt podnikat v oblasti kryoterapie, ale do\u010dasn\u011b jim chyb\u00ed pen\u00edze na zaplacen\u00ed cel\u00e9 investice hned od za\u010d\u00e1tku.\" \/>\n<meta property=\"og:url\" content=\"https:\/\/cryomedpro.com\/cs\/cryotherapy-machine-lease\/\" \/>\n<meta property=\"og:site_name\" content=\"Cryomed PRO\" \/>\n<meta property=\"article:modified_time\" content=\"2019-11-28T11:11:34+00:00\" \/>\n<meta property=\"og:image\" content=\"https:\/\/cryomedpro.com\/wp-content\/uploads\/2016\/10\/heading-underline.png\" \/>\n<meta name=\"twitter:card\" content=\"summary_large_image\" \/>\n<meta name=\"twitter:label1\" content=\"Odhadovan\u00e1 doba \u010dten\u00ed\" \/>\n\t<meta name=\"twitter:data1\" content=\"4 minuty\" \/>\n<!-- \/ Yoast SEO plugin. -->","yoast_head_json":{"title":"Leasing kryoterapeutick\u00e9ho stroje","description":"Mo\u017enost leasingu kryosauny spole\u010dnosti Cryomed, podobn\u011b jako v p\u0159\u00edpad\u011b pron\u00e1jmu kryoterapeutick\u00e9ho stroje, je ur\u010dena z\u00e1kazn\u00edk\u016fm, kte\u0159\u00ed cht\u011bj\u00ed za\u010d\u00edt podnikat v oblasti kryoterapie, ale do\u010dasn\u011b jim chyb\u00ed pen\u00edze na zaplacen\u00ed cel\u00e9 investice hned od za\u010d\u00e1tku.","robots":{"index":"index","follow":"follow","max-snippet":"max-snippet:-1","max-image-preview":"max-image-preview:large","max-video-preview":"max-video-preview:-1"},"canonical":"https:\/\/cryomedpro.com\/cs\/cryotherapy-machine-lease\/","og_locale":"cs_CZ","og_type":"article","og_title":"Leasing kryoterapeutick\u00e9ho stroje","og_description":"Mo\u017enost leasingu kryosauny spole\u010dnosti Cryomed, podobn\u011b jako v p\u0159\u00edpad\u011b pron\u00e1jmu kryoterapeutick\u00e9ho stroje, je ur\u010dena z\u00e1kazn\u00edk\u016fm, kte\u0159\u00ed cht\u011bj\u00ed za\u010d\u00edt podnikat v oblasti kryoterapie, ale do\u010dasn\u011b jim chyb\u00ed pen\u00edze na zaplacen\u00ed cel\u00e9 investice hned od za\u010d\u00e1tku.","og_url":"https:\/\/cryomedpro.com\/cs\/cryotherapy-machine-lease\/","og_site_name":"Cryomed PRO","article_modified_time":"2019-11-28T11:11:34+00:00","og_image":[{"url":"https:\/\/cryomedpro.com\/wp-content\/uploads\/2016\/10\/heading-underline.png"}],"twitter_card":"summary_large_image","twitter_misc":{"Odhadovan\u00e1 doba \u010dten\u00ed":"4 minuty"},"schema":{"@context":"https:\/\/schema.org","@graph":[{"@type":"WebPage","@id":"https:\/\/cryomedpro.com\/cs\/cryotherapy-machine-lease\/","url":"https:\/\/cryomedpro.com\/cs\/cryotherapy-machine-lease\/","name":"Leasing kryoterapeutick\u00e9ho stroje","isPartOf":{"@id":"https:\/\/cryomedpro.com\/#website"},"datePublished":"2018-08-03T07:38:29+00:00","dateModified":"2019-11-28T11:11:34+00:00","description":"Mo\u017enost leasingu kryosauny spole\u010dnosti Cryomed, podobn\u011b jako v p\u0159\u00edpad\u011b pron\u00e1jmu kryoterapeutick\u00e9ho stroje, je ur\u010dena z\u00e1kazn\u00edk\u016fm, kte\u0159\u00ed cht\u011bj\u00ed za\u010d\u00edt podnikat v oblasti kryoterapie, ale do\u010dasn\u011b jim chyb\u00ed pen\u00edze na zaplacen\u00ed cel\u00e9 investice hned od za\u010d\u00e1tku.","breadcrumb":{"@id":"https:\/\/cryomedpro.com\/cs\/cryotherapy-machine-lease\/#breadcrumb"},"inLanguage":"cs","potentialAction":[{"@type":"ReadAction","target":["https:\/\/cryomedpro.com\/cs\/cryotherapy-machine-lease\/"]}]},{"@type":"BreadcrumbList","@id":"https:\/\/cryomedpro.com\/cs\/cryotherapy-machine-lease\/#breadcrumb","itemListElement":[{"@type":"ListItem","position":1,"name":"Home","item":"https:\/\/cryomedpro.com\/cs\/"},{"@type":"ListItem","position":2,"name":"Leasing kryoterapeutick\u00e9ho stroje"}]},{"@type":"WebSite","@id":"https:\/\/cryomedpro.com\/#website","url":"https:\/\/cryomedpro.com\/","name":"Cryomed PRO","description":"Cryosaunas Worldwide","publisher":{"@id":"https:\/\/cryomedpro.com\/#\/schema\/person\/752b92c38fb6f6c5052ef7763f4d79eb"},"potentialAction":[{"@type":"SearchAction","target":{"@type":"EntryPoint","urlTemplate":"https:\/\/cryomedpro.com\/?s={search_term_string}"},"query-input":"required name=search_term_string"}],"inLanguage":"cs"},{"@type":["Person","Organization"],"@id":"https:\/\/cryomedpro.com\/#\/schema\/person\/752b92c38fb6f6c5052ef7763f4d79eb","name":"healthycold","image":{"@type":"ImageObject","inLanguage":"cs","@id":"https:\/\/cryomedpro.com\/#\/schema\/person\/image\/","url":"https:\/\/secure.gravatar.com\/avatar\/bbe2f3ec78281a56dba108d1bf0f9ffa?s=96&d=mm&r=g","contentUrl":"https:\/\/secure.gravatar.com\/avatar\/bbe2f3ec78281a56dba108d1bf0f9ffa?s=96&d=mm&r=g","caption":"healthycold"},"logo":{"@id":"https:\/\/cryomedpro.com\/#\/schema\/person\/image\/"}}]}},"_links":{"self":[{"href":"https:\/\/cryomedpro.com\/cs\/wp-json\/wp\/v2\/pages\/9573"}],"collection":[{"href":"https:\/\/cryomedpro.com\/cs\/wp-json\/wp\/v2\/pages"}],"about":[{"href":"https:\/\/cryomedpro.com\/cs\/wp-json\/wp\/v2\/types\/page"}],"author":[{"embeddable":true,"href":"https:\/\/cryomedpro.com\/cs\/wp-json\/wp\/v2\/users\/2"}],"replies":[{"embeddable":true,"href":"https:\/\/cryomedpro.com\/cs\/wp-json\/wp\/v2\/comments?post=9573"}],"version-history":[{"count":0,"href":"https:\/\/cryomedpro.com\/cs\/wp-json\/wp\/v2\/pages\/9573\/revisions"}],"wp:attachment":[{"href":"https:\/\/cryomedpro.com\/cs\/wp-json\/wp\/v2\/media?parent=9573"}],"wp:term":[{"taxonomy":"post_tag","embeddable":true,"href":"https:\/\/cryomedpro.com\/cs\/wp-json\/wp\/v2\/tags?post=9573"}],"curies":[{"name":"wp","href":"https:\/\/api.w.org\/{rel}","templated":true}]}}