{"id":9606,"date":"2018-08-03T09:43:45","date_gmt":"2018-08-03T07:43:45","guid":{"rendered":"https:\/\/cryomedpro.com\/cryotherapy-machine-trade-in\/"},"modified":"2020-02-06T15:50:57","modified_gmt":"2020-02-06T14:50:57","slug":"cryotherapy-machine-trade-in","status":"publish","type":"page","link":"https:\/\/cryomedpro.com\/cs\/cryotherapy-machine-trade-in\/","title":{"rendered":"Zp\u011btn\u00e9ho odkupu kryoterapeutick\u00e9ho stroje"},"content":{"rendered":"<p>[et_pb_section admin_label=&#8220;section&#8220; background_image=&#8220;https:\/\/cryomedpro.com\/wp-content\/uploads\/2018\/08\/cryo-back-2018-leasing.jpg&#8220; transparent_background=&#8220;off&#8220; allow_player_pause=&#8220;off&#8220; inner_shadow=&#8220;off&#8220; parallax=&#8220;off&#8220; parallax_method=&#8220;off&#8220; custom_padding=&#8220;3px|0px|4px|0px&#8220; padding_mobile=&#8220;off&#8220; make_fullwidth=&#8220;off&#8220; use_custom_width=&#8220;off&#8220; width_unit=&#8220;on&#8220; make_equal=&#8220;off&#8220; use_custom_gutter=&#8220;off&#8220; fullwidth=&#8220;off&#8220; specialty=&#8220;off&#8220; module_class=&#8220;ns-banner&#8220; disabled=&#8220;off&#8220;][et_pb_row admin_label=&#8220;row&#8220; make_fullwidth=&#8220;off&#8220; use_custom_width=&#8220;off&#8220; width_unit=&#8220;off&#8220; custom_width_px=&#8220;1080px&#8220; custom_width_percent=&#8220;80%&#8220; use_custom_gutter=&#8220;off&#8220; gutter_width=&#8220;3&#8243; custom_padding=&#8220;21px|0px|21.45px|0px&#8220; padding_mobile=&#8220;off&#8220; allow_player_pause=&#8220;off&#8220; parallax=&#8220;off&#8220; parallax_method=&#8220;on&#8220; make_equal=&#8220;off&#8220; column_padding_mobile=&#8220;on&#8220; parallax_1=&#8220;off&#8220; parallax_method_1=&#8220;on&#8220; parallax_2=&#8220;off&#8220; parallax_method_2=&#8220;on&#8220; parallax_3=&#8220;off&#8220; parallax_method_3=&#8220;on&#8220; parallax_4=&#8220;off&#8220; parallax_method_4=&#8220;on&#8220; disabled=&#8220;off&#8220;][et_pb_column type=&#8220;4_4&#8243;][et_pb_text admin_label=&#8220;Text&#8220; background_layout=&#8220;dark&#8220; text_orientation=&#8220;center&#8220; use_border_color=&#8220;off&#8220; border_style=&#8220;solid&#8220; disabled=&#8220;off&#8220; border_color=&#8220;#ffffff&#8220;]<\/p>\n<h1 style=\"text-align: center;\">Zp\u011btn\u00e9ho odkupu kryoterapeutick\u00e9ho stroje<\/h1>\n<p><img decoding=\"async\" loading=\"lazy\" class=\"size-full wp-image-150 aligncenter\" src=\"\/wp-content\/uploads\/2016\/10\/heading-underline.png\" alt=\"heading-underline\" width=\"309\" height=\"12\" srcset=\"https:\/\/cryomedpro.com\/wp-content\/uploads\/2016\/10\/heading-underline.png 309w, https:\/\/cryomedpro.com\/wp-content\/uploads\/2016\/10\/heading-underline-300x12.png 300w\" sizes=\"(max-width: 309px) 100vw, 309px\" \/><\/p>\n<p>[\/et_pb_text][\/et_pb_column][\/et_pb_row][\/et_pb_section][et_pb_section admin_label=&#8220;section&#8220;][et_pb_row admin_label=&#8220;row&#8220;][et_pb_column type=&#8220;1_2&#8243;][et_pb_image admin_label=&#8220;Image&#8220; src=&#8220;https:\/\/cryomedpro.com\/wp-content\/uploads\/2018\/08\/business-3167295_960_720-new.jpg&#8220; alt=&#8220;Zp\u011btn\u00e9ho odkupu kryoterapeutick\u00e9ho stroje&#8220; title_text=&#8220;Zp\u011btn\u00e9ho odkupu kryoterapeutick\u00e9ho stroje&#8220; show_in_lightbox=&#8220;off&#8220; url_new_window=&#8220;off&#8220; use_overlay=&#8220;off&#8220; animation=&#8220;left&#8220; sticky=&#8220;off&#8220; align=&#8220;left&#8220; force_fullwidth=&#8220;off&#8220; always_center_on_mobile=&#8220;on&#8220; use_border_color=&#8220;off&#8220; border_color=&#8220;#ffffff&#8220; border_style=&#8220;solid&#8220;]<\/p>\n<p>&nbsp;<\/p>\n<p>[\/et_pb_image][\/et_pb_column][et_pb_column type=&#8220;1_2&#8243;][et_pb_text admin_label=&#8220;Text&#8220; background_layout=&#8220;light&#8220; text_orientation=&#8220;left&#8220; use_border_color=&#8220;off&#8220; border_color=&#8220;#ffffff&#8220; border_style=&#8220;solid&#8220;]<\/p>\n<h2>Pro\u010d odprodat kryoterapeutickou komoru?<\/h2>\n<p>Slu\u017eba zp\u011btn\u00e9ho odkupu pro z\u00e1kazn\u00edky Cryomed je vynikaj\u00edc\u00ed p\u0159\u00edle\u017eitost\u00ed pro majitele star\u0161\u00edch kryoterapeutick\u00fdch p\u0159\u00edstroj\u016f, jak kryokomory modernizovat se zna\u010dnou slevou. Slu\u017eba zp\u011btn\u00e9ho odkupu kryoterapeutick\u00e9ho stroje \u0161et\u0159\u00ed majitel\u016fm pot\u00ed\u017ee s hled\u00e1n\u00edm potenci\u00e1ln\u00edch kupc\u016f pou\u017eit\u00e9ho za\u0159\u00edzen\u00ed a dopravou k nim.<\/p>\n<p>[\/et_pb_text][\/et_pb_column][\/et_pb_row][\/et_pb_section][et_pb_section admin_label=&#8220;Section&#8220; fullwidth=&#8220;off&#8220; specialty=&#8220;off&#8220;][et_pb_row admin_label=&#8220;Row&#8220;][et_pb_column type=&#8220;4_4&#8243;][et_pb_text admin_label=&#8220;Text&#8220; background_layout=&#8220;light&#8220; text_orientation=&#8220;left&#8220; use_border_color=&#8220;off&#8220; border_color=&#8220;#ffffff&#8220; border_style=&#8220;solid&#8220;]<\/p>\n<h3>Podm\u00ednky zp\u011btn\u00e9ho odkupu kryoterapeutick\u00e9ho stroje<\/h3>\n<p>Jako sou\u010d\u00e1st jedine\u010dn\u00e9ho programu odkupu kryoterapeutick\u00e9ho stroje:<\/p>\n<ul>\n<li style=\"font-weight: 400;\">Cryomed vym\u011bn\u00ed pou\u017eit\u00e9 kryoterapeutick\u00e9 za\u0159\u00edzen\u00ed od jak\u00e9hokoli v\u00fdrobce za skv\u011blou 10-50% slevu na jakoukoli novou jednotku<\/li>\n<li style=\"font-weight: 400;\">Cryomed Pro nebo Cryomed Mini. V\u00fd\u0161e slevy z\u00e1vis\u00ed na stavu vym\u011bn\u011bn\u00e9ho za\u0159\u00edzen\u00ed a bude stanovena odborn\u00fdm posouzen\u00edm.<\/li>\n<li style=\"font-weight: 400;\">Cryomed se postar\u00e1 o logistiku t\u00edm, \u017ee p\u0159i dod\u00e1vce nov\u00fdch za\u0159\u00edzen\u00ed odveze va\u0161e pou\u017eit\u00e9 kryoterapeutick\u00e9 jednotky.<\/li>\n<\/ul>\n<p>Slu\u017eba zp\u011btn\u00e9ho odkupu kryokomory je jedine\u010dn\u00e1 nab\u00eddka, kter\u00e1 se vztahuje jak na cryosauny Cryomed Pro (dewar, tlakov\u00e1), tak Cryomed Mini (tlakov\u00e9) a je k dispozici pouze pro z\u00e1kazn\u00edky v EU.<\/p>\n<p>[\/et_pb_text][et_pb_toggle admin_label=&#8220;P\u0159ep\u00edna\u010d&#8220; title=&#8220;Plat\u00ed to opravdu o JAK\u00c9KOLIV star\u00e9 kryosaun\u011b JAK\u00c9HOKOLIV v\u00fdrobce?&#8220; open=&#8220;off&#8220; use_border_color=&#8220;off&#8220; border_color=&#8220;#ffffff&#8220; border_style=&#8220;solid&#8220;]<\/p>\n<p>Ano. M\u016f\u017eete vyu\u017e\u00edt na\u0161\u00ed mo\u017enosti v\u00fdm\u011bny va\u0161eho star\u00e9ho \/ pou\u017eit\u00e9ho \/ renovovan\u00e9ho za\u0159\u00edzen\u00ed na kryoterapii od jak\u00e9hokoli v\u00fdrobce.<\/p>\n<p>[\/et_pb_toggle][et_pb_toggle admin_label=&#8220;P\u0159ep\u00edna\u010d&#8220; title=&#8220;Nab\u00edz\u00edte k prodeji pou\u017eit\u00e9 kryosauny?&#8220; open=&#8220;off&#8220; use_border_color=&#8220;off&#8220; border_color=&#8220;#ffffff&#8220; border_style=&#8220;solid&#8220;]<\/p>\n<p>Ne. Slu\u017eba v\u00fdm\u011bny od Cryomedu je skv\u011blou p\u0159\u00edle\u017eitost\u00ed vylep\u0161it va\u0161e pou\u017eit\u00e9 kryo komory se zna\u010dnou slevou.<\/p>\n<p>[\/et_pb_toggle][et_pb_toggle admin_label=&#8220;P\u0159ep\u00edna\u010d&#8220; title=&#8220;Jsou va\u0161e kryosauny zrenovov\u00e1ny?&#8220; open=&#8220;off&#8220; use_border_color=&#8220;off&#8220; border_color=&#8220;#ffffff&#8220; border_style=&#8220;solid&#8220;]<\/p>\n<p>Ne. Cryomed poskytuje pro ka\u017ed\u00e9ho z\u00e1kazn\u00edka nov\u00e9 kryosauny. Nyn\u00ed m\u016f\u017eete vyu\u017e\u00edt na\u0161\u00ed nab\u00eddky v\u00fdm\u011bny star\u00e9ho za\u0159\u00edzen\u00ed pro kryoterapii za nov\u00e9!<\/p>\n<p>[\/et_pb_toggle][et_pb_text admin_label=&#8220;Text&#8220; background_layout=&#8220;light&#8220; text_orientation=&#8220;left&#8220; use_border_color=&#8220;off&#8220; border_color=&#8220;#ffffff&#8220; border_style=&#8220;solid&#8220;]<\/p>\n<h4 style=\"text-align: center;\">O spole\u010dnosti Cryomed<\/h4>\n<p>Cryomed m\u00e1 prok\u00e1zan\u00e9 zku\u0161enosti s v\u00fdrobou nejkvalitn\u011bj\u0161\u00edch kryosaun na evropsk\u00e9m trhu a nab\u00edz\u00ed mo\u017enost zp\u011btn\u00e9ho odkupu kryoterapeutick\u00fdch stroj\u016f sv\u00fdm vlastn\u00edm z\u00e1kazn\u00edk\u016fm i potenci\u00e1ln\u00edm klient\u016fm, kte\u0159\u00ed hledaj\u00ed dobr\u00e9 \u0159e\u0161en\u00ed obnovy kryogenn\u00edho za\u0159\u00edzen\u00ed za co nejkrat\u0161\u00ed mo\u017en\u00fd \u010das. V\u0161echny kryokomory Cryomed jsou pln\u011b certifikov\u00e1ny a spl\u0148uj\u00ed nejp\u0159\u00edsn\u011bj\u0161\u00ed normy EU ohledn\u011b provozn\u00ed \u00fa\u010dinnosti, kvality komponent, bezpe\u010dnosti osob a \u017eivotn\u00edho prost\u0159ed\u00ed a dal\u0161\u00edch.<\/p>\n<p>[\/et_pb_text][et_pb_tabs admin_label=&#8220;Z\u00e1lo\u017eky&#8220; use_border_color=&#8220;off&#8220; border_color=&#8220;#ffffff&#8220; border_style=&#8220;solid&#8220;]<\/p>\n<p>[et_pb_tab title=&#8220;Certifik\u00e1ty&#8220; tab_font_select=&#8220;default&#8220; tab_font=&#8220;||||&#8220; tab_line_height=&#8220;2em&#8220; tab_line_height_tablet=&#8220;2em&#8220; tab_line_height_phone=&#8220;2em&#8220; body_font_select=&#8220;default&#8220; body_font=&#8220;||||&#8220; body_line_height=&#8220;2em&#8220; body_line_height_tablet=&#8220;2em&#8220; body_line_height_phone=&#8220;2em&#8220;]<\/p>\n<p>V\u0161echny kryokomory Cryomed jsou pln\u011b certifikov\u00e1ny a spl\u0148uj\u00ed nejp\u0159\u00edsn\u011bj\u0161\u00ed normy EU ohledn\u011b provozn\u00ed \u00fa\u010dinnosti, kvality komponent, bezpe\u010dnosti osob a \u017eivotn\u00edho prost\u0159ed\u00ed a dal\u0161\u00edch.<\/p>\n<p>[\/et_pb_tab][et_pb_tab title=&#8220;Pro koho je tato nab\u00eddka?&#8220; tab_font_select=&#8220;default&#8220; tab_font=&#8220;||||&#8220; tab_line_height=&#8220;2em&#8220; tab_line_height_tablet=&#8220;2em&#8220; tab_line_height_phone=&#8220;2em&#8220; body_font_select=&#8220;default&#8220; body_font=&#8220;||||&#8220; body_line_height=&#8220;2em&#8220; body_line_height_tablet=&#8220;2em&#8220; body_line_height_phone=&#8220;2em&#8220;]<\/p>\n<p>Pokud vlastn\u00edte nebo \u0159\u00edd\u00edte sportovn\u00ed klub, rehabilita\u010dn\u00ed centrum, mal\u00fd hotel s l\u00e1zn\u011bmi, zdravotnickou kancel\u00e1\u0159 nebo jak\u00fdkoli jin\u00fd provoz, kter\u00fd se zab\u00fdv\u00e1 osv\u011b\u017eovac\u00ed terapi\u00ed, v\u010detn\u011b kryoterapie, je pro v\u00e1s tato mo\u017enost financov\u00e1n\u00ed kryokomory skv\u011blou p\u0159\u00edle\u017eitost\u00ed, jak za\u010d\u00edt vyu\u017e\u00edvat v\u00fdhody modern\u00edch technologi\u00ed, ani\u017e byste museli tr\u00e1vit \u010das prodejem star\u00e9ho za\u0159\u00edzen\u00ed a \u017e\u00e1dat o bankovn\u00ed \u00fav\u011br.<\/p>\n<p>[\/et_pb_tab][et_pb_tab title=&#8220;Kontaktujte n\u00e1s!&#8220; tab_font_select=&#8220;default&#8220; tab_font=&#8220;||||&#8220; tab_line_height=&#8220;2em&#8220; tab_line_height_tablet=&#8220;2em&#8220; tab_line_height_phone=&#8220;2em&#8220; body_font_select=&#8220;default&#8220; body_font=&#8220;||||&#8220; body_line_height=&#8220;2em&#8220; body_line_height_tablet=&#8220;2em&#8220; body_line_height_phone=&#8220;2em&#8220;]<\/p>\n<p>Sta\u010d\u00ed n\u00e1s kontaktovat na adrese <a href=\"mailto:in**@********ro.com\" data-original-string=\"tDJYGSgK+ynq+Zpg\/S7n9Q==caehWZzJcsdQKrc1DzwwVh8HNot3NiPmPXkUd7qSq1j0oQ=\" title=\"This contact has been encoded by Anti-Spam by CleanTalk. Click to decode. To finish the decoding make sure that JavaScript is enabled in your browser.\"><span \n                data-original-string='A37p0ce3rnWAwrkKgxwGug==cae+iXBfjnppxRz2oKyEtDp2HPEyff6uOh4yXKS4faYMIg='\n                class='apbct-email-encoder'\n                title='This contact has been encoded by Anti-Spam by CleanTalk. Click to decode. To finish the decoding make sure that JavaScript is enabled in your browser.'>in<span class=\"apbct-blur\">**<\/span>@<span class=\"apbct-blur\">********<\/span>ro.com<\/span><\/a> nebo n\u00e1m zavolat na \u010d\u00edslo +421 948 224 850, kde probereme podrobnosti a poskytneme v\u00e1m individu\u00e1ln\u00ed nab\u00eddku na upgrade va\u0161eho za\u0159\u00edzen\u00ed. Ke zobrazen\u00ed dal\u0161\u00edch finan\u010dn\u00edch mo\u017enost\u00ed pro va\u0161i kryoterapeutickou firmu nav\u0161tivte sekce na\u0161eho webu s informacemi o pron\u00e1jmu a leasingu kryoterapeutick\u00fdch stroj\u016f.<\/p>\n<p>[\/et_pb_tab]<\/p>\n<p>[\/et_pb_tabs][et_pb_button admin_label=&#8220;Button&#8220; url_new_window=&#8220;off&#8220; button_text=&#8220;PO\u017d\u00c1DEJTE O CENU&#8220; button_alignment=&#8220;left&#8220; background_layout=&#8220;light&#8220; custom_button=&#8220;off&#8220; button_letter_spacing=&#8220;0&#8243; button_use_icon=&#8220;default&#8220; button_icon_placement=&#8220;right&#8220; button_on_hover=&#8220;on&#8220; button_letter_spacing_hover=&#8220;0&#8243; module_class=&#8220;popmake-contact-form-cs&#8220;]<\/p>\n<p>&nbsp;<\/p>\n<p>[\/et_pb_button][\/et_pb_column][\/et_pb_row][\/et_pb_section]<\/p>\n","protected":false},"excerpt":{"rendered":"<p>[et_pb_section admin_label=&#8220;section&#8220; background_image=&#8220;https:\/\/cryomedpro.com\/wp-content\/uploads\/2018\/08\/cryo-back-2018-leasing.jpg&#8220; transparent_background=&#8220;off&#8220; allow_player_pause=&#8220;off&#8220; inner_shadow=&#8220;off&#8220; parallax=&#8220;off&#8220; parallax_method=&#8220;off&#8220; custom_padding=&#8220;3px|0px|4px|0px&#8220; padding_mobile=&#8220;off&#8220; make_fullwidth=&#8220;off&#8220; use_custom_width=&#8220;off&#8220; width_unit=&#8220;on&#8220; make_equal=&#8220;off&#8220; use_custom_gutter=&#8220;off&#8220; fullwidth=&#8220;off&#8220; specialty=&#8220;off&#8220; module_class=&#8220;ns-banner&#8220; disabled=&#8220;off&#8220;][et_pb_row admin_label=&#8220;row&#8220; make_fullwidth=&#8220;off&#8220; use_custom_width=&#8220;off&#8220; width_unit=&#8220;off&#8220; custom_width_px=&#8220;1080px&#8220; custom_width_percent=&#8220;80%&#8220; use_custom_gutter=&#8220;off&#8220; gutter_width=&#8220;3&#8243; custom_padding=&#8220;21px|0px|21.45px|0px&#8220; padding_mobile=&#8220;off&#8220; allow_player_pause=&#8220;off&#8220; parallax=&#8220;off&#8220; parallax_method=&#8220;on&#8220; make_equal=&#8220;off&#8220; column_padding_mobile=&#8220;on&#8220; parallax_1=&#8220;off&#8220; parallax_method_1=&#8220;on&#8220; parallax_2=&#8220;off&#8220; parallax_method_2=&#8220;on&#8220; parallax_3=&#8220;off&#8220; parallax_method_3=&#8220;on&#8220; parallax_4=&#8220;off&#8220; parallax_method_4=&#8220;on&#8220; disabled=&#8220;off&#8220;][et_pb_column type=&#8220;4_4&#8243;][et_pb_text admin_label=&#8220;Text&#8220; background_layout=&#8220;dark&#8220; text_orientation=&#8220;center&#8220; use_border_color=&#8220;off&#8220; border_style=&#8220;solid&#8220; disabled=&#8220;off&#8220; border_color=&#8220;#ffffff&#8220;] Zp\u011btn\u00e9ho odkupu kryoterapeutick\u00e9ho stroje [&hellip;]<\/p>\n","protected":false},"author":2,"featured_media":0,"parent":0,"menu_order":0,"comment_status":"closed","ping_status":"closed","template":"","meta":[],"tags":[],"yoast_head":"<!-- This site is optimized with the Yoast SEO plugin v20.0 - https:\/\/yoast.com\/wordpress\/plugins\/seo\/ -->\n<title>V\u00fdm\u011bna star\u00e9ho kryoterapeutick\u00e9ho za\u0159\u00edzen\u00ed za nov\u00e9. Upgradujte JAKOUKOLIV pou\u017eitou Cryosaunu hned dnes | Cryomed PRO<\/title>\n<meta name=\"description\" content=\"Nejlep\u0161\u00ed nab\u00eddky kryoterapie pro majitele star\u0161\u00edch kryo vybaven\u00ed! Vyu\u017eijte na\u0161i mo\u017enost v\u00fdm\u011bny jako formu financov\u00e1n\u00ed va\u0161eho vybaven\u00ed pro kryoterapii a poskytn\u011bte sv\u00fdm z\u00e1kazn\u00edk\u016fm NOV\u00c9 kryokomory za rozumnou cenu.\" \/>\n<meta name=\"robots\" content=\"index, follow, max-snippet:-1, max-image-preview:large, max-video-preview:-1\" \/>\n<link rel=\"canonical\" href=\"https:\/\/cryomedpro.com\/cs\/cryotherapy-machine-trade-in\/\" \/>\n<meta property=\"og:locale\" content=\"cs_CZ\" \/>\n<meta property=\"og:type\" content=\"article\" \/>\n<meta property=\"og:title\" content=\"V\u00fdm\u011bna star\u00e9ho kryoterapeutick\u00e9ho za\u0159\u00edzen\u00ed za nov\u00e9. Upgradujte JAKOUKOLIV pou\u017eitou Cryosaunu hned dnes | Cryomed PRO\" \/>\n<meta property=\"og:description\" content=\"Nejlep\u0161\u00ed nab\u00eddky kryoterapie pro majitele star\u0161\u00edch kryo vybaven\u00ed! Vyu\u017eijte na\u0161i mo\u017enost v\u00fdm\u011bny jako formu financov\u00e1n\u00ed va\u0161eho vybaven\u00ed pro kryoterapii a poskytn\u011bte sv\u00fdm z\u00e1kazn\u00edk\u016fm NOV\u00c9 kryokomory za rozumnou cenu.\" \/>\n<meta property=\"og:url\" content=\"https:\/\/cryomedpro.com\/cs\/cryotherapy-machine-trade-in\/\" \/>\n<meta property=\"og:site_name\" content=\"Cryomed PRO\" \/>\n<meta property=\"article:modified_time\" content=\"2020-02-06T14:50:57+00:00\" \/>\n<meta property=\"og:image\" content=\"https:\/\/cryomedpro.com\/wp-content\/uploads\/2016\/10\/heading-underline.png\" \/>\n<meta name=\"twitter:card\" content=\"summary_large_image\" \/>\n<meta name=\"twitter:label1\" content=\"Odhadovan\u00e1 doba \u010dten\u00ed\" \/>\n\t<meta name=\"twitter:data1\" content=\"6 minut\" \/>\n<!-- \/ Yoast SEO plugin. -->","yoast_head_json":{"title":"V\u00fdm\u011bna star\u00e9ho kryoterapeutick\u00e9ho za\u0159\u00edzen\u00ed za nov\u00e9. Upgradujte JAKOUKOLIV pou\u017eitou Cryosaunu hned dnes | Cryomed PRO","description":"Nejlep\u0161\u00ed nab\u00eddky kryoterapie pro majitele star\u0161\u00edch kryo vybaven\u00ed! Vyu\u017eijte na\u0161i mo\u017enost v\u00fdm\u011bny jako formu financov\u00e1n\u00ed va\u0161eho vybaven\u00ed pro kryoterapii a poskytn\u011bte sv\u00fdm z\u00e1kazn\u00edk\u016fm NOV\u00c9 kryokomory za rozumnou cenu.","robots":{"index":"index","follow":"follow","max-snippet":"max-snippet:-1","max-image-preview":"max-image-preview:large","max-video-preview":"max-video-preview:-1"},"canonical":"https:\/\/cryomedpro.com\/cs\/cryotherapy-machine-trade-in\/","og_locale":"cs_CZ","og_type":"article","og_title":"V\u00fdm\u011bna star\u00e9ho kryoterapeutick\u00e9ho za\u0159\u00edzen\u00ed za nov\u00e9. Upgradujte JAKOUKOLIV pou\u017eitou Cryosaunu hned dnes | Cryomed PRO","og_description":"Nejlep\u0161\u00ed nab\u00eddky kryoterapie pro majitele star\u0161\u00edch kryo vybaven\u00ed! Vyu\u017eijte na\u0161i mo\u017enost v\u00fdm\u011bny jako formu financov\u00e1n\u00ed va\u0161eho vybaven\u00ed pro kryoterapii a poskytn\u011bte sv\u00fdm z\u00e1kazn\u00edk\u016fm NOV\u00c9 kryokomory za rozumnou cenu.","og_url":"https:\/\/cryomedpro.com\/cs\/cryotherapy-machine-trade-in\/","og_site_name":"Cryomed PRO","article_modified_time":"2020-02-06T14:50:57+00:00","og_image":[{"url":"https:\/\/cryomedpro.com\/wp-content\/uploads\/2016\/10\/heading-underline.png"}],"twitter_card":"summary_large_image","twitter_misc":{"Odhadovan\u00e1 doba \u010dten\u00ed":"6 minut"},"schema":{"@context":"https:\/\/schema.org","@graph":[{"@type":"WebPage","@id":"https:\/\/cryomedpro.com\/cs\/cryotherapy-machine-trade-in\/","url":"https:\/\/cryomedpro.com\/cs\/cryotherapy-machine-trade-in\/","name":"V\u00fdm\u011bna star\u00e9ho kryoterapeutick\u00e9ho za\u0159\u00edzen\u00ed za nov\u00e9. Upgradujte JAKOUKOLIV pou\u017eitou Cryosaunu hned dnes | Cryomed PRO","isPartOf":{"@id":"https:\/\/cryomedpro.com\/#website"},"datePublished":"2018-08-03T07:43:45+00:00","dateModified":"2020-02-06T14:50:57+00:00","description":"Nejlep\u0161\u00ed nab\u00eddky kryoterapie pro majitele star\u0161\u00edch kryo vybaven\u00ed! Vyu\u017eijte na\u0161i mo\u017enost v\u00fdm\u011bny jako formu financov\u00e1n\u00ed va\u0161eho vybaven\u00ed pro kryoterapii a poskytn\u011bte sv\u00fdm z\u00e1kazn\u00edk\u016fm NOV\u00c9 kryokomory za rozumnou cenu.","breadcrumb":{"@id":"https:\/\/cryomedpro.com\/cs\/cryotherapy-machine-trade-in\/#breadcrumb"},"inLanguage":"cs","potentialAction":[{"@type":"ReadAction","target":["https:\/\/cryomedpro.com\/cs\/cryotherapy-machine-trade-in\/"]}]},{"@type":"BreadcrumbList","@id":"https:\/\/cryomedpro.com\/cs\/cryotherapy-machine-trade-in\/#breadcrumb","itemListElement":[{"@type":"ListItem","position":1,"name":"Home","item":"https:\/\/cryomedpro.com\/cs\/"},{"@type":"ListItem","position":2,"name":"Zp\u011btn\u00e9ho odkupu kryoterapeutick\u00e9ho stroje"}]},{"@type":"WebSite","@id":"https:\/\/cryomedpro.com\/#website","url":"https:\/\/cryomedpro.com\/","name":"Cryomed PRO","description":"Cryosaunas Worldwide","publisher":{"@id":"https:\/\/cryomedpro.com\/#\/schema\/person\/752b92c38fb6f6c5052ef7763f4d79eb"},"potentialAction":[{"@type":"SearchAction","target":{"@type":"EntryPoint","urlTemplate":"https:\/\/cryomedpro.com\/?s={search_term_string}"},"query-input":"required name=search_term_string"}],"inLanguage":"cs"},{"@type":["Person","Organization"],"@id":"https:\/\/cryomedpro.com\/#\/schema\/person\/752b92c38fb6f6c5052ef7763f4d79eb","name":"healthycold","image":{"@type":"ImageObject","inLanguage":"cs","@id":"https:\/\/cryomedpro.com\/#\/schema\/person\/image\/","url":"https:\/\/secure.gravatar.com\/avatar\/bbe2f3ec78281a56dba108d1bf0f9ffa?s=96&d=mm&r=g","contentUrl":"https:\/\/secure.gravatar.com\/avatar\/bbe2f3ec78281a56dba108d1bf0f9ffa?s=96&d=mm&r=g","caption":"healthycold"},"logo":{"@id":"https:\/\/cryomedpro.com\/#\/schema\/person\/image\/"}}]}},"_links":{"self":[{"href":"https:\/\/cryomedpro.com\/cs\/wp-json\/wp\/v2\/pages\/9606"}],"collection":[{"href":"https:\/\/cryomedpro.com\/cs\/wp-json\/wp\/v2\/pages"}],"about":[{"href":"https:\/\/cryomedpro.com\/cs\/wp-json\/wp\/v2\/types\/page"}],"author":[{"embeddable":true,"href":"https:\/\/cryomedpro.com\/cs\/wp-json\/wp\/v2\/users\/2"}],"replies":[{"embeddable":true,"href":"https:\/\/cryomedpro.com\/cs\/wp-json\/wp\/v2\/comments?post=9606"}],"version-history":[{"count":0,"href":"https:\/\/cryomedpro.com\/cs\/wp-json\/wp\/v2\/pages\/9606\/revisions"}],"wp:attachment":[{"href":"https:\/\/cryomedpro.com\/cs\/wp-json\/wp\/v2\/media?parent=9606"}],"wp:term":[{"taxonomy":"post_tag","embeddable":true,"href":"https:\/\/cryomedpro.com\/cs\/wp-json\/wp\/v2\/tags?post=9606"}],"curies":[{"name":"wp","href":"https:\/\/api.w.org\/{rel}","templated":true}]}}