{"id":9637,"date":"2018-08-03T08:52:54","date_gmt":"2018-08-03T06:52:54","guid":{"rendered":"https:\/\/cryomedpro.com\/cryotherapy-machine-rental\/"},"modified":"2019-11-28T12:09:07","modified_gmt":"2019-11-28T11:09:07","slug":"cryotherapy-machine-rental","status":"publish","type":"page","link":"https:\/\/cryomedpro.com\/cs\/cryotherapy-machine-rental\/","title":{"rendered":"Pron\u00e1jem kryoterapeutick\u00e9ho stroje"},"content":{"rendered":"<p>[et_pb_section admin_label=&#8220;section&#8220; background_image=&#8220;https:\/\/cryomedpro.com\/wp-content\/uploads\/2018\/08\/cryo-back-2018-leasing.jpg&#8220; transparent_background=&#8220;off&#8220; allow_player_pause=&#8220;off&#8220; inner_shadow=&#8220;off&#8220; parallax=&#8220;off&#8220; parallax_method=&#8220;off&#8220; custom_padding=&#8220;3px|0px|4px|0px&#8220; padding_mobile=&#8220;off&#8220; make_fullwidth=&#8220;off&#8220; use_custom_width=&#8220;off&#8220; width_unit=&#8220;on&#8220; make_equal=&#8220;off&#8220; use_custom_gutter=&#8220;off&#8220; fullwidth=&#8220;off&#8220; specialty=&#8220;off&#8220; module_class=&#8220;ns-banner&#8220; disabled=&#8220;off&#8220;][et_pb_row admin_label=&#8220;row&#8220; make_fullwidth=&#8220;off&#8220; use_custom_width=&#8220;off&#8220; width_unit=&#8220;off&#8220; custom_width_px=&#8220;1080px&#8220; custom_width_percent=&#8220;80%&#8220; use_custom_gutter=&#8220;off&#8220; gutter_width=&#8220;3&#8243; custom_padding=&#8220;21px|0px|21.45px|0px&#8220; padding_mobile=&#8220;off&#8220; allow_player_pause=&#8220;off&#8220; parallax=&#8220;off&#8220; parallax_method=&#8220;on&#8220; make_equal=&#8220;off&#8220; column_padding_mobile=&#8220;on&#8220; parallax_1=&#8220;off&#8220; parallax_method_1=&#8220;on&#8220; parallax_2=&#8220;off&#8220; parallax_method_2=&#8220;on&#8220; parallax_3=&#8220;off&#8220; parallax_method_3=&#8220;on&#8220; parallax_4=&#8220;off&#8220; parallax_method_4=&#8220;on&#8220; disabled=&#8220;off&#8220;][et_pb_column type=&#8220;4_4&#8243;][et_pb_text admin_label=&#8220;Text&#8220; background_layout=&#8220;dark&#8220; text_orientation=&#8220;center&#8220; use_border_color=&#8220;off&#8220; border_style=&#8220;solid&#8220; disabled=&#8220;off&#8220; border_color=&#8220;#ffffff&#8220;]<\/p>\n<h1 style=\"text-align: center;\">Pron\u00e1jem kryoterapeutick\u00e9ho stroje<\/h1>\n<p><img decoding=\"async\" loading=\"lazy\" class=\"size-full wp-image-150 aligncenter\" src=\"\/wp-content\/uploads\/2016\/10\/heading-underline.png\" alt=\"heading-underline\" width=\"309\" height=\"12\" srcset=\"https:\/\/cryomedpro.com\/wp-content\/uploads\/2016\/10\/heading-underline.png 309w, https:\/\/cryomedpro.com\/wp-content\/uploads\/2016\/10\/heading-underline-300x12.png 300w\" sizes=\"(max-width: 309px) 100vw, 309px\" \/><\/p>\n<p>[\/et_pb_text][\/et_pb_column][\/et_pb_row][\/et_pb_section][et_pb_section admin_label=&#8220;section&#8220;][et_pb_row admin_label=&#8220;row&#8220;][et_pb_column type=&#8220;1_2&#8243;][et_pb_image admin_label=&#8220;Image&#8220; src=&#8220;https:\/\/cryomedpro.com\/wp-content\/uploads\/2018\/08\/office-1209640_640.jpg&#8220; alt=&#8220;Pron\u00e1jem kryoterapeutick\u00e9ho stroje&#8220; title_text=&#8220;Pron\u00e1jem kryoterapeutick\u00e9ho stroje&#8220; show_in_lightbox=&#8220;off&#8220; url_new_window=&#8220;off&#8220; use_overlay=&#8220;off&#8220; animation=&#8220;left&#8220; sticky=&#8220;off&#8220; align=&#8220;left&#8220; force_fullwidth=&#8220;off&#8220; always_center_on_mobile=&#8220;on&#8220; use_border_color=&#8220;off&#8220; border_color=&#8220;#ffffff&#8220; border_style=&#8220;solid&#8220;]<br \/>\n[\/et_pb_image][\/et_pb_column][et_pb_column type=&#8220;1_2&#8243;][et_pb_text admin_label=&#8220;Text&#8220; background_layout=&#8220;light&#8220; text_orientation=&#8220;left&#8220; use_border_color=&#8220;off&#8220; border_color=&#8220;#ffffff&#8220; border_style=&#8220;solid&#8220;]<\/p>\n<h2>Pro\u010d si pronajmout komoru pro kryoterapii?<\/h2>\n<p>Mo\u017enost pron\u00e1jmu kryoterapeutick\u00e9 techniky je ur\u010dena pro \u0161irokou \u0161k\u00e1lu spot\u0159ebitel\u016f od zdravotnick\u00fdch za\u0159\u00edzen\u00ed r\u016fzn\u00fdch typ\u016f a wellness sal\u00f3n\u016f a\u017e po sportovn\u00ed kluby, t\u00fdmy a rehabilita\u010dn\u00ed centra. Podobn\u011b jako v p\u0159\u00edpad\u011b leasingu kryoterapeutick\u00fdch stroj\u016f umo\u017e\u0148uje pron\u00e1jem kryosauny potenci\u00e1ln\u00edm spot\u0159ebitel\u016fm co nejrychleji za\u010d\u00edt pou\u017e\u00edvat modely kryoterapeutick\u00e9 komory Cryomed bez nutnosti platit plnou cenu. Tato mo\u017enost financov\u00e1n\u00ed kryokomory roz\u0161i\u0159uje potenci\u00e1ln\u00ed c\u00edlovou skupinu z\u00e1kazn\u00edk\u016f spole\u010dnosti Cryomed a poskytuje jim dal\u0161\u00ed flexibilitu p\u0159i navrhov\u00e1n\u00ed optim\u00e1ln\u00edho obchodn\u00edho modelu pro svou kryoterapeutickou firmu.<\/p>\n<p>[\/et_pb_text][\/et_pb_column][\/et_pb_row][\/et_pb_section][et_pb_section admin_label=&#8220;Section&#8220; fullwidth=&#8220;off&#8220; specialty=&#8220;off&#8220;][et_pb_row admin_label=&#8220;Row&#8220;][et_pb_column type=&#8220;4_4&#8243;][et_pb_text admin_label=&#8220;Text&#8220; background_layout=&#8220;light&#8220; text_orientation=&#8220;left&#8220; use_border_color=&#8220;off&#8220; border_color=&#8220;#ffffff&#8220; border_style=&#8220;solid&#8220;]<\/p>\n<h3>Podm\u00ednky pron\u00e1jmu kryoterapeutick\u00fdch stroj\u016f<\/h3>\n<p>Pron\u00e1jem kryosauny umo\u017e\u0148uje z\u00e1kazn\u00edk\u016fm prov\u00e9st dvoum\u011bs\u00ed\u010dn\u00ed vklad a okam\u017eit\u011b za\u010d\u00edt za\u0159\u00edzen\u00ed pou\u017e\u00edvat. Pokud podnik spln\u00ed sv\u00e1 o\u010dek\u00e1v\u00e1n\u00ed a prok\u00e1\u017ee se jako rentabiln\u00ed, m\u016f\u017ee b\u00fdt za\u0159\u00edzen\u00ed odkoupeno za p\u016fvodn\u00ed cenu sn\u00ed\u017eenou o odpisy. Zaplacen\u00ed pevn\u00e9ho m\u011bs\u00ed\u010dn\u00edho poplatku za pron\u00e1jem kryoterapeutick\u00e9 jednotky tak\u00e9 umo\u017e\u0148uje z\u00e1kazn\u00edk\u016fm neomezen\u00fd po\u010det procedur denn\u011b, ani\u017e by se museli starat o podporu, \u00fadr\u017ebu nebo opot\u0159eben\u00ed. Pokud se s va\u0161\u00ed kryosaunou n\u011bco stane, spole\u010dnost Cryomed poskytne bezplatnou n\u00e1hradu.<\/p>\n<p>Z\u00e1kladn\u00ed podm\u00ednky pron\u00e1jmu kryokabiny zahrnuj\u00ed:<\/p>\n<ul>\n<li>2m\u011bs\u00ed\u010dn\u00ed po\u010d\u00e1te\u010dn\u00ed vklad<\/li>\n<li>Z\u00e1vazek na 100+ kryoterapeutick\u00fdch procedur za m\u011bs\u00edc<\/li>\n<li>Pokud z\u00e1kazn\u00edk po ur\u010dit\u00e9 dob\u011b pronajat\u00e9 vybaven\u00ed odkoup\u00ed, z\u00e1kladn\u00ed n\u00e1klady budou p\u0159epo\u010d\u00edt\u00e1ny s 10% p\u0159ir\u00e1\u017ekou (sn\u00ed\u017eenou o odpisy za obdob\u00ed pron\u00e1jmu)<\/li>\n<\/ul>\n<p>Celkov\u011b je pron\u00e1jem kryosauny pohodlnou a cenov\u011b v\u00fdhodnou metodou zah\u00e1jen\u00ed kryoterapie jako z\u00e1kladn\u00ed slu\u017eby, nebo jako sou\u010d\u00e1sti \u0161ir\u0161\u00edho portfolia zdravotnick\u00fdch slu\u017eeb. Kryosauny Cryomed jsou pln\u011b certifikovan\u00e9 EU, spl\u0148uj\u00ed nejvy\u0161\u0161\u00ed standardy kvality a bezpe\u010dnosti a jsou sestaveny z nejlep\u0161\u00edch komponent dostupn\u00fdch na mezin\u00e1rodn\u00edm trhu kryogenn\u00edch za\u0159\u00edzen\u00ed.<\/p>\n<p>Pokud m\u00e1te z\u00e1jem o prozkoum\u00e1n\u00ed mo\u017enost\u00ed pron\u00e1jmu kryosauny od firmy Cryomed, nev\u00e1hejte a kontaktujte na\u0161e obchodn\u00ed odd\u011blen\u00ed. R\u00e1di zodpov\u00edme v\u0161echny ot\u00e1zky, informujeme se o va\u0161ich sou\u010dasn\u00fdch nebo budouc\u00edch obchodn\u00edch pot\u0159eb\u00e1ch a navrhneme v\u00e1m optim\u00e1ln\u00edm p\u0159\u00edstup k p\u0159id\u00e1n\u00ed kryoterapie do va\u0161eho seznamu slu\u017eeb.<\/p>\n<p>Ke zobrazen\u00ed dal\u0161\u00edch finan\u010dn\u00edch mo\u017enost\u00ed pro va\u0161i kryoterapeutickou firmu nav\u0161tivte sekce na\u0161eho webu s informacemi o pron\u00e1jmu kryoterapeutick\u00fdch stroj\u016f a zp\u011btn\u00e9m odkupu stroj\u016f.<\/p>\n<p>[\/et_pb_text][et_pb_button admin_label=&#8220;Button&#8220; url_new_window=&#8220;off&#8220; button_text=&#8220;PO\u017d\u00c1DEJTE O CENU&#8220; button_alignment=&#8220;left&#8220; background_layout=&#8220;light&#8220; custom_button=&#8220;off&#8220; button_letter_spacing=&#8220;0&#8243; button_use_icon=&#8220;default&#8220; button_icon_placement=&#8220;right&#8220; button_on_hover=&#8220;on&#8220; button_letter_spacing_hover=&#8220;0&#8243; module_class=&#8220;popmake-contact-form-cs&#8220;] [\/et_pb_button][\/et_pb_column][\/et_pb_row][\/et_pb_section]<\/p>\n","protected":false},"excerpt":{"rendered":"<p>[et_pb_section admin_label=&#8220;section&#8220; background_image=&#8220;https:\/\/cryomedpro.com\/wp-content\/uploads\/2018\/08\/cryo-back-2018-leasing.jpg&#8220; transparent_background=&#8220;off&#8220; allow_player_pause=&#8220;off&#8220; inner_shadow=&#8220;off&#8220; parallax=&#8220;off&#8220; parallax_method=&#8220;off&#8220; custom_padding=&#8220;3px|0px|4px|0px&#8220; padding_mobile=&#8220;off&#8220; make_fullwidth=&#8220;off&#8220; use_custom_width=&#8220;off&#8220; width_unit=&#8220;on&#8220; make_equal=&#8220;off&#8220; use_custom_gutter=&#8220;off&#8220; fullwidth=&#8220;off&#8220; specialty=&#8220;off&#8220; module_class=&#8220;ns-banner&#8220; disabled=&#8220;off&#8220;][et_pb_row admin_label=&#8220;row&#8220; make_fullwidth=&#8220;off&#8220; use_custom_width=&#8220;off&#8220; width_unit=&#8220;off&#8220; custom_width_px=&#8220;1080px&#8220; custom_width_percent=&#8220;80%&#8220; use_custom_gutter=&#8220;off&#8220; gutter_width=&#8220;3&#8243; custom_padding=&#8220;21px|0px|21.45px|0px&#8220; padding_mobile=&#8220;off&#8220; allow_player_pause=&#8220;off&#8220; parallax=&#8220;off&#8220; parallax_method=&#8220;on&#8220; make_equal=&#8220;off&#8220; column_padding_mobile=&#8220;on&#8220; parallax_1=&#8220;off&#8220; parallax_method_1=&#8220;on&#8220; parallax_2=&#8220;off&#8220; parallax_method_2=&#8220;on&#8220; parallax_3=&#8220;off&#8220; parallax_method_3=&#8220;on&#8220; parallax_4=&#8220;off&#8220; parallax_method_4=&#8220;on&#8220; disabled=&#8220;off&#8220;][et_pb_column type=&#8220;4_4&#8243;][et_pb_text admin_label=&#8220;Text&#8220; background_layout=&#8220;dark&#8220; text_orientation=&#8220;center&#8220; use_border_color=&#8220;off&#8220; border_style=&#8220;solid&#8220; disabled=&#8220;off&#8220; border_color=&#8220;#ffffff&#8220;] Pron\u00e1jem kryoterapeutick\u00e9ho stroje [\/et_pb_text][\/et_pb_column][\/et_pb_row][\/et_pb_section][et_pb_section [&hellip;]<\/p>\n","protected":false},"author":2,"featured_media":0,"parent":0,"menu_order":0,"comment_status":"closed","ping_status":"closed","template":"","meta":[],"tags":[],"yoast_head":"<!-- This site is optimized with the Yoast SEO plugin v20.0 - https:\/\/yoast.com\/wordpress\/plugins\/seo\/ -->\n<title>Pron\u00e1jem kryoterapeutick\u00e9ho stroje<\/title>\n<meta name=\"description\" content=\"Mo\u017enost pron\u00e1jmu kryoterapeutick\u00e9 techniky je ur\u010dena pro \u0161irokou \u0161k\u00e1lu spot\u0159ebitel\u016f od zdravotnick\u00fdch za\u0159\u00edzen\u00ed r\u016fzn\u00fdch typ\u016f a wellness sal\u00f3n\u016f a\u017e po sportovn\u00ed kluby, t\u00fdmy a rehabilita\u010dn\u00ed centra.\" \/>\n<meta name=\"robots\" content=\"index, follow, max-snippet:-1, max-image-preview:large, max-video-preview:-1\" \/>\n<link rel=\"canonical\" href=\"https:\/\/cryomedpro.com\/cs\/cryotherapy-machine-rental\/\" \/>\n<meta property=\"og:locale\" content=\"cs_CZ\" \/>\n<meta property=\"og:type\" content=\"article\" \/>\n<meta property=\"og:title\" content=\"Pron\u00e1jem kryoterapeutick\u00e9ho stroje\" \/>\n<meta property=\"og:description\" content=\"Mo\u017enost pron\u00e1jmu kryoterapeutick\u00e9 techniky je ur\u010dena pro \u0161irokou \u0161k\u00e1lu spot\u0159ebitel\u016f od zdravotnick\u00fdch za\u0159\u00edzen\u00ed r\u016fzn\u00fdch typ\u016f a wellness sal\u00f3n\u016f a\u017e po sportovn\u00ed kluby, t\u00fdmy a rehabilita\u010dn\u00ed centra.\" \/>\n<meta property=\"og:url\" content=\"https:\/\/cryomedpro.com\/cs\/cryotherapy-machine-rental\/\" \/>\n<meta property=\"og:site_name\" content=\"Cryomed PRO\" \/>\n<meta property=\"article:modified_time\" content=\"2019-11-28T11:09:07+00:00\" \/>\n<meta property=\"og:image\" content=\"https:\/\/cryomedpro.com\/wp-content\/uploads\/2016\/10\/heading-underline.png\" \/>\n<meta name=\"twitter:card\" content=\"summary_large_image\" \/>\n<meta name=\"twitter:label1\" content=\"Odhadovan\u00e1 doba \u010dten\u00ed\" \/>\n\t<meta name=\"twitter:data1\" content=\"4 minuty\" \/>\n<!-- \/ Yoast SEO plugin. -->","yoast_head_json":{"title":"Pron\u00e1jem kryoterapeutick\u00e9ho stroje","description":"Mo\u017enost pron\u00e1jmu kryoterapeutick\u00e9 techniky je ur\u010dena pro \u0161irokou \u0161k\u00e1lu spot\u0159ebitel\u016f od zdravotnick\u00fdch za\u0159\u00edzen\u00ed r\u016fzn\u00fdch typ\u016f a wellness sal\u00f3n\u016f a\u017e po sportovn\u00ed kluby, t\u00fdmy a rehabilita\u010dn\u00ed centra.","robots":{"index":"index","follow":"follow","max-snippet":"max-snippet:-1","max-image-preview":"max-image-preview:large","max-video-preview":"max-video-preview:-1"},"canonical":"https:\/\/cryomedpro.com\/cs\/cryotherapy-machine-rental\/","og_locale":"cs_CZ","og_type":"article","og_title":"Pron\u00e1jem kryoterapeutick\u00e9ho stroje","og_description":"Mo\u017enost pron\u00e1jmu kryoterapeutick\u00e9 techniky je ur\u010dena pro \u0161irokou \u0161k\u00e1lu spot\u0159ebitel\u016f od zdravotnick\u00fdch za\u0159\u00edzen\u00ed r\u016fzn\u00fdch typ\u016f a wellness sal\u00f3n\u016f a\u017e po sportovn\u00ed kluby, t\u00fdmy a rehabilita\u010dn\u00ed centra.","og_url":"https:\/\/cryomedpro.com\/cs\/cryotherapy-machine-rental\/","og_site_name":"Cryomed PRO","article_modified_time":"2019-11-28T11:09:07+00:00","og_image":[{"url":"https:\/\/cryomedpro.com\/wp-content\/uploads\/2016\/10\/heading-underline.png"}],"twitter_card":"summary_large_image","twitter_misc":{"Odhadovan\u00e1 doba \u010dten\u00ed":"4 minuty"},"schema":{"@context":"https:\/\/schema.org","@graph":[{"@type":"WebPage","@id":"https:\/\/cryomedpro.com\/cs\/cryotherapy-machine-rental\/","url":"https:\/\/cryomedpro.com\/cs\/cryotherapy-machine-rental\/","name":"Pron\u00e1jem kryoterapeutick\u00e9ho stroje","isPartOf":{"@id":"https:\/\/cryomedpro.com\/#website"},"datePublished":"2018-08-03T06:52:54+00:00","dateModified":"2019-11-28T11:09:07+00:00","description":"Mo\u017enost pron\u00e1jmu kryoterapeutick\u00e9 techniky je ur\u010dena pro \u0161irokou \u0161k\u00e1lu spot\u0159ebitel\u016f od zdravotnick\u00fdch za\u0159\u00edzen\u00ed r\u016fzn\u00fdch typ\u016f a wellness sal\u00f3n\u016f a\u017e po sportovn\u00ed kluby, t\u00fdmy a rehabilita\u010dn\u00ed centra.","breadcrumb":{"@id":"https:\/\/cryomedpro.com\/cs\/cryotherapy-machine-rental\/#breadcrumb"},"inLanguage":"cs","potentialAction":[{"@type":"ReadAction","target":["https:\/\/cryomedpro.com\/cs\/cryotherapy-machine-rental\/"]}]},{"@type":"BreadcrumbList","@id":"https:\/\/cryomedpro.com\/cs\/cryotherapy-machine-rental\/#breadcrumb","itemListElement":[{"@type":"ListItem","position":1,"name":"Home","item":"https:\/\/cryomedpro.com\/cs\/"},{"@type":"ListItem","position":2,"name":"Pron\u00e1jem kryoterapeutick\u00e9ho stroje"}]},{"@type":"WebSite","@id":"https:\/\/cryomedpro.com\/#website","url":"https:\/\/cryomedpro.com\/","name":"Cryomed PRO","description":"Cryosaunas Worldwide","publisher":{"@id":"https:\/\/cryomedpro.com\/#\/schema\/person\/752b92c38fb6f6c5052ef7763f4d79eb"},"potentialAction":[{"@type":"SearchAction","target":{"@type":"EntryPoint","urlTemplate":"https:\/\/cryomedpro.com\/?s={search_term_string}"},"query-input":"required name=search_term_string"}],"inLanguage":"cs"},{"@type":["Person","Organization"],"@id":"https:\/\/cryomedpro.com\/#\/schema\/person\/752b92c38fb6f6c5052ef7763f4d79eb","name":"healthycold","image":{"@type":"ImageObject","inLanguage":"cs","@id":"https:\/\/cryomedpro.com\/#\/schema\/person\/image\/","url":"https:\/\/secure.gravatar.com\/avatar\/bbe2f3ec78281a56dba108d1bf0f9ffa?s=96&d=mm&r=g","contentUrl":"https:\/\/secure.gravatar.com\/avatar\/bbe2f3ec78281a56dba108d1bf0f9ffa?s=96&d=mm&r=g","caption":"healthycold"},"logo":{"@id":"https:\/\/cryomedpro.com\/#\/schema\/person\/image\/"}}]}},"_links":{"self":[{"href":"https:\/\/cryomedpro.com\/cs\/wp-json\/wp\/v2\/pages\/9637"}],"collection":[{"href":"https:\/\/cryomedpro.com\/cs\/wp-json\/wp\/v2\/pages"}],"about":[{"href":"https:\/\/cryomedpro.com\/cs\/wp-json\/wp\/v2\/types\/page"}],"author":[{"embeddable":true,"href":"https:\/\/cryomedpro.com\/cs\/wp-json\/wp\/v2\/users\/2"}],"replies":[{"embeddable":true,"href":"https:\/\/cryomedpro.com\/cs\/wp-json\/wp\/v2\/comments?post=9637"}],"version-history":[{"count":0,"href":"https:\/\/cryomedpro.com\/cs\/wp-json\/wp\/v2\/pages\/9637\/revisions"}],"wp:attachment":[{"href":"https:\/\/cryomedpro.com\/cs\/wp-json\/wp\/v2\/media?parent=9637"}],"wp:term":[{"taxonomy":"post_tag","embeddable":true,"href":"https:\/\/cryomedpro.com\/cs\/wp-json\/wp\/v2\/tags?post=9637"}],"curies":[{"name":"wp","href":"https:\/\/api.w.org\/{rel}","templated":true}]}}