{"id":11011,"date":"2016-10-26T11:58:50","date_gmt":"2016-10-26T09:58:50","guid":{"rendered":"https:\/\/cryomedpro.com\/contacts\/"},"modified":"2026-02-18T18:27:18","modified_gmt":"2026-02-18T17:27:18","slug":"contacts","status":"publish","type":"page","link":"https:\/\/cryomedpro.com\/he\/contacts\/","title":{"rendered":"\u05d0\u05e0\u05e9\u05d9 \u05e7\u05e9\u05e8"},"content":{"rendered":"<p>[et_pb_section admin_label=&quot;section&quot; background_image=&quot;https:\/\/cryomedpro.com\/wp-content\/uploads\/2016\/12\/penguins2.jpg&quot; transparent_background=&quot;off&quot; allow_player_pause=&quot;off&quot; inner_shadow=&quot;off&quot; parallax=&quot;off&quot; parallax_method=&quot;off&quot; custom_padding=&quot;0px|0px|2px|0px&quot; padding_mobile=&quot;off&quot; make_fullwidth=&quot;off&quot; use_custom_width=&quot;off&quot; width_unit=&quot;on&quot; custom_width_px=&quot;1080px&quot; custom_width_percent=&quot;80%&quot; make_equal=&quot;off&quot; use_custom_gutter=&quot;off&quot; fullwidth=&quot;off&quot; specialty=&quot;off&quot; module_class=&quot;ns-banner&quot; disabled=&quot;off&quot;][et_pb_row admin_label=&quot;row&quot; make_fullwidth=&quot;off&quot; use_custom_width=&quot;off&quot; width_unit=&quot;off&quot; custom_width_px=&quot;1080px&quot; custom_width_percent=&quot;80%&quot; use_custom_gutter=&quot;off&quot; gutter_width=&quot;3&quot; custom_padding=&quot;21.45px|0px|21px|0px&quot; padding_mobile=&quot;off&quot; allow_player_pause=&quot;off&quot; parallax=&quot;off&quot; parallax_method=&quot;on&quot; make_equal=&quot;off&quot; column_padding_mobile=&quot;on&quot; parallax_1=&quot;off&quot; parallax_method_1=&quot;on&quot; parallax_2=&quot;off&quot; parallax_method_2=&quot;on&quot; parallax_3=&quot;off&quot; parallax_method_3=&quot;on&quot; parallax_4=&quot;off&quot; parallax_method_4=&quot;on&quot; disabled=&quot;off&quot;][et_pb_column type=&quot;4_4&quot;][et_pb_text admin_label=&quot;Text&quot; background_layout=&quot;dark&quot; text_orientation=&quot;center&quot; use_border_color=&quot;off&quot; border_style=&quot;solid&quot; disabled=&quot;off&quot; border_color=&quot;#ffffff&quot;]<\/p>\n<h1 style=\"text-align: center;\">\u05d0\u05e0\u05e9\u05d9 \u05e7\u05e9\u05e8<\/h1>\n<p><img decoding=\"async\" loading=\"lazy\" class=\"size-full wp-image-150 aligncenter\" src=\"..\/wp-content\/uploads\/2016\/10\/heading-underline.png\" alt=\"heading-underline\" width=\"309\" height=\"12\" srcset=\"https:\/\/cryomedpro.com\/wp-content\/uploads\/2016\/10\/heading-underline.png 309w, https:\/\/cryomedpro.com\/wp-content\/uploads\/2016\/10\/heading-underline-300x12.png 300w\" sizes=\"(max-width: 309px) 100vw, 309px\" \/><\/p>\n<p>[\/et_pb_text][\/et_pb_column][\/et_pb_row][\/et_pb_section][et_pb_section admin_label=&quot;Section&quot; fullwidth=&quot;off&quot; specialty=&quot;off&quot; transparent_background=&quot;off&quot; allow_player_pause=&quot;off&quot; inner_shadow=&quot;off&quot; parallax=&quot;off&quot; parallax_method=&quot;off&quot; custom_padding=&quot;15px|0px|0px|0px&quot; padding_mobile=&quot;off&quot; make_fullwidth=&quot;off&quot; use_custom_width=&quot;off&quot; width_unit=&quot;on&quot; make_equal=&quot;off&quot; use_custom_gutter=&quot;off&quot;][et_pb_row admin_label=&quot;Row&quot; make_fullwidth=&quot;off&quot; use_custom_width=&quot;off&quot; width_unit=&quot;on&quot; use_custom_gutter=&quot;off&quot; padding_mobile=&quot;off&quot; allow_player_pause=&quot;off&quot; parallax=&quot;off&quot; parallax_method=&quot;off&quot; make_equal=&quot;off&quot; parallax_1=&quot;off&quot; parallax_method_1=&quot;off&quot; column_padding_mobile=&quot;on&quot; custom_padding=&quot;0px|0px|0px|0px&quot;][et_pb_column type=&quot;4_4&quot;][et_pb_code admin_label=&quot;Code&quot;]\tCryo\n<span><span><a href=\"https:\/\/cryomedpro.com\/he\/\">Home<\/a><\/span><\/span>[\/et_pb_code][\/et_pb_column][\/et_pb_row][\/et_pb_section][et_pb_section admin_label=&quot;Section&quot; transparent_background=&quot;off&quot; allow_player_pause=&quot;off&quot; inner_shadow=&quot;off&quot; parallax=&quot;off&quot; parallax_method=&quot;off&quot; padding_mobile=&quot;off&quot; make_fullwidth=&quot;off&quot; use_custom_width=&quot;off&quot; width_unit=&quot;on&quot; custom_width_px=&quot;1080px&quot; custom_width_percent=&quot;80%&quot; make_equal=&quot;off&quot; use_custom_gutter=&quot;off&quot; fullwidth=&quot;off&quot; specialty=&quot;off&quot; module_class=&quot;ns-contact&quot; disabled=&quot;off&quot;][et_pb_row admin_label=&quot;Row&quot; make_fullwidth=&quot;off&quot; use_custom_width=&quot;off&quot; width_unit=&quot;on&quot; custom_width_px=&quot;1080px&quot; custom_width_percent=&quot;80%&quot; use_custom_gutter=&quot;off&quot; gutter_width=&quot;3&quot; custom_padding_phone=&quot;0px||0px|&quot; padding_mobile=&quot;off&quot; allow_player_pause=&quot;off&quot; parallax=&quot;off&quot; parallax_method=&quot;off&quot; make_equal=&quot;off&quot; column_padding_mobile=&quot;on&quot; parallax_1=&quot;off&quot; parallax_method_1=&quot;off&quot; parallax_2=&quot;off&quot; parallax_method_2=&quot;on&quot; parallax_3=&quot;off&quot; parallax_method_3=&quot;on&quot; parallax_4=&quot;off&quot; parallax_method_4=&quot;on&quot; disabled=&quot;off&quot;][et_pb_column type=&quot;4_4&quot;][et_pb_text admin_label=&quot;Text&quot; background_layout=&quot;light&quot; text_orientation=&quot;right&quot; use_border_color=&quot;off&quot; border_style=&quot;solid&quot; disabled=&quot;off&quot; border_color=&quot;#ffffff&quot;]<\/p>\n<h2>\u05d7\u05d1\u05e8\u05ea Cryomed \u05d4\u05d9\u05d0 \u05de\u05d5\u05d1\u05d9\u05dc\u05d4 \u05e2\u05d5\u05dc\u05de\u05d9\u05ea \u05d1\u05ea\u05d7\u05d5\u05dd \u05e7\u05e8\u05d9\u05d5\u05ea\u05e8\u05e4\u05d9\u05d4 \u05dc\u05db\u05dc \u05d4\u05d2\u05d5\u05e3<\/h2>\n<p>Cryomed Manufacture s.r.o.<br \/>\n\u05de\u05e1\u05e4\u05e8 \u05e8\u05d9\u05e9\u05d5\u05dd \u05d7\u05d1\u05e8\u05d4: 52095983<br \/>\n\u05de\u05e1\u05e4\u05e8 \u05e0\u05d9\u05e9\u05d5\u05dd \u05de\u05e2&quot;\u05de: SK2120903598<\/p>\n<p>[\/et_pb_text][\/et_pb_column][\/et_pb_row][et_pb_row admin_label=&quot;Row&quot; make_fullwidth=&quot;off&quot; use_custom_width=&quot;off&quot; width_unit=&quot;off&quot; custom_width_px=&quot;1080px&quot; custom_width_percent=&quot;80%&quot; use_custom_gutter=&quot;off&quot; gutter_width=&quot;3&quot; padding_mobile=&quot;off&quot; allow_player_pause=&quot;off&quot; parallax=&quot;off&quot; parallax_method=&quot;on&quot; make_equal=&quot;off&quot; column_padding_mobile=&quot;on&quot; parallax_1=&quot;off&quot; parallax_method_1=&quot;on&quot; parallax_2=&quot;off&quot; parallax_method_2=&quot;on&quot; parallax_3=&quot;off&quot; parallax_method_3=&quot;on&quot; parallax_4=&quot;off&quot; parallax_method_4=&quot;on&quot; disabled=&quot;off&quot;][et_pb_column type=&quot;1_4&quot;][et_pb_text admin_label=&quot;Text&quot; background_layout=&quot;light&quot; text_orientation=&quot;right&quot; use_border_color=&quot;off&quot; border_style=&quot;solid&quot; disabled=&quot;off&quot; border_color=&quot;#ffffff&quot;]<\/p>\n<p>\u05d4\u05db\u05ea\u05d5\u05d1\u05ea \u05e9\u05dc\u05e0\u05d5<\/p>\n<div>Cyrila Min\u00e1rika Square, 24, 941 44 Hul<br \/>\n\u05e1\u05dc\u05d5\u05d1\u05e7\u05d9\u05d4<\/div>\n<p>[\/et_pb_text][\/et_pb_column][et_pb_column type=&quot;1_4&quot;][et_pb_text admin_label=&quot;Text&quot; background_layout=&quot;light&quot; text_orientation=&quot;right&quot; use_border_color=&quot;off&quot; border_style=&quot;solid&quot; disabled=&quot;off&quot; border_color=&quot;#ffffff&quot;]<\/p>\n<p><strong>\u05d4\u05ea\u05e7\u05e9\u05e8 \u05d0\u05dc\u05d9\u05e0\u05d5<\/strong><br \/>\n\u05d1\u05d9\u05de\u05d9\u05dd \u05e9\u05e0\u05d9 &#8211; \u05e9\u05d9\u05e9\u05d9 (7:00 &#8211; 15:30)<\/p>\n<p><strong><span style=\"font-size: large;\">918250160 421 +<\/span><\/strong><\/p>\n<p>[\/et_pb_text][\/et_pb_column][et_pb_column type=&quot;1_2&quot;][et_pb_text admin_label=&quot;Text&quot; background_layout=&quot;light&quot; text_orientation=&quot;right&quot; use_border_color=&quot;off&quot; border_style=&quot;solid&quot; disabled=&quot;off&quot; border_color=&quot;#ffffff&quot;]<\/p>\n<p><strong>24 \u05e9\u05e2\u05d5\u05ea \u05d0\u05d5\u05df-\u05dc\u05d9\u05d9\u05df<\/strong><\/p>\n<p>\u05e9\u05dc\u05d7 \u05dc\u05e0\u05d5 \u05d3\u05d5\u05d0&quot;\u05dc:<br \/>\n<a class=\"ns-contact-email\" href=\"mailto:in**@*****ed.pro\" data-original-string=\"VgJKs9xAzknljzv5xWSVLQ==caeyAftkyTDJ6At5bC92J1uP\/xDj9XMRoK3Qat3mxOCWH0=\" title=\"This contact has been encoded by Anti-Spam by CleanTalk. Click to decode. To finish the decoding make sure that JavaScript is enabled in your browser.\"><span \n                data-original-string='j6wkrm8xyOfXwc\/2wco7qA==caeqVTbmGvXQuJ8wEcJNB6OIpuhZrpBkWgvod+w9\/3mZAI='\n                class='apbct-email-encoder'\n                title='This contact has been encoded by Anti-Spam by CleanTalk. Click to decode. To finish the decoding make sure that JavaScript is enabled in your browser.'>in<span class=\"apbct-blur\">**<\/span>@<span class=\"apbct-blur\">*****<\/span>ed.pro<\/span><\/a><\/p>\n<p><a href=\"https:\/\/www.facebook.com\/CryomedLtd\/\" target=\"_blank\" rel=\"noopener noreferrer\"><img decoding=\"async\" loading=\"lazy\" src=\"https:\/\/cryomedpro.com\/wp-content\/uploads\/2016\/10\/facebook-1.jpg\" alt=\"\" width=\"150\" height=\"61\"><\/a><\/p>\n<p>[\/et_pb_text][\/et_pb_column][\/et_pb_row][et_pb_row admin_label=&quot;Row&quot; make_fullwidth=&quot;off&quot; use_custom_width=&quot;off&quot; width_unit=&quot;off&quot; custom_width_px=&quot;1080px&quot; custom_width_percent=&quot;80%&quot; use_custom_gutter=&quot;off&quot; gutter_width=&quot;3&quot; padding_mobile=&quot;off&quot; allow_player_pause=&quot;off&quot; parallax=&quot;off&quot; parallax_method=&quot;on&quot; make_equal=&quot;off&quot; column_padding_mobile=&quot;on&quot; parallax_1=&quot;off&quot; parallax_method_1=&quot;on&quot; parallax_2=&quot;off&quot; parallax_method_2=&quot;on&quot; parallax_3=&quot;off&quot; parallax_method_3=&quot;on&quot; parallax_4=&quot;off&quot; parallax_method_4=&quot;on&quot; disabled=&quot;off&quot;][et_pb_column type=&quot;4_4&quot;][et_pb_map admin_label=&quot;Map&quot; address=&quot;Budovate\u013esk\u00e1 4854\/7, 940 02 Nov\u00e9 Z\u00e1mky-Doln\u00e1 kapsa, Slovensko&quot; zoom_level=&quot;15&quot; address_lat=&quot;47.9793452&quot; address_lng=&quot;18.18741829999999&quot; mouse_wheel=&quot;on&quot; mobile_dragging=&quot;on&quot; use_grayscale_filter=&quot;off&quot; disabled=&quot;off&quot;]<\/p>\n<p>[et_pb_map_pin title=&quot;Budovate\u013esk\u00e1 7&quot; pin_address=&quot;Budovate\u013esk\u00e1 4854\/7, 940 02 Nov\u00e9 Z\u00e1mky-Doln\u00e1 kapsa, Slovensko&quot; pin_address_lat=&quot;47.9793452&quot; pin_address_lng=&quot;18.18741829999999&quot; disabled=&quot;off&quot;][\/et_pb_map_pin]<\/p>\n<p>[\/et_pb_map][\/et_pb_column][\/et_pb_row][et_pb_row admin_label=&quot;Row&quot; make_fullwidth=&quot;off&quot; use_custom_width=&quot;off&quot; width_unit=&quot;on&quot; custom_width_px=&quot;1080px&quot; custom_width_percent=&quot;80%&quot; use_custom_gutter=&quot;off&quot; gutter_width=&quot;3&quot; padding_mobile=&quot;off&quot; custom_margin=&quot;120px||120px|&quot; background_color=&quot;#00c4d9&quot; allow_player_pause=&quot;off&quot; parallax=&quot;off&quot; parallax_method=&quot;off&quot; make_equal=&quot;off&quot; column_padding_mobile=&quot;on&quot; parallax_1=&quot;off&quot; parallax_method_1=&quot;off&quot; parallax_2=&quot;off&quot; parallax_method_2=&quot;off&quot; parallax_3=&quot;off&quot; parallax_method_3=&quot;on&quot; parallax_4=&quot;off&quot; parallax_method_4=&quot;on&quot; disabled=&quot;off&quot;][et_pb_column type=&quot;2_3&quot;][et_pb_text admin_label=&quot;Text&quot; background_layout=&quot;dark&quot; text_orientation=&quot;right&quot; use_border_color=&quot;off&quot; border_style=&quot;solid&quot; disabled=&quot;off&quot; border_color=&quot;#ffffff&quot;]<\/p>\n<p><img decoding=\"async\" loading=\"lazy\" class=\"alignleft size-full wp-image-184 ns-contact-product\" src=\"https:\/\/cryomedpro.com\/wp-content\/uploads\/2016\/12\/cryo-2-fixed-200.png\" alt=\"contact-product\" width=\"200\" height=\"287\" \/><\/p>\n<p class=\"ns-hide-on-mobile\" style=\"text-align: right;\">Cryosauna \u05e2\u05d1\u05d5\u05e8 \u05d1\u05e8\u05d9\u05d0\u05d5\u05ea \u05d5\u05e9\u05d2\u05e9\u05d5\u05d2<\/p>\n<p>[\/et_pb_text][\/et_pb_column][et_pb_column type=&quot;1_3&quot;][et_pb_button admin_label=&quot;Button&quot; url_new_window=&quot;off&quot; button_text=&quot;\u05d1\u05e7\u05e9 \u05d0\u05ea \u05d4\u05de\u05d7\u05d9\u05e8 \u05e9\u05dc\u05da&quot; button_alignment=&quot;center&quot; background_layout=&quot;dark&quot; module_class=&quot;popmake-contact-form-he&quot; custom_button=&quot;on&quot; button_text_size=&quot;15&quot; button_text_color=&quot;#ffffff&quot; button_bg_color=&quot;#8fd400&quot; button_border_width=&quot;0&quot; button_letter_spacing=&quot;0&quot; button_use_icon=&quot;off&quot; button_icon_placement=&quot;right&quot; button_on_hover=&quot;on&quot; button_bg_color_hover=&quot;#b0d369&quot; button_letter_spacing_hover=&quot;0&quot; disabled=&quot;off&quot; saved_tabs=&quot;all&quot;]<\/p>\n<p>&nbsp;<\/p>\n<p>[\/et_pb_button][\/et_pb_column][\/et_pb_row][\/et_pb_section]<\/p>\n","protected":false},"excerpt":{"rendered":"<p>[et_pb_section admin_label=&quot;section&quot; background_image=&quot;https:\/\/cryomedpro.com\/wp-content\/uploads\/2016\/12\/penguins2.jpg&quot; transparent_background=&quot;off&quot; allow_player_pause=&quot;off&quot; inner_shadow=&quot;off&quot; parallax=&quot;off&quot; parallax_method=&quot;off&quot; custom_padding=&quot;0px|0px|2px|0px&quot; padding_mobile=&quot;off&quot; make_fullwidth=&quot;off&quot; use_custom_width=&quot;off&quot; width_unit=&quot;on&quot; custom_width_px=&quot;1080px&quot; custom_width_percent=&quot;80%&quot; make_equal=&quot;off&quot; use_custom_gutter=&quot;off&quot; fullwidth=&quot;off&quot; specialty=&quot;off&quot; module_class=&quot;ns-banner&quot; disabled=&quot;off&quot;][et_pb_row admin_label=&quot;row&quot; make_fullwidth=&quot;off&quot; use_custom_width=&quot;off&quot; width_unit=&quot;off&quot; custom_width_px=&quot;1080px&quot; custom_width_percent=&quot;80%&quot; use_custom_gutter=&quot;off&quot; gutter_width=&quot;3&quot; custom_padding=&quot;21.45px|0px|21px|0px&quot; padding_mobile=&quot;off&quot; allow_player_pause=&quot;off&quot; parallax=&quot;off&quot; parallax_method=&quot;on&quot; make_equal=&quot;off&quot; column_padding_mobile=&quot;on&quot; parallax_1=&quot;off&quot; parallax_method_1=&quot;on&quot; parallax_2=&quot;off&quot; parallax_method_2=&quot;on&quot; parallax_3=&quot;off&quot; parallax_method_3=&quot;on&quot; parallax_4=&quot;off&quot; parallax_method_4=&quot;on&quot; disabled=&quot;off&quot;][et_pb_column type=&quot;4_4&quot;][et_pb_text admin_label=&quot;Text&quot; background_layout=&quot;dark&quot; text_orientation=&quot;center&quot; use_border_color=&quot;off&quot; border_style=&quot;solid&quot; disabled=&quot;off&quot; border_color=&quot;#ffffff&quot;] \u05d0\u05e0\u05e9\u05d9 \u05e7\u05e9\u05e8 [&hellip;]<\/p>\n","protected":false},"author":1,"featured_media":0,"parent":0,"menu_order":0,"comment_status":"closed","ping_status":"closed","template":"","meta":[],"tags":[],"yoast_head":"<!-- This site is optimized with the Yoast SEO plugin v20.0 - https:\/\/yoast.com\/wordpress\/plugins\/seo\/ -->\n<title>\u05d0\u05e0\u05e9\u05d9 \u05e7\u05e9\u05e8<\/title>\n<meta name=\"robots\" content=\"index, follow, max-snippet:-1, max-image-preview:large, max-video-preview:-1\" \/>\n<link rel=\"canonical\" href=\"https:\/\/cryomedpro.com\/he\/contacts\/\" \/>\n<meta property=\"og:locale\" content=\"he_IL\" \/>\n<meta property=\"og:type\" content=\"article\" \/>\n<meta property=\"og:title\" content=\"\u05d0\u05e0\u05e9\u05d9 \u05e7\u05e9\u05e8\" \/>\n<meta property=\"og:description\" content=\"[et_pb_section admin_label=&quot;section&quot; background_image=&quot;https:\/\/cryomedpro.com\/wp-content\/uploads\/2016\/12\/penguins2.jpg&quot; transparent_background=&quot;off&quot; allow_player_pause=&quot;off&quot; inner_shadow=&quot;off&quot; parallax=&quot;off&quot; parallax_method=&quot;off&quot; custom_padding=&quot;0px|0px|2px|0px&quot; padding_mobile=&quot;off&quot; make_fullwidth=&quot;off&quot; use_custom_width=&quot;off&quot; width_unit=&quot;on&quot; custom_width_px=&quot;1080px&quot; custom_width_percent=&quot;80%&quot; make_equal=&quot;off&quot; use_custom_gutter=&quot;off&quot; fullwidth=&quot;off&quot; specialty=&quot;off&quot; module_class=&quot;ns-banner&quot; disabled=&quot;off&quot;][et_pb_row admin_label=&quot;row&quot; make_fullwidth=&quot;off&quot; use_custom_width=&quot;off&quot; width_unit=&quot;off&quot; custom_width_px=&quot;1080px&quot; custom_width_percent=&quot;80%&quot; use_custom_gutter=&quot;off&quot; gutter_width=&quot;3&quot; custom_padding=&quot;21.45px|0px|21px|0px&quot; padding_mobile=&quot;off&quot; allow_player_pause=&quot;off&quot; parallax=&quot;off&quot; parallax_method=&quot;on&quot; make_equal=&quot;off&quot; column_padding_mobile=&quot;on&quot; parallax_1=&quot;off&quot; parallax_method_1=&quot;on&quot; parallax_2=&quot;off&quot; parallax_method_2=&quot;on&quot; parallax_3=&quot;off&quot; parallax_method_3=&quot;on&quot; parallax_4=&quot;off&quot; parallax_method_4=&quot;on&quot; disabled=&quot;off&quot;][et_pb_column type=&quot;4_4&quot;][et_pb_text admin_label=&quot;Text&quot; background_layout=&quot;dark&quot; text_orientation=&quot;center&quot; use_border_color=&quot;off&quot; border_style=&quot;solid&quot; disabled=&quot;off&quot; border_color=&quot;#ffffff&quot;] \u05d0\u05e0\u05e9\u05d9 \u05e7\u05e9\u05e8 [&hellip;]\" \/>\n<meta property=\"og:url\" content=\"https:\/\/cryomedpro.com\/he\/contacts\/\" \/>\n<meta property=\"og:site_name\" content=\"Cryomed PRO\" \/>\n<meta property=\"article:modified_time\" content=\"2026-02-18T17:27:18+00:00\" \/>\n<meta property=\"og:image\" content=\"https:\/\/cryomedpro.com\/wp-content\/uploads\/2016\/10\/facebook-1.jpg\" \/>\n<meta name=\"twitter:card\" content=\"summary_large_image\" \/>\n<meta name=\"twitter:label1\" content=\"\u05d6\u05de\u05df \u05e7\u05e8\u05d9\u05d0\u05d4 \u05de\u05d5\u05e2\u05e8\u05da\" \/>\n\t<meta name=\"twitter:data1\" content=\"3 \u05d3\u05e7\u05d5\u05ea\" \/>\n<!-- \/ Yoast SEO plugin. -->","yoast_head_json":{"title":"\u05d0\u05e0\u05e9\u05d9 \u05e7\u05e9\u05e8","robots":{"index":"index","follow":"follow","max-snippet":"max-snippet:-1","max-image-preview":"max-image-preview:large","max-video-preview":"max-video-preview:-1"},"canonical":"https:\/\/cryomedpro.com\/he\/contacts\/","og_locale":"he_IL","og_type":"article","og_title":"\u05d0\u05e0\u05e9\u05d9 \u05e7\u05e9\u05e8","og_description":"[et_pb_section admin_label=&quot;section&quot; background_image=&quot;https:\/\/cryomedpro.com\/wp-content\/uploads\/2016\/12\/penguins2.jpg&quot; transparent_background=&quot;off&quot; allow_player_pause=&quot;off&quot; inner_shadow=&quot;off&quot; parallax=&quot;off&quot; parallax_method=&quot;off&quot; custom_padding=&quot;0px|0px|2px|0px&quot; padding_mobile=&quot;off&quot; make_fullwidth=&quot;off&quot; use_custom_width=&quot;off&quot; width_unit=&quot;on&quot; custom_width_px=&quot;1080px&quot; custom_width_percent=&quot;80%&quot; make_equal=&quot;off&quot; use_custom_gutter=&quot;off&quot; fullwidth=&quot;off&quot; specialty=&quot;off&quot; module_class=&quot;ns-banner&quot; disabled=&quot;off&quot;][et_pb_row admin_label=&quot;row&quot; make_fullwidth=&quot;off&quot; use_custom_width=&quot;off&quot; width_unit=&quot;off&quot; custom_width_px=&quot;1080px&quot; custom_width_percent=&quot;80%&quot; use_custom_gutter=&quot;off&quot; gutter_width=&quot;3&quot; custom_padding=&quot;21.45px|0px|21px|0px&quot; padding_mobile=&quot;off&quot; allow_player_pause=&quot;off&quot; parallax=&quot;off&quot; parallax_method=&quot;on&quot; make_equal=&quot;off&quot; column_padding_mobile=&quot;on&quot; parallax_1=&quot;off&quot; parallax_method_1=&quot;on&quot; parallax_2=&quot;off&quot; parallax_method_2=&quot;on&quot; parallax_3=&quot;off&quot; parallax_method_3=&quot;on&quot; parallax_4=&quot;off&quot; parallax_method_4=&quot;on&quot; disabled=&quot;off&quot;][et_pb_column type=&quot;4_4&quot;][et_pb_text admin_label=&quot;Text&quot; background_layout=&quot;dark&quot; text_orientation=&quot;center&quot; use_border_color=&quot;off&quot; border_style=&quot;solid&quot; disabled=&quot;off&quot; border_color=&quot;#ffffff&quot;] \u05d0\u05e0\u05e9\u05d9 \u05e7\u05e9\u05e8 [&hellip;]","og_url":"https:\/\/cryomedpro.com\/he\/contacts\/","og_site_name":"Cryomed PRO","article_modified_time":"2026-02-18T17:27:18+00:00","og_image":[{"url":"https:\/\/cryomedpro.com\/wp-content\/uploads\/2016\/10\/facebook-1.jpg"}],"twitter_card":"summary_large_image","twitter_misc":{"\u05d6\u05de\u05df \u05e7\u05e8\u05d9\u05d0\u05d4 \u05de\u05d5\u05e2\u05e8\u05da":"3 \u05d3\u05e7\u05d5\u05ea"},"schema":{"@context":"https:\/\/schema.org","@graph":[{"@type":"WebPage","@id":"https:\/\/cryomedpro.com\/he\/contacts\/","url":"https:\/\/cryomedpro.com\/he\/contacts\/","name":"\u05d0\u05e0\u05e9\u05d9 \u05e7\u05e9\u05e8","isPartOf":{"@id":"https:\/\/cryomedpro.com\/#website"},"datePublished":"2016-10-26T09:58:50+00:00","dateModified":"2026-02-18T17:27:18+00:00","breadcrumb":{"@id":"https:\/\/cryomedpro.com\/he\/contacts\/#breadcrumb"},"inLanguage":"he-IL","potentialAction":[{"@type":"ReadAction","target":["https:\/\/cryomedpro.com\/he\/contacts\/"]}]},{"@type":"BreadcrumbList","@id":"https:\/\/cryomedpro.com\/he\/contacts\/#breadcrumb","itemListElement":[{"@type":"ListItem","position":1,"name":"Home","item":"https:\/\/cryomedpro.com\/he\/"},{"@type":"ListItem","position":2,"name":"\u05d0\u05e0\u05e9\u05d9 \u05e7\u05e9\u05e8"}]},{"@type":"WebSite","@id":"https:\/\/cryomedpro.com\/#website","url":"https:\/\/cryomedpro.com\/","name":"Cryomed PRO","description":"Cryosaunas Worldwide","publisher":{"@id":"https:\/\/cryomedpro.com\/#\/schema\/person\/752b92c38fb6f6c5052ef7763f4d79eb"},"potentialAction":[{"@type":"SearchAction","target":{"@type":"EntryPoint","urlTemplate":"https:\/\/cryomedpro.com\/?s={search_term_string}"},"query-input":"required name=search_term_string"}],"inLanguage":"he-IL"},{"@type":["Person","Organization"],"@id":"https:\/\/cryomedpro.com\/#\/schema\/person\/752b92c38fb6f6c5052ef7763f4d79eb","name":"healthycold","image":{"@type":"ImageObject","inLanguage":"he-IL","@id":"https:\/\/cryomedpro.com\/#\/schema\/person\/image\/","url":"https:\/\/secure.gravatar.com\/avatar\/bbe2f3ec78281a56dba108d1bf0f9ffa?s=96&d=mm&r=g","contentUrl":"https:\/\/secure.gravatar.com\/avatar\/bbe2f3ec78281a56dba108d1bf0f9ffa?s=96&d=mm&r=g","caption":"healthycold"},"logo":{"@id":"https:\/\/cryomedpro.com\/#\/schema\/person\/image\/"}}]}},"_links":{"self":[{"href":"https:\/\/cryomedpro.com\/he\/wp-json\/wp\/v2\/pages\/11011"}],"collection":[{"href":"https:\/\/cryomedpro.com\/he\/wp-json\/wp\/v2\/pages"}],"about":[{"href":"https:\/\/cryomedpro.com\/he\/wp-json\/wp\/v2\/types\/page"}],"author":[{"embeddable":true,"href":"https:\/\/cryomedpro.com\/he\/wp-json\/wp\/v2\/users\/1"}],"replies":[{"embeddable":true,"href":"https:\/\/cryomedpro.com\/he\/wp-json\/wp\/v2\/comments?post=11011"}],"version-history":[{"count":2,"href":"https:\/\/cryomedpro.com\/he\/wp-json\/wp\/v2\/pages\/11011\/revisions"}],"predecessor-version":[{"id":89776,"href":"https:\/\/cryomedpro.com\/he\/wp-json\/wp\/v2\/pages\/11011\/revisions\/89776"}],"wp:attachment":[{"href":"https:\/\/cryomedpro.com\/he\/wp-json\/wp\/v2\/media?parent=11011"}],"wp:term":[{"taxonomy":"post_tag","embeddable":true,"href":"https:\/\/cryomedpro.com\/he\/wp-json\/wp\/v2\/tags?post=11011"}],"curies":[{"name":"wp","href":"https:\/\/api.w.org\/{rel}","templated":true}]}}