{"id":10094,"date":"2017-02-06T16:05:11","date_gmt":"2017-02-06T15:05:11","guid":{"rendered":"https:\/\/cryomedpro.com\/quality-and-certificates\/"},"modified":"2020-02-19T00:35:13","modified_gmt":"2020-02-18T23:35:13","slug":"quality-and-certificates","status":"publish","type":"page","link":"https:\/\/cryomedpro.com\/hr\/quality-and-certificates\/","title":{"rendered":"Kvaliteta i certifikati"},"content":{"rendered":"<p>[et_pb_section admin_label=&#8221;section&#8221; background_image=&#8221;https:\/\/cryomedpro.com\/wp-content\/uploads\/2016\/12\/784743-blue-crystals-frost-macro.jpg&#8221; transparent_background=&#8221;off&#8221; allow_player_pause=&#8221;off&#8221; inner_shadow=&#8221;off&#8221; parallax=&#8221;off&#8221; parallax_method=&#8221;off&#8221; custom_padding=&#8221;3px|0px|4px|0px&#8221; padding_mobile=&#8221;off&#8221; make_fullwidth=&#8221;off&#8221; use_custom_width=&#8221;off&#8221; width_unit=&#8221;on&#8221; make_equal=&#8221;off&#8221; use_custom_gutter=&#8221;off&#8221; fullwidth=&#8221;off&#8221; specialty=&#8221;off&#8221; module_class=&#8221;ns-banner&#8221; disabled=&#8221;off&#8221;][et_pb_row admin_label=&#8221;row&#8221; make_fullwidth=&#8221;off&#8221; use_custom_width=&#8221;off&#8221; width_unit=&#8221;off&#8221; custom_width_px=&#8221;1080px&#8221; custom_width_percent=&#8221;80%&#8221; use_custom_gutter=&#8221;off&#8221; gutter_width=&#8221;3&#8243; custom_padding=&#8221;21px|0px|21.45px|0px&#8221; padding_mobile=&#8221;off&#8221; allow_player_pause=&#8221;off&#8221; parallax=&#8221;off&#8221; parallax_method=&#8221;on&#8221; make_equal=&#8221;off&#8221; column_padding_mobile=&#8221;on&#8221; parallax_1=&#8221;off&#8221; parallax_method_1=&#8221;on&#8221; parallax_2=&#8221;off&#8221; parallax_method_2=&#8221;on&#8221; parallax_3=&#8221;off&#8221; parallax_method_3=&#8221;on&#8221; parallax_4=&#8221;off&#8221; parallax_method_4=&#8221;on&#8221; disabled=&#8221;off&#8221;][et_pb_column type=&#8221;4_4&#8243;][et_pb_text admin_label=&#8221;Text&#8221; background_layout=&#8221;dark&#8221; text_orientation=&#8221;center&#8221; use_border_color=&#8221;off&#8221; border_style=&#8221;solid&#8221; disabled=&#8221;off&#8221; border_color=&#8221;#ffffff&#8221;]<\/p>\n<h1 style=\"text-align: center;\">Kvaliteta i certifikati<\/h1>\n<p><img decoding=\"async\" loading=\"lazy\" class=\"size-full wp-image-150 aligncenter\" src=\"\/wp-content\/uploads\/2016\/10\/heading-underline.png\" alt=\"heading-underline\" width=\"309\" height=\"12\" srcset=\"https:\/\/cryomedpro.com\/wp-content\/uploads\/2016\/10\/heading-underline.png 309w, https:\/\/cryomedpro.com\/wp-content\/uploads\/2016\/10\/heading-underline-300x12.png 300w\" sizes=\"(max-width: 309px) 100vw, 309px\" \/><\/p>\n<p>[\/et_pb_text][\/et_pb_column][\/et_pb_row][\/et_pb_section][et_pb_section admin_label=&#8221;Section&#8221; fullwidth=&#8221;off&#8221; specialty=&#8221;off&#8221; transparent_background=&#8221;off&#8221; allow_player_pause=&#8221;off&#8221; inner_shadow=&#8221;off&#8221; parallax=&#8221;off&#8221; parallax_method=&#8221;off&#8221; custom_padding=&#8221;15px|0px|0px|0px&#8221; padding_mobile=&#8221;off&#8221; make_fullwidth=&#8221;off&#8221; use_custom_width=&#8221;off&#8221; width_unit=&#8221;on&#8221; make_equal=&#8221;off&#8221; use_custom_gutter=&#8221;off&#8221;][et_pb_row admin_label=&#8221;Row&#8221; make_fullwidth=&#8221;off&#8221; use_custom_width=&#8221;off&#8221; width_unit=&#8221;on&#8221; use_custom_gutter=&#8221;off&#8221; padding_mobile=&#8221;off&#8221; allow_player_pause=&#8221;off&#8221; parallax=&#8221;off&#8221; parallax_method=&#8221;off&#8221; make_equal=&#8221;off&#8221; parallax_1=&#8221;off&#8221; parallax_method_1=&#8221;off&#8221; column_padding_mobile=&#8221;on&#8221; custom_padding=&#8221;0px|0px|0px|0px&#8221;][et_pb_column type=&#8221;4_4&#8243;][et_pb_code admin_label=&#8221;Code&#8221;]\tCryo\n<span><span><a href=\"https:\/\/cryomedpro.com\/hr\/\">Home<\/a><\/span><\/span>[\/et_pb_code][\/et_pb_column][\/et_pb_row][\/et_pb_section][et_pb_section admin_label=&#8221;Section&#8221; transparent_background=&#8221;off&#8221; allow_player_pause=&#8221;off&#8221; inner_shadow=&#8221;off&#8221; parallax=&#8221;off&#8221; parallax_method=&#8221;on&#8221; padding_mobile=&#8221;off&#8221; make_fullwidth=&#8221;off&#8221; use_custom_width=&#8221;off&#8221; width_unit=&#8221;off&#8221; custom_width_px=&#8221;1080px&#8221; custom_width_percent=&#8221;80%&#8221; make_equal=&#8221;off&#8221; use_custom_gutter=&#8221;off&#8221; fullwidth=&#8221;off&#8221; specialty=&#8221;off&#8221; disabled=&#8221;off&#8221;][et_pb_row admin_label=&#8221;Row&#8221; make_fullwidth=&#8221;off&#8221; use_custom_width=&#8221;off&#8221; width_unit=&#8221;off&#8221; custom_width_px=&#8221;1080px&#8221; custom_width_percent=&#8221;80%&#8221; use_custom_gutter=&#8221;off&#8221; gutter_width=&#8221;3&#8243; padding_mobile=&#8221;off&#8221; allow_player_pause=&#8221;off&#8221; parallax=&#8221;off&#8221; parallax_method=&#8221;on&#8221; make_equal=&#8221;off&#8221; column_padding_mobile=&#8221;on&#8221; parallax_1=&#8221;off&#8221; parallax_method_1=&#8221;on&#8221; parallax_2=&#8221;off&#8221; parallax_method_2=&#8221;on&#8221; parallax_3=&#8221;off&#8221; parallax_method_3=&#8221;on&#8221; parallax_4=&#8221;off&#8221; parallax_method_4=&#8221;on&#8221; disabled=&#8221;off&#8221;][et_pb_column type=&#8221;4_4&#8243;][et_pb_text admin_label=&#8221;Text&#8221; background_layout=&#8221;light&#8221; text_orientation=&#8221;left&#8221; use_border_color=&#8221;off&#8221; border_style=&#8221;solid&#8221; disabled=&#8221;off&#8221; border_color=&#8221;#ffffff&#8221;]<\/p>\n<h2><span style=\"color: #666666;\">Certifikat o sukladnosti EZ<\/span><\/h2>\n<p><a href=\"https:\/\/cryomedpro.com\/wp-content\/uploads\/2020\/02\/TSU_Conformity_certificate_Cryosauna_PRO_a_ONE_Cryomed_Manufacture-01-scaled.jpg\"><img decoding=\"async\" loading=\"lazy\" class=\"alignleft wp-image-54625\" title=\"The Certificate of Conformity\" src=\"https:\/\/cryomedpro.com\/wp-content\/uploads\/2020\/02\/TSU_Conformity_certificate_Cryosauna_PRO_a_ONE_Cryomed_Manufacture-01-212x300.jpg\" alt=\"\" width=\"300\" height=\"424\" srcset=\"https:\/\/cryomedpro.com\/wp-content\/uploads\/2020\/02\/TSU_Conformity_certificate_Cryosauna_PRO_a_ONE_Cryomed_Manufacture-01-212x300.jpg 212w, https:\/\/cryomedpro.com\/wp-content\/uploads\/2020\/02\/TSU_Conformity_certificate_Cryosauna_PRO_a_ONE_Cryomed_Manufacture-01-724x1024.jpg 724w, https:\/\/cryomedpro.com\/wp-content\/uploads\/2020\/02\/TSU_Conformity_certificate_Cryosauna_PRO_a_ONE_Cryomed_Manufacture-01-768x1086.jpg 768w, https:\/\/cryomedpro.com\/wp-content\/uploads\/2020\/02\/TSU_Conformity_certificate_Cryosauna_PRO_a_ONE_Cryomed_Manufacture-01-1086x1536.jpg 1086w, https:\/\/cryomedpro.com\/wp-content\/uploads\/2020\/02\/TSU_Conformity_certificate_Cryosauna_PRO_a_ONE_Cryomed_Manufacture-01-1448x2048.jpg 1448w, https:\/\/cryomedpro.com\/wp-content\/uploads\/2020\/02\/TSU_Conformity_certificate_Cryosauna_PRO_a_ONE_Cryomed_Manufacture-01-1080x1527.jpg 1080w, https:\/\/cryomedpro.com\/wp-content\/uploads\/2020\/02\/TSU_Conformity_certificate_Cryosauna_PRO_a_ONE_Cryomed_Manufacture-01-scaled.jpg 1810w\" sizes=\"(max-width: 300px) 100vw, 300px\" \/><\/a><\/p>\n<p>Certifikat o sukladnoti EZ je va\u017ean dokument za proizvodnju koja je smje\u0161tena unutar europskog gospodarskog prostora.<\/p>\n<p>Certifikat o sukladnosti je pravni dokument koji potvr\u0111uje sukladnost proizvoda s EU standardima.<\/p>\n<p>Dodjeljivanje certifikata prati dobivanje CE oznake, \u0161to je obvezno.<\/p>\n<p>Oznaka CE (kratica fr. Conformit\u00e9Europ\u00e9enne &#8211; Europska Sukladnost) nalazi se na proizvodu i potvr\u0111uje da je proizvod u skladu s direktivama EU i EU standardima, a tako\u0111er ukazuje na to da je postupak ocjene sukladnosti izveden u skladu s tim.<\/p>\n<p>Oznaka CE pokazuje da je proizvod siguran za zdravlje potro\u0161a\u010da, te da nije \u0161tetan za okoli\u0161.<\/p>\n<p>Oznaka CE jedina je oznaka u zemljama EU, \u0161to potvr\u0111uje uskla\u0111enost proizvodnje s standardima EU o sigurnosti ljudi, imovini i okoli\u0161u.<\/p>\n<p><a href=\"https:\/\/cryomedpro.com\/wp-content\/uploads\/2020\/02\/TSU_Conformity_certificate_Cryosauna_PRO_a_ONE_Cryomed_Manufacture-02-scaled.jpg\"><img decoding=\"async\" loading=\"lazy\" class=\"alignright wp-image-54646\" title=\"The Certificate of Conformity\" src=\"https:\/\/cryomedpro.com\/wp-content\/uploads\/2020\/02\/TSU_Conformity_certificate_Cryosauna_PRO_a_ONE_Cryomed_Manufacture-02-212x300.jpg\" alt=\"\" width=\"300\" height=\"424\" srcset=\"https:\/\/cryomedpro.com\/wp-content\/uploads\/2020\/02\/TSU_Conformity_certificate_Cryosauna_PRO_a_ONE_Cryomed_Manufacture-02-212x300.jpg 212w, https:\/\/cryomedpro.com\/wp-content\/uploads\/2020\/02\/TSU_Conformity_certificate_Cryosauna_PRO_a_ONE_Cryomed_Manufacture-02-724x1024.jpg 724w, https:\/\/cryomedpro.com\/wp-content\/uploads\/2020\/02\/TSU_Conformity_certificate_Cryosauna_PRO_a_ONE_Cryomed_Manufacture-02-768x1086.jpg 768w, https:\/\/cryomedpro.com\/wp-content\/uploads\/2020\/02\/TSU_Conformity_certificate_Cryosauna_PRO_a_ONE_Cryomed_Manufacture-02-1086x1536.jpg 1086w, https:\/\/cryomedpro.com\/wp-content\/uploads\/2020\/02\/TSU_Conformity_certificate_Cryosauna_PRO_a_ONE_Cryomed_Manufacture-02-1448x2048.jpg 1448w, https:\/\/cryomedpro.com\/wp-content\/uploads\/2020\/02\/TSU_Conformity_certificate_Cryosauna_PRO_a_ONE_Cryomed_Manufacture-02-1080x1527.jpg 1080w, https:\/\/cryomedpro.com\/wp-content\/uploads\/2020\/02\/TSU_Conformity_certificate_Cryosauna_PRO_a_ONE_Cryomed_Manufacture-02-scaled.jpg 1810w\" sizes=\"(max-width: 300px) 100vw, 300px\" \/><\/a><\/p>\n<p>Primanje certifikata o sukladnosti nije obavezno, ali \u010dini proizvod konkurentnijim, pokazuje pozornost na kvalitetu i daje povjerenje u kvalitetu za one koji ga koriste. Prodavanje takvog proizvoda je zadovoljstvo za distributere. Zadovoljan je i krajnji potro\u0161a\u010d.<\/p>\n<p>Certifikat je dodijeljen na 3 godine, \u0161to zna\u010di da su stru\u010dnjaci pregledali proizvodnju i prihvatili je kao izvrsnu i \u010dvrstu.<\/p>\n<p>Potvrdu o sukladnosti, koju je primio Cryomed s.r.o. za najnoviji model cryosuaune, Cryomed PRO je priznanje na\u0161ih postignu\u0107a i potvrda na\u0161eg iskustva.<\/p>\n<p><a href=\"https:\/\/cryomedpro.com\/hr\/cryomed-pro\/\">Cryomed PRO<\/a><b> u skladu s:<\/b><\/p>\n<p>EZ Strojevi Direktiva<\/p>\n<p>Smjernica o niskom naponu<\/p>\n<p>Direktiva o elektromagnetskoj kompatibilnosti (EMC)<\/p>\n<p>[\/et_pb_text][\/et_pb_column][\/et_pb_row][et_pb_row admin_label=&#8221;Row&#8221; make_fullwidth=&#8221;off&#8221; use_custom_width=&#8221;off&#8221; width_unit=&#8221;off&#8221; custom_width_px=&#8221;1080px&#8221; custom_width_percent=&#8221;80%&#8221; use_custom_gutter=&#8221;off&#8221; gutter_width=&#8221;3&#8243; padding_mobile=&#8221;off&#8221; allow_player_pause=&#8221;off&#8221; parallax=&#8221;off&#8221; parallax_method=&#8221;on&#8221; make_equal=&#8221;off&#8221; column_padding_mobile=&#8221;on&#8221; parallax_1=&#8221;off&#8221; parallax_method_1=&#8221;on&#8221; parallax_2=&#8221;off&#8221; parallax_method_2=&#8221;on&#8221; parallax_3=&#8221;off&#8221; parallax_method_3=&#8221;on&#8221; parallax_4=&#8221;off&#8221; parallax_method_4=&#8221;on&#8221; disabled=&#8221;off&#8221;][et_pb_column type=&#8221;4_4&#8243;][et_pb_text admin_label=&#8221;Text&#8221; background_layout=&#8221;light&#8221; text_orientation=&#8221;left&#8221; use_border_color=&#8221;off&#8221; border_style=&#8221;solid&#8221; disabled=&#8221;off&#8221; border_color=&#8221;#ffffff&#8221;]<\/p>\n<p><a href=\"\/wp-content\/uploads\/content\/cryom_ce_sx.jpg\"><img decoding=\"async\" loading=\"lazy\" class=\"alignleft\" src=\"\/wp-content\/uploads\/content\/cryom_ce_sx.jpg\" alt=\"ISO 13485:2016\" width=\"300\" height=\"425\" \/><\/a><\/p>\n<h2>ISO 13485:2016<\/h2>\n<p><strong>ISO 13485:2016<\/strong> specificira zahtjeve za sustav upravljanja kvalitetom u kojem organizacija mora pokazati sposobnost dobavljanja medicinskih ure\u0111aja i srodnih usluga, koji dosljedno ispunjavaju zahtjeve kupaca i primjenjive zakonske propise. Cryomed je postao jedini proizvo\u0111a\u010d kriogenih ure\u0111aja na svijetu koji udovoljava svim tim zahtjevima! Tijelo za izdavanje certifikata &#8211; T\u00dcV Rheinland.<\/p>\n<p>[\/et_pb_text][\/et_pb_column][\/et_pb_row][et_pb_row admin_label=&#8221;Row&#8221; make_fullwidth=&#8221;off&#8221; use_custom_width=&#8221;off&#8221; width_unit=&#8221;off&#8221; custom_width_px=&#8221;1080px&#8221; custom_width_percent=&#8221;80%&#8221; use_custom_gutter=&#8221;off&#8221; gutter_width=&#8221;3&#8243; padding_mobile=&#8221;off&#8221; allow_player_pause=&#8221;off&#8221; parallax=&#8221;off&#8221; parallax_method=&#8221;on&#8221; make_equal=&#8221;off&#8221; column_padding_mobile=&#8221;on&#8221; parallax_1=&#8221;off&#8221; parallax_method_1=&#8221;on&#8221; parallax_2=&#8221;off&#8221; parallax_method_2=&#8221;on&#8221; parallax_3=&#8221;off&#8221; parallax_method_3=&#8221;on&#8221; parallax_4=&#8221;off&#8221; parallax_method_4=&#8221;on&#8221; disabled=&#8221;off&#8221;][et_pb_column type=&#8221;4_4&#8243;][et_pb_text admin_label=&#8221;Text&#8221; background_layout=&#8221;light&#8221; text_orientation=&#8221;left&#8221; use_border_color=&#8221;off&#8221; border_style=&#8221;solid&#8221; disabled=&#8221;off&#8221; border_color=&#8221;#ffffff&#8221;]<\/p>\n<p><a href=\"\/wp-content\/uploads\/content\/cryom_ce_hd.jpg\"><img decoding=\"async\" loading=\"lazy\" class=\"alignleft\" src=\"\/wp-content\/uploads\/content\/cryom_ce_hd.jpg\" alt=\"Annex II: Full Quality Assurance System\" width=\"300\" height=\"425\" \/><\/a><\/p>\n<h2>Prilog II: Sustav potpunog osiguranja kvalitete<\/h2>\n<p><strong>Prilog II: Sustav potpunog osiguranja kvalitete<\/strong> &#8211; Ova procjena sukladnosti uklju\u010duje pregled cjelokupnog proizvo\u0111a\u010devog sustava upravljanja kvalitetom, koji obuhva\u0107a dizajn, proizvodnju i zavr\u0161nu inspekciju. Cryomed je dobio certifikat o sukladnosti odredbama ove ocjene sukladnosti. Institucija koja je izdala ovaj certifikat jedna je od najuglednijih na ovom podru\u010dju &#8211; T\u00dcV Rheinland.<\/p>\n<p>[\/et_pb_text][\/et_pb_column][\/et_pb_row][et_pb_row admin_label=&#8221;Row&#8221; make_fullwidth=&#8221;off&#8221; use_custom_width=&#8221;off&#8221; width_unit=&#8221;off&#8221; custom_width_px=&#8221;1080px&#8221; custom_width_percent=&#8221;80%&#8221; use_custom_gutter=&#8221;off&#8221; gutter_width=&#8221;3&#8243; padding_mobile=&#8221;off&#8221; allow_player_pause=&#8221;off&#8221; parallax=&#8221;off&#8221; parallax_method=&#8221;on&#8221; make_equal=&#8221;off&#8221; column_padding_mobile=&#8221;on&#8221; parallax_1=&#8221;off&#8221; parallax_method_1=&#8221;on&#8221; parallax_2=&#8221;off&#8221; parallax_method_2=&#8221;on&#8221; parallax_3=&#8221;off&#8221; parallax_method_3=&#8221;on&#8221; parallax_4=&#8221;off&#8221; parallax_method_4=&#8221;on&#8221; disabled=&#8221;off&#8221;][et_pb_column type=&#8221;4_4&#8243;][et_pb_button admin_label=&#8221;Button&#8221; url_new_window=&#8221;off&#8221; button_text=&#8221;ZATRA\u017dITE CIJENU&#8221; button_alignment=&#8221;center&#8221; background_layout=&#8221;dark&#8221; module_class=&#8221;popmake-contact-form-hr&#8221; custom_button=&#8221;on&#8221; button_text_size=&#8221;15&#8243; button_text_color=&#8221;#ffffff&#8221; button_bg_color=&#8221;#8fd400&#8243; button_border_width=&#8221;0&#8243; button_letter_spacing=&#8221;0&#8243; button_use_icon=&#8221;off&#8221; button_icon_placement=&#8221;right&#8221; button_on_hover=&#8221;on&#8221; button_bg_color_hover=&#8221;#b0d369&#8243; button_letter_spacing_hover=&#8221;0&#8243; disabled=&#8221;off&#8221; saved_tabs=&#8221;all&#8221;]<\/p>\n<p>&nbsp;<\/p>\n<p>[\/et_pb_button][\/et_pb_column][\/et_pb_row][\/et_pb_section]<\/p>\n","protected":false},"excerpt":{"rendered":"<p>[et_pb_section admin_label=&#8221;section&#8221; background_image=&#8221;https:\/\/cryomedpro.com\/wp-content\/uploads\/2016\/12\/784743-blue-crystals-frost-macro.jpg&#8221; transparent_background=&#8221;off&#8221; allow_player_pause=&#8221;off&#8221; inner_shadow=&#8221;off&#8221; parallax=&#8221;off&#8221; parallax_method=&#8221;off&#8221; custom_padding=&#8221;3px|0px|4px|0px&#8221; padding_mobile=&#8221;off&#8221; make_fullwidth=&#8221;off&#8221; use_custom_width=&#8221;off&#8221; width_unit=&#8221;on&#8221; make_equal=&#8221;off&#8221; use_custom_gutter=&#8221;off&#8221; fullwidth=&#8221;off&#8221; specialty=&#8221;off&#8221; module_class=&#8221;ns-banner&#8221; disabled=&#8221;off&#8221;][et_pb_row admin_label=&#8221;row&#8221; make_fullwidth=&#8221;off&#8221; use_custom_width=&#8221;off&#8221; width_unit=&#8221;off&#8221; custom_width_px=&#8221;1080px&#8221; custom_width_percent=&#8221;80%&#8221; use_custom_gutter=&#8221;off&#8221; gutter_width=&#8221;3&#8243; custom_padding=&#8221;21px|0px|21.45px|0px&#8221; padding_mobile=&#8221;off&#8221; allow_player_pause=&#8221;off&#8221; parallax=&#8221;off&#8221; parallax_method=&#8221;on&#8221; make_equal=&#8221;off&#8221; column_padding_mobile=&#8221;on&#8221; parallax_1=&#8221;off&#8221; parallax_method_1=&#8221;on&#8221; parallax_2=&#8221;off&#8221; parallax_method_2=&#8221;on&#8221; parallax_3=&#8221;off&#8221; parallax_method_3=&#8221;on&#8221; parallax_4=&#8221;off&#8221; parallax_method_4=&#8221;on&#8221; disabled=&#8221;off&#8221;][et_pb_column type=&#8221;4_4&#8243;][et_pb_text admin_label=&#8221;Text&#8221; background_layout=&#8221;dark&#8221; text_orientation=&#8221;center&#8221; use_border_color=&#8221;off&#8221; border_style=&#8221;solid&#8221; disabled=&#8221;off&#8221; border_color=&#8221;#ffffff&#8221;] Kvaliteta i certifikati [\/et_pb_text][\/et_pb_column][\/et_pb_row][\/et_pb_section][et_pb_section [&hellip;]<\/p>\n","protected":false},"author":2,"featured_media":0,"parent":0,"menu_order":0,"comment_status":"closed","ping_status":"closed","template":"","meta":[],"tags":[],"yoast_head":"<!-- This site is optimized with the Yoast SEO plugin v20.0 - https:\/\/yoast.com\/wordpress\/plugins\/seo\/ -->\n<title>Kvaliteta i certifikati<\/title>\n<meta name=\"description\" content=\"Certifikat o sukladnoti EZ je va\u017ean dokument za proizvodnju koja je smje\u0161tena unutar europskog gospodarskog prostora.\" \/>\n<meta name=\"robots\" content=\"index, follow, max-snippet:-1, max-image-preview:large, max-video-preview:-1\" \/>\n<link rel=\"canonical\" href=\"https:\/\/cryomedpro.com\/hr\/quality-and-certificates\/\" \/>\n<meta property=\"og:locale\" content=\"hr_HR\" \/>\n<meta property=\"og:type\" content=\"article\" \/>\n<meta property=\"og:title\" content=\"Kvaliteta i certifikati\" \/>\n<meta property=\"og:description\" content=\"Certifikat o sukladnoti EZ je va\u017ean dokument za proizvodnju koja je smje\u0161tena unutar europskog gospodarskog prostora.\" \/>\n<meta property=\"og:url\" content=\"https:\/\/cryomedpro.com\/hr\/quality-and-certificates\/\" \/>\n<meta property=\"og:site_name\" content=\"Cryomed PRO\" \/>\n<meta property=\"article:modified_time\" content=\"2020-02-18T23:35:13+00:00\" \/>\n<meta property=\"og:image\" content=\"https:\/\/cryomedpro.com\/wp-content\/uploads\/2016\/10\/heading-underline.png\" \/>\n<meta name=\"twitter:card\" content=\"summary_large_image\" \/>\n<meta name=\"twitter:label1\" content=\"Procijenjeno vrijeme \u010ditanja\" \/>\n\t<meta name=\"twitter:data1\" content=\"6 minuta\" \/>\n<!-- \/ Yoast SEO plugin. -->","yoast_head_json":{"title":"Kvaliteta i certifikati","description":"Certifikat o sukladnoti EZ je va\u017ean dokument za proizvodnju koja je smje\u0161tena unutar europskog gospodarskog prostora.","robots":{"index":"index","follow":"follow","max-snippet":"max-snippet:-1","max-image-preview":"max-image-preview:large","max-video-preview":"max-video-preview:-1"},"canonical":"https:\/\/cryomedpro.com\/hr\/quality-and-certificates\/","og_locale":"hr_HR","og_type":"article","og_title":"Kvaliteta i certifikati","og_description":"Certifikat o sukladnoti EZ je va\u017ean dokument za proizvodnju koja je smje\u0161tena unutar europskog gospodarskog prostora.","og_url":"https:\/\/cryomedpro.com\/hr\/quality-and-certificates\/","og_site_name":"Cryomed PRO","article_modified_time":"2020-02-18T23:35:13+00:00","og_image":[{"url":"https:\/\/cryomedpro.com\/wp-content\/uploads\/2016\/10\/heading-underline.png"}],"twitter_card":"summary_large_image","twitter_misc":{"Procijenjeno vrijeme \u010ditanja":"6 minuta"},"schema":{"@context":"https:\/\/schema.org","@graph":[{"@type":"WebPage","@id":"https:\/\/cryomedpro.com\/hr\/quality-and-certificates\/","url":"https:\/\/cryomedpro.com\/hr\/quality-and-certificates\/","name":"Kvaliteta i certifikati","isPartOf":{"@id":"https:\/\/cryomedpro.com\/#website"},"datePublished":"2017-02-06T15:05:11+00:00","dateModified":"2020-02-18T23:35:13+00:00","description":"Certifikat o sukladnoti EZ je va\u017ean dokument za proizvodnju koja je smje\u0161tena unutar europskog gospodarskog prostora.","breadcrumb":{"@id":"https:\/\/cryomedpro.com\/hr\/quality-and-certificates\/#breadcrumb"},"inLanguage":"hr","potentialAction":[{"@type":"ReadAction","target":["https:\/\/cryomedpro.com\/hr\/quality-and-certificates\/"]}]},{"@type":"BreadcrumbList","@id":"https:\/\/cryomedpro.com\/hr\/quality-and-certificates\/#breadcrumb","itemListElement":[{"@type":"ListItem","position":1,"name":"Home","item":"https:\/\/cryomedpro.com\/hr\/"},{"@type":"ListItem","position":2,"name":"Kvaliteta i certifikati"}]},{"@type":"WebSite","@id":"https:\/\/cryomedpro.com\/#website","url":"https:\/\/cryomedpro.com\/","name":"Cryomed PRO","description":"Cryosaunas Worldwide","publisher":{"@id":"https:\/\/cryomedpro.com\/#\/schema\/person\/752b92c38fb6f6c5052ef7763f4d79eb"},"potentialAction":[{"@type":"SearchAction","target":{"@type":"EntryPoint","urlTemplate":"https:\/\/cryomedpro.com\/?s={search_term_string}"},"query-input":"required name=search_term_string"}],"inLanguage":"hr"},{"@type":["Person","Organization"],"@id":"https:\/\/cryomedpro.com\/#\/schema\/person\/752b92c38fb6f6c5052ef7763f4d79eb","name":"healthycold","image":{"@type":"ImageObject","inLanguage":"hr","@id":"https:\/\/cryomedpro.com\/#\/schema\/person\/image\/","url":"https:\/\/secure.gravatar.com\/avatar\/bbe2f3ec78281a56dba108d1bf0f9ffa?s=96&d=mm&r=g","contentUrl":"https:\/\/secure.gravatar.com\/avatar\/bbe2f3ec78281a56dba108d1bf0f9ffa?s=96&d=mm&r=g","caption":"healthycold"},"logo":{"@id":"https:\/\/cryomedpro.com\/#\/schema\/person\/image\/"}}]}},"_links":{"self":[{"href":"https:\/\/cryomedpro.com\/hr\/wp-json\/wp\/v2\/pages\/10094"}],"collection":[{"href":"https:\/\/cryomedpro.com\/hr\/wp-json\/wp\/v2\/pages"}],"about":[{"href":"https:\/\/cryomedpro.com\/hr\/wp-json\/wp\/v2\/types\/page"}],"author":[{"embeddable":true,"href":"https:\/\/cryomedpro.com\/hr\/wp-json\/wp\/v2\/users\/2"}],"replies":[{"embeddable":true,"href":"https:\/\/cryomedpro.com\/hr\/wp-json\/wp\/v2\/comments?post=10094"}],"version-history":[{"count":0,"href":"https:\/\/cryomedpro.com\/hr\/wp-json\/wp\/v2\/pages\/10094\/revisions"}],"wp:attachment":[{"href":"https:\/\/cryomedpro.com\/hr\/wp-json\/wp\/v2\/media?parent=10094"}],"wp:term":[{"taxonomy":"post_tag","embeddable":true,"href":"https:\/\/cryomedpro.com\/hr\/wp-json\/wp\/v2\/tags?post=10094"}],"curies":[{"name":"wp","href":"https:\/\/api.w.org\/{rel}","templated":true}]}}