{"id":10286,"date":"2017-11-21T13:04:23","date_gmt":"2017-11-21T12:04:23","guid":{"rendered":"https:\/\/cryomedpro.com\/dewar-vessels\/"},"modified":"2019-11-29T21:36:31","modified_gmt":"2019-11-29T20:36:31","slug":"dewar-vessels","status":"publish","type":"page","link":"https:\/\/cryomedpro.com\/hr\/dewar-vessels\/","title":{"rendered":"Dewarove posude"},"content":{"rendered":"<p>[et_pb_section admin_label=&#8221;section&#8221; background_image=&#8221;https:\/\/cryomedpro.com\/wp-content\/uploads\/2016\/12\/784743-blue-crystals-frost-macro.jpg&#8221; transparent_background=&#8221;off&#8221; allow_player_pause=&#8221;off&#8221; inner_shadow=&#8221;off&#8221; parallax=&#8221;off&#8221; parallax_method=&#8221;off&#8221; custom_padding=&#8221;3px||4px|&#8221; padding_mobile=&#8221;off&#8221; make_fullwidth=&#8221;off&#8221; use_custom_width=&#8221;off&#8221; width_unit=&#8221;on&#8221; make_equal=&#8221;off&#8221; use_custom_gutter=&#8221;off&#8221; module_class=&#8221;ns-banner&#8221;][et_pb_row admin_label=&#8221;row&#8221;][et_pb_column type=&#8221;4_4&#8243;][et_pb_text admin_label=&#8221;Text&#8221; background_layout=&#8221;dark&#8221; text_orientation=&#8221;center&#8221; use_border_color=&#8221;off&#8221; border_color=&#8221;#ffffff&#8221; border_style=&#8221;solid&#8221;]<\/p>\n<h1 style=\"text-align: center;\">Dewarove posude<\/h1>\n<p><img decoding=\"async\" loading=\"lazy\" class=\"size-full wp-image-150 aligncenter\" src=\"https:\/\/cryomedpro.com\/wp-content\/uploads\/2016\/10\/heading-underline.png\" alt=\"heading-underline\" width=\"309\" height=\"12\" srcset=\"https:\/\/cryomedpro.com\/wp-content\/uploads\/2016\/10\/heading-underline.png 309w, https:\/\/cryomedpro.com\/wp-content\/uploads\/2016\/10\/heading-underline-300x12.png 300w\" sizes=\"(max-width: 309px) 100vw, 309px\" \/><\/p>\n<p>[\/et_pb_text][\/et_pb_column][\/et_pb_row][\/et_pb_section][et_pb_section admin_label=&#8221;Section&#8221; fullwidth=&#8221;off&#8221; specialty=&#8221;off&#8221; transparent_background=&#8221;off&#8221; allow_player_pause=&#8221;off&#8221; inner_shadow=&#8221;off&#8221; parallax=&#8221;off&#8221; parallax_method=&#8221;off&#8221; custom_padding=&#8221;15px|0px|0px|0px&#8221; padding_mobile=&#8221;off&#8221; make_fullwidth=&#8221;off&#8221; use_custom_width=&#8221;off&#8221; width_unit=&#8221;on&#8221; make_equal=&#8221;off&#8221; use_custom_gutter=&#8221;off&#8221;][et_pb_row admin_label=&#8221;Row&#8221; make_fullwidth=&#8221;off&#8221; use_custom_width=&#8221;off&#8221; width_unit=&#8221;on&#8221; use_custom_gutter=&#8221;off&#8221; padding_mobile=&#8221;off&#8221; allow_player_pause=&#8221;off&#8221; parallax=&#8221;off&#8221; parallax_method=&#8221;off&#8221; make_equal=&#8221;off&#8221; parallax_1=&#8221;off&#8221; parallax_method_1=&#8221;off&#8221; column_padding_mobile=&#8221;on&#8221; custom_padding=&#8221;0px|0px|0px|0px&#8221;][et_pb_column type=&#8221;4_4&#8243;][et_pb_code admin_label=&#8221;Code&#8221;]\tCryo\n<span><span><a href=\"https:\/\/cryomedpro.com\/hr\/\">Home<\/a><\/span><\/span>[\/et_pb_code][\/et_pb_column][\/et_pb_row][\/et_pb_section][et_pb_section admin_label=&#8221;Section&#8221; fullwidth=&#8221;off&#8221; specialty=&#8221;off&#8221;][et_pb_row admin_label=&#8221;Row&#8221;][et_pb_column type=&#8221;1_2&#8243;][et_pb_image admin_label=&#8221;Image&#8221; src=&#8221;https:\/\/cryomedpro.com\/wp-content\/uploads\/2017\/11\/dewars_ck.gif&#8221; alt=&#8221;Dewarove posude&#8221; title_text=&#8221;Dewarove posude&#8221; show_in_lightbox=&#8221;off&#8221; url_new_window=&#8221;off&#8221; use_overlay=&#8221;off&#8221; animation=&#8221;left&#8221; sticky=&#8221;off&#8221; align=&#8221;center&#8221; force_fullwidth=&#8221;off&#8221; always_center_on_mobile=&#8221;on&#8221; use_border_color=&#8221;off&#8221; border_color=&#8221;#ffffff&#8221; border_style=&#8221;solid&#8221;]<\/p>\n<p>&nbsp;<\/p>\n<p>[\/et_pb_image][\/et_pb_column][et_pb_column type=&#8221;1_2&#8243;][et_pb_text admin_label=&#8221;Text&#8221; background_layout=&#8221;light&#8221; text_orientation=&#8221;left&#8221; use_border_color=&#8221;off&#8221; border_color=&#8221;#ffffff&#8221; border_style=&#8221;solid&#8221;]<\/p>\n<h2>\u0160to su Dewarove posude?<\/h2>\n<p>Dewarove posude su specijalizirana vrsta vakuumskih boca namijenjene za transport i skladi\u0161tenje velikih koli\u010dina teku\u0107eg du\u0161ika, argona i kisika. Visoka u\u010dinkovitost sustava toplinske izolacije jam\u010di maksimalno trajanje skladi\u0161tenja kriogena.<\/p>\n<p>Dewarove posude za teku\u0107i du\u0161ik nude visoko u\u010dinkovitu krioprezervaciju u kombinaciji s malom te\u017einom i skromnim zahtjevima u pogledu prostora. One su prikladne za kori\u0161tenje u istra\u017eiva\u010dkim laboratorijima, centrima za spa i ljepotu, zdravstvu, industrijskoj izgradnji i sportskoj medicini.<\/p>\n<p>Cryomed Dewarove posude za teku\u0107i du\u0161ik su dostupne u razli\u010ditim veli\u010dinama: 6, 10, 17,5, 26,5 i 40 litara.<\/p>\n<p>[\/et_pb_text][\/et_pb_column][\/et_pb_row][et_pb_row admin_label=&#8221;Row&#8221;][et_pb_column type=&#8221;4_4&#8243;][et_pb_text admin_label=&#8221;Text&#8221; background_layout=&#8221;light&#8221; text_orientation=&#8221;left&#8221; use_border_color=&#8221;off&#8221; border_color=&#8221;#ffffff&#8221; border_style=&#8221;solid&#8221;]<\/p>\n<h2 style=\"text-align: center; color: #666666;\">Tehni\u010dke karakteristike<\/h2>\n<p><img decoding=\"async\" loading=\"lazy\" class=\"size-medium wp-image-85 aligncenter\" src=\"https:\/\/cryomedpro.com\/wp-content\/uploads\/2016\/10\/brush-2-300x12.png\" alt=\"brush-2\" width=\"300\" height=\"12\" srcset=\"https:\/\/cryomedpro.com\/wp-content\/uploads\/2016\/10\/brush-2-300x12.png 300w, https:\/\/cryomedpro.com\/wp-content\/uploads\/2016\/10\/brush-2.png 309w\" sizes=\"(max-width: 300px) 100vw, 300px\" \/><\/p>\n<p>[\/et_pb_text][et_pb_text admin_label=&#8221;Text&#8221; background_layout=&#8221;light&#8221; text_orientation=&#8221;left&#8221; use_border_color=&#8221;off&#8221; border_color=&#8221;#ffffff&#8221; border_style=&#8221;solid&#8221;]<\/p>\n<ul>\n<li>Visoki kapacitet pohrane i mogu\u0107nost ponovnog punjenja (od 6 do 40 l);<\/li>\n<li>Kompatibilna prilago\u0111ena veli\u010dina (vanjski promjer od 260 do 460 mm, visina &#8211; od 480 do 720 mm);<\/li>\n<li>Niska stopa isparavanja;<\/li>\n<li>Mala te\u017eina prazne posude (od 4,5 do 14,5 kg);<\/li>\n<li>Napredne tehnologije vakuuma i izolacije;<\/li>\n<li>Minimalni gubici du\u0161ika;<\/li>\n<li>Dostupne su sve vrste prijevoza;<\/li>\n<li>Dodijeljeni vijek trajanja &#8211; 8 godina u adekvatnim uvjetima.<\/li>\n<\/ul>\n<p>[\/et_pb_text][et_pb_text admin_label=&#8221;Text&#8221; background_layout=&#8221;light&#8221; text_orientation=&#8221;left&#8221; use_border_color=&#8221;off&#8221; border_color=&#8221;#ffffff&#8221; border_style=&#8221;solid&#8221;]<\/p>\n<table class=\"responstable\">\n<tbody>\n<tr>\n<td rowspan=\"2\">Model<\/td>\n<td rowspan=\"2\">Kapacitet, litre<\/td>\n<td rowspan=\"2\">Broj dana do potpunog isparavanja du\u0161ika<\/td>\n<td rowspan=\"2\">Masa bez du\u0161ika, kg<\/td>\n<td rowspan=\"2\">Promjer vrata, mm<\/td>\n<td colspan=\"2\">Ukupne dimenzije, mm<\/td>\n<\/tr>\n<tr>\n<td>Promjer<\/td>\n<td>Visine<\/td>\n<\/tr>\n<tr>\n<td>DV-5<\/td>\n<td>5,2<\/td>\n<td>20<\/td>\n<td>5,34<\/td>\n<td>60<\/td>\n<td>420<\/td>\n<td>260<\/td>\n<\/tr>\n<tr>\n<td>DV-10<\/td>\n<td>10<\/td>\n<td>50<\/td>\n<td>8,8<\/td>\n<td>60<\/td>\n<td>520<\/td>\n<td>382<\/td>\n<\/tr>\n<tr>\n<td>DV-16<\/td>\n<td>16<\/td>\n<td>100<\/td>\n<td>9,7<\/td>\n<td>60<\/td>\n<td>635<\/td>\n<td>382<\/td>\n<\/tr>\n<tr>\n<td>DV-34<\/td>\n<td>35<\/td>\n<td>270<\/td>\n<td>18<\/td>\n<td>60<\/td>\n<td>790<\/td>\n<td>500<\/td>\n<\/tr>\n<tr>\n<td>DV-35<\/td>\n<td>35<\/td>\n<td>110<\/td>\n<td>17,8<\/td>\n<td>117<\/td>\n<td>790<\/td>\n<td>500<\/td>\n<\/tr>\n<tr>\n<td>DV-40<\/td>\n<td>40<\/td>\n<td>60<\/td>\n<td>14,5<\/td>\n<td>56<\/td>\n<td>720<\/td>\n<td>460<\/td>\n<\/tr>\n<tr>\n<td>DV-45<\/td>\n<td>45<\/td>\n<td>110<\/td>\n<td>19,6<\/td>\n<td>117<\/td>\n<td>820<\/td>\n<td>550<\/td>\n<\/tr>\n<\/tbody>\n<\/table>\n<p>[\/et_pb_text][et_pb_text admin_label=&#8221;Text&#8221; background_layout=&#8221;light&#8221; text_orientation=&#8221;left&#8221; use_border_color=&#8221;off&#8221; border_color=&#8221;#ffffff&#8221; border_style=&#8221;solid&#8221;]<\/p>\n<p>Pri kori\u0161tenju teku\u0107eg du\u0161ika svakako koristite najkvalitetnije krio-rukavice i odje\u0107u za za\u0161titu osoblja.<\/p>\n<p>Kakvo\u0107a kriogenih Dewarovih posuda efektivno jam\u010di njihovu pouzdanost, sigurnost i prakti\u010dnost u radu.<\/p>\n<p>[\/et_pb_text][\/et_pb_column][\/et_pb_row][et_pb_row admin_label=&#8221;Row&#8221;][et_pb_column type=&#8221;1_2&#8243;][et_pb_text admin_label=&#8221;Text&#8221; background_layout=&#8221;light&#8221; text_orientation=&#8221;left&#8221; use_border_color=&#8221;off&#8221; border_color=&#8221;#ffffff&#8221; border_style=&#8221;solid&#8221;]<\/p>\n<h2>Imajte na umu sljede\u0107e:<\/h2>\n<p>Ako koristite profesionalnu opremu kao \u0161to je Cryomed Pro i\/ili Cryofan, najprikladnija boca je Dewarova posuda od 40 l. To je naju\u010dinkovitiji tip spremnika teku\u0107eg du\u0161ika, s prednostima malog gubitka du\u0161ika i srednjeg kapaciteta pohrane.<\/p>\n<p>Svjesni smo potreba profesionalaca iz cijelog svijeta. Sada je prijevoz va\u0161ih kriogena siguran i lak.<\/p>\n<h2>Prilagodba<\/h2>\n<p>Male Dewarove posude su idealne za privremenu pohranu teku\u0107eg du\u0161ika u laboratorijima ili \u010dak kod ku\u0107e. Boce s ve\u0107im koli\u010dinama savr\u0161ene su za salone ljepote i medicinske centre.<\/p>\n<p>Mo\u017eete odabrati \u0161to vam je potrebno.<\/p>\n<p>Podni tip i manji, ru\u010dni, prenosivi tip Dewarovih posuda za du\u0161ik su dostupni za prodaju.<\/p>\n<p>Cryomed mo\u017ee zadovoljiti zahtjeve svakog kupca.<\/p>\n<p>[\/et_pb_text][\/et_pb_column][et_pb_column type=&#8221;1_2&#8243;][et_pb_image admin_label=&#8221;Image&#8221; src=&#8221;https:\/\/cryomedpro.com\/wp-content\/uploads\/2017\/11\/u160_new3.jpg&#8221; alt=&#8221;Prilagodba Dewars Vessels&#8221; title_text=&#8221;Prilagodba Dewars Vessels&#8221; show_in_lightbox=&#8221;off&#8221; url_new_window=&#8221;off&#8221; use_overlay=&#8221;off&#8221; animation=&#8221;left&#8221; sticky=&#8221;off&#8221; align=&#8221;center&#8221; force_fullwidth=&#8221;off&#8221; always_center_on_mobile=&#8221;on&#8221; use_border_color=&#8221;off&#8221; border_color=&#8221;#ffffff&#8221; border_style=&#8221;solid&#8221;]<\/p>\n<p>&nbsp;<\/p>\n<p>[\/et_pb_image][\/et_pb_column][\/et_pb_row][et_pb_row admin_label=&#8221;Row&#8221;][et_pb_column type=&#8221;4_4&#8243;][et_pb_text admin_label=&#8221;Text&#8221; background_layout=&#8221;light&#8221; text_orientation=&#8221;left&#8221; use_border_color=&#8221;off&#8221; border_color=&#8221;#ffffff&#8221; border_style=&#8221;solid&#8221;]<\/p>\n<p style=\"text-align: center;\">Ako imate bilo kakvih dodatnih pitanja o Dewarovim posudama, kontaktirajte nas odmah!<\/p>\n<p>[\/et_pb_text][et_pb_button admin_label=&#8221;Button&#8221; url_new_window=&#8221;off&#8221; button_text=&#8221;ZATRA\u017dITE CIJENU&#8221; button_alignment=&#8221;center&#8221; background_layout=&#8221;dark&#8221; custom_button=&#8221;on&#8221; button_letter_spacing=&#8221;0&#8243; button_use_icon=&#8221;default&#8221; button_icon_placement=&#8221;right&#8221; button_on_hover=&#8221;on&#8221; button_letter_spacing_hover=&#8221;0&#8243; module_class=&#8221;popmake-contact-form-hr&#8221; button_text_size=&#8221;15&#8243; button_text_color=&#8221;#ffffff&#8221; button_bg_color=&#8221;#8fd400&#8243; button_bg_color_hover=&#8221;#b0d369&#8243; button_border_width=&#8221;0&#8243;]<\/p>\n<p>&nbsp;<\/p>\n<p>[\/et_pb_button][\/et_pb_column][\/et_pb_row][\/et_pb_section]<\/p>\n","protected":false},"excerpt":{"rendered":"<p>[et_pb_section admin_label=&#8221;section&#8221; background_image=&#8221;https:\/\/cryomedpro.com\/wp-content\/uploads\/2016\/12\/784743-blue-crystals-frost-macro.jpg&#8221; transparent_background=&#8221;off&#8221; allow_player_pause=&#8221;off&#8221; inner_shadow=&#8221;off&#8221; parallax=&#8221;off&#8221; parallax_method=&#8221;off&#8221; custom_padding=&#8221;3px||4px|&#8221; padding_mobile=&#8221;off&#8221; make_fullwidth=&#8221;off&#8221; use_custom_width=&#8221;off&#8221; width_unit=&#8221;on&#8221; make_equal=&#8221;off&#8221; use_custom_gutter=&#8221;off&#8221; module_class=&#8221;ns-banner&#8221;][et_pb_row admin_label=&#8221;row&#8221;][et_pb_column type=&#8221;4_4&#8243;][et_pb_text admin_label=&#8221;Text&#8221; background_layout=&#8221;dark&#8221; text_orientation=&#8221;center&#8221; use_border_color=&#8221;off&#8221; border_color=&#8221;#ffffff&#8221; border_style=&#8221;solid&#8221;] Dewarove posude [\/et_pb_text][\/et_pb_column][\/et_pb_row][\/et_pb_section][et_pb_section admin_label=&#8221;Section&#8221; fullwidth=&#8221;off&#8221; specialty=&#8221;off&#8221; transparent_background=&#8221;off&#8221; allow_player_pause=&#8221;off&#8221; inner_shadow=&#8221;off&#8221; parallax=&#8221;off&#8221; parallax_method=&#8221;off&#8221; custom_padding=&#8221;15px|0px|0px|0px&#8221; padding_mobile=&#8221;off&#8221; make_fullwidth=&#8221;off&#8221; use_custom_width=&#8221;off&#8221; width_unit=&#8221;on&#8221; make_equal=&#8221;off&#8221; use_custom_gutter=&#8221;off&#8221;][et_pb_row admin_label=&#8221;Row&#8221; make_fullwidth=&#8221;off&#8221; use_custom_width=&#8221;off&#8221; width_unit=&#8221;on&#8221; use_custom_gutter=&#8221;off&#8221; padding_mobile=&#8221;off&#8221; allow_player_pause=&#8221;off&#8221; parallax=&#8221;off&#8221; parallax_method=&#8221;off&#8221; make_equal=&#8221;off&#8221; parallax_1=&#8221;off&#8221; parallax_method_1=&#8221;off&#8221; column_padding_mobile=&#8221;on&#8221; [&hellip;]<\/p>\n","protected":false},"author":2,"featured_media":0,"parent":0,"menu_order":0,"comment_status":"closed","ping_status":"closed","template":"","meta":[],"tags":[],"yoast_head":"<!-- This site is optimized with the Yoast SEO plugin v20.0 - https:\/\/yoast.com\/wordpress\/plugins\/seo\/ -->\n<title>Kupite Dewarovu bocu od globalnog lidera u krioterapiji teku\u0107im du\u0161ikom - Cryomed s.r.o.<\/title>\n<meta name=\"description\" content=\"Dewarove posude su specijalizirana vrsta vakuumskih boca namijenjene za transport i skladi\u0161tenje velikih koli\u010dina teku\u0107eg du\u0161ika, argona i kisika. Visoka u\u010dinkovitost sustava toplinske izolacije jam\u010di maksimalno trajanje skladi\u0161tenja kriogena.\" \/>\n<meta name=\"robots\" content=\"index, follow, max-snippet:-1, max-image-preview:large, max-video-preview:-1\" \/>\n<link rel=\"canonical\" href=\"https:\/\/cryomedpro.com\/hr\/dewar-vessels\/\" \/>\n<meta property=\"og:locale\" content=\"hr_HR\" \/>\n<meta property=\"og:type\" content=\"article\" \/>\n<meta property=\"og:title\" content=\"Kupite Dewarovu bocu od globalnog lidera u krioterapiji teku\u0107im du\u0161ikom - Cryomed s.r.o.\" \/>\n<meta property=\"og:description\" content=\"Dewarove posude su specijalizirana vrsta vakuumskih boca namijenjene za transport i skladi\u0161tenje velikih koli\u010dina teku\u0107eg du\u0161ika, argona i kisika. Visoka u\u010dinkovitost sustava toplinske izolacije jam\u010di maksimalno trajanje skladi\u0161tenja kriogena.\" \/>\n<meta property=\"og:url\" content=\"https:\/\/cryomedpro.com\/hr\/dewar-vessels\/\" \/>\n<meta property=\"og:site_name\" content=\"Cryomed PRO\" \/>\n<meta property=\"article:modified_time\" content=\"2019-11-29T20:36:31+00:00\" \/>\n<meta property=\"og:image\" content=\"https:\/\/cryomedpro.com\/wp-content\/uploads\/2016\/10\/heading-underline.png\" \/>\n<meta name=\"twitter:card\" content=\"summary_large_image\" \/>\n<meta name=\"twitter:label1\" content=\"Procijenjeno vrijeme \u010ditanja\" \/>\n\t<meta name=\"twitter:data1\" content=\"5 minuta\" \/>\n<!-- \/ Yoast SEO plugin. -->","yoast_head_json":{"title":"Kupite Dewarovu bocu od globalnog lidera u krioterapiji teku\u0107im du\u0161ikom - Cryomed s.r.o.","description":"Dewarove posude su specijalizirana vrsta vakuumskih boca namijenjene za transport i skladi\u0161tenje velikih koli\u010dina teku\u0107eg du\u0161ika, argona i kisika. Visoka u\u010dinkovitost sustava toplinske izolacije jam\u010di maksimalno trajanje skladi\u0161tenja kriogena.","robots":{"index":"index","follow":"follow","max-snippet":"max-snippet:-1","max-image-preview":"max-image-preview:large","max-video-preview":"max-video-preview:-1"},"canonical":"https:\/\/cryomedpro.com\/hr\/dewar-vessels\/","og_locale":"hr_HR","og_type":"article","og_title":"Kupite Dewarovu bocu od globalnog lidera u krioterapiji teku\u0107im du\u0161ikom - Cryomed s.r.o.","og_description":"Dewarove posude su specijalizirana vrsta vakuumskih boca namijenjene za transport i skladi\u0161tenje velikih koli\u010dina teku\u0107eg du\u0161ika, argona i kisika. Visoka u\u010dinkovitost sustava toplinske izolacije jam\u010di maksimalno trajanje skladi\u0161tenja kriogena.","og_url":"https:\/\/cryomedpro.com\/hr\/dewar-vessels\/","og_site_name":"Cryomed PRO","article_modified_time":"2019-11-29T20:36:31+00:00","og_image":[{"url":"https:\/\/cryomedpro.com\/wp-content\/uploads\/2016\/10\/heading-underline.png"}],"twitter_card":"summary_large_image","twitter_misc":{"Procijenjeno vrijeme \u010ditanja":"5 minuta"},"schema":{"@context":"https:\/\/schema.org","@graph":[{"@type":"WebPage","@id":"https:\/\/cryomedpro.com\/hr\/dewar-vessels\/","url":"https:\/\/cryomedpro.com\/hr\/dewar-vessels\/","name":"Kupite Dewarovu bocu od globalnog lidera u krioterapiji teku\u0107im du\u0161ikom - Cryomed s.r.o.","isPartOf":{"@id":"https:\/\/cryomedpro.com\/#website"},"datePublished":"2017-11-21T12:04:23+00:00","dateModified":"2019-11-29T20:36:31+00:00","description":"Dewarove posude su specijalizirana vrsta vakuumskih boca namijenjene za transport i skladi\u0161tenje velikih koli\u010dina teku\u0107eg du\u0161ika, argona i kisika. Visoka u\u010dinkovitost sustava toplinske izolacije jam\u010di maksimalno trajanje skladi\u0161tenja kriogena.","breadcrumb":{"@id":"https:\/\/cryomedpro.com\/hr\/dewar-vessels\/#breadcrumb"},"inLanguage":"hr","potentialAction":[{"@type":"ReadAction","target":["https:\/\/cryomedpro.com\/hr\/dewar-vessels\/"]}]},{"@type":"BreadcrumbList","@id":"https:\/\/cryomedpro.com\/hr\/dewar-vessels\/#breadcrumb","itemListElement":[{"@type":"ListItem","position":1,"name":"Home","item":"https:\/\/cryomedpro.com\/hr\/"},{"@type":"ListItem","position":2,"name":"Dewarove posude"}]},{"@type":"WebSite","@id":"https:\/\/cryomedpro.com\/#website","url":"https:\/\/cryomedpro.com\/","name":"Cryomed PRO","description":"Cryosaunas Worldwide","publisher":{"@id":"https:\/\/cryomedpro.com\/#\/schema\/person\/752b92c38fb6f6c5052ef7763f4d79eb"},"potentialAction":[{"@type":"SearchAction","target":{"@type":"EntryPoint","urlTemplate":"https:\/\/cryomedpro.com\/?s={search_term_string}"},"query-input":"required name=search_term_string"}],"inLanguage":"hr"},{"@type":["Person","Organization"],"@id":"https:\/\/cryomedpro.com\/#\/schema\/person\/752b92c38fb6f6c5052ef7763f4d79eb","name":"healthycold","image":{"@type":"ImageObject","inLanguage":"hr","@id":"https:\/\/cryomedpro.com\/#\/schema\/person\/image\/","url":"https:\/\/secure.gravatar.com\/avatar\/bbe2f3ec78281a56dba108d1bf0f9ffa?s=96&d=mm&r=g","contentUrl":"https:\/\/secure.gravatar.com\/avatar\/bbe2f3ec78281a56dba108d1bf0f9ffa?s=96&d=mm&r=g","caption":"healthycold"},"logo":{"@id":"https:\/\/cryomedpro.com\/#\/schema\/person\/image\/"}}]}},"_links":{"self":[{"href":"https:\/\/cryomedpro.com\/hr\/wp-json\/wp\/v2\/pages\/10286"}],"collection":[{"href":"https:\/\/cryomedpro.com\/hr\/wp-json\/wp\/v2\/pages"}],"about":[{"href":"https:\/\/cryomedpro.com\/hr\/wp-json\/wp\/v2\/types\/page"}],"author":[{"embeddable":true,"href":"https:\/\/cryomedpro.com\/hr\/wp-json\/wp\/v2\/users\/2"}],"replies":[{"embeddable":true,"href":"https:\/\/cryomedpro.com\/hr\/wp-json\/wp\/v2\/comments?post=10286"}],"version-history":[{"count":0,"href":"https:\/\/cryomedpro.com\/hr\/wp-json\/wp\/v2\/pages\/10286\/revisions"}],"wp:attachment":[{"href":"https:\/\/cryomedpro.com\/hr\/wp-json\/wp\/v2\/media?parent=10286"}],"wp:term":[{"taxonomy":"post_tag","embeddable":true,"href":"https:\/\/cryomedpro.com\/hr\/wp-json\/wp\/v2\/tags?post=10286"}],"curies":[{"name":"wp","href":"https:\/\/api.w.org\/{rel}","templated":true}]}}