{"id":10422,"date":"2018-08-03T08:52:54","date_gmt":"2018-08-03T06:52:54","guid":{"rendered":"https:\/\/cryomedpro.com\/cryotherapy-machine-rental\/"},"modified":"2019-11-29T21:41:21","modified_gmt":"2019-11-29T20:41:21","slug":"cryotherapy-machine-rental","status":"publish","type":"page","link":"https:\/\/cryomedpro.com\/hr\/cryotherapy-machine-rental\/","title":{"rendered":"Najam strojeva za krioterapiju"},"content":{"rendered":"<p>[et_pb_section admin_label=&#8221;section&#8221; background_image=&#8221;https:\/\/cryomedpro.com\/wp-content\/uploads\/2018\/08\/cryo-back-2018-leasing.jpg&#8221; transparent_background=&#8221;off&#8221; allow_player_pause=&#8221;off&#8221; inner_shadow=&#8221;off&#8221; parallax=&#8221;off&#8221; parallax_method=&#8221;off&#8221; custom_padding=&#8221;3px|0px|4px|0px&#8221; padding_mobile=&#8221;off&#8221; make_fullwidth=&#8221;off&#8221; use_custom_width=&#8221;off&#8221; width_unit=&#8221;on&#8221; make_equal=&#8221;off&#8221; use_custom_gutter=&#8221;off&#8221; fullwidth=&#8221;off&#8221; specialty=&#8221;off&#8221; module_class=&#8221;ns-banner&#8221; disabled=&#8221;off&#8221;][et_pb_row admin_label=&#8221;row&#8221; make_fullwidth=&#8221;off&#8221; use_custom_width=&#8221;off&#8221; width_unit=&#8221;off&#8221; custom_width_px=&#8221;1080px&#8221; custom_width_percent=&#8221;80%&#8221; use_custom_gutter=&#8221;off&#8221; gutter_width=&#8221;3&#8243; custom_padding=&#8221;21px|0px|21.45px|0px&#8221; padding_mobile=&#8221;off&#8221; allow_player_pause=&#8221;off&#8221; parallax=&#8221;off&#8221; parallax_method=&#8221;on&#8221; make_equal=&#8221;off&#8221; column_padding_mobile=&#8221;on&#8221; parallax_1=&#8221;off&#8221; parallax_method_1=&#8221;on&#8221; parallax_2=&#8221;off&#8221; parallax_method_2=&#8221;on&#8221; parallax_3=&#8221;off&#8221; parallax_method_3=&#8221;on&#8221; parallax_4=&#8221;off&#8221; parallax_method_4=&#8221;on&#8221; disabled=&#8221;off&#8221;][et_pb_column type=&#8221;4_4&#8243;][et_pb_text admin_label=&#8221;Text&#8221; background_layout=&#8221;dark&#8221; text_orientation=&#8221;center&#8221; use_border_color=&#8221;off&#8221; border_style=&#8221;solid&#8221; disabled=&#8221;off&#8221; border_color=&#8221;#ffffff&#8221;]<\/p>\n<h1 style=\"text-align: center;\">Najam strojeva za krioterapiju<\/h1>\n<p><img decoding=\"async\" loading=\"lazy\" class=\"size-full wp-image-150 aligncenter\" src=\"\/wp-content\/uploads\/2016\/10\/heading-underline.png\" alt=\"heading-underline\" width=\"309\" height=\"12\" srcset=\"https:\/\/cryomedpro.com\/wp-content\/uploads\/2016\/10\/heading-underline.png 309w, https:\/\/cryomedpro.com\/wp-content\/uploads\/2016\/10\/heading-underline-300x12.png 300w\" sizes=\"(max-width: 309px) 100vw, 309px\" \/><\/p>\n<p>[\/et_pb_text][\/et_pb_column][\/et_pb_row][\/et_pb_section][et_pb_section admin_label=&#8221;section&#8221;][et_pb_row admin_label=&#8221;row&#8221;][et_pb_column type=&#8221;1_2&#8243;][et_pb_image admin_label=&#8221;Image&#8221; src=&#8221;https:\/\/cryomedpro.com\/wp-content\/uploads\/2018\/08\/office-1209640_640.jpg&#8221; alt=&#8221;Najam strojeva za krioterapiju&#8221; title_text=&#8221;Najam strojeva za krioterapiju&#8221; show_in_lightbox=&#8221;off&#8221; url_new_window=&#8221;off&#8221; use_overlay=&#8221;off&#8221; animation=&#8221;left&#8221; sticky=&#8221;off&#8221; align=&#8221;left&#8221; force_fullwidth=&#8221;off&#8221; always_center_on_mobile=&#8221;on&#8221; use_border_color=&#8221;off&#8221; border_color=&#8221;#ffffff&#8221; border_style=&#8221;solid&#8221;]<br \/>\n[\/et_pb_image][\/et_pb_column][et_pb_column type=&#8221;1_2&#8243;][et_pb_text admin_label=&#8221;Text&#8221; background_layout=&#8221;light&#8221; text_orientation=&#8221;left&#8221; use_border_color=&#8221;off&#8221; border_color=&#8221;#ffffff&#8221; border_style=&#8221;solid&#8221;]<\/p>\n<h2>Za\u0161to iznajmiti komoru za krioterapiju?<\/h2>\n<p>Opcija najma strojeva za krioterapiju namijenjena je \u0161irokom rasponu potro\u0161a\u010da iz medicinskih ustanova razli\u010ditih vrsta i spa salona do sportskih klubova, timova i centara za rehabilitaciju. Sli\u010dno kao i zakup stroja za krioterapiju, najam kriosaune omogu\u0107ava potencijalnim potro\u0161a\u010dima da po\u010dnu s kori\u0161tenjem Cryomedovih modela krioterapijske komore \u0161to je br\u017ee mogu\u0107e i bez pla\u0107anja pune cijene. Ova mogu\u0107nost financiranja krio komore \u0161iri potencijalnu ciljnu skupinu Cryomedovih kupaca i daje im ve\u0107u fleksibilnost u oblikovanju optimalnog poslovnog modela za svoje poslovanje u domenu krioterapije.<\/p>\n<p>[\/et_pb_text][\/et_pb_column][\/et_pb_row][\/et_pb_section][et_pb_section admin_label=&#8221;Section&#8221; fullwidth=&#8221;off&#8221; specialty=&#8221;off&#8221;][et_pb_row admin_label=&#8221;Row&#8221;][et_pb_column type=&#8221;4_4&#8243;][et_pb_text admin_label=&#8221;Text&#8221; background_layout=&#8221;light&#8221; text_orientation=&#8221;left&#8221; use_border_color=&#8221;off&#8221; border_color=&#8221;#ffffff&#8221; border_style=&#8221;solid&#8221;]<\/p>\n<p>Uvjeti najma strojeva za krioterapiju<\/p>\n<p>Najam Cryosauna omogu\u0107uje korisnicima da daju depozit za dva mjeseca i odmah po\u010dnu koristiti opremu. Ako posao zadovoljava njihova o\u010dekivanja i pokazuje se kao je profitabilan, oprema se mo\u017ee kupiti za originalnu cijenu, umanjenu za amortizaciju. Pla\u0107anje fiksne mjese\u010dne naknade za najam jedinice za krioterapiju tako\u0111er omogu\u0107uje korisnicima neograni\u010deni broj sesija dnevno bez brige o podr\u0161ci, odr\u017eavanju ili habanju. Ako ne\u0161to krene po krivu s va\u0161om kriosaunom, Cryomed \u0107e vam obezbjediti besplatnu zamjenu.<\/p>\n<p>Osnovni uvjeti i odredbe najma krio kabine uklju\u010duju sljede\u0107e:<\/p>\n<ul>\n<li>2 mjeseca po\u010detnog depozita<\/li>\n<li>Obavezivanje na 100 + krioterapijskih sesija mjese\u010dno<\/li>\n<li>Ako klijent \u017eeli kupiti iznajmljenu opremu nakon odre\u0111enog vremenskog razdoblja, osnovni tro\u0161ak \u0107e se ponovno izra\u010dunati s mar\u017eom od 10% (minus vrijednost amortizacije tijekom razdoblja najma)<\/li>\n<\/ul>\n<p>Uop\u0107e, najam kriosaune je zgodan i ekonomi\u010dan na\u010din pokretanja poslovanja krioterapije bilo kao osnovne usluge ili kao dio \u0161ireg portfelja zdravstvenih usluga. Cryomed cryosaune su potpuno certificirane od strane EU, zadovoljavaju najvi\u0161e standarde kvalitete i sigurnosti, a sastavljene su od najboljih komponenti dostupnih na me\u0111unarodnom tr\u017ei\u0161tu kriogene opreme.<\/p>\n<p>Ukoliko ste zainteresirani za upoznavanje mogu\u0107nosti iznajmljivanja cryosaune od tvrtke Cryomed, slobodno se obratite na\u0161em prodajnom odjelu. Rado \u0107emo odgovoriti na sva pitanja, saznati vi\u0161e o va\u0161im trenutnim ili budu\u0107im poslovnim potrebama i savjetovati vas o optimalnom pristupu dodavanja krioterapije na popis usluga.<\/p>\n<p>Da biste vidjeli vi\u0161e financijskih opcija za Va\u0161e poslovanje s krioterapijom, molimo posjetite najam strojeva za krioterapiju i odjeljak zamjene cryosauna na na\u0161oj web stranici.<\/p>\n<p>[\/et_pb_text][et_pb_button admin_label=&#8221;Button&#8221; url_new_window=&#8221;off&#8221; button_text=&#8221;ZATRA\u017dITE CIJENU&#8221; button_alignment=&#8221;left&#8221; background_layout=&#8221;light&#8221; custom_button=&#8221;off&#8221; button_letter_spacing=&#8221;0&#8243; button_use_icon=&#8221;default&#8221; button_icon_placement=&#8221;right&#8221; button_on_hover=&#8221;on&#8221; button_letter_spacing_hover=&#8221;0&#8243; module_class=&#8221;popmake-contact-form-hr&#8221;]<br \/>\n[\/et_pb_button][\/et_pb_column][\/et_pb_row][\/et_pb_section]<\/p>\n","protected":false},"excerpt":{"rendered":"<p>[et_pb_section admin_label=&#8221;section&#8221; background_image=&#8221;https:\/\/cryomedpro.com\/wp-content\/uploads\/2018\/08\/cryo-back-2018-leasing.jpg&#8221; transparent_background=&#8221;off&#8221; allow_player_pause=&#8221;off&#8221; inner_shadow=&#8221;off&#8221; parallax=&#8221;off&#8221; parallax_method=&#8221;off&#8221; custom_padding=&#8221;3px|0px|4px|0px&#8221; padding_mobile=&#8221;off&#8221; make_fullwidth=&#8221;off&#8221; use_custom_width=&#8221;off&#8221; width_unit=&#8221;on&#8221; make_equal=&#8221;off&#8221; use_custom_gutter=&#8221;off&#8221; fullwidth=&#8221;off&#8221; specialty=&#8221;off&#8221; module_class=&#8221;ns-banner&#8221; disabled=&#8221;off&#8221;][et_pb_row admin_label=&#8221;row&#8221; make_fullwidth=&#8221;off&#8221; use_custom_width=&#8221;off&#8221; width_unit=&#8221;off&#8221; custom_width_px=&#8221;1080px&#8221; custom_width_percent=&#8221;80%&#8221; use_custom_gutter=&#8221;off&#8221; gutter_width=&#8221;3&#8243; custom_padding=&#8221;21px|0px|21.45px|0px&#8221; padding_mobile=&#8221;off&#8221; allow_player_pause=&#8221;off&#8221; parallax=&#8221;off&#8221; parallax_method=&#8221;on&#8221; make_equal=&#8221;off&#8221; column_padding_mobile=&#8221;on&#8221; parallax_1=&#8221;off&#8221; parallax_method_1=&#8221;on&#8221; parallax_2=&#8221;off&#8221; parallax_method_2=&#8221;on&#8221; parallax_3=&#8221;off&#8221; parallax_method_3=&#8221;on&#8221; parallax_4=&#8221;off&#8221; parallax_method_4=&#8221;on&#8221; disabled=&#8221;off&#8221;][et_pb_column type=&#8221;4_4&#8243;][et_pb_text admin_label=&#8221;Text&#8221; background_layout=&#8221;dark&#8221; text_orientation=&#8221;center&#8221; use_border_color=&#8221;off&#8221; border_style=&#8221;solid&#8221; disabled=&#8221;off&#8221; border_color=&#8221;#ffffff&#8221;] Najam strojeva za krioterapiju [&hellip;]<\/p>\n","protected":false},"author":2,"featured_media":0,"parent":0,"menu_order":0,"comment_status":"closed","ping_status":"closed","template":"","meta":[],"tags":[],"yoast_head":"<!-- This site is optimized with the Yoast SEO plugin v20.0 - https:\/\/yoast.com\/wordpress\/plugins\/seo\/ -->\n<title>Najam strojeva za krioterapiju<\/title>\n<meta name=\"description\" content=\"Opcija najma strojeva za krioterapiju namijenjena je \u0161irokom rasponu potro\u0161a\u010da iz medicinskih ustanova razli\u010ditih vrsta i spa salona do sportskih klubova, timova i centara za rehabilitaciju.\" \/>\n<meta name=\"robots\" content=\"index, follow, max-snippet:-1, max-image-preview:large, max-video-preview:-1\" \/>\n<link rel=\"canonical\" href=\"https:\/\/cryomedpro.com\/hr\/cryotherapy-machine-rental\/\" \/>\n<meta property=\"og:locale\" content=\"hr_HR\" \/>\n<meta property=\"og:type\" content=\"article\" \/>\n<meta property=\"og:title\" content=\"Najam strojeva za krioterapiju\" \/>\n<meta property=\"og:description\" content=\"Opcija najma strojeva za krioterapiju namijenjena je \u0161irokom rasponu potro\u0161a\u010da iz medicinskih ustanova razli\u010ditih vrsta i spa salona do sportskih klubova, timova i centara za rehabilitaciju.\" \/>\n<meta property=\"og:url\" content=\"https:\/\/cryomedpro.com\/hr\/cryotherapy-machine-rental\/\" \/>\n<meta property=\"og:site_name\" content=\"Cryomed PRO\" \/>\n<meta property=\"article:modified_time\" content=\"2019-11-29T20:41:21+00:00\" \/>\n<meta property=\"og:image\" content=\"https:\/\/cryomedpro.com\/wp-content\/uploads\/2016\/10\/heading-underline.png\" \/>\n<meta name=\"twitter:card\" content=\"summary_large_image\" \/>\n<meta name=\"twitter:label1\" content=\"Procijenjeno vrijeme \u010ditanja\" \/>\n\t<meta name=\"twitter:data1\" content=\"4 minute\" \/>\n<!-- \/ Yoast SEO plugin. -->","yoast_head_json":{"title":"Najam strojeva za krioterapiju","description":"Opcija najma strojeva za krioterapiju namijenjena je \u0161irokom rasponu potro\u0161a\u010da iz medicinskih ustanova razli\u010ditih vrsta i spa salona do sportskih klubova, timova i centara za rehabilitaciju.","robots":{"index":"index","follow":"follow","max-snippet":"max-snippet:-1","max-image-preview":"max-image-preview:large","max-video-preview":"max-video-preview:-1"},"canonical":"https:\/\/cryomedpro.com\/hr\/cryotherapy-machine-rental\/","og_locale":"hr_HR","og_type":"article","og_title":"Najam strojeva za krioterapiju","og_description":"Opcija najma strojeva za krioterapiju namijenjena je \u0161irokom rasponu potro\u0161a\u010da iz medicinskih ustanova razli\u010ditih vrsta i spa salona do sportskih klubova, timova i centara za rehabilitaciju.","og_url":"https:\/\/cryomedpro.com\/hr\/cryotherapy-machine-rental\/","og_site_name":"Cryomed PRO","article_modified_time":"2019-11-29T20:41:21+00:00","og_image":[{"url":"https:\/\/cryomedpro.com\/wp-content\/uploads\/2016\/10\/heading-underline.png"}],"twitter_card":"summary_large_image","twitter_misc":{"Procijenjeno vrijeme \u010ditanja":"4 minute"},"schema":{"@context":"https:\/\/schema.org","@graph":[{"@type":"WebPage","@id":"https:\/\/cryomedpro.com\/hr\/cryotherapy-machine-rental\/","url":"https:\/\/cryomedpro.com\/hr\/cryotherapy-machine-rental\/","name":"Najam strojeva za krioterapiju","isPartOf":{"@id":"https:\/\/cryomedpro.com\/#website"},"datePublished":"2018-08-03T06:52:54+00:00","dateModified":"2019-11-29T20:41:21+00:00","description":"Opcija najma strojeva za krioterapiju namijenjena je \u0161irokom rasponu potro\u0161a\u010da iz medicinskih ustanova razli\u010ditih vrsta i spa salona do sportskih klubova, timova i centara za rehabilitaciju.","breadcrumb":{"@id":"https:\/\/cryomedpro.com\/hr\/cryotherapy-machine-rental\/#breadcrumb"},"inLanguage":"hr","potentialAction":[{"@type":"ReadAction","target":["https:\/\/cryomedpro.com\/hr\/cryotherapy-machine-rental\/"]}]},{"@type":"BreadcrumbList","@id":"https:\/\/cryomedpro.com\/hr\/cryotherapy-machine-rental\/#breadcrumb","itemListElement":[{"@type":"ListItem","position":1,"name":"Home","item":"https:\/\/cryomedpro.com\/hr\/"},{"@type":"ListItem","position":2,"name":"Najam strojeva za krioterapiju"}]},{"@type":"WebSite","@id":"https:\/\/cryomedpro.com\/#website","url":"https:\/\/cryomedpro.com\/","name":"Cryomed PRO","description":"Cryosaunas Worldwide","publisher":{"@id":"https:\/\/cryomedpro.com\/#\/schema\/person\/752b92c38fb6f6c5052ef7763f4d79eb"},"potentialAction":[{"@type":"SearchAction","target":{"@type":"EntryPoint","urlTemplate":"https:\/\/cryomedpro.com\/?s={search_term_string}"},"query-input":"required name=search_term_string"}],"inLanguage":"hr"},{"@type":["Person","Organization"],"@id":"https:\/\/cryomedpro.com\/#\/schema\/person\/752b92c38fb6f6c5052ef7763f4d79eb","name":"healthycold","image":{"@type":"ImageObject","inLanguage":"hr","@id":"https:\/\/cryomedpro.com\/#\/schema\/person\/image\/","url":"https:\/\/secure.gravatar.com\/avatar\/bbe2f3ec78281a56dba108d1bf0f9ffa?s=96&d=mm&r=g","contentUrl":"https:\/\/secure.gravatar.com\/avatar\/bbe2f3ec78281a56dba108d1bf0f9ffa?s=96&d=mm&r=g","caption":"healthycold"},"logo":{"@id":"https:\/\/cryomedpro.com\/#\/schema\/person\/image\/"}}]}},"_links":{"self":[{"href":"https:\/\/cryomedpro.com\/hr\/wp-json\/wp\/v2\/pages\/10422"}],"collection":[{"href":"https:\/\/cryomedpro.com\/hr\/wp-json\/wp\/v2\/pages"}],"about":[{"href":"https:\/\/cryomedpro.com\/hr\/wp-json\/wp\/v2\/types\/page"}],"author":[{"embeddable":true,"href":"https:\/\/cryomedpro.com\/hr\/wp-json\/wp\/v2\/users\/2"}],"replies":[{"embeddable":true,"href":"https:\/\/cryomedpro.com\/hr\/wp-json\/wp\/v2\/comments?post=10422"}],"version-history":[{"count":0,"href":"https:\/\/cryomedpro.com\/hr\/wp-json\/wp\/v2\/pages\/10422\/revisions"}],"wp:attachment":[{"href":"https:\/\/cryomedpro.com\/hr\/wp-json\/wp\/v2\/media?parent=10422"}],"wp:term":[{"taxonomy":"post_tag","embeddable":true,"href":"https:\/\/cryomedpro.com\/hr\/wp-json\/wp\/v2\/tags?post=10422"}],"curies":[{"name":"wp","href":"https:\/\/api.w.org\/{rel}","templated":true}]}}