{"id":10430,"date":"2018-08-03T09:43:45","date_gmt":"2018-08-03T07:43:45","guid":{"rendered":"https:\/\/cryomedpro.com\/cryotherapy-machine-trade-in\/"},"modified":"2020-02-06T15:49:40","modified_gmt":"2020-02-06T14:49:40","slug":"cryotherapy-machine-trade-in","status":"publish","type":"page","link":"https:\/\/cryomedpro.com\/hr\/cryotherapy-machine-trade-in\/","title":{"rendered":"Zamjene strojeva za krioterapiju"},"content":{"rendered":"<p>[et_pb_section admin_label=&#8221;section&#8221; background_image=&#8221;https:\/\/cryomedpro.com\/wp-content\/uploads\/2018\/08\/cryo-back-2018-leasing.jpg&#8221; transparent_background=&#8221;off&#8221; allow_player_pause=&#8221;off&#8221; inner_shadow=&#8221;off&#8221; parallax=&#8221;off&#8221; parallax_method=&#8221;off&#8221; custom_padding=&#8221;3px|0px|4px|0px&#8221; padding_mobile=&#8221;off&#8221; make_fullwidth=&#8221;off&#8221; use_custom_width=&#8221;off&#8221; width_unit=&#8221;on&#8221; make_equal=&#8221;off&#8221; use_custom_gutter=&#8221;off&#8221; fullwidth=&#8221;off&#8221; specialty=&#8221;off&#8221; module_class=&#8221;ns-banner&#8221; disabled=&#8221;off&#8221;][et_pb_row admin_label=&#8221;row&#8221; make_fullwidth=&#8221;off&#8221; use_custom_width=&#8221;off&#8221; width_unit=&#8221;off&#8221; custom_width_px=&#8221;1080px&#8221; custom_width_percent=&#8221;80%&#8221; use_custom_gutter=&#8221;off&#8221; gutter_width=&#8221;3&#8243; custom_padding=&#8221;21px|0px|21.45px|0px&#8221; padding_mobile=&#8221;off&#8221; allow_player_pause=&#8221;off&#8221; parallax=&#8221;off&#8221; parallax_method=&#8221;on&#8221; make_equal=&#8221;off&#8221; column_padding_mobile=&#8221;on&#8221; parallax_1=&#8221;off&#8221; parallax_method_1=&#8221;on&#8221; parallax_2=&#8221;off&#8221; parallax_method_2=&#8221;on&#8221; parallax_3=&#8221;off&#8221; parallax_method_3=&#8221;on&#8221; parallax_4=&#8221;off&#8221; parallax_method_4=&#8221;on&#8221; disabled=&#8221;off&#8221;][et_pb_column type=&#8221;4_4&#8243;][et_pb_text admin_label=&#8221;Text&#8221; background_layout=&#8221;dark&#8221; text_orientation=&#8221;center&#8221; use_border_color=&#8221;off&#8221; border_style=&#8221;solid&#8221; disabled=&#8221;off&#8221; border_color=&#8221;#ffffff&#8221;]<\/p>\n<h1 style=\"text-align: center;\">Zamjene strojeva za krioterapiju<\/h1>\n<p><img decoding=\"async\" loading=\"lazy\" class=\"size-full wp-image-150 aligncenter\" src=\"\/wp-content\/uploads\/2016\/10\/heading-underline.png\" alt=\"heading-underline\" width=\"309\" height=\"12\" srcset=\"https:\/\/cryomedpro.com\/wp-content\/uploads\/2016\/10\/heading-underline.png 309w, https:\/\/cryomedpro.com\/wp-content\/uploads\/2016\/10\/heading-underline-300x12.png 300w\" sizes=\"(max-width: 309px) 100vw, 309px\" \/><\/p>\n<p>[\/et_pb_text][\/et_pb_column][\/et_pb_row][\/et_pb_section][et_pb_section admin_label=&#8221;section&#8221;][et_pb_row admin_label=&#8221;row&#8221;][et_pb_column type=&#8221;1_2&#8243;][et_pb_image admin_label=&#8221;Image&#8221; src=&#8221;https:\/\/cryomedpro.com\/wp-content\/uploads\/2018\/08\/business-3167295_960_720-new.jpg&#8221; alt=&#8221;Zamjene strojeva za krioterapiju&#8221; title_text=&#8221;Zamjene strojeva za krioterapiju&#8221; show_in_lightbox=&#8221;off&#8221; url_new_window=&#8221;off&#8221; use_overlay=&#8221;off&#8221; animation=&#8221;left&#8221; sticky=&#8221;off&#8221; align=&#8221;left&#8221; force_fullwidth=&#8221;off&#8221; always_center_on_mobile=&#8221;on&#8221; use_border_color=&#8221;off&#8221; border_color=&#8221;#ffffff&#8221; border_style=&#8221;solid&#8221;]<\/p>\n<p>&nbsp;<\/p>\n<p>[\/et_pb_image][\/et_pb_column][et_pb_column type=&#8221;1_2&#8243;][et_pb_text admin_label=&#8221;Text&#8221; background_layout=&#8221;light&#8221; text_orientation=&#8221;left&#8221; use_border_color=&#8221;off&#8221; border_color=&#8221;#ffffff&#8221; border_style=&#8221;solid&#8221;]<\/p>\n<h2>Za\u0161to zamijeniti komoru za krioterapiju?<\/h2>\n<p>Usluga zamjene cryosaune koju nudi tvrtka Cryomed izvrsna je prilika za vlasnike starijih ure\u0111aja za krioterapiju za pobolj\u0161anje svojih krio komora po znatnom popustu. Usluga zamjene strojeva za krioterapiju vlasnicima \u0161tedi vreme i trud da prona\u0111u potencijalne kupce za kori\u0161tenu opremu i otpreme je.<\/p>\n<p>[\/et_pb_text][\/et_pb_column][\/et_pb_row][\/et_pb_section][et_pb_section admin_label=&#8221;Section&#8221; fullwidth=&#8221;off&#8221; specialty=&#8221;off&#8221;][et_pb_row admin_label=&#8221;Row&#8221;][et_pb_column type=&#8221;4_4&#8243;][et_pb_text admin_label=&#8221;Text&#8221; background_layout=&#8221;light&#8221; text_orientation=&#8221;left&#8221; use_border_color=&#8221;off&#8221; border_color=&#8221;#ffffff&#8221; border_style=&#8221;solid&#8221;]<\/p>\n<div class=\"et_pb_section et_pb_section_1 et_section_regular\">\n<div class=\" et_pb_row et_pb_row_1\">\n<div class=\"et_pb_column et_pb_column_1_2 et_pb_column_2\">\n<div class=\"et_pb_text et_pb_module et_pb_bg_layout_light et_pb_text_align_left et_pb_text_1\">\n<h2>Za\u0161to zamijeniti komoru za krioterapiju?<\/h2>\n<p>Usluga zamjene cryosaune koju nudi tvrtka Cryomed izvrsna je prilika za vlasnike starijih ure\u0111aja za krioterapiju za pobolj\u0161anje svojih krio komora po znatnom popustu. Usluga zamjene strojeva za krioterapiju vlasnicima \u0161tedi vreme i trud da prona\u0111u potencijalne kupce za kori\u0161tenu opremu i otpreme je.<\/p>\n<\/div>\n<\/div>\n<\/div>\n<\/div>\n<div class=\"et_pb_section et_pb_section_2 et_section_regular\">\n<div class=\" et_pb_row et_pb_row_2\">\n<div class=\"et_pb_column et_pb_column_4_4 et_pb_column_3\">\n<div class=\"et_pb_text et_pb_module et_pb_bg_layout_light et_pb_text_align_left et_pb_text_2\">\n<h3>Uvjeti zamjene strojeva za krioterapiju<\/h3>\n<p>Kao dio svog jedinstvenog programa zamjene krio kabina:<\/p>\n<ul>\n<li>Cryomed \u0107e zamijeniti kori\u0161tenu opremu za krioterapiju od bilo kojeg proizvo\u0111a\u010da za zna\u010dajan popust od 10 do 50% za bilo koji novi Cryomed Pro ili Cryomed Mini ure\u0111aj.<\/li>\n<li>Veli\u010dina popusta temelji se na stanju opreme koja se zamjenjuje i utvrdit \u0107e se profesionalnom procjenom.<\/li>\n<li>Cryomed \u0107e se pobrinuti za logistiku uzimanjem va\u0161ih jedinica za krioterapiju prilikom isporuke novih.<\/li>\n<\/ul>\n<p>Usluga zamjene krio komora jedinstvena je ponuda koja vrijedi i za Cryomed Pro (Dewar ili pod tlakom) i Cryomed Mini (pod tlakom) cryosaune, a dostupna je samo za korisnike iz EU.<\/p>\n<\/div>\n<\/div>\n<\/div>\n<\/div>\n<p>[\/et_pb_text][et_pb_toggle admin_label=&#8221;Toggle&#8221; title=&#8221;Da li se to zaista odnosi na SVE stare kriosaune bilo kojeg proizvo\u0111a\u010da?&#8221; open=&#8221;off&#8221; use_border_color=&#8221;off&#8221; border_color=&#8221;#ffffff&#8221; border_style=&#8221;solid&#8221;]<\/p>\n<p>Da. Mo\u017eete koristiti na\u0161u opciju zamjene stare \/ rabljene \/ reparirane opreme za krioterapiju bilo kojeg proizvo\u0111a\u010da.<\/p>\n<p>[\/et_pb_toggle][et_pb_toggle admin_label=&#8221;Toggle&#8221; title=&#8221;Dajete li rabljene kriosaune na prodaju?&#8221; open=&#8221;off&#8221; use_border_color=&#8221;off&#8221; border_color=&#8221;#ffffff&#8221; border_style=&#8221;solid&#8221;]<\/p>\n<p>Ne. Usluga tvrtke Cryomed zamjene kriosauna izvrsna je prilika da zamijenite VA\u0160E kori\u0161tene kriokomore za nove uz znatan popust.<\/p>\n<p>[\/et_pb_toggle][et_pb_toggle admin_label=&#8221;Toggle&#8221; title=&#8221;Jesu li va\u0161e kriosaune reparirane?&#8221; open=&#8221;off&#8221; use_border_color=&#8221;off&#8221; border_color=&#8221;#ffffff&#8221; border_style=&#8221;solid&#8221;]<\/p>\n<p>Ne. Cryomed nudi nove kriosaune za svakog kupca. Mo\u017eete odmah iskoristiti na\u0161u ponudu za zamjenu va\u0161e starije opreme za krioterapiju za novu!<\/p>\n<p>[\/et_pb_toggle][et_pb_text admin_label=&#8221;Text&#8221; background_layout=&#8221;light&#8221; text_orientation=&#8221;left&#8221; use_border_color=&#8221;off&#8221; border_color=&#8221;#ffffff&#8221; border_style=&#8221;solid&#8221;]<\/p>\n<h4 style=\"text-align: center;\">O Cryomedu<\/h4>\n<p>Cryomed ima dokazano iskustvo proizvodnje visokokvalitetnih kriosauna na europskom tr\u017ei\u0161tu i rado nudi opciju trgovanja krioterapijom svojim klijentima kao i potencijalnim klijentima koji tra\u017ee dobru ponudu za obnovu svoje kriogene opreme u najkra\u0107em mogu\u0107em roku.<\/p>\n<p>[\/et_pb_text][et_pb_tabs admin_label=&#8221;Tabs&#8221; use_border_color=&#8221;off&#8221; border_color=&#8221;#ffffff&#8221; border_style=&#8221;solid&#8221;]<\/p>\n<p>[et_pb_tab title=&#8221;Potvrde&#8221; tab_font_select=&#8221;default&#8221; tab_font=&#8221;||||&#8221; tab_line_height=&#8221;2em&#8221; tab_line_height_tablet=&#8221;2em&#8221; tab_line_height_phone=&#8221;2em&#8221; body_font_select=&#8221;default&#8221; body_font=&#8221;||||&#8221; body_line_height=&#8221;2em&#8221; body_line_height_tablet=&#8221;2em&#8221; body_line_height_phone=&#8221;2em&#8221;]<\/p>\n<p>Sve Cryomed kriosaune su potpuno certificirane i zadovoljavaju najstro\u017ee standarde EU u odnosu na operativnu u\u010dinkovitost, kvalitetu komponenti, osobnu i ekolo\u0161ku sigurnost i jo\u0161 mnogo toga.<\/p>\n<p>[\/et_pb_tab][et_pb_tab title=&#8221;Za koga je ova ponuda?&#8221; tab_font_select=&#8221;default&#8221; tab_font=&#8221;||||&#8221; tab_line_height=&#8221;2em&#8221; tab_line_height_tablet=&#8221;2em&#8221; tab_line_height_phone=&#8221;2em&#8221; body_font_select=&#8221;default&#8221; body_font=&#8221;||||&#8221; body_line_height=&#8221;2em&#8221; body_line_height_tablet=&#8221;2em&#8221; body_line_height_phone=&#8221;2em&#8221;]<\/p>\n<p>Ako posjedujete ili upravljate sportskim klubom, centrom za rehabilitaciju, malim hotelom s wellness centrom, medicinskim uredom ili bilo kojim drugim ustanovama koje se bave obnavljaju\u0107om terapijom, uklju\u010duju\u0107i krioterapiju, ova mogu\u0107nost financiranja kriokabine je va\u0161a savr\u0161ena prilika za po\u010detak u\u017eivanja u blagodatima moderne tehnologije bez provedenog vrijemena na prodaju stare opreme i podno\u0161enja zahtjeva za bankovni kredit.<\/p>\n<p>[\/et_pb_tab][et_pb_tab title=&#8221;Kontaktirajte nas!&#8221; tab_font_select=&#8221;default&#8221; tab_font=&#8221;||||&#8221; tab_line_height=&#8221;2em&#8221; tab_line_height_tablet=&#8221;2em&#8221; tab_line_height_phone=&#8221;2em&#8221; body_font_select=&#8221;default&#8221; body_font=&#8221;||||&#8221; body_line_height=&#8221;2em&#8221; body_line_height_tablet=&#8221;2em&#8221; body_line_height_phone=&#8221;2em&#8221;]<\/p>\n<p>Samo nas kontaktirajte na <a href=\"mailto:in**@********ro.com\" data-original-string=\"k\/nXTHsc6FvJ2CjtOLf1wg==caedj4BqTewVAxt+ZChG+hudYmmtdnfvb\/kSSQjLqbEBDE=\" title=\"This contact has been encoded by Anti-Spam by CleanTalk. Click to decode. To finish the decoding make sure that JavaScript is enabled in your browser.\"><span \n                data-original-string='p8EdtapSz5b7bbKPQju4CQ==caeW3j12wWNrn+DyK9s9DD09w4Nvfw1LWn6twNpo5Vrh1A='\n                class='apbct-email-encoder'\n                title='This contact has been encoded by Anti-Spam by CleanTalk. Click to decode. To finish the decoding make sure that JavaScript is enabled in your browser.'>in<span class=\"apbct-blur\">**<\/span>@<span class=\"apbct-blur\">********<\/span>ro.com<\/span><\/a> ili nas nazovite na +421 948 224 850 kako biste razgovarali o pojedinostima i mi \u0107emo vam pru\u017eiti personaliziranu ponudu za nadogradnju va\u0161e opreme. Da biste vidjeli vi\u0161e financijskih opcija za Va\u0161e poslovanje s krioterapijom, molimo posjetite najam strojeva za krioterapiju i odjeljak zamjene cryosauna na na\u0161oj web stranici.<\/p>\n<p>[\/et_pb_tab]<\/p>\n<p>[\/et_pb_tabs][et_pb_button admin_label=&#8221;Button&#8221; url_new_window=&#8221;off&#8221; button_text=&#8221;ZATRA\u017dITE CIJENU&#8221; button_alignment=&#8221;left&#8221; background_layout=&#8221;light&#8221; custom_button=&#8221;off&#8221; button_letter_spacing=&#8221;0&#8243; button_use_icon=&#8221;default&#8221; button_icon_placement=&#8221;right&#8221; button_on_hover=&#8221;on&#8221; button_letter_spacing_hover=&#8221;0&#8243; module_class=&#8221;popmake-contact-form-hr&#8221;]<\/p>\n<p>&nbsp;<\/p>\n<p>[\/et_pb_button][\/et_pb_column][\/et_pb_row][\/et_pb_section]<\/p>\n","protected":false},"excerpt":{"rendered":"<p>[et_pb_section admin_label=&#8221;section&#8221; background_image=&#8221;https:\/\/cryomedpro.com\/wp-content\/uploads\/2018\/08\/cryo-back-2018-leasing.jpg&#8221; transparent_background=&#8221;off&#8221; allow_player_pause=&#8221;off&#8221; inner_shadow=&#8221;off&#8221; parallax=&#8221;off&#8221; parallax_method=&#8221;off&#8221; custom_padding=&#8221;3px|0px|4px|0px&#8221; padding_mobile=&#8221;off&#8221; make_fullwidth=&#8221;off&#8221; use_custom_width=&#8221;off&#8221; width_unit=&#8221;on&#8221; make_equal=&#8221;off&#8221; use_custom_gutter=&#8221;off&#8221; fullwidth=&#8221;off&#8221; specialty=&#8221;off&#8221; module_class=&#8221;ns-banner&#8221; disabled=&#8221;off&#8221;][et_pb_row admin_label=&#8221;row&#8221; make_fullwidth=&#8221;off&#8221; use_custom_width=&#8221;off&#8221; width_unit=&#8221;off&#8221; custom_width_px=&#8221;1080px&#8221; custom_width_percent=&#8221;80%&#8221; use_custom_gutter=&#8221;off&#8221; gutter_width=&#8221;3&#8243; custom_padding=&#8221;21px|0px|21.45px|0px&#8221; padding_mobile=&#8221;off&#8221; allow_player_pause=&#8221;off&#8221; parallax=&#8221;off&#8221; parallax_method=&#8221;on&#8221; make_equal=&#8221;off&#8221; column_padding_mobile=&#8221;on&#8221; parallax_1=&#8221;off&#8221; parallax_method_1=&#8221;on&#8221; parallax_2=&#8221;off&#8221; parallax_method_2=&#8221;on&#8221; parallax_3=&#8221;off&#8221; parallax_method_3=&#8221;on&#8221; parallax_4=&#8221;off&#8221; parallax_method_4=&#8221;on&#8221; disabled=&#8221;off&#8221;][et_pb_column type=&#8221;4_4&#8243;][et_pb_text admin_label=&#8221;Text&#8221; background_layout=&#8221;dark&#8221; text_orientation=&#8221;center&#8221; use_border_color=&#8221;off&#8221; border_style=&#8221;solid&#8221; disabled=&#8221;off&#8221; border_color=&#8221;#ffffff&#8221;] Zamjene strojeva za krioterapiju [&hellip;]<\/p>\n","protected":false},"author":2,"featured_media":0,"parent":0,"menu_order":0,"comment_status":"closed","ping_status":"closed","template":"","meta":[],"tags":[],"yoast_head":"<!-- This site is optimized with the Yoast SEO plugin v20.0 - https:\/\/yoast.com\/wordpress\/plugins\/seo\/ -->\n<title>Zamjena strojeva za krioterapiju. Zamijenite danas BILO KOJU rabljenu kriosaunu za novu | Cryomed PRO<\/title>\n<meta name=\"description\" content=\"Najbolje ponude za vlasnike starije opreme za krioterapiju! Iskoristite na\u0161u opciju zamjene opreme za krioterapiju i obezbijedite svojim klijentima NOVE kriokomore po razumnoj cijeni.\" \/>\n<meta name=\"robots\" content=\"index, follow, max-snippet:-1, max-image-preview:large, max-video-preview:-1\" \/>\n<link rel=\"canonical\" href=\"https:\/\/cryomedpro.com\/hr\/cryotherapy-machine-trade-in\/\" \/>\n<meta property=\"og:locale\" content=\"hr_HR\" \/>\n<meta property=\"og:type\" content=\"article\" \/>\n<meta property=\"og:title\" content=\"Zamjena strojeva za krioterapiju. Zamijenite danas BILO KOJU rabljenu kriosaunu za novu | Cryomed PRO\" \/>\n<meta property=\"og:description\" content=\"Najbolje ponude za vlasnike starije opreme za krioterapiju! Iskoristite na\u0161u opciju zamjene opreme za krioterapiju i obezbijedite svojim klijentima NOVE kriokomore po razumnoj cijeni.\" \/>\n<meta property=\"og:url\" content=\"https:\/\/cryomedpro.com\/hr\/cryotherapy-machine-trade-in\/\" \/>\n<meta property=\"og:site_name\" content=\"Cryomed PRO\" \/>\n<meta property=\"article:modified_time\" content=\"2020-02-06T14:49:40+00:00\" \/>\n<meta property=\"og:image\" content=\"https:\/\/cryomedpro.com\/wp-content\/uploads\/2016\/10\/heading-underline.png\" \/>\n<meta name=\"twitter:card\" content=\"summary_large_image\" \/>\n<meta name=\"twitter:label1\" content=\"Procijenjeno vrijeme \u010ditanja\" \/>\n\t<meta name=\"twitter:data1\" content=\"6 minuta\" \/>\n<!-- \/ Yoast SEO plugin. -->","yoast_head_json":{"title":"Zamjena strojeva za krioterapiju. Zamijenite danas BILO KOJU rabljenu kriosaunu za novu | Cryomed PRO","description":"Najbolje ponude za vlasnike starije opreme za krioterapiju! Iskoristite na\u0161u opciju zamjene opreme za krioterapiju i obezbijedite svojim klijentima NOVE kriokomore po razumnoj cijeni.","robots":{"index":"index","follow":"follow","max-snippet":"max-snippet:-1","max-image-preview":"max-image-preview:large","max-video-preview":"max-video-preview:-1"},"canonical":"https:\/\/cryomedpro.com\/hr\/cryotherapy-machine-trade-in\/","og_locale":"hr_HR","og_type":"article","og_title":"Zamjena strojeva za krioterapiju. Zamijenite danas BILO KOJU rabljenu kriosaunu za novu | Cryomed PRO","og_description":"Najbolje ponude za vlasnike starije opreme za krioterapiju! Iskoristite na\u0161u opciju zamjene opreme za krioterapiju i obezbijedite svojim klijentima NOVE kriokomore po razumnoj cijeni.","og_url":"https:\/\/cryomedpro.com\/hr\/cryotherapy-machine-trade-in\/","og_site_name":"Cryomed PRO","article_modified_time":"2020-02-06T14:49:40+00:00","og_image":[{"url":"https:\/\/cryomedpro.com\/wp-content\/uploads\/2016\/10\/heading-underline.png"}],"twitter_card":"summary_large_image","twitter_misc":{"Procijenjeno vrijeme \u010ditanja":"6 minuta"},"schema":{"@context":"https:\/\/schema.org","@graph":[{"@type":"WebPage","@id":"https:\/\/cryomedpro.com\/hr\/cryotherapy-machine-trade-in\/","url":"https:\/\/cryomedpro.com\/hr\/cryotherapy-machine-trade-in\/","name":"Zamjena strojeva za krioterapiju. Zamijenite danas BILO KOJU rabljenu kriosaunu za novu | Cryomed PRO","isPartOf":{"@id":"https:\/\/cryomedpro.com\/#website"},"datePublished":"2018-08-03T07:43:45+00:00","dateModified":"2020-02-06T14:49:40+00:00","description":"Najbolje ponude za vlasnike starije opreme za krioterapiju! Iskoristite na\u0161u opciju zamjene opreme za krioterapiju i obezbijedite svojim klijentima NOVE kriokomore po razumnoj cijeni.","breadcrumb":{"@id":"https:\/\/cryomedpro.com\/hr\/cryotherapy-machine-trade-in\/#breadcrumb"},"inLanguage":"hr","potentialAction":[{"@type":"ReadAction","target":["https:\/\/cryomedpro.com\/hr\/cryotherapy-machine-trade-in\/"]}]},{"@type":"BreadcrumbList","@id":"https:\/\/cryomedpro.com\/hr\/cryotherapy-machine-trade-in\/#breadcrumb","itemListElement":[{"@type":"ListItem","position":1,"name":"Home","item":"https:\/\/cryomedpro.com\/hr\/"},{"@type":"ListItem","position":2,"name":"Zamjene strojeva za krioterapiju"}]},{"@type":"WebSite","@id":"https:\/\/cryomedpro.com\/#website","url":"https:\/\/cryomedpro.com\/","name":"Cryomed PRO","description":"Cryosaunas Worldwide","publisher":{"@id":"https:\/\/cryomedpro.com\/#\/schema\/person\/752b92c38fb6f6c5052ef7763f4d79eb"},"potentialAction":[{"@type":"SearchAction","target":{"@type":"EntryPoint","urlTemplate":"https:\/\/cryomedpro.com\/?s={search_term_string}"},"query-input":"required name=search_term_string"}],"inLanguage":"hr"},{"@type":["Person","Organization"],"@id":"https:\/\/cryomedpro.com\/#\/schema\/person\/752b92c38fb6f6c5052ef7763f4d79eb","name":"healthycold","image":{"@type":"ImageObject","inLanguage":"hr","@id":"https:\/\/cryomedpro.com\/#\/schema\/person\/image\/","url":"https:\/\/secure.gravatar.com\/avatar\/bbe2f3ec78281a56dba108d1bf0f9ffa?s=96&d=mm&r=g","contentUrl":"https:\/\/secure.gravatar.com\/avatar\/bbe2f3ec78281a56dba108d1bf0f9ffa?s=96&d=mm&r=g","caption":"healthycold"},"logo":{"@id":"https:\/\/cryomedpro.com\/#\/schema\/person\/image\/"}}]}},"_links":{"self":[{"href":"https:\/\/cryomedpro.com\/hr\/wp-json\/wp\/v2\/pages\/10430"}],"collection":[{"href":"https:\/\/cryomedpro.com\/hr\/wp-json\/wp\/v2\/pages"}],"about":[{"href":"https:\/\/cryomedpro.com\/hr\/wp-json\/wp\/v2\/types\/page"}],"author":[{"embeddable":true,"href":"https:\/\/cryomedpro.com\/hr\/wp-json\/wp\/v2\/users\/2"}],"replies":[{"embeddable":true,"href":"https:\/\/cryomedpro.com\/hr\/wp-json\/wp\/v2\/comments?post=10430"}],"version-history":[{"count":0,"href":"https:\/\/cryomedpro.com\/hr\/wp-json\/wp\/v2\/pages\/10430\/revisions"}],"wp:attachment":[{"href":"https:\/\/cryomedpro.com\/hr\/wp-json\/wp\/v2\/media?parent=10430"}],"wp:term":[{"taxonomy":"post_tag","embeddable":true,"href":"https:\/\/cryomedpro.com\/hr\/wp-json\/wp\/v2\/tags?post=10430"}],"curies":[{"name":"wp","href":"https:\/\/api.w.org\/{rel}","templated":true}]}}