{"id":10445,"date":"2017-08-19T16:25:18","date_gmt":"2017-08-19T14:25:18","guid":{"rendered":"https:\/\/cryomedpro.com\/distributors-and-partners\/"},"modified":"2021-11-26T13:36:35","modified_gmt":"2021-11-26T12:36:35","slug":"distributors-and-partners","status":"publish","type":"page","link":"https:\/\/cryomedpro.com\/hr\/distributors-and-partners\/","title":{"rendered":"Distributeri i partneri"},"content":{"rendered":"<p>[et_pb_section admin_label=&#8221;section&#8221;][et_pb_row admin_label=&#8221;row&#8221;][\/et_pb_row][\/et_pb_section]<\/p>\n","protected":false},"excerpt":{"rendered":"<p>[et_pb_section admin_label=&#8221;section&#8221;][et_pb_row admin_label=&#8221;row&#8221;][\/et_pb_row][\/et_pb_section]<\/p>\n","protected":false},"author":2,"featured_media":0,"parent":0,"menu_order":0,"comment_status":"closed","ping_status":"closed","template":"","meta":[],"tags":[],"yoast_head":"<!-- This site is optimized with the Yoast SEO plugin v20.0 - https:\/\/yoast.com\/wordpress\/plugins\/seo\/ -->\n<title>Cryosauna distributeri \u0161irom svijeta. Kriosauans u Italiji, Njema\u010dkoj, Francuskoj, \u0160panjolskoj, Gr\u010dkoj, Rumunjskoj, Sloveniji<\/title>\n<meta name=\"description\" content=\"Cryomed isporu\u010duje chryosaunas \u0161irom svijeta - postanite partner i zapo\u010dnite s nama posao! Potra\u017eite kontakte cryo distributera u Italiji, Njema\u010dkoj, Francuskoj i drugim zemljama.\" \/>\n<meta name=\"robots\" content=\"index, follow, max-snippet:-1, max-image-preview:large, max-video-preview:-1\" \/>\n<link rel=\"canonical\" href=\"https:\/\/cryomedpro.com\/hr\/distributors-and-partners\/\" \/>\n<meta property=\"og:locale\" content=\"hr_HR\" \/>\n<meta property=\"og:type\" content=\"article\" \/>\n<meta property=\"og:title\" content=\"Cryosauna distributeri \u0161irom svijeta. Kriosauans u Italiji, Njema\u010dkoj, Francuskoj, \u0160panjolskoj, Gr\u010dkoj, Rumunjskoj, Sloveniji\" \/>\n<meta property=\"og:description\" content=\"Cryomed isporu\u010duje chryosaunas \u0161irom svijeta - postanite partner i zapo\u010dnite s nama posao! Potra\u017eite kontakte cryo distributera u Italiji, Njema\u010dkoj, Francuskoj i drugim zemljama.\" \/>\n<meta property=\"og:url\" content=\"https:\/\/cryomedpro.com\/hr\/distributors-and-partners\/\" \/>\n<meta property=\"og:site_name\" content=\"Cryomed PRO\" \/>\n<meta property=\"article:modified_time\" content=\"2021-11-26T12:36:35+00:00\" \/>\n<meta property=\"og:image\" content=\"https:\/\/cryomedpro.com\/wp-content\/uploads\/2016\/10\/400-300.png\" \/>\n\t<meta property=\"og:image:width\" content=\"400\" \/>\n\t<meta property=\"og:image:height\" content=\"300\" \/>\n\t<meta property=\"og:image:type\" content=\"image\/png\" \/>\n<meta name=\"twitter:card\" content=\"summary_large_image\" \/>\n<!-- \/ Yoast SEO plugin. -->","yoast_head_json":{"title":"Cryosauna distributeri \u0161irom svijeta. Kriosauans u Italiji, Njema\u010dkoj, Francuskoj, \u0160panjolskoj, Gr\u010dkoj, Rumunjskoj, Sloveniji","description":"Cryomed isporu\u010duje chryosaunas \u0161irom svijeta - postanite partner i zapo\u010dnite s nama posao! Potra\u017eite kontakte cryo distributera u Italiji, Njema\u010dkoj, Francuskoj i drugim zemljama.","robots":{"index":"index","follow":"follow","max-snippet":"max-snippet:-1","max-image-preview":"max-image-preview:large","max-video-preview":"max-video-preview:-1"},"canonical":"https:\/\/cryomedpro.com\/hr\/distributors-and-partners\/","og_locale":"hr_HR","og_type":"article","og_title":"Cryosauna distributeri \u0161irom svijeta. Kriosauans u Italiji, Njema\u010dkoj, Francuskoj, \u0160panjolskoj, Gr\u010dkoj, Rumunjskoj, Sloveniji","og_description":"Cryomed isporu\u010duje chryosaunas \u0161irom svijeta - postanite partner i zapo\u010dnite s nama posao! Potra\u017eite kontakte cryo distributera u Italiji, Njema\u010dkoj, Francuskoj i drugim zemljama.","og_url":"https:\/\/cryomedpro.com\/hr\/distributors-and-partners\/","og_site_name":"Cryomed PRO","article_modified_time":"2021-11-26T12:36:35+00:00","og_image":[{"width":400,"height":300,"url":"https:\/\/cryomedpro.com\/wp-content\/uploads\/2016\/10\/400-300.png","type":"image\/png"}],"twitter_card":"summary_large_image","schema":{"@context":"https:\/\/schema.org","@graph":[{"@type":"WebPage","@id":"https:\/\/cryomedpro.com\/hr\/distributors-and-partners\/","url":"https:\/\/cryomedpro.com\/hr\/distributors-and-partners\/","name":"Cryosauna distributeri \u0161irom svijeta. Kriosauans u Italiji, Njema\u010dkoj, Francuskoj, \u0160panjolskoj, Gr\u010dkoj, Rumunjskoj, Sloveniji","isPartOf":{"@id":"https:\/\/cryomedpro.com\/#website"},"datePublished":"2017-08-19T14:25:18+00:00","dateModified":"2021-11-26T12:36:35+00:00","description":"Cryomed isporu\u010duje chryosaunas \u0161irom svijeta - postanite partner i zapo\u010dnite s nama posao! Potra\u017eite kontakte cryo distributera u Italiji, Njema\u010dkoj, Francuskoj i drugim zemljama.","breadcrumb":{"@id":"https:\/\/cryomedpro.com\/hr\/distributors-and-partners\/#breadcrumb"},"inLanguage":"hr","potentialAction":[{"@type":"ReadAction","target":["https:\/\/cryomedpro.com\/hr\/distributors-and-partners\/"]}]},{"@type":"BreadcrumbList","@id":"https:\/\/cryomedpro.com\/hr\/distributors-and-partners\/#breadcrumb","itemListElement":[{"@type":"ListItem","position":1,"name":"Home","item":"https:\/\/cryomedpro.com\/hr\/"},{"@type":"ListItem","position":2,"name":"Cryosauna Distributors and Partners Worldwide"}]},{"@type":"WebSite","@id":"https:\/\/cryomedpro.com\/#website","url":"https:\/\/cryomedpro.com\/","name":"Cryomed PRO","description":"Cryosaunas Worldwide","publisher":{"@id":"https:\/\/cryomedpro.com\/#\/schema\/person\/752b92c38fb6f6c5052ef7763f4d79eb"},"potentialAction":[{"@type":"SearchAction","target":{"@type":"EntryPoint","urlTemplate":"https:\/\/cryomedpro.com\/?s={search_term_string}"},"query-input":"required name=search_term_string"}],"inLanguage":"hr"},{"@type":["Person","Organization"],"@id":"https:\/\/cryomedpro.com\/#\/schema\/person\/752b92c38fb6f6c5052ef7763f4d79eb","name":"healthycold","image":{"@type":"ImageObject","inLanguage":"hr","@id":"https:\/\/cryomedpro.com\/#\/schema\/person\/image\/","url":"https:\/\/secure.gravatar.com\/avatar\/bbe2f3ec78281a56dba108d1bf0f9ffa?s=96&d=mm&r=g","contentUrl":"https:\/\/secure.gravatar.com\/avatar\/bbe2f3ec78281a56dba108d1bf0f9ffa?s=96&d=mm&r=g","caption":"healthycold"},"logo":{"@id":"https:\/\/cryomedpro.com\/#\/schema\/person\/image\/"}}]}},"_links":{"self":[{"href":"https:\/\/cryomedpro.com\/hr\/wp-json\/wp\/v2\/pages\/10445"}],"collection":[{"href":"https:\/\/cryomedpro.com\/hr\/wp-json\/wp\/v2\/pages"}],"about":[{"href":"https:\/\/cryomedpro.com\/hr\/wp-json\/wp\/v2\/types\/page"}],"author":[{"embeddable":true,"href":"https:\/\/cryomedpro.com\/hr\/wp-json\/wp\/v2\/users\/2"}],"replies":[{"embeddable":true,"href":"https:\/\/cryomedpro.com\/hr\/wp-json\/wp\/v2\/comments?post=10445"}],"version-history":[{"count":0,"href":"https:\/\/cryomedpro.com\/hr\/wp-json\/wp\/v2\/pages\/10445\/revisions"}],"wp:attachment":[{"href":"https:\/\/cryomedpro.com\/hr\/wp-json\/wp\/v2\/media?parent=10445"}],"wp:term":[{"taxonomy":"post_tag","embeddable":true,"href":"https:\/\/cryomedpro.com\/hr\/wp-json\/wp\/v2\/tags?post=10445"}],"curies":[{"name":"wp","href":"https:\/\/api.w.org\/{rel}","templated":true}]}}