{"id":31923,"date":"2019-02-03T22:55:41","date_gmt":"2019-02-03T21:55:41","guid":{"rendered":"https:\/\/cryomedpro.com\/cryofan-cf-05\/"},"modified":"2019-02-07T14:54:45","modified_gmt":"2019-02-07T13:54:45","slug":"cryofan-cf-05","status":"publish","type":"page","link":"https:\/\/cryomedpro.com\/hr\/cryofan-cf-05\/","title":{"rendered":"Cryofan CF-05"},"content":{"rendered":"<p>[et_pb_section admin_label=&#8221;section&#8221; background_image=&#8221;https:\/\/cryomedpro.com\/wp-content\/uploads\/2016\/12\/784743-blue-crystals-frost-macro.jpg&#8221; transparent_background=&#8221;off&#8221; allow_player_pause=&#8221;off&#8221; inner_shadow=&#8221;off&#8221; parallax=&#8221;off&#8221; parallax_method=&#8221;off&#8221; padding_mobile=&#8221;off&#8221; make_fullwidth=&#8221;off&#8221; use_custom_width=&#8221;off&#8221; width_unit=&#8221;on&#8221; make_equal=&#8221;off&#8221; use_custom_gutter=&#8221;off&#8221; module_class=&#8221;ns-banner&#8221; custom_padding=&#8221;3px|0px|0px|0px&#8221;][et_pb_row admin_label=&#8221;row&#8221;][et_pb_column type=&#8221;4_4&#8243;][et_pb_text admin_label=&#8221;Text&#8221; background_layout=&#8221;dark&#8221; text_orientation=&#8221;right&#8221; use_border_color=&#8221;off&#8221; border_color=&#8221;#ffffff&#8221; border_style=&#8221;solid&#8221;]<\/p>\n<h1 style=\"text-align: center;\"><span style=\"font-weight: 400;\">Cryofan CF-05<\/span><\/h1>\n<p><img decoding=\"async\" loading=\"lazy\" class=\"size-full wp-image-150 aligncenter\" src=\"https:\/\/cryomedpro.com\/wp-content\/uploads\/2016\/10\/heading-underline.png\" alt=\"heading-underline\" width=\"309\" height=\"12\" srcset=\"https:\/\/cryomedpro.com\/wp-content\/uploads\/2016\/10\/heading-underline.png 309w, https:\/\/cryomedpro.com\/wp-content\/uploads\/2016\/10\/heading-underline-300x12.png 300w\" sizes=\"(max-width: 309px) 100vw, 309px\" \/><\/p>\n<p>[\/et_pb_text][\/et_pb_column][\/et_pb_row][\/et_pb_section][et_pb_section admin_label=&#8221;Section&#8221; fullwidth=&#8221;off&#8221; specialty=&#8221;off&#8221; transparent_background=&#8221;off&#8221; allow_player_pause=&#8221;off&#8221; inner_shadow=&#8221;off&#8221; parallax=&#8221;off&#8221; parallax_method=&#8221;off&#8221; custom_padding=&#8221;15px|0px|0px|0px&#8221; padding_mobile=&#8221;off&#8221; make_fullwidth=&#8221;off&#8221; use_custom_width=&#8221;off&#8221; width_unit=&#8221;on&#8221; make_equal=&#8221;off&#8221; use_custom_gutter=&#8221;off&#8221;][et_pb_row admin_label=&#8221;Row&#8221; make_fullwidth=&#8221;off&#8221; use_custom_width=&#8221;off&#8221; width_unit=&#8221;on&#8221; use_custom_gutter=&#8221;off&#8221; padding_mobile=&#8221;off&#8221; allow_player_pause=&#8221;off&#8221; parallax=&#8221;off&#8221; parallax_method=&#8221;off&#8221; make_equal=&#8221;off&#8221; parallax_1=&#8221;off&#8221; parallax_method_1=&#8221;off&#8221; column_padding_mobile=&#8221;on&#8221; custom_padding=&#8221;0px|0px|0px|0px&#8221;][et_pb_column type=&#8221;4_4&#8243;][et_pb_code admin_label=&#8221;Code&#8221;]\tCryo\n<span><span><a href=\"https:\/\/cryomedpro.com\/hr\/\">Home<\/a><\/span><\/span>[\/et_pb_code][\/et_pb_column][\/et_pb_row][\/et_pb_section][et_pb_section admin_label=&#8221;Section&#8221; fullwidth=&#8221;off&#8221; specialty=&#8221;off&#8221; transparent_background=&#8221;off&#8221; allow_player_pause=&#8221;off&#8221; inner_shadow=&#8221;off&#8221; parallax=&#8221;off&#8221; parallax_method=&#8221;off&#8221; custom_padding=&#8221;15px|0px|0px|0px&#8221; padding_mobile=&#8221;off&#8221; make_fullwidth=&#8221;off&#8221; use_custom_width=&#8221;off&#8221; width_unit=&#8221;on&#8221; make_equal=&#8221;off&#8221; use_custom_gutter=&#8221;off&#8221;][et_pb_row admin_label=&#8221;Row&#8221;][et_pb_column type=&#8221;1_3&#8243;][et_pb_image admin_label=&#8221;Image&#8221; src=&#8221;https:\/\/cryomedpro.com\/wp-content\/uploads\/2019\/02\/cryofan_cf-05-01.png&#8221; alt=&#8221;Cryofan CF-05&#8243; title_text=&#8221;Cryofan CF-05&#8243; show_in_lightbox=&#8221;off&#8221; url_new_window=&#8221;off&#8221; use_overlay=&#8221;off&#8221; animation=&#8221;left&#8221; sticky=&#8221;off&#8221; align=&#8221;left&#8221; force_fullwidth=&#8221;off&#8221; always_center_on_mobile=&#8221;on&#8221; use_border_color=&#8221;off&#8221; border_color=&#8221;#ffffff&#8221; border_style=&#8221;solid&#8221;]<\/p>\n<p>&nbsp;<\/p>\n<p>[\/et_pb_image][\/et_pb_column][et_pb_column type=&#8221;2_3&#8243;][et_pb_text admin_label=&#8221;Text&#8221; background_layout=&#8221;light&#8221; text_orientation=&#8221;right&#8221; use_border_color=&#8221;off&#8221; border_color=&#8221;#ffffff&#8221; border_style=&#8221;solid&#8221;]<\/p>\n<h2 style=\"text-align: left;\">\u0160to je CRYOFAN?<\/h2>\n<p style=\"text-align: left;\">Cryofan CF-05 je napredni ure\u0111aj za lokalnu krioterapiju najnovije generacije, koji koristi dotok pare superhla\u0111enog du\u0161ika za brzo i bezbolno sni\u017eavanje temperature ljudske ko\u017ee i potko\u017enog tkiva. Usmjerena primjena hladno\u0107e daje niz pozitivnih u\u010dinaka i na\u0161iroko se koristi u kozmetologiji, dermatologiji, traumatologiji i sportskoj medicini.<\/p>\n<p style=\"text-align: left;\">Cryofan CF-05 je nasljednik vrlo popularnog modela ure\u0111aja CF-04 i sadr\u017ei brojne inovativne zna\u010dajke, bolju iskoristivost i pobolj\u0161anu sigurnost.<\/p>\n<p>[\/et_pb_text][et_pb_button admin_label=&#8221;Button&#8221; url_new_window=&#8221;off&#8221; button_text=&#8221;ZATRA\u017dITE CIJENU&#8221; button_alignment=&#8221;center&#8221; background_layout=&#8221;dark&#8221; custom_button=&#8221;on&#8221; button_text_size=&#8221;15&#8243; button_bg_color=&#8221;#8fd400&#8243; button_border_width=&#8221;0&#8243; button_letter_spacing=&#8221;0&#8243; button_use_icon=&#8221;off&#8221; button_icon_placement=&#8221;right&#8221; button_on_hover=&#8221;on&#8221; button_bg_color_hover=&#8221;#b0d369&#8243; button_letter_spacing_hover=&#8221;0&#8243; module_class=&#8221;popmake-contact-form-hr&#8221;]<\/p>\n<p>&nbsp;<\/p>\n<p>[\/et_pb_button][\/et_pb_column][\/et_pb_row][et_pb_row admin_label=&#8221;Row&#8221;][et_pb_column type=&#8221;4_4&#8243;][et_pb_text admin_label=&#8221;Text&#8221; background_layout=&#8221;light&#8221; text_orientation=&#8221;left&#8221; use_border_color=&#8221;off&#8221; border_color=&#8221;#ffffff&#8221; border_style=&#8221;solid&#8221;]<\/p>\n<h2 style=\"text-align: center; color: #666666;\">Klju\u010dne zna\u010dajke ure\u0111aja Cryofan CF-05<\/h2>\n<p><img decoding=\"async\" loading=\"lazy\" class=\"size-medium wp-image-85 aligncenter\" src=\"https:\/\/cryomedpro.com\/wp-content\/uploads\/2016\/10\/brush-2-300x12.png\" alt=\"brush-2\" width=\"300\" height=\"12\" srcset=\"https:\/\/cryomedpro.com\/wp-content\/uploads\/2016\/10\/brush-2-300x12.png 300w, https:\/\/cryomedpro.com\/wp-content\/uploads\/2016\/10\/brush-2.png 309w\" sizes=\"(max-width: 300px) 100vw, 300px\" \/><\/p>\n<p>[\/et_pb_text][\/et_pb_column][\/et_pb_row][et_pb_row admin_label=&#8221;Row&#8221;][et_pb_column type=&#8221;1_2&#8243;][et_pb_text admin_label=&#8221;Text&#8221; background_layout=&#8221;light&#8221; text_orientation=&#8221;left&#8221; use_border_color=&#8221;off&#8221; border_color=&#8221;#ffffff&#8221; border_style=&#8221;solid&#8221;]<\/p>\n<ul>\n<li style=\"font-weight: 400;\">Prenosivost (kota\u010di za lak\u0161i transport)<\/li>\n<li style=\"font-weight: 400;\">Futuristi\u010dki, ergonomski dizajn, prilago\u0111en korisniku<\/li>\n<li style=\"font-weight: 400;\">Zaslon osjetljiv na dodir za lako upravljanje<\/li>\n<li style=\"font-weight: 400;\">Prosje\u010dno trajanje kriogene procedure: 3-5 minuta<\/li>\n<li style=\"font-weight: 400;\">Tajmer za procedure<\/li>\n<li style=\"font-weight: 400;\">Broja\u010d procedura<\/li>\n<li style=\"font-weight: 400;\">Vi\u0161estruki sigurnosni sustav s naponom napajanja od 24V<\/li>\n<li style=\"font-weight: 400;\">Pode\u0161avanje temperature protoka du\u0161ika<\/li>\n<li style=\"font-weight: 400;\">Niska potro\u0161nja du\u0161ika koja ne prelazi 0,06 l\/min (najni\u017ea na tr\u017ei\u0161tu za sli\u010dne ure\u0111aje)<\/li>\n<li style=\"font-weight: 400;\">Brzo pokretanje &#8211; za pokretanje ure\u0111aja potrebno je manje od 4 minute<\/li>\n<li style=\"font-weight: 400;\">Ko\u017ea pacijenta nikada ne dolazi u kontakt s teku\u0107im du\u0161ikom<\/li>\n<li style=\"font-weight: 400;\">U\u010dinkovito lije\u010denje akni<\/li>\n<li style=\"font-weight: 400;\">Proizvedeno u EU<\/li>\n<\/ul>\n<p>Cryofan se mo\u017ee koristiti u kombinaciji s drugim proizvodima tvrtke Cryomed, jer svi podr\u017eavaju iste Dewarove posude. Na ovaj na\u010din, na\u0161i klijenti mogu u\u017eivati u kombiniranom djelovanju ova dva pristupa krioterapiji (lokalnom i krioterapiji cijelog tijela), kako bi postigli najbolje rezultate.<\/p>\n<p>Cryofan CF-05 je odli\u010dan izbor za pojedince koji ne \u017eele ili nisu u mogu\u0107nosti iskoristiti tradicionalnu krioterapiju cijelog tijela.<\/p>\n<p>[\/et_pb_text][\/et_pb_column][et_pb_column type=&#8221;1_2&#8243;][et_pb_image admin_label=&#8221;Image&#8221; src=&#8221;https:\/\/cryomedpro.com\/wp-content\/uploads\/2019\/02\/cryofan_cf-05-02.png&#8221; alt=&#8221;CRYOFAN CF-05&#8243; title_text=&#8221;CRYOFAN CF-05&#8243; show_in_lightbox=&#8221;off&#8221; url_new_window=&#8221;off&#8221; use_overlay=&#8221;off&#8221; animation=&#8221;left&#8221; sticky=&#8221;off&#8221; align=&#8221;left&#8221; force_fullwidth=&#8221;off&#8221; always_center_on_mobile=&#8221;on&#8221; use_border_color=&#8221;off&#8221; border_color=&#8221;#ffffff&#8221; border_style=&#8221;solid&#8221;]<\/p>\n<p>&nbsp;<\/p>\n<p>[\/et_pb_image][\/et_pb_column][\/et_pb_row][et_pb_row admin_label=&#8221;Row&#8221;][et_pb_column type=&#8221;4_4&#8243;][et_pb_text admin_label=&#8221;Text&#8221; background_layout=&#8221;light&#8221; text_orientation=&#8221;left&#8221; use_border_color=&#8221;off&#8221; border_color=&#8221;#ffffff&#8221; border_style=&#8221;solid&#8221;]<\/p>\n<h2 style=\"text-align: center; color: #666666;\">Tehni\u010dke karakteristike<\/h2>\n<p><img decoding=\"async\" loading=\"lazy\" class=\"size-medium wp-image-85 aligncenter\" src=\"https:\/\/cryomedpro.com\/wp-content\/uploads\/2016\/10\/brush-2-300x12.png\" alt=\"brush-2\" width=\"300\" height=\"12\" srcset=\"https:\/\/cryomedpro.com\/wp-content\/uploads\/2016\/10\/brush-2-300x12.png 300w, https:\/\/cryomedpro.com\/wp-content\/uploads\/2016\/10\/brush-2.png 309w\" sizes=\"(max-width: 300px) 100vw, 300px\" \/><\/p>\n<p>[\/et_pb_text][et_pb_text admin_label=&#8221;Text&#8221; background_layout=&#8221;light&#8221; text_orientation=&#8221;left&#8221; use_border_color=&#8221;off&#8221; border_color=&#8221;#ffffff&#8221; border_style=&#8221;solid&#8221;]<\/p>\n<table class=\"prod_full_attributes\">\n<tbody>\n<tr>\n<td><strong>Zna\u010dajka<\/strong><\/td>\n<td><strong>Vrijednost<\/strong><\/td>\n<\/tr>\n<tr>\n<td>Napon napajanja<\/td>\n<td><span style=\"font-weight: 400;\">100-240 VAC, 50\/60 Hz<\/span><\/td>\n<\/tr>\n<tr>\n<td>Maksimalna potro\u0161nja energije<\/td>\n<td><span style=\"font-weight: 400;\">0,29 kW<\/span><\/td>\n<\/tr>\n<tr>\n<td>Te\u017eina Cryofan ure\u0111aja<\/td>\n<td><span style=\"font-weight: 400;\">23,3 kg<\/span><\/td>\n<\/tr>\n<tr>\n<td>Duljina cijevi<\/td>\n<td><span style=\"font-weight: 400;\">1,4 m<\/span><\/td>\n<\/tr>\n<tr>\n<td>Vrijeme predhla\u0111enja (-100 \u00b0 \u0421)<\/td>\n<td>Manje od 3 min<\/td>\n<\/tr>\n<tr>\n<td>Sustav automatske kontrole i odr\u017eavanja temperature<\/td>\n<td>Kontroler<\/td>\n<\/tr>\n<tr>\n<td>Kolor zaslon osjetljiv na dodir s jednostavnim vi\u0161enamjenskim korisni\u010dkim su\u010deljem<\/td>\n<td>7\u201d<\/td>\n<\/tr>\n<tr>\n<td>Temperatura izlaznog plina (maks.)<\/td>\n<td><span style=\"font-weight: 400;\">-130\u00ba \u0421<\/span><\/td>\n<\/tr>\n<tr>\n<td>Potro\u0161nja teku\u0107eg du\u0161ika za jednu sesiju (10 min, -100\u00ba C)<\/td>\n<td><span style=\"font-weight: 400;\">0,7 l<\/span><\/td>\n<\/tr>\n<tr>\n<td>Za\u0161tita<\/td>\n<td><span style=\"font-weight: 400;\">IP50<\/span><\/td>\n<\/tr>\n<\/tbody>\n<\/table>\n<p>[\/et_pb_text][\/et_pb_column][\/et_pb_row][et_pb_row admin_label=&#8221;Row&#8221;][et_pb_column type=&#8221;1_2&#8243;][et_pb_text admin_label=&#8221;Text&#8221; background_layout=&#8221;light&#8221; text_orientation=&#8221;left&#8221; use_border_color=&#8221;off&#8221; border_color=&#8221;#ffffff&#8221; border_style=&#8221;solid&#8221;]<\/p>\n<h2>Kako funkcionira krioterapija?<\/h2>\n<p>Koncept krioterapije temelji se na kratkotrajnoj primjeni ekstremno niskih temperatura na odre\u0111eni dio tijela pacijenta. Ovaj postupak uzrokuje kontrakciju mi\u0161i\u0107a, pove\u0107ava dotok krvi u tretirano podru\u010dje, umiruje upalu i ubrzava regeneraciju stanica. Na kraju postupka, pacijent mo\u017ee do\u017eivjeti senzaciju &#8220;bockanja iglama&#8221;, koji nakon tretmana ubrzo nestaje. Kriogeni postupci su 100% sigurni, ne uzrokuju nuspojave i pokazuju izvanredne rezultate kod lokaliziranih ozljeda, poput bolova u le\u0111ima, koljenima, laktovima ili drugim zglobovima, o\u0161te\u0107enja ko\u017ee, napetosti mi\u0161i\u0107a, uganu\u0107a ligamenata i tako dalje.<\/p>\n<h3>U\u010dinci krioterapije<\/h3>\n<ul>\n<li style=\"font-weight: 400;\">Pobolj\u0161ane fizi\u010dke performanse<\/li>\n<li style=\"font-weight: 400;\">Ubla\u017eavanje boli<\/li>\n<li style=\"font-weight: 400;\">Smanjenje upale<\/li>\n<li style=\"font-weight: 400;\">Br\u017ei oporavak mi\u0161i\u0107a<\/li>\n<li style=\"font-weight: 400;\">Pobolj\u0161ana cirkulacija i ten<\/li>\n<li style=\"font-weight: 400;\">Smanjene bore i fine linije<\/li>\n<li style=\"font-weight: 400;\">Lije\u010denje o\u017eiljaka<\/li>\n<\/ul>\n<p>[\/et_pb_text][\/et_pb_column][et_pb_column type=&#8221;1_2&#8243;][et_pb_image admin_label=&#8221;Image&#8221; src=&#8221;https:\/\/cryomedpro.com\/wp-content\/uploads\/2019\/02\/cryofan_cf-05-03.jpg&#8221; alt=&#8221;How does cryotherapy work?&#8221; title_text=&#8221;How does cryotherapy work?&#8221; show_in_lightbox=&#8221;off&#8221; url_new_window=&#8221;off&#8221; use_overlay=&#8221;off&#8221; animation=&#8221;left&#8221; sticky=&#8221;off&#8221; align=&#8221;left&#8221; force_fullwidth=&#8221;off&#8221; always_center_on_mobile=&#8221;on&#8221; use_border_color=&#8221;off&#8221; border_color=&#8221;#ffffff&#8221; border_style=&#8221;solid&#8221;]<\/p>\n<p>&nbsp;<\/p>\n<p>[\/et_pb_image][\/et_pb_column][\/et_pb_row][et_pb_row admin_label=&#8221;Row&#8221;][et_pb_column type=&#8221;4_4&#8243;][et_pb_text admin_label=&#8221;Text&#8221; background_layout=&#8221;light&#8221; text_orientation=&#8221;left&#8221; use_border_color=&#8221;off&#8221; border_color=&#8221;#ffffff&#8221; border_style=&#8221;solid&#8221;]<\/p>\n<h2>Inovativno zdravstveno rje\u0161enje za svakoga<\/h2>\n<p>Cryofan je napredni ure\u0111aj za njegu tijela i ko\u017ee koji se mo\u017ee pohvaliti kompaktnom veli\u010dinom, prenosivo\u0161\u0107u i kompatibilno\u0161\u0107u s drugim Cryomed proizvodima i dodacima. To je savr\u0161eno rje\u0161enje za medicinske, wellness i fitness centre, teretane, kozmeti\u010dke salone, rehabilitacijske ustanove, kampove za obuku, pa \u010dak i za pojedina\u010dne korisnike zainteresirane za brz i besplatan pristup neograni\u010denom broju kriogenih procedura iz udobnosti svog doma ili ureda. Proizvod je toliko jednostavan za kori\u0161tenje da operater ne mora imati nikakav medicinski certifikat niti posebnu obuku.<\/p>\n<p><b>Ciljne oblasti:<\/b><\/p>\n<ul>\n<li style=\"font-weight: 400;\">Kozmetologija;<\/li>\n<li style=\"font-weight: 400;\">Dermatologija;<\/li>\n<li style=\"font-weight: 400;\">Sportska medicina;<\/li>\n<li style=\"font-weight: 400;\">Rehabilitacija;<\/li>\n<li style=\"font-weight: 400;\">Traumatologija;<\/li>\n<li style=\"font-weight: 400;\">Ortopedija.<\/li>\n<\/ul>\n<h2>Za\u0161to Cryofan?<\/h2>\n<p>Osnovana 2002. godine, tvrtka Cryomed je vode\u0107i proizvo\u0111a\u010d kriogene opreme. Vo\u0111ena stra\u0161\u0107u za inovacijama i \u017eeljom da ova tehnologija postane dostupna naj\u0161iroj publici, tvrtka se usredoto\u010duje na stalno pobolj\u0161avanje i pro\u0161irivanje svoje proizvodne linije.<\/p>\n<p>Cryofan je jedinstveni ure\u0111aj za krioterapiju koji je dizajniran i razvijen za tvrtke i pojedince koji \u017eele u\u017eivati u prednostima kriostimulacije bez potrebe za kupnjom i instaliranjem velike konvencionalne kriosaune u svom uredu ili ku\u0107i. Redoviti tretmani krioterapije poma\u017eu u ubla\u017eavanju kroni\u010dnih bolova u mi\u0161i\u0107ima i zglobovima, a posebno su u\u010dinkoviti kod bolesti poput reume. Na\u0161 proizvod omogu\u0107uje na\u0161im klijentima da imaju produktivan \u017eivot, bez boli, kao i brzi oporavak od svih vrsta ozljeda.<\/p>\n<p>Zala\u017eemo se za pru\u017eanje visoke kvalitete po konkurentnim cijenama i nudimo cjelovito savjetovanje koje \u0107e Vam pomo\u0107i odabrati pravi proizvod za Va\u0161e potrebe.<\/p>\n<p>Za vi\u0161e informacija o na\u0161im posebnim ponudama, cijenama i drugim va\u017enim informacijama, molimo kontaktirajte na\u0161 odjel prodaje ovdje.<\/p>\n<p>[\/et_pb_text][et_pb_button admin_label=&#8221;Button&#8221; url_new_window=&#8221;off&#8221; button_text=&#8221;ZATRA\u017dITE CIJENU&#8221; button_alignment=&#8221;center&#8221; background_layout=&#8221;dark&#8221; custom_button=&#8221;on&#8221; button_text_size=&#8221;15&#8243; button_bg_color=&#8221;#8fd400&#8243; button_border_width=&#8221;0&#8243; button_letter_spacing=&#8221;0&#8243; button_use_icon=&#8221;off&#8221; button_icon_placement=&#8221;right&#8221; button_on_hover=&#8221;on&#8221; button_bg_color_hover=&#8221;#b0d369&#8243; button_letter_spacing_hover=&#8221;0&#8243; module_class=&#8221;popmake-contact-form-hr&#8221;]<\/p>\n<p>&nbsp;<\/p>\n<p>[\/et_pb_button][\/et_pb_column][\/et_pb_row][\/et_pb_section]<\/p>\n","protected":false},"excerpt":{"rendered":"<p>[et_pb_section admin_label=&#8221;section&#8221; background_image=&#8221;https:\/\/cryomedpro.com\/wp-content\/uploads\/2016\/12\/784743-blue-crystals-frost-macro.jpg&#8221; transparent_background=&#8221;off&#8221; allow_player_pause=&#8221;off&#8221; inner_shadow=&#8221;off&#8221; parallax=&#8221;off&#8221; parallax_method=&#8221;off&#8221; padding_mobile=&#8221;off&#8221; make_fullwidth=&#8221;off&#8221; use_custom_width=&#8221;off&#8221; width_unit=&#8221;on&#8221; make_equal=&#8221;off&#8221; use_custom_gutter=&#8221;off&#8221; module_class=&#8221;ns-banner&#8221; custom_padding=&#8221;3px|0px|0px|0px&#8221;][et_pb_row admin_label=&#8221;row&#8221;][et_pb_column type=&#8221;4_4&#8243;][et_pb_text admin_label=&#8221;Text&#8221; background_layout=&#8221;dark&#8221; text_orientation=&#8221;right&#8221; use_border_color=&#8221;off&#8221; border_color=&#8221;#ffffff&#8221; border_style=&#8221;solid&#8221;] Cryofan CF-05 [\/et_pb_text][\/et_pb_column][\/et_pb_row][\/et_pb_section][et_pb_section admin_label=&#8221;Section&#8221; fullwidth=&#8221;off&#8221; specialty=&#8221;off&#8221; transparent_background=&#8221;off&#8221; allow_player_pause=&#8221;off&#8221; inner_shadow=&#8221;off&#8221; parallax=&#8221;off&#8221; parallax_method=&#8221;off&#8221; custom_padding=&#8221;15px|0px|0px|0px&#8221; padding_mobile=&#8221;off&#8221; make_fullwidth=&#8221;off&#8221; use_custom_width=&#8221;off&#8221; width_unit=&#8221;on&#8221; make_equal=&#8221;off&#8221; use_custom_gutter=&#8221;off&#8221;][et_pb_row admin_label=&#8221;Row&#8221; make_fullwidth=&#8221;off&#8221; use_custom_width=&#8221;off&#8221; width_unit=&#8221;on&#8221; use_custom_gutter=&#8221;off&#8221; padding_mobile=&#8221;off&#8221; allow_player_pause=&#8221;off&#8221; parallax=&#8221;off&#8221; parallax_method=&#8221;off&#8221; make_equal=&#8221;off&#8221; parallax_1=&#8221;off&#8221; parallax_method_1=&#8221;off&#8221; column_padding_mobile=&#8221;on&#8221; [&hellip;]<\/p>\n","protected":false},"author":2,"featured_media":0,"parent":0,"menu_order":0,"comment_status":"closed","ping_status":"closed","template":"","meta":[],"tags":[],"yoast_head":"<!-- This site is optimized with the Yoast SEO plugin v20.0 - https:\/\/yoast.com\/wordpress\/plugins\/seo\/ -->\n<title>Cryofan CF-05<\/title>\n<meta name=\"description\" content=\"Cryofan CF-05 je napredni ure\u0111aj za lokalnu krioterapiju najnovije generacije, koji koristi dotok pare superhla\u0111enog du\u0161ika za brzo i bezbolno sni\u017eavanje temperature ljudske ko\u017ee i potko\u017enog tkiva. Usmjerena primjena hladno\u0107e daje niz pozitivnih u\u010dinaka i na\u0161iroko se koristi u kozmetologiji, dermatologiji, traumatologiji i sportskoj medicini.\" \/>\n<meta name=\"robots\" content=\"index, follow, max-snippet:-1, max-image-preview:large, max-video-preview:-1\" \/>\n<link rel=\"canonical\" href=\"https:\/\/cryomedpro.com\/hr\/cryofan-cf-05\/\" \/>\n<meta property=\"og:locale\" content=\"hr_HR\" \/>\n<meta property=\"og:type\" content=\"article\" \/>\n<meta property=\"og:title\" content=\"Cryofan CF-05\" \/>\n<meta property=\"og:description\" content=\"Cryofan CF-05 je napredni ure\u0111aj za lokalnu krioterapiju najnovije generacije, koji koristi dotok pare superhla\u0111enog du\u0161ika za brzo i bezbolno sni\u017eavanje temperature ljudske ko\u017ee i potko\u017enog tkiva. Usmjerena primjena hladno\u0107e daje niz pozitivnih u\u010dinaka i na\u0161iroko se koristi u kozmetologiji, dermatologiji, traumatologiji i sportskoj medicini.\" \/>\n<meta property=\"og:url\" content=\"https:\/\/cryomedpro.com\/hr\/cryofan-cf-05\/\" \/>\n<meta property=\"og:site_name\" content=\"Cryomed PRO\" \/>\n<meta property=\"article:modified_time\" content=\"2019-02-07T13:54:45+00:00\" \/>\n<meta property=\"og:image\" content=\"https:\/\/cryomedpro.com\/wp-content\/uploads\/2016\/10\/heading-underline.png\" \/>\n<meta name=\"twitter:card\" content=\"summary_large_image\" \/>\n<meta name=\"twitter:label1\" content=\"Procijenjeno vrijeme \u010ditanja\" \/>\n\t<meta name=\"twitter:data1\" content=\"8 minuta\" \/>\n<!-- \/ Yoast SEO plugin. -->","yoast_head_json":{"title":"Cryofan CF-05","description":"Cryofan CF-05 je napredni ure\u0111aj za lokalnu krioterapiju najnovije generacije, koji koristi dotok pare superhla\u0111enog du\u0161ika za brzo i bezbolno sni\u017eavanje temperature ljudske ko\u017ee i potko\u017enog tkiva. Usmjerena primjena hladno\u0107e daje niz pozitivnih u\u010dinaka i na\u0161iroko se koristi u kozmetologiji, dermatologiji, traumatologiji i sportskoj medicini.","robots":{"index":"index","follow":"follow","max-snippet":"max-snippet:-1","max-image-preview":"max-image-preview:large","max-video-preview":"max-video-preview:-1"},"canonical":"https:\/\/cryomedpro.com\/hr\/cryofan-cf-05\/","og_locale":"hr_HR","og_type":"article","og_title":"Cryofan CF-05","og_description":"Cryofan CF-05 je napredni ure\u0111aj za lokalnu krioterapiju najnovije generacije, koji koristi dotok pare superhla\u0111enog du\u0161ika za brzo i bezbolno sni\u017eavanje temperature ljudske ko\u017ee i potko\u017enog tkiva. Usmjerena primjena hladno\u0107e daje niz pozitivnih u\u010dinaka i na\u0161iroko se koristi u kozmetologiji, dermatologiji, traumatologiji i sportskoj medicini.","og_url":"https:\/\/cryomedpro.com\/hr\/cryofan-cf-05\/","og_site_name":"Cryomed PRO","article_modified_time":"2019-02-07T13:54:45+00:00","og_image":[{"url":"https:\/\/cryomedpro.com\/wp-content\/uploads\/2016\/10\/heading-underline.png"}],"twitter_card":"summary_large_image","twitter_misc":{"Procijenjeno vrijeme \u010ditanja":"8 minuta"},"schema":{"@context":"https:\/\/schema.org","@graph":[{"@type":"WebPage","@id":"https:\/\/cryomedpro.com\/hr\/cryofan-cf-05\/","url":"https:\/\/cryomedpro.com\/hr\/cryofan-cf-05\/","name":"Cryofan CF-05","isPartOf":{"@id":"https:\/\/cryomedpro.com\/#website"},"datePublished":"2019-02-03T21:55:41+00:00","dateModified":"2019-02-07T13:54:45+00:00","description":"Cryofan CF-05 je napredni ure\u0111aj za lokalnu krioterapiju najnovije generacije, koji koristi dotok pare superhla\u0111enog du\u0161ika za brzo i bezbolno sni\u017eavanje temperature ljudske ko\u017ee i potko\u017enog tkiva. Usmjerena primjena hladno\u0107e daje niz pozitivnih u\u010dinaka i na\u0161iroko se koristi u kozmetologiji, dermatologiji, traumatologiji i sportskoj medicini.","breadcrumb":{"@id":"https:\/\/cryomedpro.com\/hr\/cryofan-cf-05\/#breadcrumb"},"inLanguage":"hr","potentialAction":[{"@type":"ReadAction","target":["https:\/\/cryomedpro.com\/hr\/cryofan-cf-05\/"]}]},{"@type":"BreadcrumbList","@id":"https:\/\/cryomedpro.com\/hr\/cryofan-cf-05\/#breadcrumb","itemListElement":[{"@type":"ListItem","position":1,"name":"Home","item":"https:\/\/cryomedpro.com\/hr\/"},{"@type":"ListItem","position":2,"name":"Cryofan CF-05"}]},{"@type":"WebSite","@id":"https:\/\/cryomedpro.com\/#website","url":"https:\/\/cryomedpro.com\/","name":"Cryomed PRO","description":"Cryosaunas Worldwide","publisher":{"@id":"https:\/\/cryomedpro.com\/#\/schema\/person\/752b92c38fb6f6c5052ef7763f4d79eb"},"potentialAction":[{"@type":"SearchAction","target":{"@type":"EntryPoint","urlTemplate":"https:\/\/cryomedpro.com\/?s={search_term_string}"},"query-input":"required name=search_term_string"}],"inLanguage":"hr"},{"@type":["Person","Organization"],"@id":"https:\/\/cryomedpro.com\/#\/schema\/person\/752b92c38fb6f6c5052ef7763f4d79eb","name":"healthycold","image":{"@type":"ImageObject","inLanguage":"hr","@id":"https:\/\/cryomedpro.com\/#\/schema\/person\/image\/","url":"https:\/\/secure.gravatar.com\/avatar\/bbe2f3ec78281a56dba108d1bf0f9ffa?s=96&d=mm&r=g","contentUrl":"https:\/\/secure.gravatar.com\/avatar\/bbe2f3ec78281a56dba108d1bf0f9ffa?s=96&d=mm&r=g","caption":"healthycold"},"logo":{"@id":"https:\/\/cryomedpro.com\/#\/schema\/person\/image\/"}}]}},"_links":{"self":[{"href":"https:\/\/cryomedpro.com\/hr\/wp-json\/wp\/v2\/pages\/31923"}],"collection":[{"href":"https:\/\/cryomedpro.com\/hr\/wp-json\/wp\/v2\/pages"}],"about":[{"href":"https:\/\/cryomedpro.com\/hr\/wp-json\/wp\/v2\/types\/page"}],"author":[{"embeddable":true,"href":"https:\/\/cryomedpro.com\/hr\/wp-json\/wp\/v2\/users\/2"}],"replies":[{"embeddable":true,"href":"https:\/\/cryomedpro.com\/hr\/wp-json\/wp\/v2\/comments?post=31923"}],"version-history":[{"count":0,"href":"https:\/\/cryomedpro.com\/hr\/wp-json\/wp\/v2\/pages\/31923\/revisions"}],"wp:attachment":[{"href":"https:\/\/cryomedpro.com\/hr\/wp-json\/wp\/v2\/media?parent=31923"}],"wp:term":[{"taxonomy":"post_tag","embeddable":true,"href":"https:\/\/cryomedpro.com\/hr\/wp-json\/wp\/v2\/tags?post=31923"}],"curies":[{"name":"wp","href":"https:\/\/api.w.org\/{rel}","templated":true}]}}