{"id":54754,"date":"2020-01-27T02:19:15","date_gmt":"2020-01-27T01:19:15","guid":{"rendered":"https:\/\/cryomedpro.com\/our-services\/"},"modified":"2020-02-20T11:22:16","modified_gmt":"2020-02-20T10:22:16","slug":"our-services","status":"publish","type":"page","link":"https:\/\/cryomedpro.com\/hr\/our-services\/","title":{"rendered":"Na\u0161e usluge"},"content":{"rendered":"<p>[et_pb_section admin_label=&#8221;section&#8221; background_image=&#8221;https:\/\/cryomedpro.com\/wp-content\/uploads\/2016\/12\/784743-blue-crystals-frost-macro.jpg&#8221; transparent_background=&#8221;off&#8221; allow_player_pause=&#8221;off&#8221; inner_shadow=&#8221;off&#8221; parallax=&#8221;off&#8221; parallax_method=&#8221;off&#8221; custom_padding=&#8221;3px|0px|4px|0px&#8221; padding_mobile=&#8221;off&#8221; make_fullwidth=&#8221;off&#8221; use_custom_width=&#8221;off&#8221; width_unit=&#8221;on&#8221; make_equal=&#8221;off&#8221; use_custom_gutter=&#8221;off&#8221; fullwidth=&#8221;off&#8221; specialty=&#8221;off&#8221; module_class=&#8221;ns-banner&#8221; disabled=&#8221;off&#8221;][et_pb_row admin_label=&#8221;row&#8221; make_fullwidth=&#8221;off&#8221; use_custom_width=&#8221;off&#8221; width_unit=&#8221;off&#8221; custom_width_px=&#8221;1080px&#8221; custom_width_percent=&#8221;80%&#8221; use_custom_gutter=&#8221;off&#8221; gutter_width=&#8221;3&#8243; custom_padding=&#8221;21px|0px|21.45px|0px&#8221; padding_mobile=&#8221;off&#8221; allow_player_pause=&#8221;off&#8221; parallax=&#8221;off&#8221; parallax_method=&#8221;on&#8221; make_equal=&#8221;off&#8221; column_padding_mobile=&#8221;on&#8221; parallax_1=&#8221;off&#8221; parallax_method_1=&#8221;on&#8221; parallax_2=&#8221;off&#8221; parallax_method_2=&#8221;on&#8221; parallax_3=&#8221;off&#8221; parallax_method_3=&#8221;on&#8221; parallax_4=&#8221;off&#8221; parallax_method_4=&#8221;on&#8221; disabled=&#8221;off&#8221;][et_pb_column type=&#8221;4_4&#8243;][et_pb_text admin_label=&#8221;Text&#8221; background_layout=&#8221;dark&#8221; text_orientation=&#8221;center&#8221; use_border_color=&#8221;off&#8221; border_style=&#8221;solid&#8221; disabled=&#8221;off&#8221; border_color=&#8221;#ffffff&#8221;]<\/p>\n<h1 style=\"text-align: center;\">Na\u0161e usluge<\/h1>\n<p><img decoding=\"async\" loading=\"lazy\" class=\"size-full wp-image-150 aligncenter\" src=\"\/wp-content\/uploads\/2016\/10\/heading-underline.png\" alt=\"heading-underline\" width=\"309\" height=\"12\" srcset=\"https:\/\/cryomedpro.com\/wp-content\/uploads\/2016\/10\/heading-underline.png 309w, https:\/\/cryomedpro.com\/wp-content\/uploads\/2016\/10\/heading-underline-300x12.png 300w\" sizes=\"(max-width: 309px) 100vw, 309px\" \/><\/p>\n<p>[\/et_pb_text][\/et_pb_column][\/et_pb_row][\/et_pb_section][et_pb_section admin_label=&#8221;Section&#8221; fullwidth=&#8221;off&#8221; specialty=&#8221;off&#8221; transparent_background=&#8221;off&#8221; allow_player_pause=&#8221;off&#8221; inner_shadow=&#8221;off&#8221; parallax=&#8221;off&#8221; parallax_method=&#8221;off&#8221; custom_padding=&#8221;15px|0px|0px|0px&#8221; padding_mobile=&#8221;off&#8221; make_fullwidth=&#8221;off&#8221; use_custom_width=&#8221;off&#8221; width_unit=&#8221;on&#8221; make_equal=&#8221;off&#8221; use_custom_gutter=&#8221;off&#8221;][et_pb_row admin_label=&#8221;Row&#8221; make_fullwidth=&#8221;off&#8221; use_custom_width=&#8221;off&#8221; width_unit=&#8221;on&#8221; use_custom_gutter=&#8221;off&#8221; padding_mobile=&#8221;off&#8221; allow_player_pause=&#8221;off&#8221; parallax=&#8221;off&#8221; parallax_method=&#8221;off&#8221; make_equal=&#8221;off&#8221; parallax_1=&#8221;off&#8221; parallax_method_1=&#8221;off&#8221; column_padding_mobile=&#8221;on&#8221; custom_padding=&#8221;0px|0px|0px|0px&#8221;][et_pb_column type=&#8221;4_4&#8243;][et_pb_code admin_label=&#8221;Code&#8221;]\tCryo\n<span><span><a href=\"https:\/\/cryomedpro.com\/hr\/\">Home<\/a><\/span><\/span>[\/et_pb_code][\/et_pb_column][\/et_pb_row][\/et_pb_section][et_pb_section admin_label=&#8221;section&#8221; transparent_background=&#8221;off&#8221; allow_player_pause=&#8221;off&#8221; inner_shadow=&#8221;off&#8221; parallax=&#8221;off&#8221; parallax_method=&#8221;off&#8221; padding_mobile=&#8221;off&#8221; make_fullwidth=&#8221;off&#8221; use_custom_width=&#8221;off&#8221; width_unit=&#8221;on&#8221; make_equal=&#8221;off&#8221; use_custom_gutter=&#8221;off&#8221;][et_pb_row admin_label=&#8221;row&#8221;][et_pb_column type=&#8221;4_4&#8243;][et_pb_text admin_label=&#8221;Text&#8221; background_layout=&#8221;light&#8221; text_orientation=&#8221;left&#8221; use_border_color=&#8221;off&#8221; border_color=&#8221;#ffffff&#8221; border_style=&#8221;solid&#8221;]<\/p>\n<p>Pored proizvodnje visokokvalitetne opreme za krioterapiju, tako\u0111er pru\u017eamo potpunu uslugu i podr\u0161ku za na\u0161e <a href=\"https:\/\/cryomedpro.com\/hr\/products\/\">proizvode<\/a> u svakoj fazi. Isporuka opreme za krioterapiju cijelog tijela, kao i za lokalnu krioterapiju, instaliranje, odr\u017eavanje i podr\u0161ka, kao i marketing i obuka osoblja &#8211; sve su ove usluge dostupne na\u0161im kupcima i distributerima.<\/p>\n<h2>Isporuka kriosauna i ostale opreme za krioterapiju<\/h2>\n<p>Pru\u017eamo isporuku na\u0161e opreme za krioterapiju <a href=\"https:\/\/cryomedpro.com\/hr\/delivery\/\">\u0161irom svijeta<\/a>.<\/p>\n<p>Na\u0161i na\u010dini dostave:<\/p>\n<p>[\/et_pb_text][\/et_pb_column][\/et_pb_row][et_pb_row admin_label=&#8221;Row&#8221; make_fullwidth=&#8221;off&#8221; use_custom_width=&#8221;off&#8221; width_unit=&#8221;on&#8221; use_custom_gutter=&#8221;off&#8221; custom_padding=&#8221;|60px||60px&#8221; padding_mobile=&#8221;off&#8221; allow_player_pause=&#8221;off&#8221; parallax=&#8221;off&#8221; parallax_method=&#8221;off&#8221; make_equal=&#8221;off&#8221; parallax_1=&#8221;off&#8221; parallax_method_1=&#8221;off&#8221; parallax_2=&#8221;off&#8221; parallax_method_2=&#8221;off&#8221; parallax_3=&#8221;off&#8221; parallax_method_3=&#8221;off&#8221; column_padding_mobile=&#8221;on&#8221;][et_pb_column type=&#8221;1_3&#8243;][et_pb_image admin_label=&#8221;Image&#8221; src=&#8221;https:\/\/cryomedpro.com\/wp-content\/uploads\/2020\/01\/services-01.png&#8221; show_in_lightbox=&#8221;off&#8221; url_new_window=&#8221;off&#8221; use_overlay=&#8221;off&#8221; animation=&#8221;left&#8221; sticky=&#8221;off&#8221; align=&#8221;left&#8221; force_fullwidth=&#8221;off&#8221; always_center_on_mobile=&#8221;on&#8221; use_border_color=&#8221;off&#8221; border_color=&#8221;#ffffff&#8221; border_style=&#8221;solid&#8221;]<\/p>\n<p>[\/et_pb_image][et_pb_text admin_label=&#8221;Text&#8221; background_layout=&#8221;light&#8221; text_orientation=&#8221;left&#8221; use_border_color=&#8221;off&#8221; border_color=&#8221;#ffffff&#8221; border_style=&#8221;solid&#8221;]<\/p>\n<p><strong>kamionom:<\/strong> procijenjeno vrijeme isporuke (europske zemlje) 1-4 radna dana<\/p>\n<p>[\/et_pb_text][\/et_pb_column][et_pb_column type=&#8221;1_3&#8243;][et_pb_image admin_label=&#8221;Image&#8221; src=&#8221;https:\/\/cryomedpro.com\/wp-content\/uploads\/2020\/01\/services-02.png&#8221; show_in_lightbox=&#8221;off&#8221; url_new_window=&#8221;off&#8221; use_overlay=&#8221;off&#8221; animation=&#8221;left&#8221; sticky=&#8221;off&#8221; align=&#8221;left&#8221; force_fullwidth=&#8221;off&#8221; always_center_on_mobile=&#8221;on&#8221; use_border_color=&#8221;off&#8221; border_color=&#8221;#ffffff&#8221; border_style=&#8221;solid&#8221;]<\/p>\n<p>[\/et_pb_image][et_pb_text admin_label=&#8221;Text&#8221; background_layout=&#8221;light&#8221; text_orientation=&#8221;left&#8221; use_border_color=&#8221;off&#8221; border_color=&#8221;#ffffff&#8221; border_style=&#8221;solid&#8221;]<\/p>\n<p><strong>zrakom:<\/strong> procijenjeno vrijeme isporuke do 10 radnih dana<\/p>\n<p>[\/et_pb_text][\/et_pb_column][et_pb_column type=&#8221;1_3&#8243;][et_pb_image admin_label=&#8221;Image&#8221; src=&#8221;https:\/\/cryomedpro.com\/wp-content\/uploads\/2020\/01\/services-03.png&#8221; show_in_lightbox=&#8221;off&#8221; url_new_window=&#8221;off&#8221; use_overlay=&#8221;off&#8221; animation=&#8221;left&#8221; sticky=&#8221;off&#8221; align=&#8221;left&#8221; force_fullwidth=&#8221;off&#8221; always_center_on_mobile=&#8221;on&#8221; use_border_color=&#8221;off&#8221; border_color=&#8221;#ffffff&#8221; border_style=&#8221;solid&#8221;]<\/p>\n<p>[\/et_pb_image][et_pb_text admin_label=&#8221;Text&#8221; background_layout=&#8221;light&#8221; text_orientation=&#8221;left&#8221; use_border_color=&#8221;off&#8221; border_color=&#8221;#ffffff&#8221; border_style=&#8221;solid&#8221;]<\/p>\n<p><strong>morem:<\/strong> predvi\u0111eno vrijeme isporuke do 30 radnih dana.<\/p>\n<p>[\/et_pb_text][\/et_pb_column][\/et_pb_row][et_pb_row admin_label=&#8221;Row&#8221;][et_pb_column type=&#8221;4_4&#8243;][et_pb_text admin_label=&#8221;Text&#8221; background_layout=&#8221;light&#8221; text_orientation=&#8221;left&#8221; use_border_color=&#8221;off&#8221; border_color=&#8221;#ffffff&#8221; border_style=&#8221;solid&#8221;]<\/p>\n<p>Alternativno, mo\u017eete i sami organizirati isporuku.<\/p>\n<p>Mo\u017eemo zajam\u010diti sigurno pakiranje za sve ponu\u0111ene na\u010dine isporuke. Dakle, mo\u017eete odabrati na\u010din isporuke koji najbolje odgovara va\u0161im potrebama.<\/p>\n<p>[\/et_pb_text][et_pb_button admin_label=&#8221;Button&#8221; url_new_window=&#8221;off&#8221; button_text=&#8221;Kontaktirajte nas!&#8221; button_alignment=&#8221;left&#8221; background_layout=&#8221;light&#8221; custom_button=&#8221;off&#8221; button_letter_spacing=&#8221;0&#8243; button_use_icon=&#8221;default&#8221; button_icon_placement=&#8221;right&#8221; button_on_hover=&#8221;on&#8221; button_letter_spacing_hover=&#8221;0&#8243; saved_tabs=&#8221;all&#8221; button_url=&#8221;https:\/\/cryomedpro.com\/hr\/contacts\/&#8221;]<\/p>\n<p>[\/et_pb_button][\/et_pb_column][\/et_pb_row][\/et_pb_section][et_pb_section admin_label=&#8221;section&#8221; transparent_background=&#8221;off&#8221; allow_player_pause=&#8221;off&#8221; inner_shadow=&#8221;off&#8221; parallax=&#8221;off&#8221; parallax_method=&#8221;off&#8221; padding_mobile=&#8221;off&#8221; make_fullwidth=&#8221;off&#8221; use_custom_width=&#8221;off&#8221; width_unit=&#8221;on&#8221; make_equal=&#8221;off&#8221; use_custom_gutter=&#8221;off&#8221;][et_pb_row admin_label=&#8221;row&#8221;][et_pb_column type=&#8221;1_3&#8243;][et_pb_image admin_label=&#8221;Image&#8221; src=&#8221;https:\/\/cryomedpro.com\/wp-content\/uploads\/2020\/01\/installation-cryosauna.jpg&#8221; show_in_lightbox=&#8221;off&#8221; url_new_window=&#8221;off&#8221; use_overlay=&#8221;off&#8221; animation=&#8221;left&#8221; sticky=&#8221;off&#8221; align=&#8221;left&#8221; force_fullwidth=&#8221;off&#8221; always_center_on_mobile=&#8221;on&#8221; use_border_color=&#8221;off&#8221; border_color=&#8221;#ffffff&#8221; border_style=&#8221;solid&#8221;]<\/p>\n<p>[\/et_pb_image][\/et_pb_column][et_pb_column type=&#8221;2_3&#8243;][et_pb_text admin_label=&#8221;Text&#8221; background_layout=&#8221;light&#8221; text_orientation=&#8221;left&#8221; use_border_color=&#8221;off&#8221; border_color=&#8221;#ffffff&#8221; border_style=&#8221;solid&#8221;]<\/p>\n<h2>Instalacija kriosaune<\/h2>\n<p>Prije nego \u0161to nabavite kriosaunu, mi vam pru\u017eamo detaljne konzultacije. Na taj na\u010din vam poma\u017eemo odabrati najbolju opciju prema va\u0161im potrebama, uzimaju\u0107i u obzir raspolo\u017eivi prostor.<\/p>\n<p>Mi vam tako\u0111er pru\u017eamo sve specifikacije krio-strojeva, zahtjeve po pitanju prostora za instalaciju, dimenzije, zahtjeve za ventilaciju, zahtjeve za opskrbu du\u0161ikom i ostale potrebne informacije koje mogu biti korisne tijekom instalacije.<\/p>\n<p>Za neke modele, kao \u0161to su: Cryomed Mini, Cryomed One, Cryomed One +, instalacija nije potrebna, jer dolaze u jednom komadu.<\/p>\n<p>\u0160to se ti\u010de Pro linije (Cryomed Basic, Cryomed Pro, Cryomed Pro +), postoji nekoliko opcija. Mo\u017eemo vam poslati upute za instalaciju s videozapisom. Na\u0161i tehni\u010dari mogu podr\u017eati instalaciju putem Skypea ili mogu do\u0107i na va\u0161u lokaciju i sastaviti vam ure\u0111aj. U svakom slu\u010daju, na\u0161i tehni\u010dki stru\u010dnjaci su vam na raspolaganju gotovo 24 sata dnevno.<\/p>\n<p>[\/et_pb_text][\/et_pb_column][\/et_pb_row][et_pb_row admin_label=&#8221;Row&#8221;][et_pb_column type=&#8221;4_4&#8243;][et_pb_text admin_label=&#8221;Text&#8221; background_layout=&#8221;light&#8221; text_orientation=&#8221;left&#8221; use_border_color=&#8221;off&#8221; border_color=&#8221;#ffffff&#8221; border_style=&#8221;solid&#8221;]<\/p>\n<h2>Odr\u017eavanje i tehni\u010dka podr\u0161ka za va\u0161u kriogenu opremu<\/h2>\n<p>Na\u0161i stru\u010dnjaci su uvijek spremni za konzultacije o svim operativnim pitanjima.<\/p>\n<p>Standardno 3-godi\u0161nje (Cryomed One, Cryomed Pro, Cryomed Pro+ i Cryomed One+) ili 2-godi\u0161nje (Cryomed Mini, Cryomed Basic) jamstvo pokriva zamjenske dijelove. Uz produ\u017eeno jamstvo, na\u0161 tehni\u010dar mo\u017ee do\u0107i na va\u0161u lokaciju kako bi zamijenio neispravne dijelove, ako je to potrebno.<\/p>\n<p>Tako\u0111er pru\u017eamo uslugu servisa za kriosaune nakon isteka jamstva, uz dodatnu naknadu. Mo\u017eete se odlu\u010diti za godi\u0161nju pretplatu za tehni\u010dku podr\u0161ku ili platiti po satu, kao i odabrati posjet tehni\u010dara za popravak ili odr\u017eavanje, ili naru\u010diti nadogradnju firmvera kriosaune nakon isteka jamstva.<\/p>\n<div id=\"attachment_52858\" style=\"width: 1034px\" class=\"wp-caption aligncenter\"><img aria-describedby=\"caption-attachment-52858\" decoding=\"async\" loading=\"lazy\" class=\"size-large wp-image-52855\" src=\"https:\/\/cryomedpro.com\/wp-content\/uploads\/2020\/01\/cryosauna-marketing-01-1024x675.jpg\" alt=\"Promotivna bro\u0161ura tvrtke Cryomed\" width=\"1024\" height=\"675\" srcset=\"https:\/\/cryomedpro.com\/wp-content\/uploads\/2020\/01\/cryosauna-marketing-01-1024x675.jpg 1024w, https:\/\/cryomedpro.com\/wp-content\/uploads\/2020\/01\/cryosauna-marketing-01-300x198.jpg 300w, https:\/\/cryomedpro.com\/wp-content\/uploads\/2020\/01\/cryosauna-marketing-01-768x506.jpg 768w, https:\/\/cryomedpro.com\/wp-content\/uploads\/2020\/01\/cryosauna-marketing-01-1080x712.jpg 1080w, https:\/\/cryomedpro.com\/wp-content\/uploads\/2020\/01\/cryosauna-marketing-01.jpg 1200w\" sizes=\"(max-width: 1024px) 100vw, 1024px\" \/><p id=\"caption-attachment-52858\" class=\"wp-caption-text\">Promotivna bro\u0161ura tvrtke Cryomed<\/p><\/div>\n<h2>Marketing<\/h2>\n<p>Na\u0161 marketin\u0161ki tim dostavit \u0107e vam najnovije promotivne materijale i pru\u017eiti pomo\u0107 u marketin\u0161kim planovima, s promotivnim strategijama i brendiranjem.<\/p>\n<p><a href=\"https:\/\/cryomedpro.com\/hr\/cryomed-merchandise\/\">Na\u0161a roba je tako\u0111er dostupna za naru\u010divanje.<\/a><\/p>\n<p>Uz to, pru\u017eamo nekoliko opcija za prilago\u0111avanje kriosaune va\u0161em brendiranju, tako da odgovara imid\u017eu va\u0161e tvrtke:<\/p>\n<ul>\n<li>mo\u017eemo dodati vezeni va\u0161 logotip na unutarnju presvlaku, naljepnicu s va\u0161im logotipom na vanjsku presvlaku, kao i va\u0161 logotip pozdravnog zaslona;<\/li>\n<li>mo\u017eete prilagoditi boju vanjske presvlake s dodatnih 18 boja;<\/li>\n<li>mo\u017eete se odlu\u010diti za prilago\u0111enu boju unutarnje presvlake, izborom jedne od 10 dodatnih boja.<\/li>\n<\/ul>\n<div id=\"attachment_52877\" style=\"width: 1034px\" class=\"wp-caption aligncenter\"><img aria-describedby=\"caption-attachment-52877\" decoding=\"async\" loading=\"lazy\" class=\"size-large wp-image-52874\" src=\"https:\/\/cryomedpro.com\/wp-content\/uploads\/2020\/01\/cryosauna-marketing-02-1024x684.jpg\" alt=\"Tvrtka Cryomed pru\u017ea obuku osoblja o osnovama krioterapije, kao i o kori\u0161tenju opreme za krioterapiju\" width=\"1024\" height=\"684\" srcset=\"https:\/\/cryomedpro.com\/wp-content\/uploads\/2020\/01\/cryosauna-marketing-02-1024x684.jpg 1024w, https:\/\/cryomedpro.com\/wp-content\/uploads\/2020\/01\/cryosauna-marketing-02-300x200.jpg 300w, https:\/\/cryomedpro.com\/wp-content\/uploads\/2020\/01\/cryosauna-marketing-02-768x513.jpg 768w, https:\/\/cryomedpro.com\/wp-content\/uploads\/2020\/01\/cryosauna-marketing-02-1080x721.jpg 1080w, https:\/\/cryomedpro.com\/wp-content\/uploads\/2020\/01\/cryosauna-marketing-02.jpg 1200w\" sizes=\"(max-width: 1024px) 100vw, 1024px\" \/><p id=\"caption-attachment-52877\" class=\"wp-caption-text\">Tvrtka Cryomed pru\u017ea obuku osoblja o osnovama krioterapije, kao i o kori\u0161tenju opreme za krioterapiju<\/p><\/div>\n<h2>Obuka osoblja<\/h2>\n<p>\u010cvrsto smo uvjereni da je za va\u0161 uspjeh klju\u010dno obu\u010deno i kompetentno osoblje. Operateri bi trebali znati kako funkcionira krioterapija cijelog tijela i njezine u\u010dinke na ljudsko tijelo. Zbog toga pru\u017eamo obuku osoblja koja pokriva osnove krioterapije i upotrebu na\u0161e opreme za krioterapiju. Na\u0161 stru\u010dnjak \u0107e do\u0107i na va\u0161u lokaciju na jednodnevnu obuku.<\/p>\n<p>Obuka je dostupna na zahtjev. Ako ste zainteresirani za na\u0161e usluge, kontaktirajte na\u0161 prodajni tim za detaljnije informacije.<\/p>\n<p>[\/et_pb_text][et_pb_button admin_label=&#8221;Button&#8221; url_new_window=&#8221;off&#8221; button_text=&#8221;Kontaktirajte nas!&#8221; button_alignment=&#8221;left&#8221; background_layout=&#8221;light&#8221; custom_button=&#8221;off&#8221; button_letter_spacing=&#8221;0&#8243; button_use_icon=&#8221;default&#8221; button_icon_placement=&#8221;right&#8221; button_on_hover=&#8221;on&#8221; button_letter_spacing_hover=&#8221;0&#8243; saved_tabs=&#8221;all&#8221; button_url=&#8221;https:\/\/cryomedpro.com\/hr\/contacts\/&#8221;]<\/p>\n<p>[\/et_pb_button][\/et_pb_column][\/et_pb_row][\/et_pb_section]<\/p>\n","protected":false},"excerpt":{"rendered":"<p>[et_pb_section admin_label=&#8221;section&#8221; background_image=&#8221;https:\/\/cryomedpro.com\/wp-content\/uploads\/2016\/12\/784743-blue-crystals-frost-macro.jpg&#8221; transparent_background=&#8221;off&#8221; allow_player_pause=&#8221;off&#8221; inner_shadow=&#8221;off&#8221; parallax=&#8221;off&#8221; parallax_method=&#8221;off&#8221; custom_padding=&#8221;3px|0px|4px|0px&#8221; padding_mobile=&#8221;off&#8221; make_fullwidth=&#8221;off&#8221; use_custom_width=&#8221;off&#8221; width_unit=&#8221;on&#8221; make_equal=&#8221;off&#8221; use_custom_gutter=&#8221;off&#8221; fullwidth=&#8221;off&#8221; specialty=&#8221;off&#8221; module_class=&#8221;ns-banner&#8221; disabled=&#8221;off&#8221;][et_pb_row admin_label=&#8221;row&#8221; make_fullwidth=&#8221;off&#8221; use_custom_width=&#8221;off&#8221; width_unit=&#8221;off&#8221; custom_width_px=&#8221;1080px&#8221; custom_width_percent=&#8221;80%&#8221; use_custom_gutter=&#8221;off&#8221; gutter_width=&#8221;3&#8243; custom_padding=&#8221;21px|0px|21.45px|0px&#8221; padding_mobile=&#8221;off&#8221; allow_player_pause=&#8221;off&#8221; parallax=&#8221;off&#8221; parallax_method=&#8221;on&#8221; make_equal=&#8221;off&#8221; column_padding_mobile=&#8221;on&#8221; parallax_1=&#8221;off&#8221; parallax_method_1=&#8221;on&#8221; parallax_2=&#8221;off&#8221; parallax_method_2=&#8221;on&#8221; parallax_3=&#8221;off&#8221; parallax_method_3=&#8221;on&#8221; parallax_4=&#8221;off&#8221; parallax_method_4=&#8221;on&#8221; disabled=&#8221;off&#8221;][et_pb_column type=&#8221;4_4&#8243;][et_pb_text admin_label=&#8221;Text&#8221; background_layout=&#8221;dark&#8221; text_orientation=&#8221;center&#8221; use_border_color=&#8221;off&#8221; border_style=&#8221;solid&#8221; disabled=&#8221;off&#8221; border_color=&#8221;#ffffff&#8221;] Na\u0161e usluge [\/et_pb_text][\/et_pb_column][\/et_pb_row][\/et_pb_section][et_pb_section admin_label=&#8221;Section&#8221; [&hellip;]<\/p>\n","protected":false},"author":2,"featured_media":0,"parent":0,"menu_order":0,"comment_status":"closed","ping_status":"closed","template":"","meta":[],"tags":[],"yoast_head":"<!-- This site is optimized with the Yoast SEO plugin v20.0 - https:\/\/yoast.com\/wordpress\/plugins\/seo\/ -->\n<title>Dodatne usluge od globalnog lidera u krioterapiji cijelog tijela - tvrtke Cryomed Manufacture s.r.o.<\/title>\n<meta name=\"description\" content=\"Tvrtka Cryomed, ne samo da proizvodi visokokvalitetnu kriogenu opremu, ve\u0107 i pru\u017ea kompletnu uslugu i podr\u0161ku za svoje proizvode u svakoj fazi - dostavi, instaliranju, odr\u017eavanju, marketingu i obuci osoblja.\" \/>\n<meta name=\"robots\" content=\"index, follow, max-snippet:-1, max-image-preview:large, max-video-preview:-1\" \/>\n<link rel=\"canonical\" href=\"https:\/\/cryomedpro.com\/hr\/our-services\/\" \/>\n<meta property=\"og:locale\" content=\"hr_HR\" \/>\n<meta property=\"og:type\" content=\"article\" \/>\n<meta property=\"og:title\" content=\"Dodatne usluge od globalnog lidera u krioterapiji cijelog tijela - tvrtke Cryomed Manufacture s.r.o.\" \/>\n<meta property=\"og:description\" content=\"Tvrtka Cryomed, ne samo da proizvodi visokokvalitetnu kriogenu opremu, ve\u0107 i pru\u017ea kompletnu uslugu i podr\u0161ku za svoje proizvode u svakoj fazi - dostavi, instaliranju, odr\u017eavanju, marketingu i obuci osoblja.\" \/>\n<meta property=\"og:url\" content=\"https:\/\/cryomedpro.com\/hr\/our-services\/\" \/>\n<meta property=\"og:site_name\" content=\"Cryomed PRO\" \/>\n<meta property=\"article:modified_time\" content=\"2020-02-20T10:22:16+00:00\" \/>\n<meta property=\"og:image\" content=\"https:\/\/cryomedpro.com\/wp-content\/uploads\/2016\/10\/heading-underline.png\" \/>\n<meta name=\"twitter:card\" content=\"summary_large_image\" \/>\n<meta name=\"twitter:label1\" content=\"Procijenjeno vrijeme \u010ditanja\" \/>\n\t<meta name=\"twitter:data1\" content=\"8 minuta\" \/>\n<!-- \/ Yoast SEO plugin. -->","yoast_head_json":{"title":"Dodatne usluge od globalnog lidera u krioterapiji cijelog tijela - tvrtke Cryomed Manufacture s.r.o.","description":"Tvrtka Cryomed, ne samo da proizvodi visokokvalitetnu kriogenu opremu, ve\u0107 i pru\u017ea kompletnu uslugu i podr\u0161ku za svoje proizvode u svakoj fazi - dostavi, instaliranju, odr\u017eavanju, marketingu i obuci osoblja.","robots":{"index":"index","follow":"follow","max-snippet":"max-snippet:-1","max-image-preview":"max-image-preview:large","max-video-preview":"max-video-preview:-1"},"canonical":"https:\/\/cryomedpro.com\/hr\/our-services\/","og_locale":"hr_HR","og_type":"article","og_title":"Dodatne usluge od globalnog lidera u krioterapiji cijelog tijela - tvrtke Cryomed Manufacture s.r.o.","og_description":"Tvrtka Cryomed, ne samo da proizvodi visokokvalitetnu kriogenu opremu, ve\u0107 i pru\u017ea kompletnu uslugu i podr\u0161ku za svoje proizvode u svakoj fazi - dostavi, instaliranju, odr\u017eavanju, marketingu i obuci osoblja.","og_url":"https:\/\/cryomedpro.com\/hr\/our-services\/","og_site_name":"Cryomed PRO","article_modified_time":"2020-02-20T10:22:16+00:00","og_image":[{"url":"https:\/\/cryomedpro.com\/wp-content\/uploads\/2016\/10\/heading-underline.png"}],"twitter_card":"summary_large_image","twitter_misc":{"Procijenjeno vrijeme \u010ditanja":"8 minuta"},"schema":{"@context":"https:\/\/schema.org","@graph":[{"@type":"WebPage","@id":"https:\/\/cryomedpro.com\/hr\/our-services\/","url":"https:\/\/cryomedpro.com\/hr\/our-services\/","name":"Dodatne usluge od globalnog lidera u krioterapiji cijelog tijela - tvrtke Cryomed Manufacture s.r.o.","isPartOf":{"@id":"https:\/\/cryomedpro.com\/#website"},"datePublished":"2020-01-27T01:19:15+00:00","dateModified":"2020-02-20T10:22:16+00:00","description":"Tvrtka Cryomed, ne samo da proizvodi visokokvalitetnu kriogenu opremu, ve\u0107 i pru\u017ea kompletnu uslugu i podr\u0161ku za svoje proizvode u svakoj fazi - dostavi, instaliranju, odr\u017eavanju, marketingu i obuci osoblja.","breadcrumb":{"@id":"https:\/\/cryomedpro.com\/hr\/our-services\/#breadcrumb"},"inLanguage":"hr","potentialAction":[{"@type":"ReadAction","target":["https:\/\/cryomedpro.com\/hr\/our-services\/"]}]},{"@type":"BreadcrumbList","@id":"https:\/\/cryomedpro.com\/hr\/our-services\/#breadcrumb","itemListElement":[{"@type":"ListItem","position":1,"name":"Home","item":"https:\/\/cryomedpro.com\/hr\/"},{"@type":"ListItem","position":2,"name":"Na\u0161e usluge"}]},{"@type":"WebSite","@id":"https:\/\/cryomedpro.com\/#website","url":"https:\/\/cryomedpro.com\/","name":"Cryomed PRO","description":"Cryosaunas Worldwide","publisher":{"@id":"https:\/\/cryomedpro.com\/#\/schema\/person\/752b92c38fb6f6c5052ef7763f4d79eb"},"potentialAction":[{"@type":"SearchAction","target":{"@type":"EntryPoint","urlTemplate":"https:\/\/cryomedpro.com\/?s={search_term_string}"},"query-input":"required name=search_term_string"}],"inLanguage":"hr"},{"@type":["Person","Organization"],"@id":"https:\/\/cryomedpro.com\/#\/schema\/person\/752b92c38fb6f6c5052ef7763f4d79eb","name":"healthycold","image":{"@type":"ImageObject","inLanguage":"hr","@id":"https:\/\/cryomedpro.com\/#\/schema\/person\/image\/","url":"https:\/\/secure.gravatar.com\/avatar\/bbe2f3ec78281a56dba108d1bf0f9ffa?s=96&d=mm&r=g","contentUrl":"https:\/\/secure.gravatar.com\/avatar\/bbe2f3ec78281a56dba108d1bf0f9ffa?s=96&d=mm&r=g","caption":"healthycold"},"logo":{"@id":"https:\/\/cryomedpro.com\/#\/schema\/person\/image\/"}}]}},"_links":{"self":[{"href":"https:\/\/cryomedpro.com\/hr\/wp-json\/wp\/v2\/pages\/54754"}],"collection":[{"href":"https:\/\/cryomedpro.com\/hr\/wp-json\/wp\/v2\/pages"}],"about":[{"href":"https:\/\/cryomedpro.com\/hr\/wp-json\/wp\/v2\/types\/page"}],"author":[{"embeddable":true,"href":"https:\/\/cryomedpro.com\/hr\/wp-json\/wp\/v2\/users\/2"}],"replies":[{"embeddable":true,"href":"https:\/\/cryomedpro.com\/hr\/wp-json\/wp\/v2\/comments?post=54754"}],"version-history":[{"count":0,"href":"https:\/\/cryomedpro.com\/hr\/wp-json\/wp\/v2\/pages\/54754\/revisions"}],"wp:attachment":[{"href":"https:\/\/cryomedpro.com\/hr\/wp-json\/wp\/v2\/media?parent=54754"}],"wp:term":[{"taxonomy":"post_tag","embeddable":true,"href":"https:\/\/cryomedpro.com\/hr\/wp-json\/wp\/v2\/tags?post=54754"}],"curies":[{"name":"wp","href":"https:\/\/api.w.org\/{rel}","templated":true}]}}