{"id":56887,"date":"2020-03-24T09:39:23","date_gmt":"2020-03-24T08:39:23","guid":{"rendered":"https:\/\/cryomedpro.com\/cryofan-cf-04\/"},"modified":"2020-03-30T19:19:47","modified_gmt":"2020-03-30T17:19:47","slug":"cryofan-cf-04","status":"publish","type":"page","link":"https:\/\/cryomedpro.com\/hr\/cryofan-cf-04\/","title":{"rendered":"Cryofan CF-04+"},"content":{"rendered":"<p>[et_pb_section admin_label=&#8221;section&#8221; background_image=&#8221;https:\/\/cryomedpro.com\/wp-content\/uploads\/2016\/12\/784743-blue-crystals-frost-macro.jpg&#8221; transparent_background=&#8221;off&#8221; allow_player_pause=&#8221;off&#8221; inner_shadow=&#8221;off&#8221; parallax=&#8221;off&#8221; parallax_method=&#8221;off&#8221; custom_padding=&#8221;3px|0px|4px|0px&#8221; padding_mobile=&#8221;off&#8221; make_fullwidth=&#8221;off&#8221; use_custom_width=&#8221;off&#8221; width_unit=&#8221;on&#8221; make_equal=&#8221;off&#8221; use_custom_gutter=&#8221;off&#8221; fullwidth=&#8221;off&#8221; specialty=&#8221;off&#8221; module_class=&#8221;ns-banner&#8221; disabled=&#8221;off&#8221;][et_pb_row admin_label=&#8221;row&#8221; make_fullwidth=&#8221;off&#8221; use_custom_width=&#8221;off&#8221; width_unit=&#8221;off&#8221; custom_width_px=&#8221;1080px&#8221; custom_width_percent=&#8221;80%&#8221; use_custom_gutter=&#8221;off&#8221; gutter_width=&#8221;3&#8243; custom_padding=&#8221;21px|0px|21.45px|0px&#8221; padding_mobile=&#8221;off&#8221; allow_player_pause=&#8221;off&#8221; parallax=&#8221;off&#8221; parallax_method=&#8221;on&#8221; make_equal=&#8221;off&#8221; column_padding_mobile=&#8221;on&#8221; parallax_1=&#8221;off&#8221; parallax_method_1=&#8221;on&#8221; parallax_2=&#8221;off&#8221; parallax_method_2=&#8221;on&#8221; parallax_3=&#8221;off&#8221; parallax_method_3=&#8221;on&#8221; parallax_4=&#8221;off&#8221; parallax_method_4=&#8221;on&#8221; disabled=&#8221;off&#8221;][et_pb_column type=&#8221;4_4&#8243;][et_pb_text admin_label=&#8221;Text&#8221; background_layout=&#8221;dark&#8221; text_orientation=&#8221;center&#8221; use_border_color=&#8221;off&#8221; border_style=&#8221;solid&#8221; disabled=&#8221;off&#8221; border_color=&#8221;#ffffff&#8221;]<\/p>\n<h1 style=\"text-align: center;\">Cryofan CF-04+<\/h1>\n<p><img decoding=\"async\" loading=\"lazy\" class=\"size-full wp-image-150 aligncenter\" src=\"\/wp-content\/uploads\/2016\/10\/heading-underline.png\" alt=\"heading-underline\" width=\"309\" height=\"12\" srcset=\"https:\/\/cryomedpro.com\/wp-content\/uploads\/2016\/10\/heading-underline.png 309w, https:\/\/cryomedpro.com\/wp-content\/uploads\/2016\/10\/heading-underline-300x12.png 300w\" sizes=\"(max-width: 309px) 100vw, 309px\" \/><\/p>\n<p>[\/et_pb_text][\/et_pb_column][\/et_pb_row][\/et_pb_section][et_pb_section admin_label=&#8221;Section&#8221; fullwidth=&#8221;off&#8221; specialty=&#8221;off&#8221;][et_pb_row admin_label=&#8221;Row&#8221;][et_pb_column type=&#8221;1_3&#8243;][et_pb_image admin_label=&#8221;Image&#8221; src=&#8221;https:\/\/cryomedpro.com\/wp-content\/uploads\/2020\/03\/cryomed-cf4-plus.jpg&#8221; alt=&#8221;Cryofan CF-04+&#8221; title_text=&#8221;Cryofan CF-04+&#8221; show_in_lightbox=&#8221;off&#8221; url_new_window=&#8221;off&#8221; use_overlay=&#8221;off&#8221; animation=&#8221;left&#8221; sticky=&#8221;off&#8221; align=&#8221;left&#8221; force_fullwidth=&#8221;off&#8221; always_center_on_mobile=&#8221;on&#8221; use_border_color=&#8221;off&#8221; border_color=&#8221;#ffffff&#8221; border_style=&#8221;solid&#8221;]<\/p>\n<p>&nbsp;<\/p>\n<p>[\/et_pb_image][\/et_pb_column][et_pb_column type=&#8221;2_3&#8243;][et_pb_text admin_label=&#8221;Text&#8221; background_layout=&#8221;light&#8221; text_orientation=&#8221;left&#8221; use_border_color=&#8221;off&#8221; border_color=&#8221;#ffffff&#8221; border_style=&#8221;solid&#8221;]<\/p>\n<h2>\u0160to je Cryofan CF-04+?<\/h2>\n<p>Cryofan \u0421F-04+ je ure\u0111aj za lokalnu krioterapiju, koji je razvijen za potrebe medicinskih i zdravstvenih ustanova. Ovaj lokalni krio stroj certificiran je kao medicinska oprema. Udovoljava najstro\u017eim sigurnosnim zahtjevima koji se ti\u010du medicinskih proizvoda, sukladno Direktivi EC 93\/42\/EEC i EN ISO 13485:2016.<\/p>\n<h3>Kako funkcionira ovaj stroj za lokalnu krioterapiju?<\/h3>\n<p>Princip rada isti je kao i kod ostalih ure\u0111aja za lokalnu krioterapiju (kriogenih puhala): mlaz plina niske temperature, koji se sastoji uglavnom od pare teku\u0107eg du\u0161ika, usmjeren je na odre\u0111eno podru\u010dje ko\u017ee koje je potrebno hladiti, a da pritom ne utje\u010de na okolna podru\u010dja.<\/p>\n<p>Krio-tretman traje od deset do petnaest minuta, ovisno o podru\u010dju koje treba hladiti. Tijekom sesije, korisnik udobno le\u017ei ili sjedi, \u0161to je pogodno za osobe koje imaju ozljede zbog kojih ne mogu stajati. Po zavr\u0161etku tretmana, klijent mo\u017ee do\u017eivjeti osje\u0107aj &#8220;bockanja iglama&#8221;, koji ubrzo nestaje nakon sesije.<\/p>\n<p>[\/et_pb_text][et_pb_button admin_label=&#8221;Button&#8221; url_new_window=&#8221;off&#8221; button_text=&#8221;ZATRA\u017dITE CIJENU&#8221; button_alignment=&#8221;center&#8221; background_layout=&#8221;dark&#8221; module_class=&#8221;popmake-contact-form-hr&#8221; custom_button=&#8221;on&#8221; button_text_size=&#8221;15&#8243; button_text_color=&#8221;#ffffff&#8221; button_bg_color=&#8221;#8fd400&#8243; button_border_width=&#8221;0&#8243; button_letter_spacing=&#8221;0&#8243; button_use_icon=&#8221;off&#8221; button_icon_placement=&#8221;right&#8221; button_on_hover=&#8221;on&#8221; button_bg_color_hover=&#8221;#b0d369&#8243; button_letter_spacing_hover=&#8221;0&#8243; disabled=&#8221;off&#8221; saved_tabs=&#8221;all&#8221;]<\/p>\n<p>&nbsp;<\/p>\n<p>[\/et_pb_button][\/et_pb_column][\/et_pb_row][\/et_pb_section][et_pb_section admin_label=&#8221;Section&#8221; fullwidth=&#8221;off&#8221; specialty=&#8221;off&#8221;][et_pb_row admin_label=&#8221;Row&#8221;][et_pb_column type=&#8221;4_4&#8243;][et_pb_text admin_label=&#8221;Text&#8221; background_layout=&#8221;light&#8221; text_orientation=&#8221;left&#8221; use_border_color=&#8221;off&#8221; border_color=&#8221;#ffffff&#8221; border_style=&#8221;solid&#8221;]<\/p>\n<h3>Kada trebate lokalnu krioterapiju?<\/h3>\n<p>Cryofan CF-04+ je koristan kod sljede\u0107ih stanja:<\/p>\n<ul>\n<li style=\"font-weight: 400;\">kroni\u010dna bol<\/li>\n<li style=\"font-weight: 400;\">upala<\/li>\n<li style=\"font-weight: 400;\">lokalne ozljede (le\u0111a, koljeno, lakat, itd.)<\/li>\n<li style=\"font-weight: 400;\">oporavak i rehabilitacija nakon operacije<\/li>\n<\/ul>\n<p>Osim toga, lokalna krioterapija je pravo rje\u0161enje za osobe sa smanjenom tjelesnom pokretljivo\u0161\u0107u, zbog koje ne mogu primijeniti tradicionalnu terapiju hladno\u0107om. Op\u0107enito govore\u0107i, lokalna krioterapija u\u010dinkovito se bori s bolom (uklju\u010duju\u0107i kroni\u010dnu bol), upalom i oticanjem, te se mo\u017ee koristiti u medicinske svrhe.<\/p>\n<p>[\/et_pb_text][\/et_pb_column][\/et_pb_row][et_pb_row admin_label=&#8221;Row&#8221;][et_pb_column type=&#8221;4_4&#8243;][et_pb_text admin_label=&#8221;Text&#8221; background_layout=&#8221;light&#8221; text_orientation=&#8221;center&#8221; use_border_color=&#8221;off&#8221; border_style=&#8221;solid&#8221; disabled=&#8221;off&#8221; saved_tabs=&#8221;all&#8221; border_color=&#8221;#ffffff&#8221;]<\/p>\n<h2 style=\"text-align: center;\">Video<\/h2>\n<p><img decoding=\"async\" loading=\"lazy\" class=\"size-full wp-image-150 aligncenter\" src=\"\/wp-content\/uploads\/2016\/10\/heading-underline.png\" alt=\"heading-underline\" width=\"309\" height=\"12\" srcset=\"https:\/\/cryomedpro.com\/wp-content\/uploads\/2016\/10\/heading-underline.png 309w, https:\/\/cryomedpro.com\/wp-content\/uploads\/2016\/10\/heading-underline-300x12.png 300w\" sizes=\"(max-width: 309px) 100vw, 309px\" \/><\/p>\n<p>[\/et_pb_text][et_pb_code admin_label=&#8221;Code&#8221;]&lt;iframe width=&quot;560&quot; height=&quot;315&quot; src=&quot;https:\/\/www.youtube.com\/embed\/bZarZ7LsTx4&quot; frameborder=&quot;0&quot; allow=&quot;accelerometer; autoplay; encrypted-media; gyroscope; picture-in-picture&quot; allowfullscreen&gt;&lt;\/iframe&gt;[\/et_pb_code][et_pb_text admin_label=&#8221;Text&#8221; background_layout=&#8221;light&#8221; text_orientation=&#8221;left&#8221; use_border_color=&#8221;off&#8221; border_color=&#8221;#ffffff&#8221; border_style=&#8221;solid&#8221;]<\/p>\n<h3>Prednosti ure\u0111aja Cryofan CF-04+ za lije\u010dnike<\/h3>\n<p>Na\u0161 ure\u0111aj za lokalnu krioterapiju razvijen je s akcentom za potrebe zdravstvenih ustanova. Radi va\u0161e prakti\u010dnosti, u\u010dinili smo ga:<\/p>\n<ul>\n<li style=\"font-weight: 400;\"><strong>prijenosnim:<\/strong> te\u017eina ure\u0111aja Cryofan CF-04+, bez Dewarovog spremnika, iznosi samo 3,7 kg, \u0161to ga \u010dini pokretnim i jednostavnim za kori\u0161tenje; osim toga, ne zahtijeva puno prostora;<\/li>\n<li style=\"font-weight: 400;\"><strong>pouzdanim:<\/strong> ovaj kriogeni puha\u010d pro\u0161ao je sva potrebna medicinska certificiranja s T\u00dcV Rheinland;<\/li>\n<li style=\"font-weight: 400;\"><strong>jednostavnim za uporabu:<\/strong> va\u0161e osoblje mo\u0107i \u0107e ga pouzdano koristiti za manje od jednog sata;<\/li>\n<li style=\"font-weight: 400;\"><strong>ekonomi\u010dnim:<\/strong> ovaj model, u usporedbi s drugim krio-puhalima na tr\u017ei\u0161tu, ima najmanju potro\u0161nju du\u0161ika (do 0,75 litara za 10-minutni tretman);<\/li>\n<li style=\"font-weight: 400;\"><strong>u\u010dinkovitim:<\/strong> osigurava stabilno hla\u0111enje za najbolje rezultate.<\/li>\n<\/ul>\n<p>[\/et_pb_text][\/et_pb_column][\/et_pb_row][et_pb_row admin_label=&#8221;Row&#8221;][et_pb_column type=&#8221;4_4&#8243;][et_pb_text admin_label=&#8221;Text&#8221; background_layout=&#8221;light&#8221; text_orientation=&#8221;center&#8221; use_border_color=&#8221;off&#8221; border_style=&#8221;solid&#8221; disabled=&#8221;off&#8221; saved_tabs=&#8221;all&#8221; border_color=&#8221;#ffffff&#8221;]<\/p>\n<h2 style=\"text-align: center;\">Tehni\u010dke karakteristike<\/h2>\n<p><img decoding=\"async\" loading=\"lazy\" class=\"size-full wp-image-150 aligncenter\" src=\"\/wp-content\/uploads\/2016\/10\/heading-underline.png\" alt=\"heading-underline\" width=\"309\" height=\"12\" srcset=\"https:\/\/cryomedpro.com\/wp-content\/uploads\/2016\/10\/heading-underline.png 309w, https:\/\/cryomedpro.com\/wp-content\/uploads\/2016\/10\/heading-underline-300x12.png 300w\" sizes=\"(max-width: 309px) 100vw, 309px\" \/><\/p>\n<p>[\/et_pb_text][et_pb_text admin_label=&#8221;Text&#8221; background_layout=&#8221;light&#8221; text_orientation=&#8221;left&#8221; use_border_color=&#8221;off&#8221; border_color=&#8221;#ffffff&#8221; border_style=&#8221;solid&#8221;]<\/p>\n<table class=\"prod_full_attributes\" border=\"1\">\n<tbody>\n<tr class=\"\">\n<th>Vrijednost<\/th>\n<th>zna\u010dajke<\/th>\n<\/tr>\n<tr class=\"alt\">\n<td>Napajanje<\/td>\n<td>100-240 VAC, 50\/60 Hz<\/td>\n<\/tr>\n<tr class=\"\">\n<td>Maksimalna potro\u0161nja energije<\/td>\n<td>0.28 kW<\/td>\n<\/tr>\n<tr class=\"alt\">\n<td>Te\u017eina jedinice cryofana<\/td>\n<td>3,7 kg<\/td>\n<\/tr>\n<tr class=\"\">\n<td>Duljina cijevi<\/td>\n<td>1,4 m<\/td>\n<\/tr>\n<tr class=\"alt\">\n<td>Vrijeme predhla\u0111enja (-100 \u00b0 \u0421)<\/td>\n<td>Manje od 4 min<\/td>\n<\/tr>\n<tr class=\"\">\n<td>Temperatura strujanja plina (maks.)<\/td>\n<td>-120\u00ba \u0421<\/td>\n<\/tr>\n<tr class=\"alt\">\n<td>Teku\u0107a potro\u0161nja du\u0161ika za jednu sjednicu (10 min, -100 \u00b0 C)<\/td>\n<td>0.75 l (0.6 kg)<\/td>\n<\/tr>\n<tr class=\"\">\n<td>Za\u0161tita<\/td>\n<td>IP50<\/td>\n<\/tr>\n<\/tbody>\n<\/table>\n<p>[\/et_pb_text][et_pb_text admin_label=&#8221;Text&#8221; background_layout=&#8221;light&#8221; text_orientation=&#8221;center&#8221; use_border_color=&#8221;off&#8221; border_style=&#8221;solid&#8221; disabled=&#8221;off&#8221; saved_tabs=&#8221;all&#8221; border_color=&#8221;#ffffff&#8221;]<\/p>\n<h3 style=\"text-align: center;\">Koja je razlika izme\u0111u ure\u0111aja Cryofan CF-04+ i drugih ure\u0111aja za lokalnu krioterapiju?<\/h3>\n<p><img decoding=\"async\" loading=\"lazy\" class=\"size-full wp-image-150 aligncenter\" src=\"\/wp-content\/uploads\/2016\/10\/heading-underline.png\" alt=\"heading-underline\" width=\"309\" height=\"12\" srcset=\"https:\/\/cryomedpro.com\/wp-content\/uploads\/2016\/10\/heading-underline.png 309w, https:\/\/cryomedpro.com\/wp-content\/uploads\/2016\/10\/heading-underline-300x12.png 300w\" sizes=\"(max-width: 309px) 100vw, 309px\" \/><\/p>\n<p>[\/et_pb_text][et_pb_text admin_label=&#8221;Text&#8221; background_layout=&#8221;light&#8221; text_orientation=&#8221;left&#8221; use_border_color=&#8221;off&#8221; border_color=&#8221;#ffffff&#8221; border_style=&#8221;solid&#8221;]<\/p>\n<table class=\"prod_full_attributes\" style=\"background-color: #e6ffff;\">\n<tbody>\n<tr>\n<td><strong>Model<\/strong><\/td>\n<td><strong>Te\u017eina<\/strong><\/td>\n<td><strong>Vrijeme predhla\u0111enja<\/strong><\/td>\n<td><strong>Temperatura mlaza plina, maks.<\/strong><\/td>\n<td><strong>Potro\u0161nja du\u0161ika po tretmanu (10 min.)<\/strong><\/td>\n<td><strong>Medicinski certifikat<\/strong><\/td>\n<\/tr>\n<tr>\n<td><a href=\"https:\/\/cryomedpro.com\/hr\/cryofan\/\"><span style=\"font-weight: 400;\">Cryofan CF-04<\/span><\/a><\/td>\n<td><strong>3.7 kg<\/strong><\/td>\n<td>do 4 minute<\/td>\n<td><span style=\"font-weight: 400;\">-120\u00ba \u0421<\/span><\/td>\n<td><strong>0,6 kg<\/strong><\/td>\n<td>Ne<\/td>\n<\/tr>\n<tr>\n<td><a href=\"https:\/\/cryomedpro.com\/hr\/cryofan-cf-05\/\"><span style=\"font-weight: 400;\">Cryofan CF-05<\/span><\/a><\/td>\n<td><span style=\"font-weight: 400;\">23.3 kg<\/span><\/td>\n<td><strong>do 3 minute<\/strong><\/td>\n<td><strong>-130\u00ba \u0421<\/strong><\/td>\n<td><span style=\"font-weight: 400;\">0,7kg<\/span><\/td>\n<td>Ne<\/td>\n<\/tr>\n<tr>\n<td><span style=\"font-weight: 400;\">Cryofan CF-04+<\/span><\/td>\n<td><strong>3.7 kg<\/strong><\/td>\n<td>do 4 minute<\/td>\n<td><span style=\"font-weight: 400;\">-120\u00ba \u0421<\/span><\/td>\n<td><strong>0,6 kg<\/strong><\/td>\n<td><strong>Da<\/strong><\/td>\n<\/tr>\n<\/tbody>\n<\/table>\n<p>[\/et_pb_text][\/et_pb_column][\/et_pb_row][et_pb_row admin_label=&#8221;Row&#8221;][et_pb_column type=&#8221;4_4&#8243;][et_pb_text admin_label=&#8221;Text&#8221; background_layout=&#8221;light&#8221; text_orientation=&#8221;center&#8221; use_border_color=&#8221;off&#8221; border_style=&#8221;solid&#8221; disabled=&#8221;off&#8221; saved_tabs=&#8221;all&#8221; border_color=&#8221;#ffffff&#8221;]<\/p>\n<h3 style=\"text-align: center;\">Slike ure\u0111aja za lokalnu krioterapiju<\/h3>\n<p><img decoding=\"async\" loading=\"lazy\" class=\"size-full wp-image-150 aligncenter\" src=\"\/wp-content\/uploads\/2016\/10\/heading-underline.png\" alt=\"heading-underline\" width=\"309\" height=\"12\" srcset=\"https:\/\/cryomedpro.com\/wp-content\/uploads\/2016\/10\/heading-underline.png 309w, https:\/\/cryomedpro.com\/wp-content\/uploads\/2016\/10\/heading-underline-300x12.png 300w\" sizes=\"(max-width: 309px) 100vw, 309px\" \/><\/p>\n<p>[\/et_pb_text][et_pb_gallery admin_label=&#8221;Gallery&#8221; gallery_ids=&#8221;56480,56461,56442&#8243; fullwidth=&#8221;on&#8221; show_title_and_caption=&#8221;on&#8221; show_pagination=&#8221;on&#8221; background_layout=&#8221;light&#8221; auto=&#8221;on&#8221; hover_overlay_color=&#8221;rgba(255,255,255,0.9)&#8221; caption_all_caps=&#8221;off&#8221; use_border_color=&#8221;off&#8221; border_color=&#8221;#ffffff&#8221; border_style=&#8221;solid&#8221;]<\/p>\n<p>[\/et_pb_gallery][et_pb_text admin_label=&#8221;Text&#8221; background_layout=&#8221;light&#8221; text_orientation=&#8221;left&#8221; use_border_color=&#8221;off&#8221; border_color=&#8221;#ffffff&#8221; border_style=&#8221;solid&#8221;]<\/p>\n<h2>Medicinski ure\u0111aji za krioterapijske tretmane<\/h2>\n<p>Mi proizvodimo medicinske ure\u0111aje u skladu sa svim relevantnim zahtjevima certificiranja; zato su sigurnost, kvaliteta i u\u010dinkovitost na\u0161i prioriteti. Na\u0161i medicinski proizvodi sigurni su za zdravlje potro\u0161a\u010da i nisu \u0161tetni za okoli\u0161.<\/p>\n<p>Tvrtka Cryomed proizvodi opremu za lokalnu krioterapiju, kao i opremu za krioterapiju cijelog tijela. Ovisno o va\u0161im potrebama, mo\u017eete odabrati kriosaune Cryomed One+ ili Cryomed Pro+ za tretman krioterapije cijelog tijela, ili Cryofan CF-04+ za lokalni ili ciljani tretman.<\/p>\n<p>[\/et_pb_text][et_pb_button admin_label=&#8221;Button&#8221; url_new_window=&#8221;off&#8221; button_text=&#8221;ZATRA\u017dITE CIJENU&#8221; button_alignment=&#8221;center&#8221; background_layout=&#8221;dark&#8221; module_class=&#8221;popmake-contact-form-hr&#8221; custom_button=&#8221;on&#8221; button_text_size=&#8221;15&#8243; button_text_color=&#8221;#ffffff&#8221; button_bg_color=&#8221;#8fd400&#8243; button_border_width=&#8221;0&#8243; button_letter_spacing=&#8221;0&#8243; button_use_icon=&#8221;off&#8221; button_icon_placement=&#8221;right&#8221; button_on_hover=&#8221;on&#8221; button_bg_color_hover=&#8221;#b0d369&#8243; button_letter_spacing_hover=&#8221;0&#8243; disabled=&#8221;off&#8221; saved_tabs=&#8221;all&#8221;]<\/p>\n<p>&nbsp;<\/p>\n<p>[\/et_pb_button][\/et_pb_column][\/et_pb_row][\/et_pb_section]<\/p>\n","protected":false},"excerpt":{"rendered":"<p>[et_pb_section admin_label=&#8221;section&#8221; background_image=&#8221;https:\/\/cryomedpro.com\/wp-content\/uploads\/2016\/12\/784743-blue-crystals-frost-macro.jpg&#8221; transparent_background=&#8221;off&#8221; allow_player_pause=&#8221;off&#8221; inner_shadow=&#8221;off&#8221; parallax=&#8221;off&#8221; parallax_method=&#8221;off&#8221; custom_padding=&#8221;3px|0px|4px|0px&#8221; padding_mobile=&#8221;off&#8221; make_fullwidth=&#8221;off&#8221; use_custom_width=&#8221;off&#8221; width_unit=&#8221;on&#8221; make_equal=&#8221;off&#8221; use_custom_gutter=&#8221;off&#8221; fullwidth=&#8221;off&#8221; specialty=&#8221;off&#8221; module_class=&#8221;ns-banner&#8221; disabled=&#8221;off&#8221;][et_pb_row admin_label=&#8221;row&#8221; make_fullwidth=&#8221;off&#8221; use_custom_width=&#8221;off&#8221; width_unit=&#8221;off&#8221; custom_width_px=&#8221;1080px&#8221; custom_width_percent=&#8221;80%&#8221; use_custom_gutter=&#8221;off&#8221; gutter_width=&#8221;3&#8243; custom_padding=&#8221;21px|0px|21.45px|0px&#8221; padding_mobile=&#8221;off&#8221; allow_player_pause=&#8221;off&#8221; parallax=&#8221;off&#8221; parallax_method=&#8221;on&#8221; make_equal=&#8221;off&#8221; column_padding_mobile=&#8221;on&#8221; parallax_1=&#8221;off&#8221; parallax_method_1=&#8221;on&#8221; parallax_2=&#8221;off&#8221; parallax_method_2=&#8221;on&#8221; parallax_3=&#8221;off&#8221; parallax_method_3=&#8221;on&#8221; parallax_4=&#8221;off&#8221; parallax_method_4=&#8221;on&#8221; disabled=&#8221;off&#8221;][et_pb_column type=&#8221;4_4&#8243;][et_pb_text admin_label=&#8221;Text&#8221; background_layout=&#8221;dark&#8221; text_orientation=&#8221;center&#8221; use_border_color=&#8221;off&#8221; border_style=&#8221;solid&#8221; disabled=&#8221;off&#8221; border_color=&#8221;#ffffff&#8221;] Cryofan CF-04+ [\/et_pb_text][\/et_pb_column][\/et_pb_row][\/et_pb_section][et_pb_section admin_label=&#8221;Section&#8221; [&hellip;]<\/p>\n","protected":false},"author":2,"featured_media":0,"parent":0,"menu_order":0,"comment_status":"closed","ping_status":"closed","template":"","meta":[],"tags":[1584,1586,1585],"yoast_head":"<!-- This site is optimized with the Yoast SEO plugin v20.0 - https:\/\/yoast.com\/wordpress\/plugins\/seo\/ -->\n<title>Cryofan CF-04+. Kupite opremu za lokalnu krioterapiju od globalnog lidera u oblasti krioterapije cijelog tijela - tvrtke Cryomed Manufacture s.r.o.<\/title>\n<meta name=\"description\" content=\"Cryofan \u0421F-04+ je krio-oprema za lokalnu krioterapiju, koja je razvijena za potrebe medicinskih i zdravstvenih ustanova. Sukladna je sigurnosnim zahtjevima i ima potrebne medicinske certifikate.\" \/>\n<meta name=\"robots\" content=\"index, follow, max-snippet:-1, max-image-preview:large, max-video-preview:-1\" \/>\n<link rel=\"canonical\" href=\"https:\/\/cryomedpro.com\/hr\/cryofan-cf-04\/\" \/>\n<meta property=\"og:locale\" content=\"hr_HR\" \/>\n<meta property=\"og:type\" content=\"article\" \/>\n<meta property=\"og:title\" content=\"Cryofan CF-04+. Kupite opremu za lokalnu krioterapiju od globalnog lidera u oblasti krioterapije cijelog tijela - tvrtke Cryomed Manufacture s.r.o.\" \/>\n<meta property=\"og:description\" content=\"Cryofan \u0421F-04+ je krio-oprema za lokalnu krioterapiju, koja je razvijena za potrebe medicinskih i zdravstvenih ustanova. Sukladna je sigurnosnim zahtjevima i ima potrebne medicinske certifikate.\" \/>\n<meta property=\"og:url\" content=\"https:\/\/cryomedpro.com\/hr\/cryofan-cf-04\/\" \/>\n<meta property=\"og:site_name\" content=\"Cryomed PRO\" \/>\n<meta property=\"article:modified_time\" content=\"2020-03-30T17:19:47+00:00\" \/>\n<meta property=\"og:image\" content=\"https:\/\/cryomedpro.com\/wp-content\/uploads\/2016\/10\/heading-underline.png\" \/>\n<meta name=\"twitter:card\" content=\"summary_large_image\" \/>\n<meta name=\"twitter:label1\" content=\"Procijenjeno vrijeme \u010ditanja\" \/>\n\t<meta name=\"twitter:data1\" content=\"7 minuta\" \/>\n<!-- \/ Yoast SEO plugin. -->","yoast_head_json":{"title":"Cryofan CF-04+. Kupite opremu za lokalnu krioterapiju od globalnog lidera u oblasti krioterapije cijelog tijela - tvrtke Cryomed Manufacture s.r.o.","description":"Cryofan \u0421F-04+ je krio-oprema za lokalnu krioterapiju, koja je razvijena za potrebe medicinskih i zdravstvenih ustanova. Sukladna je sigurnosnim zahtjevima i ima potrebne medicinske certifikate.","robots":{"index":"index","follow":"follow","max-snippet":"max-snippet:-1","max-image-preview":"max-image-preview:large","max-video-preview":"max-video-preview:-1"},"canonical":"https:\/\/cryomedpro.com\/hr\/cryofan-cf-04\/","og_locale":"hr_HR","og_type":"article","og_title":"Cryofan CF-04+. Kupite opremu za lokalnu krioterapiju od globalnog lidera u oblasti krioterapije cijelog tijela - tvrtke Cryomed Manufacture s.r.o.","og_description":"Cryofan \u0421F-04+ je krio-oprema za lokalnu krioterapiju, koja je razvijena za potrebe medicinskih i zdravstvenih ustanova. Sukladna je sigurnosnim zahtjevima i ima potrebne medicinske certifikate.","og_url":"https:\/\/cryomedpro.com\/hr\/cryofan-cf-04\/","og_site_name":"Cryomed PRO","article_modified_time":"2020-03-30T17:19:47+00:00","og_image":[{"url":"https:\/\/cryomedpro.com\/wp-content\/uploads\/2016\/10\/heading-underline.png"}],"twitter_card":"summary_large_image","twitter_misc":{"Procijenjeno vrijeme \u010ditanja":"7 minuta"},"schema":{"@context":"https:\/\/schema.org","@graph":[{"@type":"WebPage","@id":"https:\/\/cryomedpro.com\/hr\/cryofan-cf-04\/","url":"https:\/\/cryomedpro.com\/hr\/cryofan-cf-04\/","name":"Cryofan CF-04+. Kupite opremu za lokalnu krioterapiju od globalnog lidera u oblasti krioterapije cijelog tijela - tvrtke Cryomed Manufacture s.r.o.","isPartOf":{"@id":"https:\/\/cryomedpro.com\/#website"},"datePublished":"2020-03-24T08:39:23+00:00","dateModified":"2020-03-30T17:19:47+00:00","description":"Cryofan \u0421F-04+ je krio-oprema za lokalnu krioterapiju, koja je razvijena za potrebe medicinskih i zdravstvenih ustanova. Sukladna je sigurnosnim zahtjevima i ima potrebne medicinske certifikate.","breadcrumb":{"@id":"https:\/\/cryomedpro.com\/hr\/cryofan-cf-04\/#breadcrumb"},"inLanguage":"hr","potentialAction":[{"@type":"ReadAction","target":["https:\/\/cryomedpro.com\/hr\/cryofan-cf-04\/"]}]},{"@type":"BreadcrumbList","@id":"https:\/\/cryomedpro.com\/hr\/cryofan-cf-04\/#breadcrumb","itemListElement":[{"@type":"ListItem","position":1,"name":"Home","item":"https:\/\/cryomedpro.com\/hr\/"},{"@type":"ListItem","position":2,"name":"Cryofan CF-04+"}]},{"@type":"WebSite","@id":"https:\/\/cryomedpro.com\/#website","url":"https:\/\/cryomedpro.com\/","name":"Cryomed PRO","description":"Cryosaunas Worldwide","publisher":{"@id":"https:\/\/cryomedpro.com\/#\/schema\/person\/752b92c38fb6f6c5052ef7763f4d79eb"},"potentialAction":[{"@type":"SearchAction","target":{"@type":"EntryPoint","urlTemplate":"https:\/\/cryomedpro.com\/?s={search_term_string}"},"query-input":"required name=search_term_string"}],"inLanguage":"hr"},{"@type":["Person","Organization"],"@id":"https:\/\/cryomedpro.com\/#\/schema\/person\/752b92c38fb6f6c5052ef7763f4d79eb","name":"healthycold","image":{"@type":"ImageObject","inLanguage":"hr","@id":"https:\/\/cryomedpro.com\/#\/schema\/person\/image\/","url":"https:\/\/secure.gravatar.com\/avatar\/bbe2f3ec78281a56dba108d1bf0f9ffa?s=96&d=mm&r=g","contentUrl":"https:\/\/secure.gravatar.com\/avatar\/bbe2f3ec78281a56dba108d1bf0f9ffa?s=96&d=mm&r=g","caption":"healthycold"},"logo":{"@id":"https:\/\/cryomedpro.com\/#\/schema\/person\/image\/"}}]}},"_links":{"self":[{"href":"https:\/\/cryomedpro.com\/hr\/wp-json\/wp\/v2\/pages\/56887"}],"collection":[{"href":"https:\/\/cryomedpro.com\/hr\/wp-json\/wp\/v2\/pages"}],"about":[{"href":"https:\/\/cryomedpro.com\/hr\/wp-json\/wp\/v2\/types\/page"}],"author":[{"embeddable":true,"href":"https:\/\/cryomedpro.com\/hr\/wp-json\/wp\/v2\/users\/2"}],"replies":[{"embeddable":true,"href":"https:\/\/cryomedpro.com\/hr\/wp-json\/wp\/v2\/comments?post=56887"}],"version-history":[{"count":0,"href":"https:\/\/cryomedpro.com\/hr\/wp-json\/wp\/v2\/pages\/56887\/revisions"}],"wp:attachment":[{"href":"https:\/\/cryomedpro.com\/hr\/wp-json\/wp\/v2\/media?parent=56887"}],"wp:term":[{"taxonomy":"post_tag","embeddable":true,"href":"https:\/\/cryomedpro.com\/hr\/wp-json\/wp\/v2\/tags?post=56887"}],"curies":[{"name":"wp","href":"https:\/\/api.w.org\/{rel}","templated":true}]}}