{"id":3560,"date":"2017-02-06T16:05:11","date_gmt":"2017-02-06T15:05:11","guid":{"rendered":"https:\/\/cryomedpro.com\/?page_id=3560&#038;lang=hu"},"modified":"2020-02-19T00:44:57","modified_gmt":"2020-02-18T23:44:57","slug":"minoseg-es-tanusitvanyok","status":"publish","type":"page","link":"https:\/\/cryomedpro.com\/hu\/minoseg-es-tanusitvanyok\/","title":{"rendered":"Min\u0151s\u00e9g \u00e9s tan\u00fas\u00edtv\u00e1nyok"},"content":{"rendered":"<p>[et_pb_section admin_label=&#8221;section&#8221; background_image=&#8221;https:\/\/cryomedpro.com\/wp-content\/uploads\/2016\/12\/784743-blue-crystals-frost-macro.jpg&#8221; transparent_background=&#8221;off&#8221; allow_player_pause=&#8221;off&#8221; inner_shadow=&#8221;off&#8221; parallax=&#8221;off&#8221; parallax_method=&#8221;off&#8221; custom_padding=&#8221;3px|0px|4px|0px&#8221; padding_mobile=&#8221;off&#8221; make_fullwidth=&#8221;off&#8221; use_custom_width=&#8221;off&#8221; width_unit=&#8221;on&#8221; custom_width_px=&#8221;1080px&#8221; custom_width_percent=&#8221;80%&#8221; make_equal=&#8221;off&#8221; use_custom_gutter=&#8221;off&#8221; fullwidth=&#8221;off&#8221; specialty=&#8221;off&#8221; module_class=&#8221;ns-banner&#8221; disabled=&#8221;off&#8221;][et_pb_row admin_label=&#8221;row&#8221; make_fullwidth=&#8221;off&#8221; use_custom_width=&#8221;off&#8221; width_unit=&#8221;off&#8221; custom_width_px=&#8221;1080px&#8221; custom_width_percent=&#8221;80%&#8221; use_custom_gutter=&#8221;off&#8221; gutter_width=&#8221;3&#8243; custom_padding=&#8221;21px|0px|21.45px|0px&#8221; padding_mobile=&#8221;off&#8221; allow_player_pause=&#8221;off&#8221; parallax=&#8221;off&#8221; parallax_method=&#8221;on&#8221; make_equal=&#8221;off&#8221; column_padding_mobile=&#8221;on&#8221; parallax_1=&#8221;off&#8221; parallax_method_1=&#8221;on&#8221; parallax_2=&#8221;off&#8221; parallax_method_2=&#8221;on&#8221; parallax_3=&#8221;off&#8221; parallax_method_3=&#8221;on&#8221; parallax_4=&#8221;off&#8221; parallax_method_4=&#8221;on&#8221; disabled=&#8221;off&#8221;][et_pb_column type=&#8221;4_4&#8243;][et_pb_text admin_label=&#8221;Text&#8221; background_layout=&#8221;dark&#8221; text_orientation=&#8221;center&#8221; use_border_color=&#8221;off&#8221; border_style=&#8221;solid&#8221; disabled=&#8221;off&#8221; border_color=&#8221;#ffffff&#8221;]<\/p>\n<h1 style=\"text-align: center;\">Min\u0151s\u00e9g \u00e9s tan\u00fas\u00edtv\u00e1nyok<\/h1>\n<p><img decoding=\"async\" loading=\"lazy\" class=\"size-full wp-image-150 aligncenter\" src=\"https:\/\/cryomedpro.com\/wp-content\/uploads\/2016\/10\/heading-underline.png\" alt=\"heading-underline\" width=\"309\" height=\"12\" srcset=\"https:\/\/cryomedpro.com\/wp-content\/uploads\/2016\/10\/heading-underline.png 309w, https:\/\/cryomedpro.com\/wp-content\/uploads\/2016\/10\/heading-underline-300x12.png 300w\" sizes=\"(max-width: 309px) 100vw, 309px\" \/><\/p>\n<p>[\/et_pb_text][\/et_pb_column][\/et_pb_row][\/et_pb_section][et_pb_section admin_label=&#8221;Section&#8221; fullwidth=&#8221;off&#8221; specialty=&#8221;off&#8221; transparent_background=&#8221;off&#8221; allow_player_pause=&#8221;off&#8221; inner_shadow=&#8221;off&#8221; parallax=&#8221;off&#8221; parallax_method=&#8221;off&#8221; custom_padding=&#8221;15px|0px|0px|0px&#8221; padding_mobile=&#8221;off&#8221; make_fullwidth=&#8221;off&#8221; use_custom_width=&#8221;off&#8221; width_unit=&#8221;on&#8221; make_equal=&#8221;off&#8221; use_custom_gutter=&#8221;off&#8221;][et_pb_row admin_label=&#8221;Row&#8221; make_fullwidth=&#8221;off&#8221; use_custom_width=&#8221;off&#8221; width_unit=&#8221;on&#8221; use_custom_gutter=&#8221;off&#8221; padding_mobile=&#8221;off&#8221; allow_player_pause=&#8221;off&#8221; parallax=&#8221;off&#8221; parallax_method=&#8221;off&#8221; make_equal=&#8221;off&#8221; parallax_1=&#8221;off&#8221; parallax_method_1=&#8221;off&#8221; column_padding_mobile=&#8221;on&#8221; custom_padding=&#8221;0px|0px|0px|0px&#8221;][et_pb_column type=&#8221;4_4&#8243;][et_pb_code admin_label=&#8221;Code&#8221;]\tCryo\n<span><span><a href=\"https:\/\/cryomedpro.com\/hu\/\">Home<\/a><\/span><\/span>[\/et_pb_code][\/et_pb_column][\/et_pb_row][\/et_pb_section][et_pb_section admin_label=&#8221;Section&#8221; transparent_background=&#8221;off&#8221; allow_player_pause=&#8221;off&#8221; inner_shadow=&#8221;off&#8221; parallax=&#8221;off&#8221; parallax_method=&#8221;on&#8221; padding_mobile=&#8221;off&#8221; make_fullwidth=&#8221;off&#8221; use_custom_width=&#8221;off&#8221; width_unit=&#8221;off&#8221; custom_width_px=&#8221;1080px&#8221; custom_width_percent=&#8221;80%&#8221; make_equal=&#8221;off&#8221; use_custom_gutter=&#8221;off&#8221; fullwidth=&#8221;off&#8221; specialty=&#8221;off&#8221; disabled=&#8221;off&#8221;][et_pb_row admin_label=&#8221;Row&#8221; make_fullwidth=&#8221;off&#8221; use_custom_width=&#8221;off&#8221; width_unit=&#8221;off&#8221; custom_width_px=&#8221;1080px&#8221; custom_width_percent=&#8221;80%&#8221; use_custom_gutter=&#8221;off&#8221; gutter_width=&#8221;3&#8243; padding_mobile=&#8221;off&#8221; allow_player_pause=&#8221;off&#8221; parallax=&#8221;off&#8221; parallax_method=&#8221;on&#8221; make_equal=&#8221;off&#8221; column_padding_mobile=&#8221;on&#8221; parallax_1=&#8221;off&#8221; parallax_method_1=&#8221;on&#8221; parallax_2=&#8221;off&#8221; parallax_method_2=&#8221;on&#8221; parallax_3=&#8221;off&#8221; parallax_method_3=&#8221;on&#8221; parallax_4=&#8221;off&#8221; parallax_method_4=&#8221;on&#8221; disabled=&#8221;off&#8221;][et_pb_column type=&#8221;4_4&#8243;][et_pb_text admin_label=&#8221;Text&#8221; background_layout=&#8221;light&#8221; text_orientation=&#8221;left&#8221; use_border_color=&#8221;off&#8221; border_style=&#8221;solid&#8221; disabled=&#8221;off&#8221; border_color=&#8221;#ffffff&#8221;]<\/p>\n<h2><strong>EK-megfelel\u0151s\u00e9gi tan\u00fas\u00edtv\u00e1ny<\/strong><\/h2>\n<p><a href=\"https:\/\/cryomedpro.com\/wp-content\/uploads\/2020\/02\/TSU_Conformity_certificate_Cryosauna_PRO_a_ONE_Cryomed_Manufacture-01-scaled.jpg\"><img decoding=\"async\" loading=\"lazy\" class=\"alignleft wp-image-54625\" title=\"The Certificate of Conformity\" src=\"https:\/\/cryomedpro.com\/wp-content\/uploads\/2020\/02\/TSU_Conformity_certificate_Cryosauna_PRO_a_ONE_Cryomed_Manufacture-01-212x300.jpg\" alt=\"\" width=\"300\" height=\"424\" srcset=\"https:\/\/cryomedpro.com\/wp-content\/uploads\/2020\/02\/TSU_Conformity_certificate_Cryosauna_PRO_a_ONE_Cryomed_Manufacture-01-212x300.jpg 212w, https:\/\/cryomedpro.com\/wp-content\/uploads\/2020\/02\/TSU_Conformity_certificate_Cryosauna_PRO_a_ONE_Cryomed_Manufacture-01-724x1024.jpg 724w, https:\/\/cryomedpro.com\/wp-content\/uploads\/2020\/02\/TSU_Conformity_certificate_Cryosauna_PRO_a_ONE_Cryomed_Manufacture-01-768x1086.jpg 768w, https:\/\/cryomedpro.com\/wp-content\/uploads\/2020\/02\/TSU_Conformity_certificate_Cryosauna_PRO_a_ONE_Cryomed_Manufacture-01-1086x1536.jpg 1086w, https:\/\/cryomedpro.com\/wp-content\/uploads\/2020\/02\/TSU_Conformity_certificate_Cryosauna_PRO_a_ONE_Cryomed_Manufacture-01-1448x2048.jpg 1448w, https:\/\/cryomedpro.com\/wp-content\/uploads\/2020\/02\/TSU_Conformity_certificate_Cryosauna_PRO_a_ONE_Cryomed_Manufacture-01-1080x1527.jpg 1080w, https:\/\/cryomedpro.com\/wp-content\/uploads\/2020\/02\/TSU_Conformity_certificate_Cryosauna_PRO_a_ONE_Cryomed_Manufacture-01-scaled.jpg 1810w\" sizes=\"(max-width: 300px) 100vw, 300px\" \/><\/a><\/p>\n<p>Az EK-megfelel\u0151s\u00e9gi tan\u00fas\u00edtv\u00e1ny az el\u0151\u00e1ll\u00edt\u00e1s \u00f6sszef\u00fcgg\u00e9sben egy fontos dokumentum, amely az Eur\u00f3pai T\u00e1rsas\u00e1gi T\u00e9rs\u00e9g piac\u00e1n tal\u00e1lhat\u00f3.<\/p>\n<p>A megfelel\u0151s\u00e9gi tan\u00fas\u00edtv\u00e1ny egy jogi dokumentum, amely igazolja a term\u00e9k EU-szabv\u00e1nyainak val\u00f3 megfelel\u0151s\u00e9g\u00e9t.<\/p>\n<p>A tan\u00fas\u00edtv\u00e1ny adom\u00e1nyoz\u00e1s\u00e1t a CE jegy megnyer\u00e9se k\u00eds\u00e9ri, amely k\u00f6teles.<\/p>\n<p>A term\u00e9ken a CE jegy tal\u00e1lhat\u00f3 (&#8222;Compformit\u00e9Europ\u00e9enne &#8211; European Conformity&#8221; megnevez\u00e9snek a r\u00f6vid\u00edt\u00e9se), amely bizony\u00edtja, hogy a term\u00e9k az E\u00da szab\u00e1lyzatainak \u00e9s szabv\u00e1nyainak megfelel\u0151 \u00e9s egy\u00fattal id\u00e9zi, hogy a megfelel\u0151s\u00e9g megb\u00edr\u00e1l\u00e1s\u00e1nak folyamata megfelel\u0151 m\u00f3don ker\u00fclt elv\u00e9gz\u00e9sre.<\/p>\n<p>A CE megjel\u00f6l\u00e9s megjel\u00f6li, hogy a term\u00e9k biztons\u00e1gos a fogyaszt\u00f3k eg\u00e9szs\u00e9g\u00fck szempontj\u00e1b\u00f3l \u00e9s hogy nem \u00e1rt a k\u00f6rnyezetnek.<br \/>\nA CE megjel\u00f6l\u00e9s az E\u00da tag\u00e1llamok keret\u00e9n bel\u00fcl az egyetlen megjel\u00f6l\u00e9s, ami igazolja az el\u0151\u00e1ll\u00edt\u00e1s E\u00da szabv\u00e1nyokkal val\u00f3 \u00f6sszhangj\u00e1t a biztons\u00e1g, vagyon \u00e9s k\u00f6rnyezet ter\u00fclet\u00e9n.<\/p>\n<p><a href=\"https:\/\/cryomedpro.com\/wp-content\/uploads\/2020\/02\/TSU_Conformity_certificate_Cryosauna_PRO_a_ONE_Cryomed_Manufacture-02-scaled.jpg\"><img decoding=\"async\" loading=\"lazy\" class=\"alignright wp-image-54646\" title=\"The Certificate of Conformity\" src=\"https:\/\/cryomedpro.com\/wp-content\/uploads\/2020\/02\/TSU_Conformity_certificate_Cryosauna_PRO_a_ONE_Cryomed_Manufacture-02-212x300.jpg\" alt=\"\" width=\"300\" height=\"424\" srcset=\"https:\/\/cryomedpro.com\/wp-content\/uploads\/2020\/02\/TSU_Conformity_certificate_Cryosauna_PRO_a_ONE_Cryomed_Manufacture-02-212x300.jpg 212w, https:\/\/cryomedpro.com\/wp-content\/uploads\/2020\/02\/TSU_Conformity_certificate_Cryosauna_PRO_a_ONE_Cryomed_Manufacture-02-724x1024.jpg 724w, https:\/\/cryomedpro.com\/wp-content\/uploads\/2020\/02\/TSU_Conformity_certificate_Cryosauna_PRO_a_ONE_Cryomed_Manufacture-02-768x1086.jpg 768w, https:\/\/cryomedpro.com\/wp-content\/uploads\/2020\/02\/TSU_Conformity_certificate_Cryosauna_PRO_a_ONE_Cryomed_Manufacture-02-1086x1536.jpg 1086w, https:\/\/cryomedpro.com\/wp-content\/uploads\/2020\/02\/TSU_Conformity_certificate_Cryosauna_PRO_a_ONE_Cryomed_Manufacture-02-1448x2048.jpg 1448w, https:\/\/cryomedpro.com\/wp-content\/uploads\/2020\/02\/TSU_Conformity_certificate_Cryosauna_PRO_a_ONE_Cryomed_Manufacture-02-1080x1527.jpg 1080w, https:\/\/cryomedpro.com\/wp-content\/uploads\/2020\/02\/TSU_Conformity_certificate_Cryosauna_PRO_a_ONE_Cryomed_Manufacture-02-scaled.jpg 1810w\" sizes=\"(max-width: 300px) 100vw, 300px\" \/><\/a><\/p>\n<p>A megfelel\u0151s\u00e9gi tan\u00fas\u00edtv\u00e1ny elfogad\u00e1sa nem k\u00f6teles, de a term\u00e9k piack\u00e9pesebb, r\u00e1mutat a min\u0151s\u00e9g\u00e9re \u00e9s bizalmat ny\u00fajt a min\u0151s\u00e9gbe azok szem\u00e9ben, akik a term\u00e9ket haszn\u00e1lj\u00e1k. Az ilyen term\u00e9k \u00e9rt\u00e9kes\u00edt\u00e9se \u00f6r\u00f6m a disztrib\u00fatorok sz\u00e1m\u00e1ra.&nbsp;A v\u00e9gfogyaszt\u00f3 is el\u00e9gedett.<\/p>\n<p>A tan\u00fas\u00edtv\u00e1ny 3 \u00e9ves id\u0151szakra ker\u00fcl adom\u00e1nyoz\u00e1sra, ami azt is jelenti, hogy a szakemberek \u00e1tvizsg\u00e1lt\u00e1k az el\u0151\u00e1ll\u00edt\u00e1st \u00e9s elfogadt\u00e1k, hogy ez kit\u0171n\u0151 \u00e9s er\u0151s.<\/p>\n<p>A megfelel\u0151s\u00e9gi tan\u00fas\u00edtv\u00e1ny, amely a Cryomed Kft \u00e1ltal ker\u00fclt elfogad\u00e1sra a Cryomed PRO hideg szauna leg\u00fajabb modellel \u00f6sszef\u00fcgg\u00e9sben, a sikereink elismer\u00e9se \u00e9s tapasztalataink bizony\u00edt\u00e1sa.<\/p>\n<p><a href=\"https:\/\/cryomedpro.com\/hu\/cryomed-pro\/\">Cryomed PRO<\/a><b>&nbsp;megfelel:<\/b><\/p>\n<p>E\u00da szab\u00e1lyzatnak a g\u00e9pi berendez\u00e9sekr\u0151l<\/p>\n<p>E\u00da szab\u00e1lyzatnak a kisfesz\u00fclts\u00e9gr\u0151l<\/p>\n<p>E\u00da szab\u00e1lyzatnak a elektrom\u00e1gneses kompatibilit\u00e1sr\u00f3l (EMC)<\/p>\n<p>&nbsp;<\/p>\n<p>[\/et_pb_text][\/et_pb_column][\/et_pb_row][et_pb_row admin_label=&#8221;Row&#8221; make_fullwidth=&#8221;off&#8221; use_custom_width=&#8221;off&#8221; width_unit=&#8221;off&#8221; custom_width_px=&#8221;1080px&#8221; custom_width_percent=&#8221;80%&#8221; use_custom_gutter=&#8221;off&#8221; gutter_width=&#8221;3&#8243; padding_mobile=&#8221;off&#8221; allow_player_pause=&#8221;off&#8221; parallax=&#8221;off&#8221; parallax_method=&#8221;on&#8221; make_equal=&#8221;off&#8221; column_padding_mobile=&#8221;on&#8221; parallax_1=&#8221;off&#8221; parallax_method_1=&#8221;on&#8221; parallax_2=&#8221;off&#8221; parallax_method_2=&#8221;on&#8221; parallax_3=&#8221;off&#8221; parallax_method_3=&#8221;on&#8221; parallax_4=&#8221;off&#8221; parallax_method_4=&#8221;on&#8221; disabled=&#8221;off&#8221;][et_pb_column type=&#8221;4_4&#8243;][et_pb_text admin_label=&#8221;Text&#8221; background_layout=&#8221;light&#8221; text_orientation=&#8221;left&#8221; use_border_color=&#8221;off&#8221; border_style=&#8221;solid&#8221; disabled=&#8221;off&#8221; border_color=&#8221;#ffffff&#8221;]<\/p>\n<p><a href=\"\/wp-content\/uploads\/content\/cryom_ce_sx.jpg\"><img decoding=\"async\" loading=\"lazy\" class=\"alignleft\" src=\"\/wp-content\/uploads\/content\/cryom_ce_sx.jpg\" alt=\"ISO 13485:2016\" width=\"300\" height=\"425\" \/><\/a><\/p>\n<h2>ISO 13485:2016<\/h2>\n<p><strong>Az ISO 13485:201<\/strong>6 szabv\u00e1ny meghat\u00e1rozza a min\u0151s\u00e9gkezel\u0151 rendszerekkel szemben t\u00e1masztott k\u00f6vetelm\u00e9nyeket, ha egy szervezetnek al\u00e1 kell t\u00e1masztania, hogy k\u00e9pes\u00edtett az orvosi eszk\u00f6z\u00f6k gy\u00e1rt\u00e1s\u00e1ra \u00e9s az azokhoz kapcsol\u00f3d\u00f3 szolg\u00e1ltat\u00e1sok ny\u00fajt\u00e1s\u00e1ra, amelyek tart\u00f3san kiel\u00e9g\u00edtik a v\u00e1s\u00e1rl\u00f3k \u00e9s a hat\u00e1lyos t\u00f6rv\u00e9nyes el\u0151\u00edr\u00e1sok k\u00f6vetelm\u00e9nyeit. A Cryomed lett a krioter\u00e1pi\u00e1s berendez\u00e9sek egyetlen gy\u00e1rt\u00f3ja a vil\u00e1gon, amely megfelel mindezeknek a k\u00f6vetelm\u00e9nyeknek! A kibocs\u00e1t\u00f3 szerv \u2013 T\u00dcV Rheinland.<\/p>\n<p>[\/et_pb_text][\/et_pb_column][\/et_pb_row][et_pb_row admin_label=&#8221;Row&#8221; make_fullwidth=&#8221;off&#8221; use_custom_width=&#8221;off&#8221; width_unit=&#8221;off&#8221; custom_width_px=&#8221;1080px&#8221; custom_width_percent=&#8221;80%&#8221; use_custom_gutter=&#8221;off&#8221; gutter_width=&#8221;3&#8243; padding_mobile=&#8221;off&#8221; allow_player_pause=&#8221;off&#8221; parallax=&#8221;off&#8221; parallax_method=&#8221;on&#8221; make_equal=&#8221;off&#8221; column_padding_mobile=&#8221;on&#8221; parallax_1=&#8221;off&#8221; parallax_method_1=&#8221;on&#8221; parallax_2=&#8221;off&#8221; parallax_method_2=&#8221;on&#8221; parallax_3=&#8221;off&#8221; parallax_method_3=&#8221;on&#8221; parallax_4=&#8221;off&#8221; parallax_method_4=&#8221;on&#8221; disabled=&#8221;off&#8221;][et_pb_column type=&#8221;4_4&#8243;][et_pb_text admin_label=&#8221;Text&#8221; background_layout=&#8221;light&#8221; text_orientation=&#8221;left&#8221; use_border_color=&#8221;off&#8221; border_style=&#8221;solid&#8221; disabled=&#8221;off&#8221; border_color=&#8221;#ffffff&#8221;]<\/p>\n<p><a href=\"\/wp-content\/uploads\/content\/cryom_ce_hd.jpg\"><img decoding=\"async\" loading=\"lazy\" class=\"alignleft\" src=\"\/wp-content\/uploads\/content\/cryom_ce_hd.jpg\" alt=\"II. mell\u00e9klet: Teljes min\u0151s\u00e9gbiztos\u00edt\u00e1si rendszer\" width=\"300\" height=\"425\" \/><\/a><\/p>\n<h2>II. mell\u00e9klet: Teljes min\u0151s\u00e9gbiztos\u00edt\u00e1si rendszer<\/h2>\n<p>II. mell\u00e9klet: Teljes min\u0151s\u00e9gbiztos\u00edt\u00e1si rendszer \u2013 Ez a megfelel\u0151s\u00e9gi vizsg\u00e1lat mag\u00e1ba foglalja a gy\u00e1rt\u00f3 teljes min\u0151s\u00e9gkezel\u0151 rendszer\u00e9t, amely a tervez\u00e9sre, gy\u00e1rt\u00e1sra \u00e9s v\u00e9gs\u0151 bevizsg\u00e1l\u00e1sra egyar\u00e1nt kiterjed. A Cryomed megszerezte a megfelel\u0151s\u00e9gi vizsg\u00e1lat felt\u00e9teleinek val\u00f3 megfelel\u0151s\u00e9g tan\u00fas\u00edtv\u00e1ny\u00e1t. A tan\u00fas\u00edtv\u00e1nyt kibocs\u00e1t\u00f3 T\u00dcV Rheinland az egyik legelismertebb az \u00e1gazatban.<\/p>\n<p>[\/et_pb_text][\/et_pb_column][\/et_pb_row][et_pb_row admin_label=&#8221;Row&#8221; make_fullwidth=&#8221;off&#8221; use_custom_width=&#8221;off&#8221; width_unit=&#8221;off&#8221; custom_width_px=&#8221;1080px&#8221; custom_width_percent=&#8221;80%&#8221; use_custom_gutter=&#8221;off&#8221; gutter_width=&#8221;3&#8243; padding_mobile=&#8221;off&#8221; allow_player_pause=&#8221;off&#8221; parallax=&#8221;off&#8221; parallax_method=&#8221;on&#8221; make_equal=&#8221;off&#8221; column_padding_mobile=&#8221;on&#8221; parallax_1=&#8221;off&#8221; parallax_method_1=&#8221;on&#8221; parallax_2=&#8221;off&#8221; parallax_method_2=&#8221;on&#8221; parallax_3=&#8221;off&#8221; parallax_method_3=&#8221;on&#8221; parallax_4=&#8221;off&#8221; parallax_method_4=&#8221;on&#8221; disabled=&#8221;off&#8221;][et_pb_column type=&#8221;4_4&#8243;][et_pb_button admin_label=&#8221;Button&#8221; url_new_window=&#8221;off&#8221; button_text=&#8221;MEGV\u00c1S\u00c1ROLNI&#8221; button_alignment=&#8221;center&#8221; background_layout=&#8221;dark&#8221; module_class=&#8221;popmake-contact-form-hu&#8221; custom_button=&#8221;on&#8221; button_text_size=&#8221;15&#8243; button_text_color=&#8221;#ffffff&#8221; button_bg_color=&#8221;#8fd400&#8243; button_border_width=&#8221;0&#8243; button_letter_spacing=&#8221;0&#8243; button_use_icon=&#8221;off&#8221; button_icon_placement=&#8221;right&#8221; button_on_hover=&#8221;on&#8221; button_bg_color_hover=&#8221;#b0d369&#8243; button_letter_spacing_hover=&#8221;0&#8243; disabled=&#8221;off&#8221; saved_tabs=&#8221;all&#8221;]<\/p>\n<p>&nbsp;<\/p>\n<p>[\/et_pb_button][\/et_pb_column][\/et_pb_row][\/et_pb_section]<\/p>\n","protected":false},"excerpt":{"rendered":"<p>[et_pb_section admin_label=&#8221;section&#8221; background_image=&#8221;https:\/\/cryomedpro.com\/wp-content\/uploads\/2016\/12\/784743-blue-crystals-frost-macro.jpg&#8221; transparent_background=&#8221;off&#8221; allow_player_pause=&#8221;off&#8221; inner_shadow=&#8221;off&#8221; parallax=&#8221;off&#8221; parallax_method=&#8221;off&#8221; custom_padding=&#8221;3px|0px|4px|0px&#8221; padding_mobile=&#8221;off&#8221; make_fullwidth=&#8221;off&#8221; use_custom_width=&#8221;off&#8221; width_unit=&#8221;on&#8221; custom_width_px=&#8221;1080px&#8221; custom_width_percent=&#8221;80%&#8221; make_equal=&#8221;off&#8221; use_custom_gutter=&#8221;off&#8221; fullwidth=&#8221;off&#8221; specialty=&#8221;off&#8221; module_class=&#8221;ns-banner&#8221; disabled=&#8221;off&#8221;][et_pb_row admin_label=&#8221;row&#8221; make_fullwidth=&#8221;off&#8221; use_custom_width=&#8221;off&#8221; width_unit=&#8221;off&#8221; custom_width_px=&#8221;1080px&#8221; custom_width_percent=&#8221;80%&#8221; use_custom_gutter=&#8221;off&#8221; gutter_width=&#8221;3&#8243; custom_padding=&#8221;21px|0px|21.45px|0px&#8221; padding_mobile=&#8221;off&#8221; allow_player_pause=&#8221;off&#8221; parallax=&#8221;off&#8221; parallax_method=&#8221;on&#8221; make_equal=&#8221;off&#8221; column_padding_mobile=&#8221;on&#8221; parallax_1=&#8221;off&#8221; parallax_method_1=&#8221;on&#8221; parallax_2=&#8221;off&#8221; parallax_method_2=&#8221;on&#8221; parallax_3=&#8221;off&#8221; parallax_method_3=&#8221;on&#8221; parallax_4=&#8221;off&#8221; parallax_method_4=&#8221;on&#8221; disabled=&#8221;off&#8221;][et_pb_column type=&#8221;4_4&#8243;][et_pb_text admin_label=&#8221;Text&#8221; background_layout=&#8221;dark&#8221; text_orientation=&#8221;center&#8221; use_border_color=&#8221;off&#8221; border_style=&#8221;solid&#8221; disabled=&#8221;off&#8221; border_color=&#8221;#ffffff&#8221;] Min\u0151s\u00e9g \u00e9s [&hellip;]<\/p>\n","protected":false},"author":2,"featured_media":0,"parent":0,"menu_order":0,"comment_status":"closed","ping_status":"closed","template":"","meta":[],"tags":[],"yoast_head":"<!-- This site is optimized with the Yoast SEO plugin v20.0 - https:\/\/yoast.com\/wordpress\/plugins\/seo\/ -->\n<title>Min\u0151s\u00e9g \u00e9s tan\u00fas\u00edtv\u00e1nyok<\/title>\n<meta name=\"description\" content=\"Az EK-megfelel\u0151s\u00e9gi tan\u00fas\u00edtv\u00e1ny az el\u0151\u00e1ll\u00edt\u00e1s \u00f6sszef\u00fcgg\u00e9sben egy fontos dokumentum, amely az Eur\u00f3pai T\u00e1rsas\u00e1gi T\u00e9rs\u00e9g piac\u00e1n tal\u00e1lhat\u00f3.\" \/>\n<meta name=\"robots\" content=\"index, follow, max-snippet:-1, max-image-preview:large, max-video-preview:-1\" \/>\n<link rel=\"canonical\" href=\"https:\/\/cryomedpro.com\/hu\/minoseg-es-tanusitvanyok\/\" \/>\n<meta property=\"og:locale\" content=\"hu_HU\" \/>\n<meta property=\"og:type\" content=\"article\" \/>\n<meta property=\"og:title\" content=\"Min\u0151s\u00e9g \u00e9s tan\u00fas\u00edtv\u00e1nyok\" \/>\n<meta property=\"og:description\" content=\"Az EK-megfelel\u0151s\u00e9gi tan\u00fas\u00edtv\u00e1ny az el\u0151\u00e1ll\u00edt\u00e1s \u00f6sszef\u00fcgg\u00e9sben egy fontos dokumentum, amely az Eur\u00f3pai T\u00e1rsas\u00e1gi T\u00e9rs\u00e9g piac\u00e1n tal\u00e1lhat\u00f3.\" \/>\n<meta property=\"og:url\" content=\"https:\/\/cryomedpro.com\/hu\/minoseg-es-tanusitvanyok\/\" \/>\n<meta property=\"og:site_name\" content=\"Cryomed PRO\" \/>\n<meta property=\"article:modified_time\" content=\"2020-02-18T23:44:57+00:00\" \/>\n<meta property=\"og:image\" content=\"https:\/\/cryomedpro.com\/wp-content\/uploads\/2016\/10\/heading-underline.png\" \/>\n<meta name=\"twitter:card\" content=\"summary_large_image\" \/>\n<meta name=\"twitter:label1\" content=\"Becs\u00fclt olvas\u00e1si id\u0151\" \/>\n\t<meta name=\"twitter:data1\" content=\"7 perc\" \/>\n<!-- \/ Yoast SEO plugin. -->","yoast_head_json":{"title":"Min\u0151s\u00e9g \u00e9s tan\u00fas\u00edtv\u00e1nyok","description":"Az EK-megfelel\u0151s\u00e9gi tan\u00fas\u00edtv\u00e1ny az el\u0151\u00e1ll\u00edt\u00e1s \u00f6sszef\u00fcgg\u00e9sben egy fontos dokumentum, amely az Eur\u00f3pai T\u00e1rsas\u00e1gi T\u00e9rs\u00e9g piac\u00e1n tal\u00e1lhat\u00f3.","robots":{"index":"index","follow":"follow","max-snippet":"max-snippet:-1","max-image-preview":"max-image-preview:large","max-video-preview":"max-video-preview:-1"},"canonical":"https:\/\/cryomedpro.com\/hu\/minoseg-es-tanusitvanyok\/","og_locale":"hu_HU","og_type":"article","og_title":"Min\u0151s\u00e9g \u00e9s tan\u00fas\u00edtv\u00e1nyok","og_description":"Az EK-megfelel\u0151s\u00e9gi tan\u00fas\u00edtv\u00e1ny az el\u0151\u00e1ll\u00edt\u00e1s \u00f6sszef\u00fcgg\u00e9sben egy fontos dokumentum, amely az Eur\u00f3pai T\u00e1rsas\u00e1gi T\u00e9rs\u00e9g piac\u00e1n tal\u00e1lhat\u00f3.","og_url":"https:\/\/cryomedpro.com\/hu\/minoseg-es-tanusitvanyok\/","og_site_name":"Cryomed PRO","article_modified_time":"2020-02-18T23:44:57+00:00","og_image":[{"url":"https:\/\/cryomedpro.com\/wp-content\/uploads\/2016\/10\/heading-underline.png"}],"twitter_card":"summary_large_image","twitter_misc":{"Becs\u00fclt olvas\u00e1si id\u0151":"7 perc"},"schema":{"@context":"https:\/\/schema.org","@graph":[{"@type":"WebPage","@id":"https:\/\/cryomedpro.com\/hu\/minoseg-es-tanusitvanyok\/","url":"https:\/\/cryomedpro.com\/hu\/minoseg-es-tanusitvanyok\/","name":"Min\u0151s\u00e9g \u00e9s tan\u00fas\u00edtv\u00e1nyok","isPartOf":{"@id":"https:\/\/cryomedpro.com\/#website"},"datePublished":"2017-02-06T15:05:11+00:00","dateModified":"2020-02-18T23:44:57+00:00","description":"Az EK-megfelel\u0151s\u00e9gi tan\u00fas\u00edtv\u00e1ny az el\u0151\u00e1ll\u00edt\u00e1s \u00f6sszef\u00fcgg\u00e9sben egy fontos dokumentum, amely az Eur\u00f3pai T\u00e1rsas\u00e1gi T\u00e9rs\u00e9g piac\u00e1n tal\u00e1lhat\u00f3.","breadcrumb":{"@id":"https:\/\/cryomedpro.com\/hu\/minoseg-es-tanusitvanyok\/#breadcrumb"},"inLanguage":"hu","potentialAction":[{"@type":"ReadAction","target":["https:\/\/cryomedpro.com\/hu\/minoseg-es-tanusitvanyok\/"]}]},{"@type":"BreadcrumbList","@id":"https:\/\/cryomedpro.com\/hu\/minoseg-es-tanusitvanyok\/#breadcrumb","itemListElement":[{"@type":"ListItem","position":1,"name":"Home","item":"https:\/\/cryomedpro.com\/hu\/"},{"@type":"ListItem","position":2,"name":"Min\u0151s\u00e9g \u00e9s tan\u00fas\u00edtv\u00e1nyok"}]},{"@type":"WebSite","@id":"https:\/\/cryomedpro.com\/#website","url":"https:\/\/cryomedpro.com\/","name":"Cryomed PRO","description":"Cryosaunas Worldwide","publisher":{"@id":"https:\/\/cryomedpro.com\/#\/schema\/person\/752b92c38fb6f6c5052ef7763f4d79eb"},"potentialAction":[{"@type":"SearchAction","target":{"@type":"EntryPoint","urlTemplate":"https:\/\/cryomedpro.com\/?s={search_term_string}"},"query-input":"required name=search_term_string"}],"inLanguage":"hu"},{"@type":["Person","Organization"],"@id":"https:\/\/cryomedpro.com\/#\/schema\/person\/752b92c38fb6f6c5052ef7763f4d79eb","name":"healthycold","image":{"@type":"ImageObject","inLanguage":"hu","@id":"https:\/\/cryomedpro.com\/#\/schema\/person\/image\/","url":"https:\/\/secure.gravatar.com\/avatar\/bbe2f3ec78281a56dba108d1bf0f9ffa?s=96&d=mm&r=g","contentUrl":"https:\/\/secure.gravatar.com\/avatar\/bbe2f3ec78281a56dba108d1bf0f9ffa?s=96&d=mm&r=g","caption":"healthycold"},"logo":{"@id":"https:\/\/cryomedpro.com\/#\/schema\/person\/image\/"}}]}},"_links":{"self":[{"href":"https:\/\/cryomedpro.com\/hu\/wp-json\/wp\/v2\/pages\/3560"}],"collection":[{"href":"https:\/\/cryomedpro.com\/hu\/wp-json\/wp\/v2\/pages"}],"about":[{"href":"https:\/\/cryomedpro.com\/hu\/wp-json\/wp\/v2\/types\/page"}],"author":[{"embeddable":true,"href":"https:\/\/cryomedpro.com\/hu\/wp-json\/wp\/v2\/users\/2"}],"replies":[{"embeddable":true,"href":"https:\/\/cryomedpro.com\/hu\/wp-json\/wp\/v2\/comments?post=3560"}],"version-history":[{"count":0,"href":"https:\/\/cryomedpro.com\/hu\/wp-json\/wp\/v2\/pages\/3560\/revisions"}],"wp:attachment":[{"href":"https:\/\/cryomedpro.com\/hu\/wp-json\/wp\/v2\/media?parent=3560"}],"wp:term":[{"taxonomy":"post_tag","embeddable":true,"href":"https:\/\/cryomedpro.com\/hu\/wp-json\/wp\/v2\/tags?post=3560"}],"curies":[{"name":"wp","href":"https:\/\/api.w.org\/{rel}","templated":true}]}}