{"id":3566,"date":"2017-04-04T14:45:20","date_gmt":"2017-04-04T12:45:20","guid":{"rendered":"https:\/\/cryomedpro.com\/?page_id=3566&#038;lang=hu"},"modified":"2019-11-28T12:28:02","modified_gmt":"2019-11-28T11:28:02","slug":"cryo-szarito","status":"publish","type":"page","link":"https:\/\/cryomedpro.com\/hu\/cryo-szarito\/","title":{"rendered":"Cryo-sz\u00e1r\u00edt\u00f3 (cryo-g\u00e9p)"},"content":{"rendered":"<p>[et_pb_section admin_label=&#8221;section&#8221; background_image=&#8221;https:\/\/cryomedpro.com\/wp-content\/uploads\/2016\/12\/784743-blue-crystals-frost-macro.jpg&#8221; transparent_background=&#8221;off&#8221; allow_player_pause=&#8221;off&#8221; inner_shadow=&#8221;off&#8221; parallax=&#8221;off&#8221; parallax_method=&#8221;off&#8221; padding_mobile=&#8221;off&#8221; make_fullwidth=&#8221;off&#8221; use_custom_width=&#8221;off&#8221; width_unit=&#8221;on&#8221; make_equal=&#8221;off&#8221; use_custom_gutter=&#8221;off&#8221; module_class=&#8221;ns-banner&#8221; custom_padding=&#8221;3px|0px|4px|0px&#8221;][et_pb_row admin_label=&#8221;row&#8221;][et_pb_column type=&#8221;4_4&#8243;][et_pb_text admin_label=&#8221;Text&#8221; background_layout=&#8221;dark&#8221; text_orientation=&#8221;left&#8221; use_border_color=&#8221;off&#8221; border_color=&#8221;#ffffff&#8221; border_style=&#8221;solid&#8221;]<\/p>\n<h1 style=\"text-align: center;\"><strong>Cryo-sz\u00e1r\u00edt\u00f3 (cryo-g\u00e9p)<\/strong><\/h1>\n<p><img decoding=\"async\" loading=\"lazy\" class=\"size-full wp-image-150 aligncenter\" src=\"https:\/\/cryomedpro.com\/wp-content\/uploads\/2016\/10\/heading-underline.png\" alt=\"heading-underline\" width=\"309\" height=\"12\" srcset=\"https:\/\/cryomedpro.com\/wp-content\/uploads\/2016\/10\/heading-underline.png 309w, https:\/\/cryomedpro.com\/wp-content\/uploads\/2016\/10\/heading-underline-300x12.png 300w\" sizes=\"(max-width: 309px) 100vw, 309px\" \/><\/p>\n<p>[\/et_pb_text][\/et_pb_column][\/et_pb_row][\/et_pb_section][et_pb_section admin_label=&#8221;Section&#8221; fullwidth=&#8221;off&#8221; specialty=&#8221;off&#8221; transparent_background=&#8221;off&#8221; allow_player_pause=&#8221;off&#8221; inner_shadow=&#8221;off&#8221; parallax=&#8221;off&#8221; parallax_method=&#8221;off&#8221; custom_padding=&#8221;15px|0px|0px|0px&#8221; padding_mobile=&#8221;off&#8221; make_fullwidth=&#8221;off&#8221; use_custom_width=&#8221;off&#8221; width_unit=&#8221;on&#8221; make_equal=&#8221;off&#8221; use_custom_gutter=&#8221;off&#8221;][et_pb_row admin_label=&#8221;Row&#8221; make_fullwidth=&#8221;off&#8221; use_custom_width=&#8221;off&#8221; width_unit=&#8221;on&#8221; use_custom_gutter=&#8221;off&#8221; padding_mobile=&#8221;off&#8221; allow_player_pause=&#8221;off&#8221; parallax=&#8221;off&#8221; parallax_method=&#8221;off&#8221; make_equal=&#8221;off&#8221; parallax_1=&#8221;off&#8221; parallax_method_1=&#8221;off&#8221; column_padding_mobile=&#8221;on&#8221; custom_padding=&#8221;0px|0px|0px|0px&#8221;][et_pb_column type=&#8221;4_4&#8243;][et_pb_code admin_label=&#8221;Code&#8221;]\tCryo\n<span><span><a href=\"https:\/\/cryomedpro.com\/hu\/\">Home<\/a><\/span><\/span>[\/et_pb_code][\/et_pb_column][\/et_pb_row][\/et_pb_section][et_pb_section admin_label=&#8221;Section&#8221; fullwidth=&#8221;off&#8221; specialty=&#8221;off&#8221; transparent_background=&#8221;off&#8221; allow_player_pause=&#8221;off&#8221; inner_shadow=&#8221;off&#8221; parallax=&#8221;off&#8221; parallax_method=&#8221;off&#8221; padding_mobile=&#8221;off&#8221; make_fullwidth=&#8221;off&#8221; use_custom_width=&#8221;off&#8221; width_unit=&#8221;on&#8221; make_equal=&#8221;off&#8221; use_custom_gutter=&#8221;off&#8221; module_class=&#8221;cryofan-block-head&#8221;][et_pb_row admin_label=&#8221;Row&#8221;][et_pb_column type=&#8221;1_3&#8243;][et_pb_image admin_label=&#8221;Image&#8221; src=&#8221;https:\/\/cryomedpro.com\/wp-content\/uploads\/2017\/04\/lokal-cryo2.png&#8221; alt=&#8221;Cryofan&#8221; title_text=&#8221;Cryofan&#8221; show_in_lightbox=&#8221;off&#8221; url_new_window=&#8221;off&#8221; use_overlay=&#8221;off&#8221; animation=&#8221;left&#8221; sticky=&#8221;off&#8221; align=&#8221;left&#8221; force_fullwidth=&#8221;off&#8221; always_center_on_mobile=&#8221;on&#8221; use_border_color=&#8221;off&#8221; border_color=&#8221;#ffffff&#8221; border_style=&#8221;solid&#8221;]<\/p>\n<p>[\/et_pb_image][\/et_pb_column][et_pb_column type=&#8221;2_3&#8243;][et_pb_text admin_label=&#8221;Text&#8221; background_layout=&#8221;light&#8221; text_orientation=&#8221;left&#8221; use_border_color=&#8221;off&#8221; border_color=&#8221;#ffffff&#8221; border_style=&#8221;solid&#8221;]<\/p>\n<p>Bizonyos esetekben a kozmetik\u00e1ban, dermatol\u00f3gi\u00e1ban, traumatol\u00f3gi\u00e1ban vagy sport-orvostudom\u00e1nyban sz\u00fcks\u00e9ges leh\u0171teni a b\u0151r specifikus ter\u00fclet\u00e9t a k\u00f6rnyez\u0151 ter\u00fcletek befoly\u00e1sol\u00e1sa n\u00e9lk\u00fcl. Ezekre a c\u00e9lokra legmegfelel\u0151bb a Cryo-sz\u00e1r\u00edt\u00f3 (hidegter\u00e1pia, cryo-g\u00e9p). A Cryo-sz\u00e1r\u00edt\u00f3 a lok\u00e1lis hidegter\u00e1pi\u00e1ra alkalmazott berendez\u00e9s, amely haszn\u00e1lja a g\u00e1z leh\u0171t\u00f6tt \u00e1raml\u00e1s\u00e1t, mik\u00f6zben a g\u00e1z f\u0151leg a foly\u00e9kony nitrog\u00e9n p\u00e1r\u00e1b\u00f3l \u00e1ll \u00f6ssze.<\/p>\n<p>Ez a berendez\u00e9s viszonylag kompakt \u00e9s minden egyes eg\u00e9szs\u00e9g\u00fcgyi klinik\u00e1n vagy kozmetik\u00e1ban k\u00e9nyelmesen haszn\u00e1lhat\u00f3. A Cryo-sz\u00e1r\u00edt\u00f3 orvosilag k\u00e9pzett szem\u00e9ly seg\u00edts\u00e9ge n\u00e9lk\u00fcl is haszn\u00e1lhat\u00f3, mivel ez tulajdonk\u00e9ppen egy test\u00e1pol\u00e1sra sz\u00e1nt kozmetikai berendez\u00e9s. A berendez\u00e9s minden m\u00e1r l\u00e9tez\u0151 hideg szauna kit\u0171n\u0151 kieg\u00e9sz\u00edt\u0151je lesz, mivel a Dewar-tart\u00e1lyok hasonl\u00f3 t\u00edpus\u00e1t haszn\u00e1lja.<\/p>\n<p>A Novotech Cryo-sz\u00e1r\u00edt\u00f3 f\u0151 el\u0151nyei a pontoss\u00e1g, hat\u00e9konys\u00e1g, zajtalan m\u0171k\u00f6d\u00e9s \u00e9s egyszer\u0171 haszn\u00e1lat. Az el\u0151k\u00e9sz\u00edt\u00e9s\u00e9hez \u00e9s az \u00fczemi h\u0151m\u00e9rs\u00e9klet el\u00e9r\u00e9s\u00e9hez sz\u00fcks\u00e9ges id\u0151 r\u00f6videbb 10 percn\u00e9l \u00e9s a foly\u00e9kony nitrog\u00e9n fogyaszt\u00e1sa, amely sz\u00fcks\u00e9ges a folyamathoz, nem haladja meg a\u00a0 0,9 litert, ami ezek az egys\u00e9gek k\u00f6z\u00fcl a legalacsonyabb \u00e9rt\u00e9k. Ugyanolyan fontos az, hogy a Cryo-sz\u00e1r\u00edt\u00f3nk haszn\u00e1lata sor\u00e1n a b\u0151re sose ker\u00fcl \u00e9rintkez\u00e9sbe a foly\u00e9kony nitrog\u00e9nnel.<\/p>\n<p>[\/et_pb_text][et_pb_button admin_label=&#8221;Button&#8221; url_new_window=&#8221;off&#8221; button_text=&#8221;MEGV\u00c1S\u00c1ROLNI&#8221; button_alignment=&#8221;center&#8221; background_layout=&#8221;dark&#8221; custom_button=&#8221;on&#8221; button_text_size=&#8221;15&#8243; button_bg_color=&#8221;#8fd400&#8243; button_border_width=&#8221;0&#8243; button_letter_spacing=&#8221;0&#8243; button_use_icon=&#8221;off&#8221; button_icon_placement=&#8221;right&#8221; button_on_hover=&#8221;on&#8221; button_bg_color_hover=&#8221;#b0d369&#8243; button_letter_spacing_hover=&#8221;0&#8243; module_class=&#8221;popmake-contact-form-hu&#8221;]<\/p>\n<p>[\/et_pb_button][\/et_pb_column][\/et_pb_row][\/et_pb_section][et_pb_section admin_label=&#8221;Section&#8221; fullwidth=&#8221;off&#8221; specialty=&#8221;off&#8221; transparent_background=&#8221;off&#8221; allow_player_pause=&#8221;off&#8221; inner_shadow=&#8221;off&#8221; parallax=&#8221;off&#8221; parallax_method=&#8221;off&#8221; padding_mobile=&#8221;off&#8221; make_fullwidth=&#8221;off&#8221; use_custom_width=&#8221;off&#8221; width_unit=&#8221;on&#8221; make_equal=&#8221;off&#8221; use_custom_gutter=&#8221;off&#8221; module_class=&#8221;ns-single-description cryofan-block&#8221;][et_pb_row admin_label=&#8221;Row&#8221;][et_pb_column type=&#8221;4_4&#8243;][et_pb_text admin_label=&#8221;Text&#8221; background_layout=&#8221;light&#8221; text_orientation=&#8221;left&#8221; use_border_color=&#8221;off&#8221; border_color=&#8221;#ffffff&#8221; border_style=&#8221;solid&#8221;]<\/p>\n<table class=\"prod_full_attributes\" style=\"background-color: #e6ffff; border-color: #00c4d9;\" border=\"1\">\n<caption>\u00a0<\/caption>\n<tbody>\n<tr class=\"\" style=\"height: 45.2px;\">\n<th style=\"height: 45.2px;\">Tulajdons\u00e1gok<\/th>\n<th style=\"height: 45.2px;\">\u00c9rt\u00e9k<\/th>\n<\/tr>\n<tr class=\"alt\" style=\"height: 39px;\">\n<td style=\"height: 39px;\">Forr\u00e1s<\/td>\n<td style=\"height: 39px;\">100-240 VAC, 50\/60 Hz<\/td>\n<\/tr>\n<tr class=\"\" style=\"height: 39px;\">\n<td style=\"height: 39px;\">Maxim\u00e1lis teljes\u00edtm\u00e9nyfelv\u00e9tel, KW<\/td>\n<td style=\"height: 39px;\">0,28<\/td>\n<\/tr>\n<tr class=\"alt\" style=\"height: 39px;\">\n<td style=\"height: 39px;\">A Cryo-sz\u00e1r\u00edto s\u00falya (Dewar-tart\u00e1ly n\u00e9lk\u00fcl) kilogrammokban:<\/td>\n<td style=\"height: 39px;\">3,7<\/td>\n<\/tr>\n<tr class=\"\" style=\"height: 39px;\">\n<td style=\"height: 39px;\">A t\u00f6ml\u0151 hossza, M:<\/td>\n<td style=\"height: 39px;\">1,4<\/td>\n<\/tr>\n<tr class=\"alt\" style=\"height: 39px;\">\n<td style=\"height: 39px;\">El\u0151h\u0171t\u00e9si id\u0151 (-100\u00ba C)<\/td>\n<td style=\"height: 39px;\">Kevesebb, mint 4 perc<\/td>\n<\/tr>\n<tr class=\"\" style=\"height: 39px;\">\n<td style=\"height: 39px;\">A g\u00e1z h\u0151m\u00e9rs\u00e9klete:<\/td>\n<td style=\"height: 39px;\">-120\u00ba \u0421<\/td>\n<\/tr>\n<tr class=\"alt\" style=\"height: 39px;\">\n<td style=\"height: 39px;\">A nitrog\u00e9n fogyaszt\u00e1sa a f\u0151 h\u0171t\u00e9shez (10 Min, 100\u00ba \u0421):<\/td>\n<td style=\"height: 39px;\">0,6 l<\/td>\n<\/tr>\n<tr class=\"\" style=\"height: 39px;\">\n<td style=\"height: 39px;\">A v\u00e9delmi fokozat:<\/td>\n<td style=\"height: 39px;\">\u00a0IP50<\/td>\n<\/tr>\n<\/tbody>\n<\/table>\n<p>[\/et_pb_text][\/et_pb_column][\/et_pb_row][et_pb_row admin_label=&#8221;Row&#8221; make_fullwidth=&#8221;off&#8221; use_custom_width=&#8221;off&#8221; width_unit=&#8221;on&#8221; use_custom_gutter=&#8221;off&#8221; padding_mobile=&#8221;off&#8221; disabled=&#8221;on&#8221; disabled_on=&#8221;on|on|on&#8221; allow_player_pause=&#8221;off&#8221; parallax=&#8221;off&#8221; parallax_method=&#8221;off&#8221; make_equal=&#8221;off&#8221; parallax_1=&#8221;off&#8221; parallax_method_1=&#8221;off&#8221; parallax_2=&#8221;off&#8221; parallax_method_2=&#8221;off&#8221; parallax_3=&#8221;off&#8221; parallax_method_3=&#8221;off&#8221; column_padding_mobile=&#8221;on&#8221;][et_pb_column type=&#8221;1_3&#8243;][et_pb_image admin_label=&#8221;Image&#8221; src=&#8221;https:\/\/cryomedpro.com\/wp-content\/uploads\/\u0441ryofan\/cryofan-1.jpg&#8221; alt=&#8221;Cryofan&#8221; title_text=&#8221;Cryofan&#8221; show_in_lightbox=&#8221;off&#8221; url_new_window=&#8221;off&#8221; use_overlay=&#8221;off&#8221; animation=&#8221;left&#8221; sticky=&#8221;off&#8221; align=&#8221;left&#8221; force_fullwidth=&#8221;off&#8221; always_center_on_mobile=&#8221;on&#8221; use_border_color=&#8221;off&#8221; border_color=&#8221;#ffffff&#8221; border_style=&#8221;solid&#8221;]<\/p>\n<p>[\/et_pb_image][\/et_pb_column][et_pb_column type=&#8221;1_3&#8243;][et_pb_image admin_label=&#8221;Image&#8221; src=&#8221;https:\/\/cryomedpro.com\/wp-content\/uploads\/\u0441ryofan\/cryofan-2.jpg&#8221; alt=&#8221;Cryofan&#8221; title_text=&#8221;Cryofan&#8221; show_in_lightbox=&#8221;off&#8221; url_new_window=&#8221;off&#8221; use_overlay=&#8221;off&#8221; animation=&#8221;left&#8221; sticky=&#8221;off&#8221; align=&#8221;left&#8221; force_fullwidth=&#8221;off&#8221; always_center_on_mobile=&#8221;on&#8221; use_border_color=&#8221;off&#8221; border_color=&#8221;#ffffff&#8221; border_style=&#8221;solid&#8221;]<\/p>\n<p>[\/et_pb_image][\/et_pb_column][et_pb_column type=&#8221;1_3&#8243;][et_pb_image admin_label=&#8221;Image&#8221; src=&#8221;https:\/\/cryomedpro.com\/wp-content\/uploads\/\u0441ryofan\/cryofan-3.jpg&#8221; alt=&#8221;Cryofan&#8221; title_text=&#8221;Cryofan&#8221; show_in_lightbox=&#8221;off&#8221; url_new_window=&#8221;off&#8221; use_overlay=&#8221;off&#8221; animation=&#8221;left&#8221; sticky=&#8221;off&#8221; align=&#8221;left&#8221; force_fullwidth=&#8221;off&#8221; always_center_on_mobile=&#8221;on&#8221; use_border_color=&#8221;off&#8221; border_color=&#8221;#ffffff&#8221; border_style=&#8221;solid&#8221;]<\/p>\n<p>[\/et_pb_image][\/et_pb_column][\/et_pb_row][et_pb_row admin_label=&#8221;Row&#8221;][et_pb_column type=&#8221;1_2&#8243;][et_pb_image admin_label=&#8221;Image&#8221; src=&#8221;\/wp-content\/uploads\/cryofan\/cryofan-5.jpg&#8221; alt=&#8221;Cryofan&#8221; title_text=&#8221;Cryofan&#8221; show_in_lightbox=&#8221;on&#8221; url_new_window=&#8221;off&#8221; use_overlay=&#8221;off&#8221; animation=&#8221;left&#8221; sticky=&#8221;off&#8221; align=&#8221;left&#8221; force_fullwidth=&#8221;off&#8221; always_center_on_mobile=&#8221;on&#8221; use_border_color=&#8221;off&#8221; border_color=&#8221;#ffffff&#8221; border_style=&#8221;solid&#8221;]<\/p>\n<p>[\/et_pb_image][\/et_pb_column][et_pb_column type=&#8221;1_2&#8243;][et_pb_image admin_label=&#8221;Image&#8221; src=&#8221;\/wp-content\/uploads\/cryofan\/cryofan-6.jpg&#8221; alt=&#8221;Cryofan&#8221; title_text=&#8221;Cryofan&#8221; show_in_lightbox=&#8221;on&#8221; url_new_window=&#8221;off&#8221; use_overlay=&#8221;off&#8221; animation=&#8221;left&#8221; sticky=&#8221;off&#8221; align=&#8221;left&#8221; force_fullwidth=&#8221;off&#8221; always_center_on_mobile=&#8221;on&#8221; use_border_color=&#8221;off&#8221; border_color=&#8221;#ffffff&#8221; border_style=&#8221;solid&#8221;]<\/p>\n<p>[\/et_pb_image][\/et_pb_column][\/et_pb_row][et_pb_row admin_label=&#8221;Row&#8221;][et_pb_column type=&#8221;4_4&#8243;][et_pb_gallery admin_label=&#8221;Gallery&#8221; gallery_ids=&#8221;3581,3582,3572,3575&#8243; fullwidth=&#8221;off&#8221; show_title_and_caption=&#8221;off&#8221; show_pagination=&#8221;off&#8221; background_layout=&#8221;light&#8221; auto=&#8221;off&#8221; hover_overlay_color=&#8221;rgba(255,255,255,0.9)&#8221; caption_all_caps=&#8221;off&#8221; use_border_color=&#8221;off&#8221; border_color=&#8221;#ffffff&#8221; border_style=&#8221;solid&#8221;]<\/p>\n<p>[\/et_pb_gallery][\/et_pb_column][\/et_pb_row][et_pb_row admin_label=&#8221;Row&#8221;][et_pb_column type=&#8221;4_4&#8243;][et_pb_button admin_label=&#8221;Button&#8221; url_new_window=&#8221;off&#8221; button_text=&#8221;MEGV\u00c1S\u00c1ROLNI&#8221; button_alignment=&#8221;center&#8221; background_layout=&#8221;dark&#8221; custom_button=&#8221;on&#8221; button_text_size=&#8221;15&#8243; button_bg_color=&#8221;#8fd400&#8243; button_border_width=&#8221;0&#8243; button_letter_spacing=&#8221;0&#8243; button_use_icon=&#8221;off&#8221; button_icon_placement=&#8221;right&#8221; button_on_hover=&#8221;on&#8221; button_bg_color_hover=&#8221;#b0d369&#8243; button_letter_spacing_hover=&#8221;0&#8243; module_class=&#8221;popmake-contact-form-hu&#8221;]<\/p>\n<p>[\/et_pb_button][\/et_pb_column][\/et_pb_row][\/et_pb_section]<\/p>\n","protected":false},"excerpt":{"rendered":"<p>[et_pb_section admin_label=&#8221;section&#8221; background_image=&#8221;https:\/\/cryomedpro.com\/wp-content\/uploads\/2016\/12\/784743-blue-crystals-frost-macro.jpg&#8221; transparent_background=&#8221;off&#8221; allow_player_pause=&#8221;off&#8221; inner_shadow=&#8221;off&#8221; parallax=&#8221;off&#8221; parallax_method=&#8221;off&#8221; padding_mobile=&#8221;off&#8221; make_fullwidth=&#8221;off&#8221; use_custom_width=&#8221;off&#8221; width_unit=&#8221;on&#8221; make_equal=&#8221;off&#8221; use_custom_gutter=&#8221;off&#8221; module_class=&#8221;ns-banner&#8221; custom_padding=&#8221;3px|0px|4px|0px&#8221;][et_pb_row admin_label=&#8221;row&#8221;][et_pb_column type=&#8221;4_4&#8243;][et_pb_text admin_label=&#8221;Text&#8221; background_layout=&#8221;dark&#8221; text_orientation=&#8221;left&#8221; use_border_color=&#8221;off&#8221; border_color=&#8221;#ffffff&#8221; border_style=&#8221;solid&#8221;] Cryo-sz\u00e1r\u00edt\u00f3 (cryo-g\u00e9p) [\/et_pb_text][\/et_pb_column][\/et_pb_row][\/et_pb_section][et_pb_section admin_label=&#8221;Section&#8221; fullwidth=&#8221;off&#8221; specialty=&#8221;off&#8221; transparent_background=&#8221;off&#8221; allow_player_pause=&#8221;off&#8221; inner_shadow=&#8221;off&#8221; parallax=&#8221;off&#8221; parallax_method=&#8221;off&#8221; custom_padding=&#8221;15px|0px|0px|0px&#8221; padding_mobile=&#8221;off&#8221; make_fullwidth=&#8221;off&#8221; use_custom_width=&#8221;off&#8221; width_unit=&#8221;on&#8221; make_equal=&#8221;off&#8221; use_custom_gutter=&#8221;off&#8221;][et_pb_row admin_label=&#8221;Row&#8221; make_fullwidth=&#8221;off&#8221; use_custom_width=&#8221;off&#8221; width_unit=&#8221;on&#8221; use_custom_gutter=&#8221;off&#8221; padding_mobile=&#8221;off&#8221; allow_player_pause=&#8221;off&#8221; parallax=&#8221;off&#8221; parallax_method=&#8221;off&#8221; make_equal=&#8221;off&#8221; parallax_1=&#8221;off&#8221; parallax_method_1=&#8221;off&#8221; column_padding_mobile=&#8221;on&#8221; [&hellip;]<\/p>\n","protected":false},"author":2,"featured_media":0,"parent":0,"menu_order":0,"comment_status":"closed","ping_status":"closed","template":"","meta":[],"tags":[],"yoast_head":"<!-- This site is optimized with the Yoast SEO plugin v20.0 - https:\/\/yoast.com\/wordpress\/plugins\/seo\/ -->\n<title>Cryo-sz\u00e1r\u00edt\u00f3<\/title>\n<meta name=\"description\" content=\"Bizonyos esetekben a kozmetik\u00e1ban, dermatol\u00f3gi\u00e1ban, traumatol\u00f3gi\u00e1ban vagy sport-orvostudom\u00e1nyban sz\u00fcks\u00e9ges leh\u0171teni a b\u0151r specifikus ter\u00fclet\u00e9t a k\u00f6rnyez\u0151 ter\u00fcletek befoly\u00e1sol\u00e1sa n\u00e9lk\u00fcl.\" \/>\n<meta name=\"robots\" content=\"index, follow, max-snippet:-1, max-image-preview:large, max-video-preview:-1\" \/>\n<link rel=\"canonical\" href=\"https:\/\/cryomedpro.com\/hu\/cryo-szarito\/\" \/>\n<meta property=\"og:locale\" content=\"hu_HU\" \/>\n<meta property=\"og:type\" content=\"article\" \/>\n<meta property=\"og:title\" content=\"Cryo-sz\u00e1r\u00edt\u00f3\" \/>\n<meta property=\"og:description\" content=\"Bizonyos esetekben a kozmetik\u00e1ban, dermatol\u00f3gi\u00e1ban, traumatol\u00f3gi\u00e1ban vagy sport-orvostudom\u00e1nyban sz\u00fcks\u00e9ges leh\u0171teni a b\u0151r specifikus ter\u00fclet\u00e9t a k\u00f6rnyez\u0151 ter\u00fcletek befoly\u00e1sol\u00e1sa n\u00e9lk\u00fcl.\" \/>\n<meta property=\"og:url\" content=\"https:\/\/cryomedpro.com\/hu\/cryo-szarito\/\" \/>\n<meta property=\"og:site_name\" content=\"Cryomed PRO\" \/>\n<meta property=\"article:modified_time\" content=\"2019-11-28T11:28:02+00:00\" \/>\n<meta property=\"og:image\" content=\"https:\/\/cryomedpro.com\/wp-content\/uploads\/2016\/10\/heading-underline.png\" \/>\n<meta name=\"twitter:card\" content=\"summary_large_image\" \/>\n<meta name=\"twitter:label1\" content=\"Becs\u00fclt olvas\u00e1si id\u0151\" \/>\n\t<meta name=\"twitter:data1\" content=\"7 perc\" \/>\n<!-- \/ Yoast SEO plugin. -->","yoast_head_json":{"title":"Cryo-sz\u00e1r\u00edt\u00f3","description":"Bizonyos esetekben a kozmetik\u00e1ban, dermatol\u00f3gi\u00e1ban, traumatol\u00f3gi\u00e1ban vagy sport-orvostudom\u00e1nyban sz\u00fcks\u00e9ges leh\u0171teni a b\u0151r specifikus ter\u00fclet\u00e9t a k\u00f6rnyez\u0151 ter\u00fcletek befoly\u00e1sol\u00e1sa n\u00e9lk\u00fcl.","robots":{"index":"index","follow":"follow","max-snippet":"max-snippet:-1","max-image-preview":"max-image-preview:large","max-video-preview":"max-video-preview:-1"},"canonical":"https:\/\/cryomedpro.com\/hu\/cryo-szarito\/","og_locale":"hu_HU","og_type":"article","og_title":"Cryo-sz\u00e1r\u00edt\u00f3","og_description":"Bizonyos esetekben a kozmetik\u00e1ban, dermatol\u00f3gi\u00e1ban, traumatol\u00f3gi\u00e1ban vagy sport-orvostudom\u00e1nyban sz\u00fcks\u00e9ges leh\u0171teni a b\u0151r specifikus ter\u00fclet\u00e9t a k\u00f6rnyez\u0151 ter\u00fcletek befoly\u00e1sol\u00e1sa n\u00e9lk\u00fcl.","og_url":"https:\/\/cryomedpro.com\/hu\/cryo-szarito\/","og_site_name":"Cryomed PRO","article_modified_time":"2019-11-28T11:28:02+00:00","og_image":[{"url":"https:\/\/cryomedpro.com\/wp-content\/uploads\/2016\/10\/heading-underline.png"}],"twitter_card":"summary_large_image","twitter_misc":{"Becs\u00fclt olvas\u00e1si id\u0151":"7 perc"},"schema":{"@context":"https:\/\/schema.org","@graph":[{"@type":"WebPage","@id":"https:\/\/cryomedpro.com\/hu\/cryo-szarito\/","url":"https:\/\/cryomedpro.com\/hu\/cryo-szarito\/","name":"Cryo-sz\u00e1r\u00edt\u00f3","isPartOf":{"@id":"https:\/\/cryomedpro.com\/#website"},"datePublished":"2017-04-04T12:45:20+00:00","dateModified":"2019-11-28T11:28:02+00:00","description":"Bizonyos esetekben a kozmetik\u00e1ban, dermatol\u00f3gi\u00e1ban, traumatol\u00f3gi\u00e1ban vagy sport-orvostudom\u00e1nyban sz\u00fcks\u00e9ges leh\u0171teni a b\u0151r specifikus ter\u00fclet\u00e9t a k\u00f6rnyez\u0151 ter\u00fcletek befoly\u00e1sol\u00e1sa n\u00e9lk\u00fcl.","breadcrumb":{"@id":"https:\/\/cryomedpro.com\/hu\/cryo-szarito\/#breadcrumb"},"inLanguage":"hu","potentialAction":[{"@type":"ReadAction","target":["https:\/\/cryomedpro.com\/hu\/cryo-szarito\/"]}]},{"@type":"BreadcrumbList","@id":"https:\/\/cryomedpro.com\/hu\/cryo-szarito\/#breadcrumb","itemListElement":[{"@type":"ListItem","position":1,"name":"Home","item":"https:\/\/cryomedpro.com\/hu\/"},{"@type":"ListItem","position":2,"name":"Cryo-sz\u00e1r\u00edt\u00f3 (cryo-g\u00e9p)"}]},{"@type":"WebSite","@id":"https:\/\/cryomedpro.com\/#website","url":"https:\/\/cryomedpro.com\/","name":"Cryomed PRO","description":"Cryosaunas Worldwide","publisher":{"@id":"https:\/\/cryomedpro.com\/#\/schema\/person\/752b92c38fb6f6c5052ef7763f4d79eb"},"potentialAction":[{"@type":"SearchAction","target":{"@type":"EntryPoint","urlTemplate":"https:\/\/cryomedpro.com\/?s={search_term_string}"},"query-input":"required name=search_term_string"}],"inLanguage":"hu"},{"@type":["Person","Organization"],"@id":"https:\/\/cryomedpro.com\/#\/schema\/person\/752b92c38fb6f6c5052ef7763f4d79eb","name":"healthycold","image":{"@type":"ImageObject","inLanguage":"hu","@id":"https:\/\/cryomedpro.com\/#\/schema\/person\/image\/","url":"https:\/\/secure.gravatar.com\/avatar\/bbe2f3ec78281a56dba108d1bf0f9ffa?s=96&d=mm&r=g","contentUrl":"https:\/\/secure.gravatar.com\/avatar\/bbe2f3ec78281a56dba108d1bf0f9ffa?s=96&d=mm&r=g","caption":"healthycold"},"logo":{"@id":"https:\/\/cryomedpro.com\/#\/schema\/person\/image\/"}}]}},"_links":{"self":[{"href":"https:\/\/cryomedpro.com\/hu\/wp-json\/wp\/v2\/pages\/3566"}],"collection":[{"href":"https:\/\/cryomedpro.com\/hu\/wp-json\/wp\/v2\/pages"}],"about":[{"href":"https:\/\/cryomedpro.com\/hu\/wp-json\/wp\/v2\/types\/page"}],"author":[{"embeddable":true,"href":"https:\/\/cryomedpro.com\/hu\/wp-json\/wp\/v2\/users\/2"}],"replies":[{"embeddable":true,"href":"https:\/\/cryomedpro.com\/hu\/wp-json\/wp\/v2\/comments?post=3566"}],"version-history":[{"count":0,"href":"https:\/\/cryomedpro.com\/hu\/wp-json\/wp\/v2\/pages\/3566\/revisions"}],"wp:attachment":[{"href":"https:\/\/cryomedpro.com\/hu\/wp-json\/wp\/v2\/media?parent=3566"}],"wp:term":[{"taxonomy":"post_tag","embeddable":true,"href":"https:\/\/cryomedpro.com\/hu\/wp-json\/wp\/v2\/tags?post=3566"}],"curies":[{"name":"wp","href":"https:\/\/api.w.org\/{rel}","templated":true}]}}