{"id":4140,"date":"2017-04-26T12:50:06","date_gmt":"2017-04-26T10:50:06","guid":{"rendered":"https:\/\/cryomedpro.com\/?page_id=4140\/"},"modified":"2019-11-28T12:36:54","modified_gmt":"2019-11-28T11:36:54","slug":"tagas-lokabin","status":"publish","type":"page","link":"https:\/\/cryomedpro.com\/hu\/tagas-lokabin\/","title":{"rendered":"T\u00e1gas l\u00f3kabin"},"content":{"rendered":"<p>[et_pb_section admin_label=&#8221;section&#8221; background_image=&#8221;https:\/\/cryomedpro.com\/wp-content\/uploads\/2016\/12\/784743-blue-crystals-frost-macro.jpg&#8221; transparent_background=&#8221;off&#8221; allow_player_pause=&#8221;off&#8221; inner_shadow=&#8221;off&#8221; parallax=&#8221;off&#8221; parallax_method=&#8221;off&#8221; padding_mobile=&#8221;off&#8221; make_fullwidth=&#8221;off&#8221; use_custom_width=&#8221;off&#8221; width_unit=&#8221;on&#8221; make_equal=&#8221;off&#8221; use_custom_gutter=&#8221;off&#8221; module_class=&#8221;ns-banner&#8221; custom_padding=&#8221;3px|0px|4px|0px&#8221;][et_pb_row admin_label=&#8221;row&#8221;][et_pb_column type=&#8221;4_4&#8243;][et_pb_text admin_label=&#8221;Text&#8221; background_layout=&#8221;dark&#8221; text_orientation=&#8221;left&#8221; use_border_color=&#8221;off&#8221; border_color=&#8221;#ffffff&#8221; border_style=&#8221;solid&#8221;]<\/p>\n<p>&nbsp;<\/p>\n<h1 style=\"text-align: center;\">T\u00e1gas l\u00f3kabin<\/h1>\n<p><img decoding=\"async\" loading=\"lazy\" class=\"size-full wp-image-150 aligncenter\" src=\"https:\/\/cryomedpro.com\/wp-content\/uploads\/2016\/10\/heading-underline.png\" alt=\"heading-underline\" width=\"309\" height=\"12\" srcset=\"https:\/\/cryomedpro.com\/wp-content\/uploads\/2016\/10\/heading-underline.png 309w, https:\/\/cryomedpro.com\/wp-content\/uploads\/2016\/10\/heading-underline-300x12.png 300w\" sizes=\"(max-width: 309px) 100vw, 309px\" \/><\/p>\n<p>&nbsp;<\/p>\n<p>[\/et_pb_text][\/et_pb_column][\/et_pb_row][\/et_pb_section][et_pb_section admin_label=&#8221;Section&#8221; fullwidth=&#8221;off&#8221; specialty=&#8221;off&#8221; transparent_background=&#8221;off&#8221; allow_player_pause=&#8221;off&#8221; inner_shadow=&#8221;off&#8221; parallax=&#8221;off&#8221; parallax_method=&#8221;off&#8221; padding_mobile=&#8221;off&#8221; make_fullwidth=&#8221;off&#8221; use_custom_width=&#8221;off&#8221; width_unit=&#8221;on&#8221; make_equal=&#8221;off&#8221; use_custom_gutter=&#8221;off&#8221; module_class=&#8221;cryofan-block-head&#8221;][et_pb_row admin_label=&#8221;Row&#8221;][et_pb_column type=&#8221;1_2&#8243;][et_pb_image admin_label=&#8221;Image&#8221; src=&#8221;https:\/\/cryomedpro.com\/wp-content\/uploads\/2017\/04\/hors-6.jpg&#8221; alt=&#8221;Cryofan&#8221; title_text=&#8221;Cryofan&#8221; show_in_lightbox=&#8221;off&#8221; url_new_window=&#8221;off&#8221; use_overlay=&#8221;off&#8221; animation=&#8221;left&#8221; sticky=&#8221;off&#8221; align=&#8221;left&#8221; force_fullwidth=&#8221;off&#8221; always_center_on_mobile=&#8221;on&#8221; use_border_color=&#8221;off&#8221; border_color=&#8221;#ffffff&#8221; border_style=&#8221;solid&#8221;] [\/et_pb_image][\/et_pb_column][et_pb_column type=&#8221;1_2&#8243;][et_pb_text admin_label=&#8221;Text&#8221; background_layout=&#8221;light&#8221; text_orientation=&#8221;left&#8221; use_border_color=&#8221;off&#8221; border_color=&#8221;#ffffff&#8221; border_style=&#8221;solid&#8221;]<\/p>\n<p>&nbsp;<\/p>\n<p style=\"text-align: justify;\">A t\u00e1gas Space Cabin Horse l\u00f3kabin-krioszauna olyan speci\u00e1lis berendez\u00e9s, amely lehet\u0151v\u00e9 teszi lovak krioter\u00e1pi\u00e1s kezel\u00e9s\u00e9t az izomt\u00f3nus gyors helyre\u00e1ll\u00edt\u00e1s\u00e1nak el\u0151seg\u00edt\u00e9s\u00e9hez. Ez a k\u00fcl\u00f6nleges min\u0151s\u00e9g\u0171 anyagokb\u00f3l k\u00e9sz\u00fclt \u00e9s k\u00fcl\u00f6nleges kialak\u00edt\u00e1s\u00fa krioszauna feloldja a l\u00f3 stressz-hat\u00e1sait a kezel\u00e9s sor\u00e1n.<\/p>\n<p style=\"text-align: justify;\">A Cryomed s.r.o. a Space Cabin Horse l\u00f3kabin-krioszauna kiz\u00e1r\u00f3lagos forgalmaz\u00f3ja szerte a vil\u00e1gon.<\/p>\n<p>&nbsp;<\/p>\n<p>[\/et_pb_text][et_pb_button admin_label=&#8221;Button&#8221; url_new_window=&#8221;off&#8221; button_text=&#8221;MEGV\u00c1S\u00c1ROLNI&#8221; button_alignment=&#8221;left&#8221; background_layout=&#8221;dark&#8221; custom_button=&#8221;on&#8221; button_letter_spacing=&#8221;0&#8243; button_use_icon=&#8221;off&#8221; button_icon_placement=&#8221;right&#8221; button_on_hover=&#8221;off&#8221; button_letter_spacing_hover=&#8221;0&#8243; module_class=&#8221;popmake-contact-form-hu&#8221; button_text_size=&#8221;15&#8243; button_bg_color=&#8221;#8fd400&#8243; button_border_width=&#8221;0&#8243; button_bg_color_hover=&#8221;#b0d369&#8243;] [\/et_pb_button][\/et_pb_column][\/et_pb_row][et_pb_row admin_label=&#8221;Row&#8221; make_fullwidth=&#8221;off&#8221; use_custom_width=&#8221;off&#8221; width_unit=&#8221;on&#8221; use_custom_gutter=&#8221;off&#8221; padding_mobile=&#8221;off&#8221; allow_player_pause=&#8221;off&#8221; parallax=&#8221;off&#8221; parallax_method=&#8221;off&#8221; make_equal=&#8221;off&#8221; parallax_1=&#8221;off&#8221; parallax_method_1=&#8221;off&#8221; column_padding_mobile=&#8221;on&#8221; module_id=&#8221;horse-advantages-title&#8221;][et_pb_column type=&#8221;4_4&#8243;][et_pb_text admin_label=&#8221;Text&#8221; background_layout=&#8221;light&#8221; text_orientation=&#8221;left&#8221; use_border_color=&#8221;off&#8221; border_color=&#8221;#ffffff&#8221; border_style=&#8221;solid&#8221;]<\/p>\n<p>&nbsp;<\/p>\n<h2>El\u0151ny\u00f6k<\/h2>\n<p>&nbsp;<\/p>\n<p>[\/et_pb_text][\/et_pb_column][\/et_pb_row][et_pb_row admin_label=&#8221;Row&#8221; make_fullwidth=&#8221;off&#8221; use_custom_width=&#8221;off&#8221; width_unit=&#8221;on&#8221; use_custom_gutter=&#8221;off&#8221; padding_mobile=&#8221;off&#8221; allow_player_pause=&#8221;off&#8221; parallax=&#8221;off&#8221; parallax_method=&#8221;off&#8221; make_equal=&#8221;off&#8221; parallax_1=&#8221;off&#8221; parallax_method_1=&#8221;off&#8221; parallax_2=&#8221;off&#8221; parallax_method_2=&#8221;off&#8221; column_padding_mobile=&#8221;on&#8221; module_id=&#8221;horse-advantages&#8221;][et_pb_column type=&#8221;1_2&#8243;][et_pb_text admin_label=&#8221;Text&#8221; background_layout=&#8221;light&#8221; text_orientation=&#8221;left&#8221; use_border_color=&#8221;off&#8221; border_color=&#8221;#ffffff&#8221; border_style=&#8221;solid&#8221;]<\/p>\n<p>&nbsp;<\/p>\n<ul>\n<li>Informat\u00edv \u00e9rint\u0151k\u00e9perny\u0151s kezel\u0151panel<\/li>\n<li>Kezel\u00e9sek \u00e9s egy\u00e9b folyamatok sz\u00e1ml\u00e1l\u00f3ja<\/li>\n<li>Automatikus \u00e9s k\u00e9zi vez\u00e9rl\u00e9s<\/li>\n<\/ul>\n<p>&nbsp;<\/p>\n<p>[\/et_pb_text][\/et_pb_column][et_pb_column type=&#8221;1_2&#8243;][et_pb_text admin_label=&#8221;Text&#8221; background_layout=&#8221;light&#8221; text_orientation=&#8221;left&#8221; use_border_color=&#8221;off&#8221; border_color=&#8221;#ffffff&#8221; border_style=&#8221;solid&#8221;]<\/p>\n<p>&nbsp;<\/p>\n<ul>\n<li>A legjobb \u00e1r-teljes\u00edtm\u00e9ny ar\u00e1ny<\/li>\n<li>Sz\u00e1ll\u00edt\u00e1s, \u00f6sszeszerel\u00e9s \u00e9s karbantart\u00e1s a vil\u00e1g b\u00e1rmely r\u00e9sz\u00e9n<\/li>\n<li>Csak j\u00f3 min\u0151s\u00e9g\u0171 \u00e9s \u00e1rtalmatlan anyagok<\/li>\n<\/ul>\n<p>&nbsp;<\/p>\n<p>[\/et_pb_text][\/et_pb_column][\/et_pb_row][\/et_pb_section][et_pb_section admin_label=&#8221;Section&#8221; fullwidth=&#8221;off&#8221; specialty=&#8221;off&#8221; transparent_background=&#8221;off&#8221; allow_player_pause=&#8221;off&#8221; inner_shadow=&#8221;off&#8221; parallax=&#8221;off&#8221; parallax_method=&#8221;off&#8221; padding_mobile=&#8221;off&#8221; make_fullwidth=&#8221;off&#8221; use_custom_width=&#8221;off&#8221; width_unit=&#8221;on&#8221; make_equal=&#8221;off&#8221; use_custom_gutter=&#8221;off&#8221; module_class=&#8221;ns-single-description cryofan-block&#8221;][et_pb_row admin_label=&#8221;Row&#8221;][et_pb_column type=&#8221;4_4&#8243;][et_pb_text admin_label=&#8221;Text&#8221; background_layout=&#8221;light&#8221; text_orientation=&#8221;left&#8221; use_border_color=&#8221;off&#8221; border_color=&#8221;#ffffff&#8221; border_style=&#8221;solid&#8221;]<\/p>\n<p>&nbsp;<\/p>\n<table class=\"prod_full_attributes\" style=\"background-color: #e6ffff; border-color: #00c4d9;\" border=\"1\">\n<tbody>\n<tr class=\"\" style=\"height: 45.2px;\">\n<th style=\"height: 45.2px;\">Jellemz\u0151k<\/th>\n<th style=\"height: 45.2px;\">\u00c9rt\u00e9k<\/th>\n<\/tr>\n<tr class=\"alt\" style=\"height: 39px;\">\n<td style=\"height: 39px;\">Sz\u00e9less\u00e9g<\/td>\n<td style=\"height: 39px;\">2000 mm<\/td>\n<\/tr>\n<tr class=\"\" style=\"height: 39px;\">\n<td style=\"height: 39px;\">Hossz\u00fas\u00e1g<\/td>\n<td style=\"height: 39px;\">2000 mm<\/td>\n<\/tr>\n<tr class=\"alt\" style=\"height: 39px;\">\n<td style=\"height: 39px;\">Magass\u00e1g<\/td>\n<td style=\"height: 39px;\">1830 mm<\/td>\n<\/tr>\n<tr class=\"\" style=\"height: 39px;\">\n<td style=\"height: 39px;\">A krioszauna h\u0151m\u00e9rs\u00e9klete<\/td>\n<td style=\"height: 39px;\">\u2212130\u00b0 \u2212170\u00b0\u0421<\/td>\n<\/tr>\n<tr class=\"alt\" style=\"height: 39px;\">\n<td style=\"height: 39px;\">A h\u0171t\u00e9sre haszn\u00e1lt foly\u00e9kony nitrog\u00e9n mennyis\u00e9ge<\/td>\n<td style=\"height: 39px;\">8 kg<\/td>\n<\/tr>\n<tr class=\"\" style=\"height: 39px;\">\n<td style=\"height: 39px;\">A kezel\u00e9s sor\u00e1n haszn\u00e1lt foly\u00e9kony nitrog\u00e9n mennyis\u00e9ge<\/td>\n<td style=\"height: 39px;\">from 8 to 10 kg<\/td>\n<\/tr>\n<tr class=\"alt\" style=\"height: 39px;\">\n<td style=\"height: 39px;\">T\u00e1pfesz\u00fclts\u00e9g<\/td>\n<td style=\"height: 39px;\">220 \u00b1 22V, 50 Hz<\/td>\n<\/tr>\n<tr class=\"\" style=\"height: 39px;\">\n<td style=\"height: 39px;\">Teljes\u00edtm\u00e9ny<\/td>\n<td style=\"height: 39px;\">2,5 kW<\/td>\n<\/tr>\n<tr class=\"\" style=\"height: 39px;\">\n<td style=\"height: 39px;\">T\u00edpus<\/td>\n<td style=\"height: 39px;\">Szelep<\/td>\n<\/tr>\n<tr class=\"\" style=\"height: 39px;\">\n<td style=\"height: 39px;\">S\u00faly<\/td>\n<td style=\"height: 39px;\">1110 \u043ag<\/td>\n<\/tr>\n<tr class=\"\" style=\"height: 39px;\">\n<td style=\"height: 39px;\">Az elj\u00e1r\u00e1s \/ kezel\u00e9s id\u0151tartama<\/td>\n<td style=\"height: 39px;\">3-5 perc<\/td>\n<\/tr>\n<\/tbody>\n<\/table>\n<p>&nbsp;<\/p>\n<p>[\/et_pb_text][et_pb_text admin_label=&#8221;Text&#8221; background_layout=&#8221;light&#8221; text_orientation=&#8221;left&#8221; use_border_color=&#8221;off&#8221; border_color=&#8221;#ffffff&#8221; border_style=&#8221;solid&#8221; module_id=&#8221;horse-carousel&#8221;] [lgx-carousel cat=&#8221;Horse&#8221;] [\/et_pb_text][et_pb_code admin_label=&#8221;Code&#8221;]&lt;iframe width=&#8221;560&#8243; height=&#8221;315&#8243; src=&#8221;https:\/\/www.youtube.com\/embed\/nb-RfwxLrxM&#8221; frameborder=&#8221;0&#8243; allowfullscreen&gt;&lt;\/iframe&gt;[\/et_pb_code][\/et_pb_column][\/et_pb_row][\/et_pb_section]<\/p>\n","protected":false},"excerpt":{"rendered":"<p>[et_pb_section admin_label=&#8221;section&#8221; background_image=&#8221;https:\/\/cryomedpro.com\/wp-content\/uploads\/2016\/12\/784743-blue-crystals-frost-macro.jpg&#8221; transparent_background=&#8221;off&#8221; allow_player_pause=&#8221;off&#8221; inner_shadow=&#8221;off&#8221; parallax=&#8221;off&#8221; parallax_method=&#8221;off&#8221; padding_mobile=&#8221;off&#8221; make_fullwidth=&#8221;off&#8221; use_custom_width=&#8221;off&#8221; width_unit=&#8221;on&#8221; make_equal=&#8221;off&#8221; use_custom_gutter=&#8221;off&#8221; module_class=&#8221;ns-banner&#8221; custom_padding=&#8221;3px|0px|4px|0px&#8221;][et_pb_row admin_label=&#8221;row&#8221;][et_pb_column type=&#8221;4_4&#8243;][et_pb_text admin_label=&#8221;Text&#8221; background_layout=&#8221;dark&#8221; text_orientation=&#8221;left&#8221; use_border_color=&#8221;off&#8221; border_color=&#8221;#ffffff&#8221; border_style=&#8221;solid&#8221;] &nbsp; T\u00e1gas l\u00f3kabin &nbsp; [\/et_pb_text][\/et_pb_column][\/et_pb_row][\/et_pb_section][et_pb_section admin_label=&#8221;Section&#8221; fullwidth=&#8221;off&#8221; specialty=&#8221;off&#8221; transparent_background=&#8221;off&#8221; allow_player_pause=&#8221;off&#8221; inner_shadow=&#8221;off&#8221; parallax=&#8221;off&#8221; parallax_method=&#8221;off&#8221; padding_mobile=&#8221;off&#8221; make_fullwidth=&#8221;off&#8221; use_custom_width=&#8221;off&#8221; width_unit=&#8221;on&#8221; make_equal=&#8221;off&#8221; use_custom_gutter=&#8221;off&#8221; module_class=&#8221;cryofan-block-head&#8221;][et_pb_row admin_label=&#8221;Row&#8221;][et_pb_column type=&#8221;1_2&#8243;][et_pb_image admin_label=&#8221;Image&#8221; src=&#8221;https:\/\/cryomedpro.com\/wp-content\/uploads\/2017\/04\/hors-6.jpg&#8221; alt=&#8221;Cryofan&#8221; title_text=&#8221;Cryofan&#8221; show_in_lightbox=&#8221;off&#8221; url_new_window=&#8221;off&#8221; use_overlay=&#8221;off&#8221; animation=&#8221;left&#8221; sticky=&#8221;off&#8221; [&hellip;]<\/p>\n","protected":false},"author":2,"featured_media":0,"parent":0,"menu_order":0,"comment_status":"closed","ping_status":"closed","template":"","meta":[],"tags":[],"yoast_head":"<!-- This site is optimized with the Yoast SEO plugin v20.0 - https:\/\/yoast.com\/wordpress\/plugins\/seo\/ -->\n<title>T\u00e1gas l\u00f3kabin<\/title>\n<meta name=\"description\" content=\"A t\u00e1gas Space Cabin Horse l\u00f3kabin-krioszauna olyan speci\u00e1lis berendez\u00e9s, amely lehet\u0151v\u00e9 teszi lovak krioter\u00e1pi\u00e1s kezel\u00e9s\u00e9t az izomt\u00f3nus gyors helyre\u00e1ll\u00edt\u00e1s\u00e1nak el\u0151seg\u00edt\u00e9s\u00e9hez.\" \/>\n<meta name=\"robots\" content=\"index, follow, max-snippet:-1, max-image-preview:large, max-video-preview:-1\" \/>\n<link rel=\"canonical\" href=\"https:\/\/cryomedpro.com\/hu\/tagas-lokabin\/\" \/>\n<meta property=\"og:locale\" content=\"hu_HU\" \/>\n<meta property=\"og:type\" content=\"article\" \/>\n<meta property=\"og:title\" content=\"T\u00e1gas l\u00f3kabin\" \/>\n<meta property=\"og:description\" content=\"A t\u00e1gas Space Cabin Horse l\u00f3kabin-krioszauna olyan speci\u00e1lis berendez\u00e9s, amely lehet\u0151v\u00e9 teszi lovak krioter\u00e1pi\u00e1s kezel\u00e9s\u00e9t az izomt\u00f3nus gyors helyre\u00e1ll\u00edt\u00e1s\u00e1nak el\u0151seg\u00edt\u00e9s\u00e9hez.\" \/>\n<meta property=\"og:url\" content=\"https:\/\/cryomedpro.com\/hu\/tagas-lokabin\/\" \/>\n<meta property=\"og:site_name\" content=\"Cryomed PRO\" \/>\n<meta property=\"article:modified_time\" content=\"2019-11-28T11:36:54+00:00\" \/>\n<meta property=\"og:image\" content=\"https:\/\/cryomedpro.com\/wp-content\/uploads\/2016\/10\/heading-underline.png\" \/>\n<meta name=\"twitter:card\" content=\"summary_large_image\" \/>\n<meta name=\"twitter:label1\" content=\"Becs\u00fclt olvas\u00e1si id\u0151\" \/>\n\t<meta name=\"twitter:data1\" content=\"5 perc\" \/>\n<!-- \/ Yoast SEO plugin. -->","yoast_head_json":{"title":"T\u00e1gas l\u00f3kabin","description":"A t\u00e1gas Space Cabin Horse l\u00f3kabin-krioszauna olyan speci\u00e1lis berendez\u00e9s, amely lehet\u0151v\u00e9 teszi lovak krioter\u00e1pi\u00e1s kezel\u00e9s\u00e9t az izomt\u00f3nus gyors helyre\u00e1ll\u00edt\u00e1s\u00e1nak el\u0151seg\u00edt\u00e9s\u00e9hez.","robots":{"index":"index","follow":"follow","max-snippet":"max-snippet:-1","max-image-preview":"max-image-preview:large","max-video-preview":"max-video-preview:-1"},"canonical":"https:\/\/cryomedpro.com\/hu\/tagas-lokabin\/","og_locale":"hu_HU","og_type":"article","og_title":"T\u00e1gas l\u00f3kabin","og_description":"A t\u00e1gas Space Cabin Horse l\u00f3kabin-krioszauna olyan speci\u00e1lis berendez\u00e9s, amely lehet\u0151v\u00e9 teszi lovak krioter\u00e1pi\u00e1s kezel\u00e9s\u00e9t az izomt\u00f3nus gyors helyre\u00e1ll\u00edt\u00e1s\u00e1nak el\u0151seg\u00edt\u00e9s\u00e9hez.","og_url":"https:\/\/cryomedpro.com\/hu\/tagas-lokabin\/","og_site_name":"Cryomed PRO","article_modified_time":"2019-11-28T11:36:54+00:00","og_image":[{"url":"https:\/\/cryomedpro.com\/wp-content\/uploads\/2016\/10\/heading-underline.png"}],"twitter_card":"summary_large_image","twitter_misc":{"Becs\u00fclt olvas\u00e1si id\u0151":"5 perc"},"schema":{"@context":"https:\/\/schema.org","@graph":[{"@type":"WebPage","@id":"https:\/\/cryomedpro.com\/hu\/tagas-lokabin\/","url":"https:\/\/cryomedpro.com\/hu\/tagas-lokabin\/","name":"T\u00e1gas l\u00f3kabin","isPartOf":{"@id":"https:\/\/cryomedpro.com\/#website"},"datePublished":"2017-04-26T10:50:06+00:00","dateModified":"2019-11-28T11:36:54+00:00","description":"A t\u00e1gas Space Cabin Horse l\u00f3kabin-krioszauna olyan speci\u00e1lis berendez\u00e9s, amely lehet\u0151v\u00e9 teszi lovak krioter\u00e1pi\u00e1s kezel\u00e9s\u00e9t az izomt\u00f3nus gyors helyre\u00e1ll\u00edt\u00e1s\u00e1nak el\u0151seg\u00edt\u00e9s\u00e9hez.","breadcrumb":{"@id":"https:\/\/cryomedpro.com\/hu\/tagas-lokabin\/#breadcrumb"},"inLanguage":"hu","potentialAction":[{"@type":"ReadAction","target":["https:\/\/cryomedpro.com\/hu\/tagas-lokabin\/"]}]},{"@type":"BreadcrumbList","@id":"https:\/\/cryomedpro.com\/hu\/tagas-lokabin\/#breadcrumb","itemListElement":[{"@type":"ListItem","position":1,"name":"Home","item":"https:\/\/cryomedpro.com\/hu\/"},{"@type":"ListItem","position":2,"name":"T\u00e1gas l\u00f3kabin"}]},{"@type":"WebSite","@id":"https:\/\/cryomedpro.com\/#website","url":"https:\/\/cryomedpro.com\/","name":"Cryomed PRO","description":"Cryosaunas Worldwide","publisher":{"@id":"https:\/\/cryomedpro.com\/#\/schema\/person\/752b92c38fb6f6c5052ef7763f4d79eb"},"potentialAction":[{"@type":"SearchAction","target":{"@type":"EntryPoint","urlTemplate":"https:\/\/cryomedpro.com\/?s={search_term_string}"},"query-input":"required name=search_term_string"}],"inLanguage":"hu"},{"@type":["Person","Organization"],"@id":"https:\/\/cryomedpro.com\/#\/schema\/person\/752b92c38fb6f6c5052ef7763f4d79eb","name":"healthycold","image":{"@type":"ImageObject","inLanguage":"hu","@id":"https:\/\/cryomedpro.com\/#\/schema\/person\/image\/","url":"https:\/\/secure.gravatar.com\/avatar\/bbe2f3ec78281a56dba108d1bf0f9ffa?s=96&d=mm&r=g","contentUrl":"https:\/\/secure.gravatar.com\/avatar\/bbe2f3ec78281a56dba108d1bf0f9ffa?s=96&d=mm&r=g","caption":"healthycold"},"logo":{"@id":"https:\/\/cryomedpro.com\/#\/schema\/person\/image\/"}}]}},"_links":{"self":[{"href":"https:\/\/cryomedpro.com\/hu\/wp-json\/wp\/v2\/pages\/4140"}],"collection":[{"href":"https:\/\/cryomedpro.com\/hu\/wp-json\/wp\/v2\/pages"}],"about":[{"href":"https:\/\/cryomedpro.com\/hu\/wp-json\/wp\/v2\/types\/page"}],"author":[{"embeddable":true,"href":"https:\/\/cryomedpro.com\/hu\/wp-json\/wp\/v2\/users\/2"}],"replies":[{"embeddable":true,"href":"https:\/\/cryomedpro.com\/hu\/wp-json\/wp\/v2\/comments?post=4140"}],"version-history":[{"count":0,"href":"https:\/\/cryomedpro.com\/hu\/wp-json\/wp\/v2\/pages\/4140\/revisions"}],"wp:attachment":[{"href":"https:\/\/cryomedpro.com\/hu\/wp-json\/wp\/v2\/media?parent=4140"}],"wp:term":[{"taxonomy":"post_tag","embeddable":true,"href":"https:\/\/cryomedpro.com\/hu\/wp-json\/wp\/v2\/tags?post=4140"}],"curies":[{"name":"wp","href":"https:\/\/api.w.org\/{rel}","templated":true}]}}