{"id":5509,"date":"2017-11-21T13:04:23","date_gmt":"2017-11-21T12:04:23","guid":{"rendered":"https:\/\/cryomedpro.com\/dewar-vessels\/"},"modified":"2019-11-28T12:30:42","modified_gmt":"2019-11-28T11:30:42","slug":"dewar-vessels","status":"publish","type":"page","link":"https:\/\/cryomedpro.com\/hu\/dewar-vessels\/","title":{"rendered":"Dewar ed\u00e9nyek"},"content":{"rendered":"<p>[et_pb_section admin_label=&#8221;section&#8221; background_image=&#8221;https:\/\/cryomedpro.com\/wp-content\/uploads\/2016\/12\/784743-blue-crystals-frost-macro.jpg&#8221; transparent_background=&#8221;off&#8221; allow_player_pause=&#8221;off&#8221; inner_shadow=&#8221;off&#8221; parallax=&#8221;off&#8221; parallax_method=&#8221;off&#8221; custom_padding=&#8221;3px||4px|&#8221; padding_mobile=&#8221;off&#8221; make_fullwidth=&#8221;off&#8221; use_custom_width=&#8221;off&#8221; width_unit=&#8221;on&#8221; make_equal=&#8221;off&#8221; use_custom_gutter=&#8221;off&#8221; module_class=&#8221;ns-banner&#8221;][et_pb_row admin_label=&#8221;row&#8221;][et_pb_column type=&#8221;4_4&#8243;][et_pb_text admin_label=&#8221;Text&#8221; background_layout=&#8221;dark&#8221; text_orientation=&#8221;center&#8221; use_border_color=&#8221;off&#8221; border_color=&#8221;#ffffff&#8221; border_style=&#8221;solid&#8221;]<\/p>\n<h1 style=\"text-align: center;\">Dewar ed\u00e9nyek<\/h1>\n<p><img decoding=\"async\" loading=\"lazy\" class=\"size-full wp-image-150 aligncenter\" src=\"https:\/\/cryomedpro.com\/wp-content\/uploads\/2016\/10\/heading-underline.png\" alt=\"heading-underline\" width=\"309\" height=\"12\" srcset=\"https:\/\/cryomedpro.com\/wp-content\/uploads\/2016\/10\/heading-underline.png 309w, https:\/\/cryomedpro.com\/wp-content\/uploads\/2016\/10\/heading-underline-300x12.png 300w\" sizes=\"(max-width: 309px) 100vw, 309px\" \/><\/p>\n<p>[\/et_pb_text][\/et_pb_column][\/et_pb_row][\/et_pb_section][et_pb_section admin_label=&#8221;Section&#8221; fullwidth=&#8221;off&#8221; specialty=&#8221;off&#8221; transparent_background=&#8221;off&#8221; allow_player_pause=&#8221;off&#8221; inner_shadow=&#8221;off&#8221; parallax=&#8221;off&#8221; parallax_method=&#8221;off&#8221; custom_padding=&#8221;15px|0px|0px|0px&#8221; padding_mobile=&#8221;off&#8221; make_fullwidth=&#8221;off&#8221; use_custom_width=&#8221;off&#8221; width_unit=&#8221;on&#8221; make_equal=&#8221;off&#8221; use_custom_gutter=&#8221;off&#8221;][et_pb_row admin_label=&#8221;Row&#8221; make_fullwidth=&#8221;off&#8221; use_custom_width=&#8221;off&#8221; width_unit=&#8221;on&#8221; use_custom_gutter=&#8221;off&#8221; padding_mobile=&#8221;off&#8221; allow_player_pause=&#8221;off&#8221; parallax=&#8221;off&#8221; parallax_method=&#8221;off&#8221; make_equal=&#8221;off&#8221; parallax_1=&#8221;off&#8221; parallax_method_1=&#8221;off&#8221; column_padding_mobile=&#8221;on&#8221; custom_padding=&#8221;0px|0px|0px|0px&#8221;][et_pb_column type=&#8221;4_4&#8243;][et_pb_code admin_label=&#8221;Code&#8221;]\tCryo\n<span><span><a href=\"https:\/\/cryomedpro.com\/hu\/\">Home<\/a><\/span><\/span>[\/et_pb_code][\/et_pb_column][\/et_pb_row][\/et_pb_section][et_pb_section admin_label=&#8221;Section&#8221; fullwidth=&#8221;off&#8221; specialty=&#8221;off&#8221;][et_pb_row admin_label=&#8221;Row&#8221;][et_pb_column type=&#8221;1_2&#8243;][et_pb_image admin_label=&#8221;Image&#8221; src=&#8221;https:\/\/cryomedpro.com\/wp-content\/uploads\/2017\/11\/dewars_ck.gif&#8221; alt=&#8221;Dewar Vessels&#8221; title_text=&#8221;Dewar Vessels&#8221; show_in_lightbox=&#8221;off&#8221; url_new_window=&#8221;off&#8221; use_overlay=&#8221;off&#8221; animation=&#8221;left&#8221; sticky=&#8221;off&#8221; align=&#8221;center&#8221; force_fullwidth=&#8221;off&#8221; always_center_on_mobile=&#8221;on&#8221; use_border_color=&#8221;off&#8221; border_color=&#8221;#ffffff&#8221; border_style=&#8221;solid&#8221;]<\/p>\n<p>[\/et_pb_image][\/et_pb_column][et_pb_column type=&#8221;1_2&#8243;][et_pb_text admin_label=&#8221;Text&#8221; background_layout=&#8221;light&#8221; text_orientation=&#8221;left&#8221; use_border_color=&#8221;off&#8221; border_color=&#8221;#ffffff&#8221; border_style=&#8221;solid&#8221;]<\/p>\n<h2>Mi az a Dewar ed\u00e9ny?<\/h2>\n<p>A Dewar ed\u00e9nyek speci\u00e1lis kivitelez\u00e9s\u0171 v\u00e1kuum-lombikok, amelyeket nagy mennyis\u00e9g\u0171 foly\u00e9kony nitrog\u00e9n, argon \u00e9s oxig\u00e9n sz\u00e1ll\u00edt\u00e1s\u00e1ra \u00e9s t\u00e1rol\u00e1s\u00e1ra hoztak l\u00e9tre. A h\u0151szigetel\u0151 rendszer magas konstrukci\u00f3s hat\u00e9konys\u00e1ga garant\u00e1lja a kriog\u00e9n t\u00e1rol\u00e1s maxim\u00e1lis id\u0151tartam\u00e1t.<\/p>\n<p>A foly\u00e9kony nitrog\u00e9nes Dewar ed\u00e9nyek rendk\u00edv\u00fcl hat\u00e9kony m\u00e9lyh\u0171t\u00e9st k\u00edn\u00e1lnak alacsony t\u00f6meggel \u00e9s szer\u00e9ny helyig\u00e9nyekkel kombin\u00e1lva. Alkalmasak kutat\u00f3laborat\u00f3riumokban, gy\u00f3gy- \u00e9s sz\u00e9ps\u00e9gk\u00f6zpontokban, az eg\u00e9szs\u00e9g\u00fcgyben, ipari k\u00f6rnyezetben \u00e9s a sportorvosl\u00e1sban val\u00f3 haszn\u00e1latra.<\/p>\n<p>A Cryomed foly\u00e9kony nitrog\u00e9nt t\u00e1rol\u00f3 Dewar ed\u00e9nyei k\u00fcl\u00f6nb\u00f6z\u0151 m\u00e9retekben kaphat\u00f3k: 6; 10; 17,5; 26,5; 40 liter t\u00e9rfogattal.<\/p>\n<p>[\/et_pb_text][\/et_pb_column][\/et_pb_row][et_pb_row admin_label=&#8221;Row&#8221;][et_pb_column type=&#8221;4_4&#8243;][et_pb_text admin_label=&#8221;Text&#8221; background_layout=&#8221;light&#8221; text_orientation=&#8221;left&#8221; use_border_color=&#8221;off&#8221; border_color=&#8221;#ffffff&#8221; border_style=&#8221;solid&#8221;]<\/p>\n<h2 style=\"text-align: center; color: #666666;\">A Dewar-ed\u00e9nyek m\u0171szaki jellemz\u0151i:<\/h2>\n<p><img decoding=\"async\" loading=\"lazy\" class=\"size-medium wp-image-85 aligncenter\" src=\"https:\/\/cryomedpro.com\/wp-content\/uploads\/2016\/10\/brush-2-300x12.png\" alt=\"brush-2\" width=\"300\" height=\"12\" srcset=\"https:\/\/cryomedpro.com\/wp-content\/uploads\/2016\/10\/brush-2-300x12.png 300w, https:\/\/cryomedpro.com\/wp-content\/uploads\/2016\/10\/brush-2.png 309w\" sizes=\"(max-width: 300px) 100vw, 300px\" \/><\/p>\n<p>[\/et_pb_text][et_pb_text admin_label=&#8221;Text&#8221; background_layout=&#8221;light&#8221; text_orientation=&#8221;left&#8221; use_border_color=&#8221;off&#8221; border_color=&#8221;#ffffff&#8221; border_style=&#8221;solid&#8221;]<\/p>\n<ul>\n<li>Magas t\u00e1rol\u00f3kapacit\u00e1s \u00e9s \u00fajrat\u00f6lt\u00e9si k\u00e9pess\u00e9g (6 l-t\u0151l 40l-ig);<\/li>\n<li>Kompatibilis testreszabott m\u00e9ret (k\u00fcls\u0151 \u00e1tm\u00e9r\u0151 260 &#8211; 460 mm, magass\u00e1g &#8211; 480 &#8211; 720 mm);<\/li>\n<li>Alacsony p\u00e1rolg\u00e1si sebess\u00e9g;<\/li>\n<li>Alacsony \u00fcres t\u00f6meg (4,5 \u00e9s 14,5 kg k\u00f6z\u00f6tt);<\/li>\n<li>Fejlett v\u00e1kuum- \u00e9s szigetel\u00e9si technol\u00f3gi\u00e1k;<\/li>\n<li>Minim\u00e1lis nitrog\u00e9nvesztes\u00e9g;<\/li>\n<li>Mindenf\u00e9le t\u00edpus\u00fa sz\u00e1ll\u00edt\u00e1shoz kialak\u00edtott v\u00e1ltozatok kaphat\u00f3k;<\/li>\n<li>Megb\u00edzhat\u00f3 \u00e9lettartam &#8211; 8 \u00e9v megfelel\u0151 k\u00f6r\u00fclm\u00e9nyek k\u00f6z\u00f6tt.<\/li>\n<\/ul>\n<p>[\/et_pb_text][et_pb_text admin_label=&#8221;Text&#8221; background_layout=&#8221;light&#8221; text_orientation=&#8221;left&#8221; use_border_color=&#8221;off&#8221; border_color=&#8221;#ffffff&#8221; border_style=&#8221;solid&#8221;]<\/p>\n<table class=\"responstable\">\n<tbody>\n<tr>\n<td rowspan=\"2\">Modell<\/td>\n<td rowspan=\"2\">Kapacit\u00e1s, liter<\/td>\n<td rowspan=\"2\">A nitrog\u00e9n teljes elp\u00e1rologtat\u00e1s\u00e1ig eltelt napok sz\u00e1ma<\/td>\n<td rowspan=\"2\">T\u00f6meg nitrog\u00e9n n\u00e9lk\u00fcl, kg<\/td>\n<td rowspan=\"2\">A nyak \u00e1tm\u00e9r\u0151je, mm<\/td>\n<td colspan=\"2\">Teljes m\u00e9retek, mm<\/td>\n<\/tr>\n<tr>\n<td>Magass\u00e1g<\/td>\n<td>\u00c1tm\u00e9r\u0151<\/td>\n<\/tr>\n<tr>\n<td>DV-5<\/td>\n<td>5,2<\/td>\n<td>20<\/td>\n<td>5,34<\/td>\n<td>60<\/td>\n<td>420<\/td>\n<td>260<\/td>\n<\/tr>\n<tr>\n<td>DV-10<\/td>\n<td>10<\/td>\n<td>50<\/td>\n<td>8,8<\/td>\n<td>60<\/td>\n<td>520<\/td>\n<td>382<\/td>\n<\/tr>\n<tr>\n<td>DV-16<\/td>\n<td>16<\/td>\n<td>100<\/td>\n<td>9,7<\/td>\n<td>60<\/td>\n<td>635<\/td>\n<td>382<\/td>\n<\/tr>\n<tr>\n<td>DV-34<\/td>\n<td>35<\/td>\n<td>270<\/td>\n<td>18<\/td>\n<td>60<\/td>\n<td>790<\/td>\n<td>500<\/td>\n<\/tr>\n<tr>\n<td>DV-35<\/td>\n<td>35<\/td>\n<td>110<\/td>\n<td>17,8<\/td>\n<td>117<\/td>\n<td>790<\/td>\n<td>500<\/td>\n<\/tr>\n<tr>\n<td>DV-40<\/td>\n<td>40<\/td>\n<td>60<\/td>\n<td>14,5<\/td>\n<td>56<\/td>\n<td>720<\/td>\n<td>460<\/td>\n<\/tr>\n<tr>\n<td>DV-45<\/td>\n<td>45<\/td>\n<td>110<\/td>\n<td>19,6<\/td>\n<td>117<\/td>\n<td>820<\/td>\n<td>550<\/td>\n<\/tr>\n<\/tbody>\n<\/table>\n<p>[\/et_pb_text][et_pb_text admin_label=&#8221;Text&#8221; background_layout=&#8221;light&#8221; text_orientation=&#8221;left&#8221; use_border_color=&#8221;off&#8221; border_color=&#8221;#ffffff&#8221; border_style=&#8221;solid&#8221;]<\/p>\n<p>Foly\u00e9kony nitrog\u00e9n haszn\u00e1latakor \u00fcgyeljen arra, hogy a legjobb min\u0151s\u00e9g\u0171 krio-keszty\u0171t \u00e9s ruh\u00e1zatot haszn\u00e1lja a szem\u00e9lyzet v\u00e9delme \u00e9rdek\u00e9ben.<\/p>\n<p>A m\u00e9lyh\u0171t\u0151 Dewar ed\u00e9nyek min\u0151s\u00e9ge hat\u00e9kony garanci\u00e1t ny\u00fajt azok megb\u00edzhat\u00f3s\u00e1ga, biztons\u00e1ga \u00e9s k\u00e9nyelmes kezel\u00e9se tekintet\u00e9ben.<\/p>\n<p>[\/et_pb_text][\/et_pb_column][\/et_pb_row][et_pb_row admin_label=&#8221;Row&#8221;][et_pb_column type=&#8221;1_2&#8243;][et_pb_text admin_label=&#8221;Text&#8221; background_layout=&#8221;light&#8221; text_orientation=&#8221;left&#8221; use_border_color=&#8221;off&#8221; border_color=&#8221;#ffffff&#8221; border_style=&#8221;solid&#8221;]<\/p>\n<h2>K\u00e9rj\u00fck, vegye figyelembe a k\u00f6vetkez\u0151ket:<\/h2>\n<p>Ha a a Cryomed Pro \u00e9s \/ vagy a Cryofan k\u00e9sz\u00fcl\u00e9kekhez hasonl\u00f3 professzion\u00e1lis berendez\u00e9st haszn\u00e1l, akkor a legmegfelel\u0151bb a 40 literes Dewar ed\u00e9ny. Ez a foly\u00e9kony nitrog\u00e9n-tart\u00e1ly leghat\u00e9konyabb t\u00edpusa, az alacsony nitrog\u00e9nvesztes\u00e9g \u00e9s a k\u00f6zepes t\u00e1rol\u00e1si kapacit\u00e1s el\u0151nyei mellett. Ismerj\u00fck a szakmai ig\u00e9nyeket szerte az eg\u00e9sz vil\u00e1gon. Ma m\u00e1r az \u00d6n m\u00e9lyh\u0171t\u0151 k\u00f6zegeinek sz\u00e1ll\u00edt\u00e1sa biztons\u00e1gos \u00e9s egyszer\u0171.<\/p>\n<h2>Testreszab\u00e1s<\/h2>\n<p>A kis Dewar ed\u00e9nyek az ide\u00e1lis v\u00e1laszt\u00e1s foly\u00e9kony nitrog\u00e9n laborat\u00f3riumi vagy otthoni ideiglenes t\u00e1rol\u00e1s\u00e1ra. A nagyobb t\u00e9rfogat\u00fa ed\u00e9nyek a legc\u00e9lszer\u0171bbek sz\u00e9ps\u00e9gszalonokban \u00e9s eg\u00e9szs\u00e9g\u00fcgyi k\u00f6zpontokban. \u00d6n v\u00e1laszthat a saj\u00e1t ig\u00e9nyei szerint.<\/p>\n<p>L\u00e1bra \u00e1ll\u00edthat\u00f3 \u00e9s kism\u00e9ret\u0171 k\u00e9zi kivitel\u0171 nitrog\u00e9nes Dewar ed\u00e9nyek egyar\u00e1nt kaphat\u00f3k. <\/p>\n<p>A Cryomed k\u00e9pes minden v\u00e1s\u00e1rl\u00f3 ig\u00e9nyeit kiel\u00e9g\u00edteni.<\/p>\n<p>[\/et_pb_text][\/et_pb_column][et_pb_column type=&#8221;1_2&#8243;][et_pb_image admin_label=&#8221;Image&#8221; src=&#8221;https:\/\/cryomedpro.com\/wp-content\/uploads\/2017\/11\/u160_new3.jpg&#8221; alt=&#8221;Customization Dewars Vessels&#8221; title_text=&#8221;Customization Dewars Vessels&#8221; show_in_lightbox=&#8221;off&#8221; url_new_window=&#8221;off&#8221; use_overlay=&#8221;off&#8221; animation=&#8221;left&#8221; sticky=&#8221;off&#8221; align=&#8221;center&#8221; force_fullwidth=&#8221;off&#8221; always_center_on_mobile=&#8221;on&#8221; use_border_color=&#8221;off&#8221; border_color=&#8221;#ffffff&#8221; border_style=&#8221;solid&#8221;]<\/p>\n<p>[\/et_pb_image][\/et_pb_column][\/et_pb_row][et_pb_row admin_label=&#8221;Row&#8221;][et_pb_column type=&#8221;4_4&#8243;][et_pb_text admin_label=&#8221;Text&#8221; background_layout=&#8221;light&#8221; text_orientation=&#8221;left&#8221; use_border_color=&#8221;off&#8221; border_color=&#8221;#ffffff&#8221; border_style=&#8221;solid&#8221;]<\/p>\n<p style=\"text-align: center;\">Ha tov\u00e1bbi k\u00e9rd\u00e9sei vannak a Dewar ed\u00e9nyekkel kapcsolatban, l\u00e9pjen m\u00e1ris kapcsolatba vel\u00fcnk!<\/p>\n<p>[\/et_pb_text][et_pb_button admin_label=&#8221;Button&#8221; url_new_window=&#8221;off&#8221; button_text=&#8221;K\u00e9rjen \u00e1raj\u00e1nlatot&#8221; button_alignment=&#8221;center&#8221; background_layout=&#8221;dark&#8221; custom_button=&#8221;on&#8221; button_letter_spacing=&#8221;0&#8243; button_use_icon=&#8221;default&#8221; button_icon_placement=&#8221;right&#8221; button_on_hover=&#8221;on&#8221; button_letter_spacing_hover=&#8221;0&#8243; module_class=&#8221;popmake-contact-form-hu&#8221; button_text_size=&#8221;15&#8243; button_text_color=&#8221;#ffffff&#8221; button_bg_color=&#8221;#8fd400&#8243; button_bg_color_hover=&#8221;#b0d369&#8243; button_border_width=&#8221;0&#8243;]<\/p>\n<p>[\/et_pb_button][\/et_pb_column][\/et_pb_row][\/et_pb_section]<\/p>\n","protected":false},"excerpt":{"rendered":"<p>[et_pb_section admin_label=&#8221;section&#8221; background_image=&#8221;https:\/\/cryomedpro.com\/wp-content\/uploads\/2016\/12\/784743-blue-crystals-frost-macro.jpg&#8221; transparent_background=&#8221;off&#8221; allow_player_pause=&#8221;off&#8221; inner_shadow=&#8221;off&#8221; parallax=&#8221;off&#8221; parallax_method=&#8221;off&#8221; custom_padding=&#8221;3px||4px|&#8221; padding_mobile=&#8221;off&#8221; make_fullwidth=&#8221;off&#8221; use_custom_width=&#8221;off&#8221; width_unit=&#8221;on&#8221; make_equal=&#8221;off&#8221; use_custom_gutter=&#8221;off&#8221; module_class=&#8221;ns-banner&#8221;][et_pb_row admin_label=&#8221;row&#8221;][et_pb_column type=&#8221;4_4&#8243;][et_pb_text admin_label=&#8221;Text&#8221; background_layout=&#8221;dark&#8221; text_orientation=&#8221;center&#8221; use_border_color=&#8221;off&#8221; border_color=&#8221;#ffffff&#8221; border_style=&#8221;solid&#8221;] Dewar ed\u00e9nyek [\/et_pb_text][\/et_pb_column][\/et_pb_row][\/et_pb_section][et_pb_section admin_label=&#8221;Section&#8221; fullwidth=&#8221;off&#8221; specialty=&#8221;off&#8221; transparent_background=&#8221;off&#8221; allow_player_pause=&#8221;off&#8221; inner_shadow=&#8221;off&#8221; parallax=&#8221;off&#8221; parallax_method=&#8221;off&#8221; custom_padding=&#8221;15px|0px|0px|0px&#8221; padding_mobile=&#8221;off&#8221; make_fullwidth=&#8221;off&#8221; use_custom_width=&#8221;off&#8221; width_unit=&#8221;on&#8221; make_equal=&#8221;off&#8221; use_custom_gutter=&#8221;off&#8221;][et_pb_row admin_label=&#8221;Row&#8221; make_fullwidth=&#8221;off&#8221; use_custom_width=&#8221;off&#8221; width_unit=&#8221;on&#8221; use_custom_gutter=&#8221;off&#8221; padding_mobile=&#8221;off&#8221; allow_player_pause=&#8221;off&#8221; parallax=&#8221;off&#8221; parallax_method=&#8221;off&#8221; make_equal=&#8221;off&#8221; parallax_1=&#8221;off&#8221; parallax_method_1=&#8221;off&#8221; column_padding_mobile=&#8221;on&#8221; [&hellip;]<\/p>\n","protected":false},"author":2,"featured_media":0,"parent":0,"menu_order":0,"comment_status":"closed","ping_status":"closed","template":"","meta":[],"tags":[],"yoast_head":"<!-- This site is optimized with the Yoast SEO plugin v20.0 - https:\/\/yoast.com\/wordpress\/plugins\/seo\/ -->\n<title>Dewar ed\u00e9nyek<\/title>\n<meta name=\"description\" content=\"A Dewar ed\u00e9nyek speci\u00e1lis kivitelez\u00e9s\u0171 v\u00e1kuum-lombikok, amelyeket nagy mennyis\u00e9g\u0171 foly\u00e9kony nitrog\u00e9n, argon \u00e9s oxig\u00e9n sz\u00e1ll\u00edt\u00e1s\u00e1ra \u00e9s t\u00e1rol\u00e1s\u00e1ra hoztak l\u00e9tre.\" \/>\n<meta name=\"robots\" content=\"index, follow, max-snippet:-1, max-image-preview:large, max-video-preview:-1\" \/>\n<link rel=\"canonical\" href=\"https:\/\/cryomedpro.com\/hu\/dewar-vessels\/\" \/>\n<meta property=\"og:locale\" content=\"hu_HU\" \/>\n<meta property=\"og:type\" content=\"article\" \/>\n<meta property=\"og:title\" content=\"Dewar ed\u00e9nyek\" \/>\n<meta property=\"og:description\" content=\"A Dewar ed\u00e9nyek speci\u00e1lis kivitelez\u00e9s\u0171 v\u00e1kuum-lombikok, amelyeket nagy mennyis\u00e9g\u0171 foly\u00e9kony nitrog\u00e9n, argon \u00e9s oxig\u00e9n sz\u00e1ll\u00edt\u00e1s\u00e1ra \u00e9s t\u00e1rol\u00e1s\u00e1ra hoztak l\u00e9tre.\" \/>\n<meta property=\"og:url\" content=\"https:\/\/cryomedpro.com\/hu\/dewar-vessels\/\" \/>\n<meta property=\"og:site_name\" content=\"Cryomed PRO\" \/>\n<meta property=\"article:modified_time\" content=\"2019-11-28T11:30:42+00:00\" \/>\n<meta property=\"og:image\" content=\"https:\/\/cryomedpro.com\/wp-content\/uploads\/2016\/10\/heading-underline.png\" \/>\n<meta name=\"twitter:card\" content=\"summary_large_image\" \/>\n<meta name=\"twitter:label1\" content=\"Becs\u00fclt olvas\u00e1si id\u0151\" \/>\n\t<meta name=\"twitter:data1\" content=\"6 perc\" \/>\n<!-- \/ Yoast SEO plugin. -->","yoast_head_json":{"title":"Dewar ed\u00e9nyek","description":"A Dewar ed\u00e9nyek speci\u00e1lis kivitelez\u00e9s\u0171 v\u00e1kuum-lombikok, amelyeket nagy mennyis\u00e9g\u0171 foly\u00e9kony nitrog\u00e9n, argon \u00e9s oxig\u00e9n sz\u00e1ll\u00edt\u00e1s\u00e1ra \u00e9s t\u00e1rol\u00e1s\u00e1ra hoztak l\u00e9tre.","robots":{"index":"index","follow":"follow","max-snippet":"max-snippet:-1","max-image-preview":"max-image-preview:large","max-video-preview":"max-video-preview:-1"},"canonical":"https:\/\/cryomedpro.com\/hu\/dewar-vessels\/","og_locale":"hu_HU","og_type":"article","og_title":"Dewar ed\u00e9nyek","og_description":"A Dewar ed\u00e9nyek speci\u00e1lis kivitelez\u00e9s\u0171 v\u00e1kuum-lombikok, amelyeket nagy mennyis\u00e9g\u0171 foly\u00e9kony nitrog\u00e9n, argon \u00e9s oxig\u00e9n sz\u00e1ll\u00edt\u00e1s\u00e1ra \u00e9s t\u00e1rol\u00e1s\u00e1ra hoztak l\u00e9tre.","og_url":"https:\/\/cryomedpro.com\/hu\/dewar-vessels\/","og_site_name":"Cryomed PRO","article_modified_time":"2019-11-28T11:30:42+00:00","og_image":[{"url":"https:\/\/cryomedpro.com\/wp-content\/uploads\/2016\/10\/heading-underline.png"}],"twitter_card":"summary_large_image","twitter_misc":{"Becs\u00fclt olvas\u00e1si id\u0151":"6 perc"},"schema":{"@context":"https:\/\/schema.org","@graph":[{"@type":"WebPage","@id":"https:\/\/cryomedpro.com\/hu\/dewar-vessels\/","url":"https:\/\/cryomedpro.com\/hu\/dewar-vessels\/","name":"Dewar ed\u00e9nyek","isPartOf":{"@id":"https:\/\/cryomedpro.com\/#website"},"datePublished":"2017-11-21T12:04:23+00:00","dateModified":"2019-11-28T11:30:42+00:00","description":"A Dewar ed\u00e9nyek speci\u00e1lis kivitelez\u00e9s\u0171 v\u00e1kuum-lombikok, amelyeket nagy mennyis\u00e9g\u0171 foly\u00e9kony nitrog\u00e9n, argon \u00e9s oxig\u00e9n sz\u00e1ll\u00edt\u00e1s\u00e1ra \u00e9s t\u00e1rol\u00e1s\u00e1ra hoztak l\u00e9tre.","breadcrumb":{"@id":"https:\/\/cryomedpro.com\/hu\/dewar-vessels\/#breadcrumb"},"inLanguage":"hu","potentialAction":[{"@type":"ReadAction","target":["https:\/\/cryomedpro.com\/hu\/dewar-vessels\/"]}]},{"@type":"BreadcrumbList","@id":"https:\/\/cryomedpro.com\/hu\/dewar-vessels\/#breadcrumb","itemListElement":[{"@type":"ListItem","position":1,"name":"Home","item":"https:\/\/cryomedpro.com\/hu\/"},{"@type":"ListItem","position":2,"name":"Dewar ed\u00e9nyek"}]},{"@type":"WebSite","@id":"https:\/\/cryomedpro.com\/#website","url":"https:\/\/cryomedpro.com\/","name":"Cryomed PRO","description":"Cryosaunas Worldwide","publisher":{"@id":"https:\/\/cryomedpro.com\/#\/schema\/person\/752b92c38fb6f6c5052ef7763f4d79eb"},"potentialAction":[{"@type":"SearchAction","target":{"@type":"EntryPoint","urlTemplate":"https:\/\/cryomedpro.com\/?s={search_term_string}"},"query-input":"required name=search_term_string"}],"inLanguage":"hu"},{"@type":["Person","Organization"],"@id":"https:\/\/cryomedpro.com\/#\/schema\/person\/752b92c38fb6f6c5052ef7763f4d79eb","name":"healthycold","image":{"@type":"ImageObject","inLanguage":"hu","@id":"https:\/\/cryomedpro.com\/#\/schema\/person\/image\/","url":"https:\/\/secure.gravatar.com\/avatar\/bbe2f3ec78281a56dba108d1bf0f9ffa?s=96&d=mm&r=g","contentUrl":"https:\/\/secure.gravatar.com\/avatar\/bbe2f3ec78281a56dba108d1bf0f9ffa?s=96&d=mm&r=g","caption":"healthycold"},"logo":{"@id":"https:\/\/cryomedpro.com\/#\/schema\/person\/image\/"}}]}},"_links":{"self":[{"href":"https:\/\/cryomedpro.com\/hu\/wp-json\/wp\/v2\/pages\/5509"}],"collection":[{"href":"https:\/\/cryomedpro.com\/hu\/wp-json\/wp\/v2\/pages"}],"about":[{"href":"https:\/\/cryomedpro.com\/hu\/wp-json\/wp\/v2\/types\/page"}],"author":[{"embeddable":true,"href":"https:\/\/cryomedpro.com\/hu\/wp-json\/wp\/v2\/users\/2"}],"replies":[{"embeddable":true,"href":"https:\/\/cryomedpro.com\/hu\/wp-json\/wp\/v2\/comments?post=5509"}],"version-history":[{"count":0,"href":"https:\/\/cryomedpro.com\/hu\/wp-json\/wp\/v2\/pages\/5509\/revisions"}],"wp:attachment":[{"href":"https:\/\/cryomedpro.com\/hu\/wp-json\/wp\/v2\/media?parent=5509"}],"wp:term":[{"taxonomy":"post_tag","embeddable":true,"href":"https:\/\/cryomedpro.com\/hu\/wp-json\/wp\/v2\/tags?post=5509"}],"curies":[{"name":"wp","href":"https:\/\/api.w.org\/{rel}","templated":true}]}}