{"id":9572,"date":"2018-08-03T09:38:29","date_gmt":"2018-08-03T07:38:29","guid":{"rendered":"https:\/\/cryomedpro.com\/cryotherapy-machine-lease\/"},"modified":"2019-11-28T12:32:02","modified_gmt":"2019-11-28T11:32:02","slug":"cryotherapy-machine-lease","status":"publish","type":"page","link":"https:\/\/cryomedpro.com\/hu\/cryotherapy-machine-lease\/","title":{"rendered":"Krioter\u00e1pi\u00e1s berendez\u00e9s l\u00edzingel\u00e9se"},"content":{"rendered":"<p>[et_pb_section admin_label=&#8221;section&#8221; background_image=&#8221;https:\/\/cryomedpro.com\/wp-content\/uploads\/2018\/08\/cryo-back-2018-leasing.jpg&#8221; transparent_background=&#8221;off&#8221; allow_player_pause=&#8221;off&#8221; inner_shadow=&#8221;off&#8221; parallax=&#8221;off&#8221; parallax_method=&#8221;off&#8221; custom_padding=&#8221;3px|0px|4px|0px&#8221; padding_mobile=&#8221;off&#8221; make_fullwidth=&#8221;off&#8221; use_custom_width=&#8221;off&#8221; width_unit=&#8221;on&#8221; make_equal=&#8221;off&#8221; use_custom_gutter=&#8221;off&#8221; fullwidth=&#8221;off&#8221; specialty=&#8221;off&#8221; module_class=&#8221;ns-banner&#8221; disabled=&#8221;off&#8221;][et_pb_row admin_label=&#8221;row&#8221; make_fullwidth=&#8221;off&#8221; use_custom_width=&#8221;off&#8221; width_unit=&#8221;off&#8221; custom_width_px=&#8221;1080px&#8221; custom_width_percent=&#8221;80%&#8221; use_custom_gutter=&#8221;off&#8221; gutter_width=&#8221;3&#8243; custom_padding=&#8221;21px|0px|21.45px|0px&#8221; padding_mobile=&#8221;off&#8221; allow_player_pause=&#8221;off&#8221; parallax=&#8221;off&#8221; parallax_method=&#8221;on&#8221; make_equal=&#8221;off&#8221; column_padding_mobile=&#8221;on&#8221; parallax_1=&#8221;off&#8221; parallax_method_1=&#8221;on&#8221; parallax_2=&#8221;off&#8221; parallax_method_2=&#8221;on&#8221; parallax_3=&#8221;off&#8221; parallax_method_3=&#8221;on&#8221; parallax_4=&#8221;off&#8221; parallax_method_4=&#8221;on&#8221; disabled=&#8221;off&#8221;][et_pb_column type=&#8221;4_4&#8243;][et_pb_text admin_label=&#8221;Text&#8221; background_layout=&#8221;dark&#8221; text_orientation=&#8221;center&#8221; use_border_color=&#8221;off&#8221; border_style=&#8221;solid&#8221; disabled=&#8221;off&#8221; border_color=&#8221;#ffffff&#8221;]<\/p>\n<h1 style=\"text-align: center;\">Krioter\u00e1pi\u00e1s berendez\u00e9s l\u00edzingel\u00e9se<\/h1>\n<p><img decoding=\"async\" loading=\"lazy\" class=\"size-full wp-image-150 aligncenter\" src=\"\/wp-content\/uploads\/2016\/10\/heading-underline.png\" alt=\"heading-underline\" width=\"309\" height=\"12\" srcset=\"https:\/\/cryomedpro.com\/wp-content\/uploads\/2016\/10\/heading-underline.png 309w, https:\/\/cryomedpro.com\/wp-content\/uploads\/2016\/10\/heading-underline-300x12.png 300w\" sizes=\"(max-width: 309px) 100vw, 309px\" \/><\/p>\n<p>[\/et_pb_text][\/et_pb_column][\/et_pb_row][\/et_pb_section][et_pb_section admin_label=&#8221;section&#8221;][et_pb_row admin_label=&#8221;row&#8221;][et_pb_column type=&#8221;1_2&#8243;][et_pb_image admin_label=&#8221;Image&#8221; src=&#8221;https:\/\/cryomedpro.com\/wp-content\/uploads\/2018\/08\/business-3152586_640.jpg&#8221; alt=&#8221;Krioter\u00e1pi\u00e1s berendez\u00e9s l\u00edzingel\u00e9se&#8221; title_text=&#8221;Krioter\u00e1pi\u00e1s berendez\u00e9s l\u00edzingel\u00e9se&#8221; show_in_lightbox=&#8221;off&#8221; url_new_window=&#8221;off&#8221; use_overlay=&#8221;off&#8221; animation=&#8221;left&#8221; sticky=&#8221;off&#8221; align=&#8221;left&#8221; force_fullwidth=&#8221;off&#8221; always_center_on_mobile=&#8221;on&#8221; use_border_color=&#8221;off&#8221; border_color=&#8221;#ffffff&#8221; border_style=&#8221;solid&#8221;]<\/p>\n<p>&nbsp;<\/p>\n<p>[\/et_pb_image][\/et_pb_column][et_pb_column type=&#8221;1_2&#8243;][et_pb_text admin_label=&#8221;Text&#8221; background_layout=&#8221;light&#8221; text_orientation=&#8221;left&#8221; use_border_color=&#8221;off&#8221; border_color=&#8221;#ffffff&#8221; border_style=&#8221;solid&#8221;]<\/p>\n<h2>Mi\u00e9rt l\u00edzingeljen krioter\u00e1pi\u00e1s kamr\u00e1t?<\/h2>\n<p>A krioszaun\u00e1k Cryomed \u00e1ltal k\u00edn\u00e1lt l\u00edzingel\u00e9si lehet\u0151s\u00e9ge hasonl\u00f3 a krioter\u00e1pi\u00e1s berendez\u00e9sek b\u00e9rl\u00e9s\u00e9hez. Azokat a v\u00e1s\u00e1rl\u00f3kat c\u00e9lozza meg, akik krioter\u00e1pi\u00e1s v\u00e1llalkoz\u00e1st k\u00edv\u00e1nnak ind\u00edtani, de \u00e1tmeneti p\u00e9nzhi\u00e1ny miatt nem tudj\u00e1k megvenni mindj\u00e1rt az elej\u00e9n. Ez a potenci\u00e1lis v\u00e1s\u00e1rl\u00f3csoport a rendelkez\u00e9s\u00e9re \u00e1ll\u00f3 p\u00e9nzeszk\u00f6z\u00f6ket m\u00e1s \u00fczleti kiad\u00e1sokra ford\u00edthatja, nem kell mindent a berendez\u00e9sre k\u00f6ltenie ilyen korai f\u00e1zisban.<\/p>\n<p>A krioszaun\u00e1k \u00faj finansz\u00edroz\u00e1si lehet\u0151s\u00e9ge tov\u00e1bb \u00f6szt\u00f6n\u00f6zheti a kisebb sport- \u00e9s fitneszklubokat, rehabilit\u00e1ci\u00f3s k\u00f6zpontokat, mag\u00e1nklinik\u00e1kat \u00e9s hasonl\u00f3 szervezeteket, amelyek csak most kezden\u00e9nek krioter\u00e1pi\u00e1s szolg\u00e1ltat\u00e1sokat ny\u00fajtani. A krioter\u00e1pi\u00e1s berendez\u00e9sek l\u00edzingje egy gyorsabb \u00e9s kevesebb elk\u00f6telezetts\u00e9ggel j\u00e1r\u00f3 m\u00f3d a Cryomed \u00e1ltal k\u00edn\u00e1lt kriog\u00e9n berendez\u00e9sek leg\u00fajabb gener\u00e1ci\u00f3j\u00e1nak a finansz\u00edroz\u00e1s\u00e1ra.<\/p>\n<p>[\/et_pb_text][\/et_pb_column][\/et_pb_row][\/et_pb_section][et_pb_section admin_label=&#8221;Section&#8221; fullwidth=&#8221;off&#8221; specialty=&#8221;off&#8221;][et_pb_row admin_label=&#8221;Row&#8221;][et_pb_column type=&#8221;4_4&#8243;][et_pb_text admin_label=&#8221;Text&#8221; background_layout=&#8221;light&#8221; text_orientation=&#8221;left&#8221; use_border_color=&#8221;off&#8221; border_color=&#8221;#ffffff&#8221; border_style=&#8221;solid&#8221;]<\/p>\n<h3>A krioter\u00e1pi\u00e1s berendez\u00e9sek l\u00edzingel\u00e9si felt\u00e9telei<\/h3>\n<p>A kriokamr\u00e1k l\u00edzingel\u00e9se mint p\u00e9nz\u00fcgyi eszk\u00f6z t\u00f6k\u00e9letes alkalmat k\u00edn\u00e1l, hogy korl\u00e1tozott anyagi lehet\u0151s\u00e9gek mellett is belev\u00e1gjon egy eg\u00e9szs\u00e9g\u00fcgyi vonatkoz\u00e1s\u00fa v\u00e1llalkoz\u00e1sba. A Cryomed az els\u0151 v\u00e1llalat az EU piac\u00e1n, amely ilyen egyed\u00fcl\u00e1ll\u00f3 felt\u00e9teleket k\u00edn\u00e1l:<\/p>\n<ul>\n<li>Az els\u0151 r\u00e9szlet 20%<\/li>\n<li>A krioszauna l\u00edzingel\u00e9si d\u00edj\u00e1nak fennmarad\u00f3 80%-\u00e1t 12 havi r\u00e9szletekre bontjuk le<\/li>\n<li>A krioter\u00e1pi\u00e1s kamra l\u00edzingje 10%-os fel\u00e1rat jelent a kiskereskedelmi \u00e1rhoz viszony\u00edtva<\/li>\n<\/ul>\n<p>Ez az aj\u00e1nlat a v\u00e1llalat mindk\u00e9t kriokamra-modellj\u00e9re \u00e9rv\u00e9nyes: A Cryomed Pro (dewar vagy nyom\u00e1start\u00f3) \u00e9s Cryomed Mini (nyom\u00e1start\u00f3). Az \u00f6sszes Cryomed berendez\u00e9s \u2013 a krioter\u00e1pia l\u00edzingel\u00e9si lehet\u0151s\u00e9geivel k\u00edn\u00e1lt modelleket is ide\u00e9rtve \u2013 marad\u00e9ktalanul megfelel az EU piac\u00e1ra vonatkoz\u00f3 legszigor\u00fabb biztons\u00e1gi k\u00f6vetelm\u00e9nyeknek, \u00e9s hivatalos tan\u00fas\u00edtv\u00e1ny teszi lehet\u0151v\u00e9 a mag\u00e1nszem\u00e9lyek \u00e9s orvosi int\u00e9zm\u00e9nyek \u00e1ltali haszn\u00e1latot. A krioter\u00e1pi\u00e1s berendez\u00e9sek Cryomed \u00e1ltal k\u00edn\u00e1lt l\u00edzingel\u00e9se k\u00f6zvetlen\u00fcl, korl\u00e1toz\u00e1sok n\u00e9lk\u00fcl \u00e9rv\u00e9nyes az Eur\u00f3pai Uni\u00f3 minden v\u00e1s\u00e1rl\u00f3j\u00e1ra.<\/p>\n<p>Ha \u00d6n sportklub, edz\u0151terem, mag\u00e1nklinika vagy rehabilit\u00e1ci\u00f3s k\u00f6zpont tulajdonosa, \u00e9ljen ezzel a lehet\u0151s\u00e9ggel, \u00e9s haszn\u00e1lja ki a Cryomed egyed\u00fcl\u00e1ll\u00f3 kriokabin-l\u00edzingel\u00e9si aj\u00e1nlat\u00e1t. Krioter\u00e1pi\u00e1s berendez\u00e9seink kiv\u00e1l\u00f3 szerkezeti min\u0151s\u00e9ggel, a maguk nem\u00e9ben legjobb biztons\u00e1gi funkci\u00f3kkal, a leg\u00fajabb krioter\u00e1pi\u00e1s technol\u00f3gi\u00e1kkal \u00e9s figyelemre m\u00e9lt\u00f3an egyszer\u0171 haszn\u00e1lattal b\u00fcszk\u00e9lkedhetnek. Ha felkeltette \u00e9rdekl\u0151d\u00e9s\u00e9t a krioszauna-l\u00edzingel\u00e9si szolg\u00e1ltat\u00e1sunk, l\u00e9pjen kapcsolatba \u00e9rt\u00e9kes\u00edt\u00e9si r\u00e9szleg\u00fcnkkel az <span \n                data-original-string='Ghfn098dhj3zmUGXd8jDYw==cae6KYVtTI\/YWbuAILqAuwF+B\/3yolhvIoF03IrFvtH0IM='\n                class='apbct-email-encoder'\n                title='This contact has been encoded by Anti-Spam by CleanTalk. Click to decode. To finish the decoding make sure that JavaScript is enabled in your browser.'>in<span class=\"apbct-blur\">**<\/span>@<span class=\"apbct-blur\">********<\/span>ro.com<\/span> c\u00edmen, vagy h\u00edvja a +421 948 224 850 sz\u00e1mot, \u00e9s mi hamarosan elk\u00fcldj\u00fck a sz\u00e1ll\u00edt\u00e1st, kezel\u00e9st, tartoz\u00e9kokat \u00e9s testre szab\u00e1si lehet\u0151s\u00e9geket is mag\u00e1ba foglal\u00f3 egy\u00e9ni \u00e1raj\u00e1nlatunkat.<\/p>\n<p>Ha tov\u00e1bbi finansz\u00edroz\u00e1si lehet\u0151s\u00e9geket keres krioter\u00e1pi\u00e1s v\u00e1llalkoz\u00e1sa sz\u00e1m\u00e1ra, l\u00e1togasson el webhely\u00fcnk krioter\u00e1pi\u00e1s berendez\u00e9sek b\u00e9rl\u00e9s\u00e9vel vagy a krioszaun\u00e1k lecser\u00e9l\u00e9s\u00e9vel kapcsolatos oldal\u00e1ra.<\/p>\n<p>[\/et_pb_text][et_pb_button admin_label=&#8221;Button&#8221; url_new_window=&#8221;off&#8221; button_text=&#8221;K\u00c9RJEN \u00c1RAJ\u00c1NLATOT&#8221; button_alignment=&#8221;left&#8221; background_layout=&#8221;light&#8221; custom_button=&#8221;off&#8221; button_letter_spacing=&#8221;0&#8243; button_use_icon=&#8221;default&#8221; button_icon_placement=&#8221;right&#8221; button_on_hover=&#8221;on&#8221; button_letter_spacing_hover=&#8221;0&#8243; module_class=&#8221;popmake-contact-form-hu&#8221;]<br \/>\n[\/et_pb_button][\/et_pb_column][\/et_pb_row][\/et_pb_section]<\/p>\n","protected":false},"excerpt":{"rendered":"<p>[et_pb_section admin_label=&#8221;section&#8221; background_image=&#8221;https:\/\/cryomedpro.com\/wp-content\/uploads\/2018\/08\/cryo-back-2018-leasing.jpg&#8221; transparent_background=&#8221;off&#8221; allow_player_pause=&#8221;off&#8221; inner_shadow=&#8221;off&#8221; parallax=&#8221;off&#8221; parallax_method=&#8221;off&#8221; custom_padding=&#8221;3px|0px|4px|0px&#8221; padding_mobile=&#8221;off&#8221; make_fullwidth=&#8221;off&#8221; use_custom_width=&#8221;off&#8221; width_unit=&#8221;on&#8221; make_equal=&#8221;off&#8221; use_custom_gutter=&#8221;off&#8221; fullwidth=&#8221;off&#8221; specialty=&#8221;off&#8221; module_class=&#8221;ns-banner&#8221; disabled=&#8221;off&#8221;][et_pb_row admin_label=&#8221;row&#8221; make_fullwidth=&#8221;off&#8221; use_custom_width=&#8221;off&#8221; width_unit=&#8221;off&#8221; custom_width_px=&#8221;1080px&#8221; custom_width_percent=&#8221;80%&#8221; use_custom_gutter=&#8221;off&#8221; gutter_width=&#8221;3&#8243; custom_padding=&#8221;21px|0px|21.45px|0px&#8221; padding_mobile=&#8221;off&#8221; allow_player_pause=&#8221;off&#8221; parallax=&#8221;off&#8221; parallax_method=&#8221;on&#8221; make_equal=&#8221;off&#8221; column_padding_mobile=&#8221;on&#8221; parallax_1=&#8221;off&#8221; parallax_method_1=&#8221;on&#8221; parallax_2=&#8221;off&#8221; parallax_method_2=&#8221;on&#8221; parallax_3=&#8221;off&#8221; parallax_method_3=&#8221;on&#8221; parallax_4=&#8221;off&#8221; parallax_method_4=&#8221;on&#8221; disabled=&#8221;off&#8221;][et_pb_column type=&#8221;4_4&#8243;][et_pb_text admin_label=&#8221;Text&#8221; background_layout=&#8221;dark&#8221; text_orientation=&#8221;center&#8221; use_border_color=&#8221;off&#8221; border_style=&#8221;solid&#8221; disabled=&#8221;off&#8221; border_color=&#8221;#ffffff&#8221;] Krioter\u00e1pi\u00e1s berendez\u00e9s l\u00edzingel\u00e9se [\/et_pb_text][\/et_pb_column][\/et_pb_row][\/et_pb_section][et_pb_section [&hellip;]<\/p>\n","protected":false},"author":2,"featured_media":0,"parent":0,"menu_order":0,"comment_status":"closed","ping_status":"closed","template":"","meta":[],"tags":[],"yoast_head":"<!-- This site is optimized with the Yoast SEO plugin v20.0 - https:\/\/yoast.com\/wordpress\/plugins\/seo\/ -->\n<title>Krioter\u00e1pi\u00e1s berendez\u00e9s l\u00edzingel\u00e9se<\/title>\n<meta name=\"description\" content=\"A krioszaun\u00e1k Cryomed \u00e1ltal k\u00edn\u00e1lt l\u00edzingel\u00e9si lehet\u0151s\u00e9ge hasonl\u00f3 a krioter\u00e1pi\u00e1s berendez\u00e9sek b\u00e9rl\u00e9s\u00e9hez.\" \/>\n<meta name=\"robots\" content=\"index, follow, max-snippet:-1, max-image-preview:large, max-video-preview:-1\" \/>\n<link rel=\"canonical\" href=\"https:\/\/cryomedpro.com\/hu\/cryotherapy-machine-lease\/\" \/>\n<meta property=\"og:locale\" content=\"hu_HU\" \/>\n<meta property=\"og:type\" content=\"article\" \/>\n<meta property=\"og:title\" content=\"Krioter\u00e1pi\u00e1s berendez\u00e9s l\u00edzingel\u00e9se\" \/>\n<meta property=\"og:description\" content=\"A krioszaun\u00e1k Cryomed \u00e1ltal k\u00edn\u00e1lt l\u00edzingel\u00e9si lehet\u0151s\u00e9ge hasonl\u00f3 a krioter\u00e1pi\u00e1s berendez\u00e9sek b\u00e9rl\u00e9s\u00e9hez.\" \/>\n<meta property=\"og:url\" content=\"https:\/\/cryomedpro.com\/hu\/cryotherapy-machine-lease\/\" \/>\n<meta property=\"og:site_name\" content=\"Cryomed PRO\" \/>\n<meta property=\"article:modified_time\" content=\"2019-11-28T11:32:02+00:00\" \/>\n<meta property=\"og:image\" content=\"https:\/\/cryomedpro.com\/wp-content\/uploads\/2016\/10\/heading-underline.png\" \/>\n<meta name=\"twitter:card\" content=\"summary_large_image\" \/>\n<meta name=\"twitter:label1\" content=\"Becs\u00fclt olvas\u00e1si id\u0151\" \/>\n\t<meta name=\"twitter:data1\" content=\"5 perc\" \/>\n<!-- \/ Yoast SEO plugin. -->","yoast_head_json":{"title":"Krioter\u00e1pi\u00e1s berendez\u00e9s l\u00edzingel\u00e9se","description":"A krioszaun\u00e1k Cryomed \u00e1ltal k\u00edn\u00e1lt l\u00edzingel\u00e9si lehet\u0151s\u00e9ge hasonl\u00f3 a krioter\u00e1pi\u00e1s berendez\u00e9sek b\u00e9rl\u00e9s\u00e9hez.","robots":{"index":"index","follow":"follow","max-snippet":"max-snippet:-1","max-image-preview":"max-image-preview:large","max-video-preview":"max-video-preview:-1"},"canonical":"https:\/\/cryomedpro.com\/hu\/cryotherapy-machine-lease\/","og_locale":"hu_HU","og_type":"article","og_title":"Krioter\u00e1pi\u00e1s berendez\u00e9s l\u00edzingel\u00e9se","og_description":"A krioszaun\u00e1k Cryomed \u00e1ltal k\u00edn\u00e1lt l\u00edzingel\u00e9si lehet\u0151s\u00e9ge hasonl\u00f3 a krioter\u00e1pi\u00e1s berendez\u00e9sek b\u00e9rl\u00e9s\u00e9hez.","og_url":"https:\/\/cryomedpro.com\/hu\/cryotherapy-machine-lease\/","og_site_name":"Cryomed PRO","article_modified_time":"2019-11-28T11:32:02+00:00","og_image":[{"url":"https:\/\/cryomedpro.com\/wp-content\/uploads\/2016\/10\/heading-underline.png"}],"twitter_card":"summary_large_image","twitter_misc":{"Becs\u00fclt olvas\u00e1si id\u0151":"5 perc"},"schema":{"@context":"https:\/\/schema.org","@graph":[{"@type":"WebPage","@id":"https:\/\/cryomedpro.com\/hu\/cryotherapy-machine-lease\/","url":"https:\/\/cryomedpro.com\/hu\/cryotherapy-machine-lease\/","name":"Krioter\u00e1pi\u00e1s berendez\u00e9s l\u00edzingel\u00e9se","isPartOf":{"@id":"https:\/\/cryomedpro.com\/#website"},"datePublished":"2018-08-03T07:38:29+00:00","dateModified":"2019-11-28T11:32:02+00:00","description":"A krioszaun\u00e1k Cryomed \u00e1ltal k\u00edn\u00e1lt l\u00edzingel\u00e9si lehet\u0151s\u00e9ge hasonl\u00f3 a krioter\u00e1pi\u00e1s berendez\u00e9sek b\u00e9rl\u00e9s\u00e9hez.","breadcrumb":{"@id":"https:\/\/cryomedpro.com\/hu\/cryotherapy-machine-lease\/#breadcrumb"},"inLanguage":"hu","potentialAction":[{"@type":"ReadAction","target":["https:\/\/cryomedpro.com\/hu\/cryotherapy-machine-lease\/"]}]},{"@type":"BreadcrumbList","@id":"https:\/\/cryomedpro.com\/hu\/cryotherapy-machine-lease\/#breadcrumb","itemListElement":[{"@type":"ListItem","position":1,"name":"Home","item":"https:\/\/cryomedpro.com\/hu\/"},{"@type":"ListItem","position":2,"name":"Krioter\u00e1pi\u00e1s berendez\u00e9s l\u00edzingel\u00e9se"}]},{"@type":"WebSite","@id":"https:\/\/cryomedpro.com\/#website","url":"https:\/\/cryomedpro.com\/","name":"Cryomed PRO","description":"Cryosaunas Worldwide","publisher":{"@id":"https:\/\/cryomedpro.com\/#\/schema\/person\/752b92c38fb6f6c5052ef7763f4d79eb"},"potentialAction":[{"@type":"SearchAction","target":{"@type":"EntryPoint","urlTemplate":"https:\/\/cryomedpro.com\/?s={search_term_string}"},"query-input":"required name=search_term_string"}],"inLanguage":"hu"},{"@type":["Person","Organization"],"@id":"https:\/\/cryomedpro.com\/#\/schema\/person\/752b92c38fb6f6c5052ef7763f4d79eb","name":"healthycold","image":{"@type":"ImageObject","inLanguage":"hu","@id":"https:\/\/cryomedpro.com\/#\/schema\/person\/image\/","url":"https:\/\/secure.gravatar.com\/avatar\/bbe2f3ec78281a56dba108d1bf0f9ffa?s=96&d=mm&r=g","contentUrl":"https:\/\/secure.gravatar.com\/avatar\/bbe2f3ec78281a56dba108d1bf0f9ffa?s=96&d=mm&r=g","caption":"healthycold"},"logo":{"@id":"https:\/\/cryomedpro.com\/#\/schema\/person\/image\/"}}]}},"_links":{"self":[{"href":"https:\/\/cryomedpro.com\/hu\/wp-json\/wp\/v2\/pages\/9572"}],"collection":[{"href":"https:\/\/cryomedpro.com\/hu\/wp-json\/wp\/v2\/pages"}],"about":[{"href":"https:\/\/cryomedpro.com\/hu\/wp-json\/wp\/v2\/types\/page"}],"author":[{"embeddable":true,"href":"https:\/\/cryomedpro.com\/hu\/wp-json\/wp\/v2\/users\/2"}],"replies":[{"embeddable":true,"href":"https:\/\/cryomedpro.com\/hu\/wp-json\/wp\/v2\/comments?post=9572"}],"version-history":[{"count":0,"href":"https:\/\/cryomedpro.com\/hu\/wp-json\/wp\/v2\/pages\/9572\/revisions"}],"wp:attachment":[{"href":"https:\/\/cryomedpro.com\/hu\/wp-json\/wp\/v2\/media?parent=9572"}],"wp:term":[{"taxonomy":"post_tag","embeddable":true,"href":"https:\/\/cryomedpro.com\/hu\/wp-json\/wp\/v2\/tags?post=9572"}],"curies":[{"name":"wp","href":"https:\/\/api.w.org\/{rel}","templated":true}]}}