{"id":9608,"date":"2018-08-03T09:43:45","date_gmt":"2018-08-03T07:43:45","guid":{"rendered":"https:\/\/cryomedpro.com\/cryotherapy-machine-trade-in\/"},"modified":"2020-02-06T15:53:32","modified_gmt":"2020-02-06T14:53:32","slug":"cryotherapy-machine-trade-in","status":"publish","type":"page","link":"https:\/\/cryomedpro.com\/hu\/cryotherapy-machine-trade-in\/","title":{"rendered":"A krioter\u00e1pi\u00e1s berendez\u00e9sek becser\u00e9l\u00e9si"},"content":{"rendered":"<p>[et_pb_section admin_label=&#8221;section&#8221; background_image=&#8221;https:\/\/cryomedpro.com\/wp-content\/uploads\/2018\/08\/cryo-back-2018-leasing.jpg&#8221; transparent_background=&#8221;off&#8221; allow_player_pause=&#8221;off&#8221; inner_shadow=&#8221;off&#8221; parallax=&#8221;off&#8221; parallax_method=&#8221;off&#8221; custom_padding=&#8221;3px|0px|4px|0px&#8221; padding_mobile=&#8221;off&#8221; make_fullwidth=&#8221;off&#8221; use_custom_width=&#8221;off&#8221; width_unit=&#8221;on&#8221; make_equal=&#8221;off&#8221; use_custom_gutter=&#8221;off&#8221; fullwidth=&#8221;off&#8221; specialty=&#8221;off&#8221; module_class=&#8221;ns-banner&#8221; disabled=&#8221;off&#8221;][et_pb_row admin_label=&#8221;row&#8221; make_fullwidth=&#8221;off&#8221; use_custom_width=&#8221;off&#8221; width_unit=&#8221;off&#8221; custom_width_px=&#8221;1080px&#8221; custom_width_percent=&#8221;80%&#8221; use_custom_gutter=&#8221;off&#8221; gutter_width=&#8221;3&#8243; custom_padding=&#8221;21px|0px|21.45px|0px&#8221; padding_mobile=&#8221;off&#8221; allow_player_pause=&#8221;off&#8221; parallax=&#8221;off&#8221; parallax_method=&#8221;on&#8221; make_equal=&#8221;off&#8221; column_padding_mobile=&#8221;on&#8221; parallax_1=&#8221;off&#8221; parallax_method_1=&#8221;on&#8221; parallax_2=&#8221;off&#8221; parallax_method_2=&#8221;on&#8221; parallax_3=&#8221;off&#8221; parallax_method_3=&#8221;on&#8221; parallax_4=&#8221;off&#8221; parallax_method_4=&#8221;on&#8221; disabled=&#8221;off&#8221;][et_pb_column type=&#8221;4_4&#8243;][et_pb_text admin_label=&#8221;Text&#8221; background_layout=&#8221;dark&#8221; text_orientation=&#8221;center&#8221; use_border_color=&#8221;off&#8221; border_style=&#8221;solid&#8221; disabled=&#8221;off&#8221; border_color=&#8221;#ffffff&#8221;]<\/p>\n<h1 style=\"text-align: center;\">A krioter\u00e1pi\u00e1s berendez\u00e9sek becser\u00e9l\u00e9si<\/h1>\n<p><img decoding=\"async\" loading=\"lazy\" class=\"size-full wp-image-150 aligncenter\" src=\"\/wp-content\/uploads\/2016\/10\/heading-underline.png\" alt=\"heading-underline\" width=\"309\" height=\"12\" srcset=\"https:\/\/cryomedpro.com\/wp-content\/uploads\/2016\/10\/heading-underline.png 309w, https:\/\/cryomedpro.com\/wp-content\/uploads\/2016\/10\/heading-underline-300x12.png 300w\" sizes=\"(max-width: 309px) 100vw, 309px\" \/><\/p>\n<p>[\/et_pb_text][\/et_pb_column][\/et_pb_row][\/et_pb_section][et_pb_section admin_label=&#8221;section&#8221;][et_pb_row admin_label=&#8221;row&#8221;][et_pb_column type=&#8221;1_2&#8243;][et_pb_image admin_label=&#8221;Image&#8221; src=&#8221;https:\/\/cryomedpro.com\/wp-content\/uploads\/2018\/08\/business-3167295_960_720-new.jpg&#8221; alt=&#8221;A krioter\u00e1pi\u00e1s berendez\u00e9sek becser\u00e9l\u00e9si&#8221; title_text=&#8221;A krioter\u00e1pi\u00e1s berendez\u00e9sek becser\u00e9l\u00e9si&#8221; show_in_lightbox=&#8221;off&#8221; url_new_window=&#8221;off&#8221; use_overlay=&#8221;off&#8221; animation=&#8221;left&#8221; sticky=&#8221;off&#8221; align=&#8221;left&#8221; force_fullwidth=&#8221;off&#8221; always_center_on_mobile=&#8221;on&#8221; use_border_color=&#8221;off&#8221; border_color=&#8221;#ffffff&#8221; border_style=&#8221;solid&#8221;]<\/p>\n<p>&nbsp;<\/p>\n<p>[\/et_pb_image][\/et_pb_column][et_pb_column type=&#8221;1_2&#8243;][et_pb_text admin_label=&#8221;Text&#8221; background_layout=&#8221;light&#8221; text_orientation=&#8221;left&#8221; use_border_color=&#8221;off&#8221; border_color=&#8221;#ffffff&#8221; border_style=&#8221;solid&#8221;]<\/p>\n<h2>Mi\u00e9rt cser\u00e9ljen le egy krioter\u00e1pi\u00e1s kamr\u00e1t?<\/h2>\n<p>A Cryomed krioszauna-lecser\u00e9l\u00e9si szolg\u00e1ltat\u00e1sa nagyszer\u0171 lehet\u0151s\u00e9g a r\u00e9gebbi krioter\u00e1pi\u00e1s berendez\u00e9sek tulajdonosai sz\u00e1m\u00e1ra, hogy kriokamr\u00e1jukat jelent\u0151s kedvezm\u00e9ny mellett v\u00e1lts\u00e1k modernebbre. A krioter\u00e1pi\u00e1s berendez\u00e9sek lecser\u00e9l\u00e9si szolg\u00e1ltat\u00e1s\u00e1nak k\u00f6sz\u00f6nhet\u0151en a tulajdonosoknak nem kell vev\u0151t keresni\u00fck haszn\u00e1lt berendez\u00e9seikre, \u00e9s elsz\u00e1ll\u00edtatni azokat.<\/p>\n<p>[\/et_pb_text][\/et_pb_column][\/et_pb_row][\/et_pb_section][et_pb_section admin_label=&#8221;Section&#8221; fullwidth=&#8221;off&#8221; specialty=&#8221;off&#8221;][et_pb_row admin_label=&#8221;Row&#8221;][et_pb_column type=&#8221;4_4&#8243;][et_pb_text admin_label=&#8221;Text&#8221; background_layout=&#8221;light&#8221; text_orientation=&#8221;left&#8221; use_border_color=&#8221;off&#8221; border_color=&#8221;#ffffff&#8221; border_style=&#8221;solid&#8221;]<\/p>\n<h3>A krioter\u00e1pi\u00e1s berendez\u00e9sek becser\u00e9l\u00e9si felt\u00e9telei<\/h3>\n<p>A kriokabinok egyed\u00fcl\u00e1ll\u00f3 lecser\u00e9l\u00e9si programja r\u00e9szek\u00e9nt:<\/p>\n<ul>\n<li style=\"font-weight: 400;\">A Cryomed B\u00c1RMELYIK gy\u00e1rt\u00f3 haszn\u00e1lt krioter\u00e1pi\u00e1s berendez\u00e9s\u00e9t lecser\u00e9li b\u00e1rmelyik Cryomed Pro vagy Cryomed Mini egys\u00e9gre vonatkoz\u00f3 b\u0151kez\u0171 10\u201350%-os kedvezm\u00e9ny fej\u00e9ben.<\/li>\n<li style=\"font-weight: 400;\">A kedvezm\u00e9ny m\u00e9rt\u00e9ke a lecser\u00e9lend\u0151 berendez\u00e9s \u00e1llapot\u00e1t\u00f3l f\u00fcgg, \u00e9s szakmai becsl\u00e9s \u00fatj\u00e1n ker\u00fcl meg\u00e1llap\u00edt\u00e1sra.<\/li>\n<li style=\"font-weight: 400;\">A sz\u00e1ll\u00edt\u00e1st a Cryomed v\u00e1llalja, az \u00faj krioter\u00e1pi\u00e1s egys\u00e9gek lesz\u00e1ll\u00edt\u00e1sa alkalm\u00e1val elsz\u00e1ll\u00edtja a haszn\u00e1ltakat.<\/li>\n<\/ul>\n<p>A kriokamra lecser\u00e9l\u00e9si szolg\u00e1ltat\u00e1s egy egyed\u00fcl\u00e1ll\u00f3 k\u00edn\u00e1lat, amely a Cryomed Pro (dewar vagy nyom\u00e1start\u00f3) \u00e9s Cryomed Mini (nyom\u00e1start\u00f3) modellekre egyar\u00e1nt \u00e9rv\u00e9nyes, \u00e9s csak EU-beli \u00fcgyfelek sz\u00e1m\u00e1ra el\u00e9rhet\u0151.<\/p>\n<p>[\/et_pb_text][et_pb_toggle admin_label=&#8221;Kapcsol\u00f3&#8221; title=&#8221;T\u00e9nyleg B\u00c1RMELY gy\u00e1rt\u00f3 B\u00c1RMELYIK r\u00e9gi krioszaun\u00e1j\u00e1r\u00f3l van sz\u00f3?&#8221; open=&#8221;off&#8221; use_border_color=&#8221;off&#8221; border_color=&#8221;#ffffff&#8221; border_style=&#8221;solid&#8221;]<\/p>\n<p>Igen. Haszn\u00e1lhatja a csere-opci\u00f3nkat B\u00c1RMILYEN gy\u00e1rt\u00f3 r\u00e9gi \/ haszn\u00e1lt \/ fel\u00faj\u00edtott krioter\u00e1pi\u00e1s berendez\u00e9seinek cser\u00e9j\u00e9hez.<\/p>\n<p>[\/et_pb_toggle][et_pb_toggle admin_label=&#8221;Kapcsol\u00f3&#8221; title=&#8221;Kaphat\u00f3 e \u00d6n\u00f6kn\u00e9l haszn\u00e1lt krioszauna?&#8221; open=&#8221;off&#8221; use_border_color=&#8221;off&#8221; border_color=&#8221;#ffffff&#8221; border_style=&#8221;solid&#8221;]<\/p>\n<p>Nem. A Cryomed krioszauna csere-szolg\u00e1ltat\u00e1sa kiv\u00e1l\u00f3 alkalom arra, hogy a HASZN\u00c1LT kriokamr\u00e1it jelent\u0151s kedvezm\u00e9nnyel friss\u00edtse.<\/p>\n<p>[\/et_pb_toggle][et_pb_toggle admin_label=&#8221;Kapcsol\u00f3&#8221; title=&#8221;Az \u00d6n\u00f6k krioszaun\u00e1i fel\u00faj\u00edtott term\u00e9kek?&#8221; open=&#8221;off&#8221; use_border_color=&#8221;off&#8221; border_color=&#8221;#ffffff&#8221; border_style=&#8221;solid&#8221;]<\/p>\n<p>Nem. A Cryomed \u00faj krioszaun\u00e1kat k\u00edn\u00e1l minden \u00fcgyf\u00e9l sz\u00e1m\u00e1ra. Most m\u00e1r \u00e9lhet a lehet\u0151s\u00e9ggel, hogy r\u00e9gebbi krioter\u00e1pi\u00e1s k\u00e9sz\u00fcl\u00e9keit besz\u00e1m\u00edtsuk v\u00e1s\u00e1rl\u00e1s\u00e1ba!<\/p>\n<p>[\/et_pb_toggle][et_pb_text admin_label=&#8221;Text&#8221; background_layout=&#8221;light&#8221; text_orientation=&#8221;left&#8221; use_border_color=&#8221;off&#8221; border_color=&#8221;#ffffff&#8221; border_style=&#8221;solid&#8221;]<\/p>\n<h4 style=\"text-align: center;\">A Cryomed n\u00e9vjegye<\/h4>\n<p>A Cryomed igazolta h\u00edrnev\u00e9t mint az eur\u00f3pai piacon k\u00edn\u00e1lt cs\u00facskateg\u00f3ri\u00e1j\u00fa krioszaun\u00e1k gy\u00e1rt\u00f3ja. \u00d6r\u00f6mmel k\u00edn\u00e1l lecser\u00e9l\u00e9si szolg\u00e1ltat\u00e1st krioter\u00e1pi\u00e1s berendez\u00e9sekre saj\u00e1t \u00fcgyfeleinek \u00e9s a t\u00f6bbi perspekt\u00edv \u00fcgyf\u00e9lnek, akik el\u0151ny\u00f6s felt\u00e9telek mellett \u00e9s a lehet\u0151 leggyorsabban k\u00edv\u00e1nj\u00e1k fel\u00faj\u00edtani kriog\u00e9n berendez\u00e9seiket.<\/p>\n<p>[\/et_pb_text][et_pb_tabs admin_label=&#8221;F\u00fclek&#8221; use_border_color=&#8221;off&#8221; border_color=&#8221;#ffffff&#8221; border_style=&#8221;solid&#8221;]<\/p>\n<p>[et_pb_tab title=&#8221;Tan\u00fas\u00edtv\u00e1nyok&#8221; tab_font_select=&#8221;default&#8221; tab_font=&#8221;||||&#8221; tab_line_height=&#8221;2em&#8221; tab_line_height_tablet=&#8221;2em&#8221; tab_line_height_phone=&#8221;2em&#8221; body_font_select=&#8221;default&#8221; body_font=&#8221;||||&#8221; body_line_height=&#8221;2em&#8221; body_line_height_tablet=&#8221;2em&#8221; body_line_height_phone=&#8221;2em&#8221;]<\/p>\n<p>A Cryomed krioszaun\u00e1i minden idev\u00e1g\u00f3 EU tan\u00fas\u00edtv\u00e1nnyal rendelkeznek, \u00e9s a hat\u00e9kony \u00fczemeltet\u00e9s, \u00f6sszetev\u0151k min\u0151s\u00e9ge, a szem\u00e9lyes biztons\u00e1g \u00e9s k\u00f6rnyezetv\u00e9delem tekintet\u00e9ben egyar\u00e1nt megfelelnek a legszigor\u00fabb EU szabv\u00e1nyoknak.<\/p>\n<p>&nbsp;<\/p>\n<p>[\/et_pb_tab][et_pb_tab title=&#8221;Kinek sz\u00f3l ez az aj\u00e1nlat?&#8221; tab_font_select=&#8221;default&#8221; tab_font=&#8221;||||&#8221; tab_line_height=&#8221;2em&#8221; tab_line_height_tablet=&#8221;2em&#8221; tab_line_height_phone=&#8221;2em&#8221; body_font_select=&#8221;default&#8221; body_font=&#8221;||||&#8221; body_line_height=&#8221;2em&#8221; body_line_height_tablet=&#8221;2em&#8221; body_line_height_phone=&#8221;2em&#8221;]<\/p>\n<p>Ha \u00d6n sportklub, rehabilit\u00e1ci\u00f3s k\u00f6zpont, kisebb f\u00fcrd\u0151sz\u00e1lloda, orvosi int\u00e9zm\u00e9ny vagy er\u0151s\u00edt\u0151 ter\u00e1pi\u00e1val, \u00edgy krioter\u00e1pi\u00e1val is foglalkoz\u00f3 egy\u00e9b l\u00e9tes\u00edtm\u00e9ny tulajdonosa vagy kezel\u0151je, ez a kriokabin-finansz\u00edroz\u00e1si lehet\u0151s\u00e9g t\u00f6k\u00e9letes alkalmat k\u00edn\u00e1l arra, hogy \u00e9lvezze a modern technol\u00f3gi\u00e1k el\u0151nyeit an\u00e9lk\u00fcl, hogy idej\u00e9t r\u00e9gi berendez\u00e9se \u00e9rt\u00e9kes\u00edt\u00e9s\u00e9vel kelljen t\u00f6ltenie \u00e9s bankk\u00f6lcs\u00f6nt kelljen ig\u00e9nyelnie.<\/p>\n<p>&nbsp;<\/p>\n<p>[\/et_pb_tab][et_pb_tab title=&#8221;L\u00e9pjen vel\u00fcnk kapcsolatba!&#8221; tab_font_select=&#8221;default&#8221; tab_font=&#8221;||||&#8221; tab_line_height=&#8221;2em&#8221; tab_line_height_tablet=&#8221;2em&#8221; tab_line_height_phone=&#8221;2em&#8221; body_font_select=&#8221;default&#8221; body_font=&#8221;||||&#8221; body_line_height=&#8221;2em&#8221; body_line_height_tablet=&#8221;2em&#8221; body_line_height_phone=&#8221;2em&#8221;]<\/p>\n<p>L\u00e9pjen vel\u00fcnk kapcsolatba az <a href=\"mailto:in**@********ro.com\" data-original-string=\"sNhsj12SUpEr5B2VN7EuVw==caeeVxfG0gXiebKbK2gq0lpPi6IfJDAlp24eERHKmNpHrw=\" title=\"This contact has been encoded by Anti-Spam by CleanTalk. Click to decode. To finish the decoding make sure that JavaScript is enabled in your browser.\"><span \n                data-original-string='5l6xYq8iCevKJCU7LEUK5A==caerzv8xHlyJBicTCZzyOzGeIZLGkpe6gdPryKi2GHwcZs='\n                class='apbct-email-encoder'\n                title='This contact has been encoded by Anti-Spam by CleanTalk. Click to decode. To finish the decoding make sure that JavaScript is enabled in your browser.'>in<span class=\"apbct-blur\">**<\/span>@<span class=\"apbct-blur\">********<\/span>ro.com<\/span><\/a> c\u00edmen, vagy h\u00edvjon a +421 948 224 850 sz\u00e1mon, \u00e9s mi sz\u00edvesen rendelkez\u00e9s\u00e9re bocs\u00e1tunk minden r\u00e9szletet, \u00e9s szem\u00e9lyre szabott \u00e1raj\u00e1nlatot k\u00fcld\u00fcnk berendez\u00e9se fel\u00faj\u00edt\u00e1s\u00e1ra. Ha tov\u00e1bbi finansz\u00edroz\u00e1si lehet\u0151s\u00e9geket keres krioter\u00e1pi\u00e1s v\u00e1llalkoz\u00e1sa sz\u00e1m\u00e1ra, l\u00e1togasson el webhely\u00fcnk krioszaun\u00e1k l\u00edzingj\u00e9vel vagy a krioter\u00e1pi\u00e1s berendez\u00e9sek b\u00e9rl\u00e9s\u00e9vel kapcsolatos oldal\u00e1ra.<\/p>\n<p>&nbsp;<\/p>\n<p>[\/et_pb_tab]<\/p>\n<p>[\/et_pb_tabs][et_pb_button admin_label=&#8221;Button&#8221; url_new_window=&#8221;off&#8221; button_text=&#8221;K\u00c9RJEN \u00c1RAJ\u00c1NLATOT&#8221; button_alignment=&#8221;left&#8221; background_layout=&#8221;light&#8221; custom_button=&#8221;off&#8221; button_letter_spacing=&#8221;0&#8243; button_use_icon=&#8221;default&#8221; button_icon_placement=&#8221;right&#8221; button_on_hover=&#8221;on&#8221; button_letter_spacing_hover=&#8221;0&#8243; module_class=&#8221;popmake-contact-form-hu&#8221;]<\/p>\n<p>&nbsp;<\/p>\n<p>[\/et_pb_button][\/et_pb_column][\/et_pb_row][\/et_pb_section]<\/p>\n","protected":false},"excerpt":{"rendered":"<p>[et_pb_section admin_label=&#8221;section&#8221; background_image=&#8221;https:\/\/cryomedpro.com\/wp-content\/uploads\/2018\/08\/cryo-back-2018-leasing.jpg&#8221; transparent_background=&#8221;off&#8221; allow_player_pause=&#8221;off&#8221; inner_shadow=&#8221;off&#8221; parallax=&#8221;off&#8221; parallax_method=&#8221;off&#8221; custom_padding=&#8221;3px|0px|4px|0px&#8221; padding_mobile=&#8221;off&#8221; make_fullwidth=&#8221;off&#8221; use_custom_width=&#8221;off&#8221; width_unit=&#8221;on&#8221; make_equal=&#8221;off&#8221; use_custom_gutter=&#8221;off&#8221; fullwidth=&#8221;off&#8221; specialty=&#8221;off&#8221; module_class=&#8221;ns-banner&#8221; disabled=&#8221;off&#8221;][et_pb_row admin_label=&#8221;row&#8221; make_fullwidth=&#8221;off&#8221; use_custom_width=&#8221;off&#8221; width_unit=&#8221;off&#8221; custom_width_px=&#8221;1080px&#8221; custom_width_percent=&#8221;80%&#8221; use_custom_gutter=&#8221;off&#8221; gutter_width=&#8221;3&#8243; custom_padding=&#8221;21px|0px|21.45px|0px&#8221; padding_mobile=&#8221;off&#8221; allow_player_pause=&#8221;off&#8221; parallax=&#8221;off&#8221; parallax_method=&#8221;on&#8221; make_equal=&#8221;off&#8221; column_padding_mobile=&#8221;on&#8221; parallax_1=&#8221;off&#8221; parallax_method_1=&#8221;on&#8221; parallax_2=&#8221;off&#8221; parallax_method_2=&#8221;on&#8221; parallax_3=&#8221;off&#8221; parallax_method_3=&#8221;on&#8221; parallax_4=&#8221;off&#8221; parallax_method_4=&#8221;on&#8221; disabled=&#8221;off&#8221;][et_pb_column type=&#8221;4_4&#8243;][et_pb_text admin_label=&#8221;Text&#8221; background_layout=&#8221;dark&#8221; text_orientation=&#8221;center&#8221; use_border_color=&#8221;off&#8221; border_style=&#8221;solid&#8221; disabled=&#8221;off&#8221; border_color=&#8221;#ffffff&#8221;] A krioter\u00e1pi\u00e1s berendez\u00e9sek becser\u00e9l\u00e9si [&hellip;]<\/p>\n","protected":false},"author":2,"featured_media":0,"parent":0,"menu_order":0,"comment_status":"closed","ping_status":"closed","template":"","meta":[],"tags":[],"yoast_head":"<!-- This site is optimized with the Yoast SEO plugin v20.0 - https:\/\/yoast.com\/wordpress\/plugins\/seo\/ -->\n<title>Krioter\u00e1pi\u00e1s g\u00e9pek cser\u00e9je besz\u00e1m\u00edt\u00e1ssal. Friss\u00edtse B\u00c1RMILYEN haszn\u00e1lt krioszaun\u00e1j\u00e1t Cryomed PRO k\u00e9sz\u00fcl\u00e9kre<\/title>\n<meta name=\"description\" content=\"A legjobb krioter\u00e1pi\u00e1s akci\u00f3k r\u00e9gebbi krio-berendez\u00e9sek tulajdonosai sz\u00e1m\u00e1ra! \u00c9ljen a lehet\u0151s\u00e9ggel, hogy besz\u00e1m\u00edtjuk azt az \u00d6n \u00faj krioter\u00e1pi\u00e1s berendez\u00e9se finansz\u00edroz\u00e1s\u00e1ba, \u00e9s az \u00d6n \u00fcgyfelei sz\u00e1m\u00e1ra \u00daJ kriokamr\u00e1kat k\u00edn\u00e1lunk elfogadhat\u00f3 \u00e1ron.\" \/>\n<meta name=\"robots\" content=\"index, follow, max-snippet:-1, max-image-preview:large, max-video-preview:-1\" \/>\n<link rel=\"canonical\" href=\"https:\/\/cryomedpro.com\/hu\/cryotherapy-machine-trade-in\/\" \/>\n<meta property=\"og:locale\" content=\"hu_HU\" \/>\n<meta property=\"og:type\" content=\"article\" \/>\n<meta property=\"og:title\" content=\"Krioter\u00e1pi\u00e1s g\u00e9pek cser\u00e9je besz\u00e1m\u00edt\u00e1ssal. Friss\u00edtse B\u00c1RMILYEN haszn\u00e1lt krioszaun\u00e1j\u00e1t Cryomed PRO k\u00e9sz\u00fcl\u00e9kre\" \/>\n<meta property=\"og:description\" content=\"A legjobb krioter\u00e1pi\u00e1s akci\u00f3k r\u00e9gebbi krio-berendez\u00e9sek tulajdonosai sz\u00e1m\u00e1ra! \u00c9ljen a lehet\u0151s\u00e9ggel, hogy besz\u00e1m\u00edtjuk azt az \u00d6n \u00faj krioter\u00e1pi\u00e1s berendez\u00e9se finansz\u00edroz\u00e1s\u00e1ba, \u00e9s az \u00d6n \u00fcgyfelei sz\u00e1m\u00e1ra \u00daJ kriokamr\u00e1kat k\u00edn\u00e1lunk elfogadhat\u00f3 \u00e1ron.\" \/>\n<meta property=\"og:url\" content=\"https:\/\/cryomedpro.com\/hu\/cryotherapy-machine-trade-in\/\" \/>\n<meta property=\"og:site_name\" content=\"Cryomed PRO\" \/>\n<meta property=\"article:modified_time\" content=\"2020-02-06T14:53:32+00:00\" \/>\n<meta property=\"og:image\" content=\"https:\/\/cryomedpro.com\/wp-content\/uploads\/2016\/10\/heading-underline.png\" \/>\n<meta name=\"twitter:card\" content=\"summary_large_image\" \/>\n<meta name=\"twitter:label1\" content=\"Becs\u00fclt olvas\u00e1si id\u0151\" \/>\n\t<meta name=\"twitter:data1\" content=\"7 perc\" \/>\n<!-- \/ Yoast SEO plugin. -->","yoast_head_json":{"title":"Krioter\u00e1pi\u00e1s g\u00e9pek cser\u00e9je besz\u00e1m\u00edt\u00e1ssal. Friss\u00edtse B\u00c1RMILYEN haszn\u00e1lt krioszaun\u00e1j\u00e1t Cryomed PRO k\u00e9sz\u00fcl\u00e9kre","description":"A legjobb krioter\u00e1pi\u00e1s akci\u00f3k r\u00e9gebbi krio-berendez\u00e9sek tulajdonosai sz\u00e1m\u00e1ra! \u00c9ljen a lehet\u0151s\u00e9ggel, hogy besz\u00e1m\u00edtjuk azt az \u00d6n \u00faj krioter\u00e1pi\u00e1s berendez\u00e9se finansz\u00edroz\u00e1s\u00e1ba, \u00e9s az \u00d6n \u00fcgyfelei sz\u00e1m\u00e1ra \u00daJ kriokamr\u00e1kat k\u00edn\u00e1lunk elfogadhat\u00f3 \u00e1ron.","robots":{"index":"index","follow":"follow","max-snippet":"max-snippet:-1","max-image-preview":"max-image-preview:large","max-video-preview":"max-video-preview:-1"},"canonical":"https:\/\/cryomedpro.com\/hu\/cryotherapy-machine-trade-in\/","og_locale":"hu_HU","og_type":"article","og_title":"Krioter\u00e1pi\u00e1s g\u00e9pek cser\u00e9je besz\u00e1m\u00edt\u00e1ssal. Friss\u00edtse B\u00c1RMILYEN haszn\u00e1lt krioszaun\u00e1j\u00e1t Cryomed PRO k\u00e9sz\u00fcl\u00e9kre","og_description":"A legjobb krioter\u00e1pi\u00e1s akci\u00f3k r\u00e9gebbi krio-berendez\u00e9sek tulajdonosai sz\u00e1m\u00e1ra! \u00c9ljen a lehet\u0151s\u00e9ggel, hogy besz\u00e1m\u00edtjuk azt az \u00d6n \u00faj krioter\u00e1pi\u00e1s berendez\u00e9se finansz\u00edroz\u00e1s\u00e1ba, \u00e9s az \u00d6n \u00fcgyfelei sz\u00e1m\u00e1ra \u00daJ kriokamr\u00e1kat k\u00edn\u00e1lunk elfogadhat\u00f3 \u00e1ron.","og_url":"https:\/\/cryomedpro.com\/hu\/cryotherapy-machine-trade-in\/","og_site_name":"Cryomed PRO","article_modified_time":"2020-02-06T14:53:32+00:00","og_image":[{"url":"https:\/\/cryomedpro.com\/wp-content\/uploads\/2016\/10\/heading-underline.png"}],"twitter_card":"summary_large_image","twitter_misc":{"Becs\u00fclt olvas\u00e1si id\u0151":"7 perc"},"schema":{"@context":"https:\/\/schema.org","@graph":[{"@type":"WebPage","@id":"https:\/\/cryomedpro.com\/hu\/cryotherapy-machine-trade-in\/","url":"https:\/\/cryomedpro.com\/hu\/cryotherapy-machine-trade-in\/","name":"Krioter\u00e1pi\u00e1s g\u00e9pek cser\u00e9je besz\u00e1m\u00edt\u00e1ssal. Friss\u00edtse B\u00c1RMILYEN haszn\u00e1lt krioszaun\u00e1j\u00e1t Cryomed PRO k\u00e9sz\u00fcl\u00e9kre","isPartOf":{"@id":"https:\/\/cryomedpro.com\/#website"},"datePublished":"2018-08-03T07:43:45+00:00","dateModified":"2020-02-06T14:53:32+00:00","description":"A legjobb krioter\u00e1pi\u00e1s akci\u00f3k r\u00e9gebbi krio-berendez\u00e9sek tulajdonosai sz\u00e1m\u00e1ra! \u00c9ljen a lehet\u0151s\u00e9ggel, hogy besz\u00e1m\u00edtjuk azt az \u00d6n \u00faj krioter\u00e1pi\u00e1s berendez\u00e9se finansz\u00edroz\u00e1s\u00e1ba, \u00e9s az \u00d6n \u00fcgyfelei sz\u00e1m\u00e1ra \u00daJ kriokamr\u00e1kat k\u00edn\u00e1lunk elfogadhat\u00f3 \u00e1ron.","breadcrumb":{"@id":"https:\/\/cryomedpro.com\/hu\/cryotherapy-machine-trade-in\/#breadcrumb"},"inLanguage":"hu","potentialAction":[{"@type":"ReadAction","target":["https:\/\/cryomedpro.com\/hu\/cryotherapy-machine-trade-in\/"]}]},{"@type":"BreadcrumbList","@id":"https:\/\/cryomedpro.com\/hu\/cryotherapy-machine-trade-in\/#breadcrumb","itemListElement":[{"@type":"ListItem","position":1,"name":"Home","item":"https:\/\/cryomedpro.com\/hu\/"},{"@type":"ListItem","position":2,"name":"A krioter\u00e1pi\u00e1s berendez\u00e9sek becser\u00e9l\u00e9si"}]},{"@type":"WebSite","@id":"https:\/\/cryomedpro.com\/#website","url":"https:\/\/cryomedpro.com\/","name":"Cryomed PRO","description":"Cryosaunas Worldwide","publisher":{"@id":"https:\/\/cryomedpro.com\/#\/schema\/person\/752b92c38fb6f6c5052ef7763f4d79eb"},"potentialAction":[{"@type":"SearchAction","target":{"@type":"EntryPoint","urlTemplate":"https:\/\/cryomedpro.com\/?s={search_term_string}"},"query-input":"required name=search_term_string"}],"inLanguage":"hu"},{"@type":["Person","Organization"],"@id":"https:\/\/cryomedpro.com\/#\/schema\/person\/752b92c38fb6f6c5052ef7763f4d79eb","name":"healthycold","image":{"@type":"ImageObject","inLanguage":"hu","@id":"https:\/\/cryomedpro.com\/#\/schema\/person\/image\/","url":"https:\/\/secure.gravatar.com\/avatar\/bbe2f3ec78281a56dba108d1bf0f9ffa?s=96&d=mm&r=g","contentUrl":"https:\/\/secure.gravatar.com\/avatar\/bbe2f3ec78281a56dba108d1bf0f9ffa?s=96&d=mm&r=g","caption":"healthycold"},"logo":{"@id":"https:\/\/cryomedpro.com\/#\/schema\/person\/image\/"}}]}},"_links":{"self":[{"href":"https:\/\/cryomedpro.com\/hu\/wp-json\/wp\/v2\/pages\/9608"}],"collection":[{"href":"https:\/\/cryomedpro.com\/hu\/wp-json\/wp\/v2\/pages"}],"about":[{"href":"https:\/\/cryomedpro.com\/hu\/wp-json\/wp\/v2\/types\/page"}],"author":[{"embeddable":true,"href":"https:\/\/cryomedpro.com\/hu\/wp-json\/wp\/v2\/users\/2"}],"replies":[{"embeddable":true,"href":"https:\/\/cryomedpro.com\/hu\/wp-json\/wp\/v2\/comments?post=9608"}],"version-history":[{"count":0,"href":"https:\/\/cryomedpro.com\/hu\/wp-json\/wp\/v2\/pages\/9608\/revisions"}],"wp:attachment":[{"href":"https:\/\/cryomedpro.com\/hu\/wp-json\/wp\/v2\/media?parent=9608"}],"wp:term":[{"taxonomy":"post_tag","embeddable":true,"href":"https:\/\/cryomedpro.com\/hu\/wp-json\/wp\/v2\/tags?post=9608"}],"curies":[{"name":"wp","href":"https:\/\/api.w.org\/{rel}","templated":true}]}}