{"id":9640,"date":"2018-08-03T08:52:54","date_gmt":"2018-08-03T06:52:54","guid":{"rendered":"https:\/\/cryomedpro.com\/cryotherapy-machine-rental\/"},"modified":"2019-11-28T12:32:24","modified_gmt":"2019-11-28T11:32:24","slug":"cryotherapy-machine-rental","status":"publish","type":"page","link":"https:\/\/cryomedpro.com\/hu\/cryotherapy-machine-rental\/","title":{"rendered":"Krioter\u00e1pi\u00e1s berendez\u00e9sek b\u00e9rl\u00e9se"},"content":{"rendered":"<p>[et_pb_section admin_label=&#8221;section&#8221; background_image=&#8221;https:\/\/cryomedpro.com\/wp-content\/uploads\/2018\/08\/cryo-back-2018-leasing.jpg&#8221; transparent_background=&#8221;off&#8221; allow_player_pause=&#8221;off&#8221; inner_shadow=&#8221;off&#8221; parallax=&#8221;off&#8221; parallax_method=&#8221;off&#8221; custom_padding=&#8221;3px|0px|4px|0px&#8221; padding_mobile=&#8221;off&#8221; make_fullwidth=&#8221;off&#8221; use_custom_width=&#8221;off&#8221; width_unit=&#8221;on&#8221; make_equal=&#8221;off&#8221; use_custom_gutter=&#8221;off&#8221; fullwidth=&#8221;off&#8221; specialty=&#8221;off&#8221; module_class=&#8221;ns-banner&#8221; disabled=&#8221;off&#8221;][et_pb_row admin_label=&#8221;row&#8221; make_fullwidth=&#8221;off&#8221; use_custom_width=&#8221;off&#8221; width_unit=&#8221;off&#8221; custom_width_px=&#8221;1080px&#8221; custom_width_percent=&#8221;80%&#8221; use_custom_gutter=&#8221;off&#8221; gutter_width=&#8221;3&#8243; custom_padding=&#8221;21px|0px|21.45px|0px&#8221; padding_mobile=&#8221;off&#8221; allow_player_pause=&#8221;off&#8221; parallax=&#8221;off&#8221; parallax_method=&#8221;on&#8221; make_equal=&#8221;off&#8221; column_padding_mobile=&#8221;on&#8221; parallax_1=&#8221;off&#8221; parallax_method_1=&#8221;on&#8221; parallax_2=&#8221;off&#8221; parallax_method_2=&#8221;on&#8221; parallax_3=&#8221;off&#8221; parallax_method_3=&#8221;on&#8221; parallax_4=&#8221;off&#8221; parallax_method_4=&#8221;on&#8221; disabled=&#8221;off&#8221;][et_pb_column type=&#8221;4_4&#8243;][et_pb_text admin_label=&#8221;Text&#8221; background_layout=&#8221;dark&#8221; text_orientation=&#8221;center&#8221; use_border_color=&#8221;off&#8221; border_style=&#8221;solid&#8221; disabled=&#8221;off&#8221; border_color=&#8221;#ffffff&#8221;]<\/p>\n<h1 style=\"text-align: center;\">Krioter\u00e1pi\u00e1s berendez\u00e9sek b\u00e9rl\u00e9se<\/h1>\n<p><img decoding=\"async\" loading=\"lazy\" class=\"size-full wp-image-150 aligncenter\" src=\"\/wp-content\/uploads\/2016\/10\/heading-underline.png\" alt=\"heading-underline\" width=\"309\" height=\"12\" srcset=\"https:\/\/cryomedpro.com\/wp-content\/uploads\/2016\/10\/heading-underline.png 309w, https:\/\/cryomedpro.com\/wp-content\/uploads\/2016\/10\/heading-underline-300x12.png 300w\" sizes=\"(max-width: 309px) 100vw, 309px\" \/><\/p>\n<p>[\/et_pb_text][\/et_pb_column][\/et_pb_row][\/et_pb_section][et_pb_section admin_label=&#8221;section&#8221;][et_pb_row admin_label=&#8221;row&#8221;][et_pb_column type=&#8221;1_2&#8243;][et_pb_image admin_label=&#8221;Image&#8221; src=&#8221;https:\/\/cryomedpro.com\/wp-content\/uploads\/2018\/08\/office-1209640_640.jpg&#8221; alt=&#8221;Krioter\u00e1pi\u00e1s berendez\u00e9sek b\u00e9rl\u00e9se&#8221; title_text=&#8221;Krioter\u00e1pi\u00e1s berendez\u00e9sek b\u00e9rl\u00e9se&#8221; show_in_lightbox=&#8221;off&#8221; url_new_window=&#8221;off&#8221; use_overlay=&#8221;off&#8221; animation=&#8221;left&#8221; sticky=&#8221;off&#8221; align=&#8221;left&#8221; force_fullwidth=&#8221;off&#8221; always_center_on_mobile=&#8221;on&#8221; use_border_color=&#8221;off&#8221; border_color=&#8221;#ffffff&#8221; border_style=&#8221;solid&#8221;]<br \/>\n[\/et_pb_image][\/et_pb_column][et_pb_column type=&#8221;1_2&#8243;][et_pb_text admin_label=&#8221;Text&#8221; background_layout=&#8221;light&#8221; text_orientation=&#8221;left&#8221; use_border_color=&#8221;off&#8221; border_color=&#8221;#ffffff&#8221; border_style=&#8221;solid&#8221;]<\/p>\n<h2>Mi\u00e9rt b\u00e9reljen krioter\u00e1pi\u00e1s kamr\u00e1t?<\/h2>\n<p>A krioter\u00e1pi\u00e1s berendez\u00e9sek b\u00e9rl\u00e9si lehet\u0151s\u00e9ge \u00fcgyfelek sz\u00e9les sk\u00e1l\u00e1j\u00e1t c\u00e9lozza meg a k\u00fcl\u00f6nb\u00f6z\u0151 t\u00edpus\u00fa orvosi l\u00e9tes\u00edtm\u00e9nyekt\u0151l \u00e9s f\u00fcrd\u0151szalonokt\u00f3l kezdve a sportklubokig, sportcsapatokig \u00e9s rehabilit\u00e1ci\u00f3s k\u00f6zpontokig. A krioter\u00e1pi\u00e1s berendez\u00e9sek l\u00edzingel\u00e9s\u00e9hez hasonl\u00f3an a krioszaun\u00e1k b\u00e9rl\u00e9se is lehet\u0151v\u00e9 teszi, hogy a potenci\u00e1lis \u00fcgyfelek a lehet\u0151 leghamarabb, \u00e9s a teljes \u00e1r kifizet\u00e9se n\u00e9lk\u00fcl haszn\u00e1latba vehess\u00e9k a Cryomed krioter\u00e1pi\u00e1s kamra modelljeit. A kriokamr\u00e1k ilyen finansz\u00edroz\u00e1si m\u00f3dja b\u0151v\u00edti a Cryomed potenci\u00e1lis \u00fcgyfelei c\u00e9lcsoportj\u00e1t, \u00e9s tov\u00e1bbi rugalmas lehet\u0151s\u00e9get biztos\u00edt nekik krioter\u00e1pi\u00e1s v\u00e1llalkoz\u00e1suk optim\u00e1lis \u00fczleti modellj\u00e9nek a megtervez\u00e9s\u00e9hez.<\/p>\n<p>[\/et_pb_text][\/et_pb_column][\/et_pb_row][\/et_pb_section][et_pb_section admin_label=&#8221;Section&#8221; fullwidth=&#8221;off&#8221; specialty=&#8221;off&#8221;][et_pb_row admin_label=&#8221;Row&#8221;][et_pb_column type=&#8221;4_4&#8243;][et_pb_text admin_label=&#8221;Text&#8221; background_layout=&#8221;light&#8221; text_orientation=&#8221;left&#8221; use_border_color=&#8221;off&#8221; border_color=&#8221;#ffffff&#8221; border_style=&#8221;solid&#8221;]<\/p>\n<h3>A krioter\u00e1pi\u00e1s berendez\u00e9sek b\u00e9rl\u00e9si felt\u00e9telei<\/h3>\n<p>A krioszauna b\u00e9rl\u00e9se lehet\u0151v\u00e9 teszi, hogy az \u00fcgyfelek 2-havi let\u00e9t befizet\u00e9se ut\u00e1n azonnal megkezdj\u00e9k a berendez\u00e9s haszn\u00e1lat\u00e1t. Ha a v\u00e1llalkoz\u00e1s teljes\u00edti elv\u00e1r\u00e1saikat \u00e9s j\u00f6vedelmez\u0151nek bizonyul, megv\u00e1s\u00e1rolhatj\u00e1k a berendez\u00e9st az amortiz\u00e1ci\u00f3 \u00e9rt\u00e9k\u00e9vel cs\u00f6kkentett eredeti \u00e1ron. A krioter\u00e1pi\u00e1s egys\u00e9g fix havi b\u00e9rleti d\u00edj\u00e1nak fizet\u00e9se lehet\u0151v\u00e9 teszi, hogy az \u00fcgyfelek korl\u00e1tlan sz\u00e1m\u00fa kezel\u00e9st v\u00e9gezzenek naponta an\u00e9lk\u00fcl, hogy a t\u00e1mogat\u00e1ssal, karbantart\u00e1ssal vagy kop\u00e1ssal foglalkozniuk kelljen. Ha b\u00e1rmilyen gond mer\u00fcl fel a krioszaun\u00e1j\u00e1val, a Cryomed t\u00e9r\u00edt\u00e9smentesen kicser\u00e9li.<\/p>\n<p>A kriokabin alapvet\u0151 szerz\u0151d\u00e9ses felt\u00e9telei az al\u00e1bbiakat is tartalmazz\u00e1k:<\/p>\n<ul>\n<li>2-havi kezd\u0151let\u00e9t<\/li>\n<li>K\u00f6telezetts\u00e9g havi 100+ krioter\u00e1pi\u00e1s kezel\u00e9sre<\/li>\n<li>Ha az \u00fcgyf\u00e9l egy bizonyos id\u0151 eltelt\u00e9vel meg k\u00edv\u00e1nja venni a berendez\u00e9st, az alap\u00e1rat 10%-os fel\u00e1r mellett \u00fajrasz\u00e1m\u00edtjuk (\u00e9s levonjuk a b\u00e9rl\u00e9si id\u0151szakra es\u0151 amortiz\u00e1ci\u00f3 \u00e9rt\u00e9k\u00e9t)<\/li>\n<\/ul>\n<p>\u00c1ltal\u00e1ban v\u00e9ve a krioszauna b\u00e9rl\u00e9se a krioter\u00e1pi\u00e1s v\u00e1llalkoz\u00e1s beind\u00edt\u00e1s\u00e1nak egy k\u00e9nyelmes \u00e9s k\u00f6lts\u00e9ghat\u00e9kony m\u00f3dja, ak\u00e1r k\u00f6zponti szolg\u00e1ltat\u00e1snak, ak\u00e1r eg\u00e9szs\u00e9g\u00fcgyi szolg\u00e1ltat\u00e1sok sz\u00e9lesebb portf\u00f3li\u00f3ja egy r\u00e9sz\u00e9nek tekinti. A Cryomed krioszaun\u00e1i minden idev\u00e1g\u00f3 EU tan\u00fas\u00edtv\u00e1nnyal rendelkeznek, megfelelnek a legszigor\u00fabb min\u0151s\u00e9gi \u00e9s biztons\u00e1gi szabv\u00e1nyoknak, \u00e9s a nemzetk\u00f6zi kriog\u00e9npiacon el\u00e9rhet\u0151 legjobb \u00f6sszetev\u0151kb\u0151l vannak \u00f6ssze\u00e1ll\u00edtva.<\/p>\n<p>Ha meg k\u00edv\u00e1nja ismerni a Cryomed krioszaun\u00e1inak b\u00e9rl\u00e9s\u00e9vel kapcsolatos lehet\u0151s\u00e9geket, l\u00e9pjen kapcsolatba \u00e9rt\u00e9kes\u00edt\u00e9si r\u00e9szleg\u00fcnkkel. \u00d6r\u00f6mmel v\u00e1laszolunk minden k\u00e9rd\u00e9s\u00e9re, sz\u00edvesen megvizsg\u00e1ljuk v\u00e1llalkoz\u00e1sa jelenlegi \u00e9s j\u00f6v\u0151beni ig\u00e9nyeit, \u00e9s tan\u00e1csot adunk, hogy szolg\u00e1ltat\u00e1sai list\u00e1j\u00e1t optim\u00e1lis m\u00f3don b\u0151v\u00edthesse ki krioter\u00e1pi\u00e1val.<\/p>\n<p>Ha tov\u00e1bbi finansz\u00edroz\u00e1si lehet\u0151s\u00e9geket keres krioter\u00e1pi\u00e1s v\u00e1llalkoz\u00e1sa sz\u00e1m\u00e1ra, l\u00e1togasson el webhely\u00fcnk krioter\u00e1pi\u00e1s berendez\u00e9sek l\u00edzingj\u00e9vel vagy a krioszaun\u00e1k lecser\u00e9l\u00e9s\u00e9vel kapcsolatos oldal\u00e1ra.<\/p>\n<p>[\/et_pb_text][et_pb_button admin_label=&#8221;Button&#8221; url_new_window=&#8221;off&#8221; button_text=&#8221;K\u00c9RJEN \u00c1RAJ\u00c1NLATOT&#8221; button_alignment=&#8221;left&#8221; background_layout=&#8221;light&#8221; custom_button=&#8221;off&#8221; button_letter_spacing=&#8221;0&#8243; button_use_icon=&#8221;default&#8221; button_icon_placement=&#8221;right&#8221; button_on_hover=&#8221;on&#8221; button_letter_spacing_hover=&#8221;0&#8243; module_class=&#8221;popmake-contact-form-hu&#8221;] [\/et_pb_button][\/et_pb_column][\/et_pb_row][\/et_pb_section]<\/p>\n","protected":false},"excerpt":{"rendered":"<p>[et_pb_section admin_label=&#8221;section&#8221; background_image=&#8221;https:\/\/cryomedpro.com\/wp-content\/uploads\/2018\/08\/cryo-back-2018-leasing.jpg&#8221; transparent_background=&#8221;off&#8221; allow_player_pause=&#8221;off&#8221; inner_shadow=&#8221;off&#8221; parallax=&#8221;off&#8221; parallax_method=&#8221;off&#8221; custom_padding=&#8221;3px|0px|4px|0px&#8221; padding_mobile=&#8221;off&#8221; make_fullwidth=&#8221;off&#8221; use_custom_width=&#8221;off&#8221; width_unit=&#8221;on&#8221; make_equal=&#8221;off&#8221; use_custom_gutter=&#8221;off&#8221; fullwidth=&#8221;off&#8221; specialty=&#8221;off&#8221; module_class=&#8221;ns-banner&#8221; disabled=&#8221;off&#8221;][et_pb_row admin_label=&#8221;row&#8221; make_fullwidth=&#8221;off&#8221; use_custom_width=&#8221;off&#8221; width_unit=&#8221;off&#8221; custom_width_px=&#8221;1080px&#8221; custom_width_percent=&#8221;80%&#8221; use_custom_gutter=&#8221;off&#8221; gutter_width=&#8221;3&#8243; custom_padding=&#8221;21px|0px|21.45px|0px&#8221; padding_mobile=&#8221;off&#8221; allow_player_pause=&#8221;off&#8221; parallax=&#8221;off&#8221; parallax_method=&#8221;on&#8221; make_equal=&#8221;off&#8221; column_padding_mobile=&#8221;on&#8221; parallax_1=&#8221;off&#8221; parallax_method_1=&#8221;on&#8221; parallax_2=&#8221;off&#8221; parallax_method_2=&#8221;on&#8221; parallax_3=&#8221;off&#8221; parallax_method_3=&#8221;on&#8221; parallax_4=&#8221;off&#8221; parallax_method_4=&#8221;on&#8221; disabled=&#8221;off&#8221;][et_pb_column type=&#8221;4_4&#8243;][et_pb_text admin_label=&#8221;Text&#8221; background_layout=&#8221;dark&#8221; text_orientation=&#8221;center&#8221; use_border_color=&#8221;off&#8221; border_style=&#8221;solid&#8221; disabled=&#8221;off&#8221; border_color=&#8221;#ffffff&#8221;] Krioter\u00e1pi\u00e1s berendez\u00e9sek b\u00e9rl\u00e9se [\/et_pb_text][\/et_pb_column][\/et_pb_row][\/et_pb_section][et_pb_section [&hellip;]<\/p>\n","protected":false},"author":2,"featured_media":0,"parent":0,"menu_order":0,"comment_status":"closed","ping_status":"closed","template":"","meta":[],"tags":[],"yoast_head":"<!-- This site is optimized with the Yoast SEO plugin v20.0 - https:\/\/yoast.com\/wordpress\/plugins\/seo\/ -->\n<title>Krioter\u00e1pi\u00e1s berendez\u00e9sek b\u00e9rl\u00e9se<\/title>\n<meta name=\"description\" content=\"A krioter\u00e1pi\u00e1s berendez\u00e9sek b\u00e9rl\u00e9si lehet\u0151s\u00e9ge \u00fcgyfelek sz\u00e9les sk\u00e1l\u00e1j\u00e1t c\u00e9lozza meg a k\u00fcl\u00f6nb\u00f6z\u0151 t\u00edpus\u00fa orvosi l\u00e9tes\u00edtm\u00e9nyekt\u0151l \u00e9s f\u00fcrd\u0151szalonokt\u00f3l kezdve a sportklubokig, sportcsapatokig \u00e9s rehabilit\u00e1ci\u00f3s k\u00f6zpontokig.\" \/>\n<meta name=\"robots\" content=\"index, follow, max-snippet:-1, max-image-preview:large, max-video-preview:-1\" \/>\n<link rel=\"canonical\" href=\"https:\/\/cryomedpro.com\/hu\/cryotherapy-machine-rental\/\" \/>\n<meta property=\"og:locale\" content=\"hu_HU\" \/>\n<meta property=\"og:type\" content=\"article\" \/>\n<meta property=\"og:title\" content=\"Krioter\u00e1pi\u00e1s berendez\u00e9sek b\u00e9rl\u00e9se\" \/>\n<meta property=\"og:description\" content=\"A krioter\u00e1pi\u00e1s berendez\u00e9sek b\u00e9rl\u00e9si lehet\u0151s\u00e9ge \u00fcgyfelek sz\u00e9les sk\u00e1l\u00e1j\u00e1t c\u00e9lozza meg a k\u00fcl\u00f6nb\u00f6z\u0151 t\u00edpus\u00fa orvosi l\u00e9tes\u00edtm\u00e9nyekt\u0151l \u00e9s f\u00fcrd\u0151szalonokt\u00f3l kezdve a sportklubokig, sportcsapatokig \u00e9s rehabilit\u00e1ci\u00f3s k\u00f6zpontokig.\" \/>\n<meta property=\"og:url\" content=\"https:\/\/cryomedpro.com\/hu\/cryotherapy-machine-rental\/\" \/>\n<meta property=\"og:site_name\" content=\"Cryomed PRO\" \/>\n<meta property=\"article:modified_time\" content=\"2019-11-28T11:32:24+00:00\" \/>\n<meta property=\"og:image\" content=\"https:\/\/cryomedpro.com\/wp-content\/uploads\/2016\/10\/heading-underline.png\" \/>\n<meta name=\"twitter:card\" content=\"summary_large_image\" \/>\n<meta name=\"twitter:label1\" content=\"Becs\u00fclt olvas\u00e1si id\u0151\" \/>\n\t<meta name=\"twitter:data1\" content=\"5 perc\" \/>\n<!-- \/ Yoast SEO plugin. -->","yoast_head_json":{"title":"Krioter\u00e1pi\u00e1s berendez\u00e9sek b\u00e9rl\u00e9se","description":"A krioter\u00e1pi\u00e1s berendez\u00e9sek b\u00e9rl\u00e9si lehet\u0151s\u00e9ge \u00fcgyfelek sz\u00e9les sk\u00e1l\u00e1j\u00e1t c\u00e9lozza meg a k\u00fcl\u00f6nb\u00f6z\u0151 t\u00edpus\u00fa orvosi l\u00e9tes\u00edtm\u00e9nyekt\u0151l \u00e9s f\u00fcrd\u0151szalonokt\u00f3l kezdve a sportklubokig, sportcsapatokig \u00e9s rehabilit\u00e1ci\u00f3s k\u00f6zpontokig.","robots":{"index":"index","follow":"follow","max-snippet":"max-snippet:-1","max-image-preview":"max-image-preview:large","max-video-preview":"max-video-preview:-1"},"canonical":"https:\/\/cryomedpro.com\/hu\/cryotherapy-machine-rental\/","og_locale":"hu_HU","og_type":"article","og_title":"Krioter\u00e1pi\u00e1s berendez\u00e9sek b\u00e9rl\u00e9se","og_description":"A krioter\u00e1pi\u00e1s berendez\u00e9sek b\u00e9rl\u00e9si lehet\u0151s\u00e9ge \u00fcgyfelek sz\u00e9les sk\u00e1l\u00e1j\u00e1t c\u00e9lozza meg a k\u00fcl\u00f6nb\u00f6z\u0151 t\u00edpus\u00fa orvosi l\u00e9tes\u00edtm\u00e9nyekt\u0151l \u00e9s f\u00fcrd\u0151szalonokt\u00f3l kezdve a sportklubokig, sportcsapatokig \u00e9s rehabilit\u00e1ci\u00f3s k\u00f6zpontokig.","og_url":"https:\/\/cryomedpro.com\/hu\/cryotherapy-machine-rental\/","og_site_name":"Cryomed PRO","article_modified_time":"2019-11-28T11:32:24+00:00","og_image":[{"url":"https:\/\/cryomedpro.com\/wp-content\/uploads\/2016\/10\/heading-underline.png"}],"twitter_card":"summary_large_image","twitter_misc":{"Becs\u00fclt olvas\u00e1si id\u0151":"5 perc"},"schema":{"@context":"https:\/\/schema.org","@graph":[{"@type":"WebPage","@id":"https:\/\/cryomedpro.com\/hu\/cryotherapy-machine-rental\/","url":"https:\/\/cryomedpro.com\/hu\/cryotherapy-machine-rental\/","name":"Krioter\u00e1pi\u00e1s berendez\u00e9sek b\u00e9rl\u00e9se","isPartOf":{"@id":"https:\/\/cryomedpro.com\/#website"},"datePublished":"2018-08-03T06:52:54+00:00","dateModified":"2019-11-28T11:32:24+00:00","description":"A krioter\u00e1pi\u00e1s berendez\u00e9sek b\u00e9rl\u00e9si lehet\u0151s\u00e9ge \u00fcgyfelek sz\u00e9les sk\u00e1l\u00e1j\u00e1t c\u00e9lozza meg a k\u00fcl\u00f6nb\u00f6z\u0151 t\u00edpus\u00fa orvosi l\u00e9tes\u00edtm\u00e9nyekt\u0151l \u00e9s f\u00fcrd\u0151szalonokt\u00f3l kezdve a sportklubokig, sportcsapatokig \u00e9s rehabilit\u00e1ci\u00f3s k\u00f6zpontokig.","breadcrumb":{"@id":"https:\/\/cryomedpro.com\/hu\/cryotherapy-machine-rental\/#breadcrumb"},"inLanguage":"hu","potentialAction":[{"@type":"ReadAction","target":["https:\/\/cryomedpro.com\/hu\/cryotherapy-machine-rental\/"]}]},{"@type":"BreadcrumbList","@id":"https:\/\/cryomedpro.com\/hu\/cryotherapy-machine-rental\/#breadcrumb","itemListElement":[{"@type":"ListItem","position":1,"name":"Home","item":"https:\/\/cryomedpro.com\/hu\/"},{"@type":"ListItem","position":2,"name":"Krioter\u00e1pi\u00e1s berendez\u00e9sek b\u00e9rl\u00e9se"}]},{"@type":"WebSite","@id":"https:\/\/cryomedpro.com\/#website","url":"https:\/\/cryomedpro.com\/","name":"Cryomed PRO","description":"Cryosaunas Worldwide","publisher":{"@id":"https:\/\/cryomedpro.com\/#\/schema\/person\/752b92c38fb6f6c5052ef7763f4d79eb"},"potentialAction":[{"@type":"SearchAction","target":{"@type":"EntryPoint","urlTemplate":"https:\/\/cryomedpro.com\/?s={search_term_string}"},"query-input":"required name=search_term_string"}],"inLanguage":"hu"},{"@type":["Person","Organization"],"@id":"https:\/\/cryomedpro.com\/#\/schema\/person\/752b92c38fb6f6c5052ef7763f4d79eb","name":"healthycold","image":{"@type":"ImageObject","inLanguage":"hu","@id":"https:\/\/cryomedpro.com\/#\/schema\/person\/image\/","url":"https:\/\/secure.gravatar.com\/avatar\/bbe2f3ec78281a56dba108d1bf0f9ffa?s=96&d=mm&r=g","contentUrl":"https:\/\/secure.gravatar.com\/avatar\/bbe2f3ec78281a56dba108d1bf0f9ffa?s=96&d=mm&r=g","caption":"healthycold"},"logo":{"@id":"https:\/\/cryomedpro.com\/#\/schema\/person\/image\/"}}]}},"_links":{"self":[{"href":"https:\/\/cryomedpro.com\/hu\/wp-json\/wp\/v2\/pages\/9640"}],"collection":[{"href":"https:\/\/cryomedpro.com\/hu\/wp-json\/wp\/v2\/pages"}],"about":[{"href":"https:\/\/cryomedpro.com\/hu\/wp-json\/wp\/v2\/types\/page"}],"author":[{"embeddable":true,"href":"https:\/\/cryomedpro.com\/hu\/wp-json\/wp\/v2\/users\/2"}],"replies":[{"embeddable":true,"href":"https:\/\/cryomedpro.com\/hu\/wp-json\/wp\/v2\/comments?post=9640"}],"version-history":[{"count":0,"href":"https:\/\/cryomedpro.com\/hu\/wp-json\/wp\/v2\/pages\/9640\/revisions"}],"wp:attachment":[{"href":"https:\/\/cryomedpro.com\/hu\/wp-json\/wp\/v2\/media?parent=9640"}],"wp:term":[{"taxonomy":"post_tag","embeddable":true,"href":"https:\/\/cryomedpro.com\/hu\/wp-json\/wp\/v2\/tags?post=9640"}],"curies":[{"name":"wp","href":"https:\/\/api.w.org\/{rel}","templated":true}]}}