{"id":31891,"date":"2019-02-03T22:55:41","date_gmt":"2019-02-03T21:55:41","guid":{"rendered":"https:\/\/cryomedpro.com\/cryofan-cf-05\/"},"modified":"2019-02-07T11:08:37","modified_gmt":"2019-02-07T10:08:37","slug":"cryofan-cf-05","status":"publish","type":"page","link":"https:\/\/cryomedpro.com\/it\/cryofan-cf-05\/","title":{"rendered":"Cryofan CF-05"},"content":{"rendered":"<p>[et_pb_section admin_label=&#8221;section&#8221; background_image=&#8221;https:\/\/cryomedpro.com\/wp-content\/uploads\/2016\/12\/784743-blue-crystals-frost-macro.jpg&#8221; transparent_background=&#8221;off&#8221; allow_player_pause=&#8221;off&#8221; inner_shadow=&#8221;off&#8221; parallax=&#8221;off&#8221; parallax_method=&#8221;off&#8221; padding_mobile=&#8221;off&#8221; make_fullwidth=&#8221;off&#8221; use_custom_width=&#8221;off&#8221; width_unit=&#8221;on&#8221; make_equal=&#8221;off&#8221; use_custom_gutter=&#8221;off&#8221; module_class=&#8221;ns-banner&#8221; custom_padding=&#8221;3px|0px|0px|0px&#8221;][et_pb_row admin_label=&#8221;row&#8221;][et_pb_column type=&#8221;4_4&#8243;][et_pb_text admin_label=&#8221;Text&#8221; background_layout=&#8221;dark&#8221; text_orientation=&#8221;right&#8221; use_border_color=&#8221;off&#8221; border_color=&#8221;#ffffff&#8221; border_style=&#8221;solid&#8221;]<\/p>\n<h1 style=\"text-align: center;\"><span style=\"font-weight: 400;\">Cryofan CF-05<\/span><\/h1>\n<p><img decoding=\"async\" loading=\"lazy\" class=\"size-full wp-image-150 aligncenter\" src=\"https:\/\/cryomedpro.com\/wp-content\/uploads\/2016\/10\/heading-underline.png\" alt=\"heading-underline\" width=\"309\" height=\"12\" srcset=\"https:\/\/cryomedpro.com\/wp-content\/uploads\/2016\/10\/heading-underline.png 309w, https:\/\/cryomedpro.com\/wp-content\/uploads\/2016\/10\/heading-underline-300x12.png 300w\" sizes=\"(max-width: 309px) 100vw, 309px\" \/><\/p>\n<p>[\/et_pb_text][\/et_pb_column][\/et_pb_row][\/et_pb_section][et_pb_section admin_label=&#8221;Section&#8221; fullwidth=&#8221;off&#8221; specialty=&#8221;off&#8221; transparent_background=&#8221;off&#8221; allow_player_pause=&#8221;off&#8221; inner_shadow=&#8221;off&#8221; parallax=&#8221;off&#8221; parallax_method=&#8221;off&#8221; custom_padding=&#8221;15px|0px|0px|0px&#8221; padding_mobile=&#8221;off&#8221; make_fullwidth=&#8221;off&#8221; use_custom_width=&#8221;off&#8221; width_unit=&#8221;on&#8221; make_equal=&#8221;off&#8221; use_custom_gutter=&#8221;off&#8221;][et_pb_row admin_label=&#8221;Row&#8221; make_fullwidth=&#8221;off&#8221; use_custom_width=&#8221;off&#8221; width_unit=&#8221;on&#8221; use_custom_gutter=&#8221;off&#8221; padding_mobile=&#8221;off&#8221; allow_player_pause=&#8221;off&#8221; parallax=&#8221;off&#8221; parallax_method=&#8221;off&#8221; make_equal=&#8221;off&#8221; parallax_1=&#8221;off&#8221; parallax_method_1=&#8221;off&#8221; column_padding_mobile=&#8221;on&#8221; custom_padding=&#8221;0px|0px|0px|0px&#8221;][et_pb_column type=&#8221;4_4&#8243;][et_pb_code admin_label=&#8221;Code&#8221;]\tCryo\n<span><span><a href=\"https:\/\/cryomedpro.com\/it\/\">Home<\/a><\/span><\/span>[\/et_pb_code][\/et_pb_column][\/et_pb_row][\/et_pb_section][et_pb_section admin_label=&#8221;Section&#8221; fullwidth=&#8221;off&#8221; specialty=&#8221;off&#8221; transparent_background=&#8221;off&#8221; allow_player_pause=&#8221;off&#8221; inner_shadow=&#8221;off&#8221; parallax=&#8221;off&#8221; parallax_method=&#8221;off&#8221; custom_padding=&#8221;15px|0px|0px|0px&#8221; padding_mobile=&#8221;off&#8221; make_fullwidth=&#8221;off&#8221; use_custom_width=&#8221;off&#8221; width_unit=&#8221;on&#8221; make_equal=&#8221;off&#8221; use_custom_gutter=&#8221;off&#8221;][et_pb_row admin_label=&#8221;Row&#8221;][et_pb_column type=&#8221;1_3&#8243;][et_pb_image admin_label=&#8221;Image&#8221; src=&#8221;https:\/\/cryomedpro.com\/wp-content\/uploads\/2019\/02\/cryofan_cf-05-01.png&#8221; alt=&#8221;Cryofan CF-05&#8243; title_text=&#8221;Cryofan CF-05&#8243; show_in_lightbox=&#8221;off&#8221; url_new_window=&#8221;off&#8221; use_overlay=&#8221;off&#8221; animation=&#8221;left&#8221; sticky=&#8221;off&#8221; align=&#8221;left&#8221; force_fullwidth=&#8221;off&#8221; always_center_on_mobile=&#8221;on&#8221; use_border_color=&#8221;off&#8221; border_color=&#8221;#ffffff&#8221; border_style=&#8221;solid&#8221;]<\/p>\n<p>&nbsp;<\/p>\n<p>[\/et_pb_image][\/et_pb_column][et_pb_column type=&#8221;2_3&#8243;][et_pb_text admin_label=&#8221;Text&#8221; background_layout=&#8221;light&#8221; text_orientation=&#8221;right&#8221; use_border_color=&#8221;off&#8221; border_color=&#8221;#ffffff&#8221; border_style=&#8221;solid&#8221;]<\/p>\n<h2 style=\"text-align: left;\">Cos&#8217;\u00e8 CRYOFAN?<\/h2>\n<p style=\"text-align: left;\">Cryofan CF-05 \u00e8 un dispositivo avanzato di crioterapia locale di nuova generazione che utilizza un flusso di vapore di azoto super-raffreddato per ridurre in modo rapido ed indolore la temperatura della pelle e dei tessuti sottocutanei. L&#8217;applicazione localizzata del freddo produce una serie di effetti positivi ed \u00e8 ampiamente utilizzata in cosmetologia, dermatologia, traumatologia e medicina dello sport.<\/p>\n<p style=\"text-align: left;\">Cryofan CF-05 \u00e8 il successore del popolare modello CF-04 e presenta una serie di caratteristiche innovative, una migliore usabilit\u00e0 e una maggiore sicurezza.<\/p>\n<p>[\/et_pb_text][et_pb_button admin_label=&#8221;Button&#8221; url_new_window=&#8221;off&#8221; button_text=&#8221;RICHIEDI UN PREVENTIVO&#8221; button_alignment=&#8221;center&#8221; background_layout=&#8221;dark&#8221; custom_button=&#8221;on&#8221; button_text_size=&#8221;15&#8243; button_bg_color=&#8221;#8fd400&#8243; button_border_width=&#8221;0&#8243; button_letter_spacing=&#8221;0&#8243; button_use_icon=&#8221;off&#8221; button_icon_placement=&#8221;right&#8221; button_on_hover=&#8221;on&#8221; button_bg_color_hover=&#8221;#b0d369&#8243; button_letter_spacing_hover=&#8221;0&#8243; module_class=&#8221;popmake-contact-form-it&#8221;]<\/p>\n<p>&nbsp;<\/p>\n<p>[\/et_pb_button][\/et_pb_column][\/et_pb_row][et_pb_row admin_label=&#8221;Row&#8221;][et_pb_column type=&#8221;4_4&#8243;][et_pb_text admin_label=&#8221;Text&#8221; background_layout=&#8221;light&#8221; text_orientation=&#8221;left&#8221; use_border_color=&#8221;off&#8221; border_color=&#8221;#ffffff&#8221; border_style=&#8221;solid&#8221;]<\/p>\n<h2 style=\"text-align: center; color: #666666;\">Caratteristiche principali di Cryofan CF-05<\/h2>\n<p><img decoding=\"async\" loading=\"lazy\" class=\"size-medium wp-image-85 aligncenter\" src=\"https:\/\/cryomedpro.com\/wp-content\/uploads\/2016\/10\/brush-2-300x12.png\" alt=\"brush-2\" width=\"300\" height=\"12\" srcset=\"https:\/\/cryomedpro.com\/wp-content\/uploads\/2016\/10\/brush-2-300x12.png 300w, https:\/\/cryomedpro.com\/wp-content\/uploads\/2016\/10\/brush-2.png 309w\" sizes=\"(max-width: 300px) 100vw, 300px\" \/><\/p>\n<p>[\/et_pb_text][\/et_pb_column][\/et_pb_row][et_pb_row admin_label=&#8221;Row&#8221;][et_pb_column type=&#8221;1_2&#8243;][et_pb_text admin_label=&#8221;Text&#8221; background_layout=&#8221;light&#8221; text_orientation=&#8221;left&#8221; use_border_color=&#8221;off&#8221; border_color=&#8221;#ffffff&#8221; border_style=&#8221;solid&#8221;]<\/p>\n<ul>\n<li style=\"font-weight: 400;\">Portabilit\u00e0 (ruote per facilit\u00e0 di trasporto)<\/li>\n<li style=\"font-weight: 400;\">Design futuristico, ergonomico e intuitivo<\/li>\n<li style=\"font-weight: 400;\">Schermo touch per un controllo facile<\/li>\n<li style=\"font-weight: 400;\">Durata media di una procedura criogenica: 3-5 minuti<\/li>\n<li style=\"font-weight: 400;\">Timer di procedura<\/li>\n<li style=\"font-weight: 400;\">Contatore di procedure<\/li>\n<li style=\"font-weight: 400;\">Sistema di sicurezza multistrato con alimentazione a 24 V<\/li>\n<li style=\"font-weight: 400;\">Regolazione della temperatura del flusso di azoto<\/li>\n<li style=\"font-weight: 400;\">Basso consumo di azoto, non superiore a 0,06 l\/min (il pi\u00f9 basso sul mercato per dispositivi simili)<\/li>\n<li style=\"font-weight: 400;\">Avvio rapido: meno di 4 minuti per avviare il dispositivo<\/li>\n<li style=\"font-weight: 400;\">La pelle del paziente non viene mai a contatto con l&#8217;azoto liquido<\/li>\n<li style=\"font-weight: 400;\">Trattamento efficace delle zone mirate<\/li>\n<li style=\"font-weight: 400;\">Prodotto in UE<\/li>\n<\/ul>\n<p>Cryofan pu\u00f2 essere utilizzato in combinazione con altri prodotti Cryomed grazie al supporto degli stessi Vasi Dewar. In questo modo, i nostri clienti possono godere dell&#8217;effetto combinato di questi due approcci alla crioterapia (locale e totale) per ottenere i migliori risultati.<\/p>\n<p>Cryofan CF-05 \u00e8 un&#8217;ottima scelta per le persone che non desiderano o non traggono vantaggio dalla tradizionale crioterapia totale.<\/p>\n<p>[\/et_pb_text][\/et_pb_column][et_pb_column type=&#8221;1_2&#8243;][et_pb_image admin_label=&#8221;Image&#8221; src=&#8221;https:\/\/cryomedpro.com\/wp-content\/uploads\/2019\/02\/cryofan_cf-05-02.png&#8221; alt=&#8221;CRYOFAN CF-05&#8243; title_text=&#8221;CRYOFAN CF-05&#8243; show_in_lightbox=&#8221;off&#8221; url_new_window=&#8221;off&#8221; use_overlay=&#8221;off&#8221; animation=&#8221;left&#8221; sticky=&#8221;off&#8221; align=&#8221;left&#8221; force_fullwidth=&#8221;off&#8221; always_center_on_mobile=&#8221;on&#8221; use_border_color=&#8221;off&#8221; border_color=&#8221;#ffffff&#8221; border_style=&#8221;solid&#8221;]<\/p>\n<p>&nbsp;<\/p>\n<p>[\/et_pb_image][\/et_pb_column][\/et_pb_row][et_pb_row admin_label=&#8221;Row&#8221;][et_pb_column type=&#8221;4_4&#8243;][et_pb_text admin_label=&#8221;Text&#8221; background_layout=&#8221;light&#8221; text_orientation=&#8221;left&#8221; use_border_color=&#8221;off&#8221; border_color=&#8221;#ffffff&#8221; border_style=&#8221;solid&#8221;]<\/p>\n<h2 style=\"text-align: center; color: #666666;\">Caratteristiche tecniche<\/h2>\n<p><img decoding=\"async\" loading=\"lazy\" class=\"size-medium wp-image-85 aligncenter\" src=\"https:\/\/cryomedpro.com\/wp-content\/uploads\/2016\/10\/brush-2-300x12.png\" alt=\"brush-2\" width=\"300\" height=\"12\" srcset=\"https:\/\/cryomedpro.com\/wp-content\/uploads\/2016\/10\/brush-2-300x12.png 300w, https:\/\/cryomedpro.com\/wp-content\/uploads\/2016\/10\/brush-2.png 309w\" sizes=\"(max-width: 300px) 100vw, 300px\" \/><\/p>\n<p>[\/et_pb_text][et_pb_text admin_label=&#8221;Text&#8221; background_layout=&#8221;light&#8221; text_orientation=&#8221;left&#8221; use_border_color=&#8221;off&#8221; border_color=&#8221;#ffffff&#8221; border_style=&#8221;solid&#8221;]<\/p>\n<table class=\"prod_full_attributes\">\n<tbody>\n<tr>\n<td><strong>Funzione<\/strong><\/td>\n<td><strong>Valore<\/strong><\/td>\n<\/tr>\n<tr>\n<td>Alimentazione<\/td>\n<td><span style=\"font-weight: 400;\">100-240 VAC, 50\/60 Hz<\/span><\/td>\n<\/tr>\n<tr>\n<td>Potenza massima assorbita<\/td>\n<td><span style=\"font-weight: 400;\">0,29 kW<\/span><\/td>\n<\/tr>\n<tr>\n<td>Peso dell&#8217;unit\u00e0 criogenico<\/td>\n<td><span style=\"font-weight: 400;\">23,3 kg<\/span><\/td>\n<\/tr>\n<tr>\n<td>Lunghezza tubo<\/td>\n<td><span style=\"font-weight: 400;\">1,4 m<\/span><\/td>\n<\/tr>\n<tr>\n<td>Tempo di preraffreddamento (-100\u00ba\u0421)<\/td>\n<td>Meno di 3 min<\/td>\n<\/tr>\n<tr>\n<td>Sistema di controllo e mantenimento automatico della temperatura<\/td>\n<td>Controllo<\/td>\n<\/tr>\n<tr>\n<td>Display touchscreen a colori con interfaccia utente multifunzionale e semplice da usare<\/td>\n<td>7\u201d<\/td>\n<\/tr>\n<tr>\n<td>Temperatura del flusso di gas (massima)<\/td>\n<td><span style=\"font-weight: 400;\">-130\u00ba \u0421<\/span><\/td>\n<\/tr>\n<tr>\n<td>Consumo di azoto liquido per una sessione (10 min, -100\u00ba\u0421)<\/td>\n<td><span style=\"font-weight: 400;\">0,7 l<\/span><\/td>\n<\/tr>\n<tr>\n<td>Protezione<\/td>\n<td><span style=\"font-weight: 400;\">IP50<\/span><\/td>\n<\/tr>\n<\/tbody>\n<\/table>\n<p>[\/et_pb_text][\/et_pb_column][\/et_pb_row][et_pb_row admin_label=&#8221;Row&#8221;][et_pb_column type=&#8221;1_2&#8243;][et_pb_text admin_label=&#8221;Text&#8221; background_layout=&#8221;light&#8221; text_orientation=&#8221;left&#8221; use_border_color=&#8221;off&#8221; border_color=&#8221;#ffffff&#8221; border_style=&#8221;solid&#8221;]<\/p>\n<h2>Come funziona la crioterapia?<\/h2>\n<p>Il concetto di crioterapia si basa sull&#8217;applicazione di temperature estremamente basse per un lasso di tempo ristretto a una precisa zona del corpo di un paziente. Questa procedura fa contrarre i muscoli, aumentando il flusso sanguigno nell&#8217;area trattata, lenendo le infiammazioni e accelerando la rigenerazione cellulare. Alla fine della procedura, il paziente prova una sensazione di &#8220;spilli e aghi&#8221; che scompare rapidamente dopo il trattamento. Le procedure criogeniche sono sicure al 100%, non hanno effetti collaterali e dimostrano risultati eccellenti su disturbi mirati in zone come schiena, ginocchi, gomiti o altri dolori articolari, danni alla pelle, tensione muscolare, distorsioni dei legamenti e altro ancora.<\/p>\n<h3>Effetti della crioterapia<\/h3>\n<ul>\n<li style=\"font-weight: 400;\">Prestazioni fisiche migliorate<\/li>\n<li style=\"font-weight: 400;\">Sollievo dal dolore<\/li>\n<li style=\"font-weight: 400;\">Riduzione dell&#8217;infiammazione<\/li>\n<li style=\"font-weight: 400;\">Recupero muscolare pi\u00f9 rapido<\/li>\n<li style=\"font-weight: 400;\">Miglioramento della circolazione sanguigna e del tono della pelle<\/li>\n<li style=\"font-weight: 400;\">Riduzione delle rughe e delle linee sottili<\/li>\n<li style=\"font-weight: 400;\">Trattamento delle cicatrici<\/li>\n<\/ul>\n<p>[\/et_pb_text][\/et_pb_column][et_pb_column type=&#8221;1_2&#8243;][et_pb_image admin_label=&#8221;Image&#8221; src=&#8221;https:\/\/cryomedpro.com\/wp-content\/uploads\/2019\/02\/cryofan_cf-05-03.jpg&#8221; alt=&#8221;How does cryotherapy work?&#8221; title_text=&#8221;How does cryotherapy work?&#8221; show_in_lightbox=&#8221;off&#8221; url_new_window=&#8221;off&#8221; use_overlay=&#8221;off&#8221; animation=&#8221;left&#8221; sticky=&#8221;off&#8221; align=&#8221;left&#8221; force_fullwidth=&#8221;off&#8221; always_center_on_mobile=&#8221;on&#8221; use_border_color=&#8221;off&#8221; border_color=&#8221;#ffffff&#8221; border_style=&#8221;solid&#8221;]<\/p>\n<p>&nbsp;<\/p>\n<p>[\/et_pb_image][\/et_pb_column][\/et_pb_row][et_pb_row admin_label=&#8221;Row&#8221;][et_pb_column type=&#8221;4_4&#8243;][et_pb_text admin_label=&#8221;Text&#8221; background_layout=&#8221;light&#8221; text_orientation=&#8221;left&#8221; use_border_color=&#8221;off&#8221; border_color=&#8221;#ffffff&#8221; border_style=&#8221;solid&#8221;]<\/p>\n<h2>Una soluzione innovativa per la salute di tutti<\/h2>\n<p>Cryofan \u00e8 un dispositivo avanzato per la cura del corpo e della pelle che vanta dimensioni compatte, portabilit\u00e0 e compatibilit\u00e0 con altri prodotti e accessori Cryomed. \u00c8 una soluzione perfetta per centri medici, centri benessere e centri fitness, palestre, istituti di bellezza, strutture per la riabilitazione, strutture di allenamento sportivo e persino singoli utenti interessati che vogliono godere di un numero illimitato di procedure criogeniche comodamente da casa o dall&#8217;ufficio. Il prodotto \u00e8 cos\u00ec facile da usare che all&#8217;operatore non \u00e8 richiesto alcun certificato medico o formazione particolare.<\/p>\n<p><b>Industrie target:<\/b><\/p>\n<ul>\n<li style=\"font-weight: 400;\">Cosmetologia;<\/li>\n<li style=\"font-weight: 400;\">Dermatologia;<\/li>\n<li style=\"font-weight: 400;\">Medicina sportiva;<\/li>\n<li style=\"font-weight: 400;\">Riabilitazione;<\/li>\n<li style=\"font-weight: 400;\">Traumatologia;<\/li>\n<li style=\"font-weight: 400;\">Ortopedia.<\/li>\n<\/ul>\n<h2>Perch\u00e9 Cryofan?<\/h2>\n<p>Fondata nel 2002, Cryomed \u00e8 diventato un produttore leader di apparecchiature criogeniche. Spinta dalla passione per l&#8217;innovazione e dal desiderio di rendere questa tecnologia disponibile al pi\u00f9 vasto pubblico possibile, l&#8217;azienda si concentra sul miglioramento continuo e sull&#8217;espansione della sua linea di prodotti.<\/p>\n<p>Cryofan \u00e8 un dispositivo di crioterapia unico progettato e sviluppato per aziende e individui che vogliono godere dei benefici della criostimolazione senza dover acquistare e installare una grande criosauna convenzionale nel loro ufficio o a casa. Le sedute di crioterapia, effettuate regolarmente, aiutano ad alleviare i dolori muscolari e articolari cronici e sono particolarmente efficaci per malattie come i reumatismi. Il nostro prodotto consente ai nostri clienti di vivere vite produttive e indolori e di riprendersi rapidamente da traumi di ogni tipo.<\/p>\n<p>Ci impegniamo a fornire alta qualit\u00e0 a prezzi competitivi e offriamo una consulenza in ogni momento della transazione per aiutarti a scegliere il prodotto giusto per le tue esigenze.<\/p>\n<p>Per ulteriori informazioni sulle nostre offerte speciali, sui prezzi e su altre informazioni importanti, contatta il nostro ufficio vendite qui.<\/p>\n<p>[\/et_pb_text][et_pb_button admin_label=&#8221;Button&#8221; url_new_window=&#8221;off&#8221; button_text=&#8221;RICHIEDI UN PREVENTIVO&#8221; button_alignment=&#8221;center&#8221; background_layout=&#8221;dark&#8221; custom_button=&#8221;on&#8221; button_text_size=&#8221;15&#8243; button_bg_color=&#8221;#8fd400&#8243; button_border_width=&#8221;0&#8243; button_letter_spacing=&#8221;0&#8243; button_use_icon=&#8221;off&#8221; button_icon_placement=&#8221;right&#8221; button_on_hover=&#8221;on&#8221; button_bg_color_hover=&#8221;#b0d369&#8243; button_letter_spacing_hover=&#8221;0&#8243; module_class=&#8221;popmake-contact-form-it&#8221;]<\/p>\n<p>&nbsp;<\/p>\n<p>[\/et_pb_button][\/et_pb_column][\/et_pb_row][\/et_pb_section]<\/p>\n","protected":false},"excerpt":{"rendered":"<p>[et_pb_section admin_label=&#8221;section&#8221; background_image=&#8221;https:\/\/cryomedpro.com\/wp-content\/uploads\/2016\/12\/784743-blue-crystals-frost-macro.jpg&#8221; transparent_background=&#8221;off&#8221; allow_player_pause=&#8221;off&#8221; inner_shadow=&#8221;off&#8221; parallax=&#8221;off&#8221; parallax_method=&#8221;off&#8221; padding_mobile=&#8221;off&#8221; make_fullwidth=&#8221;off&#8221; use_custom_width=&#8221;off&#8221; width_unit=&#8221;on&#8221; make_equal=&#8221;off&#8221; use_custom_gutter=&#8221;off&#8221; module_class=&#8221;ns-banner&#8221; custom_padding=&#8221;3px|0px|0px|0px&#8221;][et_pb_row admin_label=&#8221;row&#8221;][et_pb_column type=&#8221;4_4&#8243;][et_pb_text admin_label=&#8221;Text&#8221; background_layout=&#8221;dark&#8221; text_orientation=&#8221;right&#8221; use_border_color=&#8221;off&#8221; border_color=&#8221;#ffffff&#8221; border_style=&#8221;solid&#8221;] Cryofan CF-05 [\/et_pb_text][\/et_pb_column][\/et_pb_row][\/et_pb_section][et_pb_section admin_label=&#8221;Section&#8221; fullwidth=&#8221;off&#8221; specialty=&#8221;off&#8221; transparent_background=&#8221;off&#8221; allow_player_pause=&#8221;off&#8221; inner_shadow=&#8221;off&#8221; parallax=&#8221;off&#8221; parallax_method=&#8221;off&#8221; custom_padding=&#8221;15px|0px|0px|0px&#8221; padding_mobile=&#8221;off&#8221; make_fullwidth=&#8221;off&#8221; use_custom_width=&#8221;off&#8221; width_unit=&#8221;on&#8221; make_equal=&#8221;off&#8221; use_custom_gutter=&#8221;off&#8221;][et_pb_row admin_label=&#8221;Row&#8221; make_fullwidth=&#8221;off&#8221; use_custom_width=&#8221;off&#8221; width_unit=&#8221;on&#8221; use_custom_gutter=&#8221;off&#8221; padding_mobile=&#8221;off&#8221; allow_player_pause=&#8221;off&#8221; parallax=&#8221;off&#8221; parallax_method=&#8221;off&#8221; make_equal=&#8221;off&#8221; parallax_1=&#8221;off&#8221; parallax_method_1=&#8221;off&#8221; column_padding_mobile=&#8221;on&#8221; [&hellip;]<\/p>\n","protected":false},"author":2,"featured_media":0,"parent":0,"menu_order":0,"comment_status":"closed","ping_status":"closed","template":"","meta":[],"tags":[],"yoast_head":"<!-- This site is optimized with the Yoast SEO plugin v20.0 - https:\/\/yoast.com\/wordpress\/plugins\/seo\/ -->\n<title>Cryofan CF-05<\/title>\n<meta name=\"description\" content=\"Cryofan CF-05 \u00e8 un dispositivo avanzato di crioterapia locale di nuova generazione che utilizza un flusso di vapore di azoto super-raffreddato per ridurre in modo rapido ed indolore la temperatura della pelle e dei tessuti sottocutanei. L&#039;applicazione localizzata del freddo produce una serie di effetti positivi ed \u00e8 ampiamente utilizzata in cosmetologia, dermatologia, traumatologia e medicina dello sport.\" \/>\n<meta name=\"robots\" content=\"index, follow, max-snippet:-1, max-image-preview:large, max-video-preview:-1\" \/>\n<link rel=\"canonical\" href=\"https:\/\/cryomedpro.com\/it\/cryofan-cf-05\/\" \/>\n<meta property=\"og:locale\" content=\"it_IT\" \/>\n<meta property=\"og:type\" content=\"article\" \/>\n<meta property=\"og:title\" content=\"Cryofan CF-05\" \/>\n<meta property=\"og:description\" content=\"Cryofan CF-05 \u00e8 un dispositivo avanzato di crioterapia locale di nuova generazione che utilizza un flusso di vapore di azoto super-raffreddato per ridurre in modo rapido ed indolore la temperatura della pelle e dei tessuti sottocutanei. L&#039;applicazione localizzata del freddo produce una serie di effetti positivi ed \u00e8 ampiamente utilizzata in cosmetologia, dermatologia, traumatologia e medicina dello sport.\" \/>\n<meta property=\"og:url\" content=\"https:\/\/cryomedpro.com\/it\/cryofan-cf-05\/\" \/>\n<meta property=\"og:site_name\" content=\"Cryomed PRO\" \/>\n<meta property=\"article:modified_time\" content=\"2019-02-07T10:08:37+00:00\" \/>\n<meta property=\"og:image\" content=\"https:\/\/cryomedpro.com\/wp-content\/uploads\/2016\/10\/heading-underline.png\" \/>\n<meta name=\"twitter:card\" content=\"summary_large_image\" \/>\n<meta name=\"twitter:label1\" content=\"Tempo di lettura stimato\" \/>\n\t<meta name=\"twitter:data1\" content=\"8 minuti\" \/>\n<!-- \/ Yoast SEO plugin. -->","yoast_head_json":{"title":"Cryofan CF-05","description":"Cryofan CF-05 \u00e8 un dispositivo avanzato di crioterapia locale di nuova generazione che utilizza un flusso di vapore di azoto super-raffreddato per ridurre in modo rapido ed indolore la temperatura della pelle e dei tessuti sottocutanei. L'applicazione localizzata del freddo produce una serie di effetti positivi ed \u00e8 ampiamente utilizzata in cosmetologia, dermatologia, traumatologia e medicina dello sport.","robots":{"index":"index","follow":"follow","max-snippet":"max-snippet:-1","max-image-preview":"max-image-preview:large","max-video-preview":"max-video-preview:-1"},"canonical":"https:\/\/cryomedpro.com\/it\/cryofan-cf-05\/","og_locale":"it_IT","og_type":"article","og_title":"Cryofan CF-05","og_description":"Cryofan CF-05 \u00e8 un dispositivo avanzato di crioterapia locale di nuova generazione che utilizza un flusso di vapore di azoto super-raffreddato per ridurre in modo rapido ed indolore la temperatura della pelle e dei tessuti sottocutanei. L'applicazione localizzata del freddo produce una serie di effetti positivi ed \u00e8 ampiamente utilizzata in cosmetologia, dermatologia, traumatologia e medicina dello sport.","og_url":"https:\/\/cryomedpro.com\/it\/cryofan-cf-05\/","og_site_name":"Cryomed PRO","article_modified_time":"2019-02-07T10:08:37+00:00","og_image":[{"url":"https:\/\/cryomedpro.com\/wp-content\/uploads\/2016\/10\/heading-underline.png"}],"twitter_card":"summary_large_image","twitter_misc":{"Tempo di lettura stimato":"8 minuti"},"schema":{"@context":"https:\/\/schema.org","@graph":[{"@type":"WebPage","@id":"https:\/\/cryomedpro.com\/it\/cryofan-cf-05\/","url":"https:\/\/cryomedpro.com\/it\/cryofan-cf-05\/","name":"Cryofan CF-05","isPartOf":{"@id":"https:\/\/cryomedpro.com\/#website"},"datePublished":"2019-02-03T21:55:41+00:00","dateModified":"2019-02-07T10:08:37+00:00","description":"Cryofan CF-05 \u00e8 un dispositivo avanzato di crioterapia locale di nuova generazione che utilizza un flusso di vapore di azoto super-raffreddato per ridurre in modo rapido ed indolore la temperatura della pelle e dei tessuti sottocutanei. L'applicazione localizzata del freddo produce una serie di effetti positivi ed \u00e8 ampiamente utilizzata in cosmetologia, dermatologia, traumatologia e medicina dello sport.","breadcrumb":{"@id":"https:\/\/cryomedpro.com\/it\/cryofan-cf-05\/#breadcrumb"},"inLanguage":"it-IT","potentialAction":[{"@type":"ReadAction","target":["https:\/\/cryomedpro.com\/it\/cryofan-cf-05\/"]}]},{"@type":"BreadcrumbList","@id":"https:\/\/cryomedpro.com\/it\/cryofan-cf-05\/#breadcrumb","itemListElement":[{"@type":"ListItem","position":1,"name":"Home","item":"https:\/\/cryomedpro.com\/it\/"},{"@type":"ListItem","position":2,"name":"Cryofan CF-05"}]},{"@type":"WebSite","@id":"https:\/\/cryomedpro.com\/#website","url":"https:\/\/cryomedpro.com\/","name":"Cryomed PRO","description":"Cryosaunas Worldwide","publisher":{"@id":"https:\/\/cryomedpro.com\/#\/schema\/person\/752b92c38fb6f6c5052ef7763f4d79eb"},"potentialAction":[{"@type":"SearchAction","target":{"@type":"EntryPoint","urlTemplate":"https:\/\/cryomedpro.com\/?s={search_term_string}"},"query-input":"required name=search_term_string"}],"inLanguage":"it-IT"},{"@type":["Person","Organization"],"@id":"https:\/\/cryomedpro.com\/#\/schema\/person\/752b92c38fb6f6c5052ef7763f4d79eb","name":"healthycold","image":{"@type":"ImageObject","inLanguage":"it-IT","@id":"https:\/\/cryomedpro.com\/#\/schema\/person\/image\/","url":"https:\/\/secure.gravatar.com\/avatar\/bbe2f3ec78281a56dba108d1bf0f9ffa?s=96&d=mm&r=g","contentUrl":"https:\/\/secure.gravatar.com\/avatar\/bbe2f3ec78281a56dba108d1bf0f9ffa?s=96&d=mm&r=g","caption":"healthycold"},"logo":{"@id":"https:\/\/cryomedpro.com\/#\/schema\/person\/image\/"}}]}},"_links":{"self":[{"href":"https:\/\/cryomedpro.com\/it\/wp-json\/wp\/v2\/pages\/31891"}],"collection":[{"href":"https:\/\/cryomedpro.com\/it\/wp-json\/wp\/v2\/pages"}],"about":[{"href":"https:\/\/cryomedpro.com\/it\/wp-json\/wp\/v2\/types\/page"}],"author":[{"embeddable":true,"href":"https:\/\/cryomedpro.com\/it\/wp-json\/wp\/v2\/users\/2"}],"replies":[{"embeddable":true,"href":"https:\/\/cryomedpro.com\/it\/wp-json\/wp\/v2\/comments?post=31891"}],"version-history":[{"count":0,"href":"https:\/\/cryomedpro.com\/it\/wp-json\/wp\/v2\/pages\/31891\/revisions"}],"wp:attachment":[{"href":"https:\/\/cryomedpro.com\/it\/wp-json\/wp\/v2\/media?parent=31891"}],"wp:term":[{"taxonomy":"post_tag","embeddable":true,"href":"https:\/\/cryomedpro.com\/it\/wp-json\/wp\/v2\/tags?post=31891"}],"curies":[{"name":"wp","href":"https:\/\/api.w.org\/{rel}","templated":true}]}}