{"id":4512,"date":"2017-02-06T16:05:11","date_gmt":"2017-02-06T15:05:11","guid":{"rendered":"https:\/\/cryomedpro.com\/quality-and-certificates\/"},"modified":"2020-02-19T00:45:33","modified_gmt":"2020-02-18T23:45:33","slug":"qualita-e-certificati","status":"publish","type":"page","link":"https:\/\/cryomedpro.com\/it\/qualita-e-certificati\/","title":{"rendered":"Qualit\u00e0 e certificati"},"content":{"rendered":"<p>[et_pb_section admin_label=&#8221;section&#8221; background_image=&#8221;https:\/\/cryomedpro.com\/wp-content\/uploads\/2016\/12\/784743-blue-crystals-frost-macro.jpg&#8221; transparent_background=&#8221;off&#8221; allow_player_pause=&#8221;off&#8221; inner_shadow=&#8221;off&#8221; parallax=&#8221;off&#8221; parallax_method=&#8221;off&#8221; custom_padding=&#8221;3px|0px|4px|0px&#8221; padding_mobile=&#8221;off&#8221; make_fullwidth=&#8221;off&#8221; use_custom_width=&#8221;off&#8221; width_unit=&#8221;on&#8221; custom_width_px=&#8221;1080px&#8221; custom_width_percent=&#8221;80%&#8221; make_equal=&#8221;off&#8221; use_custom_gutter=&#8221;off&#8221; fullwidth=&#8221;off&#8221; specialty=&#8221;off&#8221; module_class=&#8221;ns-banner&#8221; disabled=&#8221;off&#8221;][et_pb_row admin_label=&#8221;row&#8221; make_fullwidth=&#8221;off&#8221; use_custom_width=&#8221;off&#8221; width_unit=&#8221;off&#8221; custom_width_px=&#8221;1080px&#8221; custom_width_percent=&#8221;80%&#8221; use_custom_gutter=&#8221;off&#8221; gutter_width=&#8221;3&#8243; custom_padding=&#8221;21px|0px|21.45px|0px&#8221; padding_mobile=&#8221;off&#8221; allow_player_pause=&#8221;off&#8221; parallax=&#8221;off&#8221; parallax_method=&#8221;on&#8221; make_equal=&#8221;off&#8221; column_padding_mobile=&#8221;on&#8221; parallax_1=&#8221;off&#8221; parallax_method_1=&#8221;on&#8221; parallax_2=&#8221;off&#8221; parallax_method_2=&#8221;on&#8221; parallax_3=&#8221;off&#8221; parallax_method_3=&#8221;on&#8221; parallax_4=&#8221;off&#8221; parallax_method_4=&#8221;on&#8221; disabled=&#8221;off&#8221;][et_pb_column type=&#8221;4_4&#8243;][et_pb_text admin_label=&#8221;Text&#8221; background_layout=&#8221;dark&#8221; text_orientation=&#8221;center&#8221; use_border_color=&#8221;off&#8221; border_style=&#8221;solid&#8221; disabled=&#8221;off&#8221; border_color=&#8221;#ffffff&#8221;]<\/p>\n<h1 style=\"text-align: center;\">Qualit\u00e0 e certificati<\/h1>\n<p><img decoding=\"async\" loading=\"lazy\" class=\"size-full wp-image-150 aligncenter\" src=\"https:\/\/cryomedpro.com\/wp-content\/uploads\/2016\/10\/heading-underline.png\" alt=\"heading-underline\" width=\"309\" height=\"12\" srcset=\"https:\/\/cryomedpro.com\/wp-content\/uploads\/2016\/10\/heading-underline.png 309w, https:\/\/cryomedpro.com\/wp-content\/uploads\/2016\/10\/heading-underline-300x12.png 300w\" sizes=\"(max-width: 309px) 100vw, 309px\" \/><\/p>\n<p>[\/et_pb_text][\/et_pb_column][\/et_pb_row][\/et_pb_section][et_pb_section admin_label=&#8221;Section&#8221; fullwidth=&#8221;off&#8221; specialty=&#8221;off&#8221; transparent_background=&#8221;off&#8221; allow_player_pause=&#8221;off&#8221; inner_shadow=&#8221;off&#8221; parallax=&#8221;off&#8221; parallax_method=&#8221;off&#8221; custom_padding=&#8221;15px|0px|0px|0px&#8221; padding_mobile=&#8221;off&#8221; make_fullwidth=&#8221;off&#8221; use_custom_width=&#8221;off&#8221; width_unit=&#8221;on&#8221; make_equal=&#8221;off&#8221; use_custom_gutter=&#8221;off&#8221;][et_pb_row admin_label=&#8221;Row&#8221; make_fullwidth=&#8221;off&#8221; use_custom_width=&#8221;off&#8221; width_unit=&#8221;on&#8221; use_custom_gutter=&#8221;off&#8221; padding_mobile=&#8221;off&#8221; allow_player_pause=&#8221;off&#8221; parallax=&#8221;off&#8221; parallax_method=&#8221;off&#8221; make_equal=&#8221;off&#8221; parallax_1=&#8221;off&#8221; parallax_method_1=&#8221;off&#8221; column_padding_mobile=&#8221;on&#8221; custom_padding=&#8221;0px|0px|0px|0px&#8221;][et_pb_column type=&#8221;4_4&#8243;][et_pb_code admin_label=&#8221;Code&#8221;]\tCryo\n<span><span><a href=\"https:\/\/cryomedpro.com\/it\/\">Home<\/a><\/span><\/span>[\/et_pb_code][\/et_pb_column][\/et_pb_row][\/et_pb_section][et_pb_section admin_label=&#8221;Section&#8221; transparent_background=&#8221;off&#8221; allow_player_pause=&#8221;off&#8221; inner_shadow=&#8221;off&#8221; parallax=&#8221;off&#8221; parallax_method=&#8221;on&#8221; padding_mobile=&#8221;off&#8221; make_fullwidth=&#8221;off&#8221; use_custom_width=&#8221;off&#8221; width_unit=&#8221;off&#8221; custom_width_px=&#8221;1080px&#8221; custom_width_percent=&#8221;80%&#8221; make_equal=&#8221;off&#8221; use_custom_gutter=&#8221;off&#8221; fullwidth=&#8221;off&#8221; specialty=&#8221;off&#8221; disabled=&#8221;off&#8221;][et_pb_row admin_label=&#8221;Row&#8221; make_fullwidth=&#8221;off&#8221; use_custom_width=&#8221;off&#8221; width_unit=&#8221;off&#8221; custom_width_px=&#8221;1080px&#8221; custom_width_percent=&#8221;80%&#8221; use_custom_gutter=&#8221;off&#8221; gutter_width=&#8221;3&#8243; padding_mobile=&#8221;off&#8221; allow_player_pause=&#8221;off&#8221; parallax=&#8221;off&#8221; parallax_method=&#8221;on&#8221; make_equal=&#8221;off&#8221; column_padding_mobile=&#8221;on&#8221; parallax_1=&#8221;off&#8221; parallax_method_1=&#8221;on&#8221; parallax_2=&#8221;off&#8221; parallax_method_2=&#8221;on&#8221; parallax_3=&#8221;off&#8221; parallax_method_3=&#8221;on&#8221; parallax_4=&#8221;off&#8221; parallax_method_4=&#8221;on&#8221; disabled=&#8221;off&#8221;][et_pb_column type=&#8221;4_4&#8243;][et_pb_text admin_label=&#8221;Text&#8221; background_layout=&#8221;light&#8221; text_orientation=&#8221;left&#8221; use_border_color=&#8221;off&#8221; border_style=&#8221;solid&#8221; disabled=&#8221;off&#8221; border_color=&#8221;#ffffff&#8221;]<\/p>\n<h2>Certificato di Conformit\u00e0 CE<\/h2>\n<p><a href=\"https:\/\/cryomedpro.com\/wp-content\/uploads\/2020\/02\/TSU_Conformity_certificate_Cryosauna_PRO_a_ONE_Cryomed_Manufacture-01-scaled.jpg\"><img decoding=\"async\" loading=\"lazy\" class=\"alignleft wp-image-54625\" title=\"The Certificate of Conformity\" src=\"https:\/\/cryomedpro.com\/wp-content\/uploads\/2020\/02\/TSU_Conformity_certificate_Cryosauna_PRO_a_ONE_Cryomed_Manufacture-01-212x300.jpg\" alt=\"\" width=\"300\" height=\"424\" srcset=\"https:\/\/cryomedpro.com\/wp-content\/uploads\/2020\/02\/TSU_Conformity_certificate_Cryosauna_PRO_a_ONE_Cryomed_Manufacture-01-212x300.jpg 212w, https:\/\/cryomedpro.com\/wp-content\/uploads\/2020\/02\/TSU_Conformity_certificate_Cryosauna_PRO_a_ONE_Cryomed_Manufacture-01-724x1024.jpg 724w, https:\/\/cryomedpro.com\/wp-content\/uploads\/2020\/02\/TSU_Conformity_certificate_Cryosauna_PRO_a_ONE_Cryomed_Manufacture-01-768x1086.jpg 768w, https:\/\/cryomedpro.com\/wp-content\/uploads\/2020\/02\/TSU_Conformity_certificate_Cryosauna_PRO_a_ONE_Cryomed_Manufacture-01-1086x1536.jpg 1086w, https:\/\/cryomedpro.com\/wp-content\/uploads\/2020\/02\/TSU_Conformity_certificate_Cryosauna_PRO_a_ONE_Cryomed_Manufacture-01-1448x2048.jpg 1448w, https:\/\/cryomedpro.com\/wp-content\/uploads\/2020\/02\/TSU_Conformity_certificate_Cryosauna_PRO_a_ONE_Cryomed_Manufacture-01-1080x1527.jpg 1080w, https:\/\/cryomedpro.com\/wp-content\/uploads\/2020\/02\/TSU_Conformity_certificate_Cryosauna_PRO_a_ONE_Cryomed_Manufacture-01-scaled.jpg 1810w\" sizes=\"(max-width: 300px) 100vw, 300px\" \/><\/a><\/p>\n<p>Il Certificato di Conformit\u00e0 CE \u00e8 un documento importante per la produzione effettuata all&#8217;interno della Comunit\u00e0 Europea.<\/p>\n<p>Il Certificato di Conformit\u00e0 \u00e8 un documento legale che attesta la conformit\u00e0 di un prodotto agli standard europei.<\/p>\n<p>Ottenere il certificato significa poter applicare al prodotto il marchio CE, che \u00e8 obbligatorio.<\/p>\n<p>Il marchio CE (abbreviazione di Comunit\u00e0 Europea) viene posto sui prodotti ed attesta la conformit\u00e0 alle direttive e agli standard dell&#8217;Unione Europea. Inoltre \u00e8 prova di aver eseguito scrupolosamente e correttamente la procedura di valutazione di conformit\u00e0.<\/p>\n<p>Il marchio CE indica che il prodotto \u00e8 sicuro per la salute dei consumatori e che non \u00e8 nocivo per l&#8217;ambiente. Il marchio CE \u00e8 l&#8217;unico marchio applicabile negli Stati Europei e rappresenta la conformit\u00e0 della produzione agli standard europei di sicurezza, propriet\u00e0 e sostenibilit\u00e0.<\/p>\n<p><a href=\"https:\/\/cryomedpro.com\/wp-content\/uploads\/2020\/02\/TSU_Conformity_certificate_Cryosauna_PRO_a_ONE_Cryomed_Manufacture-02-scaled.jpg\"><img decoding=\"async\" loading=\"lazy\" class=\"alignright wp-image-54646\" title=\"The Certificate of Conformity\" src=\"https:\/\/cryomedpro.com\/wp-content\/uploads\/2020\/02\/TSU_Conformity_certificate_Cryosauna_PRO_a_ONE_Cryomed_Manufacture-02-212x300.jpg\" alt=\"\" width=\"300\" height=\"424\" srcset=\"https:\/\/cryomedpro.com\/wp-content\/uploads\/2020\/02\/TSU_Conformity_certificate_Cryosauna_PRO_a_ONE_Cryomed_Manufacture-02-212x300.jpg 212w, https:\/\/cryomedpro.com\/wp-content\/uploads\/2020\/02\/TSU_Conformity_certificate_Cryosauna_PRO_a_ONE_Cryomed_Manufacture-02-724x1024.jpg 724w, https:\/\/cryomedpro.com\/wp-content\/uploads\/2020\/02\/TSU_Conformity_certificate_Cryosauna_PRO_a_ONE_Cryomed_Manufacture-02-768x1086.jpg 768w, https:\/\/cryomedpro.com\/wp-content\/uploads\/2020\/02\/TSU_Conformity_certificate_Cryosauna_PRO_a_ONE_Cryomed_Manufacture-02-1086x1536.jpg 1086w, https:\/\/cryomedpro.com\/wp-content\/uploads\/2020\/02\/TSU_Conformity_certificate_Cryosauna_PRO_a_ONE_Cryomed_Manufacture-02-1448x2048.jpg 1448w, https:\/\/cryomedpro.com\/wp-content\/uploads\/2020\/02\/TSU_Conformity_certificate_Cryosauna_PRO_a_ONE_Cryomed_Manufacture-02-1080x1527.jpg 1080w, https:\/\/cryomedpro.com\/wp-content\/uploads\/2020\/02\/TSU_Conformity_certificate_Cryosauna_PRO_a_ONE_Cryomed_Manufacture-02-scaled.jpg 1810w\" sizes=\"(max-width: 300px) 100vw, 300px\" \/><\/a><\/p>\n<p>Ricevere un Certificato di Conformit\u00e0 non \u00e8 obbligatorio, ma rende un prodotto pi\u00f9 competitivo, dimostrando l&#8217;importanza per la qualit\u00e0 da parte del produttore e sicurezza per il consumatore. Vendere un prodotto del genere per \u00e8 un piacere per il distributore. Gli utenti finali non potranno non essere soddisfatti.<\/p>\n<p>Il Certificato ha validit\u00e0 triennale, ci\u00f2 significa che per mantenerlo occorre che degli esperti revisionino regolarmente il prodotto attestandone sicurezza ed affidabilit\u00e0.<\/p>\n<p>Il Certificato di Conformit\u00e0, ricevuto da Cryomed s.r.o. per il suo ultimo modello di criosauna, Cryomed PRO, \u00e8 il riconoscimento del nostro impegno e della nostra esperienza.<\/p>\n<p><a href=\"https:\/\/cryomedpro.com\/it\/cryomed-pro\/\">Cryomed PRO<\/a><b> \u00e8 conforme a:<\/b><\/p>\n<p>Direttiva sulle Macchine della CE<\/p>\n<p>Direttiva Bassa Tensione<\/p>\n<p>Direttiva EMC (Compatibilit\u00e0 Elettromagnetica)<\/p>\n<p>[\/et_pb_text][\/et_pb_column][\/et_pb_row][et_pb_row admin_label=&#8221;Row&#8221; make_fullwidth=&#8221;off&#8221; use_custom_width=&#8221;off&#8221; width_unit=&#8221;off&#8221; custom_width_px=&#8221;1080px&#8221; custom_width_percent=&#8221;80%&#8221; use_custom_gutter=&#8221;off&#8221; gutter_width=&#8221;3&#8243; padding_mobile=&#8221;off&#8221; allow_player_pause=&#8221;off&#8221; parallax=&#8221;off&#8221; parallax_method=&#8221;on&#8221; make_equal=&#8221;off&#8221; column_padding_mobile=&#8221;on&#8221; parallax_1=&#8221;off&#8221; parallax_method_1=&#8221;on&#8221; parallax_2=&#8221;off&#8221; parallax_method_2=&#8221;on&#8221; parallax_3=&#8221;off&#8221; parallax_method_3=&#8221;on&#8221; parallax_4=&#8221;off&#8221; parallax_method_4=&#8221;on&#8221; disabled=&#8221;off&#8221;][et_pb_column type=&#8221;4_4&#8243;][et_pb_text admin_label=&#8221;Text&#8221; background_layout=&#8221;light&#8221; text_orientation=&#8221;left&#8221; use_border_color=&#8221;off&#8221; border_style=&#8221;solid&#8221; disabled=&#8221;off&#8221; border_color=&#8221;#ffffff&#8221;]<\/p>\n<p><a href=\"\/wp-content\/uploads\/content\/cryom_ce_sx.jpg\"><img decoding=\"async\" loading=\"lazy\" class=\"alignleft\" src=\"\/wp-content\/uploads\/content\/cryom_ce_sx.jpg\" alt=\"ISO 13485:2016\" width=\"300\" height=\"425\" \/><\/a><\/p>\n<h2>ISO 13485:2016<\/h2>\n<p><strong>ISO 13485:2016<\/strong> detta i requisiti per un sistema di gestione della qualit\u00e0 in cui un&#8217;organizzazione deve dimostrare la propria capacit\u00e0 di fornire dispositivi medici e relativi servizi che soddisfino costantemente sia i requisiti normativi applicabili che quelli dei clienti. Cryomed \u00e8 diventato l&#8217;unico produttore al mondo di dispositivi criogenici che soddisfa tutti i requisiti! Ente emittente &#8211; T\u00dcV Rheinland.<\/p>\n<p>[\/et_pb_text][\/et_pb_column][\/et_pb_row][et_pb_row admin_label=&#8221;Row&#8221; make_fullwidth=&#8221;off&#8221; use_custom_width=&#8221;off&#8221; width_unit=&#8221;off&#8221; custom_width_px=&#8221;1080px&#8221; custom_width_percent=&#8221;80%&#8221; use_custom_gutter=&#8221;off&#8221; gutter_width=&#8221;3&#8243; padding_mobile=&#8221;off&#8221; allow_player_pause=&#8221;off&#8221; parallax=&#8221;off&#8221; parallax_method=&#8221;on&#8221; make_equal=&#8221;off&#8221; column_padding_mobile=&#8221;on&#8221; parallax_1=&#8221;off&#8221; parallax_method_1=&#8221;on&#8221; parallax_2=&#8221;off&#8221; parallax_method_2=&#8221;on&#8221; parallax_3=&#8221;off&#8221; parallax_method_3=&#8221;on&#8221; parallax_4=&#8221;off&#8221; parallax_method_4=&#8221;on&#8221; disabled=&#8221;off&#8221;][et_pb_column type=&#8221;4_4&#8243;][et_pb_text admin_label=&#8221;Text&#8221; background_layout=&#8221;light&#8221; text_orientation=&#8221;left&#8221; use_border_color=&#8221;off&#8221; border_style=&#8221;solid&#8221; disabled=&#8221;off&#8221; border_color=&#8221;#ffffff&#8221;]<\/p>\n<p><a href=\"\/wp-content\/uploads\/content\/cryom_ce_hd.jpg\"><img decoding=\"async\" loading=\"lazy\" class=\"alignleft\" src=\"\/wp-content\/uploads\/content\/cryom_ce_hd.jpg\" alt=\"Allegato II: Sistema completo di garanzia di qualit\u00e0\" width=\"300\" height=\"425\" \/><\/a><\/p>\n<h2>Allegato II: Sistema completo di garanzia di qualit\u00e0<\/h2>\n<p><strong>Allegato II: Sistema completo di garanzia di qualit\u00e0<\/strong> &#8211; Questa valutazione di conformit\u00e0 include una revisione dell&#8217;intero sistema di gestione della qualit\u00e0 del produttore che include progettazione, fabbricazione e ispezione finale. Cryomed ha ricevuto un certificato di conformit\u00e0 alle disposizioni della presente valutazione di conformit\u00e0. L&#8217;ente emittente \u00e8 uno dei pi\u00f9 rinomati della zona &#8211; T\u00dcV Rheinland.<\/p>\n<p>[\/et_pb_text][\/et_pb_column][\/et_pb_row][et_pb_row admin_label=&#8221;Row&#8221; make_fullwidth=&#8221;off&#8221; use_custom_width=&#8221;off&#8221; width_unit=&#8221;off&#8221; custom_width_px=&#8221;1080px&#8221; custom_width_percent=&#8221;80%&#8221; use_custom_gutter=&#8221;off&#8221; gutter_width=&#8221;3&#8243; padding_mobile=&#8221;off&#8221; allow_player_pause=&#8221;off&#8221; parallax=&#8221;off&#8221; parallax_method=&#8221;on&#8221; make_equal=&#8221;off&#8221; column_padding_mobile=&#8221;on&#8221; parallax_1=&#8221;off&#8221; parallax_method_1=&#8221;on&#8221; parallax_2=&#8221;off&#8221; parallax_method_2=&#8221;on&#8221; parallax_3=&#8221;off&#8221; parallax_method_3=&#8221;on&#8221; parallax_4=&#8221;off&#8221; parallax_method_4=&#8221;on&#8221; disabled=&#8221;off&#8221;][et_pb_column type=&#8221;4_4&#8243;][et_pb_button admin_label=&#8221;Button&#8221; url_new_window=&#8221;off&#8221; button_text=&#8221;Acquista&#8221; button_alignment=&#8221;center&#8221; background_layout=&#8221;dark&#8221; module_class=&#8221;popmake-contact-form&#8221; custom_button=&#8221;on&#8221; button_text_size=&#8221;15&#8243; button_text_color=&#8221;#ffffff&#8221; button_bg_color=&#8221;#8fd400&#8243; button_border_width=&#8221;0&#8243; button_letter_spacing=&#8221;0&#8243; button_use_icon=&#8221;off&#8221; button_icon_placement=&#8221;right&#8221; button_on_hover=&#8221;on&#8221; button_bg_color_hover=&#8221;#b0d369&#8243; button_letter_spacing_hover=&#8221;0&#8243; disabled=&#8221;off&#8221; saved_tabs=&#8221;all&#8221;]<\/p>\n<p>&nbsp;<\/p>\n<p>[\/et_pb_button][\/et_pb_column][\/et_pb_row][\/et_pb_section]<\/p>\n","protected":false},"excerpt":{"rendered":"<p>[et_pb_section admin_label=&#8221;section&#8221; background_image=&#8221;https:\/\/cryomedpro.com\/wp-content\/uploads\/2016\/12\/784743-blue-crystals-frost-macro.jpg&#8221; transparent_background=&#8221;off&#8221; allow_player_pause=&#8221;off&#8221; inner_shadow=&#8221;off&#8221; parallax=&#8221;off&#8221; parallax_method=&#8221;off&#8221; custom_padding=&#8221;3px|0px|4px|0px&#8221; padding_mobile=&#8221;off&#8221; make_fullwidth=&#8221;off&#8221; use_custom_width=&#8221;off&#8221; width_unit=&#8221;on&#8221; custom_width_px=&#8221;1080px&#8221; custom_width_percent=&#8221;80%&#8221; make_equal=&#8221;off&#8221; use_custom_gutter=&#8221;off&#8221; fullwidth=&#8221;off&#8221; specialty=&#8221;off&#8221; module_class=&#8221;ns-banner&#8221; disabled=&#8221;off&#8221;][et_pb_row admin_label=&#8221;row&#8221; make_fullwidth=&#8221;off&#8221; use_custom_width=&#8221;off&#8221; width_unit=&#8221;off&#8221; custom_width_px=&#8221;1080px&#8221; custom_width_percent=&#8221;80%&#8221; use_custom_gutter=&#8221;off&#8221; gutter_width=&#8221;3&#8243; custom_padding=&#8221;21px|0px|21.45px|0px&#8221; padding_mobile=&#8221;off&#8221; allow_player_pause=&#8221;off&#8221; parallax=&#8221;off&#8221; parallax_method=&#8221;on&#8221; make_equal=&#8221;off&#8221; column_padding_mobile=&#8221;on&#8221; parallax_1=&#8221;off&#8221; parallax_method_1=&#8221;on&#8221; parallax_2=&#8221;off&#8221; parallax_method_2=&#8221;on&#8221; parallax_3=&#8221;off&#8221; parallax_method_3=&#8221;on&#8221; parallax_4=&#8221;off&#8221; parallax_method_4=&#8221;on&#8221; disabled=&#8221;off&#8221;][et_pb_column type=&#8221;4_4&#8243;][et_pb_text admin_label=&#8221;Text&#8221; background_layout=&#8221;dark&#8221; text_orientation=&#8221;center&#8221; use_border_color=&#8221;off&#8221; border_style=&#8221;solid&#8221; disabled=&#8221;off&#8221; border_color=&#8221;#ffffff&#8221;] Qualit\u00e0 e [&hellip;]<\/p>\n","protected":false},"author":2,"featured_media":0,"parent":0,"menu_order":0,"comment_status":"closed","ping_status":"closed","template":"","meta":[],"tags":[],"yoast_head":"<!-- This site is optimized with the Yoast SEO plugin v20.0 - https:\/\/yoast.com\/wordpress\/plugins\/seo\/ -->\n<title>Qualit\u00e0 e certificati<\/title>\n<meta name=\"description\" content=\"Il Certificato di Conformit\u00e0 CE \u00e8 un documento importante per la produzione effettuata all\u2019interno della Comunit\u00e0 Europea.\" \/>\n<meta name=\"robots\" content=\"index, follow, max-snippet:-1, max-image-preview:large, max-video-preview:-1\" \/>\n<link rel=\"canonical\" href=\"https:\/\/cryomedpro.com\/it\/qualita-e-certificati\/\" \/>\n<meta property=\"og:locale\" content=\"it_IT\" \/>\n<meta property=\"og:type\" content=\"article\" \/>\n<meta property=\"og:title\" content=\"Qualit\u00e0 e certificati\" \/>\n<meta property=\"og:description\" content=\"Il Certificato di Conformit\u00e0 CE \u00e8 un documento importante per la produzione effettuata all\u2019interno della Comunit\u00e0 Europea.\" \/>\n<meta property=\"og:url\" content=\"https:\/\/cryomedpro.com\/it\/qualita-e-certificati\/\" \/>\n<meta property=\"og:site_name\" content=\"Cryomed PRO\" \/>\n<meta property=\"article:modified_time\" content=\"2020-02-18T23:45:33+00:00\" \/>\n<meta property=\"og:image\" content=\"https:\/\/cryomedpro.com\/wp-content\/uploads\/2016\/10\/heading-underline.png\" \/>\n<meta name=\"twitter:card\" content=\"summary_large_image\" \/>\n<meta name=\"twitter:label1\" content=\"Tempo di lettura stimato\" \/>\n\t<meta name=\"twitter:data1\" content=\"6 minuti\" \/>\n<!-- \/ Yoast SEO plugin. -->","yoast_head_json":{"title":"Qualit\u00e0 e certificati","description":"Il Certificato di Conformit\u00e0 CE \u00e8 un documento importante per la produzione effettuata all\u2019interno della Comunit\u00e0 Europea.","robots":{"index":"index","follow":"follow","max-snippet":"max-snippet:-1","max-image-preview":"max-image-preview:large","max-video-preview":"max-video-preview:-1"},"canonical":"https:\/\/cryomedpro.com\/it\/qualita-e-certificati\/","og_locale":"it_IT","og_type":"article","og_title":"Qualit\u00e0 e certificati","og_description":"Il Certificato di Conformit\u00e0 CE \u00e8 un documento importante per la produzione effettuata all\u2019interno della Comunit\u00e0 Europea.","og_url":"https:\/\/cryomedpro.com\/it\/qualita-e-certificati\/","og_site_name":"Cryomed PRO","article_modified_time":"2020-02-18T23:45:33+00:00","og_image":[{"url":"https:\/\/cryomedpro.com\/wp-content\/uploads\/2016\/10\/heading-underline.png"}],"twitter_card":"summary_large_image","twitter_misc":{"Tempo di lettura stimato":"6 minuti"},"schema":{"@context":"https:\/\/schema.org","@graph":[{"@type":"WebPage","@id":"https:\/\/cryomedpro.com\/it\/qualita-e-certificati\/","url":"https:\/\/cryomedpro.com\/it\/qualita-e-certificati\/","name":"Qualit\u00e0 e certificati","isPartOf":{"@id":"https:\/\/cryomedpro.com\/#website"},"datePublished":"2017-02-06T15:05:11+00:00","dateModified":"2020-02-18T23:45:33+00:00","description":"Il Certificato di Conformit\u00e0 CE \u00e8 un documento importante per la produzione effettuata all\u2019interno della Comunit\u00e0 Europea.","breadcrumb":{"@id":"https:\/\/cryomedpro.com\/it\/qualita-e-certificati\/#breadcrumb"},"inLanguage":"it-IT","potentialAction":[{"@type":"ReadAction","target":["https:\/\/cryomedpro.com\/it\/qualita-e-certificati\/"]}]},{"@type":"BreadcrumbList","@id":"https:\/\/cryomedpro.com\/it\/qualita-e-certificati\/#breadcrumb","itemListElement":[{"@type":"ListItem","position":1,"name":"Home","item":"https:\/\/cryomedpro.com\/it\/"},{"@type":"ListItem","position":2,"name":"Qualit\u00e0 e certificati"}]},{"@type":"WebSite","@id":"https:\/\/cryomedpro.com\/#website","url":"https:\/\/cryomedpro.com\/","name":"Cryomed PRO","description":"Cryosaunas Worldwide","publisher":{"@id":"https:\/\/cryomedpro.com\/#\/schema\/person\/752b92c38fb6f6c5052ef7763f4d79eb"},"potentialAction":[{"@type":"SearchAction","target":{"@type":"EntryPoint","urlTemplate":"https:\/\/cryomedpro.com\/?s={search_term_string}"},"query-input":"required name=search_term_string"}],"inLanguage":"it-IT"},{"@type":["Person","Organization"],"@id":"https:\/\/cryomedpro.com\/#\/schema\/person\/752b92c38fb6f6c5052ef7763f4d79eb","name":"healthycold","image":{"@type":"ImageObject","inLanguage":"it-IT","@id":"https:\/\/cryomedpro.com\/#\/schema\/person\/image\/","url":"https:\/\/secure.gravatar.com\/avatar\/bbe2f3ec78281a56dba108d1bf0f9ffa?s=96&d=mm&r=g","contentUrl":"https:\/\/secure.gravatar.com\/avatar\/bbe2f3ec78281a56dba108d1bf0f9ffa?s=96&d=mm&r=g","caption":"healthycold"},"logo":{"@id":"https:\/\/cryomedpro.com\/#\/schema\/person\/image\/"}}]}},"_links":{"self":[{"href":"https:\/\/cryomedpro.com\/it\/wp-json\/wp\/v2\/pages\/4512"}],"collection":[{"href":"https:\/\/cryomedpro.com\/it\/wp-json\/wp\/v2\/pages"}],"about":[{"href":"https:\/\/cryomedpro.com\/it\/wp-json\/wp\/v2\/types\/page"}],"author":[{"embeddable":true,"href":"https:\/\/cryomedpro.com\/it\/wp-json\/wp\/v2\/users\/2"}],"replies":[{"embeddable":true,"href":"https:\/\/cryomedpro.com\/it\/wp-json\/wp\/v2\/comments?post=4512"}],"version-history":[{"count":0,"href":"https:\/\/cryomedpro.com\/it\/wp-json\/wp\/v2\/pages\/4512\/revisions"}],"wp:attachment":[{"href":"https:\/\/cryomedpro.com\/it\/wp-json\/wp\/v2\/media?parent=4512"}],"wp:term":[{"taxonomy":"post_tag","embeddable":true,"href":"https:\/\/cryomedpro.com\/it\/wp-json\/wp\/v2\/tags?post=4512"}],"curies":[{"name":"wp","href":"https:\/\/api.w.org\/{rel}","templated":true}]}}