{"id":54478,"date":"2020-01-27T02:19:15","date_gmt":"2020-01-27T01:19:15","guid":{"rendered":"https:\/\/cryomedpro.com\/our-services\/"},"modified":"2020-02-16T18:24:50","modified_gmt":"2020-02-16T17:24:50","slug":"our-services","status":"publish","type":"page","link":"https:\/\/cryomedpro.com\/it\/our-services\/","title":{"rendered":"I nostri servizi"},"content":{"rendered":"<p>[et_pb_section admin_label=&#8221;section&#8221; background_image=&#8221;https:\/\/cryomedpro.com\/wp-content\/uploads\/2016\/12\/784743-blue-crystals-frost-macro.jpg&#8221; transparent_background=&#8221;off&#8221; allow_player_pause=&#8221;off&#8221; inner_shadow=&#8221;off&#8221; parallax=&#8221;off&#8221; parallax_method=&#8221;off&#8221; custom_padding=&#8221;3px|0px|4px|0px&#8221; padding_mobile=&#8221;off&#8221; make_fullwidth=&#8221;off&#8221; use_custom_width=&#8221;off&#8221; width_unit=&#8221;on&#8221; make_equal=&#8221;off&#8221; use_custom_gutter=&#8221;off&#8221; fullwidth=&#8221;off&#8221; specialty=&#8221;off&#8221; module_class=&#8221;ns-banner&#8221; disabled=&#8221;off&#8221;][et_pb_row admin_label=&#8221;row&#8221; make_fullwidth=&#8221;off&#8221; use_custom_width=&#8221;off&#8221; width_unit=&#8221;off&#8221; custom_width_px=&#8221;1080px&#8221; custom_width_percent=&#8221;80%&#8221; use_custom_gutter=&#8221;off&#8221; gutter_width=&#8221;3&#8243; custom_padding=&#8221;21px|0px|21.45px|0px&#8221; padding_mobile=&#8221;off&#8221; allow_player_pause=&#8221;off&#8221; parallax=&#8221;off&#8221; parallax_method=&#8221;on&#8221; make_equal=&#8221;off&#8221; column_padding_mobile=&#8221;on&#8221; parallax_1=&#8221;off&#8221; parallax_method_1=&#8221;on&#8221; parallax_2=&#8221;off&#8221; parallax_method_2=&#8221;on&#8221; parallax_3=&#8221;off&#8221; parallax_method_3=&#8221;on&#8221; parallax_4=&#8221;off&#8221; parallax_method_4=&#8221;on&#8221; disabled=&#8221;off&#8221;][et_pb_column type=&#8221;4_4&#8243;][et_pb_text admin_label=&#8221;Text&#8221; background_layout=&#8221;dark&#8221; text_orientation=&#8221;center&#8221; use_border_color=&#8221;off&#8221; border_style=&#8221;solid&#8221; disabled=&#8221;off&#8221; border_color=&#8221;#ffffff&#8221;]<\/p>\n<h1 style=\"text-align: center;\">I nostri servizi<\/h1>\n<p><img decoding=\"async\" loading=\"lazy\" class=\"size-full wp-image-150 aligncenter\" src=\"\/wp-content\/uploads\/2016\/10\/heading-underline.png\" alt=\"heading-underline\" width=\"309\" height=\"12\" srcset=\"https:\/\/cryomedpro.com\/wp-content\/uploads\/2016\/10\/heading-underline.png 309w, https:\/\/cryomedpro.com\/wp-content\/uploads\/2016\/10\/heading-underline-300x12.png 300w\" sizes=\"(max-width: 309px) 100vw, 309px\" \/><\/p>\n<p>[\/et_pb_text][\/et_pb_column][\/et_pb_row][\/et_pb_section][et_pb_section admin_label=&#8221;Section&#8221; fullwidth=&#8221;off&#8221; specialty=&#8221;off&#8221; transparent_background=&#8221;off&#8221; allow_player_pause=&#8221;off&#8221; inner_shadow=&#8221;off&#8221; parallax=&#8221;off&#8221; parallax_method=&#8221;off&#8221; custom_padding=&#8221;15px|0px|0px|0px&#8221; padding_mobile=&#8221;off&#8221; make_fullwidth=&#8221;off&#8221; use_custom_width=&#8221;off&#8221; width_unit=&#8221;on&#8221; make_equal=&#8221;off&#8221; use_custom_gutter=&#8221;off&#8221;][et_pb_row admin_label=&#8221;Row&#8221; make_fullwidth=&#8221;off&#8221; use_custom_width=&#8221;off&#8221; width_unit=&#8221;on&#8221; use_custom_gutter=&#8221;off&#8221; padding_mobile=&#8221;off&#8221; allow_player_pause=&#8221;off&#8221; parallax=&#8221;off&#8221; parallax_method=&#8221;off&#8221; make_equal=&#8221;off&#8221; parallax_1=&#8221;off&#8221; parallax_method_1=&#8221;off&#8221; column_padding_mobile=&#8221;on&#8221; custom_padding=&#8221;0px|0px|0px|0px&#8221;][et_pb_column type=&#8221;4_4&#8243;][et_pb_code admin_label=&#8221;Code&#8221;]\tCryo\n<span><span><a href=\"https:\/\/cryomedpro.com\/it\/\">Home<\/a><\/span><\/span>[\/et_pb_code][\/et_pb_column][\/et_pb_row][\/et_pb_section][et_pb_section admin_label=&#8221;section&#8221; transparent_background=&#8221;off&#8221; allow_player_pause=&#8221;off&#8221; inner_shadow=&#8221;off&#8221; parallax=&#8221;off&#8221; parallax_method=&#8221;off&#8221; padding_mobile=&#8221;off&#8221; make_fullwidth=&#8221;off&#8221; use_custom_width=&#8221;off&#8221; width_unit=&#8221;on&#8221; make_equal=&#8221;off&#8221; use_custom_gutter=&#8221;off&#8221;][et_pb_row admin_label=&#8221;row&#8221;][et_pb_column type=&#8221;4_4&#8243;][et_pb_text admin_label=&#8221;Text&#8221; background_layout=&#8221;light&#8221; text_orientation=&#8221;left&#8221; use_border_color=&#8221;off&#8221; border_color=&#8221;#ffffff&#8221; border_style=&#8221;solid&#8221;]<\/p>\n<p>Oltre alla produzione di apparecchiature di crioterapia di alta qualit\u00e0, offriamo servizio completo e assistenza per i <a href=\"https:\/\/cryomedpro.com\/it\/products\/\">nostri prodotti<\/a> in qualsiasi fase. Fornitura di attrezzature per la crioterapia totale e locale, installazione, manutenzione e assistenza, nonch\u00e9 formazione del personale e del marketing: tutti questi servizi sono disponibili per i nostri clienti e rivenditori.<\/p>\n<h2>Consegna di criosaune e altre attrezzature per crioterapia<\/h2>\n<p>Effettuiamo <a href=\"https:\/\/cryomedpro.com\/it\/consegna\/\">consegna<\/a> in tutto il mondo delle nostre attrezzature di crioterapia.<\/p>\n<p>Metodi di spedizione:<\/p>\n<p>[\/et_pb_text][\/et_pb_column][\/et_pb_row][et_pb_row admin_label=&#8221;Row&#8221; make_fullwidth=&#8221;off&#8221; use_custom_width=&#8221;off&#8221; width_unit=&#8221;on&#8221; use_custom_gutter=&#8221;off&#8221; custom_padding=&#8221;|60px||60px&#8221; padding_mobile=&#8221;off&#8221; allow_player_pause=&#8221;off&#8221; parallax=&#8221;off&#8221; parallax_method=&#8221;off&#8221; make_equal=&#8221;off&#8221; parallax_1=&#8221;off&#8221; parallax_method_1=&#8221;off&#8221; parallax_2=&#8221;off&#8221; parallax_method_2=&#8221;off&#8221; parallax_3=&#8221;off&#8221; parallax_method_3=&#8221;off&#8221; column_padding_mobile=&#8221;on&#8221;][et_pb_column type=&#8221;1_3&#8243;][et_pb_image admin_label=&#8221;Image&#8221; src=&#8221;https:\/\/cryomedpro.com\/wp-content\/uploads\/2020\/01\/services-01.png&#8221; show_in_lightbox=&#8221;off&#8221; url_new_window=&#8221;off&#8221; use_overlay=&#8221;off&#8221; animation=&#8221;left&#8221; sticky=&#8221;off&#8221; align=&#8221;left&#8221; force_fullwidth=&#8221;off&#8221; always_center_on_mobile=&#8221;on&#8221; use_border_color=&#8221;off&#8221; border_color=&#8221;#ffffff&#8221; border_style=&#8221;solid&#8221;]<\/p>\n<p>[\/et_pb_image][et_pb_text admin_label=&#8221;Text&#8221; background_layout=&#8221;light&#8221; text_orientation=&#8221;left&#8221; use_border_color=&#8221;off&#8221; border_color=&#8221;#ffffff&#8221; border_style=&#8221;solid&#8221;]<\/p>\n<p><strong>via camion:<\/strong> tempo di consegna stimato (paesi europei) 1-4 giorni lavorativi<\/p>\n<p>[\/et_pb_text][\/et_pb_column][et_pb_column type=&#8221;1_3&#8243;][et_pb_image admin_label=&#8221;Image&#8221; src=&#8221;https:\/\/cryomedpro.com\/wp-content\/uploads\/2020\/01\/services-02.png&#8221; show_in_lightbox=&#8221;off&#8221; url_new_window=&#8221;off&#8221; use_overlay=&#8221;off&#8221; animation=&#8221;left&#8221; sticky=&#8221;off&#8221; align=&#8221;left&#8221; force_fullwidth=&#8221;off&#8221; always_center_on_mobile=&#8221;on&#8221; use_border_color=&#8221;off&#8221; border_color=&#8221;#ffffff&#8221; border_style=&#8221;solid&#8221;]<\/p>\n<p>[\/et_pb_image][et_pb_text admin_label=&#8221;Text&#8221; background_layout=&#8221;light&#8221; text_orientation=&#8221;left&#8221; use_border_color=&#8221;off&#8221; border_color=&#8221;#ffffff&#8221; border_style=&#8221;solid&#8221;]<\/p>\n<p><strong>via aerea:<\/strong> tempo di consegna stimato fino a 10 giorni lavorativi<\/p>\n<p>[\/et_pb_text][\/et_pb_column][et_pb_column type=&#8221;1_3&#8243;][et_pb_image admin_label=&#8221;Image&#8221; src=&#8221;https:\/\/cryomedpro.com\/wp-content\/uploads\/2020\/01\/services-03.png&#8221; show_in_lightbox=&#8221;off&#8221; url_new_window=&#8221;off&#8221; use_overlay=&#8221;off&#8221; animation=&#8221;left&#8221; sticky=&#8221;off&#8221; align=&#8221;left&#8221; force_fullwidth=&#8221;off&#8221; always_center_on_mobile=&#8221;on&#8221; use_border_color=&#8221;off&#8221; border_color=&#8221;#ffffff&#8221; border_style=&#8221;solid&#8221;]<\/p>\n<p>[\/et_pb_image][et_pb_text admin_label=&#8221;Text&#8221; background_layout=&#8221;light&#8221; text_orientation=&#8221;left&#8221; use_border_color=&#8221;off&#8221; border_color=&#8221;#ffffff&#8221; border_style=&#8221;solid&#8221;]<\/p>\n<p><strong>via aerea:<\/strong> tempo di consegna stimato fino a 10 giorni lavorativi<\/p>\n<p>[\/et_pb_text][\/et_pb_column][\/et_pb_row][et_pb_row admin_label=&#8221;Row&#8221;][et_pb_column type=&#8221;4_4&#8243;][et_pb_text admin_label=&#8221;Text&#8221; background_layout=&#8221;light&#8221; text_orientation=&#8221;left&#8221; use_border_color=&#8221;off&#8221; border_color=&#8221;#ffffff&#8221; border_style=&#8221;solid&#8221;]<\/p>\n<p>In alternativa, puoi gestire la spedizione per conto tuo.<\/p>\n<p>[\/et_pb_text][et_pb_button admin_label=&#8221;Button&#8221; url_new_window=&#8221;off&#8221; button_text=&#8221;Contattaci!&#8221; button_alignment=&#8221;left&#8221; background_layout=&#8221;light&#8221; custom_button=&#8221;off&#8221; button_letter_spacing=&#8221;0&#8243; button_use_icon=&#8221;default&#8221; button_icon_placement=&#8221;right&#8221; button_on_hover=&#8221;on&#8221; button_letter_spacing_hover=&#8221;0&#8243; saved_tabs=&#8221;all&#8221; button_url=&#8221;https:\/\/cryomedpro.com\/it\/contatti\/&#8221;]<\/p>\n<p>[\/et_pb_button][\/et_pb_column][\/et_pb_row][\/et_pb_section][et_pb_section admin_label=&#8221;section&#8221; transparent_background=&#8221;off&#8221; allow_player_pause=&#8221;off&#8221; inner_shadow=&#8221;off&#8221; parallax=&#8221;off&#8221; parallax_method=&#8221;off&#8221; padding_mobile=&#8221;off&#8221; make_fullwidth=&#8221;off&#8221; use_custom_width=&#8221;off&#8221; width_unit=&#8221;on&#8221; make_equal=&#8221;off&#8221; use_custom_gutter=&#8221;off&#8221;][et_pb_row admin_label=&#8221;row&#8221;][et_pb_column type=&#8221;1_3&#8243;][et_pb_image admin_label=&#8221;Image&#8221; src=&#8221;https:\/\/cryomedpro.com\/wp-content\/uploads\/2020\/01\/installation-cryosauna.jpg&#8221; show_in_lightbox=&#8221;off&#8221; url_new_window=&#8221;off&#8221; use_overlay=&#8221;off&#8221; animation=&#8221;left&#8221; sticky=&#8221;off&#8221; align=&#8221;left&#8221; force_fullwidth=&#8221;off&#8221; always_center_on_mobile=&#8221;on&#8221; use_border_color=&#8221;off&#8221; border_color=&#8221;#ffffff&#8221; border_style=&#8221;solid&#8221;]<\/p>\n<p>[\/et_pb_image][\/et_pb_column][et_pb_column type=&#8221;2_3&#8243;][et_pb_text admin_label=&#8221;Text&#8221; background_layout=&#8221;light&#8221; text_orientation=&#8221;left&#8221; use_border_color=&#8221;off&#8221; border_color=&#8221;#ffffff&#8221; border_style=&#8221;solid&#8221;]<\/p>\n<h2>Installazione delle Criosaune<\/h2>\n<p>Offriamo una consulenza dettagliata prima di fornirti la tua Criosauna, aiutandoti a scegliere l&#8217;opzione migliore in base alle tue esigenze, tenendo conto dei locali a disposizione.<\/p>\n<p>Forniamo anche qualsiasi specifica sui dispositivi criogenici: spazio coperto, dimensioni, requisiti di ventilazione, requisiti dell&#8217;alimentazione ad azoto e altre informazioni necessarie che possono essere utili durante l&#8217;installazione.<\/p>\n<p>Per alcuni modelli, come Cryomed Mini, Cryomed One, Cryomed One +, non \u00e8 necessaria alcuna installazione, dato che consistono in un unico pezzo.<\/p>\n<p>Per quanto riguarda la linea Pro (Cryomed Basic, Cryomed Pro, Cryomed Pro +), esistono diverse opzioni. Possiamo inviarti istruzioni di montaggio e video, i nostri tecnici possono supportare l&#8217;installazione su Skype, ecc. Oppure possiamo venire e assemblare l&#8217;unit\u00e0 nella tua sede. In ogni caso, i nostri specialisti tecnici sono disponibili per supportarti 24 ore su 24, 7 giorni su 7.<\/p>\n<p>[\/et_pb_text][\/et_pb_column][\/et_pb_row][et_pb_row admin_label=&#8221;Row&#8221;][et_pb_column type=&#8221;4_4&#8243;][et_pb_text admin_label=&#8221;Text&#8221; background_layout=&#8221;light&#8221; text_orientation=&#8221;left&#8221; use_border_color=&#8221;off&#8221; border_color=&#8221;#ffffff&#8221; border_style=&#8221;solid&#8221;]<\/p>\n<h2>Manutenzione e supporto tecnico per le attrezzature criogeniche<\/h2>\n<p>I nostri specialisti sono sempre pronti a supportarvi su qualsiasi problema operativo.<\/p>\n<p>La garanzia standard di 3 anni (Cryomed One, Cryomed Pro, Cryomed Pro + e Cryomed One +) o di 2 anni (Cryomed Mini, Cryomed Basic) copre i pezzi di ricambio. In garanzia estesa, il nostro tecnico pu\u00f2 recarsi presso la tua sede per sostituire parti difettose, se necessario.<\/p>\n<p>Forniamo anche un servizio post garanzia sulle criosaune a un costo aggiuntivo. Puoi optare per un abbonamento annuale al supporto tecnico o pagare all&#8217;ora, nonch\u00e9 scegliere la visita di un tecnico per la riparazione e la manutenzione o ordinare l&#8217;aggiornamento del firmware di criosauna post-garanzia.<\/p>\n<div id=\"attachment_52865\" style=\"width: 1034px\" class=\"wp-caption aligncenter\"><img aria-describedby=\"caption-attachment-52865\" decoding=\"async\" loading=\"lazy\" class=\"size-large wp-image-52855\" src=\"https:\/\/cryomedpro.com\/wp-content\/uploads\/2020\/01\/cryosauna-marketing-01-1024x675.jpg\" alt=\"Opuscolo promozionale di Cryomed\" width=\"1024\" height=\"675\" srcset=\"https:\/\/cryomedpro.com\/wp-content\/uploads\/2020\/01\/cryosauna-marketing-01-1024x675.jpg 1024w, https:\/\/cryomedpro.com\/wp-content\/uploads\/2020\/01\/cryosauna-marketing-01-300x198.jpg 300w, https:\/\/cryomedpro.com\/wp-content\/uploads\/2020\/01\/cryosauna-marketing-01-768x506.jpg 768w, https:\/\/cryomedpro.com\/wp-content\/uploads\/2020\/01\/cryosauna-marketing-01-1080x712.jpg 1080w, https:\/\/cryomedpro.com\/wp-content\/uploads\/2020\/01\/cryosauna-marketing-01.jpg 1200w\" sizes=\"(max-width: 1024px) 100vw, 1024px\" \/><p id=\"caption-attachment-52865\" class=\"wp-caption-text\">Opuscolo promozionale di Cryomed<\/p><\/div>\n<h2><span style=\"font-weight: 400;\">Marketing<\/span><\/h2>\n<p>Il nostro team di marketing ti fornir\u00e0 i materiali promozionali pi\u00f9 recenti e ti assister\u00e0 nei piani di marketing, con strategie promozionali e promozione del marchio.<\/p>\n<p>Il <a href=\"https:\/\/cryomedpro.com\/it\/cryomed-merchandise\/\">nostro merchandise<\/a> \u00e8 disponibile anche su ordinazione.<\/p>\n<p>Inoltre, offriamo diverse opzioni per personalizzare la tua criosauna con il tuo marchio in base all&#8217;immagine della tua azienda:<\/p>\n<ul>\n<li>possiamo aggiungere il tuo logo inciso sul rivestimento interno, un adesivo con il tuo logo sulla calotta esterna, nonch\u00e9 aggiungere il tuo logo sulla schermata di benvenuto;<\/li>\n<li>puoi personalizzare il colore della calotta esterna con 18 colori aggiuntivi;<\/li>\n<li>puoi scegliere il colore del rivestimento interno personalizzato scegliendo tra 10 colori aggiuntivi.<\/li>\n<\/ul>\n<div id=\"attachment_52884\" style=\"width: 1034px\" class=\"wp-caption aligncenter\"><img aria-describedby=\"caption-attachment-52884\" decoding=\"async\" loading=\"lazy\" class=\"size-large wp-image-52874\" src=\"https:\/\/cryomedpro.com\/wp-content\/uploads\/2020\/01\/cryosauna-marketing-02-1024x684.jpg\" alt=\"Cryomed fornisce formazione del personale sulle basi della crioterapia e sull'uso delle attrezzature per la crioterapia\" width=\"1024\" height=\"684\" srcset=\"https:\/\/cryomedpro.com\/wp-content\/uploads\/2020\/01\/cryosauna-marketing-02-1024x684.jpg 1024w, https:\/\/cryomedpro.com\/wp-content\/uploads\/2020\/01\/cryosauna-marketing-02-300x200.jpg 300w, https:\/\/cryomedpro.com\/wp-content\/uploads\/2020\/01\/cryosauna-marketing-02-768x513.jpg 768w, https:\/\/cryomedpro.com\/wp-content\/uploads\/2020\/01\/cryosauna-marketing-02-1080x721.jpg 1080w, https:\/\/cryomedpro.com\/wp-content\/uploads\/2020\/01\/cryosauna-marketing-02.jpg 1200w\" sizes=\"(max-width: 1024px) 100vw, 1024px\" \/><p id=\"caption-attachment-52884\" class=\"wp-caption-text\">Cryomed fornisce formazione del personale sulle basi della crioterapia e sull&#8217;uso delle attrezzature per la crioterapia<\/p><\/div>\n<h2>Formazione del personale<\/h2>\n<p>Siamo fermamente convinti che un personale qualificato e competente sia essenziale per il successo. Gli operatori dovrebbero sapere come funziona la crioterapia totale e quali sono i suoi effetti sul corpo umano. Questo \u00e8 il motivo per cui offriamo formazione del personale sulle basi della crioterapia e sull&#8217;uso delle nostre attrezzature di crioterapia. Un nostro specialista verr\u00e0 nella tua sede per un corso di formazione di un giorno. La formazione \u00e8 disponibile su richiesta.<\/p>\n<p>Se i nostri servizi ti interessano, contatta il nostro team di vendita per una consulenza dettagliata.<\/p>\n<p>[\/et_pb_text][et_pb_button admin_label=&#8221;Button&#8221; url_new_window=&#8221;off&#8221; button_text=&#8221;Contattaci!&#8221; button_alignment=&#8221;left&#8221; background_layout=&#8221;light&#8221; custom_button=&#8221;off&#8221; button_letter_spacing=&#8221;0&#8243; button_use_icon=&#8221;default&#8221; button_icon_placement=&#8221;right&#8221; button_on_hover=&#8221;on&#8221; button_letter_spacing_hover=&#8221;0&#8243; saved_tabs=&#8221;all&#8221; button_url=&#8221;https:\/\/cryomedpro.com\/it\/contatti\/&#8221;]<\/p>\n<p>[\/et_pb_button][\/et_pb_column][\/et_pb_row][\/et_pb_section]<\/p>\n","protected":false},"excerpt":{"rendered":"<p>[et_pb_section admin_label=&#8221;section&#8221; background_image=&#8221;https:\/\/cryomedpro.com\/wp-content\/uploads\/2016\/12\/784743-blue-crystals-frost-macro.jpg&#8221; transparent_background=&#8221;off&#8221; allow_player_pause=&#8221;off&#8221; inner_shadow=&#8221;off&#8221; parallax=&#8221;off&#8221; parallax_method=&#8221;off&#8221; custom_padding=&#8221;3px|0px|4px|0px&#8221; padding_mobile=&#8221;off&#8221; make_fullwidth=&#8221;off&#8221; use_custom_width=&#8221;off&#8221; width_unit=&#8221;on&#8221; make_equal=&#8221;off&#8221; use_custom_gutter=&#8221;off&#8221; fullwidth=&#8221;off&#8221; specialty=&#8221;off&#8221; module_class=&#8221;ns-banner&#8221; disabled=&#8221;off&#8221;][et_pb_row admin_label=&#8221;row&#8221; make_fullwidth=&#8221;off&#8221; use_custom_width=&#8221;off&#8221; width_unit=&#8221;off&#8221; custom_width_px=&#8221;1080px&#8221; custom_width_percent=&#8221;80%&#8221; use_custom_gutter=&#8221;off&#8221; gutter_width=&#8221;3&#8243; custom_padding=&#8221;21px|0px|21.45px|0px&#8221; padding_mobile=&#8221;off&#8221; allow_player_pause=&#8221;off&#8221; parallax=&#8221;off&#8221; parallax_method=&#8221;on&#8221; make_equal=&#8221;off&#8221; column_padding_mobile=&#8221;on&#8221; parallax_1=&#8221;off&#8221; parallax_method_1=&#8221;on&#8221; parallax_2=&#8221;off&#8221; parallax_method_2=&#8221;on&#8221; parallax_3=&#8221;off&#8221; parallax_method_3=&#8221;on&#8221; parallax_4=&#8221;off&#8221; parallax_method_4=&#8221;on&#8221; disabled=&#8221;off&#8221;][et_pb_column type=&#8221;4_4&#8243;][et_pb_text admin_label=&#8221;Text&#8221; background_layout=&#8221;dark&#8221; text_orientation=&#8221;center&#8221; use_border_color=&#8221;off&#8221; border_style=&#8221;solid&#8221; disabled=&#8221;off&#8221; border_color=&#8221;#ffffff&#8221;] I nostri servizi [\/et_pb_text][\/et_pb_column][\/et_pb_row][\/et_pb_section][et_pb_section [&hellip;]<\/p>\n","protected":false},"author":2,"featured_media":0,"parent":0,"menu_order":0,"comment_status":"closed","ping_status":"closed","template":"","meta":[],"tags":[],"yoast_head":"<!-- This site is optimized with the Yoast SEO plugin v20.0 - https:\/\/yoast.com\/wordpress\/plugins\/seo\/ -->\n<title>Servizi aggiuntivi dal leader globale nella crioterapia totale - Cryomed Manufacture s.r.o.<\/title>\n<meta name=\"description\" content=\"Cryomed non solo produce apparecchiature criogeniche di alta qualit\u00e0, ma fornisce anche servizio completo e assistenza per i nostri prodotti in qualsiasi fase: consegna, installazione, manutenzione, marketing e formazione del personale.\" \/>\n<meta name=\"robots\" content=\"index, follow, max-snippet:-1, max-image-preview:large, max-video-preview:-1\" \/>\n<link rel=\"canonical\" href=\"https:\/\/cryomedpro.com\/it\/our-services\/\" \/>\n<meta property=\"og:locale\" content=\"it_IT\" \/>\n<meta property=\"og:type\" content=\"article\" \/>\n<meta property=\"og:title\" content=\"Servizi aggiuntivi dal leader globale nella crioterapia totale - Cryomed Manufacture s.r.o.\" \/>\n<meta property=\"og:description\" content=\"Cryomed non solo produce apparecchiature criogeniche di alta qualit\u00e0, ma fornisce anche servizio completo e assistenza per i nostri prodotti in qualsiasi fase: consegna, installazione, manutenzione, marketing e formazione del personale.\" \/>\n<meta property=\"og:url\" content=\"https:\/\/cryomedpro.com\/it\/our-services\/\" \/>\n<meta property=\"og:site_name\" content=\"Cryomed PRO\" \/>\n<meta property=\"article:modified_time\" content=\"2020-02-16T17:24:50+00:00\" \/>\n<meta property=\"og:image\" content=\"https:\/\/cryomedpro.com\/wp-content\/uploads\/2016\/10\/heading-underline.png\" \/>\n<meta name=\"twitter:card\" content=\"summary_large_image\" \/>\n<meta name=\"twitter:label1\" content=\"Tempo di lettura stimato\" \/>\n\t<meta name=\"twitter:data1\" content=\"8 minuti\" \/>\n<!-- \/ Yoast SEO plugin. -->","yoast_head_json":{"title":"Servizi aggiuntivi dal leader globale nella crioterapia totale - Cryomed Manufacture s.r.o.","description":"Cryomed non solo produce apparecchiature criogeniche di alta qualit\u00e0, ma fornisce anche servizio completo e assistenza per i nostri prodotti in qualsiasi fase: consegna, installazione, manutenzione, marketing e formazione del personale.","robots":{"index":"index","follow":"follow","max-snippet":"max-snippet:-1","max-image-preview":"max-image-preview:large","max-video-preview":"max-video-preview:-1"},"canonical":"https:\/\/cryomedpro.com\/it\/our-services\/","og_locale":"it_IT","og_type":"article","og_title":"Servizi aggiuntivi dal leader globale nella crioterapia totale - Cryomed Manufacture s.r.o.","og_description":"Cryomed non solo produce apparecchiature criogeniche di alta qualit\u00e0, ma fornisce anche servizio completo e assistenza per i nostri prodotti in qualsiasi fase: consegna, installazione, manutenzione, marketing e formazione del personale.","og_url":"https:\/\/cryomedpro.com\/it\/our-services\/","og_site_name":"Cryomed PRO","article_modified_time":"2020-02-16T17:24:50+00:00","og_image":[{"url":"https:\/\/cryomedpro.com\/wp-content\/uploads\/2016\/10\/heading-underline.png"}],"twitter_card":"summary_large_image","twitter_misc":{"Tempo di lettura stimato":"8 minuti"},"schema":{"@context":"https:\/\/schema.org","@graph":[{"@type":"WebPage","@id":"https:\/\/cryomedpro.com\/it\/our-services\/","url":"https:\/\/cryomedpro.com\/it\/our-services\/","name":"Servizi aggiuntivi dal leader globale nella crioterapia totale - Cryomed Manufacture s.r.o.","isPartOf":{"@id":"https:\/\/cryomedpro.com\/#website"},"datePublished":"2020-01-27T01:19:15+00:00","dateModified":"2020-02-16T17:24:50+00:00","description":"Cryomed non solo produce apparecchiature criogeniche di alta qualit\u00e0, ma fornisce anche servizio completo e assistenza per i nostri prodotti in qualsiasi fase: consegna, installazione, manutenzione, marketing e formazione del personale.","breadcrumb":{"@id":"https:\/\/cryomedpro.com\/it\/our-services\/#breadcrumb"},"inLanguage":"it-IT","potentialAction":[{"@type":"ReadAction","target":["https:\/\/cryomedpro.com\/it\/our-services\/"]}]},{"@type":"BreadcrumbList","@id":"https:\/\/cryomedpro.com\/it\/our-services\/#breadcrumb","itemListElement":[{"@type":"ListItem","position":1,"name":"Home","item":"https:\/\/cryomedpro.com\/it\/"},{"@type":"ListItem","position":2,"name":"I nostri servizi"}]},{"@type":"WebSite","@id":"https:\/\/cryomedpro.com\/#website","url":"https:\/\/cryomedpro.com\/","name":"Cryomed PRO","description":"Cryosaunas Worldwide","publisher":{"@id":"https:\/\/cryomedpro.com\/#\/schema\/person\/752b92c38fb6f6c5052ef7763f4d79eb"},"potentialAction":[{"@type":"SearchAction","target":{"@type":"EntryPoint","urlTemplate":"https:\/\/cryomedpro.com\/?s={search_term_string}"},"query-input":"required name=search_term_string"}],"inLanguage":"it-IT"},{"@type":["Person","Organization"],"@id":"https:\/\/cryomedpro.com\/#\/schema\/person\/752b92c38fb6f6c5052ef7763f4d79eb","name":"healthycold","image":{"@type":"ImageObject","inLanguage":"it-IT","@id":"https:\/\/cryomedpro.com\/#\/schema\/person\/image\/","url":"https:\/\/secure.gravatar.com\/avatar\/bbe2f3ec78281a56dba108d1bf0f9ffa?s=96&d=mm&r=g","contentUrl":"https:\/\/secure.gravatar.com\/avatar\/bbe2f3ec78281a56dba108d1bf0f9ffa?s=96&d=mm&r=g","caption":"healthycold"},"logo":{"@id":"https:\/\/cryomedpro.com\/#\/schema\/person\/image\/"}}]}},"_links":{"self":[{"href":"https:\/\/cryomedpro.com\/it\/wp-json\/wp\/v2\/pages\/54478"}],"collection":[{"href":"https:\/\/cryomedpro.com\/it\/wp-json\/wp\/v2\/pages"}],"about":[{"href":"https:\/\/cryomedpro.com\/it\/wp-json\/wp\/v2\/types\/page"}],"author":[{"embeddable":true,"href":"https:\/\/cryomedpro.com\/it\/wp-json\/wp\/v2\/users\/2"}],"replies":[{"embeddable":true,"href":"https:\/\/cryomedpro.com\/it\/wp-json\/wp\/v2\/comments?post=54478"}],"version-history":[{"count":0,"href":"https:\/\/cryomedpro.com\/it\/wp-json\/wp\/v2\/pages\/54478\/revisions"}],"wp:attachment":[{"href":"https:\/\/cryomedpro.com\/it\/wp-json\/wp\/v2\/media?parent=54478"}],"wp:term":[{"taxonomy":"post_tag","embeddable":true,"href":"https:\/\/cryomedpro.com\/it\/wp-json\/wp\/v2\/tags?post=54478"}],"curies":[{"name":"wp","href":"https:\/\/api.w.org\/{rel}","templated":true}]}}