{"id":56750,"date":"2020-03-24T09:39:23","date_gmt":"2020-03-24T08:39:23","guid":{"rendered":"https:\/\/cryomedpro.com\/cryofan-cf-04\/"},"modified":"2020-03-28T11:33:01","modified_gmt":"2020-03-28T10:33:01","slug":"cryofan-cf-04","status":"publish","type":"page","link":"https:\/\/cryomedpro.com\/it\/cryofan-cf-04\/","title":{"rendered":"Cryofan CF-04+"},"content":{"rendered":"<p>[et_pb_section admin_label=&#8221;section&#8221; background_image=&#8221;https:\/\/cryomedpro.com\/wp-content\/uploads\/2016\/12\/784743-blue-crystals-frost-macro.jpg&#8221; transparent_background=&#8221;off&#8221; allow_player_pause=&#8221;off&#8221; inner_shadow=&#8221;off&#8221; parallax=&#8221;off&#8221; parallax_method=&#8221;off&#8221; custom_padding=&#8221;3px|0px|4px|0px&#8221; padding_mobile=&#8221;off&#8221; make_fullwidth=&#8221;off&#8221; use_custom_width=&#8221;off&#8221; width_unit=&#8221;on&#8221; make_equal=&#8221;off&#8221; use_custom_gutter=&#8221;off&#8221; fullwidth=&#8221;off&#8221; specialty=&#8221;off&#8221; module_class=&#8221;ns-banner&#8221; disabled=&#8221;off&#8221;][et_pb_row admin_label=&#8221;row&#8221; make_fullwidth=&#8221;off&#8221; use_custom_width=&#8221;off&#8221; width_unit=&#8221;off&#8221; custom_width_px=&#8221;1080px&#8221; custom_width_percent=&#8221;80%&#8221; use_custom_gutter=&#8221;off&#8221; gutter_width=&#8221;3&#8243; custom_padding=&#8221;21px|0px|21.45px|0px&#8221; padding_mobile=&#8221;off&#8221; allow_player_pause=&#8221;off&#8221; parallax=&#8221;off&#8221; parallax_method=&#8221;on&#8221; make_equal=&#8221;off&#8221; column_padding_mobile=&#8221;on&#8221; parallax_1=&#8221;off&#8221; parallax_method_1=&#8221;on&#8221; parallax_2=&#8221;off&#8221; parallax_method_2=&#8221;on&#8221; parallax_3=&#8221;off&#8221; parallax_method_3=&#8221;on&#8221; parallax_4=&#8221;off&#8221; parallax_method_4=&#8221;on&#8221; disabled=&#8221;off&#8221;][et_pb_column type=&#8221;4_4&#8243;][et_pb_text admin_label=&#8221;Text&#8221; background_layout=&#8221;dark&#8221; text_orientation=&#8221;center&#8221; use_border_color=&#8221;off&#8221; border_style=&#8221;solid&#8221; disabled=&#8221;off&#8221; border_color=&#8221;#ffffff&#8221;]<\/p>\n<h1 style=\"text-align: center;\">Cryofan CF-04+<\/h1>\n<p><img decoding=\"async\" loading=\"lazy\" class=\"size-full wp-image-150 aligncenter\" src=\"\/wp-content\/uploads\/2016\/10\/heading-underline.png\" alt=\"heading-underline\" width=\"309\" height=\"12\" srcset=\"https:\/\/cryomedpro.com\/wp-content\/uploads\/2016\/10\/heading-underline.png 309w, https:\/\/cryomedpro.com\/wp-content\/uploads\/2016\/10\/heading-underline-300x12.png 300w\" sizes=\"(max-width: 309px) 100vw, 309px\" \/><\/p>\n<p>[\/et_pb_text][\/et_pb_column][\/et_pb_row][\/et_pb_section][et_pb_section admin_label=&#8221;Section&#8221; fullwidth=&#8221;off&#8221; specialty=&#8221;off&#8221;][et_pb_row admin_label=&#8221;Row&#8221;][et_pb_column type=&#8221;1_3&#8243;][et_pb_image admin_label=&#8221;Image&#8221; src=&#8221;https:\/\/cryomedpro.com\/wp-content\/uploads\/2020\/03\/cryomed-cf4-plus.jpg&#8221; alt=&#8221;Cryofan CF-04+&#8221; title_text=&#8221;Cryofan CF-04+&#8221; show_in_lightbox=&#8221;off&#8221; url_new_window=&#8221;off&#8221; use_overlay=&#8221;off&#8221; animation=&#8221;left&#8221; sticky=&#8221;off&#8221; align=&#8221;left&#8221; force_fullwidth=&#8221;off&#8221; always_center_on_mobile=&#8221;on&#8221; use_border_color=&#8221;off&#8221; border_color=&#8221;#ffffff&#8221; border_style=&#8221;solid&#8221;]<\/p>\n<p>&nbsp;<\/p>\n<p>[\/et_pb_image][\/et_pb_column][et_pb_column type=&#8221;2_3&#8243;][et_pb_text admin_label=&#8221;Text&#8221; background_layout=&#8221;light&#8221; text_orientation=&#8221;left&#8221; use_border_color=&#8221;off&#8221; border_color=&#8221;#ffffff&#8221; border_style=&#8221;solid&#8221;]<\/p>\n<h2>Che cos&#8217;\u00e8 Cryofan CF-04+?<\/h2>\n<p>Cryofan \u0421F-04+ \u00e8 un dispositivo per la crioterapia localizzata, sviluppata in base alle esigenze delle istituzioni mediche e sanitarie. Questa macchina da crioterapia locale \u00e8 certificata come attrezzatura medica. \u00c8 conforme ai pi\u00f9 stringenti requisiti di sicurezza relativi ai dispositivi medici ai sensi della Direttiva CE 93\/42\/CEE e EN ISO 13485:2016.<\/p>\n<h3>Come funzionano le macchine per la crioterapia localizzata?<\/h3>\n<p>Il principio di funzionamento \u00e8 lo stesso di altri dispositivi locali di crioterapia (ventilatori per la crioterapia): il flusso di gas a bassa temperatura, costituito principalmente da vapore di azoto liquido, \u00e8 indirizzato verso un&#8217;area specifica della pelle che deve essere raffreddata, senza influire sull&#8217;ambiente circostante la zona.<\/p>\n<p>Un trattamento criogenico richiede dai dieci ai quindici minuti, a seconda dell&#8217;area da raffreddare. Durante la sessione, l&#8217;utente si sdraia o si siede comodamente, il che lo rende adatto a persone con lesioni che impediscono loro di stare in piedi. Alla fine del trattamento, il cliente potrebbe provare una sensazione di &#8220;formicolio&#8221;, che scompare rapidamente dopo la sessione.<\/p>\n<p>[\/et_pb_text][et_pb_button admin_label=&#8221;Button&#8221; url_new_window=&#8221;off&#8221; button_text=&#8221;RICHIEDI UN PREVENTIVO&#8221; button_alignment=&#8221;center&#8221; background_layout=&#8221;dark&#8221; module_class=&#8221;popmake-contact-form-it&#8221; custom_button=&#8221;on&#8221; button_text_size=&#8221;15&#8243; button_text_color=&#8221;#ffffff&#8221; button_bg_color=&#8221;#8fd400&#8243; button_border_width=&#8221;0&#8243; button_letter_spacing=&#8221;0&#8243; button_use_icon=&#8221;off&#8221; button_icon_placement=&#8221;right&#8221; button_on_hover=&#8221;on&#8221; button_bg_color_hover=&#8221;#b0d369&#8243; button_letter_spacing_hover=&#8221;0&#8243; disabled=&#8221;off&#8221; saved_tabs=&#8221;all&#8221;]<\/p>\n<p>&nbsp;<\/p>\n<p>[\/et_pb_button][\/et_pb_column][\/et_pb_row][\/et_pb_section][et_pb_section admin_label=&#8221;Section&#8221; fullwidth=&#8221;off&#8221; specialty=&#8221;off&#8221;][et_pb_row admin_label=&#8221;Row&#8221;][et_pb_column type=&#8221;4_4&#8243;][et_pb_text admin_label=&#8221;Text&#8221; background_layout=&#8221;light&#8221; text_orientation=&#8221;left&#8221; use_border_color=&#8221;off&#8221; border_color=&#8221;#ffffff&#8221; border_style=&#8221;solid&#8221;]<\/p>\n<h3>Quando si ha bisogno di un trattamento di crioterapia locale?<\/h3>\n<p>Cryofan CF-04+ \u00e8 utile per in diverse circostanze:<\/p>\n<ul>\n<li style=\"font-weight: 400;\">dolore cronico<\/li>\n<li style=\"font-weight: 400;\">infiammazione<\/li>\n<li style=\"font-weight: 400;\">lesioni localizzate (schiena, ginocchio, gomito, ecc.)<\/li>\n<li style=\"font-weight: 400;\">recupero post-operatorio e riabilitazione<\/li>\n<\/ul>\n<p>Inoltre, la crioterapia locale \u00e8 la soluzione giusta per persone con mobilit\u00e0 fisica ridotta che impedisce loro di sottoporsi alla tradizionale terapia del freddo. In generale, la crioterapia localizzata si occupa efficacemente del dolore (incluso il dolore cronico), dell&#8217;infiammazione e del gonfiore e pu\u00f2 essere utilizzata per scopi medici.<\/p>\n<p>[\/et_pb_text][\/et_pb_column][\/et_pb_row][et_pb_row admin_label=&#8221;Row&#8221;][et_pb_column type=&#8221;4_4&#8243;][et_pb_text admin_label=&#8221;Text&#8221; background_layout=&#8221;light&#8221; text_orientation=&#8221;center&#8221; use_border_color=&#8221;off&#8221; border_style=&#8221;solid&#8221; disabled=&#8221;off&#8221; saved_tabs=&#8221;all&#8221; border_color=&#8221;#ffffff&#8221;]<\/p>\n<h2 style=\"text-align: center;\">Video<\/h2>\n<p><img decoding=\"async\" loading=\"lazy\" class=\"size-full wp-image-150 aligncenter\" src=\"\/wp-content\/uploads\/2016\/10\/heading-underline.png\" alt=\"heading-underline\" width=\"309\" height=\"12\" srcset=\"https:\/\/cryomedpro.com\/wp-content\/uploads\/2016\/10\/heading-underline.png 309w, https:\/\/cryomedpro.com\/wp-content\/uploads\/2016\/10\/heading-underline-300x12.png 300w\" sizes=\"(max-width: 309px) 100vw, 309px\" \/><\/p>\n<p>[\/et_pb_text][et_pb_code admin_label=&#8221;Code&#8221;]&lt;iframe src=&#8221;https:\/\/www.youtube.com\/embed\/bZarZ7LsTx4&#8243; width=&#8221;560&#8243; height=&#8221;315&#8243; frameborder=&#8221;0&#8243; allowfullscreen=&#8221;allowfullscreen&#8221;&gt;&lt;\/iframe&gt;[\/et_pb_code][et_pb_text admin_label=&#8221;Text&#8221; background_layout=&#8221;light&#8221; text_orientation=&#8221;left&#8221; use_border_color=&#8221;off&#8221; border_color=&#8221;#ffffff&#8221; border_style=&#8221;solid&#8221;]<\/p>\n<h3>Benefici di Cryofan CF-04 + per i medici<\/h3>\n<p>Il nostro dispositivo di crioterapia localizzata \u00e8 stato sviluppato con particolare attenzione alle esigenze delle istituzioni sanitarie. Per la tua comodit\u00e0, l&#8217;abbiamo realizzato:<\/p>\n<ul>\n<li style=\"font-weight: 400;\"><strong>portatile:<\/strong> il peso di Cryofan CF-04+ senza serbatoio Dewar \u00e8 di soli 3,7 kg, il che lo rende manovrabile e facile da usare; inoltre, non richiede molto spazio;<br \/>\n<strong>affidabile:<\/strong> questo ventilatore criogenico ha ottenuto tutte le certificazioni mediche necessarie tramite T\u00dcV Rheinland;<br \/>\n<strong>semplice da usare:<\/strong> il tuo personale sar\u00e0 in grado di utilizzarlo con sicurezza in meno di un&#8217;ora;<br \/>\n<strong>economico:<\/strong> questo modello ha il consumo di azoto pi\u00f9 basso sul mercato rispetto ad altri crio-ventilatori (fino a 0,75 litri per un trattamento di 10 minuti);<br \/>\n<strong>efficiente:<\/strong> garantisce un raffreddamento costante per i migliori risultati.<\/li>\n<\/ul>\n<p>[\/et_pb_text][\/et_pb_column][\/et_pb_row][et_pb_row admin_label=&#8221;Row&#8221;][et_pb_column type=&#8221;4_4&#8243;][et_pb_text admin_label=&#8221;Text&#8221; background_layout=&#8221;light&#8221; text_orientation=&#8221;center&#8221; use_border_color=&#8221;off&#8221; border_style=&#8221;solid&#8221; disabled=&#8221;off&#8221; saved_tabs=&#8221;all&#8221; border_color=&#8221;#ffffff&#8221;]<\/p>\n<h2 style=\"text-align: center;\">Specifiche tecniche<\/h2>\n<p><img decoding=\"async\" loading=\"lazy\" class=\"size-full wp-image-150 aligncenter\" src=\"\/wp-content\/uploads\/2016\/10\/heading-underline.png\" alt=\"heading-underline\" width=\"309\" height=\"12\" srcset=\"https:\/\/cryomedpro.com\/wp-content\/uploads\/2016\/10\/heading-underline.png 309w, https:\/\/cryomedpro.com\/wp-content\/uploads\/2016\/10\/heading-underline-300x12.png 300w\" sizes=\"(max-width: 309px) 100vw, 309px\" \/><\/p>\n<p>[\/et_pb_text][et_pb_text admin_label=&#8221;Text&#8221; background_layout=&#8221;light&#8221; text_orientation=&#8221;left&#8221; use_border_color=&#8221;off&#8221; border_color=&#8221;#ffffff&#8221; border_style=&#8221;solid&#8221;]<\/p>\n<table class=\"prod_full_attributes\" style=\"background-color: #e6ffff;\">\n<tbody>\n<tr class=\"\">\n<th>Caratteristica<\/th>\n<th>Valore<\/th>\n<\/tr>\n<tr class=\"alt\">\n<td>Alimentazione elettrica<\/td>\n<td>100-240 VAC, 50\/60 Hz<\/td>\n<\/tr>\n<tr class=\"\">\n<td>Consumo elettrico massimo<\/td>\n<td>0.28 kW<\/td>\n<\/tr>\n<tr class=\"alt\">\n<td>Pes\u00f2 dell\u2019unit\u00e0 di ventilazione cryofan<\/td>\n<td>3,7 kg<\/td>\n<\/tr>\n<tr class=\"\">\n<td>Lunghezza del condotto<\/td>\n<td>1,4 m<\/td>\n<\/tr>\n<tr class=\"alt\">\n<td>Tempo di pre-raffreddamento (-100\u00ba \u0421)<\/td>\n<td>Inferiore a 4 min<\/td>\n<\/tr>\n<tr class=\"\">\n<td>Temperatura del flusso di gas (max.)<\/td>\n<td>-120\u00ba \u0421<\/td>\n<\/tr>\n<tr class=\"alt\">\n<td>Consumo di azoto liquido per sessione (10 min, -100\u00ba \u0421)<\/td>\n<td>0.75 l (0.6 kg)<\/td>\n<\/tr>\n<tr class=\"\">\n<td>Protezione<\/td>\n<td>IP50<\/td>\n<\/tr>\n<\/tbody>\n<\/table>\n<p>&nbsp;<\/p>\n<p>[\/et_pb_text][et_pb_text admin_label=&#8221;Text&#8221; background_layout=&#8221;light&#8221; text_orientation=&#8221;center&#8221; use_border_color=&#8221;off&#8221; border_style=&#8221;solid&#8221; disabled=&#8221;off&#8221; saved_tabs=&#8221;all&#8221; border_color=&#8221;#ffffff&#8221;]<\/p>\n<h3 style=\"text-align: center;\">Qual \u00e8 la differenza tra Cryofan CF-04+ e altri dispositivi di crioterapia localizzata?<\/h3>\n<p><img decoding=\"async\" loading=\"lazy\" class=\"size-full wp-image-150 aligncenter\" src=\"\/wp-content\/uploads\/2016\/10\/heading-underline.png\" alt=\"heading-underline\" width=\"309\" height=\"12\" srcset=\"https:\/\/cryomedpro.com\/wp-content\/uploads\/2016\/10\/heading-underline.png 309w, https:\/\/cryomedpro.com\/wp-content\/uploads\/2016\/10\/heading-underline-300x12.png 300w\" sizes=\"(max-width: 309px) 100vw, 309px\" \/><\/p>\n<p>[\/et_pb_text][et_pb_text admin_label=&#8221;Text&#8221; background_layout=&#8221;light&#8221; text_orientation=&#8221;left&#8221; use_border_color=&#8221;off&#8221; border_color=&#8221;#ffffff&#8221; border_style=&#8221;solid&#8221;]<\/p>\n<table class=\"prod_full_attributes\" style=\"background-color: #e6ffff;\">\n<tbody>\n<tr>\n<td><strong>Modello<\/strong><\/td>\n<td><strong>Peso<\/strong><\/td>\n<td><strong>Tempo di pre-raffreddamento<\/strong><\/td>\n<td><strong>Flusso di gas t, max<\/strong><\/td>\n<td><strong>Consumo di azoto per trattamento (10 min.)<\/strong><\/td>\n<td><strong>Certificazione medica<\/strong><\/td>\n<\/tr>\n<tr>\n<td><a href=\"https:\/\/cryomedpro.com\/it\/cryofan\/\"><span style=\"font-weight: 400;\">Cryofan CF-04<\/span><\/a><\/td>\n<td><strong>3.7 kg<\/strong><\/td>\n<td>fino a 4 minuti<\/td>\n<td><span style=\"font-weight: 400;\">-120\u00ba \u0421<\/span><\/td>\n<td><strong>0,6 kg<\/strong><\/td>\n<td><span style=\"font-weight: 400;\">No<\/span><\/td>\n<\/tr>\n<tr>\n<td><a href=\"https:\/\/cryomedpro.com\/it\/cryofan-cf-05\/\"><span style=\"font-weight: 400;\">Cryofan CF-05<\/span><\/a><\/td>\n<td><span style=\"font-weight: 400;\">23.3 kg<\/span><\/td>\n<td><strong>fino a 3 minuti<\/strong><\/td>\n<td><strong>-130\u00ba \u0421<\/strong><\/td>\n<td><span style=\"font-weight: 400;\">0,7kg<\/span><\/td>\n<td><span style=\"font-weight: 400;\">No<\/span><\/td>\n<\/tr>\n<tr>\n<td><span style=\"font-weight: 400;\">Cryofan CF-04+<\/span><\/td>\n<td><strong>3.7 kg<\/strong><\/td>\n<td>fino a 4 minuti<\/td>\n<td><span style=\"font-weight: 400;\">-120\u00ba \u0421<\/span><\/td>\n<td><strong>0,6 kg<\/strong><\/td>\n<td>s\u00ec<\/td>\n<\/tr>\n<\/tbody>\n<\/table>\n<p>[\/et_pb_text][\/et_pb_column][\/et_pb_row][et_pb_row admin_label=&#8221;Row&#8221;][et_pb_column type=&#8221;4_4&#8243;][et_pb_text admin_label=&#8221;Text&#8221; background_layout=&#8221;light&#8221; text_orientation=&#8221;center&#8221; use_border_color=&#8221;off&#8221; border_style=&#8221;solid&#8221; disabled=&#8221;off&#8221; saved_tabs=&#8221;all&#8221; border_color=&#8221;#ffffff&#8221;]<\/p>\n<h3 style=\"text-align: center;\">Immagini del dispositivo per crioterapia localizzata<\/h3>\n<p><img decoding=\"async\" loading=\"lazy\" class=\"size-full wp-image-150 aligncenter\" src=\"\/wp-content\/uploads\/2016\/10\/heading-underline.png\" alt=\"heading-underline\" width=\"309\" height=\"12\" srcset=\"https:\/\/cryomedpro.com\/wp-content\/uploads\/2016\/10\/heading-underline.png 309w, https:\/\/cryomedpro.com\/wp-content\/uploads\/2016\/10\/heading-underline-300x12.png 300w\" sizes=\"(max-width: 309px) 100vw, 309px\" \/><\/p>\n<p>[\/et_pb_text][et_pb_gallery admin_label=&#8221;Gallery&#8221; gallery_ids=&#8221;56487,56468,56449&#8243; fullwidth=&#8221;on&#8221; show_title_and_caption=&#8221;on&#8221; show_pagination=&#8221;on&#8221; background_layout=&#8221;light&#8221; auto=&#8221;on&#8221; hover_overlay_color=&#8221;rgba(255,255,255,0.9)&#8221; caption_all_caps=&#8221;off&#8221; use_border_color=&#8221;off&#8221; border_color=&#8221;#ffffff&#8221; border_style=&#8221;solid&#8221;]<\/p>\n<p>&nbsp;<\/p>\n<p>[\/et_pb_gallery][et_pb_text admin_label=&#8221;Text&#8221; background_layout=&#8221;light&#8221; text_orientation=&#8221;left&#8221; use_border_color=&#8221;off&#8221; border_color=&#8221;#ffffff&#8221; border_style=&#8221;solid&#8221;]<\/p>\n<h2>Dispositivi medici per il trattamento con crioterapia<\/h2>\n<p>Produciamo dispositivi medici in linea con tutti i requisiti di certificazione pertinenti; ecco perch\u00e9 sicurezza, qualit\u00e0 ed efficienza sono le nostre priorit\u00e0. I nostri prodotti medici sono sicuri per la salute dei consumatori e non dannosi per l&#8217;ambiente.<\/p>\n<p>Cryomed produce apparecchiature per la crioterapia sia locale che totale. A seconda dei tuoi scopi, puoi scegliere le criosaune Cryomed One+ o Cryomed Pro+ per il trattamento di crioterapia totale o Cryofan CF-04+ per il trattamento locale o mirato.<\/p>\n<p>[\/et_pb_text][et_pb_button admin_label=&#8221;Button&#8221; url_new_window=&#8221;off&#8221; button_text=&#8221;RICHIEDI UN PREVENTIVO&#8221; button_alignment=&#8221;center&#8221; background_layout=&#8221;dark&#8221; module_class=&#8221;popmake-contact-form-it&#8221; custom_button=&#8221;on&#8221; button_text_size=&#8221;15&#8243; button_text_color=&#8221;#ffffff&#8221; button_bg_color=&#8221;#8fd400&#8243; button_border_width=&#8221;0&#8243; button_letter_spacing=&#8221;0&#8243; button_use_icon=&#8221;off&#8221; button_icon_placement=&#8221;right&#8221; button_on_hover=&#8221;on&#8221; button_bg_color_hover=&#8221;#b0d369&#8243; button_letter_spacing_hover=&#8221;0&#8243; disabled=&#8221;off&#8221; saved_tabs=&#8221;all&#8221;]<\/p>\n<p>&nbsp;<\/p>\n<p>[\/et_pb_button][\/et_pb_column][\/et_pb_row][\/et_pb_section]<\/p>\n","protected":false},"excerpt":{"rendered":"<p>[et_pb_section admin_label=&#8221;section&#8221; background_image=&#8221;https:\/\/cryomedpro.com\/wp-content\/uploads\/2016\/12\/784743-blue-crystals-frost-macro.jpg&#8221; transparent_background=&#8221;off&#8221; allow_player_pause=&#8221;off&#8221; inner_shadow=&#8221;off&#8221; parallax=&#8221;off&#8221; parallax_method=&#8221;off&#8221; custom_padding=&#8221;3px|0px|4px|0px&#8221; padding_mobile=&#8221;off&#8221; make_fullwidth=&#8221;off&#8221; use_custom_width=&#8221;off&#8221; width_unit=&#8221;on&#8221; make_equal=&#8221;off&#8221; use_custom_gutter=&#8221;off&#8221; fullwidth=&#8221;off&#8221; specialty=&#8221;off&#8221; module_class=&#8221;ns-banner&#8221; disabled=&#8221;off&#8221;][et_pb_row admin_label=&#8221;row&#8221; make_fullwidth=&#8221;off&#8221; use_custom_width=&#8221;off&#8221; width_unit=&#8221;off&#8221; custom_width_px=&#8221;1080px&#8221; custom_width_percent=&#8221;80%&#8221; use_custom_gutter=&#8221;off&#8221; gutter_width=&#8221;3&#8243; custom_padding=&#8221;21px|0px|21.45px|0px&#8221; padding_mobile=&#8221;off&#8221; allow_player_pause=&#8221;off&#8221; parallax=&#8221;off&#8221; parallax_method=&#8221;on&#8221; make_equal=&#8221;off&#8221; column_padding_mobile=&#8221;on&#8221; parallax_1=&#8221;off&#8221; parallax_method_1=&#8221;on&#8221; parallax_2=&#8221;off&#8221; parallax_method_2=&#8221;on&#8221; parallax_3=&#8221;off&#8221; parallax_method_3=&#8221;on&#8221; parallax_4=&#8221;off&#8221; parallax_method_4=&#8221;on&#8221; disabled=&#8221;off&#8221;][et_pb_column type=&#8221;4_4&#8243;][et_pb_text admin_label=&#8221;Text&#8221; background_layout=&#8221;dark&#8221; text_orientation=&#8221;center&#8221; use_border_color=&#8221;off&#8221; border_style=&#8221;solid&#8221; disabled=&#8221;off&#8221; border_color=&#8221;#ffffff&#8221;] Cryofan CF-04+ [\/et_pb_text][\/et_pb_column][\/et_pb_row][\/et_pb_section][et_pb_section admin_label=&#8221;Section&#8221; [&hellip;]<\/p>\n","protected":false},"author":2,"featured_media":0,"parent":0,"menu_order":0,"comment_status":"closed","ping_status":"closed","template":"","meta":[],"tags":[1530,1529,1531],"yoast_head":"<!-- This site is optimized with the Yoast SEO plugin v20.0 - https:\/\/yoast.com\/wordpress\/plugins\/seo\/ -->\n<title>Cryofan CF-04+. Acquista dispositivi per la crioterapia localizzata dal leader mondiale nella crioterapia locale e totale: Cryomed Manufacture s.r.o.<\/title>\n<meta name=\"description\" content=\"Cryofan \u0421F-04+ \u00e8 un dispositivo per la crioterapia localizzata sviluppato in base alle esigenze delle istituzioni mediche e sanitarie. \u00c8 conforme a tutti i requisiti di sicurezza e dispone delle necessarie certificazioni mediche.\" \/>\n<meta name=\"robots\" content=\"index, follow, max-snippet:-1, max-image-preview:large, max-video-preview:-1\" \/>\n<link rel=\"canonical\" href=\"https:\/\/cryomedpro.com\/it\/cryofan-cf-04\/\" \/>\n<meta property=\"og:locale\" content=\"it_IT\" \/>\n<meta property=\"og:type\" content=\"article\" \/>\n<meta property=\"og:title\" content=\"Cryofan CF-04+. Acquista dispositivi per la crioterapia localizzata dal leader mondiale nella crioterapia locale e totale: Cryomed Manufacture s.r.o.\" \/>\n<meta property=\"og:description\" content=\"Cryofan \u0421F-04+ \u00e8 un dispositivo per la crioterapia localizzata sviluppato in base alle esigenze delle istituzioni mediche e sanitarie. \u00c8 conforme a tutti i requisiti di sicurezza e dispone delle necessarie certificazioni mediche.\" \/>\n<meta property=\"og:url\" content=\"https:\/\/cryomedpro.com\/it\/cryofan-cf-04\/\" \/>\n<meta property=\"og:site_name\" content=\"Cryomed PRO\" \/>\n<meta property=\"article:modified_time\" content=\"2020-03-28T10:33:01+00:00\" \/>\n<meta property=\"og:image\" content=\"https:\/\/cryomedpro.com\/wp-content\/uploads\/2016\/10\/heading-underline.png\" \/>\n<meta name=\"twitter:card\" content=\"summary_large_image\" \/>\n<meta name=\"twitter:label1\" content=\"Tempo di lettura stimato\" \/>\n\t<meta name=\"twitter:data1\" content=\"7 minuti\" \/>\n<!-- \/ Yoast SEO plugin. -->","yoast_head_json":{"title":"Cryofan CF-04+. Acquista dispositivi per la crioterapia localizzata dal leader mondiale nella crioterapia locale e totale: Cryomed Manufacture s.r.o.","description":"Cryofan \u0421F-04+ \u00e8 un dispositivo per la crioterapia localizzata sviluppato in base alle esigenze delle istituzioni mediche e sanitarie. \u00c8 conforme a tutti i requisiti di sicurezza e dispone delle necessarie certificazioni mediche.","robots":{"index":"index","follow":"follow","max-snippet":"max-snippet:-1","max-image-preview":"max-image-preview:large","max-video-preview":"max-video-preview:-1"},"canonical":"https:\/\/cryomedpro.com\/it\/cryofan-cf-04\/","og_locale":"it_IT","og_type":"article","og_title":"Cryofan CF-04+. Acquista dispositivi per la crioterapia localizzata dal leader mondiale nella crioterapia locale e totale: Cryomed Manufacture s.r.o.","og_description":"Cryofan \u0421F-04+ \u00e8 un dispositivo per la crioterapia localizzata sviluppato in base alle esigenze delle istituzioni mediche e sanitarie. \u00c8 conforme a tutti i requisiti di sicurezza e dispone delle necessarie certificazioni mediche.","og_url":"https:\/\/cryomedpro.com\/it\/cryofan-cf-04\/","og_site_name":"Cryomed PRO","article_modified_time":"2020-03-28T10:33:01+00:00","og_image":[{"url":"https:\/\/cryomedpro.com\/wp-content\/uploads\/2016\/10\/heading-underline.png"}],"twitter_card":"summary_large_image","twitter_misc":{"Tempo di lettura stimato":"7 minuti"},"schema":{"@context":"https:\/\/schema.org","@graph":[{"@type":"WebPage","@id":"https:\/\/cryomedpro.com\/it\/cryofan-cf-04\/","url":"https:\/\/cryomedpro.com\/it\/cryofan-cf-04\/","name":"Cryofan CF-04+. Acquista dispositivi per la crioterapia localizzata dal leader mondiale nella crioterapia locale e totale: Cryomed Manufacture s.r.o.","isPartOf":{"@id":"https:\/\/cryomedpro.com\/#website"},"datePublished":"2020-03-24T08:39:23+00:00","dateModified":"2020-03-28T10:33:01+00:00","description":"Cryofan \u0421F-04+ \u00e8 un dispositivo per la crioterapia localizzata sviluppato in base alle esigenze delle istituzioni mediche e sanitarie. \u00c8 conforme a tutti i requisiti di sicurezza e dispone delle necessarie certificazioni mediche.","breadcrumb":{"@id":"https:\/\/cryomedpro.com\/it\/cryofan-cf-04\/#breadcrumb"},"inLanguage":"it-IT","potentialAction":[{"@type":"ReadAction","target":["https:\/\/cryomedpro.com\/it\/cryofan-cf-04\/"]}]},{"@type":"BreadcrumbList","@id":"https:\/\/cryomedpro.com\/it\/cryofan-cf-04\/#breadcrumb","itemListElement":[{"@type":"ListItem","position":1,"name":"Home","item":"https:\/\/cryomedpro.com\/it\/"},{"@type":"ListItem","position":2,"name":"Cryofan CF-04+"}]},{"@type":"WebSite","@id":"https:\/\/cryomedpro.com\/#website","url":"https:\/\/cryomedpro.com\/","name":"Cryomed PRO","description":"Cryosaunas Worldwide","publisher":{"@id":"https:\/\/cryomedpro.com\/#\/schema\/person\/752b92c38fb6f6c5052ef7763f4d79eb"},"potentialAction":[{"@type":"SearchAction","target":{"@type":"EntryPoint","urlTemplate":"https:\/\/cryomedpro.com\/?s={search_term_string}"},"query-input":"required name=search_term_string"}],"inLanguage":"it-IT"},{"@type":["Person","Organization"],"@id":"https:\/\/cryomedpro.com\/#\/schema\/person\/752b92c38fb6f6c5052ef7763f4d79eb","name":"healthycold","image":{"@type":"ImageObject","inLanguage":"it-IT","@id":"https:\/\/cryomedpro.com\/#\/schema\/person\/image\/","url":"https:\/\/secure.gravatar.com\/avatar\/bbe2f3ec78281a56dba108d1bf0f9ffa?s=96&d=mm&r=g","contentUrl":"https:\/\/secure.gravatar.com\/avatar\/bbe2f3ec78281a56dba108d1bf0f9ffa?s=96&d=mm&r=g","caption":"healthycold"},"logo":{"@id":"https:\/\/cryomedpro.com\/#\/schema\/person\/image\/"}}]}},"_links":{"self":[{"href":"https:\/\/cryomedpro.com\/it\/wp-json\/wp\/v2\/pages\/56750"}],"collection":[{"href":"https:\/\/cryomedpro.com\/it\/wp-json\/wp\/v2\/pages"}],"about":[{"href":"https:\/\/cryomedpro.com\/it\/wp-json\/wp\/v2\/types\/page"}],"author":[{"embeddable":true,"href":"https:\/\/cryomedpro.com\/it\/wp-json\/wp\/v2\/users\/2"}],"replies":[{"embeddable":true,"href":"https:\/\/cryomedpro.com\/it\/wp-json\/wp\/v2\/comments?post=56750"}],"version-history":[{"count":0,"href":"https:\/\/cryomedpro.com\/it\/wp-json\/wp\/v2\/pages\/56750\/revisions"}],"wp:attachment":[{"href":"https:\/\/cryomedpro.com\/it\/wp-json\/wp\/v2\/media?parent=56750"}],"wp:term":[{"taxonomy":"post_tag","embeddable":true,"href":"https:\/\/cryomedpro.com\/it\/wp-json\/wp\/v2\/tags?post=56750"}],"curies":[{"name":"wp","href":"https:\/\/api.w.org\/{rel}","templated":true}]}}