{"id":9575,"date":"2018-08-03T09:38:29","date_gmt":"2018-08-03T07:38:29","guid":{"rendered":"https:\/\/cryomedpro.com\/cryotherapy-machine-lease\/"},"modified":"2019-11-28T23:25:05","modified_gmt":"2019-11-28T22:25:05","slug":"cryotherapy-machine-lease","status":"publish","type":"page","link":"https:\/\/cryomedpro.com\/it\/cryotherapy-machine-lease\/","title":{"rendered":"Leasing di strumenti di crioterapia"},"content":{"rendered":"<p>[et_pb_section admin_label=&#8221;section&#8221; background_image=&#8221;https:\/\/cryomedpro.com\/wp-content\/uploads\/2018\/08\/cryo-back-2018-leasing.jpg&#8221; transparent_background=&#8221;off&#8221; allow_player_pause=&#8221;off&#8221; inner_shadow=&#8221;off&#8221; parallax=&#8221;off&#8221; parallax_method=&#8221;off&#8221; custom_padding=&#8221;3px|0px|4px|0px&#8221; padding_mobile=&#8221;off&#8221; make_fullwidth=&#8221;off&#8221; use_custom_width=&#8221;off&#8221; width_unit=&#8221;on&#8221; make_equal=&#8221;off&#8221; use_custom_gutter=&#8221;off&#8221; fullwidth=&#8221;off&#8221; specialty=&#8221;off&#8221; module_class=&#8221;ns-banner&#8221; disabled=&#8221;off&#8221;][et_pb_row admin_label=&#8221;row&#8221; make_fullwidth=&#8221;off&#8221; use_custom_width=&#8221;off&#8221; width_unit=&#8221;off&#8221; custom_width_px=&#8221;1080px&#8221; custom_width_percent=&#8221;80%&#8221; use_custom_gutter=&#8221;off&#8221; gutter_width=&#8221;3&#8243; custom_padding=&#8221;21px|0px|21.45px|0px&#8221; padding_mobile=&#8221;off&#8221; allow_player_pause=&#8221;off&#8221; parallax=&#8221;off&#8221; parallax_method=&#8221;on&#8221; make_equal=&#8221;off&#8221; column_padding_mobile=&#8221;on&#8221; parallax_1=&#8221;off&#8221; parallax_method_1=&#8221;on&#8221; parallax_2=&#8221;off&#8221; parallax_method_2=&#8221;on&#8221; parallax_3=&#8221;off&#8221; parallax_method_3=&#8221;on&#8221; parallax_4=&#8221;off&#8221; parallax_method_4=&#8221;on&#8221; disabled=&#8221;off&#8221;][et_pb_column type=&#8221;4_4&#8243;][et_pb_text admin_label=&#8221;Text&#8221; background_layout=&#8221;dark&#8221; text_orientation=&#8221;center&#8221; use_border_color=&#8221;off&#8221; border_style=&#8221;solid&#8221; disabled=&#8221;off&#8221; border_color=&#8221;#ffffff&#8221;]<\/p>\n<h1 style=\"text-align: center;\">Leasing di strumenti di crioterapia<\/h1>\n<p><img decoding=\"async\" loading=\"lazy\" class=\"size-full wp-image-150 aligncenter\" src=\"\/wp-content\/uploads\/2016\/10\/heading-underline.png\" alt=\"heading-underline\" width=\"309\" height=\"12\" srcset=\"https:\/\/cryomedpro.com\/wp-content\/uploads\/2016\/10\/heading-underline.png 309w, https:\/\/cryomedpro.com\/wp-content\/uploads\/2016\/10\/heading-underline-300x12.png 300w\" sizes=\"(max-width: 309px) 100vw, 309px\" \/><\/p>\n<p>[\/et_pb_text][\/et_pb_column][\/et_pb_row][\/et_pb_section][et_pb_section admin_label=&#8221;section&#8221;][et_pb_row admin_label=&#8221;row&#8221;][et_pb_column type=&#8221;1_2&#8243;][et_pb_image admin_label=&#8221;Image&#8221; src=&#8221;https:\/\/cryomedpro.com\/wp-content\/uploads\/2018\/08\/business-3152586_640.jpg&#8221; alt=&#8221;Leasing di strumenti di crioterapia&#8221; title_text=&#8221;Leasing di strumenti di crioterapia&#8221; show_in_lightbox=&#8221;off&#8221; url_new_window=&#8221;off&#8221; use_overlay=&#8221;off&#8221; animation=&#8221;left&#8221; sticky=&#8221;off&#8221; align=&#8221;left&#8221; force_fullwidth=&#8221;off&#8221; always_center_on_mobile=&#8221;on&#8221; use_border_color=&#8221;off&#8221; border_color=&#8221;#ffffff&#8221; border_style=&#8221;solid&#8221;]<\/p>\n<p>&nbsp;<\/p>\n<p>[\/et_pb_image][\/et_pb_column][et_pb_column type=&#8221;1_2&#8243;][et_pb_text admin_label=&#8221;Text&#8221; background_layout=&#8221;light&#8221; text_orientation=&#8221;left&#8221; use_border_color=&#8221;off&#8221; border_color=&#8221;#ffffff&#8221; border_style=&#8221;solid&#8221;]<\/p>\n<h2>Perch\u00e9 prendere una criosauna in leasing?<\/h2>\n<p>L&#8217;opzione di leasing per le criosaune proposta da Cryomed \u00e8, cos\u00ec come il noleggio, indirizzata a chi ha intenzione di iniziare ad offrire servizi di crioterapia ma non ha un budget iniziale elevato. In questo modo puoi iniziare a ricavare margini allocando i tuoi fondi in altre aree piuttosto che spendere una quantit\u00e0 elevata di risorse all&#8217;inizio.<\/p>\n<p>\u00c8 disponibile un&#8217;opzione di finanziamento per la criosauna come ulteriore incentivo per i piccoli centri sportivi, le palestre, i centri di riabilitazione, le cliniche private o altre strutture che vogliono iniziare ad offrire servizi di crioterapia. Il leasing di una macchina di crioterapia \u00e8 la strada pi\u00f9 rapida e meno impegnativa per iniziare ad utilizzare gli ultimi prodotti offerti da Cryomed.<\/p>\n<p>[\/et_pb_text][\/et_pb_column][\/et_pb_row][\/et_pb_section][et_pb_section admin_label=&#8221;Section&#8221; fullwidth=&#8221;off&#8221; specialty=&#8221;off&#8221;][et_pb_row admin_label=&#8221;Row&#8221;][et_pb_column type=&#8221;4_4&#8243;][et_pb_text admin_label=&#8221;Text&#8221; background_layout=&#8221;light&#8221; text_orientation=&#8221;left&#8221; use_border_color=&#8221;off&#8221; border_color=&#8221;#ffffff&#8221; border_style=&#8221;solid&#8221;]<\/p>\n<h3>Condizioni per il leasing degli strumenti di crioterapia<\/h3>\n<p>Dal punto di vista finanziario, il leasing si una criocamera \u00e8 l&#8217;occasione perfetta per avviare un&#8217;attivit\u00e0 legata alla salute pur disponendo di fondi limitati. Cryomed \u00e8 la prima azienda sul mercato dell&#8217;UE ad introdurre questa proposta unica:<\/p>\n<ul>\n<li>20% di acconto<\/li>\n<li>Il restante 80% del costo del leasing della criosauna \u00e8 suddiviso in 12 rate mensili<\/li>\n<li>Il totale della spesa per il leasing corrisponde al prezzo al dettaglio aumentato del 10%<\/li>\n<\/ul>\n<p>Questa offerta si applica a entrambi i modelli di criocamera dell&#8217;azienda: Cryomed Pro (vaso dewar o pressurizzato) e Cryomed Mini (pressurizzato). Tutte le apparecchiature Cryomed, compresi i modelli offerti con l&#8217;opzione di leasing per crioterapia, sono pienamente conformi ai requisiti di sicurezza pi\u00f9 stringenti del mercato dell&#8217;UE e sono ufficialmente certificate per l&#8217;uso sia privato che da parte di istituzioni mediche. Il leasing delle apparecchiature di crioterapia offerto da Cryomed \u00e8 immediatamente disponibile per tutti i clienti dell&#8217;Unione Europea senza limitazioni.<\/p>\n<p>Se possiedi un centro sportivo, una palestra, una clinica privata o un centro di riabilitazione, approfitta di questa opportunit\u00e0 e dell&#8217;offerta esclusiva di leasing sulle cabine criogeniche di Cryomed. I nostri strumenti di crioterapia vantano una qualit\u00e0 eccezionale, caratteristiche di sicurezza di altissimo livello, l&#8217;uso delle pi\u00f9 recenti tecnologie di crioterapia e un uso intuitivo e immediato. Se il nostro servizio di leasing ti interessa, contatta il nostro ufficio vendite all&#8217;indirizzo <span \n                data-original-string='9Dg3KfBGceCL8Ib0Dr9bKg==caeDUq\/2OyCpwTfmZGIEmzhPwqcBQnDhvBxyrj3f93lAYg='\n                class='apbct-email-encoder'\n                title='This contact has been encoded by Anti-Spam by CleanTalk. Click to decode. To finish the decoding make sure that JavaScript is enabled in your browser.'>in<span class=\"apbct-blur\">**<\/span>@<span class=\"apbct-blur\">********<\/span>ro.com<\/span> o chiama il numero +421 948 224 850 e sarai ricontattato a breve con un preventivo personalizzato, che include spedizione, gestione, accessori e opzioni di personalizzazione.<\/p>\n<p>Per visualizzare ulteriori opzioni di finanziamento per la tua attivit\u00e0 di crioterapia, visita le sezioni relative al noleggio ed al trade-in degli strumenti di crioterapia e delle criosaune sul nostro sito.<\/p>\n<p>[\/et_pb_text][et_pb_button admin_label=&#8221;Button&#8221; url_new_window=&#8221;off&#8221; button_text=&#8221;RICHIEDI UN PREVENTIVO&#8221; button_alignment=&#8221;left&#8221; background_layout=&#8221;light&#8221; custom_button=&#8221;off&#8221; button_letter_spacing=&#8221;0&#8243; button_use_icon=&#8221;default&#8221; button_icon_placement=&#8221;right&#8221; button_on_hover=&#8221;on&#8221; button_letter_spacing_hover=&#8221;0&#8243; module_class=&#8221;popmake-contact-form-it&#8221;]<br \/>\n[\/et_pb_button][\/et_pb_column][\/et_pb_row][\/et_pb_section]<\/p>\n","protected":false},"excerpt":{"rendered":"<p>[et_pb_section admin_label=&#8221;section&#8221; background_image=&#8221;https:\/\/cryomedpro.com\/wp-content\/uploads\/2018\/08\/cryo-back-2018-leasing.jpg&#8221; transparent_background=&#8221;off&#8221; allow_player_pause=&#8221;off&#8221; inner_shadow=&#8221;off&#8221; parallax=&#8221;off&#8221; parallax_method=&#8221;off&#8221; custom_padding=&#8221;3px|0px|4px|0px&#8221; padding_mobile=&#8221;off&#8221; make_fullwidth=&#8221;off&#8221; use_custom_width=&#8221;off&#8221; width_unit=&#8221;on&#8221; make_equal=&#8221;off&#8221; use_custom_gutter=&#8221;off&#8221; fullwidth=&#8221;off&#8221; specialty=&#8221;off&#8221; module_class=&#8221;ns-banner&#8221; disabled=&#8221;off&#8221;][et_pb_row admin_label=&#8221;row&#8221; make_fullwidth=&#8221;off&#8221; use_custom_width=&#8221;off&#8221; width_unit=&#8221;off&#8221; custom_width_px=&#8221;1080px&#8221; custom_width_percent=&#8221;80%&#8221; use_custom_gutter=&#8221;off&#8221; gutter_width=&#8221;3&#8243; custom_padding=&#8221;21px|0px|21.45px|0px&#8221; padding_mobile=&#8221;off&#8221; allow_player_pause=&#8221;off&#8221; parallax=&#8221;off&#8221; parallax_method=&#8221;on&#8221; make_equal=&#8221;off&#8221; column_padding_mobile=&#8221;on&#8221; parallax_1=&#8221;off&#8221; parallax_method_1=&#8221;on&#8221; parallax_2=&#8221;off&#8221; parallax_method_2=&#8221;on&#8221; parallax_3=&#8221;off&#8221; parallax_method_3=&#8221;on&#8221; parallax_4=&#8221;off&#8221; parallax_method_4=&#8221;on&#8221; disabled=&#8221;off&#8221;][et_pb_column type=&#8221;4_4&#8243;][et_pb_text admin_label=&#8221;Text&#8221; background_layout=&#8221;dark&#8221; text_orientation=&#8221;center&#8221; use_border_color=&#8221;off&#8221; border_style=&#8221;solid&#8221; disabled=&#8221;off&#8221; border_color=&#8221;#ffffff&#8221;] Leasing di strumenti di [&hellip;]<\/p>\n","protected":false},"author":2,"featured_media":0,"parent":0,"menu_order":0,"comment_status":"closed","ping_status":"closed","template":"","meta":[],"tags":[],"yoast_head":"<!-- This site is optimized with the Yoast SEO plugin v20.0 - https:\/\/yoast.com\/wordpress\/plugins\/seo\/ -->\n<title>Leasing di strumenti di crioterapia<\/title>\n<meta name=\"description\" content=\"L\u2019opzione di leasing per le criosaune proposta da Cryomed \u00e8, cos\u00ec come il noleggio, indirizzata a chi ha intenzione di iniziare ad offrire servizi di crioterapia ma non ha un budget iniziale elevato.\" \/>\n<meta name=\"robots\" content=\"index, follow, max-snippet:-1, max-image-preview:large, max-video-preview:-1\" \/>\n<link rel=\"canonical\" href=\"https:\/\/cryomedpro.com\/it\/cryotherapy-machine-lease\/\" \/>\n<meta property=\"og:locale\" content=\"it_IT\" \/>\n<meta property=\"og:type\" content=\"article\" \/>\n<meta property=\"og:title\" content=\"Leasing di strumenti di crioterapia\" \/>\n<meta property=\"og:description\" content=\"L\u2019opzione di leasing per le criosaune proposta da Cryomed \u00e8, cos\u00ec come il noleggio, indirizzata a chi ha intenzione di iniziare ad offrire servizi di crioterapia ma non ha un budget iniziale elevato.\" \/>\n<meta property=\"og:url\" content=\"https:\/\/cryomedpro.com\/it\/cryotherapy-machine-lease\/\" \/>\n<meta property=\"og:site_name\" content=\"Cryomed PRO\" \/>\n<meta property=\"article:modified_time\" content=\"2019-11-28T22:25:05+00:00\" \/>\n<meta property=\"og:image\" content=\"https:\/\/cryomedpro.com\/wp-content\/uploads\/2016\/10\/heading-underline.png\" \/>\n<meta name=\"twitter:card\" content=\"summary_large_image\" \/>\n<meta name=\"twitter:label1\" content=\"Tempo di lettura stimato\" \/>\n\t<meta name=\"twitter:data1\" content=\"4 minuti\" \/>\n<!-- \/ Yoast SEO plugin. -->","yoast_head_json":{"title":"Leasing di strumenti di crioterapia","description":"L\u2019opzione di leasing per le criosaune proposta da Cryomed \u00e8, cos\u00ec come il noleggio, indirizzata a chi ha intenzione di iniziare ad offrire servizi di crioterapia ma non ha un budget iniziale elevato.","robots":{"index":"index","follow":"follow","max-snippet":"max-snippet:-1","max-image-preview":"max-image-preview:large","max-video-preview":"max-video-preview:-1"},"canonical":"https:\/\/cryomedpro.com\/it\/cryotherapy-machine-lease\/","og_locale":"it_IT","og_type":"article","og_title":"Leasing di strumenti di crioterapia","og_description":"L\u2019opzione di leasing per le criosaune proposta da Cryomed \u00e8, cos\u00ec come il noleggio, indirizzata a chi ha intenzione di iniziare ad offrire servizi di crioterapia ma non ha un budget iniziale elevato.","og_url":"https:\/\/cryomedpro.com\/it\/cryotherapy-machine-lease\/","og_site_name":"Cryomed PRO","article_modified_time":"2019-11-28T22:25:05+00:00","og_image":[{"url":"https:\/\/cryomedpro.com\/wp-content\/uploads\/2016\/10\/heading-underline.png"}],"twitter_card":"summary_large_image","twitter_misc":{"Tempo di lettura stimato":"4 minuti"},"schema":{"@context":"https:\/\/schema.org","@graph":[{"@type":"WebPage","@id":"https:\/\/cryomedpro.com\/it\/cryotherapy-machine-lease\/","url":"https:\/\/cryomedpro.com\/it\/cryotherapy-machine-lease\/","name":"Leasing di strumenti di crioterapia","isPartOf":{"@id":"https:\/\/cryomedpro.com\/#website"},"datePublished":"2018-08-03T07:38:29+00:00","dateModified":"2019-11-28T22:25:05+00:00","description":"L\u2019opzione di leasing per le criosaune proposta da Cryomed \u00e8, cos\u00ec come il noleggio, indirizzata a chi ha intenzione di iniziare ad offrire servizi di crioterapia ma non ha un budget iniziale elevato.","breadcrumb":{"@id":"https:\/\/cryomedpro.com\/it\/cryotherapy-machine-lease\/#breadcrumb"},"inLanguage":"it-IT","potentialAction":[{"@type":"ReadAction","target":["https:\/\/cryomedpro.com\/it\/cryotherapy-machine-lease\/"]}]},{"@type":"BreadcrumbList","@id":"https:\/\/cryomedpro.com\/it\/cryotherapy-machine-lease\/#breadcrumb","itemListElement":[{"@type":"ListItem","position":1,"name":"Home","item":"https:\/\/cryomedpro.com\/it\/"},{"@type":"ListItem","position":2,"name":"Leasing di strumenti di crioterapia"}]},{"@type":"WebSite","@id":"https:\/\/cryomedpro.com\/#website","url":"https:\/\/cryomedpro.com\/","name":"Cryomed PRO","description":"Cryosaunas Worldwide","publisher":{"@id":"https:\/\/cryomedpro.com\/#\/schema\/person\/752b92c38fb6f6c5052ef7763f4d79eb"},"potentialAction":[{"@type":"SearchAction","target":{"@type":"EntryPoint","urlTemplate":"https:\/\/cryomedpro.com\/?s={search_term_string}"},"query-input":"required name=search_term_string"}],"inLanguage":"it-IT"},{"@type":["Person","Organization"],"@id":"https:\/\/cryomedpro.com\/#\/schema\/person\/752b92c38fb6f6c5052ef7763f4d79eb","name":"healthycold","image":{"@type":"ImageObject","inLanguage":"it-IT","@id":"https:\/\/cryomedpro.com\/#\/schema\/person\/image\/","url":"https:\/\/secure.gravatar.com\/avatar\/bbe2f3ec78281a56dba108d1bf0f9ffa?s=96&d=mm&r=g","contentUrl":"https:\/\/secure.gravatar.com\/avatar\/bbe2f3ec78281a56dba108d1bf0f9ffa?s=96&d=mm&r=g","caption":"healthycold"},"logo":{"@id":"https:\/\/cryomedpro.com\/#\/schema\/person\/image\/"}}]}},"_links":{"self":[{"href":"https:\/\/cryomedpro.com\/it\/wp-json\/wp\/v2\/pages\/9575"}],"collection":[{"href":"https:\/\/cryomedpro.com\/it\/wp-json\/wp\/v2\/pages"}],"about":[{"href":"https:\/\/cryomedpro.com\/it\/wp-json\/wp\/v2\/types\/page"}],"author":[{"embeddable":true,"href":"https:\/\/cryomedpro.com\/it\/wp-json\/wp\/v2\/users\/2"}],"replies":[{"embeddable":true,"href":"https:\/\/cryomedpro.com\/it\/wp-json\/wp\/v2\/comments?post=9575"}],"version-history":[{"count":0,"href":"https:\/\/cryomedpro.com\/it\/wp-json\/wp\/v2\/pages\/9575\/revisions"}],"wp:attachment":[{"href":"https:\/\/cryomedpro.com\/it\/wp-json\/wp\/v2\/media?parent=9575"}],"wp:term":[{"taxonomy":"post_tag","embeddable":true,"href":"https:\/\/cryomedpro.com\/it\/wp-json\/wp\/v2\/tags?post=9575"}],"curies":[{"name":"wp","href":"https:\/\/api.w.org\/{rel}","templated":true}]}}