{"id":9641,"date":"2018-08-03T08:52:54","date_gmt":"2018-08-03T06:52:54","guid":{"rendered":"https:\/\/cryomedpro.com\/cryotherapy-machine-rental\/"},"modified":"2019-11-28T23:25:50","modified_gmt":"2019-11-28T22:25:50","slug":"cryotherapy-machine-rental","status":"publish","type":"page","link":"https:\/\/cryomedpro.com\/it\/cryotherapy-machine-rental\/","title":{"rendered":"Noleggio di strumenti di crioterapia"},"content":{"rendered":"<p>[et_pb_section admin_label=&#8221;section&#8221; background_image=&#8221;https:\/\/cryomedpro.com\/wp-content\/uploads\/2018\/08\/cryo-back-2018-leasing.jpg&#8221; transparent_background=&#8221;off&#8221; allow_player_pause=&#8221;off&#8221; inner_shadow=&#8221;off&#8221; parallax=&#8221;off&#8221; parallax_method=&#8221;off&#8221; custom_padding=&#8221;3px|0px|4px|0px&#8221; padding_mobile=&#8221;off&#8221; make_fullwidth=&#8221;off&#8221; use_custom_width=&#8221;off&#8221; width_unit=&#8221;on&#8221; make_equal=&#8221;off&#8221; use_custom_gutter=&#8221;off&#8221; fullwidth=&#8221;off&#8221; specialty=&#8221;off&#8221; module_class=&#8221;ns-banner&#8221; disabled=&#8221;off&#8221;][et_pb_row admin_label=&#8221;row&#8221; make_fullwidth=&#8221;off&#8221; use_custom_width=&#8221;off&#8221; width_unit=&#8221;off&#8221; custom_width_px=&#8221;1080px&#8221; custom_width_percent=&#8221;80%&#8221; use_custom_gutter=&#8221;off&#8221; gutter_width=&#8221;3&#8243; custom_padding=&#8221;21px|0px|21.45px|0px&#8221; padding_mobile=&#8221;off&#8221; allow_player_pause=&#8221;off&#8221; parallax=&#8221;off&#8221; parallax_method=&#8221;on&#8221; make_equal=&#8221;off&#8221; column_padding_mobile=&#8221;on&#8221; parallax_1=&#8221;off&#8221; parallax_method_1=&#8221;on&#8221; parallax_2=&#8221;off&#8221; parallax_method_2=&#8221;on&#8221; parallax_3=&#8221;off&#8221; parallax_method_3=&#8221;on&#8221; parallax_4=&#8221;off&#8221; parallax_method_4=&#8221;on&#8221; disabled=&#8221;off&#8221;][et_pb_column type=&#8221;4_4&#8243;][et_pb_text admin_label=&#8221;Text&#8221; background_layout=&#8221;dark&#8221; text_orientation=&#8221;center&#8221; use_border_color=&#8221;off&#8221; border_style=&#8221;solid&#8221; disabled=&#8221;off&#8221; border_color=&#8221;#ffffff&#8221;]<\/p>\n<h1 style=\"text-align: center;\">Noleggio di strumenti di crioterapia<\/h1>\n<p><img decoding=\"async\" loading=\"lazy\" class=\"size-full wp-image-150 aligncenter\" src=\"\/wp-content\/uploads\/2016\/10\/heading-underline.png\" alt=\"heading-underline\" width=\"309\" height=\"12\" srcset=\"https:\/\/cryomedpro.com\/wp-content\/uploads\/2016\/10\/heading-underline.png 309w, https:\/\/cryomedpro.com\/wp-content\/uploads\/2016\/10\/heading-underline-300x12.png 300w\" sizes=\"(max-width: 309px) 100vw, 309px\" \/><\/p>\n<p>[\/et_pb_text][\/et_pb_column][\/et_pb_row][\/et_pb_section][et_pb_section admin_label=&#8221;section&#8221;][et_pb_row admin_label=&#8221;row&#8221;][et_pb_column type=&#8221;1_2&#8243;][et_pb_image admin_label=&#8221;Image&#8221; src=&#8221;https:\/\/cryomedpro.com\/wp-content\/uploads\/2018\/08\/office-1209640_640.jpg&#8221; alt=&#8221;Noleggio di strumenti di crioterapia&#8221; title_text=&#8221;Noleggio di strumenti di crioterapia&#8221; show_in_lightbox=&#8221;off&#8221; url_new_window=&#8221;off&#8221; use_overlay=&#8221;off&#8221; animation=&#8221;left&#8221; sticky=&#8221;off&#8221; align=&#8221;left&#8221; force_fullwidth=&#8221;off&#8221; always_center_on_mobile=&#8221;on&#8221; use_border_color=&#8221;off&#8221; border_color=&#8221;#ffffff&#8221; border_style=&#8221;solid&#8221;]<br \/>\n[\/et_pb_image][\/et_pb_column][et_pb_column type=&#8221;1_2&#8243;][et_pb_text admin_label=&#8221;Text&#8221; background_layout=&#8221;light&#8221; text_orientation=&#8221;left&#8221; use_border_color=&#8221;off&#8221; border_color=&#8221;#ffffff&#8221; border_style=&#8221;solid&#8221;]<\/p>\n<h2>Perch\u00e9 noleggiare una criosauna?<\/h2>\n<p>L&#8217;opzione di noleggio per le criosaune proposta da Cryomed \u00e8 indirizzata a tipologie eterogenee di clienti, come istituzioni mediche, centri benessere, palestre, centri sportivi e di riabilitazione. Cos\u00ec come il leasing, il noleggio di una criosauna ti consente di iniziare subito ad offrire servizi di crioterapia usando strumenti Cryomed senza dover pagare l&#8217;intero importo per l&#8217;acquisto del macchinario. Questa opzione offre la massima flessibilit\u00e0 nell&#8217;organizzazione del proprio modello di business e nella propria offerta di servizi di crioterapia.<\/p>\n<p>[\/et_pb_text][\/et_pb_column][\/et_pb_row][\/et_pb_section][et_pb_section admin_label=&#8221;Section&#8221; fullwidth=&#8221;off&#8221; specialty=&#8221;off&#8221;][et_pb_row admin_label=&#8221;Row&#8221;][et_pb_column type=&#8221;4_4&#8243;][et_pb_text admin_label=&#8221;Text&#8221; background_layout=&#8221;light&#8221; text_orientation=&#8221;left&#8221; use_border_color=&#8221;off&#8221; border_color=&#8221;#ffffff&#8221; border_style=&#8221;solid&#8221;]<\/p>\n<h3>Condizioni di noleggio di strumenti di crioterapia<\/h3>\n<p>Il noleggio di criosaune consente ai clienti di effettuare un deposito di 2 mesi e iniziare subito a utilizzare l&#8217;attrezzatura. Qualora le aspettative venissero soddisfatte e risultassero redditizie, l&#8217;attrezzatura pu\u00f2 essere acquistata per il prezzo originale al netto dell&#8217;ammortamento. Il pagamento di una tariffa mensile fissa per il noleggio dell&#8217;unit\u00e0 di crioterapia consente inoltre ai clienti di offrire un numero illimitato di sessioni al giorno senza doversi preoccupare di supporto, manutenzione o usura. Qualora si verificassero anomalie sulla tua criosauna, Cryomed ti fornir\u00e0 una sostituzione gratuita.<\/p>\n<p>I termini e le condizioni di base del noleggio di una criocamera sono i seguenti:<\/p>\n<ul>\n<li>2 mesi di deposito iniziale<\/li>\n<li>Impegno minimo di 100 sessioni di crioterapia al mese<\/li>\n<li>In caso si desideri acquistare l&#8217;attrezzatura noleggiata dopo un certo periodo di tempo, il costo base verr\u00e0 ricalcolato con una maggiorazione del 10% (al netto dell&#8217;ammortamento sul periodo di noleggio)<\/li>\n<\/ul>\n<p>Complessivamente, il noleggio di una criosauna \u00e8 un metodo comodo e conveniente per avviare un&#8217;attivit\u00e0 di crioterapia come servizio principale o come parte di un&#8217;offerta pi\u00f9 ampia di servizi correlati al benessere e alla salute. Le criosaune Cryomed sono certificate EU e soddisfano i pi\u00f9 elevati standard di qualit\u00e0 e sicurezza. Sono inoltre assemblate con i migliori componenti disponibili sul mercato internazionale delle apparecchiature criogeniche.<\/p>\n<p>Se sei interessato ad esplorare le opzioni relative al noleggio di una criosauna con Cryomed, non esitare a contattare il nostro ufficio vendite. Saremo lieti di rispondere a qualsiasi domanda, di saperne di pi\u00f9 sulle esigenze aziendali attuali o future e di consigliarti l&#8217;approccio ottimale per aggiungere la crioterapia alla tua offerta di servizi.<\/p>\n<p>Per visualizzare ulteriori opzioni di finanziamento per la tua attivit\u00e0 di crioterapia, visita le sezioni relative al leasing ed al trade-in degli strumenti di crioterapia e delle criosaune sul nostro sito.<\/p>\n<p>[\/et_pb_text][et_pb_button admin_label=&#8221;Button&#8221; url_new_window=&#8221;off&#8221; button_text=&#8221;RICHIEDI UN PREVENTIVO&#8221; button_alignment=&#8221;left&#8221; background_layout=&#8221;light&#8221; custom_button=&#8221;off&#8221; button_letter_spacing=&#8221;0&#8243; button_use_icon=&#8221;default&#8221; button_icon_placement=&#8221;right&#8221; button_on_hover=&#8221;on&#8221; button_letter_spacing_hover=&#8221;0&#8243; module_class=&#8221;popmake-contact-form-it&#8221;] [\/et_pb_button][\/et_pb_column][\/et_pb_row][\/et_pb_section]<\/p>\n","protected":false},"excerpt":{"rendered":"<p>[et_pb_section admin_label=&#8221;section&#8221; background_image=&#8221;https:\/\/cryomedpro.com\/wp-content\/uploads\/2018\/08\/cryo-back-2018-leasing.jpg&#8221; transparent_background=&#8221;off&#8221; allow_player_pause=&#8221;off&#8221; inner_shadow=&#8221;off&#8221; parallax=&#8221;off&#8221; parallax_method=&#8221;off&#8221; custom_padding=&#8221;3px|0px|4px|0px&#8221; padding_mobile=&#8221;off&#8221; make_fullwidth=&#8221;off&#8221; use_custom_width=&#8221;off&#8221; width_unit=&#8221;on&#8221; make_equal=&#8221;off&#8221; use_custom_gutter=&#8221;off&#8221; fullwidth=&#8221;off&#8221; specialty=&#8221;off&#8221; module_class=&#8221;ns-banner&#8221; disabled=&#8221;off&#8221;][et_pb_row admin_label=&#8221;row&#8221; make_fullwidth=&#8221;off&#8221; use_custom_width=&#8221;off&#8221; width_unit=&#8221;off&#8221; custom_width_px=&#8221;1080px&#8221; custom_width_percent=&#8221;80%&#8221; use_custom_gutter=&#8221;off&#8221; gutter_width=&#8221;3&#8243; custom_padding=&#8221;21px|0px|21.45px|0px&#8221; padding_mobile=&#8221;off&#8221; allow_player_pause=&#8221;off&#8221; parallax=&#8221;off&#8221; parallax_method=&#8221;on&#8221; make_equal=&#8221;off&#8221; column_padding_mobile=&#8221;on&#8221; parallax_1=&#8221;off&#8221; parallax_method_1=&#8221;on&#8221; parallax_2=&#8221;off&#8221; parallax_method_2=&#8221;on&#8221; parallax_3=&#8221;off&#8221; parallax_method_3=&#8221;on&#8221; parallax_4=&#8221;off&#8221; parallax_method_4=&#8221;on&#8221; disabled=&#8221;off&#8221;][et_pb_column type=&#8221;4_4&#8243;][et_pb_text admin_label=&#8221;Text&#8221; background_layout=&#8221;dark&#8221; text_orientation=&#8221;center&#8221; use_border_color=&#8221;off&#8221; border_style=&#8221;solid&#8221; disabled=&#8221;off&#8221; border_color=&#8221;#ffffff&#8221;] Noleggio di strumenti di [&hellip;]<\/p>\n","protected":false},"author":2,"featured_media":0,"parent":0,"menu_order":0,"comment_status":"closed","ping_status":"closed","template":"","meta":[],"tags":[],"yoast_head":"<!-- This site is optimized with the Yoast SEO plugin v20.0 - https:\/\/yoast.com\/wordpress\/plugins\/seo\/ -->\n<title>Noleggio di strumenti di crioterapia<\/title>\n<meta name=\"description\" content=\"L\u2019opzione di noleggio per le criosaune proposta da Cryomed \u00e8 indirizzata a tipologie eterogenee di clienti, come istituzioni mediche, centri benessere, palestre, centri sportivi e di riabilitazione.\" \/>\n<meta name=\"robots\" content=\"index, follow, max-snippet:-1, max-image-preview:large, max-video-preview:-1\" \/>\n<link rel=\"canonical\" href=\"https:\/\/cryomedpro.com\/it\/cryotherapy-machine-rental\/\" \/>\n<meta property=\"og:locale\" content=\"it_IT\" \/>\n<meta property=\"og:type\" content=\"article\" \/>\n<meta property=\"og:title\" content=\"Noleggio di strumenti di crioterapia\" \/>\n<meta property=\"og:description\" content=\"L\u2019opzione di noleggio per le criosaune proposta da Cryomed \u00e8 indirizzata a tipologie eterogenee di clienti, come istituzioni mediche, centri benessere, palestre, centri sportivi e di riabilitazione.\" \/>\n<meta property=\"og:url\" content=\"https:\/\/cryomedpro.com\/it\/cryotherapy-machine-rental\/\" \/>\n<meta property=\"og:site_name\" content=\"Cryomed PRO\" \/>\n<meta property=\"article:modified_time\" content=\"2019-11-28T22:25:50+00:00\" \/>\n<meta property=\"og:image\" content=\"https:\/\/cryomedpro.com\/wp-content\/uploads\/2016\/10\/heading-underline.png\" \/>\n<meta name=\"twitter:card\" content=\"summary_large_image\" \/>\n<meta name=\"twitter:label1\" content=\"Tempo di lettura stimato\" \/>\n\t<meta name=\"twitter:data1\" content=\"4 minuti\" \/>\n<!-- \/ Yoast SEO plugin. -->","yoast_head_json":{"title":"Noleggio di strumenti di crioterapia","description":"L\u2019opzione di noleggio per le criosaune proposta da Cryomed \u00e8 indirizzata a tipologie eterogenee di clienti, come istituzioni mediche, centri benessere, palestre, centri sportivi e di riabilitazione.","robots":{"index":"index","follow":"follow","max-snippet":"max-snippet:-1","max-image-preview":"max-image-preview:large","max-video-preview":"max-video-preview:-1"},"canonical":"https:\/\/cryomedpro.com\/it\/cryotherapy-machine-rental\/","og_locale":"it_IT","og_type":"article","og_title":"Noleggio di strumenti di crioterapia","og_description":"L\u2019opzione di noleggio per le criosaune proposta da Cryomed \u00e8 indirizzata a tipologie eterogenee di clienti, come istituzioni mediche, centri benessere, palestre, centri sportivi e di riabilitazione.","og_url":"https:\/\/cryomedpro.com\/it\/cryotherapy-machine-rental\/","og_site_name":"Cryomed PRO","article_modified_time":"2019-11-28T22:25:50+00:00","og_image":[{"url":"https:\/\/cryomedpro.com\/wp-content\/uploads\/2016\/10\/heading-underline.png"}],"twitter_card":"summary_large_image","twitter_misc":{"Tempo di lettura stimato":"4 minuti"},"schema":{"@context":"https:\/\/schema.org","@graph":[{"@type":"WebPage","@id":"https:\/\/cryomedpro.com\/it\/cryotherapy-machine-rental\/","url":"https:\/\/cryomedpro.com\/it\/cryotherapy-machine-rental\/","name":"Noleggio di strumenti di crioterapia","isPartOf":{"@id":"https:\/\/cryomedpro.com\/#website"},"datePublished":"2018-08-03T06:52:54+00:00","dateModified":"2019-11-28T22:25:50+00:00","description":"L\u2019opzione di noleggio per le criosaune proposta da Cryomed \u00e8 indirizzata a tipologie eterogenee di clienti, come istituzioni mediche, centri benessere, palestre, centri sportivi e di riabilitazione.","breadcrumb":{"@id":"https:\/\/cryomedpro.com\/it\/cryotherapy-machine-rental\/#breadcrumb"},"inLanguage":"it-IT","potentialAction":[{"@type":"ReadAction","target":["https:\/\/cryomedpro.com\/it\/cryotherapy-machine-rental\/"]}]},{"@type":"BreadcrumbList","@id":"https:\/\/cryomedpro.com\/it\/cryotherapy-machine-rental\/#breadcrumb","itemListElement":[{"@type":"ListItem","position":1,"name":"Home","item":"https:\/\/cryomedpro.com\/it\/"},{"@type":"ListItem","position":2,"name":"Noleggio di strumenti di crioterapia"}]},{"@type":"WebSite","@id":"https:\/\/cryomedpro.com\/#website","url":"https:\/\/cryomedpro.com\/","name":"Cryomed PRO","description":"Cryosaunas Worldwide","publisher":{"@id":"https:\/\/cryomedpro.com\/#\/schema\/person\/752b92c38fb6f6c5052ef7763f4d79eb"},"potentialAction":[{"@type":"SearchAction","target":{"@type":"EntryPoint","urlTemplate":"https:\/\/cryomedpro.com\/?s={search_term_string}"},"query-input":"required name=search_term_string"}],"inLanguage":"it-IT"},{"@type":["Person","Organization"],"@id":"https:\/\/cryomedpro.com\/#\/schema\/person\/752b92c38fb6f6c5052ef7763f4d79eb","name":"healthycold","image":{"@type":"ImageObject","inLanguage":"it-IT","@id":"https:\/\/cryomedpro.com\/#\/schema\/person\/image\/","url":"https:\/\/secure.gravatar.com\/avatar\/bbe2f3ec78281a56dba108d1bf0f9ffa?s=96&d=mm&r=g","contentUrl":"https:\/\/secure.gravatar.com\/avatar\/bbe2f3ec78281a56dba108d1bf0f9ffa?s=96&d=mm&r=g","caption":"healthycold"},"logo":{"@id":"https:\/\/cryomedpro.com\/#\/schema\/person\/image\/"}}]}},"_links":{"self":[{"href":"https:\/\/cryomedpro.com\/it\/wp-json\/wp\/v2\/pages\/9641"}],"collection":[{"href":"https:\/\/cryomedpro.com\/it\/wp-json\/wp\/v2\/pages"}],"about":[{"href":"https:\/\/cryomedpro.com\/it\/wp-json\/wp\/v2\/types\/page"}],"author":[{"embeddable":true,"href":"https:\/\/cryomedpro.com\/it\/wp-json\/wp\/v2\/users\/2"}],"replies":[{"embeddable":true,"href":"https:\/\/cryomedpro.com\/it\/wp-json\/wp\/v2\/comments?post=9641"}],"version-history":[{"count":0,"href":"https:\/\/cryomedpro.com\/it\/wp-json\/wp\/v2\/pages\/9641\/revisions"}],"wp:attachment":[{"href":"https:\/\/cryomedpro.com\/it\/wp-json\/wp\/v2\/media?parent=9641"}],"wp:term":[{"taxonomy":"post_tag","embeddable":true,"href":"https:\/\/cryomedpro.com\/it\/wp-json\/wp\/v2\/tags?post=9641"}],"curies":[{"name":"wp","href":"https:\/\/api.w.org\/{rel}","templated":true}]}}