{"id":12242,"date":"2016-10-26T11:58:50","date_gmt":"2016-10-26T09:58:50","guid":{"rendered":"https:\/\/cryomedpro.com\/contacts\/"},"modified":"2026-02-18T18:29:08","modified_gmt":"2026-02-18T17:29:08","slug":"contacts","status":"publish","type":"page","link":"https:\/\/cryomedpro.com\/nb\/contacts\/","title":{"rendered":"Kontakter"},"content":{"rendered":"<p>[et_pb_section admin_label=&raquo;section&raquo; background_image=&raquo;https:\/\/cryomedpro.com\/wp-content\/uploads\/2016\/12\/penguins2.jpg&raquo; transparent_background=&raquo;off&raquo; allow_player_pause=&raquo;off&raquo; inner_shadow=&raquo;off&raquo; parallax=&raquo;off&raquo; parallax_method=&raquo;off&raquo; custom_padding=&raquo;0px|0px|2px|0px&raquo; padding_mobile=&raquo;off&raquo; make_fullwidth=&raquo;off&raquo; use_custom_width=&raquo;off&raquo; width_unit=&raquo;on&raquo; custom_width_px=&raquo;1080px&raquo; custom_width_percent=&raquo;80%&raquo; make_equal=&raquo;off&raquo; use_custom_gutter=&raquo;off&raquo; fullwidth=&raquo;off&raquo; specialty=&raquo;off&raquo; module_class=&raquo;ns-banner&raquo; disabled=&raquo;off&raquo;][et_pb_row admin_label=&raquo;row&raquo; make_fullwidth=&raquo;off&raquo; use_custom_width=&raquo;off&raquo; width_unit=&raquo;off&raquo; custom_width_px=&raquo;1080px&raquo; custom_width_percent=&raquo;80%&raquo; use_custom_gutter=&raquo;off&raquo; gutter_width=&raquo;3&#8243; custom_padding=&raquo;21.45px|0px|21px|0px&raquo; padding_mobile=&raquo;off&raquo; allow_player_pause=&raquo;off&raquo; parallax=&raquo;off&raquo; parallax_method=&raquo;on&raquo; make_equal=&raquo;off&raquo; column_padding_mobile=&raquo;on&raquo; parallax_1=&raquo;off&raquo; parallax_method_1=&raquo;on&raquo; parallax_2=&raquo;off&raquo; parallax_method_2=&raquo;on&raquo; parallax_3=&raquo;off&raquo; parallax_method_3=&raquo;on&raquo; parallax_4=&raquo;off&raquo; parallax_method_4=&raquo;on&raquo; disabled=&raquo;off&raquo;][et_pb_column type=&raquo;4_4&#8243;][et_pb_text admin_label=&raquo;Text&raquo; background_layout=&raquo;dark&raquo; text_orientation=&raquo;center&raquo; use_border_color=&raquo;off&raquo; border_style=&raquo;solid&raquo; disabled=&raquo;off&raquo; border_color=&raquo;#ffffff&raquo;]<\/p>\n<h1 style=\"text-align: center;\">Kontakter<\/h1>\n<p><img decoding=\"async\" loading=\"lazy\" class=\"size-full wp-image-150 aligncenter\" src=\"..\/wp-content\/uploads\/2016\/10\/heading-underline.png\" alt=\"heading-underline\" width=\"309\" height=\"12\" srcset=\"https:\/\/cryomedpro.com\/wp-content\/uploads\/2016\/10\/heading-underline.png 309w, https:\/\/cryomedpro.com\/wp-content\/uploads\/2016\/10\/heading-underline-300x12.png 300w\" sizes=\"(max-width: 309px) 100vw, 309px\" \/><\/p>\n<p>[\/et_pb_text][\/et_pb_column][\/et_pb_row][\/et_pb_section][et_pb_section admin_label=&raquo;Section&raquo; fullwidth=&raquo;off&raquo; specialty=&raquo;off&raquo; transparent_background=&raquo;off&raquo; allow_player_pause=&raquo;off&raquo; inner_shadow=&raquo;off&raquo; parallax=&raquo;off&raquo; parallax_method=&raquo;off&raquo; custom_padding=&raquo;15px|0px|0px|0px&raquo; padding_mobile=&raquo;off&raquo; make_fullwidth=&raquo;off&raquo; use_custom_width=&raquo;off&raquo; width_unit=&raquo;on&raquo; make_equal=&raquo;off&raquo; use_custom_gutter=&raquo;off&raquo;][et_pb_row admin_label=&raquo;Row&raquo; make_fullwidth=&raquo;off&raquo; use_custom_width=&raquo;off&raquo; width_unit=&raquo;on&raquo; use_custom_gutter=&raquo;off&raquo; padding_mobile=&raquo;off&raquo; allow_player_pause=&raquo;off&raquo; parallax=&raquo;off&raquo; parallax_method=&raquo;off&raquo; make_equal=&raquo;off&raquo; parallax_1=&raquo;off&raquo; parallax_method_1=&raquo;off&raquo; column_padding_mobile=&raquo;on&raquo; custom_padding=&raquo;0px|0px|0px|0px&raquo;][et_pb_column type=&raquo;4_4&#8243;][et_pb_code admin_label=&raquo;Code&raquo;]\tCryo\n<span><span><a href=\"https:\/\/cryomedpro.com\/nb\/\">Home<\/a><\/span><\/span>[\/et_pb_code][\/et_pb_column][\/et_pb_row][\/et_pb_section][et_pb_section admin_label=&raquo;Section&raquo; transparent_background=&raquo;off&raquo; allow_player_pause=&raquo;off&raquo; inner_shadow=&raquo;off&raquo; parallax=&raquo;off&raquo; parallax_method=&raquo;off&raquo; padding_mobile=&raquo;off&raquo; make_fullwidth=&raquo;off&raquo; use_custom_width=&raquo;off&raquo; width_unit=&raquo;on&raquo; custom_width_px=&raquo;1080px&raquo; custom_width_percent=&raquo;80%&raquo; make_equal=&raquo;off&raquo; use_custom_gutter=&raquo;off&raquo; fullwidth=&raquo;off&raquo; specialty=&raquo;off&raquo; module_class=&raquo;ns-contact&raquo; disabled=&raquo;off&raquo;][et_pb_row admin_label=&raquo;Row&raquo; make_fullwidth=&raquo;off&raquo; use_custom_width=&raquo;off&raquo; width_unit=&raquo;on&raquo; custom_width_px=&raquo;1080px&raquo; custom_width_percent=&raquo;80%&raquo; use_custom_gutter=&raquo;off&raquo; gutter_width=&raquo;3&#8243; custom_padding_phone=&raquo;0px||0px|&raquo; padding_mobile=&raquo;off&raquo; allow_player_pause=&raquo;off&raquo; parallax=&raquo;off&raquo; parallax_method=&raquo;off&raquo; make_equal=&raquo;off&raquo; column_padding_mobile=&raquo;on&raquo; parallax_1=&raquo;off&raquo; parallax_method_1=&raquo;off&raquo; parallax_2=&raquo;off&raquo; parallax_method_2=&raquo;on&raquo; parallax_3=&raquo;off&raquo; parallax_method_3=&raquo;on&raquo; parallax_4=&raquo;off&raquo; parallax_method_4=&raquo;on&raquo; disabled=&raquo;off&raquo;][et_pb_column type=&raquo;4_4&#8243;][et_pb_text admin_label=&raquo;Text&raquo; background_layout=&raquo;light&raquo; text_orientation=&raquo;left&raquo; use_border_color=&raquo;off&raquo; border_style=&raquo;solid&raquo; disabled=&raquo;off&raquo; border_color=&raquo;#ffffff&raquo;]<\/p>\n<h2>Cryomed \u2014 fremst i verden innen helkroppskryoterapi<\/h2>\n<p>Cryomed Manufacture s.r.o.<br \/>\nFirmaets registreringsnummer: 52095983<br \/>\nMVA skattyters nummer: SK2120903598<\/p>\n<p>[\/et_pb_text][\/et_pb_column][\/et_pb_row][et_pb_row admin_label=&raquo;Row&raquo; make_fullwidth=&raquo;off&raquo; use_custom_width=&raquo;off&raquo; width_unit=&raquo;off&raquo; custom_width_px=&raquo;1080px&raquo; custom_width_percent=&raquo;80%&raquo; use_custom_gutter=&raquo;off&raquo; gutter_width=&raquo;3&#8243; padding_mobile=&raquo;off&raquo; allow_player_pause=&raquo;off&raquo; parallax=&raquo;off&raquo; parallax_method=&raquo;on&raquo; make_equal=&raquo;off&raquo; column_padding_mobile=&raquo;on&raquo; parallax_1=&raquo;off&raquo; parallax_method_1=&raquo;on&raquo; parallax_2=&raquo;off&raquo; parallax_method_2=&raquo;on&raquo; parallax_3=&raquo;off&raquo; parallax_method_3=&raquo;on&raquo; parallax_4=&raquo;off&raquo; parallax_method_4=&raquo;on&raquo; disabled=&raquo;off&raquo;][et_pb_column type=&raquo;1_4&#8243;][et_pb_text admin_label=&raquo;Text&raquo; background_layout=&raquo;light&raquo; text_orientation=&raquo;left&raquo; use_border_color=&raquo;off&raquo; border_style=&raquo;solid&raquo; disabled=&raquo;off&raquo; border_color=&raquo;#ffffff&raquo;]<\/p>\n<p><strong style=\"background-color: #ffffff; font-size: 16px;\">V\u00e5r adresse<\/strong><\/p>\n<div>Cyrila Min\u00e1rika Square, 24, 941 44 Hul<br \/>\nSlovakia<\/div>\n<p>[\/et_pb_text][\/et_pb_column][et_pb_column type=&raquo;1_4&#8243;][et_pb_text admin_label=&raquo;Text&raquo; background_layout=&raquo;light&raquo; text_orientation=&raquo;left&raquo; use_border_color=&raquo;off&raquo; border_style=&raquo;solid&raquo; disabled=&raquo;off&raquo; border_color=&raquo;#ffffff&raquo;]<\/p>\n<p><strong>Kontakt oss<\/strong><br \/>\nMandag \u2013 Fredag (7:00 &#8211; 15:30, UTC+01:00)<br \/>\n<span class=\"ns-contact-phone\" style=\"font-size: large;\">+ 421 918 250 160<\/span><\/p>\n<p>[\/et_pb_text][\/et_pb_column][et_pb_column type=&raquo;1_2&#8243;][et_pb_text admin_label=&raquo;Text&raquo; background_layout=&raquo;light&raquo; text_orientation=&raquo;left&raquo; use_border_color=&raquo;off&raquo; border_style=&raquo;solid&raquo; disabled=&raquo;off&raquo; border_color=&raquo;#ffffff&raquo;]<\/p>\n<p><span style=\"color: #000000;\"><b>Tilgjengelig 24 timer i d\u00f8gnet<\/b><\/span><\/p>\n<p>Send opp e-post p\u00e5:<br \/>\n<a class=\"ns-contact-email\" href=\"mailto:in**@*****ed.pro\" data-original-string=\"Dljvlc139F+uNts2I952xg==cae5sPT4PePSEBKRcNkk8Tv628H5S+p76zYW3Gnd1ru5U4=\" title=\"This contact has been encoded by Anti-Spam by CleanTalk. Click to decode. To finish the decoding make sure that JavaScript is enabled in your browser.\"><span \n                data-original-string='wSSvEwaHQbSCNXectqz7eQ==cae\/EwjIuEvWf1+fogx59xWDGYJvkcFogoHOsLtu\/1PLrM='\n                class='apbct-email-encoder'\n                title='This contact has been encoded by Anti-Spam by CleanTalk. Click to decode. To finish the decoding make sure that JavaScript is enabled in your browser.'>in<span class=\"apbct-blur\">**<\/span>@<span class=\"apbct-blur\">*****<\/span>ed.pro<\/span><\/a><\/p>\n<p><a href=\"https:\/\/www.facebook.com\/CryomedLtd\/\" target=\"_blank\" rel=\"noopener noreferrer\"><img decoding=\"async\" loading=\"lazy\" src=\"https:\/\/cryomedpro.com\/wp-content\/uploads\/2016\/10\/facebook-1.jpg\" alt=\"\" width=\"150\" height=\"61\"><\/a><\/p>\n<p>[\/et_pb_text][\/et_pb_column][\/et_pb_row][et_pb_row admin_label=&raquo;Row&raquo; make_fullwidth=&raquo;off&raquo; use_custom_width=&raquo;off&raquo; width_unit=&raquo;off&raquo; custom_width_px=&raquo;1080px&raquo; custom_width_percent=&raquo;80%&raquo; use_custom_gutter=&raquo;off&raquo; gutter_width=&raquo;3&#8243; padding_mobile=&raquo;off&raquo; allow_player_pause=&raquo;off&raquo; parallax=&raquo;off&raquo; parallax_method=&raquo;on&raquo; make_equal=&raquo;off&raquo; column_padding_mobile=&raquo;on&raquo; parallax_1=&raquo;off&raquo; parallax_method_1=&raquo;on&raquo; parallax_2=&raquo;off&raquo; parallax_method_2=&raquo;on&raquo; parallax_3=&raquo;off&raquo; parallax_method_3=&raquo;on&raquo; parallax_4=&raquo;off&raquo; parallax_method_4=&raquo;on&raquo; disabled=&raquo;off&raquo;][et_pb_column type=&raquo;4_4&#8243;][et_pb_map admin_label=&raquo;Map&raquo; address=&raquo;Budovate\u013esk\u00e1 4854\/7, 940 02 Nov\u00e9 Z\u00e1mky-Doln\u00e1 kapsa, Slovensko&raquo; zoom_level=&raquo;15&#8243; address_lat=&raquo;47.9793452&#8243; address_lng=&raquo;18.18741829999999&#8243; mouse_wheel=&raquo;on&raquo; mobile_dragging=&raquo;on&raquo; use_grayscale_filter=&raquo;off&raquo; disabled=&raquo;off&raquo;]<\/p>\n<p>[et_pb_map_pin title=&raquo;Budovate\u013esk\u00e1 7&#8243; pin_address=&raquo;Budovate\u013esk\u00e1 4854\/7, 940 02 Nov\u00e9 Z\u00e1mky-Doln\u00e1 kapsa, Slovensko&raquo; pin_address_lat=&raquo;47.9793452&#8243; pin_address_lng=&raquo;18.18741829999999&#8243; disabled=&raquo;off&raquo;][\/et_pb_map_pin]<\/p>\n<p>[\/et_pb_map][\/et_pb_column][\/et_pb_row][et_pb_row admin_label=&raquo;Row&raquo; make_fullwidth=&raquo;off&raquo; use_custom_width=&raquo;off&raquo; width_unit=&raquo;on&raquo; custom_width_px=&raquo;1080px&raquo; custom_width_percent=&raquo;80%&raquo; use_custom_gutter=&raquo;off&raquo; gutter_width=&raquo;3&#8243; padding_mobile=&raquo;off&raquo; custom_margin=&raquo;120px||120px|&raquo; background_color=&raquo;#00c4d9&#8243; allow_player_pause=&raquo;off&raquo; parallax=&raquo;off&raquo; parallax_method=&raquo;off&raquo; make_equal=&raquo;off&raquo; column_padding_mobile=&raquo;on&raquo; parallax_1=&raquo;off&raquo; parallax_method_1=&raquo;off&raquo; parallax_2=&raquo;off&raquo; parallax_method_2=&raquo;off&raquo; parallax_3=&raquo;off&raquo; parallax_method_3=&raquo;on&raquo; parallax_4=&raquo;off&raquo; parallax_method_4=&raquo;on&raquo; disabled=&raquo;off&raquo;][et_pb_column type=&raquo;2_3&#8243;][et_pb_text admin_label=&raquo;Text&raquo; background_layout=&raquo;dark&raquo; text_orientation=&raquo;left&raquo; use_border_color=&raquo;off&raquo; border_style=&raquo;solid&raquo; disabled=&raquo;off&raquo; border_color=&raquo;#ffffff&raquo;]<\/p>\n<p><img decoding=\"async\" loading=\"lazy\" class=\"alignleft size-full wp-image-184 ns-contact-product\" src=\"https:\/\/cryomedpro.com\/wp-content\/uploads\/2016\/12\/cryo-2-fixed-200.png\" alt=\"contact-product\" width=\"200\" height=\"287\" \/><\/p>\n<p class=\"ns-hide-on-mobile\" style=\"text-align: right;\">Cryosauna for helse og velv\u00e6re<\/p>\n<p>[\/et_pb_text][\/et_pb_column][et_pb_column type=&raquo;1_3&#8243;][et_pb_button admin_label=&raquo;Button&raquo; url_new_window=&raquo;off&raquo; button_text=&raquo;BE OM EN PRIS&raquo; button_alignment=&raquo;center&raquo; background_layout=&raquo;dark&raquo; module_class=&raquo;popmake-contact-form-nb&raquo; custom_button=&raquo;on&raquo; button_text_size=&raquo;15&#8243; button_text_color=&raquo;#ffffff&raquo; button_bg_color=&raquo;#8fd400&#8243; button_border_width=&raquo;0&#8243; button_letter_spacing=&raquo;0&#8243; button_use_icon=&raquo;off&raquo; button_icon_placement=&raquo;right&raquo; button_on_hover=&raquo;on&raquo; button_bg_color_hover=&raquo;#b0d369&#8243; button_letter_spacing_hover=&raquo;0&#8243; disabled=&raquo;off&raquo; saved_tabs=&raquo;all&raquo;]<\/p>\n<p>[\/et_pb_button][\/et_pb_column][\/et_pb_row][\/et_pb_section]<\/p>\n","protected":false},"excerpt":{"rendered":"<p>[et_pb_section admin_label=&raquo;section&raquo; background_image=&raquo;https:\/\/cryomedpro.com\/wp-content\/uploads\/2016\/12\/penguins2.jpg&raquo; transparent_background=&raquo;off&raquo; allow_player_pause=&raquo;off&raquo; inner_shadow=&raquo;off&raquo; parallax=&raquo;off&raquo; parallax_method=&raquo;off&raquo; custom_padding=&raquo;0px|0px|2px|0px&raquo; padding_mobile=&raquo;off&raquo; make_fullwidth=&raquo;off&raquo; use_custom_width=&raquo;off&raquo; width_unit=&raquo;on&raquo; custom_width_px=&raquo;1080px&raquo; custom_width_percent=&raquo;80%&raquo; make_equal=&raquo;off&raquo; use_custom_gutter=&raquo;off&raquo; fullwidth=&raquo;off&raquo; specialty=&raquo;off&raquo; module_class=&raquo;ns-banner&raquo; disabled=&raquo;off&raquo;][et_pb_row admin_label=&raquo;row&raquo; make_fullwidth=&raquo;off&raquo; use_custom_width=&raquo;off&raquo; width_unit=&raquo;off&raquo; custom_width_px=&raquo;1080px&raquo; custom_width_percent=&raquo;80%&raquo; use_custom_gutter=&raquo;off&raquo; gutter_width=&raquo;3&#8243; custom_padding=&raquo;21.45px|0px|21px|0px&raquo; padding_mobile=&raquo;off&raquo; allow_player_pause=&raquo;off&raquo; parallax=&raquo;off&raquo; parallax_method=&raquo;on&raquo; make_equal=&raquo;off&raquo; column_padding_mobile=&raquo;on&raquo; parallax_1=&raquo;off&raquo; parallax_method_1=&raquo;on&raquo; parallax_2=&raquo;off&raquo; parallax_method_2=&raquo;on&raquo; parallax_3=&raquo;off&raquo; parallax_method_3=&raquo;on&raquo; parallax_4=&raquo;off&raquo; parallax_method_4=&raquo;on&raquo; disabled=&raquo;off&raquo;][et_pb_column type=&raquo;4_4&#8243;][et_pb_text admin_label=&raquo;Text&raquo; background_layout=&raquo;dark&raquo; text_orientation=&raquo;center&raquo; use_border_color=&raquo;off&raquo; border_style=&raquo;solid&raquo; disabled=&raquo;off&raquo; border_color=&raquo;#ffffff&raquo;] Kontakter [\/et_pb_text][\/et_pb_column][\/et_pb_row][\/et_pb_section][et_pb_section [&hellip;]<\/p>\n","protected":false},"author":1,"featured_media":0,"parent":0,"menu_order":0,"comment_status":"closed","ping_status":"closed","template":"","meta":[],"tags":[],"yoast_head":"<!-- This site is optimized with the Yoast SEO plugin v20.0 - https:\/\/yoast.com\/wordpress\/plugins\/seo\/ -->\n<title>Kontakter<\/title>\n<meta name=\"description\" content=\"Cryomed s.r.o. \u2014 fremst i verden innen helkroppskryoterapi\" \/>\n<meta name=\"robots\" content=\"index, follow, max-snippet:-1, max-image-preview:large, max-video-preview:-1\" \/>\n<link rel=\"canonical\" href=\"https:\/\/cryomedpro.com\/nb\/contacts\/\" \/>\n<meta property=\"og:locale\" content=\"nb_NO\" \/>\n<meta property=\"og:type\" content=\"article\" \/>\n<meta property=\"og:title\" content=\"Kontakter\" \/>\n<meta property=\"og:description\" content=\"Cryomed s.r.o. \u2014 fremst i verden innen helkroppskryoterapi\" \/>\n<meta property=\"og:url\" content=\"https:\/\/cryomedpro.com\/nb\/contacts\/\" \/>\n<meta property=\"og:site_name\" content=\"Cryomed PRO\" \/>\n<meta property=\"article:modified_time\" content=\"2026-02-18T17:29:08+00:00\" \/>\n<meta property=\"og:image\" content=\"https:\/\/cryomedpro.com\/wp-content\/uploads\/2016\/10\/facebook-1.jpg\" \/>\n<meta name=\"twitter:card\" content=\"summary_large_image\" \/>\n<meta name=\"twitter:label1\" content=\"Ansl. lesetid\" \/>\n\t<meta name=\"twitter:data1\" content=\"3 minutter\" \/>\n<!-- \/ Yoast SEO plugin. -->","yoast_head_json":{"title":"Kontakter","description":"Cryomed s.r.o. \u2014 fremst i verden innen helkroppskryoterapi","robots":{"index":"index","follow":"follow","max-snippet":"max-snippet:-1","max-image-preview":"max-image-preview:large","max-video-preview":"max-video-preview:-1"},"canonical":"https:\/\/cryomedpro.com\/nb\/contacts\/","og_locale":"nb_NO","og_type":"article","og_title":"Kontakter","og_description":"Cryomed s.r.o. \u2014 fremst i verden innen helkroppskryoterapi","og_url":"https:\/\/cryomedpro.com\/nb\/contacts\/","og_site_name":"Cryomed PRO","article_modified_time":"2026-02-18T17:29:08+00:00","og_image":[{"url":"https:\/\/cryomedpro.com\/wp-content\/uploads\/2016\/10\/facebook-1.jpg"}],"twitter_card":"summary_large_image","twitter_misc":{"Ansl. lesetid":"3 minutter"},"schema":{"@context":"https:\/\/schema.org","@graph":[{"@type":"WebPage","@id":"https:\/\/cryomedpro.com\/nb\/contacts\/","url":"https:\/\/cryomedpro.com\/nb\/contacts\/","name":"Kontakter","isPartOf":{"@id":"https:\/\/cryomedpro.com\/#website"},"datePublished":"2016-10-26T09:58:50+00:00","dateModified":"2026-02-18T17:29:08+00:00","description":"Cryomed s.r.o. \u2014 fremst i verden innen helkroppskryoterapi","breadcrumb":{"@id":"https:\/\/cryomedpro.com\/nb\/contacts\/#breadcrumb"},"inLanguage":"nb-NO","potentialAction":[{"@type":"ReadAction","target":["https:\/\/cryomedpro.com\/nb\/contacts\/"]}]},{"@type":"BreadcrumbList","@id":"https:\/\/cryomedpro.com\/nb\/contacts\/#breadcrumb","itemListElement":[{"@type":"ListItem","position":1,"name":"Home","item":"https:\/\/cryomedpro.com\/nb\/"},{"@type":"ListItem","position":2,"name":"Kontakter"}]},{"@type":"WebSite","@id":"https:\/\/cryomedpro.com\/#website","url":"https:\/\/cryomedpro.com\/","name":"Cryomed PRO","description":"Cryosaunas Worldwide","publisher":{"@id":"https:\/\/cryomedpro.com\/#\/schema\/person\/752b92c38fb6f6c5052ef7763f4d79eb"},"potentialAction":[{"@type":"SearchAction","target":{"@type":"EntryPoint","urlTemplate":"https:\/\/cryomedpro.com\/?s={search_term_string}"},"query-input":"required name=search_term_string"}],"inLanguage":"nb-NO"},{"@type":["Person","Organization"],"@id":"https:\/\/cryomedpro.com\/#\/schema\/person\/752b92c38fb6f6c5052ef7763f4d79eb","name":"healthycold","image":{"@type":"ImageObject","inLanguage":"nb-NO","@id":"https:\/\/cryomedpro.com\/#\/schema\/person\/image\/","url":"https:\/\/secure.gravatar.com\/avatar\/bbe2f3ec78281a56dba108d1bf0f9ffa?s=96&d=mm&r=g","contentUrl":"https:\/\/secure.gravatar.com\/avatar\/bbe2f3ec78281a56dba108d1bf0f9ffa?s=96&d=mm&r=g","caption":"healthycold"},"logo":{"@id":"https:\/\/cryomedpro.com\/#\/schema\/person\/image\/"}}]}},"_links":{"self":[{"href":"https:\/\/cryomedpro.com\/nb\/wp-json\/wp\/v2\/pages\/12242"}],"collection":[{"href":"https:\/\/cryomedpro.com\/nb\/wp-json\/wp\/v2\/pages"}],"about":[{"href":"https:\/\/cryomedpro.com\/nb\/wp-json\/wp\/v2\/types\/page"}],"author":[{"embeddable":true,"href":"https:\/\/cryomedpro.com\/nb\/wp-json\/wp\/v2\/users\/1"}],"replies":[{"embeddable":true,"href":"https:\/\/cryomedpro.com\/nb\/wp-json\/wp\/v2\/comments?post=12242"}],"version-history":[{"count":2,"href":"https:\/\/cryomedpro.com\/nb\/wp-json\/wp\/v2\/pages\/12242\/revisions"}],"predecessor-version":[{"id":89778,"href":"https:\/\/cryomedpro.com\/nb\/wp-json\/wp\/v2\/pages\/12242\/revisions\/89778"}],"wp:attachment":[{"href":"https:\/\/cryomedpro.com\/nb\/wp-json\/wp\/v2\/media?parent=12242"}],"wp:term":[{"taxonomy":"post_tag","embeddable":true,"href":"https:\/\/cryomedpro.com\/nb\/wp-json\/wp\/v2\/tags?post=12242"}],"curies":[{"name":"wp","href":"https:\/\/api.w.org\/{rel}","templated":true}]}}