{"id":12380,"date":"2017-11-21T13:04:23","date_gmt":"2017-11-21T12:04:23","guid":{"rendered":"https:\/\/cryomedpro.com\/dewar-vessels\/"},"modified":"2019-11-30T10:10:38","modified_gmt":"2019-11-30T09:10:38","slug":"dewar-vessels","status":"publish","type":"page","link":"https:\/\/cryomedpro.com\/nb\/dewar-vessels\/","title":{"rendered":"Dewar-flasker"},"content":{"rendered":"<p>[et_pb_section admin_label=&raquo;section&raquo; background_image=&raquo;https:\/\/cryomedpro.com\/wp-content\/uploads\/2016\/12\/784743-blue-crystals-frost-macro.jpg&raquo; transparent_background=&raquo;off&raquo; allow_player_pause=&raquo;off&raquo; inner_shadow=&raquo;off&raquo; parallax=&raquo;off&raquo; parallax_method=&raquo;off&raquo; custom_padding=&raquo;3px||4px|&raquo; padding_mobile=&raquo;off&raquo; make_fullwidth=&raquo;off&raquo; use_custom_width=&raquo;off&raquo; width_unit=&raquo;on&raquo; make_equal=&raquo;off&raquo; use_custom_gutter=&raquo;off&raquo; module_class=&raquo;ns-banner&raquo;][et_pb_row admin_label=&raquo;row&raquo;][et_pb_column type=&raquo;4_4&#8243;][et_pb_text admin_label=&raquo;Text&raquo; background_layout=&raquo;dark&raquo; text_orientation=&raquo;center&raquo; use_border_color=&raquo;off&raquo; border_color=&raquo;#ffffff&raquo; border_style=&raquo;solid&raquo;]<\/p>\n<h1 style=\"text-align: center;\">Dewar-flasker<\/h1>\n<p><img decoding=\"async\" loading=\"lazy\" class=\"size-full wp-image-150 aligncenter\" src=\"https:\/\/cryomedpro.com\/wp-content\/uploads\/2016\/10\/heading-underline.png\" alt=\"heading-underline\" width=\"309\" height=\"12\" srcset=\"https:\/\/cryomedpro.com\/wp-content\/uploads\/2016\/10\/heading-underline.png 309w, https:\/\/cryomedpro.com\/wp-content\/uploads\/2016\/10\/heading-underline-300x12.png 300w\" sizes=\"(max-width: 309px) 100vw, 309px\" \/><\/p>\n<p>[\/et_pb_text][\/et_pb_column][\/et_pb_row][\/et_pb_section][et_pb_section admin_label=&raquo;Section&raquo; fullwidth=&raquo;off&raquo; specialty=&raquo;off&raquo; transparent_background=&raquo;off&raquo; allow_player_pause=&raquo;off&raquo; inner_shadow=&raquo;off&raquo; parallax=&raquo;off&raquo; parallax_method=&raquo;off&raquo; custom_padding=&raquo;15px|0px|0px|0px&raquo; padding_mobile=&raquo;off&raquo; make_fullwidth=&raquo;off&raquo; use_custom_width=&raquo;off&raquo; width_unit=&raquo;on&raquo; make_equal=&raquo;off&raquo; use_custom_gutter=&raquo;off&raquo;][et_pb_row admin_label=&raquo;Row&raquo; make_fullwidth=&raquo;off&raquo; use_custom_width=&raquo;off&raquo; width_unit=&raquo;on&raquo; use_custom_gutter=&raquo;off&raquo; padding_mobile=&raquo;off&raquo; allow_player_pause=&raquo;off&raquo; parallax=&raquo;off&raquo; parallax_method=&raquo;off&raquo; make_equal=&raquo;off&raquo; parallax_1=&raquo;off&raquo; parallax_method_1=&raquo;off&raquo; column_padding_mobile=&raquo;on&raquo; custom_padding=&raquo;0px|0px|0px|0px&raquo;][et_pb_column type=&raquo;4_4&#8243;][et_pb_code admin_label=&raquo;Code&raquo;]\tCryo\n<span><span><a href=\"https:\/\/cryomedpro.com\/nb\/\">Home<\/a><\/span><\/span>[\/et_pb_code][\/et_pb_column][\/et_pb_row][\/et_pb_section][et_pb_section admin_label=&raquo;Section&raquo; fullwidth=&raquo;off&raquo; specialty=&raquo;off&raquo;][et_pb_row admin_label=&raquo;Row&raquo;][et_pb_column type=&raquo;1_2&#8243;][et_pb_image admin_label=&raquo;Image&raquo; src=&raquo;https:\/\/cryomedpro.com\/wp-content\/uploads\/2017\/11\/dewars_ck.gif&raquo; alt=&raquo;Dewar-flasker&raquo; title_text=&raquo;Dewar-flasker&raquo; show_in_lightbox=&raquo;off&raquo; url_new_window=&raquo;off&raquo; use_overlay=&raquo;off&raquo; animation=&raquo;left&raquo; sticky=&raquo;off&raquo; align=&raquo;center&raquo; force_fullwidth=&raquo;off&raquo; always_center_on_mobile=&raquo;on&raquo; use_border_color=&raquo;off&raquo; border_color=&raquo;#ffffff&raquo; border_style=&raquo;solid&raquo;]<br \/>\n[\/et_pb_image][\/et_pb_column][et_pb_column type=&raquo;1_2&#8243;][et_pb_text admin_label=&raquo;Text&raquo; background_layout=&raquo;light&raquo; text_orientation=&raquo;left&raquo; use_border_color=&raquo;off&raquo; border_color=&raquo;#ffffff&raquo; border_style=&raquo;solid&raquo;]<\/p>\n<h2>Hva er Dewar-flasker?<\/h2>\n<p>Dewar-flasker er spesialiserte typer vakuumflasker designet for transport og lagring av store mengder flytende nitrogen, argon og oksygen. Den h\u00f8ye konstruksjonseffektiviteten av det termiske isolasjonssystemet garanterer maksimal varighet av cyrogen-lagringen.<\/p>\n<p>Dewar tilbyr h\u00f8yeffektiv kryobevaring kombinert med lav vekt og beskjedent plassbehov. Flaskene passer for bruk i forskningslaboratorier, spa- og skj\u00f8nnhetssentre, helsetjenester, industriell konstruksjon og sportsmedisin. Cryomed flytende nitrogen Dewar-flasker er tilgjengelig i ulike st\u00f8rrelser: 6; 10; 17,5; 26,5; 40 liter.<\/p>\n<p>[\/et_pb_text][\/et_pb_column][\/et_pb_row][et_pb_row admin_label=&raquo;Row&raquo;][et_pb_column type=&raquo;4_4&#8243;][et_pb_text admin_label=&raquo;Text&raquo; background_layout=&raquo;light&raquo; text_orientation=&raquo;left&raquo; use_border_color=&raquo;off&raquo; border_color=&raquo;#ffffff&raquo; border_style=&raquo;solid&raquo;]<\/p>\n<h2 style=\"text-align: center; color: #666666;\">Tekniske egenskaper<\/h2>\n<p><img decoding=\"async\" loading=\"lazy\" class=\"size-medium wp-image-85 aligncenter\" src=\"https:\/\/cryomedpro.com\/wp-content\/uploads\/2016\/10\/brush-2-300x12.png\" alt=\"brush-2\" width=\"300\" height=\"12\" srcset=\"https:\/\/cryomedpro.com\/wp-content\/uploads\/2016\/10\/brush-2-300x12.png 300w, https:\/\/cryomedpro.com\/wp-content\/uploads\/2016\/10\/brush-2.png 309w\" sizes=\"(max-width: 300px) 100vw, 300px\" \/><\/p>\n<p>[\/et_pb_text][et_pb_text admin_label=&raquo;Text&raquo; background_layout=&raquo;light&raquo; text_orientation=&raquo;left&raquo; use_border_color=&raquo;off&raquo; border_color=&raquo;#ffffff&raquo; border_style=&raquo;solid&raquo;]<\/p>\n<ul>\n<li>H\u00f8y lagringskapasitet og p\u00e5fyllingsevne (fra 6 til 40 l);<\/li>\n<li>Kompatibel tilpasset st\u00f8rrelse (ytre diameter fra 260 til 460 mm; h\u00f8yde &#8211; fra 480 til 720 mm);<\/li>\n<li>Lav fordampningshastighet;<\/li>\n<li>Lav tomvekt (fra 4,5 til 14,5 kg);<\/li>\n<li>Minimale nitrogentap;<\/li>\n<li>Alle typer transport er tilgjengelige;<\/li>\n<li>Tilordnet levetid &#8211; 8 \u00e5r under gode forhold.<\/li>\n<\/ul>\n<p>[\/et_pb_text][et_pb_text admin_label=&raquo;Text&raquo; background_layout=&raquo;light&raquo; text_orientation=&raquo;left&raquo; use_border_color=&raquo;off&raquo; border_color=&raquo;#ffffff&raquo; border_style=&raquo;solid&raquo;]<\/p>\n<table class=\"responstable\">\n<tbody>\n<tr>\n<td rowspan=\"2\">Modell<\/td>\n<td rowspan=\"2\">Kapasitet, liter<\/td>\n<td rowspan=\"2\">Antall dager til fullstendig fordamping av nitrogen<\/td>\n<td rowspan=\"2\">Masse uten nitrogen, kg<\/td>\n<td rowspan=\"2\">Diameter av nakke, mm<\/td>\n<td colspan=\"2\">Samlede dimensjoner, mm<\/td>\n<\/tr>\n<tr>\n<td>H\u00f8yde<\/td>\n<td>Diameter<\/td>\n<\/tr>\n<tr>\n<td>DV-5<\/td>\n<td>5,2<\/td>\n<td>20<\/td>\n<td>5,34<\/td>\n<td>60<\/td>\n<td>420<\/td>\n<td>260<\/td>\n<\/tr>\n<tr>\n<td>DV-10<\/td>\n<td>10<\/td>\n<td>50<\/td>\n<td>8,8<\/td>\n<td>60<\/td>\n<td>520<\/td>\n<td>382<\/td>\n<\/tr>\n<tr>\n<td>DV-16<\/td>\n<td>16<\/td>\n<td>100<\/td>\n<td>9,7<\/td>\n<td>60<\/td>\n<td>635<\/td>\n<td>382<\/td>\n<\/tr>\n<tr>\n<td>DV-34<\/td>\n<td>35<\/td>\n<td>270<\/td>\n<td>18<\/td>\n<td>60<\/td>\n<td>790<\/td>\n<td>500<\/td>\n<\/tr>\n<tr>\n<td>DV-35<\/td>\n<td>35<\/td>\n<td>110<\/td>\n<td>17,8<\/td>\n<td>117<\/td>\n<td>790<\/td>\n<td>500<\/td>\n<\/tr>\n<tr>\n<td>DV-40<\/td>\n<td>40<\/td>\n<td>60<\/td>\n<td>14,5<\/td>\n<td>56<\/td>\n<td>720<\/td>\n<td>460<\/td>\n<\/tr>\n<tr>\n<td>DV-45<\/td>\n<td>45<\/td>\n<td>110<\/td>\n<td>19,6<\/td>\n<td>117<\/td>\n<td>820<\/td>\n<td>550<\/td>\n<\/tr>\n<\/tbody>\n<\/table>\n<p>[\/et_pb_text][et_pb_text admin_label=&raquo;Text&raquo; background_layout=&raquo;light&raquo; text_orientation=&raquo;left&raquo; use_border_color=&raquo;off&raquo; border_color=&raquo;#ffffff&raquo; border_style=&raquo;solid&raquo;]<\/p>\n<p>N\u00e5r du bruker flytende nitrogen m\u00e5 du s\u00f8rge for \u00e5 bruke kryohansker og -kl\u00e6r av h\u00f8yeste kvalitet for \u00e5 beskytte personalet.<\/p>\n<p>Kvaliteten til Dewar-flaskene er en effektiv garanti for p\u00e5liteligheten, sikkerheten og bekvemmeligheten ved bruk.<\/p>\n<p>[\/et_pb_text][\/et_pb_column][\/et_pb_row][et_pb_row admin_label=&raquo;Row&raquo;][et_pb_column type=&raquo;1_2&#8243;][et_pb_text admin_label=&raquo;Text&raquo; background_layout=&raquo;light&raquo; text_orientation=&raquo;left&raquo; use_border_color=&raquo;off&raquo; border_color=&raquo;#ffffff&raquo; border_style=&raquo;solid&raquo;]<\/p>\n<h2>Vennligst merk at:<\/h2>\n<p>Dersom du bruker profesjonelt utstyr som Cryomed Pro og\/eller Cryofan, er 40l Dewar-flasken den mest passende. Det er den meste effektive typen flytende nitrogentank, med fordeler som lite nitrogentap og middels lagringskapasitet. Vi er bevisste p\u00e5 behovene til profesjonelle over hele verden. Transport av kryogener er n\u00e5 trygt og enkelt.<\/p>\n<h2>Tilpasning<\/h2>\n<p>Sm\u00e5 Dewars er ideelle for midlertidig lagring av flytende nitrogen i laboratorier eller hjemme. Flasker med st\u00f8rre volum er perfekte for skj\u00f8nnhets- og medisinske sentre. Du kan velge hva du trenger.<\/p>\n<p>Fot-typen og liten h\u00e5nd-typen nitrogen-flasker er begge tilgjengelige for salg.<\/p>\n<p>Cryomed kan tilfredsstille kravene til enhver kunde.<\/p>\n<p>[\/et_pb_text][\/et_pb_column][et_pb_column type=&raquo;1_2&#8243;][et_pb_image admin_label=&raquo;Image&raquo; src=&raquo;https:\/\/cryomedpro.com\/wp-content\/uploads\/2017\/11\/u160_new3.jpg&raquo; alt=&raquo;Tilpasning Dewars Vessels&raquo; title_text=&raquo;Tilpasning Dewars Vessels&raquo; show_in_lightbox=&raquo;off&raquo; url_new_window=&raquo;off&raquo; use_overlay=&raquo;off&raquo; animation=&raquo;left&raquo; sticky=&raquo;off&raquo; align=&raquo;center&raquo; force_fullwidth=&raquo;off&raquo; always_center_on_mobile=&raquo;on&raquo; use_border_color=&raquo;off&raquo; border_color=&raquo;#ffffff&raquo; border_style=&raquo;solid&raquo;]<br \/>\n[\/et_pb_image][\/et_pb_column][\/et_pb_row][et_pb_row admin_label=&raquo;Row&raquo;][et_pb_column type=&raquo;4_4&#8243;][et_pb_text admin_label=&raquo;Text&raquo; background_layout=&raquo;light&raquo; text_orientation=&raquo;left&raquo; use_border_color=&raquo;off&raquo; border_color=&raquo;#ffffff&raquo; border_style=&raquo;solid&raquo;]<\/p>\n<p style=\"text-align: center;\">Hvis du har flere sp\u00f8rsm\u00e5l om Dewars, kontakt oss n\u00e5!<\/p>\n<p>[\/et_pb_text][et_pb_button admin_label=&raquo;Button&raquo; url_new_window=&raquo;off&raquo; button_text=&raquo;BE OM EN PRIS&raquo; button_alignment=&raquo;center&raquo; background_layout=&raquo;dark&raquo; custom_button=&raquo;on&raquo; button_letter_spacing=&raquo;0&#8243; button_use_icon=&raquo;default&raquo; button_icon_placement=&raquo;right&raquo; button_on_hover=&raquo;on&raquo; button_letter_spacing_hover=&raquo;0&#8243; module_class=&raquo;popmake-contact-form-nb&raquo; button_text_size=&raquo;15&#8243; button_text_color=&raquo;#ffffff&raquo; button_bg_color=&raquo;#8fd400&#8243; button_bg_color_hover=&raquo;#b0d369&#8243; button_border_width=&raquo;0&#8243;]<br \/>\n[\/et_pb_button][\/et_pb_column][\/et_pb_row][\/et_pb_section]<\/p>\n","protected":false},"excerpt":{"rendered":"<p>[et_pb_section admin_label=&raquo;section&raquo; background_image=&raquo;https:\/\/cryomedpro.com\/wp-content\/uploads\/2016\/12\/784743-blue-crystals-frost-macro.jpg&raquo; transparent_background=&raquo;off&raquo; allow_player_pause=&raquo;off&raquo; inner_shadow=&raquo;off&raquo; parallax=&raquo;off&raquo; parallax_method=&raquo;off&raquo; custom_padding=&raquo;3px||4px|&raquo; padding_mobile=&raquo;off&raquo; make_fullwidth=&raquo;off&raquo; use_custom_width=&raquo;off&raquo; width_unit=&raquo;on&raquo; make_equal=&raquo;off&raquo; use_custom_gutter=&raquo;off&raquo; module_class=&raquo;ns-banner&raquo;][et_pb_row admin_label=&raquo;row&raquo;][et_pb_column type=&raquo;4_4&#8243;][et_pb_text admin_label=&raquo;Text&raquo; background_layout=&raquo;dark&raquo; text_orientation=&raquo;center&raquo; use_border_color=&raquo;off&raquo; border_color=&raquo;#ffffff&raquo; border_style=&raquo;solid&raquo;] Dewar-flasker [\/et_pb_text][\/et_pb_column][\/et_pb_row][\/et_pb_section][et_pb_section admin_label=&raquo;Section&raquo; fullwidth=&raquo;off&raquo; specialty=&raquo;off&raquo; transparent_background=&raquo;off&raquo; allow_player_pause=&raquo;off&raquo; inner_shadow=&raquo;off&raquo; parallax=&raquo;off&raquo; parallax_method=&raquo;off&raquo; custom_padding=&raquo;15px|0px|0px|0px&raquo; padding_mobile=&raquo;off&raquo; make_fullwidth=&raquo;off&raquo; use_custom_width=&raquo;off&raquo; width_unit=&raquo;on&raquo; make_equal=&raquo;off&raquo; use_custom_gutter=&raquo;off&raquo;][et_pb_row admin_label=&raquo;Row&raquo; make_fullwidth=&raquo;off&raquo; use_custom_width=&raquo;off&raquo; width_unit=&raquo;on&raquo; use_custom_gutter=&raquo;off&raquo; padding_mobile=&raquo;off&raquo; allow_player_pause=&raquo;off&raquo; parallax=&raquo;off&raquo; parallax_method=&raquo;off&raquo; make_equal=&raquo;off&raquo; parallax_1=&raquo;off&raquo; parallax_method_1=&raquo;off&raquo; column_padding_mobile=&raquo;on&raquo; custom_padding=&raquo;0px|0px|0px|0px&raquo;][et_pb_column [&hellip;]<\/p>\n","protected":false},"author":2,"featured_media":0,"parent":0,"menu_order":0,"comment_status":"closed","ping_status":"closed","template":"","meta":[],"tags":[],"yoast_head":"<!-- This site is optimized with the Yoast SEO plugin v20.0 - https:\/\/yoast.com\/wordpress\/plugins\/seo\/ -->\n<title>Kj\u00f8p Dewar-flasker fra en global leder innen kryoterapi med flytende nitrogen - Cryomed s.r.o.<\/title>\n<meta name=\"description\" content=\"Dewar-flasker er spesialiserte typer vakuumflasker designet for transport og lagring av store mengder flytende nitrogen, argon og oksygen.\" \/>\n<meta name=\"robots\" content=\"index, follow, max-snippet:-1, max-image-preview:large, max-video-preview:-1\" \/>\n<link rel=\"canonical\" href=\"https:\/\/cryomedpro.com\/nb\/dewar-vessels\/\" \/>\n<meta property=\"og:locale\" content=\"nb_NO\" \/>\n<meta property=\"og:type\" content=\"article\" \/>\n<meta property=\"og:title\" content=\"Kj\u00f8p Dewar-flasker fra en global leder innen kryoterapi med flytende nitrogen - Cryomed s.r.o.\" \/>\n<meta property=\"og:description\" content=\"Dewar-flasker er spesialiserte typer vakuumflasker designet for transport og lagring av store mengder flytende nitrogen, argon og oksygen.\" \/>\n<meta property=\"og:url\" content=\"https:\/\/cryomedpro.com\/nb\/dewar-vessels\/\" \/>\n<meta property=\"og:site_name\" content=\"Cryomed PRO\" \/>\n<meta property=\"article:modified_time\" content=\"2019-11-30T09:10:38+00:00\" \/>\n<meta property=\"og:image\" content=\"https:\/\/cryomedpro.com\/wp-content\/uploads\/2016\/10\/heading-underline.png\" \/>\n<meta name=\"twitter:card\" content=\"summary_large_image\" \/>\n<meta name=\"twitter:label1\" content=\"Ansl. lesetid\" \/>\n\t<meta name=\"twitter:data1\" content=\"5 minutter\" \/>\n<!-- \/ Yoast SEO plugin. -->","yoast_head_json":{"title":"Kj\u00f8p Dewar-flasker fra en global leder innen kryoterapi med flytende nitrogen - Cryomed s.r.o.","description":"Dewar-flasker er spesialiserte typer vakuumflasker designet for transport og lagring av store mengder flytende nitrogen, argon og oksygen.","robots":{"index":"index","follow":"follow","max-snippet":"max-snippet:-1","max-image-preview":"max-image-preview:large","max-video-preview":"max-video-preview:-1"},"canonical":"https:\/\/cryomedpro.com\/nb\/dewar-vessels\/","og_locale":"nb_NO","og_type":"article","og_title":"Kj\u00f8p Dewar-flasker fra en global leder innen kryoterapi med flytende nitrogen - Cryomed s.r.o.","og_description":"Dewar-flasker er spesialiserte typer vakuumflasker designet for transport og lagring av store mengder flytende nitrogen, argon og oksygen.","og_url":"https:\/\/cryomedpro.com\/nb\/dewar-vessels\/","og_site_name":"Cryomed PRO","article_modified_time":"2019-11-30T09:10:38+00:00","og_image":[{"url":"https:\/\/cryomedpro.com\/wp-content\/uploads\/2016\/10\/heading-underline.png"}],"twitter_card":"summary_large_image","twitter_misc":{"Ansl. lesetid":"5 minutter"},"schema":{"@context":"https:\/\/schema.org","@graph":[{"@type":"WebPage","@id":"https:\/\/cryomedpro.com\/nb\/dewar-vessels\/","url":"https:\/\/cryomedpro.com\/nb\/dewar-vessels\/","name":"Kj\u00f8p Dewar-flasker fra en global leder innen kryoterapi med flytende nitrogen - Cryomed s.r.o.","isPartOf":{"@id":"https:\/\/cryomedpro.com\/#website"},"datePublished":"2017-11-21T12:04:23+00:00","dateModified":"2019-11-30T09:10:38+00:00","description":"Dewar-flasker er spesialiserte typer vakuumflasker designet for transport og lagring av store mengder flytende nitrogen, argon og oksygen.","breadcrumb":{"@id":"https:\/\/cryomedpro.com\/nb\/dewar-vessels\/#breadcrumb"},"inLanguage":"nb-NO","potentialAction":[{"@type":"ReadAction","target":["https:\/\/cryomedpro.com\/nb\/dewar-vessels\/"]}]},{"@type":"BreadcrumbList","@id":"https:\/\/cryomedpro.com\/nb\/dewar-vessels\/#breadcrumb","itemListElement":[{"@type":"ListItem","position":1,"name":"Home","item":"https:\/\/cryomedpro.com\/nb\/"},{"@type":"ListItem","position":2,"name":"Dewar-flasker"}]},{"@type":"WebSite","@id":"https:\/\/cryomedpro.com\/#website","url":"https:\/\/cryomedpro.com\/","name":"Cryomed PRO","description":"Cryosaunas Worldwide","publisher":{"@id":"https:\/\/cryomedpro.com\/#\/schema\/person\/752b92c38fb6f6c5052ef7763f4d79eb"},"potentialAction":[{"@type":"SearchAction","target":{"@type":"EntryPoint","urlTemplate":"https:\/\/cryomedpro.com\/?s={search_term_string}"},"query-input":"required name=search_term_string"}],"inLanguage":"nb-NO"},{"@type":["Person","Organization"],"@id":"https:\/\/cryomedpro.com\/#\/schema\/person\/752b92c38fb6f6c5052ef7763f4d79eb","name":"healthycold","image":{"@type":"ImageObject","inLanguage":"nb-NO","@id":"https:\/\/cryomedpro.com\/#\/schema\/person\/image\/","url":"https:\/\/secure.gravatar.com\/avatar\/bbe2f3ec78281a56dba108d1bf0f9ffa?s=96&d=mm&r=g","contentUrl":"https:\/\/secure.gravatar.com\/avatar\/bbe2f3ec78281a56dba108d1bf0f9ffa?s=96&d=mm&r=g","caption":"healthycold"},"logo":{"@id":"https:\/\/cryomedpro.com\/#\/schema\/person\/image\/"}}]}},"_links":{"self":[{"href":"https:\/\/cryomedpro.com\/nb\/wp-json\/wp\/v2\/pages\/12380"}],"collection":[{"href":"https:\/\/cryomedpro.com\/nb\/wp-json\/wp\/v2\/pages"}],"about":[{"href":"https:\/\/cryomedpro.com\/nb\/wp-json\/wp\/v2\/types\/page"}],"author":[{"embeddable":true,"href":"https:\/\/cryomedpro.com\/nb\/wp-json\/wp\/v2\/users\/2"}],"replies":[{"embeddable":true,"href":"https:\/\/cryomedpro.com\/nb\/wp-json\/wp\/v2\/comments?post=12380"}],"version-history":[{"count":0,"href":"https:\/\/cryomedpro.com\/nb\/wp-json\/wp\/v2\/pages\/12380\/revisions"}],"wp:attachment":[{"href":"https:\/\/cryomedpro.com\/nb\/wp-json\/wp\/v2\/media?parent=12380"}],"wp:term":[{"taxonomy":"post_tag","embeddable":true,"href":"https:\/\/cryomedpro.com\/nb\/wp-json\/wp\/v2\/tags?post=12380"}],"curies":[{"name":"wp","href":"https:\/\/api.w.org\/{rel}","templated":true}]}}