{"id":12436,"date":"2018-08-03T09:38:29","date_gmt":"2018-08-03T07:38:29","guid":{"rendered":"https:\/\/cryomedpro.com\/cryotherapy-machine-lease\/"},"modified":"2019-11-30T10:16:45","modified_gmt":"2019-11-30T09:16:45","slug":"cryotherapy-machine-lease","status":"publish","type":"page","link":"https:\/\/cryomedpro.com\/nb\/cryotherapy-machine-lease\/","title":{"rendered":"Kryoterapi maskinleasing"},"content":{"rendered":"<p>[et_pb_section admin_label=&raquo;section&raquo; background_image=&raquo;https:\/\/cryomedpro.com\/wp-content\/uploads\/2018\/08\/cryo-back-2018-leasing.jpg&raquo; transparent_background=&raquo;off&raquo; allow_player_pause=&raquo;off&raquo; inner_shadow=&raquo;off&raquo; parallax=&raquo;off&raquo; parallax_method=&raquo;off&raquo; custom_padding=&raquo;3px|0px|4px|0px&raquo; padding_mobile=&raquo;off&raquo; make_fullwidth=&raquo;off&raquo; use_custom_width=&raquo;off&raquo; width_unit=&raquo;on&raquo; make_equal=&raquo;off&raquo; use_custom_gutter=&raquo;off&raquo; fullwidth=&raquo;off&raquo; specialty=&raquo;off&raquo; module_class=&raquo;ns-banner&raquo; disabled=&raquo;off&raquo;][et_pb_row admin_label=&raquo;row&raquo; make_fullwidth=&raquo;off&raquo; use_custom_width=&raquo;off&raquo; width_unit=&raquo;off&raquo; custom_width_px=&raquo;1080px&raquo; custom_width_percent=&raquo;80%&raquo; use_custom_gutter=&raquo;off&raquo; gutter_width=&raquo;3&#8243; custom_padding=&raquo;21px|0px|21.45px|0px&raquo; padding_mobile=&raquo;off&raquo; allow_player_pause=&raquo;off&raquo; parallax=&raquo;off&raquo; parallax_method=&raquo;on&raquo; make_equal=&raquo;off&raquo; column_padding_mobile=&raquo;on&raquo; parallax_1=&raquo;off&raquo; parallax_method_1=&raquo;on&raquo; parallax_2=&raquo;off&raquo; parallax_method_2=&raquo;on&raquo; parallax_3=&raquo;off&raquo; parallax_method_3=&raquo;on&raquo; parallax_4=&raquo;off&raquo; parallax_method_4=&raquo;on&raquo; disabled=&raquo;off&raquo;][et_pb_column type=&raquo;4_4&#8243;][et_pb_text admin_label=&raquo;Text&raquo; background_layout=&raquo;dark&raquo; text_orientation=&raquo;center&raquo; use_border_color=&raquo;off&raquo; border_style=&raquo;solid&raquo; disabled=&raquo;off&raquo; border_color=&raquo;#ffffff&raquo;]<\/p>\n<h1 style=\"text-align: center;\">Kryoterapi maskinleasing<\/h1>\n<p><img decoding=\"async\" loading=\"lazy\" class=\"size-full wp-image-150 aligncenter\" src=\"\/wp-content\/uploads\/2016\/10\/heading-underline.png\" alt=\"heading-underline\" width=\"309\" height=\"12\" srcset=\"https:\/\/cryomedpro.com\/wp-content\/uploads\/2016\/10\/heading-underline.png 309w, https:\/\/cryomedpro.com\/wp-content\/uploads\/2016\/10\/heading-underline-300x12.png 300w\" sizes=\"(max-width: 309px) 100vw, 309px\" \/><\/p>\n<p>[\/et_pb_text][\/et_pb_column][\/et_pb_row][\/et_pb_section][et_pb_section admin_label=&raquo;section&raquo;][et_pb_row admin_label=&raquo;row&raquo;][et_pb_column type=&raquo;1_2&#8243;][et_pb_image admin_label=&raquo;Image&raquo; src=&raquo;https:\/\/cryomedpro.com\/wp-content\/uploads\/2018\/08\/business-3152586_640.jpg&raquo; alt=&raquo;Kryoterapi maskinleasing&raquo; title_text=&raquo;Kryoterapi maskinleasing&raquo; show_in_lightbox=&raquo;off&raquo; url_new_window=&raquo;off&raquo; use_overlay=&raquo;off&raquo; animation=&raquo;left&raquo; sticky=&raquo;off&raquo; align=&raquo;left&raquo; force_fullwidth=&raquo;off&raquo; always_center_on_mobile=&raquo;on&raquo; use_border_color=&raquo;off&raquo; border_color=&raquo;#ffffff&raquo; border_style=&raquo;solid&raquo;]<\/p>\n<p>&nbsp;<\/p>\n<p>[\/et_pb_image][\/et_pb_column][et_pb_column type=&raquo;1_2&#8243;][et_pb_text admin_label=&raquo;Text&raquo; background_layout=&raquo;light&raquo; text_orientation=&raquo;left&raquo; use_border_color=&raquo;off&raquo; border_color=&raquo;#ffffff&raquo; border_style=&raquo;solid&raquo;]<\/p>\n<h2>Hvorfor leie et kryoterapikammer?<\/h2>\n<p>Alternativet for leasing av cryosauna fra Cryomed, som ligner p\u00e5 utleie av kryoterapimaskiner, er ment for kunder som \u00f8nsker \u00e5 starte en kryoterapivirksomhet, men som midlertidig mangler pengene til \u00e5 kj\u00f8pe fra starten av. Denne gruppen potensielle kunder vil kanskje bruke eksisterende midler p\u00e5 andre forretningsrelaterte utgifter, i stedet for \u00e5 bruke alt de har p\u00e5 utstyr p\u00e5 et tidlig stadium.<\/p>\n<p>Det nye finansieringsalternativet for cryosauna er enda en insentiv for eiere av sm\u00e5 sports- og idrettssentre, rehabiliteringssentre, private klinikker og lignende organisasjoner som nettopp har begynt \u00e5 tilby kryoterapi. Leasing av kryoterapimaskiner er en raskere og mindre involvert m\u00e5te \u00e5 sikre finansiering av den nyeste generasjonen kryogenutstyr som tilbys av Cryomed p\u00e5.<\/p>\n<p>[\/et_pb_text][\/et_pb_column][\/et_pb_row][\/et_pb_section][et_pb_section admin_label=&raquo;Section&raquo; fullwidth=&raquo;off&raquo; specialty=&raquo;off&raquo;][et_pb_row admin_label=&raquo;Row&raquo;][et_pb_column type=&raquo;4_4&#8243;][et_pb_text admin_label=&raquo;Text&raquo; background_layout=&raquo;light&raquo; text_orientation=&raquo;left&raquo; use_border_color=&raquo;off&raquo; border_color=&raquo;#ffffff&raquo; border_style=&raquo;solid&raquo;]<\/p>\n<h3>Leasingbetingelser for kryoterapimaskiner<\/h3>\n<p>Som et finansielt verkt\u00f8y er leasing av kryokamre den perfekte muligheten til \u00e5 starte en helserelatert virksomhet, selv med begrenset finansiering. Cryomed er det f\u00f8rste selskapet p\u00e5 EU-markedet med denne unike muligheten:<\/p>\n<ul>\n<li>20% nedbetaling<\/li>\n<li>De resterende 80% av leasingkostnaden fordeles p\u00e5 12 m\u00e5nedlige avdrag<\/li>\n<li>Leasing av kryoterapikamre gir en 10% p\u00e5slag p\u00e5 utsalgsprisen<\/li>\n<\/ul>\n<p>Dette tilbudet gjelder b\u00e5de for selskapets kryokammermodeller: Cryomed Pro (dewar- eller trykkflasker) og Cryomed Mini (trykkflasker). Alt Cryomed-utstyr, inkludert modellene som tilbys med leasingtilbudet, er fullt kompatibelt med de strengeste sikkerhetskravene i EU-markedet, og har blitt offisielt sertifisert for bruk av individuelle forbrukere og medisinske institusjoner. Leasing av kryoterapiutstyr fra Cryomed er tilgjengelig umiddelbart for alle EU-kunder uten begrensninger.<\/p>\n<p>Hvis du er eier av et idrettslag, treningsstudio, privat klinikk eller rehabiliteringssenter, bruk denne sjansen og dra nytte av Cryomeds unike leasingtilbud for kryokabinett. V\u00e5re kryoterapimaskiner har enest\u00e5ende byggekvalitet, de beste sikkerhetsfunksjonene i klassen, den siste kryoterapiteknologien og bemerkelsesverdig brukervennlighet. Hvis du er interessert i v\u00e5r leasingtjenste av cryosauna, vennligst kontakt v\u00e5r salgsavdeling p\u00e5 <a href=\"mailto:in**@********ro.com\" data-original-string=\"+vsfNkqgS5yXjRJtaAobbg==cae19krSNe6081ORS0lLMbh+j2XTlk\/wqGAZc6LIeV0dxw=\" title=\"This contact has been encoded by Anti-Spam by CleanTalk. Click to decode. To finish the decoding make sure that JavaScript is enabled in your browser.\"><span \n                data-original-string='ef5DKVot12gtrniVqvhbzQ==caeIBAZKKjloBrrfPWSIyWQ4pPL589FfAARGjDq10t7aI8='\n                class='apbct-email-encoder'\n                title='This contact has been encoded by Anti-Spam by CleanTalk. Click to decode. To finish the decoding make sure that JavaScript is enabled in your browser.'>in<span class=\"apbct-blur\">**<\/span>@<span class=\"apbct-blur\">********<\/span>ro.com<\/span><\/a> eller ring +421 948 224 850, og vi vil komme tilbake med et passende tilbud, inkludert frakt, h\u00e5ndtering, tilbeh\u00f8r og muligheter for tilpasning s\u00e5 snart som mulig.<\/p>\n<p>For \u00e5 se flere \u00f8konomiske alternativer for din kryoterapivirksomhet, vennligst bes\u00f8k seksjonene for maskinutleie og innbytte av kryoterapimaskiner p\u00e5 siden v\u00e5r.<\/p>\n<p>[\/et_pb_text][et_pb_button admin_label=&raquo;Button&raquo; url_new_window=&raquo;off&raquo; button_text=&raquo;BE OM EN PRIS&raquo; button_alignment=&raquo;left&raquo; background_layout=&raquo;light&raquo; custom_button=&raquo;off&raquo; button_letter_spacing=&raquo;0&#8243; button_use_icon=&raquo;default&raquo; button_icon_placement=&raquo;right&raquo; button_on_hover=&raquo;on&raquo; button_letter_spacing_hover=&raquo;0&#8243; module_class=&raquo;popmake-contact-form-nb&raquo;]<\/p>\n<p>&nbsp;<\/p>\n<p>[\/et_pb_button][\/et_pb_column][\/et_pb_row][\/et_pb_section]<\/p>\n","protected":false},"excerpt":{"rendered":"<p>[et_pb_section admin_label=&raquo;section&raquo; background_image=&raquo;https:\/\/cryomedpro.com\/wp-content\/uploads\/2018\/08\/cryo-back-2018-leasing.jpg&raquo; transparent_background=&raquo;off&raquo; allow_player_pause=&raquo;off&raquo; inner_shadow=&raquo;off&raquo; parallax=&raquo;off&raquo; parallax_method=&raquo;off&raquo; custom_padding=&raquo;3px|0px|4px|0px&raquo; padding_mobile=&raquo;off&raquo; make_fullwidth=&raquo;off&raquo; use_custom_width=&raquo;off&raquo; width_unit=&raquo;on&raquo; make_equal=&raquo;off&raquo; use_custom_gutter=&raquo;off&raquo; fullwidth=&raquo;off&raquo; specialty=&raquo;off&raquo; module_class=&raquo;ns-banner&raquo; disabled=&raquo;off&raquo;][et_pb_row admin_label=&raquo;row&raquo; make_fullwidth=&raquo;off&raquo; use_custom_width=&raquo;off&raquo; width_unit=&raquo;off&raquo; custom_width_px=&raquo;1080px&raquo; custom_width_percent=&raquo;80%&raquo; use_custom_gutter=&raquo;off&raquo; gutter_width=&raquo;3&#8243; custom_padding=&raquo;21px|0px|21.45px|0px&raquo; padding_mobile=&raquo;off&raquo; allow_player_pause=&raquo;off&raquo; parallax=&raquo;off&raquo; parallax_method=&raquo;on&raquo; make_equal=&raquo;off&raquo; column_padding_mobile=&raquo;on&raquo; parallax_1=&raquo;off&raquo; parallax_method_1=&raquo;on&raquo; parallax_2=&raquo;off&raquo; parallax_method_2=&raquo;on&raquo; parallax_3=&raquo;off&raquo; parallax_method_3=&raquo;on&raquo; parallax_4=&raquo;off&raquo; parallax_method_4=&raquo;on&raquo; disabled=&raquo;off&raquo;][et_pb_column type=&raquo;4_4&#8243;][et_pb_text admin_label=&raquo;Text&raquo; background_layout=&raquo;dark&raquo; text_orientation=&raquo;center&raquo; use_border_color=&raquo;off&raquo; border_style=&raquo;solid&raquo; disabled=&raquo;off&raquo; border_color=&raquo;#ffffff&raquo;] Kryoterapi maskinleasing [\/et_pb_text][\/et_pb_column][\/et_pb_row][\/et_pb_section][et_pb_section admin_label=&raquo;section&raquo;][et_pb_row [&hellip;]<\/p>\n","protected":false},"author":2,"featured_media":0,"parent":0,"menu_order":0,"comment_status":"closed","ping_status":"closed","template":"","meta":[],"tags":[],"yoast_head":"<!-- This site is optimized with the Yoast SEO plugin v20.0 - https:\/\/yoast.com\/wordpress\/plugins\/seo\/ -->\n<title>Kryoterapi maskinleasing<\/title>\n<meta name=\"description\" content=\"Alternativet for leasing av cryosauna fra Cryomed, som ligner p\u00e5 utleie av kryoterapimaskiner, er ment for kunder som \u00f8nsker \u00e5 starte en kryoterapivirksomhet, men som midlertidig mangler pengene til \u00e5 kj\u00f8pe fra starten av.\" \/>\n<meta name=\"robots\" content=\"index, follow, max-snippet:-1, max-image-preview:large, max-video-preview:-1\" \/>\n<link rel=\"canonical\" href=\"https:\/\/cryomedpro.com\/nb\/cryotherapy-machine-lease\/\" \/>\n<meta property=\"og:locale\" content=\"nb_NO\" \/>\n<meta property=\"og:type\" content=\"article\" \/>\n<meta property=\"og:title\" content=\"Kryoterapi maskinleasing\" \/>\n<meta property=\"og:description\" content=\"Alternativet for leasing av cryosauna fra Cryomed, som ligner p\u00e5 utleie av kryoterapimaskiner, er ment for kunder som \u00f8nsker \u00e5 starte en kryoterapivirksomhet, men som midlertidig mangler pengene til \u00e5 kj\u00f8pe fra starten av.\" \/>\n<meta property=\"og:url\" content=\"https:\/\/cryomedpro.com\/nb\/cryotherapy-machine-lease\/\" \/>\n<meta property=\"og:site_name\" content=\"Cryomed PRO\" \/>\n<meta property=\"article:modified_time\" content=\"2019-11-30T09:16:45+00:00\" \/>\n<meta property=\"og:image\" content=\"https:\/\/cryomedpro.com\/wp-content\/uploads\/2016\/10\/heading-underline.png\" \/>\n<meta name=\"twitter:card\" content=\"summary_large_image\" \/>\n<meta name=\"twitter:label1\" content=\"Ansl. lesetid\" \/>\n\t<meta name=\"twitter:data1\" content=\"4 minutter\" \/>\n<!-- \/ Yoast SEO plugin. -->","yoast_head_json":{"title":"Kryoterapi maskinleasing","description":"Alternativet for leasing av cryosauna fra Cryomed, som ligner p\u00e5 utleie av kryoterapimaskiner, er ment for kunder som \u00f8nsker \u00e5 starte en kryoterapivirksomhet, men som midlertidig mangler pengene til \u00e5 kj\u00f8pe fra starten av.","robots":{"index":"index","follow":"follow","max-snippet":"max-snippet:-1","max-image-preview":"max-image-preview:large","max-video-preview":"max-video-preview:-1"},"canonical":"https:\/\/cryomedpro.com\/nb\/cryotherapy-machine-lease\/","og_locale":"nb_NO","og_type":"article","og_title":"Kryoterapi maskinleasing","og_description":"Alternativet for leasing av cryosauna fra Cryomed, som ligner p\u00e5 utleie av kryoterapimaskiner, er ment for kunder som \u00f8nsker \u00e5 starte en kryoterapivirksomhet, men som midlertidig mangler pengene til \u00e5 kj\u00f8pe fra starten av.","og_url":"https:\/\/cryomedpro.com\/nb\/cryotherapy-machine-lease\/","og_site_name":"Cryomed PRO","article_modified_time":"2019-11-30T09:16:45+00:00","og_image":[{"url":"https:\/\/cryomedpro.com\/wp-content\/uploads\/2016\/10\/heading-underline.png"}],"twitter_card":"summary_large_image","twitter_misc":{"Ansl. lesetid":"4 minutter"},"schema":{"@context":"https:\/\/schema.org","@graph":[{"@type":"WebPage","@id":"https:\/\/cryomedpro.com\/nb\/cryotherapy-machine-lease\/","url":"https:\/\/cryomedpro.com\/nb\/cryotherapy-machine-lease\/","name":"Kryoterapi maskinleasing","isPartOf":{"@id":"https:\/\/cryomedpro.com\/#website"},"datePublished":"2018-08-03T07:38:29+00:00","dateModified":"2019-11-30T09:16:45+00:00","description":"Alternativet for leasing av cryosauna fra Cryomed, som ligner p\u00e5 utleie av kryoterapimaskiner, er ment for kunder som \u00f8nsker \u00e5 starte en kryoterapivirksomhet, men som midlertidig mangler pengene til \u00e5 kj\u00f8pe fra starten av.","breadcrumb":{"@id":"https:\/\/cryomedpro.com\/nb\/cryotherapy-machine-lease\/#breadcrumb"},"inLanguage":"nb-NO","potentialAction":[{"@type":"ReadAction","target":["https:\/\/cryomedpro.com\/nb\/cryotherapy-machine-lease\/"]}]},{"@type":"BreadcrumbList","@id":"https:\/\/cryomedpro.com\/nb\/cryotherapy-machine-lease\/#breadcrumb","itemListElement":[{"@type":"ListItem","position":1,"name":"Home","item":"https:\/\/cryomedpro.com\/nb\/"},{"@type":"ListItem","position":2,"name":"Kryoterapi maskinleasing"}]},{"@type":"WebSite","@id":"https:\/\/cryomedpro.com\/#website","url":"https:\/\/cryomedpro.com\/","name":"Cryomed PRO","description":"Cryosaunas Worldwide","publisher":{"@id":"https:\/\/cryomedpro.com\/#\/schema\/person\/752b92c38fb6f6c5052ef7763f4d79eb"},"potentialAction":[{"@type":"SearchAction","target":{"@type":"EntryPoint","urlTemplate":"https:\/\/cryomedpro.com\/?s={search_term_string}"},"query-input":"required name=search_term_string"}],"inLanguage":"nb-NO"},{"@type":["Person","Organization"],"@id":"https:\/\/cryomedpro.com\/#\/schema\/person\/752b92c38fb6f6c5052ef7763f4d79eb","name":"healthycold","image":{"@type":"ImageObject","inLanguage":"nb-NO","@id":"https:\/\/cryomedpro.com\/#\/schema\/person\/image\/","url":"https:\/\/secure.gravatar.com\/avatar\/bbe2f3ec78281a56dba108d1bf0f9ffa?s=96&d=mm&r=g","contentUrl":"https:\/\/secure.gravatar.com\/avatar\/bbe2f3ec78281a56dba108d1bf0f9ffa?s=96&d=mm&r=g","caption":"healthycold"},"logo":{"@id":"https:\/\/cryomedpro.com\/#\/schema\/person\/image\/"}}]}},"_links":{"self":[{"href":"https:\/\/cryomedpro.com\/nb\/wp-json\/wp\/v2\/pages\/12436"}],"collection":[{"href":"https:\/\/cryomedpro.com\/nb\/wp-json\/wp\/v2\/pages"}],"about":[{"href":"https:\/\/cryomedpro.com\/nb\/wp-json\/wp\/v2\/types\/page"}],"author":[{"embeddable":true,"href":"https:\/\/cryomedpro.com\/nb\/wp-json\/wp\/v2\/users\/2"}],"replies":[{"embeddable":true,"href":"https:\/\/cryomedpro.com\/nb\/wp-json\/wp\/v2\/comments?post=12436"}],"version-history":[{"count":0,"href":"https:\/\/cryomedpro.com\/nb\/wp-json\/wp\/v2\/pages\/12436\/revisions"}],"wp:attachment":[{"href":"https:\/\/cryomedpro.com\/nb\/wp-json\/wp\/v2\/media?parent=12436"}],"wp:term":[{"taxonomy":"post_tag","embeddable":true,"href":"https:\/\/cryomedpro.com\/nb\/wp-json\/wp\/v2\/tags?post=12436"}],"curies":[{"name":"wp","href":"https:\/\/api.w.org\/{rel}","templated":true}]}}