{"id":12439,"date":"2018-08-03T08:52:54","date_gmt":"2018-08-03T06:52:54","guid":{"rendered":"https:\/\/cryomedpro.com\/cryotherapy-machine-rental\/"},"modified":"2019-11-30T10:18:18","modified_gmt":"2019-11-30T09:18:18","slug":"cryotherapy-machine-rental","status":"publish","type":"page","link":"https:\/\/cryomedpro.com\/nb\/cryotherapy-machine-rental\/","title":{"rendered":"Kryoterapi maskinleie"},"content":{"rendered":"<p>[et_pb_section admin_label=&raquo;section&raquo; background_image=&raquo;https:\/\/cryomedpro.com\/wp-content\/uploads\/2018\/08\/cryo-back-2018-leasing.jpg&raquo; transparent_background=&raquo;off&raquo; allow_player_pause=&raquo;off&raquo; inner_shadow=&raquo;off&raquo; parallax=&raquo;off&raquo; parallax_method=&raquo;off&raquo; custom_padding=&raquo;3px|0px|4px|0px&raquo; padding_mobile=&raquo;off&raquo; make_fullwidth=&raquo;off&raquo; use_custom_width=&raquo;off&raquo; width_unit=&raquo;on&raquo; make_equal=&raquo;off&raquo; use_custom_gutter=&raquo;off&raquo; fullwidth=&raquo;off&raquo; specialty=&raquo;off&raquo; module_class=&raquo;ns-banner&raquo; disabled=&raquo;off&raquo;][et_pb_row admin_label=&raquo;row&raquo; make_fullwidth=&raquo;off&raquo; use_custom_width=&raquo;off&raquo; width_unit=&raquo;off&raquo; custom_width_px=&raquo;1080px&raquo; custom_width_percent=&raquo;80%&raquo; use_custom_gutter=&raquo;off&raquo; gutter_width=&raquo;3&#8243; custom_padding=&raquo;21px|0px|21.45px|0px&raquo; padding_mobile=&raquo;off&raquo; allow_player_pause=&raquo;off&raquo; parallax=&raquo;off&raquo; parallax_method=&raquo;on&raquo; make_equal=&raquo;off&raquo; column_padding_mobile=&raquo;on&raquo; parallax_1=&raquo;off&raquo; parallax_method_1=&raquo;on&raquo; parallax_2=&raquo;off&raquo; parallax_method_2=&raquo;on&raquo; parallax_3=&raquo;off&raquo; parallax_method_3=&raquo;on&raquo; parallax_4=&raquo;off&raquo; parallax_method_4=&raquo;on&raquo; disabled=&raquo;off&raquo;][et_pb_column type=&raquo;4_4&#8243;][et_pb_text admin_label=&raquo;Text&raquo; background_layout=&raquo;dark&raquo; text_orientation=&raquo;center&raquo; use_border_color=&raquo;off&raquo; border_style=&raquo;solid&raquo; disabled=&raquo;off&raquo; border_color=&raquo;#ffffff&raquo;]<\/p>\n<h1 style=\"text-align: center;\">Kryoterapi maskinleie<\/h1>\n<p><img decoding=\"async\" loading=\"lazy\" class=\"size-full wp-image-150 aligncenter\" src=\"\/wp-content\/uploads\/2016\/10\/heading-underline.png\" alt=\"heading-underline\" width=\"309\" height=\"12\" srcset=\"https:\/\/cryomedpro.com\/wp-content\/uploads\/2016\/10\/heading-underline.png 309w, https:\/\/cryomedpro.com\/wp-content\/uploads\/2016\/10\/heading-underline-300x12.png 300w\" sizes=\"(max-width: 309px) 100vw, 309px\" \/><\/p>\n<p>[\/et_pb_text][\/et_pb_column][\/et_pb_row][\/et_pb_section][et_pb_section admin_label=&raquo;section&raquo;][et_pb_row admin_label=&raquo;row&raquo;][et_pb_column type=&raquo;1_2&#8243;][et_pb_image admin_label=&raquo;Image&raquo; src=&raquo;https:\/\/cryomedpro.com\/wp-content\/uploads\/2018\/08\/office-1209640_640.jpg&raquo; alt=&raquo;Kryoterapi maskinleie&raquo; title_text=&raquo;Kryoterapi maskinleie&raquo; show_in_lightbox=&raquo;off&raquo; url_new_window=&raquo;off&raquo; use_overlay=&raquo;off&raquo; animation=&raquo;left&raquo; sticky=&raquo;off&raquo; align=&raquo;left&raquo; force_fullwidth=&raquo;off&raquo; always_center_on_mobile=&raquo;on&raquo; use_border_color=&raquo;off&raquo; border_color=&raquo;#ffffff&raquo; border_style=&raquo;solid&raquo;]<br \/>\n[\/et_pb_image][\/et_pb_column][et_pb_column type=&raquo;1_2&#8243;][et_pb_text admin_label=&raquo;Text&raquo; background_layout=&raquo;light&raquo; text_orientation=&raquo;left&raquo; use_border_color=&raquo;off&raquo; border_color=&raquo;#ffffff&raquo; border_style=&raquo;solid&raquo;]<\/p>\n<h2>Hvorfor leie et kryoterapikammer?<\/h2>\n<p>Utleiealternativet for kryoterapimaskiner er beregnet for et bredt spekter av forbrukere fra medisinske institusjoner av ulike typer og spa-salonger til idrettsklubber, -lag og rehabiliteringssentre. I likhet med leasing av kryoterapimaskiner, kan leie gj\u00f8re det mulig for kunder \u00e5 begynne \u00e5 bruke Cryomeds modeller av kryoterapikamre s\u00e5 snart som mulig og uten \u00e5 m\u00e5tte betale hele prisen. Dette finansieringstilbudet for kryokamre utvider den potensielle m\u00e5lgruppen av Cryomeds kunder, og gir dem ekstra fleksibilitet ved utformingen av den optimale forretningsmodellen for deres kryoterapivirksomhet.<\/p>\n<p>[\/et_pb_text][\/et_pb_column][\/et_pb_row][\/et_pb_section][et_pb_section admin_label=&raquo;Section&raquo; fullwidth=&raquo;off&raquo; specialty=&raquo;off&raquo;][et_pb_row admin_label=&raquo;Row&raquo;][et_pb_column type=&raquo;4_4&#8243;][et_pb_text admin_label=&raquo;Text&raquo; background_layout=&raquo;light&raquo; text_orientation=&raquo;left&raquo; use_border_color=&raquo;off&raquo; border_color=&raquo;#ffffff&raquo; border_style=&raquo;solid&raquo;]<\/p>\n<h3>Leiebetingelser for kryoterapimaskiner<\/h3>\n<p>Cryosauna-utleie gj\u00f8r det mulig for kunder \u00e5 foreta et 2 m\u00e5neders innskudd og begynne \u00e5 bruke utstyret med en gang. Hvis virksomheten oppfyller forventningene og viser seg \u00e5 v\u00e6re l\u00f8nnsom, kan utstyret kj\u00f8pes til den originale prisen med fradrag av avskrivninger. Ved \u00e5 betale et fast m\u00e5nedlig bel\u00f8p for leie av kryoterapimaskinen, kan kundene f\u00e5 et ubegrenset antall \u00f8kter per dag uten \u00e5 m\u00e5tte bekymre seg for st\u00f8tte, vedlikehold eller slitasje. Hvis noe g\u00e5r galt med cryosaunaen, vil Cryomed erstatte den gratis.<\/p>\n<p>De grunnleggende vilk\u00e5rene for leie av et kryokabinett er f\u00f8lgende:<\/p>\n<ul>\n<li>2 m\u00e5neders f\u00f8rste innskudd<\/li>\n<li>Forpliktelse til 100+ kryoterapi-\u00f8kter i m\u00e5neden<\/li>\n<li>Hvis kunden \u00f8nsker \u00e5 kj\u00f8pe det leide utstyret etter en gitt periode, vil prisen rekalkuleres med 10% p\u00e5slag (minus avskrivninger gjennom leieperioden)<\/li>\n<\/ul>\n<p>Totalt sett, er leie av cryosauna en praktisk og kostnadseffektiv metode for \u00e5 starte en kryoterapivirksomhet, enten som din kjernetjeneste eller som en del av en bredere portef\u00f8lje av helserelaterte tjenester. Cryosaunaene fra Cryomed er EU-sertifiserte, m\u00f8ter de h\u00f8yeste kvalitets- og sikkerhetsstandardene, og er satt sammen av de beste komponentene som er tilgjengelig p\u00e5 det internasjonale markedet for kryogenutstyr.<\/p>\n<p>Skulle du v\u00e6re interessert i \u00e5 utforske alternativer knyttet til leie av en cryosauna fra Cryomed, er du velkommen til \u00e5 kontakte v\u00e5r salgsavdeling. Vi vil gjerne svare p\u00e5 sp\u00f8rsm\u00e5lene dine, l\u00e6re mer om dine n\u00e5v\u00e6rende eller fremtidige forretningsbehov, og gi deg r\u00e5d om den optimale tiln\u00e6rmingen til \u00e5 legge kryoterapi til blant dine tilbudte tjenester.<\/p>\n<p>For \u00e5 se flere \u00f8konomiske alternativer for din kryoterapivirksomhet, vennligst bes\u00f8k seksjonene for maskinleasing og innbytte av kryoterapimaskiner p\u00e5 siden v\u00e5r.<\/p>\n<p>[\/et_pb_text][et_pb_button admin_label=&raquo;Button&raquo; url_new_window=&raquo;off&raquo; button_text=&raquo;BE OM EN PRIS&raquo; button_alignment=&raquo;left&raquo; background_layout=&raquo;light&raquo; custom_button=&raquo;off&raquo; button_letter_spacing=&raquo;0&#8243; button_use_icon=&raquo;default&raquo; button_icon_placement=&raquo;right&raquo; button_on_hover=&raquo;on&raquo; button_letter_spacing_hover=&raquo;0&#8243; module_class=&raquo;popmake-contact-form-nb&raquo;] [\/et_pb_button][\/et_pb_column][\/et_pb_row][\/et_pb_section]<\/p>\n","protected":false},"excerpt":{"rendered":"<p>[et_pb_section admin_label=&raquo;section&raquo; background_image=&raquo;https:\/\/cryomedpro.com\/wp-content\/uploads\/2018\/08\/cryo-back-2018-leasing.jpg&raquo; transparent_background=&raquo;off&raquo; allow_player_pause=&raquo;off&raquo; inner_shadow=&raquo;off&raquo; parallax=&raquo;off&raquo; parallax_method=&raquo;off&raquo; custom_padding=&raquo;3px|0px|4px|0px&raquo; padding_mobile=&raquo;off&raquo; make_fullwidth=&raquo;off&raquo; use_custom_width=&raquo;off&raquo; width_unit=&raquo;on&raquo; make_equal=&raquo;off&raquo; use_custom_gutter=&raquo;off&raquo; fullwidth=&raquo;off&raquo; specialty=&raquo;off&raquo; module_class=&raquo;ns-banner&raquo; disabled=&raquo;off&raquo;][et_pb_row admin_label=&raquo;row&raquo; make_fullwidth=&raquo;off&raquo; use_custom_width=&raquo;off&raquo; width_unit=&raquo;off&raquo; custom_width_px=&raquo;1080px&raquo; custom_width_percent=&raquo;80%&raquo; use_custom_gutter=&raquo;off&raquo; gutter_width=&raquo;3&#8243; custom_padding=&raquo;21px|0px|21.45px|0px&raquo; padding_mobile=&raquo;off&raquo; allow_player_pause=&raquo;off&raquo; parallax=&raquo;off&raquo; parallax_method=&raquo;on&raquo; make_equal=&raquo;off&raquo; column_padding_mobile=&raquo;on&raquo; parallax_1=&raquo;off&raquo; parallax_method_1=&raquo;on&raquo; parallax_2=&raquo;off&raquo; parallax_method_2=&raquo;on&raquo; parallax_3=&raquo;off&raquo; parallax_method_3=&raquo;on&raquo; parallax_4=&raquo;off&raquo; parallax_method_4=&raquo;on&raquo; disabled=&raquo;off&raquo;][et_pb_column type=&raquo;4_4&#8243;][et_pb_text admin_label=&raquo;Text&raquo; background_layout=&raquo;dark&raquo; text_orientation=&raquo;center&raquo; use_border_color=&raquo;off&raquo; border_style=&raquo;solid&raquo; disabled=&raquo;off&raquo; border_color=&raquo;#ffffff&raquo;] Kryoterapi maskinleie [\/et_pb_text][\/et_pb_column][\/et_pb_row][\/et_pb_section][et_pb_section admin_label=&raquo;section&raquo;][et_pb_row [&hellip;]<\/p>\n","protected":false},"author":2,"featured_media":0,"parent":0,"menu_order":0,"comment_status":"closed","ping_status":"closed","template":"","meta":[],"tags":[],"yoast_head":"<!-- This site is optimized with the Yoast SEO plugin v20.0 - https:\/\/yoast.com\/wordpress\/plugins\/seo\/ -->\n<title>Kryoterapi maskinleie<\/title>\n<meta name=\"description\" content=\"Utleiealternativet for kryoterapimaskiner er beregnet for et bredt spekter av forbrukere fra medisinske institusjoner av ulike typer og spa-salonger til idrettsklubber, -lag og rehabiliteringssentre.\" \/>\n<meta name=\"robots\" content=\"index, follow, max-snippet:-1, max-image-preview:large, max-video-preview:-1\" \/>\n<link rel=\"canonical\" href=\"https:\/\/cryomedpro.com\/nb\/cryotherapy-machine-rental\/\" \/>\n<meta property=\"og:locale\" content=\"nb_NO\" \/>\n<meta property=\"og:type\" content=\"article\" \/>\n<meta property=\"og:title\" content=\"Kryoterapi maskinleie\" \/>\n<meta property=\"og:description\" content=\"Utleiealternativet for kryoterapimaskiner er beregnet for et bredt spekter av forbrukere fra medisinske institusjoner av ulike typer og spa-salonger til idrettsklubber, -lag og rehabiliteringssentre.\" \/>\n<meta property=\"og:url\" content=\"https:\/\/cryomedpro.com\/nb\/cryotherapy-machine-rental\/\" \/>\n<meta property=\"og:site_name\" content=\"Cryomed PRO\" \/>\n<meta property=\"article:modified_time\" content=\"2019-11-30T09:18:18+00:00\" \/>\n<meta property=\"og:image\" content=\"https:\/\/cryomedpro.com\/wp-content\/uploads\/2016\/10\/heading-underline.png\" \/>\n<meta name=\"twitter:card\" content=\"summary_large_image\" \/>\n<meta name=\"twitter:label1\" content=\"Ansl. lesetid\" \/>\n\t<meta name=\"twitter:data1\" content=\"4 minutter\" \/>\n<!-- \/ Yoast SEO plugin. -->","yoast_head_json":{"title":"Kryoterapi maskinleie","description":"Utleiealternativet for kryoterapimaskiner er beregnet for et bredt spekter av forbrukere fra medisinske institusjoner av ulike typer og spa-salonger til idrettsklubber, -lag og rehabiliteringssentre.","robots":{"index":"index","follow":"follow","max-snippet":"max-snippet:-1","max-image-preview":"max-image-preview:large","max-video-preview":"max-video-preview:-1"},"canonical":"https:\/\/cryomedpro.com\/nb\/cryotherapy-machine-rental\/","og_locale":"nb_NO","og_type":"article","og_title":"Kryoterapi maskinleie","og_description":"Utleiealternativet for kryoterapimaskiner er beregnet for et bredt spekter av forbrukere fra medisinske institusjoner av ulike typer og spa-salonger til idrettsklubber, -lag og rehabiliteringssentre.","og_url":"https:\/\/cryomedpro.com\/nb\/cryotherapy-machine-rental\/","og_site_name":"Cryomed PRO","article_modified_time":"2019-11-30T09:18:18+00:00","og_image":[{"url":"https:\/\/cryomedpro.com\/wp-content\/uploads\/2016\/10\/heading-underline.png"}],"twitter_card":"summary_large_image","twitter_misc":{"Ansl. lesetid":"4 minutter"},"schema":{"@context":"https:\/\/schema.org","@graph":[{"@type":"WebPage","@id":"https:\/\/cryomedpro.com\/nb\/cryotherapy-machine-rental\/","url":"https:\/\/cryomedpro.com\/nb\/cryotherapy-machine-rental\/","name":"Kryoterapi maskinleie","isPartOf":{"@id":"https:\/\/cryomedpro.com\/#website"},"datePublished":"2018-08-03T06:52:54+00:00","dateModified":"2019-11-30T09:18:18+00:00","description":"Utleiealternativet for kryoterapimaskiner er beregnet for et bredt spekter av forbrukere fra medisinske institusjoner av ulike typer og spa-salonger til idrettsklubber, -lag og rehabiliteringssentre.","breadcrumb":{"@id":"https:\/\/cryomedpro.com\/nb\/cryotherapy-machine-rental\/#breadcrumb"},"inLanguage":"nb-NO","potentialAction":[{"@type":"ReadAction","target":["https:\/\/cryomedpro.com\/nb\/cryotherapy-machine-rental\/"]}]},{"@type":"BreadcrumbList","@id":"https:\/\/cryomedpro.com\/nb\/cryotherapy-machine-rental\/#breadcrumb","itemListElement":[{"@type":"ListItem","position":1,"name":"Home","item":"https:\/\/cryomedpro.com\/nb\/"},{"@type":"ListItem","position":2,"name":"Kryoterapi maskinleie"}]},{"@type":"WebSite","@id":"https:\/\/cryomedpro.com\/#website","url":"https:\/\/cryomedpro.com\/","name":"Cryomed PRO","description":"Cryosaunas Worldwide","publisher":{"@id":"https:\/\/cryomedpro.com\/#\/schema\/person\/752b92c38fb6f6c5052ef7763f4d79eb"},"potentialAction":[{"@type":"SearchAction","target":{"@type":"EntryPoint","urlTemplate":"https:\/\/cryomedpro.com\/?s={search_term_string}"},"query-input":"required name=search_term_string"}],"inLanguage":"nb-NO"},{"@type":["Person","Organization"],"@id":"https:\/\/cryomedpro.com\/#\/schema\/person\/752b92c38fb6f6c5052ef7763f4d79eb","name":"healthycold","image":{"@type":"ImageObject","inLanguage":"nb-NO","@id":"https:\/\/cryomedpro.com\/#\/schema\/person\/image\/","url":"https:\/\/secure.gravatar.com\/avatar\/bbe2f3ec78281a56dba108d1bf0f9ffa?s=96&d=mm&r=g","contentUrl":"https:\/\/secure.gravatar.com\/avatar\/bbe2f3ec78281a56dba108d1bf0f9ffa?s=96&d=mm&r=g","caption":"healthycold"},"logo":{"@id":"https:\/\/cryomedpro.com\/#\/schema\/person\/image\/"}}]}},"_links":{"self":[{"href":"https:\/\/cryomedpro.com\/nb\/wp-json\/wp\/v2\/pages\/12439"}],"collection":[{"href":"https:\/\/cryomedpro.com\/nb\/wp-json\/wp\/v2\/pages"}],"about":[{"href":"https:\/\/cryomedpro.com\/nb\/wp-json\/wp\/v2\/types\/page"}],"author":[{"embeddable":true,"href":"https:\/\/cryomedpro.com\/nb\/wp-json\/wp\/v2\/users\/2"}],"replies":[{"embeddable":true,"href":"https:\/\/cryomedpro.com\/nb\/wp-json\/wp\/v2\/comments?post=12439"}],"version-history":[{"count":0,"href":"https:\/\/cryomedpro.com\/nb\/wp-json\/wp\/v2\/pages\/12439\/revisions"}],"wp:attachment":[{"href":"https:\/\/cryomedpro.com\/nb\/wp-json\/wp\/v2\/media?parent=12439"}],"wp:term":[{"taxonomy":"post_tag","embeddable":true,"href":"https:\/\/cryomedpro.com\/nb\/wp-json\/wp\/v2\/tags?post=12439"}],"curies":[{"name":"wp","href":"https:\/\/api.w.org\/{rel}","templated":true}]}}