{"id":12444,"date":"2018-08-03T09:43:45","date_gmt":"2018-08-03T07:43:45","guid":{"rendered":"https:\/\/cryomedpro.com\/cryotherapy-machine-trade-in\/"},"modified":"2020-02-06T23:31:18","modified_gmt":"2020-02-06T22:31:18","slug":"cryotherapy-machine-trade-in","status":"publish","type":"page","link":"https:\/\/cryomedpro.com\/nb\/cryotherapy-machine-trade-in\/","title":{"rendered":"Innbytteprogram for kryokabinett"},"content":{"rendered":"<p>[et_pb_section admin_label=&raquo;section&raquo; background_image=&raquo;https:\/\/cryomedpro.com\/wp-content\/uploads\/2018\/08\/cryo-back-2018-leasing.jpg&raquo; transparent_background=&raquo;off&raquo; allow_player_pause=&raquo;off&raquo; inner_shadow=&raquo;off&raquo; parallax=&raquo;off&raquo; parallax_method=&raquo;off&raquo; custom_padding=&raquo;3px|0px|4px|0px&raquo; padding_mobile=&raquo;off&raquo; make_fullwidth=&raquo;off&raquo; use_custom_width=&raquo;off&raquo; width_unit=&raquo;on&raquo; make_equal=&raquo;off&raquo; use_custom_gutter=&raquo;off&raquo; fullwidth=&raquo;off&raquo; specialty=&raquo;off&raquo; module_class=&raquo;ns-banner&raquo; disabled=&raquo;off&raquo;][et_pb_row admin_label=&raquo;row&raquo; make_fullwidth=&raquo;off&raquo; use_custom_width=&raquo;off&raquo; width_unit=&raquo;off&raquo; custom_width_px=&raquo;1080px&raquo; custom_width_percent=&raquo;80%&raquo; use_custom_gutter=&raquo;off&raquo; gutter_width=&raquo;3&#8243; custom_padding=&raquo;21px|0px|21.45px|0px&raquo; padding_mobile=&raquo;off&raquo; allow_player_pause=&raquo;off&raquo; parallax=&raquo;off&raquo; parallax_method=&raquo;on&raquo; make_equal=&raquo;off&raquo; column_padding_mobile=&raquo;on&raquo; parallax_1=&raquo;off&raquo; parallax_method_1=&raquo;on&raquo; parallax_2=&raquo;off&raquo; parallax_method_2=&raquo;on&raquo; parallax_3=&raquo;off&raquo; parallax_method_3=&raquo;on&raquo; parallax_4=&raquo;off&raquo; parallax_method_4=&raquo;on&raquo; disabled=&raquo;off&raquo;][et_pb_column type=&raquo;4_4&#8243;][et_pb_text admin_label=&raquo;Text&raquo; background_layout=&raquo;dark&raquo; text_orientation=&raquo;center&raquo; use_border_color=&raquo;off&raquo; border_style=&raquo;solid&raquo; disabled=&raquo;off&raquo; border_color=&raquo;#ffffff&raquo;]<\/p>\n<h1 style=\"text-align: center;\">Innbytteprogram for kryokabinett<\/h1>\n<p><img decoding=\"async\" loading=\"lazy\" class=\"size-full wp-image-150 aligncenter\" src=\"\/wp-content\/uploads\/2016\/10\/heading-underline.png\" alt=\"heading-underline\" width=\"309\" height=\"12\" srcset=\"https:\/\/cryomedpro.com\/wp-content\/uploads\/2016\/10\/heading-underline.png 309w, https:\/\/cryomedpro.com\/wp-content\/uploads\/2016\/10\/heading-underline-300x12.png 300w\" sizes=\"(max-width: 309px) 100vw, 309px\" \/><\/p>\n<p>[\/et_pb_text][\/et_pb_column][\/et_pb_row][\/et_pb_section][et_pb_section admin_label=&raquo;section&raquo;][et_pb_row admin_label=&raquo;row&raquo;][et_pb_column type=&raquo;1_2&#8243;][et_pb_image admin_label=&raquo;Image&raquo; src=&raquo;https:\/\/cryomedpro.com\/wp-content\/uploads\/2018\/08\/business-3167295_960_720-new.jpg&raquo; alt=&raquo; innbytteprogram for kryokabinett&raquo; title_text=&raquo; innbytteprogram for kryokabinett&raquo; show_in_lightbox=&raquo;off&raquo; url_new_window=&raquo;off&raquo; use_overlay=&raquo;off&raquo; animation=&raquo;left&raquo; sticky=&raquo;off&raquo; align=&raquo;left&raquo; force_fullwidth=&raquo;off&raquo; always_center_on_mobile=&raquo;on&raquo; use_border_color=&raquo;off&raquo; border_color=&raquo;#ffffff&raquo; border_style=&raquo;solid&raquo;]<\/p>\n<p>&nbsp;<\/p>\n<p>[\/et_pb_image][\/et_pb_column][et_pb_column type=&raquo;1_2&#8243;][et_pb_text admin_label=&raquo;Text&raquo; background_layout=&raquo;light&raquo; text_orientation=&raquo;left&raquo; use_border_color=&raquo;off&raquo; border_color=&raquo;#ffffff&raquo; border_style=&raquo;solid&raquo;]<\/p>\n<h2>Hvorfor bytte inn et kryoterapikammer?<\/h2>\n<p>Innbyttetjenesten for cryosaunaer fra Cryomed er en utmerket mulighet for eiere av eldre kryoterapiutstyr til \u00e5 oppgradere kryokamrene til en betydelig rabatt. Innbyttetjenesten for kryoterapimaskiner sparer eiere for problemet med \u00e5 finne potensielle kj\u00f8pere av brukt utstyr og sende det til dem.<\/p>\n<p>[\/et_pb_text][\/et_pb_column][\/et_pb_row][\/et_pb_section][et_pb_section admin_label=&raquo;Section&raquo; fullwidth=&raquo;off&raquo; specialty=&raquo;off&raquo;][et_pb_row admin_label=&raquo;Row&raquo;][et_pb_column type=&raquo;4_4&#8243;][et_pb_text admin_label=&raquo;Text&raquo; background_layout=&raquo;light&raquo; text_orientation=&raquo;left&raquo; use_border_color=&raquo;off&raquo; border_color=&raquo;#ffffff&raquo; border_style=&raquo;solid&raquo;]<\/p>\n<h3>Innbyttebetingelser for kryoterapimaskiner<\/h3>\n<p>Som en del av sitt unike innbytteprogram for kryokabinett:<\/p>\n<ul>\n<li style=\"font-weight: 400;\">vil Cryomed bytte ut brukt kryoterapiutstyr fra ENHVER produsent for en heftig rabatt p\u00e5 10-50% p\u00e5 hvilken som helst ny Cryomed Pro eller Cryomed Mini-enhet.<\/li>\n<li style=\"font-weight: 400;\">St\u00f8rrelsen p\u00e5 rabatten avhenger av tilstanden til utstyret som byttes inn og vil avgj\u00f8res av en faglig vurdering.<\/li>\n<li style=\"font-weight: 400;\">Cryomed vil ta seg av logistikken ved \u00e5 plukke opp dine brukte kryoterapienheter ved levering av de nye.<\/li>\n<\/ul>\n<p>Inbyttetjenesten for kryokamre er et unikt tilbud som gjelder b\u00e5de Cryomed Pro (Dewar- eller trykkflasker)- og Cryomed Mini (trykkflasker)-kryosaunaer og er kun tilgjengelig for EU-kunder.<\/p>\n<p>[\/et_pb_text][et_pb_toggle admin_label=&raquo;Lukke\/\u00e5pne&raquo; title=&raquo;Handler det virkelig om ENHVER gammel cryosauna fra ENHVER produsent?&raquo; open=&raquo;off&raquo; use_border_color=&raquo;off&raquo; border_color=&raquo;#ffffff&raquo; border_style=&raquo;solid&raquo;]<\/p>\n<p>Ja, du kan bruke v\u00e5rt innbyttealternativ for \u00e5 bytte ut gammelt\/brukt\/renovert kryoterapiutstyr fra HVILKEN SOM HELST produsent.<\/p>\n<p>[\/et_pb_toggle][et_pb_toggle admin_label=&raquo;Lukke\/\u00e5pne&raquo; title=&raquo;Selger dere brukte kryosaunaer?&raquo; open=&raquo;off&raquo; use_border_color=&raquo;off&raquo; border_color=&raquo;#ffffff&raquo; border_style=&raquo;solid&raquo;]<\/p>\n<p>Nei, kryosauna-innbytningstjenesten fra Cryomed er en utmerket mulighet til \u00e5 oppgradere DINE brukte kryokamre til en betydelig rabatt.<\/p>\n<p>[\/et_pb_toggle][et_pb_toggle admin_label=&raquo;Lukke\/\u00e5pne&raquo; title=&raquo;Renoveres kryosaunaene deres?&raquo; open=&raquo;off&raquo; use_border_color=&raquo;off&raquo; border_color=&raquo;#ffffff&raquo; border_style=&raquo;solid&raquo;]<\/p>\n<p>Nei, Cryomed tilbyr nye kryosaunaer for hver kunde. Du kan benytte deg av tilbudet v\u00e5rt om innbytte av ditt eldre kryoterapiutstyr akkurat n\u00e5!<\/p>\n<p>[\/et_pb_toggle][et_pb_text admin_label=&raquo;Text&raquo; background_layout=&raquo;light&raquo; text_orientation=&raquo;left&raquo; use_border_color=&raquo;off&raquo; border_color=&raquo;#ffffff&raquo; border_style=&raquo;solid&raquo;]<\/p>\n<h4 style=\"text-align: center;\">Om Cryomed<\/h4>\n<p>Cryomed har en portef\u00f8lje av kryosaunaer i topp kvalitet p\u00e5 det europeiske makedet, og er glad for \u00e5 tilby innbyttealternativet for kryoterapimaskiner til sine kunder, samt potensielle kunder som s\u00f8ker en god avtale for fornyelse av deres kryogenutstyr s\u00e5 snart som mulig.<\/p>\n<p>[\/et_pb_text][et_pb_tabs admin_label=&raquo;Faner&raquo; use_border_color=&raquo;off&raquo; border_color=&raquo;#ffffff&raquo; border_style=&raquo;solid&raquo;]<\/p>\n<p>[et_pb_tab title=&raquo;Sertifikater&raquo; tab_font_select=&raquo;default&raquo; tab_font=&raquo;||||&raquo; tab_line_height=&raquo;2em&raquo; tab_line_height_tablet=&raquo;2em&raquo; tab_line_height_phone=&raquo;2em&raquo; body_font_select=&raquo;default&raquo; body_font=&raquo;||||&raquo; body_line_height=&raquo;2em&raquo; body_line_height_tablet=&raquo;2em&raquo; body_line_height_phone=&raquo;2em&raquo;]<\/p>\n<p>Alle kryosaunaer fra Cryomed er fullt sertifiserte og m\u00f8ter de strengeste EU-standardene i forhold til operativ effektivitet, kvalitet av komponenter, personlig milj\u00f8messig sikkerhet og mer.<\/p>\n<p>[\/et_pb_tab][et_pb_tab title=&raquo;Hvem er tilbudet for?&raquo; tab_font_select=&raquo;default&raquo; tab_font=&raquo;||||&raquo; tab_line_height=&raquo;2em&raquo; tab_line_height_tablet=&raquo;2em&raquo; tab_line_height_phone=&raquo;2em&raquo; body_font_select=&raquo;default&raquo; body_font=&raquo;||||&raquo; body_line_height=&raquo;2em&raquo; body_line_height_tablet=&raquo;2em&raquo; body_line_height_phone=&raquo;2em&raquo;]<\/p>\n<p>Hvis du eier eller leder en sportsklubb, rehabiliteringssenter, et lite hotell med en spa, et medisinsk kontor eller en annen etablering som jobber med restorativ terapi, inkludert kryoterapi, er dette finansieringsalternativet for kryokabinett din perfekte mulighet til \u00e5 begynne \u00e5 nyte fordelene av moderne teknologi uten \u00e5 bruke tid p\u00e5 \u00e5 selge ditt gamle utstyr og s\u00f8ke om et bankl\u00e5n.<\/p>\n<p>[\/et_pb_tab][et_pb_tab title=&raquo;Kontakt oss!&raquo; tab_font_select=&raquo;default&raquo; tab_font=&raquo;||||&raquo; tab_line_height=&raquo;2em&raquo; tab_line_height_tablet=&raquo;2em&raquo; tab_line_height_phone=&raquo;2em&raquo; body_font_select=&raquo;default&raquo; body_font=&raquo;||||&raquo; body_line_height=&raquo;2em&raquo; body_line_height_tablet=&raquo;2em&raquo; body_line_height_phone=&raquo;2em&raquo;]<\/p>\n<p>Bare kontakt oss p\u00e5 <a href=\"mailto:in**@********ro.com\" data-original-string=\"Fc0KWPCTmlRqoH1jYfqC1A==caeLFIDn\/HDdHI7Z+zygUvdbqqJJ8clRyLV2PdvzKMfiiA=\" title=\"This contact has been encoded by Anti-Spam by CleanTalk. Click to decode. To finish the decoding make sure that JavaScript is enabled in your browser.\"><span \n                data-original-string='tdgyEtFiYOZ60pxjSyYbZA==caeqD4oJJK4jxpmgHCOe+hMmgED2ul9AZ\/FeHSklFm8TB0='\n                class='apbct-email-encoder'\n                title='This contact has been encoded by Anti-Spam by CleanTalk. Click to decode. To finish the decoding make sure that JavaScript is enabled in your browser.'>in<span class=\"apbct-blur\">**<\/span>@<span class=\"apbct-blur\">********<\/span>ro.com<\/span><\/a> eller ring oss p\u00e5 +421 948 224 850 for \u00e5 diskutere detaljene, s\u00e5 vil vi gi deg et personlig pristilbud for din utstyrsoppgradering. For \u00e5 se flere \u00f8konomiske alternativet for din kryoterapivirksomhet, vennligst bes\u00f8k seksjonene for leasing og maskinutleie av cryosauna p\u00e5 siden v\u00e5r.<\/p>\n<p>[\/et_pb_tab]<\/p>\n<p>[\/et_pb_tabs][et_pb_button admin_label=&raquo;Button&raquo; url_new_window=&raquo;off&raquo; button_text=&raquo;BE OM EN PRIS&raquo; button_alignment=&raquo;left&raquo; background_layout=&raquo;light&raquo; custom_button=&raquo;off&raquo; button_letter_spacing=&raquo;0&#8243; button_use_icon=&raquo;default&raquo; button_icon_placement=&raquo;right&raquo; button_on_hover=&raquo;on&raquo; button_letter_spacing_hover=&raquo;0&#8243; module_class=&raquo;popmake-contact-form-nb&raquo;]<\/p>\n<p>&nbsp;<\/p>\n<p>[\/et_pb_button][\/et_pb_column][\/et_pb_row][\/et_pb_section]<\/p>\n","protected":false},"excerpt":{"rendered":"<p>[et_pb_section admin_label=&raquo;section&raquo; background_image=&raquo;https:\/\/cryomedpro.com\/wp-content\/uploads\/2018\/08\/cryo-back-2018-leasing.jpg&raquo; transparent_background=&raquo;off&raquo; allow_player_pause=&raquo;off&raquo; inner_shadow=&raquo;off&raquo; parallax=&raquo;off&raquo; parallax_method=&raquo;off&raquo; custom_padding=&raquo;3px|0px|4px|0px&raquo; padding_mobile=&raquo;off&raquo; make_fullwidth=&raquo;off&raquo; use_custom_width=&raquo;off&raquo; width_unit=&raquo;on&raquo; make_equal=&raquo;off&raquo; use_custom_gutter=&raquo;off&raquo; fullwidth=&raquo;off&raquo; specialty=&raquo;off&raquo; module_class=&raquo;ns-banner&raquo; disabled=&raquo;off&raquo;][et_pb_row admin_label=&raquo;row&raquo; make_fullwidth=&raquo;off&raquo; use_custom_width=&raquo;off&raquo; width_unit=&raquo;off&raquo; custom_width_px=&raquo;1080px&raquo; custom_width_percent=&raquo;80%&raquo; use_custom_gutter=&raquo;off&raquo; gutter_width=&raquo;3&#8243; custom_padding=&raquo;21px|0px|21.45px|0px&raquo; padding_mobile=&raquo;off&raquo; allow_player_pause=&raquo;off&raquo; parallax=&raquo;off&raquo; parallax_method=&raquo;on&raquo; make_equal=&raquo;off&raquo; column_padding_mobile=&raquo;on&raquo; parallax_1=&raquo;off&raquo; parallax_method_1=&raquo;on&raquo; parallax_2=&raquo;off&raquo; parallax_method_2=&raquo;on&raquo; parallax_3=&raquo;off&raquo; parallax_method_3=&raquo;on&raquo; parallax_4=&raquo;off&raquo; parallax_method_4=&raquo;on&raquo; disabled=&raquo;off&raquo;][et_pb_column type=&raquo;4_4&#8243;][et_pb_text admin_label=&raquo;Text&raquo; background_layout=&raquo;dark&raquo; text_orientation=&raquo;center&raquo; use_border_color=&raquo;off&raquo; border_style=&raquo;solid&raquo; disabled=&raquo;off&raquo; border_color=&raquo;#ffffff&raquo;] Innbytteprogram for kryokabinett [\/et_pb_text][\/et_pb_column][\/et_pb_row][\/et_pb_section][et_pb_section [&hellip;]<\/p>\n","protected":false},"author":2,"featured_media":0,"parent":0,"menu_order":0,"comment_status":"closed","ping_status":"closed","template":"","meta":[],"tags":[],"yoast_head":"<!-- This site is optimized with the Yoast SEO plugin v20.0 - https:\/\/yoast.com\/wordpress\/plugins\/seo\/ -->\n<title>Innbytte av kryoterapimaskiner. Oppgrader HVILKEN SOM HELST kryosauna i dag | Cryomed PRO<\/title>\n<meta name=\"description\" content=\"Topp kryoterapiavtaler for eiere av eldre kryoutstyr! Bruk v\u00e5rt innbyttealternativ for finansiering av kryoterapiutstyr og tilby kundene dine NYE kryokamre til en fornuftig pris.\" \/>\n<meta name=\"robots\" content=\"index, follow, max-snippet:-1, max-image-preview:large, max-video-preview:-1\" \/>\n<link rel=\"canonical\" href=\"https:\/\/cryomedpro.com\/nb\/cryotherapy-machine-trade-in\/\" \/>\n<meta property=\"og:locale\" content=\"nb_NO\" \/>\n<meta property=\"og:type\" content=\"article\" \/>\n<meta property=\"og:title\" content=\"Innbytte av kryoterapimaskiner. Oppgrader HVILKEN SOM HELST kryosauna i dag | Cryomed PRO\" \/>\n<meta property=\"og:description\" content=\"Topp kryoterapiavtaler for eiere av eldre kryoutstyr! Bruk v\u00e5rt innbyttealternativ for finansiering av kryoterapiutstyr og tilby kundene dine NYE kryokamre til en fornuftig pris.\" \/>\n<meta property=\"og:url\" content=\"https:\/\/cryomedpro.com\/nb\/cryotherapy-machine-trade-in\/\" \/>\n<meta property=\"og:site_name\" content=\"Cryomed PRO\" \/>\n<meta property=\"article:modified_time\" content=\"2020-02-06T22:31:18+00:00\" \/>\n<meta property=\"og:image\" content=\"https:\/\/cryomedpro.com\/wp-content\/uploads\/2016\/10\/heading-underline.png\" \/>\n<meta name=\"twitter:card\" content=\"summary_large_image\" \/>\n<meta name=\"twitter:label1\" content=\"Ansl. lesetid\" \/>\n\t<meta name=\"twitter:data1\" content=\"5 minutter\" \/>\n<!-- \/ Yoast SEO plugin. -->","yoast_head_json":{"title":"Innbytte av kryoterapimaskiner. Oppgrader HVILKEN SOM HELST kryosauna i dag | Cryomed PRO","description":"Topp kryoterapiavtaler for eiere av eldre kryoutstyr! Bruk v\u00e5rt innbyttealternativ for finansiering av kryoterapiutstyr og tilby kundene dine NYE kryokamre til en fornuftig pris.","robots":{"index":"index","follow":"follow","max-snippet":"max-snippet:-1","max-image-preview":"max-image-preview:large","max-video-preview":"max-video-preview:-1"},"canonical":"https:\/\/cryomedpro.com\/nb\/cryotherapy-machine-trade-in\/","og_locale":"nb_NO","og_type":"article","og_title":"Innbytte av kryoterapimaskiner. Oppgrader HVILKEN SOM HELST kryosauna i dag | Cryomed PRO","og_description":"Topp kryoterapiavtaler for eiere av eldre kryoutstyr! Bruk v\u00e5rt innbyttealternativ for finansiering av kryoterapiutstyr og tilby kundene dine NYE kryokamre til en fornuftig pris.","og_url":"https:\/\/cryomedpro.com\/nb\/cryotherapy-machine-trade-in\/","og_site_name":"Cryomed PRO","article_modified_time":"2020-02-06T22:31:18+00:00","og_image":[{"url":"https:\/\/cryomedpro.com\/wp-content\/uploads\/2016\/10\/heading-underline.png"}],"twitter_card":"summary_large_image","twitter_misc":{"Ansl. lesetid":"5 minutter"},"schema":{"@context":"https:\/\/schema.org","@graph":[{"@type":"WebPage","@id":"https:\/\/cryomedpro.com\/nb\/cryotherapy-machine-trade-in\/","url":"https:\/\/cryomedpro.com\/nb\/cryotherapy-machine-trade-in\/","name":"Innbytte av kryoterapimaskiner. Oppgrader HVILKEN SOM HELST kryosauna i dag | Cryomed PRO","isPartOf":{"@id":"https:\/\/cryomedpro.com\/#website"},"datePublished":"2018-08-03T07:43:45+00:00","dateModified":"2020-02-06T22:31:18+00:00","description":"Topp kryoterapiavtaler for eiere av eldre kryoutstyr! Bruk v\u00e5rt innbyttealternativ for finansiering av kryoterapiutstyr og tilby kundene dine NYE kryokamre til en fornuftig pris.","breadcrumb":{"@id":"https:\/\/cryomedpro.com\/nb\/cryotherapy-machine-trade-in\/#breadcrumb"},"inLanguage":"nb-NO","potentialAction":[{"@type":"ReadAction","target":["https:\/\/cryomedpro.com\/nb\/cryotherapy-machine-trade-in\/"]}]},{"@type":"BreadcrumbList","@id":"https:\/\/cryomedpro.com\/nb\/cryotherapy-machine-trade-in\/#breadcrumb","itemListElement":[{"@type":"ListItem","position":1,"name":"Home","item":"https:\/\/cryomedpro.com\/nb\/"},{"@type":"ListItem","position":2,"name":"Innbytteprogram for kryokabinett"}]},{"@type":"WebSite","@id":"https:\/\/cryomedpro.com\/#website","url":"https:\/\/cryomedpro.com\/","name":"Cryomed PRO","description":"Cryosaunas Worldwide","publisher":{"@id":"https:\/\/cryomedpro.com\/#\/schema\/person\/752b92c38fb6f6c5052ef7763f4d79eb"},"potentialAction":[{"@type":"SearchAction","target":{"@type":"EntryPoint","urlTemplate":"https:\/\/cryomedpro.com\/?s={search_term_string}"},"query-input":"required name=search_term_string"}],"inLanguage":"nb-NO"},{"@type":["Person","Organization"],"@id":"https:\/\/cryomedpro.com\/#\/schema\/person\/752b92c38fb6f6c5052ef7763f4d79eb","name":"healthycold","image":{"@type":"ImageObject","inLanguage":"nb-NO","@id":"https:\/\/cryomedpro.com\/#\/schema\/person\/image\/","url":"https:\/\/secure.gravatar.com\/avatar\/bbe2f3ec78281a56dba108d1bf0f9ffa?s=96&d=mm&r=g","contentUrl":"https:\/\/secure.gravatar.com\/avatar\/bbe2f3ec78281a56dba108d1bf0f9ffa?s=96&d=mm&r=g","caption":"healthycold"},"logo":{"@id":"https:\/\/cryomedpro.com\/#\/schema\/person\/image\/"}}]}},"_links":{"self":[{"href":"https:\/\/cryomedpro.com\/nb\/wp-json\/wp\/v2\/pages\/12444"}],"collection":[{"href":"https:\/\/cryomedpro.com\/nb\/wp-json\/wp\/v2\/pages"}],"about":[{"href":"https:\/\/cryomedpro.com\/nb\/wp-json\/wp\/v2\/types\/page"}],"author":[{"embeddable":true,"href":"https:\/\/cryomedpro.com\/nb\/wp-json\/wp\/v2\/users\/2"}],"replies":[{"embeddable":true,"href":"https:\/\/cryomedpro.com\/nb\/wp-json\/wp\/v2\/comments?post=12444"}],"version-history":[{"count":0,"href":"https:\/\/cryomedpro.com\/nb\/wp-json\/wp\/v2\/pages\/12444\/revisions"}],"wp:attachment":[{"href":"https:\/\/cryomedpro.com\/nb\/wp-json\/wp\/v2\/media?parent=12444"}],"wp:term":[{"taxonomy":"post_tag","embeddable":true,"href":"https:\/\/cryomedpro.com\/nb\/wp-json\/wp\/v2\/tags?post=12444"}],"curies":[{"name":"wp","href":"https:\/\/api.w.org\/{rel}","templated":true}]}}