{"id":31926,"date":"2019-02-03T22:55:41","date_gmt":"2019-02-03T21:55:41","guid":{"rendered":"https:\/\/cryomedpro.com\/cryofan-cf-05\/"},"modified":"2019-02-07T15:01:08","modified_gmt":"2019-02-07T14:01:08","slug":"cryofan-cf-05","status":"publish","type":"page","link":"https:\/\/cryomedpro.com\/nb\/cryofan-cf-05\/","title":{"rendered":"Cryofan CF-05"},"content":{"rendered":"<p>[et_pb_section admin_label=&raquo;section&raquo; background_image=&raquo;https:\/\/cryomedpro.com\/wp-content\/uploads\/2016\/12\/784743-blue-crystals-frost-macro.jpg&raquo; transparent_background=&raquo;off&raquo; allow_player_pause=&raquo;off&raquo; inner_shadow=&raquo;off&raquo; parallax=&raquo;off&raquo; parallax_method=&raquo;off&raquo; padding_mobile=&raquo;off&raquo; make_fullwidth=&raquo;off&raquo; use_custom_width=&raquo;off&raquo; width_unit=&raquo;on&raquo; make_equal=&raquo;off&raquo; use_custom_gutter=&raquo;off&raquo; module_class=&raquo;ns-banner&raquo; custom_padding=&raquo;3px|0px|0px|0px&raquo;][et_pb_row admin_label=&raquo;row&raquo;][et_pb_column type=&raquo;4_4&#8243;][et_pb_text admin_label=&raquo;Text&raquo; background_layout=&raquo;dark&raquo; text_orientation=&raquo;right&raquo; use_border_color=&raquo;off&raquo; border_color=&raquo;#ffffff&raquo; border_style=&raquo;solid&raquo;]<\/p>\n<h1 style=\"text-align: center;\"><span style=\"font-weight: 400;\">Cryofan CF-05<\/span><\/h1>\n<p><img decoding=\"async\" loading=\"lazy\" class=\"size-full wp-image-150 aligncenter\" src=\"https:\/\/cryomedpro.com\/wp-content\/uploads\/2016\/10\/heading-underline.png\" alt=\"heading-underline\" width=\"309\" height=\"12\" srcset=\"https:\/\/cryomedpro.com\/wp-content\/uploads\/2016\/10\/heading-underline.png 309w, https:\/\/cryomedpro.com\/wp-content\/uploads\/2016\/10\/heading-underline-300x12.png 300w\" sizes=\"(max-width: 309px) 100vw, 309px\" \/><\/p>\n<p>[\/et_pb_text][\/et_pb_column][\/et_pb_row][\/et_pb_section][et_pb_section admin_label=&raquo;Section&raquo; fullwidth=&raquo;off&raquo; specialty=&raquo;off&raquo; transparent_background=&raquo;off&raquo; allow_player_pause=&raquo;off&raquo; inner_shadow=&raquo;off&raquo; parallax=&raquo;off&raquo; parallax_method=&raquo;off&raquo; custom_padding=&raquo;15px|0px|0px|0px&raquo; padding_mobile=&raquo;off&raquo; make_fullwidth=&raquo;off&raquo; use_custom_width=&raquo;off&raquo; width_unit=&raquo;on&raquo; make_equal=&raquo;off&raquo; use_custom_gutter=&raquo;off&raquo;][et_pb_row admin_label=&raquo;Row&raquo; make_fullwidth=&raquo;off&raquo; use_custom_width=&raquo;off&raquo; width_unit=&raquo;on&raquo; use_custom_gutter=&raquo;off&raquo; padding_mobile=&raquo;off&raquo; allow_player_pause=&raquo;off&raquo; parallax=&raquo;off&raquo; parallax_method=&raquo;off&raquo; make_equal=&raquo;off&raquo; parallax_1=&raquo;off&raquo; parallax_method_1=&raquo;off&raquo; column_padding_mobile=&raquo;on&raquo; custom_padding=&raquo;0px|0px|0px|0px&raquo;][et_pb_column type=&raquo;4_4&#8243;][et_pb_code admin_label=&raquo;Code&raquo;]\tCryo\n<span><span><a href=\"https:\/\/cryomedpro.com\/nb\/\">Home<\/a><\/span><\/span>[\/et_pb_code][\/et_pb_column][\/et_pb_row][\/et_pb_section][et_pb_section admin_label=&raquo;Section&raquo; fullwidth=&raquo;off&raquo; specialty=&raquo;off&raquo; transparent_background=&raquo;off&raquo; allow_player_pause=&raquo;off&raquo; inner_shadow=&raquo;off&raquo; parallax=&raquo;off&raquo; parallax_method=&raquo;off&raquo; custom_padding=&raquo;15px|0px|0px|0px&raquo; padding_mobile=&raquo;off&raquo; make_fullwidth=&raquo;off&raquo; use_custom_width=&raquo;off&raquo; width_unit=&raquo;on&raquo; make_equal=&raquo;off&raquo; use_custom_gutter=&raquo;off&raquo;][et_pb_row admin_label=&raquo;Row&raquo;][et_pb_column type=&raquo;1_3&#8243;][et_pb_image admin_label=&raquo;Image&raquo; src=&raquo;https:\/\/cryomedpro.com\/wp-content\/uploads\/2019\/02\/cryofan_cf-05-01.png&raquo; alt=&raquo;Cryofan CF-05&#8243; title_text=&raquo;Cryofan CF-05&#8243; show_in_lightbox=&raquo;off&raquo; url_new_window=&raquo;off&raquo; use_overlay=&raquo;off&raquo; animation=&raquo;left&raquo; sticky=&raquo;off&raquo; align=&raquo;left&raquo; force_fullwidth=&raquo;off&raquo; always_center_on_mobile=&raquo;on&raquo; use_border_color=&raquo;off&raquo; border_color=&raquo;#ffffff&raquo; border_style=&raquo;solid&raquo;]<br \/>\n[\/et_pb_image][\/et_pb_column][et_pb_column type=&raquo;2_3&#8243;][et_pb_text admin_label=&raquo;Text&raquo; background_layout=&raquo;light&raquo; text_orientation=&raquo;right&raquo; use_border_color=&raquo;off&raquo; border_color=&raquo;#ffffff&raquo; border_style=&raquo;solid&raquo;]<\/p>\n<h2 style=\"text-align: left;\">Hva er CRYOFAN?<\/h2>\n<p style=\"text-align: left;\">Cryofan CF-05 er en avansert lokal kryoterapienhet av nyeste generasjon, som bruker en str\u00f8m av superkj\u00f8lt nitrogendamp til raskt og smertefritt \u00e5 redusere temperaturen p\u00e5 menneskehuden og underliggende vev. Fokusert p\u00e5f\u00f8ring av kulde produserer en rekke positive effekter og er mye brukt i kosmetikk, dermatologi, traumatologi og sportsmedisin.<\/p>\n<p style=\"text-align: left;\">Cryofan CF-05 er etterf\u00f8lgeren til den sv\u00e6rt popul\u00e6re CF-04-modellen, med en rekke nyskapende funksjoner, forbedret brukervennlighet og \u00f8kt sikkerhet.<\/p>\n<p>&nbsp;<\/p>\n<p>[\/et_pb_text][et_pb_button admin_label=&raquo;Button&raquo; url_new_window=&raquo;off&raquo; button_text=&raquo;BE OM EN PRIS&raquo; button_alignment=&raquo;center&raquo; background_layout=&raquo;dark&raquo; custom_button=&raquo;on&raquo; button_text_size=&raquo;15&#8243; button_bg_color=&raquo;#8fd400&#8243; button_border_width=&raquo;0&#8243; button_letter_spacing=&raquo;0&#8243; button_use_icon=&raquo;off&raquo; button_icon_placement=&raquo;right&raquo; button_on_hover=&raquo;on&raquo; button_bg_color_hover=&raquo;#b0d369&#8243; button_letter_spacing_hover=&raquo;0&#8243; module_class=&raquo;popmake-contact-form-hr&raquo;]<br \/>\n[\/et_pb_button][\/et_pb_column][\/et_pb_row][et_pb_row admin_label=&raquo;Row&raquo;][et_pb_column type=&raquo;4_4&#8243;][et_pb_text admin_label=&raquo;Text&raquo; background_layout=&raquo;light&raquo; text_orientation=&raquo;left&raquo; use_border_color=&raquo;off&raquo; border_color=&raquo;#ffffff&raquo; border_style=&raquo;solid&raquo;]<\/p>\n<h2 style=\"text-align: center; color: #666666;\">N\u00f8kkelfunksjoner av Cryofan CF-05<\/h2>\n<p><img decoding=\"async\" loading=\"lazy\" class=\"size-medium wp-image-85 aligncenter\" src=\"https:\/\/cryomedpro.com\/wp-content\/uploads\/2016\/10\/brush-2-300x12.png\" alt=\"brush-2\" width=\"300\" height=\"12\" srcset=\"https:\/\/cryomedpro.com\/wp-content\/uploads\/2016\/10\/brush-2-300x12.png 300w, https:\/\/cryomedpro.com\/wp-content\/uploads\/2016\/10\/brush-2.png 309w\" sizes=\"(max-width: 300px) 100vw, 300px\" \/><\/p>\n<p>[\/et_pb_text][\/et_pb_column][\/et_pb_row][et_pb_row admin_label=&raquo;Row&raquo;][et_pb_column type=&raquo;1_2&#8243;][et_pb_text admin_label=&raquo;Text&raquo; background_layout=&raquo;light&raquo; text_orientation=&raquo;left&raquo; use_border_color=&raquo;off&raquo; border_color=&raquo;#ffffff&raquo; border_style=&raquo;solid&raquo;]<\/p>\n<ul>\n<li style=\"font-weight: 400;\">Portabilitet (hjul for enkel transport)<\/li>\n<li style=\"font-weight: 400;\">Futuristisk, ergonomisk og brukervennlig design<\/li>\n<li style=\"font-weight: 400;\">Ber\u00f8ringsskjerm for enkel kontroll<\/li>\n<li style=\"font-weight: 400;\">Gjennomsnittlig varighet av kryogenprosedyrer: 3-5 minutter<\/li>\n<li style=\"font-weight: 400;\">Tidtaker for prosedyre<\/li>\n<li style=\"font-weight: 400;\">Prosedyreteller<\/li>\n<li style=\"font-weight: 400;\">Flerlags sikkerhetssystem med en 24V-str\u00f8mkilde<\/li>\n<li style=\"font-weight: 400;\">Justering av temperaturen p\u00e5 nitrogenstr\u00f8mmen<\/li>\n<li style=\"font-weight: 400;\">Lavt nitrogenforbruk som ikke overskrider 0,06 l\/min (det laveste p\u00e5 markedet for lignende enheter)<\/li>\n<li style=\"font-weight: 400;\">Rask oppstart \u2013 det tar mindre enn fire minutter \u00e5 sette maskinen i gang<\/li>\n<li style=\"font-weight: 400;\">Pasientens hud kommer aldri i kontakt med flytende nitrogen<\/li>\n<li style=\"font-weight: 400;\">Effektiv hudbehandling (kviser og flekker)<\/li>\n<li style=\"font-weight: 400;\">Laget i EU<\/li>\n<\/ul>\n<p>Cryofan kan brukes i kombinasjon med andre Cryomed-produkter, da den bruker de samme Dewar-flaskene. P\u00e5 denne m\u00e5ten kan kundene v\u00e5re nyte den kombinerte effekten av b\u00e5de helkropps og lokal kryoterapi for \u00e5 oppn\u00e5 best mulig resultater.<\/p>\n<p>[\/et_pb_text][\/et_pb_column][et_pb_column type=&raquo;1_2&#8243;][et_pb_image admin_label=&raquo;Image&raquo; src=&raquo;https:\/\/cryomedpro.com\/wp-content\/uploads\/2019\/02\/cryofan_cf-05-02.png&raquo; alt=&raquo;CRYOFAN CF-05&#8243; title_text=&raquo;CRYOFAN CF-05&#8243; show_in_lightbox=&raquo;off&raquo; url_new_window=&raquo;off&raquo; use_overlay=&raquo;off&raquo; animation=&raquo;left&raquo; sticky=&raquo;off&raquo; align=&raquo;left&raquo; force_fullwidth=&raquo;off&raquo; always_center_on_mobile=&raquo;on&raquo; use_border_color=&raquo;off&raquo; border_color=&raquo;#ffffff&raquo; border_style=&raquo;solid&raquo;]<br \/>\n[\/et_pb_image][\/et_pb_column][\/et_pb_row][et_pb_row admin_label=&raquo;Row&raquo;][et_pb_column type=&raquo;4_4&#8243;][et_pb_text admin_label=&raquo;Text&raquo; background_layout=&raquo;light&raquo; text_orientation=&raquo;left&raquo; use_border_color=&raquo;off&raquo; border_color=&raquo;#ffffff&raquo; border_style=&raquo;solid&raquo;]<\/p>\n<h2 style=\"text-align: center; color: #666666;\">Tekniske egenskaper<\/h2>\n<p><img decoding=\"async\" loading=\"lazy\" class=\"size-medium wp-image-85 aligncenter\" src=\"https:\/\/cryomedpro.com\/wp-content\/uploads\/2016\/10\/brush-2-300x12.png\" alt=\"brush-2\" width=\"300\" height=\"12\" srcset=\"https:\/\/cryomedpro.com\/wp-content\/uploads\/2016\/10\/brush-2-300x12.png 300w, https:\/\/cryomedpro.com\/wp-content\/uploads\/2016\/10\/brush-2.png 309w\" sizes=\"(max-width: 300px) 100vw, 300px\" \/><\/p>\n<p>[\/et_pb_text][et_pb_text admin_label=&raquo;Text&raquo; background_layout=&raquo;light&raquo; text_orientation=&raquo;left&raquo; use_border_color=&raquo;off&raquo; border_color=&raquo;#ffffff&raquo; border_style=&raquo;solid&raquo;]<\/p>\n<table class=\"prod_full_attributes\">\n<tbody>\n<tr>\n<td><strong>Funksjon<\/strong><\/td>\n<td><strong>Verdi<\/strong><\/td>\n<\/tr>\n<tr>\n<td>Str\u00f8mforsyning<\/td>\n<td><span style=\"font-weight: 400;\">100-240 VAC, 50\/60 Hz<\/span><\/td>\n<\/tr>\n<tr>\n<td>Maksimalt str\u00f8mforbruk<\/td>\n<td><span style=\"font-weight: 400;\">0,29 kW<\/span><\/td>\n<\/tr>\n<tr>\n<td>Vekt av Cryofan-enhet<\/td>\n<td><span style=\"font-weight: 400;\">23,3 kg<\/span><\/td>\n<\/tr>\n<tr>\n<td>R\u00f8rlengde<\/td>\n<td><span style=\"font-weight: 400;\">1,4 m<\/span><\/td>\n<\/tr>\n<tr>\n<td>Forh\u00e5ndskj\u00f8lingstid (-100\u00ba \u0421)<\/td>\n<td>Under 3 minutter<\/td>\n<\/tr>\n<tr>\n<td>System for automatisk kontroll og vedlikehold av temperatur<\/td>\n<td>Kontroller<\/td>\n<\/tr>\n<tr>\n<td>Ber\u00f8ringsskjerm med farger og enkelt, multifunksjonelt brukergrensesnitt<\/td>\n<td>7\u201d<\/td>\n<\/tr>\n<tr>\n<td>Gasstr\u00f8mtemperatur (maks.)<\/td>\n<td><span style=\"font-weight: 400;\">-130\u00ba \u0421<\/span><\/td>\n<\/tr>\n<tr>\n<td>Flytende nitrogenforbruk for \u00e9n \u00f8kt (10 min, -100\u00ba \u0421)<\/td>\n<td><span style=\"font-weight: 400;\">0,7 l<\/span><\/td>\n<\/tr>\n<tr>\n<td>Beskyttelse<\/td>\n<td><span style=\"font-weight: 400;\">IP50<\/span><\/td>\n<\/tr>\n<\/tbody>\n<\/table>\n<p>[\/et_pb_text][\/et_pb_column][\/et_pb_row][et_pb_row admin_label=&raquo;Row&raquo;][et_pb_column type=&raquo;1_2&#8243;][et_pb_text admin_label=&raquo;Text&raquo; background_layout=&raquo;light&raquo; text_orientation=&raquo;left&raquo; use_border_color=&raquo;off&raquo; border_color=&raquo;#ffffff&raquo; border_style=&raquo;solid&raquo;]<\/p>\n<h2>Hvordan virker kryoterapi?<\/h2>\n<p>Konseptet kryoterapi er basert p\u00e5 kortvarig p\u00e5f\u00f8ring av sv\u00e6rt lave temperaturer p\u00e5 et bestemt omr\u00e5det av pasientens kropp. Denne prosedyren gj\u00f8r at musklene trekker seg sammen, \u00f8ker blodstr\u00f8mmen til det behandlede omr\u00e5det, lindrer betennelse og \u00f8ker hastigheten av regenerering av celler. P\u00e5 slutten av prosedyren, kan pasienten oppleve en f\u00f8lelse av &laquo;stikkende n\u00e5ler&raquo; som forsvinner raskt etter behandlingen. Kryogenprosedyrer er 100 % trygge, har ingen bivirkninger, og har enest\u00e5ende resultater for lokale skader i rygg, kne, albue eller andre leddsmerter, hudskade, muskelspenning, forstuede leggb\u00e5nd, osv.<\/p>\n<h3>Effekter av kryoterapi<\/h3>\n<ul>\n<li style=\"font-weight: 400;\">Forbedret fysisk ytelse<\/li>\n<li style=\"font-weight: 400;\">Smertelindring<\/li>\n<li style=\"font-weight: 400;\">Reduksjon av betennelse<\/li>\n<li style=\"font-weight: 400;\">Raskere muskelgjenoppretting<\/li>\n<li style=\"font-weight: 400;\">Bedre blodsirkulasjon og hudtone<\/li>\n<li style=\"font-weight: 400;\">F\u00e6rre rynker og fine linjer<\/li>\n<li style=\"font-weight: 400;\">Arrbehandling<\/li>\n<\/ul>\n<p>[\/et_pb_text][\/et_pb_column][et_pb_column type=&raquo;1_2&#8243;][et_pb_image admin_label=&raquo;Image&raquo; src=&raquo;https:\/\/cryomedpro.com\/wp-content\/uploads\/2019\/02\/cryofan_cf-05-03.jpg&raquo; alt=&raquo;How does cryotherapy work?&raquo; title_text=&raquo;How does cryotherapy work?&raquo; show_in_lightbox=&raquo;off&raquo; url_new_window=&raquo;off&raquo; use_overlay=&raquo;off&raquo; animation=&raquo;left&raquo; sticky=&raquo;off&raquo; align=&raquo;left&raquo; force_fullwidth=&raquo;off&raquo; always_center_on_mobile=&raquo;on&raquo; use_border_color=&raquo;off&raquo; border_color=&raquo;#ffffff&raquo; border_style=&raquo;solid&raquo;]<br \/>\n[\/et_pb_image][\/et_pb_column][\/et_pb_row][et_pb_row admin_label=&raquo;Row&raquo;][et_pb_column type=&raquo;4_4&#8243;][et_pb_text admin_label=&raquo;Text&raquo; background_layout=&raquo;light&raquo; text_orientation=&raquo;left&raquo; use_border_color=&raquo;off&raquo; border_color=&raquo;#ffffff&raquo; border_style=&raquo;solid&raquo;]<\/p>\n<h2>Nyskapende helsel\u00f8sning for alle<\/h2>\n<p>Cryofan er et avansert kropps- og hudpleieapparat som kan skryte av kompakt st\u00f8rrelse, portabilitet og brukervennlighet blant andre Cryomed-produkter og -tilbeh\u00f8r. Det er en perfekt l\u00f8sning for medisinske-, velv\u00e6re- og treningssentre, treningsstudioer, skj\u00f8nnhetssalonger, rehabiliteringssentre, treningsleirer og selv privatpersoner som er interessert i en rask og enkel tilgang til et ubegrenset antall kryogenprosedyrer i sitt eget hjem eller p\u00e5 kontoret. Produkter er s\u00e5 lett \u00e5 bruke at operat\u00f8ren ikke trenger noen medisinsk sertifisering eller spesiell oppl\u00e6ring.<\/p>\n<p><b>M\u00e5lindustrier:<\/b><\/p>\n<ul>\n<li style=\"font-weight: 400;\">Kosmetikk;<\/li>\n<li style=\"font-weight: 400;\">Dermatologi;<\/li>\n<li style=\"font-weight: 400;\">Sportsmedisin;<\/li>\n<li style=\"font-weight: 400;\">Rehabilitering;<\/li>\n<li style=\"font-weight: 400;\">Traumatologi;<\/li>\n<li style=\"font-weight: 400;\">Ortopedi.<\/li>\n<\/ul>\n<h2>Hvorfor Cryofan?<\/h2>\n<p>Cryomed ble grunnlagt i 2002 og er en ledende produsent av kryogenutstyr. Drevet av sin lidenskap for innovasjon og \u00f8nsket om \u00e5 gj\u00f8re denne teknologien tilgjengelig for flest mulig, fokuserer selskapet p\u00e5 en stadig forbedring og utvidelse av produktlinjen.<\/p>\n<p>Cryofan er en unik kryoterapienhet som ble designet og utviklet for selskaper og personer som s\u00f8ker fordelene av kryostimulering uten \u00e5 m\u00e5tte kj\u00f8pe eller installere en stor, konvensjonell cryosauna p\u00e5 kontoret eller hjemme. Regelmessige kryoterapi\u00f8kter bidrar til \u00e5 lindre kroniske muskel- og leddsmerter og er spesielt effektive for sykdommer som revmatisme. V\u00e5re produkter gj\u00f8r at kundene v\u00e5re kan leve produktive, smertefrie liv og raskt restituere fra alle typer skader.<\/p>\n<p>Vi er forpliktet til \u00e5 levere h\u00f8y kvalitet til konkurransedyktige priser, og tilbyr r\u00e5dgivning fra start til slutt for \u00e5 hjelpe deg med \u00e5 velge det rette produktet for dine behov.<\/p>\n<p>For mer informasjon om spesielle tilbud, pris og annen viktig informasjon, kan du kontakte v\u00e5r salgsavdeling her.<\/p>\n<p>[\/et_pb_text][et_pb_button admin_label=&raquo;Button&raquo; url_new_window=&raquo;off&raquo; button_text=&raquo;BE OM EN PRIS&raquo; button_alignment=&raquo;center&raquo; background_layout=&raquo;dark&raquo; custom_button=&raquo;on&raquo; button_text_size=&raquo;15&#8243; button_bg_color=&raquo;#8fd400&#8243; button_border_width=&raquo;0&#8243; button_letter_spacing=&raquo;0&#8243; button_use_icon=&raquo;off&raquo; button_icon_placement=&raquo;right&raquo; button_on_hover=&raquo;on&raquo; button_bg_color_hover=&raquo;#b0d369&#8243; button_letter_spacing_hover=&raquo;0&#8243; module_class=&raquo;popmake-contact-form-hr&raquo;]<br \/>\n[\/et_pb_button][\/et_pb_column][\/et_pb_row][\/et_pb_section]<\/p>\n","protected":false},"excerpt":{"rendered":"<p>[et_pb_section admin_label=&raquo;section&raquo; background_image=&raquo;https:\/\/cryomedpro.com\/wp-content\/uploads\/2016\/12\/784743-blue-crystals-frost-macro.jpg&raquo; transparent_background=&raquo;off&raquo; allow_player_pause=&raquo;off&raquo; inner_shadow=&raquo;off&raquo; parallax=&raquo;off&raquo; parallax_method=&raquo;off&raquo; padding_mobile=&raquo;off&raquo; make_fullwidth=&raquo;off&raquo; use_custom_width=&raquo;off&raquo; width_unit=&raquo;on&raquo; make_equal=&raquo;off&raquo; use_custom_gutter=&raquo;off&raquo; module_class=&raquo;ns-banner&raquo; custom_padding=&raquo;3px|0px|0px|0px&raquo;][et_pb_row admin_label=&raquo;row&raquo;][et_pb_column type=&raquo;4_4&#8243;][et_pb_text admin_label=&raquo;Text&raquo; background_layout=&raquo;dark&raquo; text_orientation=&raquo;right&raquo; use_border_color=&raquo;off&raquo; border_color=&raquo;#ffffff&raquo; border_style=&raquo;solid&raquo;] Cryofan CF-05 [\/et_pb_text][\/et_pb_column][\/et_pb_row][\/et_pb_section][et_pb_section admin_label=&raquo;Section&raquo; fullwidth=&raquo;off&raquo; specialty=&raquo;off&raquo; transparent_background=&raquo;off&raquo; allow_player_pause=&raquo;off&raquo; inner_shadow=&raquo;off&raquo; parallax=&raquo;off&raquo; parallax_method=&raquo;off&raquo; custom_padding=&raquo;15px|0px|0px|0px&raquo; padding_mobile=&raquo;off&raquo; make_fullwidth=&raquo;off&raquo; use_custom_width=&raquo;off&raquo; width_unit=&raquo;on&raquo; make_equal=&raquo;off&raquo; use_custom_gutter=&raquo;off&raquo;][et_pb_row admin_label=&raquo;Row&raquo; make_fullwidth=&raquo;off&raquo; use_custom_width=&raquo;off&raquo; width_unit=&raquo;on&raquo; use_custom_gutter=&raquo;off&raquo; padding_mobile=&raquo;off&raquo; allow_player_pause=&raquo;off&raquo; parallax=&raquo;off&raquo; parallax_method=&raquo;off&raquo; make_equal=&raquo;off&raquo; parallax_1=&raquo;off&raquo; parallax_method_1=&raquo;off&raquo; column_padding_mobile=&raquo;on&raquo; [&hellip;]<\/p>\n","protected":false},"author":2,"featured_media":0,"parent":0,"menu_order":0,"comment_status":"closed","ping_status":"closed","template":"","meta":[],"tags":[],"yoast_head":"<!-- This site is optimized with the Yoast SEO plugin v20.0 - https:\/\/yoast.com\/wordpress\/plugins\/seo\/ -->\n<title>Cryofan CF-05<\/title>\n<meta name=\"description\" content=\"Cryofan CF-05 er en avansert lokal kryoterapienhet av nyeste generasjon, som bruker en str\u00f8m av superkj\u00f8lt nitrogendamp til raskt og smertefritt \u00e5 redusere temperaturen p\u00e5 menneskehuden og underliggende vev. Fokusert p\u00e5f\u00f8ring av kulde produserer en rekke positive effekter og er mye brukt i kosmetikk, dermatologi, traumatologi og sportsmedisin.\" \/>\n<meta name=\"robots\" content=\"index, follow, max-snippet:-1, max-image-preview:large, max-video-preview:-1\" \/>\n<link rel=\"canonical\" href=\"https:\/\/cryomedpro.com\/nb\/cryofan-cf-05\/\" \/>\n<meta property=\"og:locale\" content=\"nb_NO\" \/>\n<meta property=\"og:type\" content=\"article\" \/>\n<meta property=\"og:title\" content=\"Cryofan CF-05\" \/>\n<meta property=\"og:description\" content=\"Cryofan CF-05 er en avansert lokal kryoterapienhet av nyeste generasjon, som bruker en str\u00f8m av superkj\u00f8lt nitrogendamp til raskt og smertefritt \u00e5 redusere temperaturen p\u00e5 menneskehuden og underliggende vev. Fokusert p\u00e5f\u00f8ring av kulde produserer en rekke positive effekter og er mye brukt i kosmetikk, dermatologi, traumatologi og sportsmedisin.\" \/>\n<meta property=\"og:url\" content=\"https:\/\/cryomedpro.com\/nb\/cryofan-cf-05\/\" \/>\n<meta property=\"og:site_name\" content=\"Cryomed PRO\" \/>\n<meta property=\"article:modified_time\" content=\"2019-02-07T14:01:08+00:00\" \/>\n<meta property=\"og:image\" content=\"https:\/\/cryomedpro.com\/wp-content\/uploads\/2016\/10\/heading-underline.png\" \/>\n<meta name=\"twitter:card\" content=\"summary_large_image\" \/>\n<meta name=\"twitter:label1\" content=\"Ansl. lesetid\" \/>\n\t<meta name=\"twitter:data1\" content=\"8 minutter\" \/>\n<!-- \/ Yoast SEO plugin. -->","yoast_head_json":{"title":"Cryofan CF-05","description":"Cryofan CF-05 er en avansert lokal kryoterapienhet av nyeste generasjon, som bruker en str\u00f8m av superkj\u00f8lt nitrogendamp til raskt og smertefritt \u00e5 redusere temperaturen p\u00e5 menneskehuden og underliggende vev. Fokusert p\u00e5f\u00f8ring av kulde produserer en rekke positive effekter og er mye brukt i kosmetikk, dermatologi, traumatologi og sportsmedisin.","robots":{"index":"index","follow":"follow","max-snippet":"max-snippet:-1","max-image-preview":"max-image-preview:large","max-video-preview":"max-video-preview:-1"},"canonical":"https:\/\/cryomedpro.com\/nb\/cryofan-cf-05\/","og_locale":"nb_NO","og_type":"article","og_title":"Cryofan CF-05","og_description":"Cryofan CF-05 er en avansert lokal kryoterapienhet av nyeste generasjon, som bruker en str\u00f8m av superkj\u00f8lt nitrogendamp til raskt og smertefritt \u00e5 redusere temperaturen p\u00e5 menneskehuden og underliggende vev. Fokusert p\u00e5f\u00f8ring av kulde produserer en rekke positive effekter og er mye brukt i kosmetikk, dermatologi, traumatologi og sportsmedisin.","og_url":"https:\/\/cryomedpro.com\/nb\/cryofan-cf-05\/","og_site_name":"Cryomed PRO","article_modified_time":"2019-02-07T14:01:08+00:00","og_image":[{"url":"https:\/\/cryomedpro.com\/wp-content\/uploads\/2016\/10\/heading-underline.png"}],"twitter_card":"summary_large_image","twitter_misc":{"Ansl. lesetid":"8 minutter"},"schema":{"@context":"https:\/\/schema.org","@graph":[{"@type":"WebPage","@id":"https:\/\/cryomedpro.com\/nb\/cryofan-cf-05\/","url":"https:\/\/cryomedpro.com\/nb\/cryofan-cf-05\/","name":"Cryofan CF-05","isPartOf":{"@id":"https:\/\/cryomedpro.com\/#website"},"datePublished":"2019-02-03T21:55:41+00:00","dateModified":"2019-02-07T14:01:08+00:00","description":"Cryofan CF-05 er en avansert lokal kryoterapienhet av nyeste generasjon, som bruker en str\u00f8m av superkj\u00f8lt nitrogendamp til raskt og smertefritt \u00e5 redusere temperaturen p\u00e5 menneskehuden og underliggende vev. Fokusert p\u00e5f\u00f8ring av kulde produserer en rekke positive effekter og er mye brukt i kosmetikk, dermatologi, traumatologi og sportsmedisin.","breadcrumb":{"@id":"https:\/\/cryomedpro.com\/nb\/cryofan-cf-05\/#breadcrumb"},"inLanguage":"nb-NO","potentialAction":[{"@type":"ReadAction","target":["https:\/\/cryomedpro.com\/nb\/cryofan-cf-05\/"]}]},{"@type":"BreadcrumbList","@id":"https:\/\/cryomedpro.com\/nb\/cryofan-cf-05\/#breadcrumb","itemListElement":[{"@type":"ListItem","position":1,"name":"Home","item":"https:\/\/cryomedpro.com\/nb\/"},{"@type":"ListItem","position":2,"name":"Cryofan CF-05"}]},{"@type":"WebSite","@id":"https:\/\/cryomedpro.com\/#website","url":"https:\/\/cryomedpro.com\/","name":"Cryomed PRO","description":"Cryosaunas Worldwide","publisher":{"@id":"https:\/\/cryomedpro.com\/#\/schema\/person\/752b92c38fb6f6c5052ef7763f4d79eb"},"potentialAction":[{"@type":"SearchAction","target":{"@type":"EntryPoint","urlTemplate":"https:\/\/cryomedpro.com\/?s={search_term_string}"},"query-input":"required name=search_term_string"}],"inLanguage":"nb-NO"},{"@type":["Person","Organization"],"@id":"https:\/\/cryomedpro.com\/#\/schema\/person\/752b92c38fb6f6c5052ef7763f4d79eb","name":"healthycold","image":{"@type":"ImageObject","inLanguage":"nb-NO","@id":"https:\/\/cryomedpro.com\/#\/schema\/person\/image\/","url":"https:\/\/secure.gravatar.com\/avatar\/bbe2f3ec78281a56dba108d1bf0f9ffa?s=96&d=mm&r=g","contentUrl":"https:\/\/secure.gravatar.com\/avatar\/bbe2f3ec78281a56dba108d1bf0f9ffa?s=96&d=mm&r=g","caption":"healthycold"},"logo":{"@id":"https:\/\/cryomedpro.com\/#\/schema\/person\/image\/"}}]}},"_links":{"self":[{"href":"https:\/\/cryomedpro.com\/nb\/wp-json\/wp\/v2\/pages\/31926"}],"collection":[{"href":"https:\/\/cryomedpro.com\/nb\/wp-json\/wp\/v2\/pages"}],"about":[{"href":"https:\/\/cryomedpro.com\/nb\/wp-json\/wp\/v2\/types\/page"}],"author":[{"embeddable":true,"href":"https:\/\/cryomedpro.com\/nb\/wp-json\/wp\/v2\/users\/2"}],"replies":[{"embeddable":true,"href":"https:\/\/cryomedpro.com\/nb\/wp-json\/wp\/v2\/comments?post=31926"}],"version-history":[{"count":0,"href":"https:\/\/cryomedpro.com\/nb\/wp-json\/wp\/v2\/pages\/31926\/revisions"}],"wp:attachment":[{"href":"https:\/\/cryomedpro.com\/nb\/wp-json\/wp\/v2\/media?parent=31926"}],"wp:term":[{"taxonomy":"post_tag","embeddable":true,"href":"https:\/\/cryomedpro.com\/nb\/wp-json\/wp\/v2\/tags?post=31926"}],"curies":[{"name":"wp","href":"https:\/\/api.w.org\/{rel}","templated":true}]}}