{"id":54757,"date":"2020-01-27T02:19:15","date_gmt":"2020-01-27T01:19:15","guid":{"rendered":"https:\/\/cryomedpro.com\/our-services\/"},"modified":"2020-02-20T11:33:01","modified_gmt":"2020-02-20T10:33:01","slug":"our-services","status":"publish","type":"page","link":"https:\/\/cryomedpro.com\/nb\/our-services\/","title":{"rendered":"Our Services"},"content":{"rendered":"<p>[et_pb_section admin_label=&raquo;section&raquo; background_image=&raquo;https:\/\/cryomedpro.com\/wp-content\/uploads\/2016\/12\/784743-blue-crystals-frost-macro.jpg&raquo; transparent_background=&raquo;off&raquo; allow_player_pause=&raquo;off&raquo; inner_shadow=&raquo;off&raquo; parallax=&raquo;off&raquo; parallax_method=&raquo;off&raquo; custom_padding=&raquo;3px|0px|4px|0px&raquo; padding_mobile=&raquo;off&raquo; make_fullwidth=&raquo;off&raquo; use_custom_width=&raquo;off&raquo; width_unit=&raquo;on&raquo; make_equal=&raquo;off&raquo; use_custom_gutter=&raquo;off&raquo; fullwidth=&raquo;off&raquo; specialty=&raquo;off&raquo; module_class=&raquo;ns-banner&raquo; disabled=&raquo;off&raquo;][et_pb_row admin_label=&raquo;row&raquo; make_fullwidth=&raquo;off&raquo; use_custom_width=&raquo;off&raquo; width_unit=&raquo;off&raquo; custom_width_px=&raquo;1080px&raquo; custom_width_percent=&raquo;80%&raquo; use_custom_gutter=&raquo;off&raquo; gutter_width=&raquo;3&#8243; custom_padding=&raquo;21px|0px|21.45px|0px&raquo; padding_mobile=&raquo;off&raquo; allow_player_pause=&raquo;off&raquo; parallax=&raquo;off&raquo; parallax_method=&raquo;on&raquo; make_equal=&raquo;off&raquo; column_padding_mobile=&raquo;on&raquo; parallax_1=&raquo;off&raquo; parallax_method_1=&raquo;on&raquo; parallax_2=&raquo;off&raquo; parallax_method_2=&raquo;on&raquo; parallax_3=&raquo;off&raquo; parallax_method_3=&raquo;on&raquo; parallax_4=&raquo;off&raquo; parallax_method_4=&raquo;on&raquo; disabled=&raquo;off&raquo;][et_pb_column type=&raquo;4_4&#8243;][et_pb_text admin_label=&raquo;Text&raquo; background_layout=&raquo;dark&raquo; text_orientation=&raquo;center&raquo; use_border_color=&raquo;off&raquo; border_style=&raquo;solid&raquo; disabled=&raquo;off&raquo; border_color=&raquo;#ffffff&raquo;]<\/p>\n<h1 style=\"text-align: center;\">V\u00e5re tjenester<\/h1>\n<p><img decoding=\"async\" loading=\"lazy\" class=\"size-full wp-image-150 aligncenter\" src=\"\/wp-content\/uploads\/2016\/10\/heading-underline.png\" alt=\"heading-underline\" width=\"309\" height=\"12\" srcset=\"https:\/\/cryomedpro.com\/wp-content\/uploads\/2016\/10\/heading-underline.png 309w, https:\/\/cryomedpro.com\/wp-content\/uploads\/2016\/10\/heading-underline-300x12.png 300w\" sizes=\"(max-width: 309px) 100vw, 309px\" \/><\/p>\n<p>[\/et_pb_text][\/et_pb_column][\/et_pb_row][\/et_pb_section][et_pb_section admin_label=&raquo;Section&raquo; fullwidth=&raquo;off&raquo; specialty=&raquo;off&raquo; transparent_background=&raquo;off&raquo; allow_player_pause=&raquo;off&raquo; inner_shadow=&raquo;off&raquo; parallax=&raquo;off&raquo; parallax_method=&raquo;off&raquo; custom_padding=&raquo;15px|0px|0px|0px&raquo; padding_mobile=&raquo;off&raquo; make_fullwidth=&raquo;off&raquo; use_custom_width=&raquo;off&raquo; width_unit=&raquo;on&raquo; make_equal=&raquo;off&raquo; use_custom_gutter=&raquo;off&raquo;][et_pb_row admin_label=&raquo;Row&raquo; make_fullwidth=&raquo;off&raquo; use_custom_width=&raquo;off&raquo; width_unit=&raquo;on&raquo; use_custom_gutter=&raquo;off&raquo; padding_mobile=&raquo;off&raquo; allow_player_pause=&raquo;off&raquo; parallax=&raquo;off&raquo; parallax_method=&raquo;off&raquo; make_equal=&raquo;off&raquo; parallax_1=&raquo;off&raquo; parallax_method_1=&raquo;off&raquo; column_padding_mobile=&raquo;on&raquo; custom_padding=&raquo;0px|0px|0px|0px&raquo;][et_pb_column type=&raquo;4_4&#8243;][et_pb_code admin_label=&raquo;Code&raquo;]\tCryo\n<span><span><a href=\"https:\/\/cryomedpro.com\/nb\/\">Home<\/a><\/span><\/span>[\/et_pb_code][\/et_pb_column][\/et_pb_row][\/et_pb_section][et_pb_section admin_label=&raquo;section&raquo; transparent_background=&raquo;off&raquo; allow_player_pause=&raquo;off&raquo; inner_shadow=&raquo;off&raquo; parallax=&raquo;off&raquo; parallax_method=&raquo;off&raquo; padding_mobile=&raquo;off&raquo; make_fullwidth=&raquo;off&raquo; use_custom_width=&raquo;off&raquo; width_unit=&raquo;on&raquo; make_equal=&raquo;off&raquo; use_custom_gutter=&raquo;off&raquo;][et_pb_row admin_label=&raquo;row&raquo;][et_pb_column type=&raquo;4_4&#8243;][et_pb_text admin_label=&raquo;Text&raquo; background_layout=&raquo;light&raquo; text_orientation=&raquo;left&raquo; use_border_color=&raquo;off&raquo; border_color=&raquo;#ffffff&raquo; border_style=&raquo;solid&raquo;]<\/p>\n<p>Foruten produksjon av kryoterapiutstyr av h\u00f8y kvalitet, tilbyr vi full service og support for v\u00e5re <a href=\"https:\/\/cryomedpro.com\/nb\/products\/\">produkter<\/a> p\u00e5 ethvert stadium. Levering, installasjon, vedlikehold og support av utstyr til helkroppskryoterapi og lokal kryoterapi, samt personaloppl\u00e6ring &#8211; alle disse tjenestene er tilgjengelige for v\u00e5re kunder og leverand\u00f8rer.<\/p>\n<h2>Levering av kryosaunaer og annet kryoterapiutstyr<\/h2>\n<p>Vi tilbyr<a href=\"https:\/\/cryomedpro.com\/nb\/delivery\/\"> levering<\/a> over hele verden for v\u00e5rt kryoterapiutstyr.<\/p>\n<p>V\u00e5re fraktmetoder:<\/p>\n<p>[\/et_pb_text][\/et_pb_column][\/et_pb_row][et_pb_row admin_label=&raquo;Row&raquo; make_fullwidth=&raquo;off&raquo; use_custom_width=&raquo;off&raquo; width_unit=&raquo;on&raquo; use_custom_gutter=&raquo;off&raquo; custom_padding=&raquo;|60px||60px&raquo; padding_mobile=&raquo;off&raquo; allow_player_pause=&raquo;off&raquo; parallax=&raquo;off&raquo; parallax_method=&raquo;off&raquo; make_equal=&raquo;off&raquo; parallax_1=&raquo;off&raquo; parallax_method_1=&raquo;off&raquo; parallax_2=&raquo;off&raquo; parallax_method_2=&raquo;off&raquo; parallax_3=&raquo;off&raquo; parallax_method_3=&raquo;off&raquo; column_padding_mobile=&raquo;on&raquo;][et_pb_column type=&raquo;1_3&#8243;][et_pb_image admin_label=&raquo;Image&raquo; src=&raquo;https:\/\/cryomedpro.com\/wp-content\/uploads\/2020\/01\/services-01.png&raquo; show_in_lightbox=&raquo;off&raquo; url_new_window=&raquo;off&raquo; use_overlay=&raquo;off&raquo; animation=&raquo;left&raquo; sticky=&raquo;off&raquo; align=&raquo;left&raquo; force_fullwidth=&raquo;off&raquo; always_center_on_mobile=&raquo;on&raquo; use_border_color=&raquo;off&raquo; border_color=&raquo;#ffffff&raquo; border_style=&raquo;solid&raquo;]<\/p>\n<p>[\/et_pb_image][et_pb_text admin_label=&raquo;Text&raquo; background_layout=&raquo;light&raquo; text_orientation=&raquo;left&raquo; use_border_color=&raquo;off&raquo; border_color=&raquo;#ffffff&raquo; border_style=&raquo;solid&raquo;]<\/p>\n<p><strong>med lastebil:<\/strong> estimert leveringstid (europeiske land) 1-4 virkedager<\/p>\n<p>[\/et_pb_text][\/et_pb_column][et_pb_column type=&raquo;1_3&#8243;][et_pb_image admin_label=&raquo;Image&raquo; src=&raquo;https:\/\/cryomedpro.com\/wp-content\/uploads\/2020\/01\/services-02.png&raquo; show_in_lightbox=&raquo;off&raquo; url_new_window=&raquo;off&raquo; use_overlay=&raquo;off&raquo; animation=&raquo;left&raquo; sticky=&raquo;off&raquo; align=&raquo;left&raquo; force_fullwidth=&raquo;off&raquo; always_center_on_mobile=&raquo;on&raquo; use_border_color=&raquo;off&raquo; border_color=&raquo;#ffffff&raquo; border_style=&raquo;solid&raquo;]<\/p>\n<p>[\/et_pb_image][et_pb_text admin_label=&raquo;Text&raquo; background_layout=&raquo;light&raquo; text_orientation=&raquo;left&raquo; use_border_color=&raquo;off&raquo; border_color=&raquo;#ffffff&raquo; border_style=&raquo;solid&raquo;]<\/p>\n<p><strong>med fly:<\/strong> estimert leveringstid opptil 10 virkedager<\/p>\n<p>[\/et_pb_text][\/et_pb_column][et_pb_column type=&raquo;1_3&#8243;][et_pb_image admin_label=&raquo;Image&raquo; src=&raquo;https:\/\/cryomedpro.com\/wp-content\/uploads\/2020\/01\/services-03.png&raquo; show_in_lightbox=&raquo;off&raquo; url_new_window=&raquo;off&raquo; use_overlay=&raquo;off&raquo; animation=&raquo;left&raquo; sticky=&raquo;off&raquo; align=&raquo;left&raquo; force_fullwidth=&raquo;off&raquo; always_center_on_mobile=&raquo;on&raquo; use_border_color=&raquo;off&raquo; border_color=&raquo;#ffffff&raquo; border_style=&raquo;solid&raquo;]<\/p>\n<p>[\/et_pb_image][et_pb_text admin_label=&raquo;Text&raquo; background_layout=&raquo;light&raquo; text_orientation=&raquo;left&raquo; use_border_color=&raquo;off&raquo; border_color=&raquo;#ffffff&raquo; border_style=&raquo;solid&raquo;]<\/p>\n<p><strong>med b\u00e5t:<\/strong> estimert leveringstid opptil 30 virkedager. Eventuelt kan du ordne frakt p\u00e5 egen h\u00e5nd.<\/p>\n<p>[\/et_pb_text][\/et_pb_column][\/et_pb_row][et_pb_row admin_label=&raquo;Row&raquo;][et_pb_column type=&raquo;4_4&#8243;][et_pb_text admin_label=&raquo;Text&raquo; background_layout=&raquo;light&raquo; text_orientation=&raquo;left&raquo; use_border_color=&raquo;off&raquo; border_color=&raquo;#ffffff&raquo; border_style=&raquo;solid&raquo;]<\/p>\n<p>Vi kan forsikre om sikker pakking for alle tilbudte fraktmetoder. Du st\u00e5r derfor fritt til \u00e5 velge fraktmetoden som passer best til dine behov.<\/p>\n<p>[\/et_pb_text][et_pb_button admin_label=&raquo;Button&raquo; url_new_window=&raquo;off&raquo; button_text=&raquo;Kontakt oss!&raquo; button_alignment=&raquo;left&raquo; background_layout=&raquo;light&raquo; custom_button=&raquo;off&raquo; button_letter_spacing=&raquo;0&#8243; button_use_icon=&raquo;default&raquo; button_icon_placement=&raquo;right&raquo; button_on_hover=&raquo;on&raquo; button_letter_spacing_hover=&raquo;0&#8243; saved_tabs=&raquo;all&raquo; button_url=&raquo;https:\/\/cryomedpro.com\/nb\/contacts\/&raquo;]<\/p>\n<p>[\/et_pb_button][\/et_pb_column][\/et_pb_row][\/et_pb_section][et_pb_section admin_label=&raquo;section&raquo; transparent_background=&raquo;off&raquo; allow_player_pause=&raquo;off&raquo; inner_shadow=&raquo;off&raquo; parallax=&raquo;off&raquo; parallax_method=&raquo;off&raquo; padding_mobile=&raquo;off&raquo; make_fullwidth=&raquo;off&raquo; use_custom_width=&raquo;off&raquo; width_unit=&raquo;on&raquo; make_equal=&raquo;off&raquo; use_custom_gutter=&raquo;off&raquo;][et_pb_row admin_label=&raquo;row&raquo;][et_pb_column type=&raquo;1_3&#8243;][et_pb_image admin_label=&raquo;Image&raquo; src=&raquo;https:\/\/cryomedpro.com\/wp-content\/uploads\/2020\/01\/installation-cryosauna.jpg&raquo; show_in_lightbox=&raquo;off&raquo; url_new_window=&raquo;off&raquo; use_overlay=&raquo;off&raquo; animation=&raquo;left&raquo; sticky=&raquo;off&raquo; align=&raquo;left&raquo; force_fullwidth=&raquo;off&raquo; always_center_on_mobile=&raquo;on&raquo; use_border_color=&raquo;off&raquo; border_color=&raquo;#ffffff&raquo; border_style=&raquo;solid&raquo;]<\/p>\n<p>[\/et_pb_image][\/et_pb_column][et_pb_column type=&raquo;2_3&#8243;][et_pb_text admin_label=&raquo;Text&raquo; background_layout=&raquo;light&raquo; text_orientation=&raquo;left&raquo; use_border_color=&raquo;off&raquo; border_color=&raquo;#ffffff&raquo; border_style=&raquo;solid&raquo;]<\/p>\n<h2>Installasjon av kryosauna<\/h2>\n<p>Vi gir en detaljert konsultasjon f\u00f8r du f\u00e5r din kryosauna for \u00e5 hjelpe deg til \u00e5 velge det beste alternativet i henhold til dine behov, men hensyn til dine tilgjengelige lokaler.<\/p>\n<p>Alle kryomaskinspesifikasjoner, plassbehov, dimensjoner, ventilasjonskrav, nitrogenkildekrav og annen n\u00f8dvendig informasjon som kan v\u00e6re nyttig under installasjonen blir ogs\u00e5 gitt av oss.<\/p>\n<p>For noen modeller, som Cryomed Mini, Cryomed One, Cryomed One+, er ingen installasjon n\u00f8dvendig da de kommer i ett stykke.<\/p>\n<p>For Pro-linjen (Cryomed Basic, Cryomed Pro, Cryomed Pro+), er det flere alternativer. Vi kan sende deg bruksanvisninger og en video, v\u00e5re teknikere kan hjelpe deg gjennom installasjonen p\u00e5 Skype osv. eller vi kan komme og montere enheten der du befinner deg. Uansett er v\u00e5re tekniske spesialister tilgjengelige for deg nesten d\u00f8gnet rundt.<\/p>\n<p>[\/et_pb_text][\/et_pb_column][\/et_pb_row][et_pb_row admin_label=&raquo;Row&raquo;][et_pb_column type=&raquo;4_4&#8243;][et_pb_text admin_label=&raquo;Text&raquo; background_layout=&raquo;light&raquo; text_orientation=&raquo;left&raquo; use_border_color=&raquo;off&raquo; border_color=&raquo;#ffffff&raquo; border_style=&raquo;solid&raquo;]<\/p>\n<h2>Vedlikehold og teknisk support for ditt kryogenutstyr<\/h2>\n<p>V\u00e5re spesialister er alltid klare til \u00e5 r\u00e5df\u00f8re deg om eventuelle driftsproblemer.<\/p>\n<p>Standard tre\u00e5rig (Cryomed One, Cryomed Pro, Cryomed Pro+ og Cryomed One+) eller to\u00e5rig (Cryomed Mini, Cryomed Basic) garanti dekker reservedeler. Under utvidet garanti kan v\u00e5re teknikere reise til deg og erstatte defekte deler hvis n\u00f8dvendig.<\/p>\n<p>Vi tilbyr ogs\u00e5 utvidet garanti for kryosaunaen mot en ekstra avgift. Du kan velge et \u00e5rlig abonnement p\u00e5 teknisk support eller betale per time, samt velge bes\u00f8k av tekniker for reparasjon og vedlikehold eller bestille fastvareoppgradering p\u00e5 kryosaunaens utvidede garanti.<\/p>\n<div id=\"attachment_52867\" style=\"width: 1034px\" class=\"wp-caption aligncenter\"><img aria-describedby=\"caption-attachment-52867\" decoding=\"async\" loading=\"lazy\" class=\"size-large wp-image-52855\" src=\"https:\/\/cryomedpro.com\/wp-content\/uploads\/2020\/01\/cryosauna-marketing-01-1024x675.jpg\" alt=\"Kampanjebrosjyre fra Cryomed\" width=\"1024\" height=\"675\" srcset=\"https:\/\/cryomedpro.com\/wp-content\/uploads\/2020\/01\/cryosauna-marketing-01-1024x675.jpg 1024w, https:\/\/cryomedpro.com\/wp-content\/uploads\/2020\/01\/cryosauna-marketing-01-300x198.jpg 300w, https:\/\/cryomedpro.com\/wp-content\/uploads\/2020\/01\/cryosauna-marketing-01-768x506.jpg 768w, https:\/\/cryomedpro.com\/wp-content\/uploads\/2020\/01\/cryosauna-marketing-01-1080x712.jpg 1080w, https:\/\/cryomedpro.com\/wp-content\/uploads\/2020\/01\/cryosauna-marketing-01.jpg 1200w\" sizes=\"(max-width: 1024px) 100vw, 1024px\" \/><p id=\"caption-attachment-52867\" class=\"wp-caption-text\">Kampanjebrosjyre fra Cryomed<\/p><\/div>\n<h2>Markedsf\u00f8ring<\/h2>\n<p>V\u00e5rt markedsf\u00f8ringsteam vil gi deg det nyeste kampanjematerialet og assistere deg med markedsf\u00f8ringsplaner, markedsf\u00f8ringsstrategier og merkevarebygging.<\/p>\n<p>Vi har ogs\u00e5 <a href=\"https:\/\/cryomedpro.com\/nb\/cryomed-merchandise\/\">merchandise<\/a> tilgjengelig for bestilling.<\/p>\n<p>I tillegg tilbyr vi flere alternativer for \u00e5 tilpasse din kryosauna til merkevaren din for \u00e5 passe imaget til bedriften:<\/p>\n<ul>\n<li>vi kan brodere en logo p\u00e5 det innvendige m\u00f8beltrekket, legge til et klistermerke med logoen din p\u00e5 det ytre skallet, samt legge til logoen p\u00e5 velkomstskjermen;<\/li>\n<li>du kan tilpasse det ytre skallet med 18 ekstra farger;<\/li>\n<li>du kan velge en tilpasset farge p\u00e5 det innvendige m\u00f8beltrekket fra ti ekstra farger.<\/li>\n<\/ul>\n<div id=\"attachment_52886\" style=\"width: 1034px\" class=\"wp-caption aligncenter\"><img aria-describedby=\"caption-attachment-52886\" decoding=\"async\" loading=\"lazy\" class=\"size-large wp-image-52874\" src=\"https:\/\/cryomedpro.com\/wp-content\/uploads\/2020\/01\/cryosauna-marketing-02-1024x684.jpg\" alt=\"Cryomed gir personaloppl\u00e6ring om grunnleggende kryoterapi og bruk av kryoterapiutstyr\" width=\"1024\" height=\"684\" srcset=\"https:\/\/cryomedpro.com\/wp-content\/uploads\/2020\/01\/cryosauna-marketing-02-1024x684.jpg 1024w, https:\/\/cryomedpro.com\/wp-content\/uploads\/2020\/01\/cryosauna-marketing-02-300x200.jpg 300w, https:\/\/cryomedpro.com\/wp-content\/uploads\/2020\/01\/cryosauna-marketing-02-768x513.jpg 768w, https:\/\/cryomedpro.com\/wp-content\/uploads\/2020\/01\/cryosauna-marketing-02-1080x721.jpg 1080w, https:\/\/cryomedpro.com\/wp-content\/uploads\/2020\/01\/cryosauna-marketing-02.jpg 1200w\" sizes=\"(max-width: 1024px) 100vw, 1024px\" \/><p id=\"caption-attachment-52886\" class=\"wp-caption-text\">Cryomed gir personaloppl\u00e6ring om grunnleggende kryoterapi og bruk av kryoterapiutstyr<\/p><\/div>\n<h2>Personaloppl\u00e6ring<\/h2>\n<p>Vi er sterkt overbevist om at godt oppl\u00e6rt og kompetent personell er avgj\u00f8rende for din suksess. Operat\u00f8rene skal kjenne til hvordan helkroppskryoterapi fungerer og dets effekter p\u00e5 menneskekroppen. Det er grunnen til at vi tilbyr personaloppl\u00e6ring som dekker grunnleggende kryoterapi og bruken av kryoterapiutstyr. V\u00e5re spesialister kommer til ditt sted for en oppl\u00e6ringsdag. Oppl\u00e6ring er tilgjengelig p\u00e5 foresp\u00f8rsel.<\/p>\n<p>Hvis du er interessert i v\u00e5re tjenester, kan du kontakte v\u00e5rt salgsteam for detaljerte r\u00e5d.<\/p>\n<p>[\/et_pb_text][et_pb_button admin_label=&raquo;Button&raquo; url_new_window=&raquo;off&raquo; button_text=&raquo;Kontakt oss!&raquo; button_alignment=&raquo;left&raquo; background_layout=&raquo;light&raquo; custom_button=&raquo;off&raquo; button_letter_spacing=&raquo;0&#8243; button_use_icon=&raquo;default&raquo; button_icon_placement=&raquo;right&raquo; button_on_hover=&raquo;on&raquo; button_letter_spacing_hover=&raquo;0&#8243; saved_tabs=&raquo;all&raquo; button_url=&raquo;https:\/\/cryomedpro.com\/nb\/contacts\/&raquo;]<\/p>\n<p>[\/et_pb_button][\/et_pb_column][\/et_pb_row][\/et_pb_section]<\/p>\n","protected":false},"excerpt":{"rendered":"<p>[et_pb_section admin_label=&raquo;section&raquo; background_image=&raquo;https:\/\/cryomedpro.com\/wp-content\/uploads\/2016\/12\/784743-blue-crystals-frost-macro.jpg&raquo; transparent_background=&raquo;off&raquo; allow_player_pause=&raquo;off&raquo; inner_shadow=&raquo;off&raquo; parallax=&raquo;off&raquo; parallax_method=&raquo;off&raquo; custom_padding=&raquo;3px|0px|4px|0px&raquo; padding_mobile=&raquo;off&raquo; make_fullwidth=&raquo;off&raquo; use_custom_width=&raquo;off&raquo; width_unit=&raquo;on&raquo; make_equal=&raquo;off&raquo; use_custom_gutter=&raquo;off&raquo; fullwidth=&raquo;off&raquo; specialty=&raquo;off&raquo; module_class=&raquo;ns-banner&raquo; disabled=&raquo;off&raquo;][et_pb_row admin_label=&raquo;row&raquo; make_fullwidth=&raquo;off&raquo; use_custom_width=&raquo;off&raquo; width_unit=&raquo;off&raquo; custom_width_px=&raquo;1080px&raquo; custom_width_percent=&raquo;80%&raquo; use_custom_gutter=&raquo;off&raquo; gutter_width=&raquo;3&#8243; custom_padding=&raquo;21px|0px|21.45px|0px&raquo; padding_mobile=&raquo;off&raquo; allow_player_pause=&raquo;off&raquo; parallax=&raquo;off&raquo; parallax_method=&raquo;on&raquo; make_equal=&raquo;off&raquo; column_padding_mobile=&raquo;on&raquo; parallax_1=&raquo;off&raquo; parallax_method_1=&raquo;on&raquo; parallax_2=&raquo;off&raquo; parallax_method_2=&raquo;on&raquo; parallax_3=&raquo;off&raquo; parallax_method_3=&raquo;on&raquo; parallax_4=&raquo;off&raquo; parallax_method_4=&raquo;on&raquo; disabled=&raquo;off&raquo;][et_pb_column type=&raquo;4_4&#8243;][et_pb_text admin_label=&raquo;Text&raquo; background_layout=&raquo;dark&raquo; text_orientation=&raquo;center&raquo; use_border_color=&raquo;off&raquo; border_style=&raquo;solid&raquo; disabled=&raquo;off&raquo; border_color=&raquo;#ffffff&raquo;] V\u00e5re tjenester [\/et_pb_text][\/et_pb_column][\/et_pb_row][\/et_pb_section][et_pb_section admin_label=&raquo;Section&raquo; [&hellip;]<\/p>\n","protected":false},"author":2,"featured_media":0,"parent":0,"menu_order":0,"comment_status":"closed","ping_status":"closed","template":"","meta":[],"tags":[],"yoast_head":"<!-- This site is optimized with the Yoast SEO plugin v20.0 - https:\/\/yoast.com\/wordpress\/plugins\/seo\/ -->\n<title>Tilleggstjenester fra en global leder innen helkroppskryoterapi - Cryomed Manufacture s.r.o.<\/title>\n<meta name=\"description\" content=\"Cryomed produserer ikke bare kryogenutstyr av h\u00f8y kvalitet, men tilbyr ogs\u00e5 full service og support for v\u00e5re produkter p\u00e5 ethvert stadium - levering, installasjon, vedlikehold, markedsf\u00f8ring og personaloppl\u00e6ring.\" \/>\n<meta name=\"robots\" content=\"index, follow, max-snippet:-1, max-image-preview:large, max-video-preview:-1\" \/>\n<link rel=\"canonical\" href=\"https:\/\/cryomedpro.com\/nb\/our-services\/\" \/>\n<meta property=\"og:locale\" content=\"nb_NO\" \/>\n<meta property=\"og:type\" content=\"article\" \/>\n<meta property=\"og:title\" content=\"Tilleggstjenester fra en global leder innen helkroppskryoterapi - Cryomed Manufacture s.r.o.\" \/>\n<meta property=\"og:description\" content=\"Cryomed produserer ikke bare kryogenutstyr av h\u00f8y kvalitet, men tilbyr ogs\u00e5 full service og support for v\u00e5re produkter p\u00e5 ethvert stadium - levering, installasjon, vedlikehold, markedsf\u00f8ring og personaloppl\u00e6ring.\" \/>\n<meta property=\"og:url\" content=\"https:\/\/cryomedpro.com\/nb\/our-services\/\" \/>\n<meta property=\"og:site_name\" content=\"Cryomed PRO\" \/>\n<meta property=\"article:modified_time\" content=\"2020-02-20T10:33:01+00:00\" \/>\n<meta property=\"og:image\" content=\"https:\/\/cryomedpro.com\/wp-content\/uploads\/2016\/10\/heading-underline.png\" \/>\n<meta name=\"twitter:card\" content=\"summary_large_image\" \/>\n<meta name=\"twitter:label1\" content=\"Ansl. lesetid\" \/>\n\t<meta name=\"twitter:data1\" content=\"8 minutter\" \/>\n<!-- \/ Yoast SEO plugin. -->","yoast_head_json":{"title":"Tilleggstjenester fra en global leder innen helkroppskryoterapi - Cryomed Manufacture s.r.o.","description":"Cryomed produserer ikke bare kryogenutstyr av h\u00f8y kvalitet, men tilbyr ogs\u00e5 full service og support for v\u00e5re produkter p\u00e5 ethvert stadium - levering, installasjon, vedlikehold, markedsf\u00f8ring og personaloppl\u00e6ring.","robots":{"index":"index","follow":"follow","max-snippet":"max-snippet:-1","max-image-preview":"max-image-preview:large","max-video-preview":"max-video-preview:-1"},"canonical":"https:\/\/cryomedpro.com\/nb\/our-services\/","og_locale":"nb_NO","og_type":"article","og_title":"Tilleggstjenester fra en global leder innen helkroppskryoterapi - Cryomed Manufacture s.r.o.","og_description":"Cryomed produserer ikke bare kryogenutstyr av h\u00f8y kvalitet, men tilbyr ogs\u00e5 full service og support for v\u00e5re produkter p\u00e5 ethvert stadium - levering, installasjon, vedlikehold, markedsf\u00f8ring og personaloppl\u00e6ring.","og_url":"https:\/\/cryomedpro.com\/nb\/our-services\/","og_site_name":"Cryomed PRO","article_modified_time":"2020-02-20T10:33:01+00:00","og_image":[{"url":"https:\/\/cryomedpro.com\/wp-content\/uploads\/2016\/10\/heading-underline.png"}],"twitter_card":"summary_large_image","twitter_misc":{"Ansl. lesetid":"8 minutter"},"schema":{"@context":"https:\/\/schema.org","@graph":[{"@type":"WebPage","@id":"https:\/\/cryomedpro.com\/nb\/our-services\/","url":"https:\/\/cryomedpro.com\/nb\/our-services\/","name":"Tilleggstjenester fra en global leder innen helkroppskryoterapi - Cryomed Manufacture s.r.o.","isPartOf":{"@id":"https:\/\/cryomedpro.com\/#website"},"datePublished":"2020-01-27T01:19:15+00:00","dateModified":"2020-02-20T10:33:01+00:00","description":"Cryomed produserer ikke bare kryogenutstyr av h\u00f8y kvalitet, men tilbyr ogs\u00e5 full service og support for v\u00e5re produkter p\u00e5 ethvert stadium - levering, installasjon, vedlikehold, markedsf\u00f8ring og personaloppl\u00e6ring.","breadcrumb":{"@id":"https:\/\/cryomedpro.com\/nb\/our-services\/#breadcrumb"},"inLanguage":"nb-NO","potentialAction":[{"@type":"ReadAction","target":["https:\/\/cryomedpro.com\/nb\/our-services\/"]}]},{"@type":"BreadcrumbList","@id":"https:\/\/cryomedpro.com\/nb\/our-services\/#breadcrumb","itemListElement":[{"@type":"ListItem","position":1,"name":"Home","item":"https:\/\/cryomedpro.com\/nb\/"},{"@type":"ListItem","position":2,"name":"Our Services"}]},{"@type":"WebSite","@id":"https:\/\/cryomedpro.com\/#website","url":"https:\/\/cryomedpro.com\/","name":"Cryomed PRO","description":"Cryosaunas Worldwide","publisher":{"@id":"https:\/\/cryomedpro.com\/#\/schema\/person\/752b92c38fb6f6c5052ef7763f4d79eb"},"potentialAction":[{"@type":"SearchAction","target":{"@type":"EntryPoint","urlTemplate":"https:\/\/cryomedpro.com\/?s={search_term_string}"},"query-input":"required name=search_term_string"}],"inLanguage":"nb-NO"},{"@type":["Person","Organization"],"@id":"https:\/\/cryomedpro.com\/#\/schema\/person\/752b92c38fb6f6c5052ef7763f4d79eb","name":"healthycold","image":{"@type":"ImageObject","inLanguage":"nb-NO","@id":"https:\/\/cryomedpro.com\/#\/schema\/person\/image\/","url":"https:\/\/secure.gravatar.com\/avatar\/bbe2f3ec78281a56dba108d1bf0f9ffa?s=96&d=mm&r=g","contentUrl":"https:\/\/secure.gravatar.com\/avatar\/bbe2f3ec78281a56dba108d1bf0f9ffa?s=96&d=mm&r=g","caption":"healthycold"},"logo":{"@id":"https:\/\/cryomedpro.com\/#\/schema\/person\/image\/"}}]}},"_links":{"self":[{"href":"https:\/\/cryomedpro.com\/nb\/wp-json\/wp\/v2\/pages\/54757"}],"collection":[{"href":"https:\/\/cryomedpro.com\/nb\/wp-json\/wp\/v2\/pages"}],"about":[{"href":"https:\/\/cryomedpro.com\/nb\/wp-json\/wp\/v2\/types\/page"}],"author":[{"embeddable":true,"href":"https:\/\/cryomedpro.com\/nb\/wp-json\/wp\/v2\/users\/2"}],"replies":[{"embeddable":true,"href":"https:\/\/cryomedpro.com\/nb\/wp-json\/wp\/v2\/comments?post=54757"}],"version-history":[{"count":0,"href":"https:\/\/cryomedpro.com\/nb\/wp-json\/wp\/v2\/pages\/54757\/revisions"}],"wp:attachment":[{"href":"https:\/\/cryomedpro.com\/nb\/wp-json\/wp\/v2\/media?parent=54757"}],"wp:term":[{"taxonomy":"post_tag","embeddable":true,"href":"https:\/\/cryomedpro.com\/nb\/wp-json\/wp\/v2\/tags?post=54757"}],"curies":[{"name":"wp","href":"https:\/\/api.w.org\/{rel}","templated":true}]}}