{"id":56892,"date":"2020-03-24T09:39:23","date_gmt":"2020-03-24T08:39:23","guid":{"rendered":"https:\/\/cryomedpro.com\/cryofan-cf-04\/"},"modified":"2020-03-30T19:35:39","modified_gmt":"2020-03-30T17:35:39","slug":"cryofan-cf-04","status":"publish","type":"page","link":"https:\/\/cryomedpro.com\/nb\/cryofan-cf-04\/","title":{"rendered":"Cryofan CF-04+"},"content":{"rendered":"<p>[et_pb_section admin_label=&raquo;section&raquo; background_image=&raquo;https:\/\/cryomedpro.com\/wp-content\/uploads\/2016\/12\/784743-blue-crystals-frost-macro.jpg&raquo; transparent_background=&raquo;off&raquo; allow_player_pause=&raquo;off&raquo; inner_shadow=&raquo;off&raquo; parallax=&raquo;off&raquo; parallax_method=&raquo;off&raquo; custom_padding=&raquo;3px|0px|4px|0px&raquo; padding_mobile=&raquo;off&raquo; make_fullwidth=&raquo;off&raquo; use_custom_width=&raquo;off&raquo; width_unit=&raquo;on&raquo; make_equal=&raquo;off&raquo; use_custom_gutter=&raquo;off&raquo; fullwidth=&raquo;off&raquo; specialty=&raquo;off&raquo; module_class=&raquo;ns-banner&raquo; disabled=&raquo;off&raquo;][et_pb_row admin_label=&raquo;row&raquo; make_fullwidth=&raquo;off&raquo; use_custom_width=&raquo;off&raquo; width_unit=&raquo;off&raquo; custom_width_px=&raquo;1080px&raquo; custom_width_percent=&raquo;80%&raquo; use_custom_gutter=&raquo;off&raquo; gutter_width=&raquo;3&#8243; custom_padding=&raquo;21px|0px|21.45px|0px&raquo; padding_mobile=&raquo;off&raquo; allow_player_pause=&raquo;off&raquo; parallax=&raquo;off&raquo; parallax_method=&raquo;on&raquo; make_equal=&raquo;off&raquo; column_padding_mobile=&raquo;on&raquo; parallax_1=&raquo;off&raquo; parallax_method_1=&raquo;on&raquo; parallax_2=&raquo;off&raquo; parallax_method_2=&raquo;on&raquo; parallax_3=&raquo;off&raquo; parallax_method_3=&raquo;on&raquo; parallax_4=&raquo;off&raquo; parallax_method_4=&raquo;on&raquo; disabled=&raquo;off&raquo;][et_pb_column type=&raquo;4_4&#8243;][et_pb_text admin_label=&raquo;Text&raquo; background_layout=&raquo;dark&raquo; text_orientation=&raquo;center&raquo; use_border_color=&raquo;off&raquo; border_style=&raquo;solid&raquo; disabled=&raquo;off&raquo; border_color=&raquo;#ffffff&raquo;]<\/p>\n<h1 style=\"text-align: center;\">Cryofan CF-04+<\/h1>\n<p><img decoding=\"async\" loading=\"lazy\" class=\"size-full wp-image-150 aligncenter\" src=\"\/wp-content\/uploads\/2016\/10\/heading-underline.png\" alt=\"heading-underline\" width=\"309\" height=\"12\" srcset=\"https:\/\/cryomedpro.com\/wp-content\/uploads\/2016\/10\/heading-underline.png 309w, https:\/\/cryomedpro.com\/wp-content\/uploads\/2016\/10\/heading-underline-300x12.png 300w\" sizes=\"(max-width: 309px) 100vw, 309px\" \/><\/p>\n<p>[\/et_pb_text][\/et_pb_column][\/et_pb_row][\/et_pb_section][et_pb_section admin_label=&raquo;Section&raquo; fullwidth=&raquo;off&raquo; specialty=&raquo;off&raquo;][et_pb_row admin_label=&raquo;Row&raquo;][et_pb_column type=&raquo;1_3&#8243;][et_pb_image admin_label=&raquo;Image&raquo; src=&raquo;https:\/\/cryomedpro.com\/wp-content\/uploads\/2020\/03\/cryomed-cf4-plus.jpg&raquo; alt=&raquo;Cryofan CF-04+&raquo; title_text=&raquo;Cryofan CF-04+&raquo; show_in_lightbox=&raquo;off&raquo; url_new_window=&raquo;off&raquo; use_overlay=&raquo;off&raquo; animation=&raquo;left&raquo; sticky=&raquo;off&raquo; align=&raquo;left&raquo; force_fullwidth=&raquo;off&raquo; always_center_on_mobile=&raquo;on&raquo; use_border_color=&raquo;off&raquo; border_color=&raquo;#ffffff&raquo; border_style=&raquo;solid&raquo;]<\/p>\n<p>&nbsp;<\/p>\n<p>[\/et_pb_image][\/et_pb_column][et_pb_column type=&raquo;2_3&#8243;][et_pb_text admin_label=&raquo;Text&raquo; background_layout=&raquo;light&raquo; text_orientation=&raquo;left&raquo; use_border_color=&raquo;off&raquo; border_color=&raquo;#ffffff&raquo; border_style=&raquo;solid&raquo;]<\/p>\n<h2>Hva er Cryofan CF-04+?<\/h2>\n<p>Cryofan CF-04+ er et apparat for lokalisert kryoterapi, som ble utviklet i henhold til behovene til medisinske og helseinstitusjoner. Denne lokale kryomaskinen er sertifisert som et medisinsk apparat. Det samsvarer med de strengeste sikkerhetskravene for medisinsk utstyr under EU-direktiv 93\/42\/EEC og EN ISO 13485:2016.<\/p>\n<h3>Hvordan fungerer lokaliserte kryoterapimaskiner?<\/h3>\n<p>Prinsippet er det samme som med andre lokale kryoterapienheter (kryogene bl\u00e5sere): gasstr\u00f8m med lav temperatur, som hovedsakelig best\u00e5r av flytende nitrogendamp, ledes til et spesielt punkt p\u00e5 huden som m\u00e5 kj\u00f8les ned, uten at det p\u00e5virker omr\u00e5dene rundt.<\/p>\n<p>En kryobehandling tar ti til femten minutter, avhengig av omr\u00e5det som skal kj\u00f8les ned. Under \u00f8kten kan brukeren ligge eller sitte komfortabelt, noe som egner seg for personer med skader som hindrer dem i \u00e5 st\u00e5. P\u00e5 slutten av behandlingen kan klienten oppleve f\u00f8lelsen av &laquo;stikkende n\u00e5ler&raquo;, som forsvinner raskt etter \u00f8kten.<\/p>\n<p>[\/et_pb_text][et_pb_button admin_label=&raquo;Button&raquo; url_new_window=&raquo;off&raquo; button_text=&raquo;BE OM EN PRIS&raquo; button_alignment=&raquo;center&raquo; background_layout=&raquo;dark&raquo; module_class=&raquo;popmake-contact-form-nb&raquo; custom_button=&raquo;on&raquo; button_text_size=&raquo;15&#8243; button_text_color=&raquo;#ffffff&raquo; button_bg_color=&raquo;#8fd400&#8243; button_border_width=&raquo;0&#8243; button_letter_spacing=&raquo;0&#8243; button_use_icon=&raquo;off&raquo; button_icon_placement=&raquo;right&raquo; button_on_hover=&raquo;on&raquo; button_bg_color_hover=&raquo;#b0d369&#8243; button_letter_spacing_hover=&raquo;0&#8243; disabled=&raquo;off&raquo; saved_tabs=&raquo;all&raquo;]<\/p>\n<p>&nbsp;<\/p>\n<p>[\/et_pb_button][\/et_pb_column][\/et_pb_row][\/et_pb_section][et_pb_section admin_label=&raquo;Section&raquo; fullwidth=&raquo;off&raquo; specialty=&raquo;off&raquo;][et_pb_row admin_label=&raquo;Row&raquo;][et_pb_column type=&raquo;4_4&#8243;][et_pb_text admin_label=&raquo;Text&raquo; background_layout=&raquo;light&raquo; text_orientation=&raquo;left&raquo; use_border_color=&raquo;off&raquo; border_color=&raquo;#ffffff&raquo; border_style=&raquo;solid&raquo;]<\/p>\n<h3>N\u00e5r trenger du lokal kryoterapibehandling?<\/h3>\n<p>Cryofan CF-04+ er nyttig for f\u00f8lgende forhold:<\/p>\n<ul>\n<li>kronisk smerte<\/li>\n<li>betennelse<\/li>\n<li>lokaliserte skader (rygg, kne, albue, osv.)<\/li>\n<li>gjenoppretting og rehabilitering etter operasjon<\/li>\n<\/ul>\n<p>Dessuten er lokal kryoterapi l\u00f8sningen for personer med nedsatt fysisk mobilitet som hindrer dem fra \u00e5 benytte tradisjonell kuldeterapi. Generelt behandler lokalisert kryoterapi smerter (inkludert kroniske smerter), betennelse og hevelse effektivt, og kan brukes for medisinske form\u00e5l.<\/p>\n<p>[\/et_pb_text][\/et_pb_column][\/et_pb_row][et_pb_row admin_label=&raquo;Row&raquo;][et_pb_column type=&raquo;4_4&#8243;][et_pb_text admin_label=&raquo;Text&raquo; background_layout=&raquo;light&raquo; text_orientation=&raquo;center&raquo; use_border_color=&raquo;off&raquo; border_style=&raquo;solid&raquo; disabled=&raquo;off&raquo; saved_tabs=&raquo;all&raquo; border_color=&raquo;#ffffff&raquo;]<\/p>\n<h2 style=\"text-align: center;\">Video<\/h2>\n<p><img decoding=\"async\" loading=\"lazy\" class=\"size-full wp-image-150 aligncenter\" src=\"\/wp-content\/uploads\/2016\/10\/heading-underline.png\" alt=\"heading-underline\" width=\"309\" height=\"12\" srcset=\"https:\/\/cryomedpro.com\/wp-content\/uploads\/2016\/10\/heading-underline.png 309w, https:\/\/cryomedpro.com\/wp-content\/uploads\/2016\/10\/heading-underline-300x12.png 300w\" sizes=\"(max-width: 309px) 100vw, 309px\" \/><\/p>\n<p>[\/et_pb_text][et_pb_text admin_label=&raquo;Tekst&raquo; background_layout=&raquo;light&raquo; text_orientation=&raquo;left&raquo; use_border_color=&raquo;off&raquo; border_color=&raquo;#ffffff&raquo; border_style=&raquo;solid&raquo;]<\/p>\n<p><iframe loading=\"lazy\" src=\"https:\/\/www.youtube.com\/embed\/bZarZ7LsTx4\" width=\"560\" height=\"315\" frameborder=\"0\" allowfullscreen=\"allowfullscreen\"><\/iframe><\/p>\n<p>[\/et_pb_text][et_pb_text admin_label=&raquo;Text&raquo; background_layout=&raquo;light&raquo; text_orientation=&raquo;left&raquo; use_border_color=&raquo;off&raquo; border_color=&raquo;#ffffff&raquo; border_style=&raquo;solid&raquo;]<\/p>\n<h3>Cryofan CF-04+ er gunstig for leger<\/h3>\n<p>V\u00e5r lokaliserte kryoterapienhet ble utviklet med fokus p\u00e5 behovene til helseinstitusjoner. For enkelhetsskyld har vi laget den:<\/p>\n<ul>\n<li style=\"font-weight: 400;\"><strong>b\u00e6rbar:<\/strong> vekten av Cryofan CF-04+ uten en dewar-tank er bare 3,7 kg, som gj\u00f8r den lett \u00e5 man\u00f8vrere og enkel \u00e5 bruke &#8211; i tillegg krever den ikke mye plass.<\/li>\n<li style=\"font-weight: 400;\"><strong>p\u00e5litelig:<\/strong> denne kryogene bl\u00e5seren har best\u00e5tt alle n\u00f8dvendige medisinske sertifiseringer med T\u00dcV Rheinland.<\/li>\n<li style=\"font-weight: 400;\"><strong>enkel \u00e5 bruke:<\/strong> personalet ditt kan bruke denne med selvtillit p\u00e5 mindre enn en time.<\/li>\n<li style=\"font-weight: 400;\"><strong>\u00f8konomisk:<\/strong> denne modellen har det laveste nitrogenforbruket i markedet sammenlignet med andre kryogene bl\u00e5sere (opptil 0,75 liter for en behandling p\u00e5 ti minutter).<\/li>\n<li style=\"font-weight: 400;\"><strong>effektiv:<\/strong> sikrer jevn kj\u00f8ling for best resultater.<\/li>\n<\/ul>\n<p>[\/et_pb_text][\/et_pb_column][\/et_pb_row][et_pb_row admin_label=&raquo;Row&raquo;][et_pb_column type=&raquo;4_4&#8243;][et_pb_text admin_label=&raquo;Text&raquo; background_layout=&raquo;light&raquo; text_orientation=&raquo;center&raquo; use_border_color=&raquo;off&raquo; border_style=&raquo;solid&raquo; disabled=&raquo;off&raquo; saved_tabs=&raquo;all&raquo; border_color=&raquo;#ffffff&raquo;]<\/p>\n<h2 style=\"text-align: center;\">Tekniske egenskaper<\/h2>\n<p><img decoding=\"async\" loading=\"lazy\" class=\"size-full wp-image-150 aligncenter\" src=\"\/wp-content\/uploads\/2016\/10\/heading-underline.png\" alt=\"heading-underline\" width=\"309\" height=\"12\" srcset=\"https:\/\/cryomedpro.com\/wp-content\/uploads\/2016\/10\/heading-underline.png 309w, https:\/\/cryomedpro.com\/wp-content\/uploads\/2016\/10\/heading-underline-300x12.png 300w\" sizes=\"(max-width: 309px) 100vw, 309px\" \/><\/p>\n<p>[\/et_pb_text][et_pb_text admin_label=&raquo;Text&raquo; background_layout=&raquo;light&raquo; text_orientation=&raquo;left&raquo; use_border_color=&raquo;off&raquo; border_color=&raquo;#ffffff&raquo; border_style=&raquo;solid&raquo;]<\/p>\n<table class=\"prod_full_attributes\" style=\"background-color: #e6ffff;\">\n<tbody>\n<tr class=\"\">\n<th>Funksjon<\/th>\n<th>Sverdi<\/th>\n<\/tr>\n<tr class=\"alt\">\n<td>Str\u00f8mkilde<\/td>\n<td>100-240 VAC, 50\/60 Hz<\/td>\n<\/tr>\n<tr class=\"\">\n<td>Maksimalt str\u00f8mforbruk<\/td>\n<td>0.28 kW<\/td>\n<\/tr>\n<tr class=\"alt\">\n<td>Cryofan-enhetens vekt<\/td>\n<td>3,7 kg<\/td>\n<\/tr>\n<tr class=\"\">\n<td>R\u00f8rlengde<\/td>\n<td>1,4 m<\/td>\n<\/tr>\n<tr class=\"alt\">\n<td>Forkj\u00f8lingstid (-100\u00ba \u0421)<\/td>\n<td>Under 4 min<\/td>\n<\/tr>\n<tr class=\"\">\n<td>Gasstr\u00f8mstemperatur (maks.)<\/td>\n<td>-120\u00ba \u0421<\/td>\n<\/tr>\n<tr class=\"alt\">\n<td>Flytende nitrogenforbruk for en \u00f8kt (10 min, -100\u00ba \u0421)<\/td>\n<td>0.75 l (0.6 kg)<\/td>\n<\/tr>\n<tr class=\"\">\n<td>Beskyttelse<\/td>\n<td>IP50<\/td>\n<\/tr>\n<\/tbody>\n<\/table>\n<p>&nbsp;<\/p>\n<p>[\/et_pb_text][et_pb_text admin_label=&raquo;Text&raquo; background_layout=&raquo;light&raquo; text_orientation=&raquo;center&raquo; use_border_color=&raquo;off&raquo; border_style=&raquo;solid&raquo; disabled=&raquo;off&raquo; saved_tabs=&raquo;all&raquo; border_color=&raquo;#ffffff&raquo;]<\/p>\n<h3 style=\"text-align: center;\">Hva er forskjellen mellom Cryofan CF-04+ og andre lokaliserte kryoterapienheter?<\/h3>\n<p><img decoding=\"async\" loading=\"lazy\" class=\"size-full wp-image-150 aligncenter\" src=\"\/wp-content\/uploads\/2016\/10\/heading-underline.png\" alt=\"heading-underline\" width=\"309\" height=\"12\" srcset=\"https:\/\/cryomedpro.com\/wp-content\/uploads\/2016\/10\/heading-underline.png 309w, https:\/\/cryomedpro.com\/wp-content\/uploads\/2016\/10\/heading-underline-300x12.png 300w\" sizes=\"(max-width: 309px) 100vw, 309px\" \/><\/p>\n<p>[\/et_pb_text][et_pb_text admin_label=&raquo;Text&raquo; background_layout=&raquo;light&raquo; text_orientation=&raquo;left&raquo; use_border_color=&raquo;off&raquo; border_color=&raquo;#ffffff&raquo; border_style=&raquo;solid&raquo;]<\/p>\n<table class=\"prod_full_attributes\" style=\"background-color: #e6ffff;\">\n<tbody>\n<tr>\n<td><strong>Modell<\/strong><\/td>\n<td><strong>Vekt<\/strong><\/td>\n<td><strong>Forkj\u00f8lingstid<\/strong><\/td>\n<td><strong>Gasstr\u00f8m t, maks<\/strong><\/td>\n<td><strong>Nitrogenforbruk per behandling (10 min.)<\/strong><\/td>\n<td><strong>Medisinsk sertifisering<\/strong><\/td>\n<\/tr>\n<tr>\n<td><a href=\"https:\/\/cryomedpro.com\/nb\/cryofan\/\"><span style=\"font-weight: 400;\">Cryofan CF-04<\/span><\/a><\/td>\n<td><strong>3.7 kg<\/strong><\/td>\n<td>opptil 4 minutter<\/td>\n<td><span style=\"font-weight: 400;\">-120\u00ba \u0421<\/span><\/td>\n<td><strong>0,6 kg<\/strong><\/td>\n<td>Nei<\/td>\n<\/tr>\n<tr>\n<td><a href=\"https:\/\/cryomedpro.com\/nb\/cryofan-cf-05\/\"><span style=\"font-weight: 400;\">Cryofan CF-05<\/span><\/a><\/td>\n<td><span style=\"font-weight: 400;\">23.3 kg<\/span><\/td>\n<td><strong>opptil 3 minutter<\/strong><\/td>\n<td><strong>-130\u00ba \u0421<\/strong><\/td>\n<td><span style=\"font-weight: 400;\">0,7kg<\/span><\/td>\n<td>Nei<\/td>\n<\/tr>\n<tr>\n<td><span style=\"font-weight: 400;\">Cryofan CF-04+<\/span><\/td>\n<td><strong>3.7 kg<\/strong><\/td>\n<td>opptil 4 minutter<\/td>\n<td><span style=\"font-weight: 400;\">-120\u00ba \u0421<\/span><\/td>\n<td><strong>0,6 kg<\/strong><\/td>\n<td><strong>Ja<\/strong><\/td>\n<\/tr>\n<\/tbody>\n<\/table>\n<p>[\/et_pb_text][\/et_pb_column][\/et_pb_row][et_pb_row admin_label=&raquo;Row&raquo;][et_pb_column type=&raquo;4_4&#8243;][et_pb_text admin_label=&raquo;Text&raquo; background_layout=&raquo;light&raquo; text_orientation=&raquo;center&raquo; use_border_color=&raquo;off&raquo; border_style=&raquo;solid&raquo; disabled=&raquo;off&raquo; saved_tabs=&raquo;all&raquo; border_color=&raquo;#ffffff&raquo;]<\/p>\n<h3 style=\"text-align: center;\">Bilder av lokalisert kryoterapienhet<\/h3>\n<p><img decoding=\"async\" loading=\"lazy\" class=\"size-full wp-image-150 aligncenter\" src=\"\/wp-content\/uploads\/2016\/10\/heading-underline.png\" alt=\"heading-underline\" width=\"309\" height=\"12\" srcset=\"https:\/\/cryomedpro.com\/wp-content\/uploads\/2016\/10\/heading-underline.png 309w, https:\/\/cryomedpro.com\/wp-content\/uploads\/2016\/10\/heading-underline-300x12.png 300w\" sizes=\"(max-width: 309px) 100vw, 309px\" \/><\/p>\n<p>[\/et_pb_text][et_pb_gallery admin_label=&raquo;Gallery&raquo; gallery_ids=&raquo;56489,56470,56451&#8243; fullwidth=&raquo;on&raquo; show_title_and_caption=&raquo;on&raquo; show_pagination=&raquo;on&raquo; background_layout=&raquo;light&raquo; auto=&raquo;on&raquo; hover_overlay_color=&raquo;rgba(255,255,255,0.9)&raquo; caption_all_caps=&raquo;off&raquo; use_border_color=&raquo;off&raquo; border_color=&raquo;#ffffff&raquo; border_style=&raquo;solid&raquo;]<\/p>\n<p>&nbsp;<\/p>\n<p>[\/et_pb_gallery][et_pb_text admin_label=&raquo;Text&raquo; background_layout=&raquo;light&raquo; text_orientation=&raquo;left&raquo; use_border_color=&raquo;off&raquo; border_color=&raquo;#ffffff&raquo; border_style=&raquo;solid&raquo;]<\/p>\n<h2>Medisinske enheter for kryoterapibehandling<\/h2>\n<p>Vi produserer medisinske enheter i tr\u00e5d med alle relevante sertifiseringskrav. Det er grunnen til at sikkerhet, kvalitet og effektivitet er v\u00e5re prioriteter. V\u00e5re medisinske produkter er trygge for forbrukernes helse og ikke skadelig for milj\u00f8et.<\/p>\n<p>Cryomed produserer utstyr b\u00e5de til lokalisert og helkroppskryoterapi. Avhengig av hvilke form\u00e5l du har, kan du velge Cryomed One+ eller Cryomed Pro+ kryosaunaer for helkroppskryoterapibehandling eller Cryofan CF-04+ for lokal eller punktbehandling.<\/p>\n<p>[\/et_pb_text][et_pb_button admin_label=&raquo;Button&raquo; url_new_window=&raquo;off&raquo; button_text=&raquo;BE OM EN PRIS&raquo; button_alignment=&raquo;center&raquo; background_layout=&raquo;dark&raquo; module_class=&raquo;popmake-contact-form-nb&raquo; custom_button=&raquo;on&raquo; button_text_size=&raquo;15&#8243; button_text_color=&raquo;#ffffff&raquo; button_bg_color=&raquo;#8fd400&#8243; button_border_width=&raquo;0&#8243; button_letter_spacing=&raquo;0&#8243; button_use_icon=&raquo;off&raquo; button_icon_placement=&raquo;right&raquo; button_on_hover=&raquo;on&raquo; button_bg_color_hover=&raquo;#b0d369&#8243; button_letter_spacing_hover=&raquo;0&#8243; disabled=&raquo;off&raquo; saved_tabs=&raquo;all&raquo;]<\/p>\n<p>&nbsp;<\/p>\n<p>[\/et_pb_button][\/et_pb_column][\/et_pb_row][\/et_pb_section]<\/p>\n","protected":false},"excerpt":{"rendered":"<p>[et_pb_section admin_label=&raquo;section&raquo; background_image=&raquo;https:\/\/cryomedpro.com\/wp-content\/uploads\/2016\/12\/784743-blue-crystals-frost-macro.jpg&raquo; transparent_background=&raquo;off&raquo; allow_player_pause=&raquo;off&raquo; inner_shadow=&raquo;off&raquo; parallax=&raquo;off&raquo; parallax_method=&raquo;off&raquo; custom_padding=&raquo;3px|0px|4px|0px&raquo; padding_mobile=&raquo;off&raquo; make_fullwidth=&raquo;off&raquo; use_custom_width=&raquo;off&raquo; width_unit=&raquo;on&raquo; make_equal=&raquo;off&raquo; use_custom_gutter=&raquo;off&raquo; fullwidth=&raquo;off&raquo; specialty=&raquo;off&raquo; module_class=&raquo;ns-banner&raquo; disabled=&raquo;off&raquo;][et_pb_row admin_label=&raquo;row&raquo; make_fullwidth=&raquo;off&raquo; use_custom_width=&raquo;off&raquo; width_unit=&raquo;off&raquo; custom_width_px=&raquo;1080px&raquo; custom_width_percent=&raquo;80%&raquo; use_custom_gutter=&raquo;off&raquo; gutter_width=&raquo;3&#8243; custom_padding=&raquo;21px|0px|21.45px|0px&raquo; padding_mobile=&raquo;off&raquo; allow_player_pause=&raquo;off&raquo; parallax=&raquo;off&raquo; parallax_method=&raquo;on&raquo; make_equal=&raquo;off&raquo; column_padding_mobile=&raquo;on&raquo; parallax_1=&raquo;off&raquo; parallax_method_1=&raquo;on&raquo; parallax_2=&raquo;off&raquo; parallax_method_2=&raquo;on&raquo; parallax_3=&raquo;off&raquo; parallax_method_3=&raquo;on&raquo; parallax_4=&raquo;off&raquo; parallax_method_4=&raquo;on&raquo; disabled=&raquo;off&raquo;][et_pb_column type=&raquo;4_4&#8243;][et_pb_text admin_label=&raquo;Text&raquo; background_layout=&raquo;dark&raquo; text_orientation=&raquo;center&raquo; use_border_color=&raquo;off&raquo; border_style=&raquo;solid&raquo; disabled=&raquo;off&raquo; border_color=&raquo;#ffffff&raquo;] Cryofan CF-04+ [\/et_pb_text][\/et_pb_column][\/et_pb_row][\/et_pb_section][et_pb_section admin_label=&raquo;Section&raquo; [&hellip;]<\/p>\n","protected":false},"author":2,"featured_media":0,"parent":0,"menu_order":0,"comment_status":"closed","ping_status":"closed","template":"","meta":[],"tags":[1591,1590,1592],"yoast_head":"<!-- This site is optimized with the Yoast SEO plugin v20.0 - https:\/\/yoast.com\/wordpress\/plugins\/seo\/ -->\n<title>Cryofan CF-04+. Kj\u00f8p lokalisert kryoterapiutstyr fra globale ledere i lokale og helkroppskryoterapi - Cryomed Manufacture s.r.o.<\/title>\n<meta name=\"description\" content=\"Cryofan CF-04+ er kryoterapiutstyr for lokalisert kryoterapi, utviklet i henhold til behovene til medisinske og helseinstitusjoner. Den samsvarer med sikkerhetskravene og har de n\u00f8dvendige medisinske sertifiseringene.\" \/>\n<meta name=\"robots\" content=\"index, follow, max-snippet:-1, max-image-preview:large, max-video-preview:-1\" \/>\n<link rel=\"canonical\" href=\"https:\/\/cryomedpro.com\/nb\/cryofan-cf-04\/\" \/>\n<meta property=\"og:locale\" content=\"nb_NO\" \/>\n<meta property=\"og:type\" content=\"article\" \/>\n<meta property=\"og:title\" content=\"Cryofan CF-04+. Kj\u00f8p lokalisert kryoterapiutstyr fra globale ledere i lokale og helkroppskryoterapi - Cryomed Manufacture s.r.o.\" \/>\n<meta property=\"og:description\" content=\"Cryofan CF-04+ er kryoterapiutstyr for lokalisert kryoterapi, utviklet i henhold til behovene til medisinske og helseinstitusjoner. Den samsvarer med sikkerhetskravene og har de n\u00f8dvendige medisinske sertifiseringene.\" \/>\n<meta property=\"og:url\" content=\"https:\/\/cryomedpro.com\/nb\/cryofan-cf-04\/\" \/>\n<meta property=\"og:site_name\" content=\"Cryomed PRO\" \/>\n<meta property=\"article:modified_time\" content=\"2020-03-30T17:35:39+00:00\" \/>\n<meta property=\"og:image\" content=\"https:\/\/cryomedpro.com\/wp-content\/uploads\/2016\/10\/heading-underline.png\" \/>\n<meta name=\"twitter:card\" content=\"summary_large_image\" \/>\n<meta name=\"twitter:label1\" content=\"Ansl. lesetid\" \/>\n\t<meta name=\"twitter:data1\" content=\"7 minutter\" \/>\n<!-- \/ Yoast SEO plugin. -->","yoast_head_json":{"title":"Cryofan CF-04+. Kj\u00f8p lokalisert kryoterapiutstyr fra globale ledere i lokale og helkroppskryoterapi - Cryomed Manufacture s.r.o.","description":"Cryofan CF-04+ er kryoterapiutstyr for lokalisert kryoterapi, utviklet i henhold til behovene til medisinske og helseinstitusjoner. Den samsvarer med sikkerhetskravene og har de n\u00f8dvendige medisinske sertifiseringene.","robots":{"index":"index","follow":"follow","max-snippet":"max-snippet:-1","max-image-preview":"max-image-preview:large","max-video-preview":"max-video-preview:-1"},"canonical":"https:\/\/cryomedpro.com\/nb\/cryofan-cf-04\/","og_locale":"nb_NO","og_type":"article","og_title":"Cryofan CF-04+. Kj\u00f8p lokalisert kryoterapiutstyr fra globale ledere i lokale og helkroppskryoterapi - Cryomed Manufacture s.r.o.","og_description":"Cryofan CF-04+ er kryoterapiutstyr for lokalisert kryoterapi, utviklet i henhold til behovene til medisinske og helseinstitusjoner. Den samsvarer med sikkerhetskravene og har de n\u00f8dvendige medisinske sertifiseringene.","og_url":"https:\/\/cryomedpro.com\/nb\/cryofan-cf-04\/","og_site_name":"Cryomed PRO","article_modified_time":"2020-03-30T17:35:39+00:00","og_image":[{"url":"https:\/\/cryomedpro.com\/wp-content\/uploads\/2016\/10\/heading-underline.png"}],"twitter_card":"summary_large_image","twitter_misc":{"Ansl. lesetid":"7 minutter"},"schema":{"@context":"https:\/\/schema.org","@graph":[{"@type":"WebPage","@id":"https:\/\/cryomedpro.com\/nb\/cryofan-cf-04\/","url":"https:\/\/cryomedpro.com\/nb\/cryofan-cf-04\/","name":"Cryofan CF-04+. Kj\u00f8p lokalisert kryoterapiutstyr fra globale ledere i lokale og helkroppskryoterapi - Cryomed Manufacture s.r.o.","isPartOf":{"@id":"https:\/\/cryomedpro.com\/#website"},"datePublished":"2020-03-24T08:39:23+00:00","dateModified":"2020-03-30T17:35:39+00:00","description":"Cryofan CF-04+ er kryoterapiutstyr for lokalisert kryoterapi, utviklet i henhold til behovene til medisinske og helseinstitusjoner. Den samsvarer med sikkerhetskravene og har de n\u00f8dvendige medisinske sertifiseringene.","breadcrumb":{"@id":"https:\/\/cryomedpro.com\/nb\/cryofan-cf-04\/#breadcrumb"},"inLanguage":"nb-NO","potentialAction":[{"@type":"ReadAction","target":["https:\/\/cryomedpro.com\/nb\/cryofan-cf-04\/"]}]},{"@type":"BreadcrumbList","@id":"https:\/\/cryomedpro.com\/nb\/cryofan-cf-04\/#breadcrumb","itemListElement":[{"@type":"ListItem","position":1,"name":"Home","item":"https:\/\/cryomedpro.com\/nb\/"},{"@type":"ListItem","position":2,"name":"Cryofan CF-04+"}]},{"@type":"WebSite","@id":"https:\/\/cryomedpro.com\/#website","url":"https:\/\/cryomedpro.com\/","name":"Cryomed PRO","description":"Cryosaunas Worldwide","publisher":{"@id":"https:\/\/cryomedpro.com\/#\/schema\/person\/752b92c38fb6f6c5052ef7763f4d79eb"},"potentialAction":[{"@type":"SearchAction","target":{"@type":"EntryPoint","urlTemplate":"https:\/\/cryomedpro.com\/?s={search_term_string}"},"query-input":"required name=search_term_string"}],"inLanguage":"nb-NO"},{"@type":["Person","Organization"],"@id":"https:\/\/cryomedpro.com\/#\/schema\/person\/752b92c38fb6f6c5052ef7763f4d79eb","name":"healthycold","image":{"@type":"ImageObject","inLanguage":"nb-NO","@id":"https:\/\/cryomedpro.com\/#\/schema\/person\/image\/","url":"https:\/\/secure.gravatar.com\/avatar\/bbe2f3ec78281a56dba108d1bf0f9ffa?s=96&d=mm&r=g","contentUrl":"https:\/\/secure.gravatar.com\/avatar\/bbe2f3ec78281a56dba108d1bf0f9ffa?s=96&d=mm&r=g","caption":"healthycold"},"logo":{"@id":"https:\/\/cryomedpro.com\/#\/schema\/person\/image\/"}}]}},"_links":{"self":[{"href":"https:\/\/cryomedpro.com\/nb\/wp-json\/wp\/v2\/pages\/56892"}],"collection":[{"href":"https:\/\/cryomedpro.com\/nb\/wp-json\/wp\/v2\/pages"}],"about":[{"href":"https:\/\/cryomedpro.com\/nb\/wp-json\/wp\/v2\/types\/page"}],"author":[{"embeddable":true,"href":"https:\/\/cryomedpro.com\/nb\/wp-json\/wp\/v2\/users\/2"}],"replies":[{"embeddable":true,"href":"https:\/\/cryomedpro.com\/nb\/wp-json\/wp\/v2\/comments?post=56892"}],"version-history":[{"count":0,"href":"https:\/\/cryomedpro.com\/nb\/wp-json\/wp\/v2\/pages\/56892\/revisions"}],"wp:attachment":[{"href":"https:\/\/cryomedpro.com\/nb\/wp-json\/wp\/v2\/media?parent=56892"}],"wp:term":[{"taxonomy":"post_tag","embeddable":true,"href":"https:\/\/cryomedpro.com\/nb\/wp-json\/wp\/v2\/tags?post=56892"}],"curies":[{"name":"wp","href":"https:\/\/api.w.org\/{rel}","templated":true}]}}