{"id":4078,"date":"2016-10-26T11:58:50","date_gmt":"2016-10-26T09:58:50","guid":{"rendered":"https:\/\/cryomedpro.com\/ru\/?page_id=4078"},"modified":"2026-02-18T18:18:33","modified_gmt":"2026-02-18T17:18:33","slug":"contact","status":"publish","type":"page","link":"https:\/\/cryomedpro.com\/ru\/contact\/","title":{"rendered":"\u041a\u043e\u043d\u0442\u0430\u043a\u0442\u044b"},"content":{"rendered":"<p>[et_pb_section admin_label=&#187;section&#187; background_image=&#187;https:\/\/cryomedpro.com\/wp-content\/uploads\/2016\/12\/penguins2.jpg&#187; transparent_background=&#187;off&#187; allow_player_pause=&#187;off&#187; inner_shadow=&#187;off&#187; parallax=&#187;off&#187; parallax_method=&#187;off&#187; custom_padding=&#187;0px|0px|2px|0px&#187; padding_mobile=&#187;off&#187; make_fullwidth=&#187;off&#187; use_custom_width=&#187;off&#187; width_unit=&#187;on&#187; custom_width_px=&#187;1080px&#187; custom_width_percent=&#187;80%&#187; make_equal=&#187;off&#187; use_custom_gutter=&#187;off&#187; fullwidth=&#187;off&#187; specialty=&#187;off&#187; module_class=&#187;ns-banner&#187; disabled=&#187;off&#187;][et_pb_row admin_label=&#187;row&#187; make_fullwidth=&#187;off&#187; use_custom_width=&#187;off&#187; width_unit=&#187;off&#187; custom_width_px=&#187;1080px&#187; custom_width_percent=&#187;80%&#187; use_custom_gutter=&#187;off&#187; gutter_width=&#187;3&#8243; custom_padding=&#187;21.45px|0px|21px|0px&#187; padding_mobile=&#187;off&#187; allow_player_pause=&#187;off&#187; parallax=&#187;off&#187; parallax_method=&#187;on&#187; make_equal=&#187;off&#187; column_padding_mobile=&#187;on&#187; parallax_1=&#187;off&#187; parallax_method_1=&#187;on&#187; parallax_2=&#187;off&#187; parallax_method_2=&#187;on&#187; parallax_3=&#187;off&#187; parallax_method_3=&#187;on&#187; parallax_4=&#187;off&#187; parallax_method_4=&#187;on&#187; disabled=&#187;off&#187;][et_pb_column type=&#187;4_4&#8243;][et_pb_text admin_label=&#187;Text&#187; background_layout=&#187;dark&#187; text_orientation=&#187;center&#187; use_border_color=&#187;off&#187; border_style=&#187;solid&#187; disabled=&#187;off&#187; border_color=&#187;#ffffff&#187;]<\/p>\n<p>&nbsp;<\/p>\n<h1 style=\"text-align: center;\">\u041a\u043e\u043d\u0442\u0430\u043a\u0442\u044b<\/h1>\n<p><img decoding=\"async\" loading=\"lazy\" class=\"size-full wp-image-150 aligncenter\" src=\"..\/wp-content\/uploads\/2016\/10\/heading-underline.png\" alt=\"heading-underline\" width=\"309\" height=\"12\" srcset=\"https:\/\/cryomedpro.com\/wp-content\/uploads\/2016\/10\/heading-underline.png 309w, https:\/\/cryomedpro.com\/wp-content\/uploads\/2016\/10\/heading-underline-300x12.png 300w\" sizes=\"(max-width: 309px) 100vw, 309px\" \/><\/p>\n<p>&nbsp;<\/p>\n<p>[\/et_pb_text][\/et_pb_column][\/et_pb_row][\/et_pb_section][et_pb_section admin_label=&#187;Section&#187; fullwidth=&#187;off&#187; specialty=&#187;off&#187; transparent_background=&#187;off&#187; allow_player_pause=&#187;off&#187; inner_shadow=&#187;off&#187; parallax=&#187;off&#187; parallax_method=&#187;off&#187; custom_padding=&#187;15px|0px|0px|0px&#187; padding_mobile=&#187;off&#187; make_fullwidth=&#187;off&#187; use_custom_width=&#187;off&#187; width_unit=&#187;on&#187; make_equal=&#187;off&#187; use_custom_gutter=&#187;off&#187;][et_pb_row admin_label=&#187;Row&#187; make_fullwidth=&#187;off&#187; use_custom_width=&#187;off&#187; width_unit=&#187;on&#187; use_custom_gutter=&#187;off&#187; padding_mobile=&#187;off&#187; allow_player_pause=&#187;off&#187; parallax=&#187;off&#187; parallax_method=&#187;off&#187; make_equal=&#187;off&#187; parallax_1=&#187;off&#187; parallax_method_1=&#187;off&#187; column_padding_mobile=&#187;on&#187; custom_padding=&#187;0px|0px|0px|0px&#187;][et_pb_column type=&#187;4_4&#8243;][et_pb_code admin_label=&#187;Code&#187;]\tCryo\n<span><span><a href=\"https:\/\/cryomedpro.com\/ru\/\">Home<\/a><\/span><\/span>[\/et_pb_code][\/et_pb_column][\/et_pb_row][\/et_pb_section][et_pb_section admin_label=&#187;Section&#187; transparent_background=&#187;off&#187; allow_player_pause=&#187;off&#187; inner_shadow=&#187;off&#187; parallax=&#187;off&#187; parallax_method=&#187;off&#187; padding_mobile=&#187;off&#187; make_fullwidth=&#187;off&#187; use_custom_width=&#187;off&#187; width_unit=&#187;on&#187; custom_width_px=&#187;1080px&#187; custom_width_percent=&#187;80%&#187; make_equal=&#187;off&#187; use_custom_gutter=&#187;off&#187; fullwidth=&#187;off&#187; specialty=&#187;off&#187; module_class=&#187;ns-contact&#187; disabled=&#187;off&#187;][et_pb_row admin_label=&#187;Row&#187; make_fullwidth=&#187;off&#187; use_custom_width=&#187;off&#187; width_unit=&#187;on&#187; custom_width_px=&#187;1080px&#187; custom_width_percent=&#187;80%&#187; use_custom_gutter=&#187;off&#187; gutter_width=&#187;3&#8243; custom_padding_phone=&#187;0px||0px|&#187; padding_mobile=&#187;off&#187; allow_player_pause=&#187;off&#187; parallax=&#187;off&#187; parallax_method=&#187;off&#187; make_equal=&#187;off&#187; column_padding_mobile=&#187;on&#187; parallax_1=&#187;off&#187; parallax_method_1=&#187;off&#187; parallax_2=&#187;off&#187; parallax_method_2=&#187;on&#187; parallax_3=&#187;off&#187; parallax_method_3=&#187;on&#187; parallax_4=&#187;off&#187; parallax_method_4=&#187;on&#187; disabled=&#187;off&#187;][et_pb_column type=&#187;4_4&#8243;][et_pb_text admin_label=&#187;Text&#187; background_layout=&#187;light&#187; text_orientation=&#187;left&#187; use_border_color=&#187;off&#187; border_style=&#187;solid&#187; disabled=&#187;off&#187; border_color=&#187;#ffffff&#187;]<\/p>\n<h2>\u041a\u043e\u043c\u043f\u0430\u043d\u0438\u044f Cryomed &#8212; \u043c\u0438\u0440\u043e\u0432\u043e\u0439 \u043b\u0438\u0434\u0435\u0440 \u0432 \u043e\u0431\u043b\u0430\u0441\u0442\u0438 \u043e\u0431\u0449\u0435\u0439 \u043a\u0440\u0438\u043e\u0442\u0435\u0440\u0430\u043f\u0438\u0438.<\/h2>\n<p>Cryomed Manufacture s.r.o.<br \/>\n\u0420\u0435\u0433\u0438\u0441\u0442\u0440\u0430\u0446\u0438\u043e\u043d\u043d\u044b\u0439 \u043d\u043e\u043c\u0435\u0440 \u043a\u043e\u043c\u043f\u0430\u043d\u0438\u0438: 52095983<br \/>\n\u041d\u043e\u043c\u0435\u0440 \u043f\u043b\u0430\u0442\u0435\u043b\u044c\u0449\u0438\u043a\u0430 \u041d\u0414\u0421: SK2120903598<\/p>\n<p>[\/et_pb_text][\/et_pb_column][\/et_pb_row][et_pb_row admin_label=&#187;Row&#187; make_fullwidth=&#187;off&#187; use_custom_width=&#187;off&#187; width_unit=&#187;off&#187; custom_width_px=&#187;1080px&#187; custom_width_percent=&#187;80%&#187; use_custom_gutter=&#187;off&#187; gutter_width=&#187;3&#8243; padding_mobile=&#187;off&#187; allow_player_pause=&#187;off&#187; parallax=&#187;off&#187; parallax_method=&#187;on&#187; make_equal=&#187;off&#187; column_padding_mobile=&#187;on&#187; parallax_1=&#187;off&#187; parallax_method_1=&#187;on&#187; parallax_2=&#187;off&#187; parallax_method_2=&#187;on&#187; parallax_3=&#187;off&#187; parallax_method_3=&#187;on&#187; parallax_4=&#187;off&#187; parallax_method_4=&#187;on&#187; disabled=&#187;off&#187;][et_pb_column type=&#187;1_4&#8243;][et_pb_text admin_label=&#187;Text&#187; background_layout=&#187;light&#187; text_orientation=&#187;left&#187; use_border_color=&#187;off&#187; border_style=&#187;solid&#187; disabled=&#187;off&#187; border_color=&#187;#ffffff&#187;]<\/p>\n<p><strong>\u041d\u0430\u0448 \u0430\u0434\u0440\u0435\u0441<\/strong><\/p>\n<div>Cyrila Min\u00e1rika Square, 24, 941 44 Hul<br \/>\n\u0421\u043b\u043e\u0432\u0430\u043a\u0438\u044f<\/div>\n<p>[\/et_pb_text][\/et_pb_column][et_pb_column type=&#187;1_4&#8243;][et_pb_text admin_label=&#187;Text&#187; background_layout=&#187;light&#187; text_orientation=&#187;left&#187; use_border_color=&#187;off&#187; border_style=&#187;solid&#187; disabled=&#187;off&#187; border_color=&#187;#ffffff&#187;]<\/p>\n<p><strong>\u0417\u0432\u043e\u043d\u0438\u0442\u0435 \u043d\u0430\u043c<\/strong><\/p>\n<div>\u0441 \u043f\u043e\u043d\u0435\u0434\u0435\u043b\u044c\u043d\u0438\u043a\u0430 \u043f\u043e \u043f\u044f\u0442\u043d\u0438\u0446\u0443 (7:00 &#8212; 15:30)<br \/>\n<span class=\"ns-contact-phone\" style=\"font-size: large;\">+ 421 918 250 160<\/span><\/div>\n<p>[\/et_pb_text][\/et_pb_column][et_pb_column type=&#187;1_2&#8243;][et_pb_text admin_label=&#187;Text&#187; background_layout=&#187;light&#187; text_orientation=&#187;left&#187; use_border_color=&#187;off&#187; border_style=&#187;solid&#187; disabled=&#187;off&#187; border_color=&#187;#ffffff&#187;]<\/p>\n<p><strong>\u041a\u0440\u0443\u0433\u043b\u043e\u0441\u0443\u0442\u043e\u0447\u043d\u0430\u044f \u043f\u043e\u0434\u0434\u0435\u0440\u0436\u043a\u0430 \u043e\u043d\u043b\u0430\u0439\u043d<\/strong><\/p>\n<p>\u041e\u0442\u043f\u0440\u0430\u0432\u044c\u0442\u0435 \u043d\u0430\u043c \u043f\u0438\u0441\u044c\u043c\u043e \u043f\u043e \u044d\u043b\u0435\u043a\u0442\u0440\u043e\u043d\u043d\u043e\u0439 \u043f\u043e\u0447\u0442\u0435:<br \/>\n<a class=\"ns-contact-email\" href=\"mailto:in**@*****ed.pro\" data-original-string=\"d4MvgJnxlvQ96JiBgO6PGA==caeEdC5R+KJTLO5Xa5JySr074a8BXUTniCFrWSpI+kZTmg=\" title=\"\u042d\u0442\u043e\u0442 \u043a\u043e\u043d\u0442\u0430\u043a\u0442 \u0437\u0430\u043a\u043e\u0434\u0438\u0440\u043e\u0432\u0430\u043d \u043f\u043b\u0430\u0433\u0438\u043d\u043e\u043c Anti-Spam by CleanTalk. \u041d\u0430\u0436\u043c\u0438\u0442\u0435 \u043d\u0430 \u0442\u0435\u043a\u0441\u0442 \u0434\u043b\u044f \u0434\u0435\u043a\u043e\u0434\u0438\u0440\u043e\u0432\u0430\u043d\u0438\u044f. \u0422\u0430\u043a\u0436\u0435 \u0443\u0431\u0435\u0434\u0438\u0442\u0435\u0441\u044c, \u0447\u0442\u043e \u0432 \u0432\u0430\u0448\u0435\u043c \u0431\u0440\u0430\u0443\u0437\u0435\u0440\u0435 \u0432\u043a\u043b\u044e\u0447\u0451\u043d JavaScript.\"><span \n                data-original-string='XJeCLR7x\/SM3YpZTPcGLEw==caekkPQZqNXfFV1ap0IxDP\/uGrryHBGfQtRJ8qOZRRD\/4M='\n                class='apbct-email-encoder'\n                title='\u042d\u0442\u043e\u0442 \u043a\u043e\u043d\u0442\u0430\u043a\u0442 \u0437\u0430\u043a\u043e\u0434\u0438\u0440\u043e\u0432\u0430\u043d \u043f\u043b\u0430\u0433\u0438\u043d\u043e\u043c Anti-Spam by CleanTalk. \u041d\u0430\u0436\u043c\u0438\u0442\u0435 \u043d\u0430 \u0442\u0435\u043a\u0441\u0442 \u0434\u043b\u044f \u0434\u0435\u043a\u043e\u0434\u0438\u0440\u043e\u0432\u0430\u043d\u0438\u044f. \u0422\u0430\u043a\u0436\u0435 \u0443\u0431\u0435\u0434\u0438\u0442\u0435\u0441\u044c, \u0447\u0442\u043e \u0432 \u0432\u0430\u0448\u0435\u043c \u0431\u0440\u0430\u0443\u0437\u0435\u0440\u0435 \u0432\u043a\u043b\u044e\u0447\u0451\u043d JavaScript.'>in<span class=\"apbct-blur\">**<\/span>@<span class=\"apbct-blur\">*****<\/span>ed.pro<\/span><\/a><\/p>\n<p><a href=\"https:\/\/www.facebook.com\/CryomedLtd\/\" target=\"_blank\" rel=\"noopener noreferrer\"><img decoding=\"async\" loading=\"lazy\" src=\"https:\/\/cryomedpro.com\/wp-content\/uploads\/2016\/10\/facebook-1.jpg\" alt=\"\" width=\"150\" height=\"61\"><\/a><\/p>\n<p>&nbsp;<\/p>\n<p>[\/et_pb_text][\/et_pb_column][\/et_pb_row][et_pb_row admin_label=&#187;Row&#187; make_fullwidth=&#187;off&#187; use_custom_width=&#187;off&#187; width_unit=&#187;off&#187; custom_width_px=&#187;1080px&#187; custom_width_percent=&#187;80%&#187; use_custom_gutter=&#187;off&#187; gutter_width=&#187;3&#8243; padding_mobile=&#187;off&#187; allow_player_pause=&#187;off&#187; parallax=&#187;off&#187; parallax_method=&#187;on&#187; make_equal=&#187;off&#187; column_padding_mobile=&#187;on&#187; parallax_1=&#187;off&#187; parallax_method_1=&#187;on&#187; parallax_2=&#187;off&#187; parallax_method_2=&#187;on&#187; parallax_3=&#187;off&#187; parallax_method_3=&#187;on&#187; parallax_4=&#187;off&#187; parallax_method_4=&#187;on&#187; disabled=&#187;off&#187;][et_pb_column type=&#187;4_4&#8243;][et_pb_map admin_label=&#187;Map&#187; address=&#187;Budovate\u013esk\u00e1 4854\/7, 940 02 Nov\u00e9 Z\u00e1mky-Doln\u00e1 kapsa, Slovensko&#187; zoom_level=&#187;15&#8243; address_lat=&#187;47.9793452&#8243; address_lng=&#187;18.18741829999999&#8243; mouse_wheel=&#187;on&#187; mobile_dragging=&#187;on&#187; use_grayscale_filter=&#187;off&#187; disabled=&#187;off&#187;]<\/p>\n<p>[et_pb_map_pin title=&#187;Budovate\u013esk\u00e1 7&#8243; pin_address=&#187;Budovate\u013esk\u00e1 4854\/7, 940 02 Nov\u00e9 Z\u00e1mky-Doln\u00e1 kapsa, Slovensko&#187; pin_address_lat=&#187;47.9793452&#8243; pin_address_lng=&#187;18.18741829999999&#8243; disabled=&#187;off&#187;][\/et_pb_map_pin]<\/p>\n<p>[\/et_pb_map][\/et_pb_column][\/et_pb_row][et_pb_row admin_label=&#187;Row&#187; make_fullwidth=&#187;off&#187; use_custom_width=&#187;off&#187; width_unit=&#187;on&#187; custom_width_px=&#187;1080px&#187; custom_width_percent=&#187;80%&#187; use_custom_gutter=&#187;off&#187; gutter_width=&#187;3&#8243; padding_mobile=&#187;off&#187; custom_margin=&#187;120px||120px|&#187; background_color=&#187;#00c4d9&#8243; allow_player_pause=&#187;off&#187; parallax=&#187;off&#187; parallax_method=&#187;off&#187; make_equal=&#187;off&#187; column_padding_mobile=&#187;on&#187; parallax_1=&#187;off&#187; parallax_method_1=&#187;off&#187; parallax_2=&#187;off&#187; parallax_method_2=&#187;off&#187; parallax_3=&#187;off&#187; parallax_method_3=&#187;on&#187; parallax_4=&#187;off&#187; parallax_method_4=&#187;on&#187; disabled=&#187;off&#187;][et_pb_column type=&#187;2_3&#8243;][et_pb_text admin_label=&#187;Text&#187; background_layout=&#187;dark&#187; text_orientation=&#187;left&#187; use_border_color=&#187;off&#187; border_style=&#187;solid&#187; disabled=&#187;off&#187; border_color=&#187;#ffffff&#187;]<\/p>\n<p>&nbsp;<\/p>\n<p><img decoding=\"async\" loading=\"lazy\" class=\"alignleft size-full wp-image-184 ns-contact-product\" src=\"https:\/\/cryomedpro.com\/wp-content\/uploads\/2016\/12\/cryo-2-fixed-200.png\" alt=\"contact-product\" width=\"200\" height=\"287\" \/><\/p>\n<p class=\"ns-hide-on-mobile\" style=\"text-align: right;\">\u041a\u0440\u0438\u043e\u0441\u0430\u0443\u043d\u0430 &#8212; \u0437\u0434\u043e\u0440\u043e\u0432\u044c\u0435 \u0438 \u0445\u043e\u0440\u043e\u0448\u0435\u0435 \u0441\u0430\u043c\u043e\u0447\u0443\u0432\u0441\u0442\u0432\u0438\u0435<\/p>\n<p>&nbsp;<\/p>\n<p>[\/et_pb_text][\/et_pb_column][et_pb_column type=&#187;1_3&#8243;][et_pb_button admin_label=&#187;Button&#187; url_new_window=&#187;off&#187; button_text=&#187;\u0423\u0417\u041d\u0410\u0419\u0422\u0415 \u0426\u0415\u041d\u0423&#187; button_alignment=&#187;center&#187; background_layout=&#187;dark&#187; module_class=&#187;popmake-contact-form-ru&#187; custom_button=&#187;on&#187; button_text_size=&#187;15&#8243; button_text_color=&#187;#ffffff&#187; button_bg_color=&#187;#8fd400&#8243; button_border_width=&#187;0&#8243; button_letter_spacing=&#187;0&#8243; button_use_icon=&#187;off&#187; button_icon_placement=&#187;right&#187; button_on_hover=&#187;on&#187; button_bg_color_hover=&#187;#b0d369&#8243; button_letter_spacing_hover=&#187;0&#8243; disabled=&#187;off&#187; saved_tabs=&#187;all&#187;]<\/p>\n<p>[\/et_pb_button][\/et_pb_column][\/et_pb_row][\/et_pb_section]<\/p>\n","protected":false},"excerpt":{"rendered":"<p>[et_pb_section admin_label=&#187;section&#187; background_image=&#187;https:\/\/cryomedpro.com\/wp-content\/uploads\/2016\/12\/penguins2.jpg&#187; transparent_background=&#187;off&#187; allow_player_pause=&#187;off&#187; inner_shadow=&#187;off&#187; parallax=&#187;off&#187; parallax_method=&#187;off&#187; custom_padding=&#187;0px|0px|2px|0px&#187; padding_mobile=&#187;off&#187; make_fullwidth=&#187;off&#187; use_custom_width=&#187;off&#187; width_unit=&#187;on&#187; custom_width_px=&#187;1080px&#187; custom_width_percent=&#187;80%&#187; make_equal=&#187;off&#187; use_custom_gutter=&#187;off&#187; fullwidth=&#187;off&#187; specialty=&#187;off&#187; module_class=&#187;ns-banner&#187; disabled=&#187;off&#187;][et_pb_row admin_label=&#187;row&#187; make_fullwidth=&#187;off&#187; use_custom_width=&#187;off&#187; width_unit=&#187;off&#187; custom_width_px=&#187;1080px&#187; custom_width_percent=&#187;80%&#187; use_custom_gutter=&#187;off&#187; gutter_width=&#187;3&#8243; custom_padding=&#187;21.45px|0px|21px|0px&#187; padding_mobile=&#187;off&#187; allow_player_pause=&#187;off&#187; parallax=&#187;off&#187; parallax_method=&#187;on&#187; make_equal=&#187;off&#187; column_padding_mobile=&#187;on&#187; parallax_1=&#187;off&#187; parallax_method_1=&#187;on&#187; parallax_2=&#187;off&#187; parallax_method_2=&#187;on&#187; parallax_3=&#187;off&#187; parallax_method_3=&#187;on&#187; parallax_4=&#187;off&#187; parallax_method_4=&#187;on&#187; disabled=&#187;off&#187;][et_pb_column type=&#187;4_4&#8243;][et_pb_text admin_label=&#187;Text&#187; background_layout=&#187;dark&#187; text_orientation=&#187;center&#187; use_border_color=&#187;off&#187; border_style=&#187;solid&#187; disabled=&#187;off&#187; border_color=&#187;#ffffff&#187;] &nbsp; \u041a\u043e\u043d\u0442\u0430\u043a\u0442\u044b [&hellip;]<\/p>\n","protected":false},"author":2,"featured_media":0,"parent":0,"menu_order":0,"comment_status":"closed","ping_status":"closed","template":"","meta":[],"tags":[],"yoast_head":"<!-- This site is optimized with the Yoast SEO plugin v20.0 - https:\/\/yoast.com\/wordpress\/plugins\/seo\/ -->\n<title>\u041a\u043e\u043d\u0442\u0430\u043a\u0442\u044b<\/title>\n<meta name=\"description\" content=\"\u041a\u043e\u043c\u043f\u0430\u043d\u0438\u044f Cryomed s.r.o. \u2014 \u043c\u0438\u0440\u043e\u0432\u043e\u0439 \u043b\u0438\u0434\u0435\u0440 \u0432 \u043e\u0431\u043b\u0430\u0441\u0442\u0438 \u043e\u0431\u0449\u0435\u0439 \u043a\u0440\u0438\u043e\u0442\u0435\u0440\u0430\u043f\u0438\u0438.\" \/>\n<meta name=\"robots\" content=\"index, follow, max-snippet:-1, max-image-preview:large, max-video-preview:-1\" \/>\n<link rel=\"canonical\" href=\"https:\/\/cryomedpro.com\/ru\/contact\/\" \/>\n<meta property=\"og:locale\" content=\"ru_RU\" \/>\n<meta property=\"og:type\" content=\"article\" \/>\n<meta property=\"og:title\" content=\"\u041a\u043e\u043d\u0442\u0430\u043a\u0442\u044b\" \/>\n<meta property=\"og:description\" content=\"\u041a\u043e\u043c\u043f\u0430\u043d\u0438\u044f Cryomed s.r.o. \u2014 \u043c\u0438\u0440\u043e\u0432\u043e\u0439 \u043b\u0438\u0434\u0435\u0440 \u0432 \u043e\u0431\u043b\u0430\u0441\u0442\u0438 \u043e\u0431\u0449\u0435\u0439 \u043a\u0440\u0438\u043e\u0442\u0435\u0440\u0430\u043f\u0438\u0438.\" \/>\n<meta property=\"og:url\" content=\"https:\/\/cryomedpro.com\/ru\/contact\/\" \/>\n<meta property=\"og:site_name\" content=\"Cryomed PRO\" \/>\n<meta property=\"article:modified_time\" content=\"2026-02-18T17:18:33+00:00\" \/>\n<meta property=\"og:image\" content=\"https:\/\/cryomedpro.com\/wp-content\/uploads\/2016\/10\/facebook-1.jpg\" \/>\n<meta name=\"twitter:card\" content=\"summary_large_image\" \/>\n<meta name=\"twitter:label1\" content=\"\u041f\u0440\u0438\u043c\u0435\u0440\u043d\u043e\u0435 \u0432\u0440\u0435\u043c\u044f \u0434\u043b\u044f \u0447\u0442\u0435\u043d\u0438\u044f\" \/>\n\t<meta name=\"twitter:data1\" content=\"3 \u043c\u0438\u043d\u0443\u0442\u044b\" \/>\n<!-- \/ Yoast SEO plugin. -->","yoast_head_json":{"title":"\u041a\u043e\u043d\u0442\u0430\u043a\u0442\u044b","description":"\u041a\u043e\u043c\u043f\u0430\u043d\u0438\u044f Cryomed s.r.o. \u2014 \u043c\u0438\u0440\u043e\u0432\u043e\u0439 \u043b\u0438\u0434\u0435\u0440 \u0432 \u043e\u0431\u043b\u0430\u0441\u0442\u0438 \u043e\u0431\u0449\u0435\u0439 \u043a\u0440\u0438\u043e\u0442\u0435\u0440\u0430\u043f\u0438\u0438.","robots":{"index":"index","follow":"follow","max-snippet":"max-snippet:-1","max-image-preview":"max-image-preview:large","max-video-preview":"max-video-preview:-1"},"canonical":"https:\/\/cryomedpro.com\/ru\/contact\/","og_locale":"ru_RU","og_type":"article","og_title":"\u041a\u043e\u043d\u0442\u0430\u043a\u0442\u044b","og_description":"\u041a\u043e\u043c\u043f\u0430\u043d\u0438\u044f Cryomed s.r.o. \u2014 \u043c\u0438\u0440\u043e\u0432\u043e\u0439 \u043b\u0438\u0434\u0435\u0440 \u0432 \u043e\u0431\u043b\u0430\u0441\u0442\u0438 \u043e\u0431\u0449\u0435\u0439 \u043a\u0440\u0438\u043e\u0442\u0435\u0440\u0430\u043f\u0438\u0438.","og_url":"https:\/\/cryomedpro.com\/ru\/contact\/","og_site_name":"Cryomed PRO","article_modified_time":"2026-02-18T17:18:33+00:00","og_image":[{"url":"https:\/\/cryomedpro.com\/wp-content\/uploads\/2016\/10\/facebook-1.jpg"}],"twitter_card":"summary_large_image","twitter_misc":{"\u041f\u0440\u0438\u043c\u0435\u0440\u043d\u043e\u0435 \u0432\u0440\u0435\u043c\u044f \u0434\u043b\u044f \u0447\u0442\u0435\u043d\u0438\u044f":"3 \u043c\u0438\u043d\u0443\u0442\u044b"},"schema":{"@context":"https:\/\/schema.org","@graph":[{"@type":"WebPage","@id":"https:\/\/cryomedpro.com\/ru\/contact\/","url":"https:\/\/cryomedpro.com\/ru\/contact\/","name":"\u041a\u043e\u043d\u0442\u0430\u043a\u0442\u044b","isPartOf":{"@id":"https:\/\/cryomedpro.com\/#website"},"datePublished":"2016-10-26T09:58:50+00:00","dateModified":"2026-02-18T17:18:33+00:00","description":"\u041a\u043e\u043c\u043f\u0430\u043d\u0438\u044f Cryomed s.r.o. \u2014 \u043c\u0438\u0440\u043e\u0432\u043e\u0439 \u043b\u0438\u0434\u0435\u0440 \u0432 \u043e\u0431\u043b\u0430\u0441\u0442\u0438 \u043e\u0431\u0449\u0435\u0439 \u043a\u0440\u0438\u043e\u0442\u0435\u0440\u0430\u043f\u0438\u0438.","breadcrumb":{"@id":"https:\/\/cryomedpro.com\/ru\/contact\/#breadcrumb"},"inLanguage":"ru-RU","potentialAction":[{"@type":"ReadAction","target":["https:\/\/cryomedpro.com\/ru\/contact\/"]}]},{"@type":"BreadcrumbList","@id":"https:\/\/cryomedpro.com\/ru\/contact\/#breadcrumb","itemListElement":[{"@type":"ListItem","position":1,"name":"Home","item":"https:\/\/cryomedpro.com\/ru\/"},{"@type":"ListItem","position":2,"name":"\u041a\u043e\u043d\u0442\u0430\u043a\u0442\u044b"}]},{"@type":"WebSite","@id":"https:\/\/cryomedpro.com\/#website","url":"https:\/\/cryomedpro.com\/","name":"Cryomed PRO","description":"Cryosaunas Worldwide","publisher":{"@id":"https:\/\/cryomedpro.com\/#\/schema\/person\/752b92c38fb6f6c5052ef7763f4d79eb"},"potentialAction":[{"@type":"SearchAction","target":{"@type":"EntryPoint","urlTemplate":"https:\/\/cryomedpro.com\/?s={search_term_string}"},"query-input":"required name=search_term_string"}],"inLanguage":"ru-RU"},{"@type":["Person","Organization"],"@id":"https:\/\/cryomedpro.com\/#\/schema\/person\/752b92c38fb6f6c5052ef7763f4d79eb","name":"healthycold","image":{"@type":"ImageObject","inLanguage":"ru-RU","@id":"https:\/\/cryomedpro.com\/#\/schema\/person\/image\/","url":"https:\/\/secure.gravatar.com\/avatar\/bbe2f3ec78281a56dba108d1bf0f9ffa?s=96&d=mm&r=g","contentUrl":"https:\/\/secure.gravatar.com\/avatar\/bbe2f3ec78281a56dba108d1bf0f9ffa?s=96&d=mm&r=g","caption":"healthycold"},"logo":{"@id":"https:\/\/cryomedpro.com\/#\/schema\/person\/image\/"}}]}},"_links":{"self":[{"href":"https:\/\/cryomedpro.com\/ru\/wp-json\/wp\/v2\/pages\/4078"}],"collection":[{"href":"https:\/\/cryomedpro.com\/ru\/wp-json\/wp\/v2\/pages"}],"about":[{"href":"https:\/\/cryomedpro.com\/ru\/wp-json\/wp\/v2\/types\/page"}],"author":[{"embeddable":true,"href":"https:\/\/cryomedpro.com\/ru\/wp-json\/wp\/v2\/users\/2"}],"replies":[{"embeddable":true,"href":"https:\/\/cryomedpro.com\/ru\/wp-json\/wp\/v2\/comments?post=4078"}],"version-history":[{"count":4,"href":"https:\/\/cryomedpro.com\/ru\/wp-json\/wp\/v2\/pages\/4078\/revisions"}],"predecessor-version":[{"id":89770,"href":"https:\/\/cryomedpro.com\/ru\/wp-json\/wp\/v2\/pages\/4078\/revisions\/89770"}],"wp:attachment":[{"href":"https:\/\/cryomedpro.com\/ru\/wp-json\/wp\/v2\/media?parent=4078"}],"wp:term":[{"taxonomy":"post_tag","embeddable":true,"href":"https:\/\/cryomedpro.com\/ru\/wp-json\/wp\/v2\/tags?post=4078"}],"curies":[{"name":"wp","href":"https:\/\/api.w.org\/{rel}","templated":true}]}}