{"id":31904,"date":"2019-02-03T22:55:41","date_gmt":"2019-02-03T21:55:41","guid":{"rendered":"https:\/\/cryomedpro.com\/cryofan-cf-05\/"},"modified":"2019-02-07T13:46:32","modified_gmt":"2019-02-07T12:46:32","slug":"cryofan-cf-05","status":"publish","type":"page","link":"https:\/\/cryomedpro.com\/tr\/cryofan-cf-05\/","title":{"rendered":"Cryofan CF-05"},"content":{"rendered":"<p>[et_pb_section admin_label=&#8221;section&#8221; background_image=&#8221;https:\/\/cryomedpro.com\/wp-content\/uploads\/2016\/12\/784743-blue-crystals-frost-macro.jpg&#8221; transparent_background=&#8221;off&#8221; allow_player_pause=&#8221;off&#8221; inner_shadow=&#8221;off&#8221; parallax=&#8221;off&#8221; parallax_method=&#8221;off&#8221; padding_mobile=&#8221;off&#8221; make_fullwidth=&#8221;off&#8221; use_custom_width=&#8221;off&#8221; width_unit=&#8221;on&#8221; make_equal=&#8221;off&#8221; use_custom_gutter=&#8221;off&#8221; module_class=&#8221;ns-banner&#8221; custom_padding=&#8221;3px|0px|0px|0px&#8221;][et_pb_row admin_label=&#8221;row&#8221;][et_pb_column type=&#8221;4_4&#8243;][et_pb_text admin_label=&#8221;Text&#8221; background_layout=&#8221;dark&#8221; text_orientation=&#8221;right&#8221; use_border_color=&#8221;off&#8221; border_color=&#8221;#ffffff&#8221; border_style=&#8221;solid&#8221;]<\/p>\n<h1 style=\"text-align: center;\"><span style=\"font-weight: 400;\">Cryofan CF-05<\/span><\/h1>\n<p><img decoding=\"async\" loading=\"lazy\" class=\"size-full wp-image-150 aligncenter\" src=\"https:\/\/cryomedpro.com\/wp-content\/uploads\/2016\/10\/heading-underline.png\" alt=\"heading-underline\" width=\"309\" height=\"12\" srcset=\"https:\/\/cryomedpro.com\/wp-content\/uploads\/2016\/10\/heading-underline.png 309w, https:\/\/cryomedpro.com\/wp-content\/uploads\/2016\/10\/heading-underline-300x12.png 300w\" sizes=\"(max-width: 309px) 100vw, 309px\" \/><\/p>\n<p>[\/et_pb_text][\/et_pb_column][\/et_pb_row][\/et_pb_section][et_pb_section admin_label=&#8221;Section&#8221; fullwidth=&#8221;off&#8221; specialty=&#8221;off&#8221; transparent_background=&#8221;off&#8221; allow_player_pause=&#8221;off&#8221; inner_shadow=&#8221;off&#8221; parallax=&#8221;off&#8221; parallax_method=&#8221;off&#8221; custom_padding=&#8221;15px|0px|0px|0px&#8221; padding_mobile=&#8221;off&#8221; make_fullwidth=&#8221;off&#8221; use_custom_width=&#8221;off&#8221; width_unit=&#8221;on&#8221; make_equal=&#8221;off&#8221; use_custom_gutter=&#8221;off&#8221;][et_pb_row admin_label=&#8221;Row&#8221; make_fullwidth=&#8221;off&#8221; use_custom_width=&#8221;off&#8221; width_unit=&#8221;on&#8221; use_custom_gutter=&#8221;off&#8221; padding_mobile=&#8221;off&#8221; allow_player_pause=&#8221;off&#8221; parallax=&#8221;off&#8221; parallax_method=&#8221;off&#8221; make_equal=&#8221;off&#8221; parallax_1=&#8221;off&#8221; parallax_method_1=&#8221;off&#8221; column_padding_mobile=&#8221;on&#8221; custom_padding=&#8221;0px|0px|0px|0px&#8221;][et_pb_column type=&#8221;4_4&#8243;][et_pb_code admin_label=&#8221;Code&#8221;]\tCryo\n<span><span><a href=\"https:\/\/cryomedpro.com\/tr\/\">Home<\/a><\/span><\/span>[\/et_pb_code][\/et_pb_column][\/et_pb_row][\/et_pb_section][et_pb_section admin_label=&#8221;Section&#8221; fullwidth=&#8221;off&#8221; specialty=&#8221;off&#8221; transparent_background=&#8221;off&#8221; allow_player_pause=&#8221;off&#8221; inner_shadow=&#8221;off&#8221; parallax=&#8221;off&#8221; parallax_method=&#8221;off&#8221; custom_padding=&#8221;15px|0px|0px|0px&#8221; padding_mobile=&#8221;off&#8221; make_fullwidth=&#8221;off&#8221; use_custom_width=&#8221;off&#8221; width_unit=&#8221;on&#8221; make_equal=&#8221;off&#8221; use_custom_gutter=&#8221;off&#8221;][et_pb_row admin_label=&#8221;Row&#8221;][et_pb_column type=&#8221;1_3&#8243;][et_pb_image admin_label=&#8221;Image&#8221; src=&#8221;https:\/\/cryomedpro.com\/wp-content\/uploads\/2019\/02\/cryofan_cf-05-01.png&#8221; alt=&#8221;Cryofan CF-05&#8243; title_text=&#8221;Cryofan CF-05&#8243; show_in_lightbox=&#8221;off&#8221; url_new_window=&#8221;off&#8221; use_overlay=&#8221;off&#8221; animation=&#8221;left&#8221; sticky=&#8221;off&#8221; align=&#8221;left&#8221; force_fullwidth=&#8221;off&#8221; always_center_on_mobile=&#8221;on&#8221; use_border_color=&#8221;off&#8221; border_color=&#8221;#ffffff&#8221; border_style=&#8221;solid&#8221;]<\/p>\n<p>&nbsp;<\/p>\n<p>[\/et_pb_image][\/et_pb_column][et_pb_column type=&#8221;2_3&#8243;][et_pb_text admin_label=&#8221;Text&#8221; background_layout=&#8221;light&#8221; text_orientation=&#8221;right&#8221; use_border_color=&#8221;off&#8221; border_color=&#8221;#ffffff&#8221; border_style=&#8221;solid&#8221;]<\/p>\n<h2 style=\"text-align: left;\">CRYOFAN Nedir?<\/h2>\n<p style=\"text-align: left;\">Cryofan CF-05, insan cildinin ve alt\u0131ndaki dokular\u0131n s\u0131cakl\u0131\u011f\u0131n\u0131 h\u0131zla ve a\u011fr\u0131s\u0131z \u015fekilde azaltmak i\u00e7in s\u00fcper so\u011futulmu\u015f azot buhar\u0131 ak\u0131\u015f\u0131n\u0131 kullanan, yeni nesil bir local kriyoterapi cihaz\u0131d\u0131r.<\/p>\n<p style=\"text-align: left;\">So\u011fuk uygulamalar\u0131n lokal olarak kullan\u0131lmas\u0131 \u00e7ok \u00e7e\u015fitli olumlu etkiler yarat\u0131r ve kozmetik, dermatoloji, travmatoloji ve spor hekimli\u011finde yayg\u0131n olarak kullan\u0131l\u0131r. Cryofan CF-05, \u00e7ok say\u0131da yenilik\u00e7i \u00f6zellik, daha iyi kullan\u0131labilirlik ve geli\u015fmi\u015f g\u00fcvenlik \u00f6zelliklerine sahip olan olduk\u00e7a pop\u00fcler bir \u00fcr\u00fcn olan CF-04 modelinin devam\u0131d\u0131r.<\/p>\n<p>[\/et_pb_text][et_pb_button admin_label=&#8221;Button&#8221; url_new_window=&#8221;off&#8221; button_text=&#8221;F\u0130YAT B\u0130LG\u0130S\u0130 TALEP ED\u0130N&#8221; button_alignment=&#8221;center&#8221; background_layout=&#8221;dark&#8221; custom_button=&#8221;on&#8221; button_text_size=&#8221;15&#8243; button_bg_color=&#8221;#8fd400&#8243; button_border_width=&#8221;0&#8243; button_letter_spacing=&#8221;0&#8243; button_use_icon=&#8221;off&#8221; button_icon_placement=&#8221;right&#8221; button_on_hover=&#8221;on&#8221; button_bg_color_hover=&#8221;#b0d369&#8243; button_letter_spacing_hover=&#8221;0&#8243; module_class=&#8221;popmake-contact-form-tr&#8221;]<\/p>\n<p>&nbsp;<\/p>\n<p>[\/et_pb_button][\/et_pb_column][\/et_pb_row][et_pb_row admin_label=&#8221;Row&#8221;][et_pb_column type=&#8221;4_4&#8243;][et_pb_text admin_label=&#8221;Text&#8221; background_layout=&#8221;light&#8221; text_orientation=&#8221;left&#8221; use_border_color=&#8221;off&#8221; border_color=&#8221;#ffffff&#8221; border_style=&#8221;solid&#8221;]<\/p>\n<h2 style=\"text-align: center; color: #666666;\">Cryofan CF-05&#8217;in temel \u00f6zellikleri<\/h2>\n<p><img decoding=\"async\" loading=\"lazy\" class=\"size-medium wp-image-85 aligncenter\" src=\"https:\/\/cryomedpro.com\/wp-content\/uploads\/2016\/10\/brush-2-300x12.png\" alt=\"brush-2\" width=\"300\" height=\"12\" srcset=\"https:\/\/cryomedpro.com\/wp-content\/uploads\/2016\/10\/brush-2-300x12.png 300w, https:\/\/cryomedpro.com\/wp-content\/uploads\/2016\/10\/brush-2.png 309w\" sizes=\"(max-width: 300px) 100vw, 300px\" \/><\/p>\n<p>[\/et_pb_text][\/et_pb_column][\/et_pb_row][et_pb_row admin_label=&#8221;Row&#8221;][et_pb_column type=&#8221;1_2&#8243;][et_pb_text admin_label=&#8221;Text&#8221; background_layout=&#8221;light&#8221; text_orientation=&#8221;left&#8221; use_border_color=&#8221;off&#8221; border_color=&#8221;#ffffff&#8221; border_style=&#8221;solid&#8221;]<\/p>\n<ul>\n<li style=\"font-weight: 400;\">Ta\u015f\u0131nabilirlik (ta\u015f\u0131may\u0131 kolayla\u015ft\u0131ran tekerleklerf transportation)<\/li>\n<li style=\"font-weight: 400;\">F\u00fct\u00fcristik, ergonomik ve kullan\u0131c\u0131 dostu tasar\u0131m<\/li>\n<li style=\"font-weight: 400;\">Kolay kontrol i\u00e7in dokunmatik ekran<\/li>\n<li style=\"font-weight: 400;\">Average duration of a cryogenic procedure: 3-5 minutes<\/li>\n<li style=\"font-weight: 400;\">\u0130\u015flem s\u00fcresi zamanlay\u0131c\u0131<\/li>\n<li style=\"font-weight: 400;\">\u0130\u015flem sayac\u0131<\/li>\n<li style=\"font-weight: 400;\">24V g\u00fc\u00e7 kayna\u011f\u0131na sahip \u00e7ok katmanl\u0131 g\u00fcvenlik sistemi<\/li>\n<li style=\"font-weight: 400;\">Azot ak\u0131\u015f s\u0131cakl\u0131\u011f\u0131n\u0131 ayarlama<\/li>\n<li style=\"font-weight: 400;\">Dakikada 0.06 litreyi a\u015fmayan d\u00fc\u015f\u00fck azot t\u00fcketimi (piyasadaki benzer cihazlar aras\u0131nda en d\u00fc\u015f\u00fck)<\/li>\n<li style=\"font-weight: 400;\">H\u0131zl\u0131 ba\u015flatma \u2013 cihaz\u0131n \u00e7al\u0131\u015fmaya ba\u015flat\u0131lmas\u0131 4 dakikadan az s\u00fcrmektedir<\/li>\n<li style=\"font-weight: 400;\">Hastan\u0131n cildi hi\u00e7bir \u015fekilde s\u0131v\u0131 azotla temas etmemektedir<\/li>\n<li style=\"font-weight: 400;\">Etkili lokal tedavi<\/li>\n<li style=\"font-weight: 400;\">AB \u00fcretimi<\/li>\n<\/ul>\n<p>Cryofan, ayn\u0131 Dewar tanklar\u0131n\u0131n deste\u011fi sayesinde di\u011fer Cryomed \u00fcr\u00fcnleriyle birlikte kullan\u0131labilir. Bu sayede m\u00fc\u015fterilerimiz en iyi sonu\u00e7lar\u0131 elde etmek i\u00e7in bu iki kriyoterapi tedavisi (lokal ve t\u00fcm v\u00fccut) yakla\u015f\u0131m\u0131n\u0131n kombine etkisinin keyfini \u00e7\u0131karabilirler.<\/p>\n<p>Cryofan CF-05, geleneksel tam v\u00fccut kriyoterapisinden faydalanma konusunda istekli olan ya da olmayan ki\u015filer i\u00e7in m\u00fckemmel bir se\u00e7imdir.<\/p>\n<p>[\/et_pb_text][\/et_pb_column][et_pb_column type=&#8221;1_2&#8243;][et_pb_image admin_label=&#8221;Image&#8221; src=&#8221;https:\/\/cryomedpro.com\/wp-content\/uploads\/2019\/02\/cryofan_cf-05-02.png&#8221; alt=&#8221;CRYOFAN CF-05&#8243; title_text=&#8221;CRYOFAN CF-05&#8243; show_in_lightbox=&#8221;off&#8221; url_new_window=&#8221;off&#8221; use_overlay=&#8221;off&#8221; animation=&#8221;left&#8221; sticky=&#8221;off&#8221; align=&#8221;left&#8221; force_fullwidth=&#8221;off&#8221; always_center_on_mobile=&#8221;on&#8221; use_border_color=&#8221;off&#8221; border_color=&#8221;#ffffff&#8221; border_style=&#8221;solid&#8221;]<\/p>\n<p>&nbsp;<\/p>\n<p>[\/et_pb_image][\/et_pb_column][\/et_pb_row][et_pb_row admin_label=&#8221;Row&#8221;][et_pb_column type=&#8221;4_4&#8243;][et_pb_text admin_label=&#8221;Text&#8221; background_layout=&#8221;light&#8221; text_orientation=&#8221;left&#8221; use_border_color=&#8221;off&#8221; border_color=&#8221;#ffffff&#8221; border_style=&#8221;solid&#8221;]<\/p>\n<h2 style=\"text-align: center; color: #666666;\">Teknik \u00f6zellikler<\/h2>\n<p><img decoding=\"async\" loading=\"lazy\" class=\"size-medium wp-image-85 aligncenter\" src=\"https:\/\/cryomedpro.com\/wp-content\/uploads\/2016\/10\/brush-2-300x12.png\" alt=\"brush-2\" width=\"300\" height=\"12\" srcset=\"https:\/\/cryomedpro.com\/wp-content\/uploads\/2016\/10\/brush-2-300x12.png 300w, https:\/\/cryomedpro.com\/wp-content\/uploads\/2016\/10\/brush-2.png 309w\" sizes=\"(max-width: 300px) 100vw, 300px\" \/><\/p>\n<p>[\/et_pb_text][et_pb_text admin_label=&#8221;Text&#8221; background_layout=&#8221;light&#8221; text_orientation=&#8221;left&#8221; use_border_color=&#8221;off&#8221; border_color=&#8221;#ffffff&#8221; border_style=&#8221;solid&#8221;]<\/p>\n<table class=\"prod_full_attributes\">\n<tbody>\n<tr>\n<td>\u00d6zellik<\/td>\n<td>De\u011fer<\/td>\n<\/tr>\n<tr>\n<td>G\u00fc\u00e7 kayna\u011f\u0131<\/td>\n<td><span style=\"font-weight: 400;\">100-240 VAC, 50\/60 Hz<\/span><\/td>\n<\/tr>\n<tr>\n<td>Masimum enerji t\u00fcketimi<\/td>\n<td><span style=\"font-weight: 400;\">0,29 kW<\/span><\/td>\n<\/tr>\n<tr>\n<td>Cryofan \u00fcnitesinin a\u011f\u0131rl\u0131\u011f\u0131<\/td>\n<td><span style=\"font-weight: 400;\">23,3 kg<\/span><\/td>\n<\/tr>\n<tr>\n<td>Hortum uzunlu\u011fu<\/td>\n<td><span style=\"font-weight: 400;\">1,4 m<\/span><\/td>\n<\/tr>\n<tr>\n<td>\u00d6n so\u011futma s\u00fcresi (-100\u00ba \u0421)<\/td>\n<td>3 dakikadan az<\/td>\n<\/tr>\n<tr>\n<td>Otomatik kontrol ve s\u0131cakl\u0131k koruma sistemi<\/td>\n<td>Kontrol\u00f6r<\/td>\n<\/tr>\n<tr>\n<td>Sade ve \u00e7ok i\u015flevli kullan\u0131c\u0131 aray\u00fcz\u00fcne sahip renkli dokunmatik ekran<\/td>\n<td>7\u201d<\/td>\n<\/tr>\n<tr>\n<td>Gaz ak\u0131\u015f\u0131 s\u0131cakl\u0131\u011f\u0131 (maks.)<\/td>\n<td><span style=\"font-weight: 400;\">-130\u00ba \u0421<\/span><\/td>\n<\/tr>\n<tr>\n<td>Bir seanstaki s\u0131v\u0131 azot t\u00fcketimi (10 dk., -100\u00ba \u0421)<\/td>\n<td><span style=\"font-weight: 400;\">0,7 l<\/span><\/td>\n<\/tr>\n<tr>\n<td>Koruma<\/td>\n<td><span style=\"font-weight: 400;\">IP50<\/span><\/td>\n<\/tr>\n<\/tbody>\n<\/table>\n<p>[\/et_pb_text][\/et_pb_column][\/et_pb_row][et_pb_row admin_label=&#8221;Row&#8221;][et_pb_column type=&#8221;1_2&#8243;][et_pb_text admin_label=&#8221;Text&#8221; background_layout=&#8221;light&#8221; text_orientation=&#8221;left&#8221; use_border_color=&#8221;off&#8221; border_color=&#8221;#ffffff&#8221; border_style=&#8221;solid&#8221;]<\/p>\n<h2>Kriyoterapi nas\u0131l \u00e7al\u0131\u015f\u0131r?<\/h2>\n<p>Kriyoterapi kavram\u0131, hastan\u0131n v\u00fccudunun belirli bir b\u00f6lgesine k\u0131sa s\u00fcreli olarak a\u015f\u0131r\u0131 d\u00fc\u015f\u00fck s\u0131cakl\u0131klar\u0131n uygulanmas\u0131 esas\u0131na dayanmaktad\u0131r. Bu prosed\u00fcr kaslar\u0131n kas\u0131lmas\u0131n\u0131, tedavi edilen b\u00f6lgedeki kan ak\u0131\u015f\u0131n\u0131n artmas\u0131n\u0131, enflamasyonun rahatlat\u0131lmas\u0131n\u0131 ve h\u00fccre yenilenmesinin h\u0131zland\u0131r\u0131lmas\u0131n\u0131 sa\u011flar. \u0130\u015flem sonunda, hasta tedaviden sonra h\u0131zla kaybolan \u201ckar\u0131ncalanma ve uyu\u015fma\u201d hissi ya\u015fayabilir. Kriyojenik uygulamalar %100 g\u00fcvenli olup hi\u00e7bir yan etkiye neden olmamakta ve s\u0131rt, diz, dirsek veya di\u011fer eklem a\u011fr\u0131lar\u0131, cilt hasar\u0131, kas gerginli\u011fi, ba\u011f burkulmalar\u0131 ve benzer di\u011fer lokal yaralanmalar i\u00e7in ola\u011fan\u00fcst\u00fc sonu\u00e7lar ortaya koymaktad\u0131r.<\/p>\n<h3>Kryoterapinin etkileri<\/h3>\n<ul>\n<li style=\"font-weight: 400;\">Fiziksel performans\u0131n geli\u015ftirilmesi<\/li>\n<li style=\"font-weight: 400;\">A\u011fr\u0131 giderme<\/li>\n<li style=\"font-weight: 400;\">Enflamasyonun azalt\u0131lmas\u0131<\/li>\n<li style=\"font-weight: 400;\">Kaslar\u0131n daha h\u0131zl\u0131 iyile\u015fmesi<\/li>\n<li style=\"font-weight: 400;\">Kan dola\u015f\u0131m\u0131n\u0131n ve cilt tonusunun art\u0131r\u0131lmas\u0131<\/li>\n<li style=\"font-weight: 400;\">K\u0131r\u0131\u015f\u0131kl\u0131klar\u0131n ve ince \u00e7izgilerin azalt\u0131lmas\u0131<\/li>\n<li style=\"font-weight: 400;\">Yara izlerinin tedavisi<\/li>\n<\/ul>\n<p>[\/et_pb_text][\/et_pb_column][et_pb_column type=&#8221;1_2&#8243;][et_pb_image admin_label=&#8221;Image&#8221; src=&#8221;https:\/\/cryomedpro.com\/wp-content\/uploads\/2019\/02\/cryofan_cf-05-03.jpg&#8221; alt=&#8221;How does cryotherapy work?&#8221; title_text=&#8221;How does cryotherapy work?&#8221; show_in_lightbox=&#8221;off&#8221; url_new_window=&#8221;off&#8221; use_overlay=&#8221;off&#8221; animation=&#8221;left&#8221; sticky=&#8221;off&#8221; align=&#8221;left&#8221; force_fullwidth=&#8221;off&#8221; always_center_on_mobile=&#8221;on&#8221; use_border_color=&#8221;off&#8221; border_color=&#8221;#ffffff&#8221; border_style=&#8221;solid&#8221;]<\/p>\n<p>&nbsp;<\/p>\n<p>[\/et_pb_image][\/et_pb_column][\/et_pb_row][et_pb_row admin_label=&#8221;Row&#8221;][et_pb_column type=&#8221;4_4&#8243;][et_pb_text admin_label=&#8221;Text&#8221; background_layout=&#8221;light&#8221; text_orientation=&#8221;left&#8221; use_border_color=&#8221;off&#8221; border_color=&#8221;#ffffff&#8221; border_style=&#8221;solid&#8221;]<\/p>\n<h2>Herkes \u0130\u00e7in Yenilik\u00e7i Sa\u011fl\u0131k \u00c7\u00f6z\u00fcm\u00fc<\/h2>\n<p>Cryofan, kompakt bir boyuta, ta\u015f\u0131nabilirli\u011fe ve di\u011fer Cryomed \u00fcr\u00fcnleri ve aksesuarlar\u0131yla uyumlulu\u011fa sahip olan geli\u015fmi\u015f bir v\u00fccut ve cilt bak\u0131m cihaz\u0131d\u0131r. T\u0131p, sa\u011fl\u0131k ve fitness merkezleri, spor salonlar\u0131, g\u00fczellik salonlar\u0131, rehabilitasyon merkezleri, e\u011fitim kamplar\u0131 ve hatta s\u0131n\u0131rs\u0131z say\u0131da kriyojenik i\u015flemi evlerinin veya ofislerinin rahatl\u0131\u011f\u0131nda h\u0131zl\u0131 ve \u00fccretsiz olarak uygulamak isteyen bireysel kullan\u0131c\u0131lar i\u00e7in m\u00fckemmel bir \u00e7\u00f6z\u00fcmd\u00fcr. \u00dcr\u00fcn\u00fcn kullan\u0131m\u0131 son derece kolay olup operat\u00f6r\u00fcn herhangi bir t\u0131bbi belgeye sahip olmas\u0131na veya \u00f6zel bir e\u011fitim almas\u0131na gerek yoktur.<\/p>\n<p><b>Hedef sekt\u00f6rler:<\/b><\/p>\n<ul>\n<li style=\"font-weight: 400;\">Kozmetik;<\/li>\n<li style=\"font-weight: 400;\">Dermatoloji;<\/li>\n<li style=\"font-weight: 400;\">Spor hekimli\u011fi;<\/li>\n<li style=\"font-weight: 400;\">Rehabilitasyon;<\/li>\n<li style=\"font-weight: 400;\">Travmatoloji;<\/li>\n<li style=\"font-weight: 400;\">Ortopedi.<\/li>\n<\/ul>\n<h2>Neden Cryofan?<\/h2>\n<p>2002 y\u0131l\u0131nda kurulan Cryomed, kriyojenik ekipmanlar\u0131n \u00fcretiminde liderdir. Yenilik\u00e7ili\u011fe olan tutkusu ve bu teknolojiyi m\u00fcmk\u00fcn olan en geni\u015f kitleye sunma arzusuyla hareket eden \u015firket, \u00fcr\u00fcn hatt\u0131n\u0131n s\u00fcrekli iyile\u015ftirilmesine ve geni\u015fletilmesine odaklanmaktad\u0131r.<\/p>\n<p>Cryofan, ofislerinde veya evlerinde b\u00fcy\u00fck bir konvansiyonel cryosauna sat\u0131n almadan ve kurmak zorunda kalmadan, kriyostim\u00fclasyonun faydalar\u0131n\u0131n keyfini \u00e7\u0131karmak isteyen \u015firketler ve bireyler i\u00e7in tasarlanm\u0131\u015f ve geli\u015ftirilen benzersiz bir kriyoterapi cihaz\u0131d\u0131r. D\u00fczenli kriyoterapi seanslar\u0131 kronik kas ve eklem a\u011fr\u0131lar\u0131n\u0131 hafifletmeye yard\u0131mc\u0131 olur ve \u00f6zellikle romatizma gibi hastal\u0131klarda etkilidir. \u00dcr\u00fcn\u00fcm\u00fcz, m\u00fc\u015fterilerimizin ya\u015famlar\u0131n\u0131 \u00fcretken ve a\u011fr\u0131s\u0131z olarak s\u00fcrd\u00fcrmelerini ve her t\u00fcrl\u00fc travmalardan h\u0131zla iyile\u015fmelerini sa\u011flar.<\/p>\n<p>\u0130htiya\u00e7lar\u0131n\u0131za en uygun olan \u00fcr\u00fcn\u00fc se\u00e7menize yard\u0131mc\u0131 olmak i\u00e7in y\u00fcksek kaliteyi rekabet\u00e7i fiyatlarla sunmay\u0131 ve u\u00e7tan uca dan\u0131\u015fmanl\u0131k hizmeti vermeyi taahh\u00fct ediyoruz.<\/p>\n<p>\u00d6zel tekliflerimiz, fiyatland\u0131rma ve di\u011fer \u00f6nemli bilgiler hakk\u0131nda daha fazla bilgi almak i\u00e7in l\u00fctfen buradan sat\u0131\u015f departman\u0131m\u0131zla ileti\u015fime ge\u00e7in.<\/p>\n<p>[\/et_pb_text][et_pb_button admin_label=&#8221;Button&#8221; url_new_window=&#8221;off&#8221; button_text=&#8221;F\u0130YAT B\u0130LG\u0130S\u0130 TALEP ED\u0130N&#8221; button_alignment=&#8221;center&#8221; background_layout=&#8221;dark&#8221; custom_button=&#8221;on&#8221; button_text_size=&#8221;15&#8243; button_bg_color=&#8221;#8fd400&#8243; button_border_width=&#8221;0&#8243; button_letter_spacing=&#8221;0&#8243; button_use_icon=&#8221;off&#8221; button_icon_placement=&#8221;right&#8221; button_on_hover=&#8221;on&#8221; button_bg_color_hover=&#8221;#b0d369&#8243; button_letter_spacing_hover=&#8221;0&#8243; module_class=&#8221;popmake-contact-form-tr&#8221;]<\/p>\n<p>&nbsp;<\/p>\n<p>[\/et_pb_button][\/et_pb_column][\/et_pb_row][\/et_pb_section]<\/p>\n","protected":false},"excerpt":{"rendered":"<p>[et_pb_section admin_label=&#8221;section&#8221; background_image=&#8221;https:\/\/cryomedpro.com\/wp-content\/uploads\/2016\/12\/784743-blue-crystals-frost-macro.jpg&#8221; transparent_background=&#8221;off&#8221; allow_player_pause=&#8221;off&#8221; inner_shadow=&#8221;off&#8221; parallax=&#8221;off&#8221; parallax_method=&#8221;off&#8221; padding_mobile=&#8221;off&#8221; make_fullwidth=&#8221;off&#8221; use_custom_width=&#8221;off&#8221; width_unit=&#8221;on&#8221; make_equal=&#8221;off&#8221; use_custom_gutter=&#8221;off&#8221; module_class=&#8221;ns-banner&#8221; custom_padding=&#8221;3px|0px|0px|0px&#8221;][et_pb_row admin_label=&#8221;row&#8221;][et_pb_column type=&#8221;4_4&#8243;][et_pb_text admin_label=&#8221;Text&#8221; background_layout=&#8221;dark&#8221; text_orientation=&#8221;right&#8221; use_border_color=&#8221;off&#8221; border_color=&#8221;#ffffff&#8221; border_style=&#8221;solid&#8221;] Cryofan CF-05 [\/et_pb_text][\/et_pb_column][\/et_pb_row][\/et_pb_section][et_pb_section admin_label=&#8221;Section&#8221; fullwidth=&#8221;off&#8221; specialty=&#8221;off&#8221; transparent_background=&#8221;off&#8221; allow_player_pause=&#8221;off&#8221; inner_shadow=&#8221;off&#8221; parallax=&#8221;off&#8221; parallax_method=&#8221;off&#8221; custom_padding=&#8221;15px|0px|0px|0px&#8221; padding_mobile=&#8221;off&#8221; make_fullwidth=&#8221;off&#8221; use_custom_width=&#8221;off&#8221; width_unit=&#8221;on&#8221; make_equal=&#8221;off&#8221; use_custom_gutter=&#8221;off&#8221;][et_pb_row admin_label=&#8221;Row&#8221; make_fullwidth=&#8221;off&#8221; use_custom_width=&#8221;off&#8221; width_unit=&#8221;on&#8221; use_custom_gutter=&#8221;off&#8221; padding_mobile=&#8221;off&#8221; allow_player_pause=&#8221;off&#8221; parallax=&#8221;off&#8221; parallax_method=&#8221;off&#8221; make_equal=&#8221;off&#8221; parallax_1=&#8221;off&#8221; parallax_method_1=&#8221;off&#8221; column_padding_mobile=&#8221;on&#8221; [&hellip;]<\/p>\n","protected":false},"author":2,"featured_media":0,"parent":0,"menu_order":0,"comment_status":"closed","ping_status":"closed","template":"","meta":[],"tags":[],"yoast_head":"<!-- This site is optimized with the Yoast SEO plugin v20.0 - https:\/\/yoast.com\/wordpress\/plugins\/seo\/ -->\n<title>Cryofan CF-05<\/title>\n<meta name=\"description\" content=\"Cryofan CF-05, insan cildinin ve alt\u0131ndaki dokular\u0131n s\u0131cakl\u0131\u011f\u0131n\u0131 h\u0131zla ve a\u011fr\u0131s\u0131z \u015fekilde azaltmak i\u00e7in s\u00fcper so\u011futulmu\u015f azot buhar\u0131 ak\u0131\u015f\u0131n\u0131 kullanan, yeni nesil bir local kriyoterapi cihaz\u0131d\u0131r.\" \/>\n<meta name=\"robots\" content=\"index, follow, max-snippet:-1, max-image-preview:large, max-video-preview:-1\" \/>\n<link rel=\"canonical\" href=\"https:\/\/cryomedpro.com\/tr\/cryofan-cf-05\/\" \/>\n<meta property=\"og:locale\" content=\"tr_TR\" \/>\n<meta property=\"og:type\" content=\"article\" \/>\n<meta property=\"og:title\" content=\"Cryofan CF-05\" \/>\n<meta property=\"og:description\" content=\"Cryofan CF-05, insan cildinin ve alt\u0131ndaki dokular\u0131n s\u0131cakl\u0131\u011f\u0131n\u0131 h\u0131zla ve a\u011fr\u0131s\u0131z \u015fekilde azaltmak i\u00e7in s\u00fcper so\u011futulmu\u015f azot buhar\u0131 ak\u0131\u015f\u0131n\u0131 kullanan, yeni nesil bir local kriyoterapi cihaz\u0131d\u0131r.\" \/>\n<meta property=\"og:url\" content=\"https:\/\/cryomedpro.com\/tr\/cryofan-cf-05\/\" \/>\n<meta property=\"og:site_name\" content=\"Cryomed PRO\" \/>\n<meta property=\"article:modified_time\" content=\"2019-02-07T12:46:32+00:00\" \/>\n<meta property=\"og:image\" content=\"https:\/\/cryomedpro.com\/wp-content\/uploads\/2016\/10\/heading-underline.png\" \/>\n<meta name=\"twitter:card\" content=\"summary_large_image\" \/>\n<meta name=\"twitter:label1\" content=\"Tahmini okuma s\u00fcresi\" \/>\n\t<meta name=\"twitter:data1\" content=\"9 dakika\" \/>\n<!-- \/ Yoast SEO plugin. -->","yoast_head_json":{"title":"Cryofan CF-05","description":"Cryofan CF-05, insan cildinin ve alt\u0131ndaki dokular\u0131n s\u0131cakl\u0131\u011f\u0131n\u0131 h\u0131zla ve a\u011fr\u0131s\u0131z \u015fekilde azaltmak i\u00e7in s\u00fcper so\u011futulmu\u015f azot buhar\u0131 ak\u0131\u015f\u0131n\u0131 kullanan, yeni nesil bir local kriyoterapi cihaz\u0131d\u0131r.","robots":{"index":"index","follow":"follow","max-snippet":"max-snippet:-1","max-image-preview":"max-image-preview:large","max-video-preview":"max-video-preview:-1"},"canonical":"https:\/\/cryomedpro.com\/tr\/cryofan-cf-05\/","og_locale":"tr_TR","og_type":"article","og_title":"Cryofan CF-05","og_description":"Cryofan CF-05, insan cildinin ve alt\u0131ndaki dokular\u0131n s\u0131cakl\u0131\u011f\u0131n\u0131 h\u0131zla ve a\u011fr\u0131s\u0131z \u015fekilde azaltmak i\u00e7in s\u00fcper so\u011futulmu\u015f azot buhar\u0131 ak\u0131\u015f\u0131n\u0131 kullanan, yeni nesil bir local kriyoterapi cihaz\u0131d\u0131r.","og_url":"https:\/\/cryomedpro.com\/tr\/cryofan-cf-05\/","og_site_name":"Cryomed PRO","article_modified_time":"2019-02-07T12:46:32+00:00","og_image":[{"url":"https:\/\/cryomedpro.com\/wp-content\/uploads\/2016\/10\/heading-underline.png"}],"twitter_card":"summary_large_image","twitter_misc":{"Tahmini okuma s\u00fcresi":"9 dakika"},"schema":{"@context":"https:\/\/schema.org","@graph":[{"@type":"WebPage","@id":"https:\/\/cryomedpro.com\/tr\/cryofan-cf-05\/","url":"https:\/\/cryomedpro.com\/tr\/cryofan-cf-05\/","name":"Cryofan CF-05","isPartOf":{"@id":"https:\/\/cryomedpro.com\/#website"},"datePublished":"2019-02-03T21:55:41+00:00","dateModified":"2019-02-07T12:46:32+00:00","description":"Cryofan CF-05, insan cildinin ve alt\u0131ndaki dokular\u0131n s\u0131cakl\u0131\u011f\u0131n\u0131 h\u0131zla ve a\u011fr\u0131s\u0131z \u015fekilde azaltmak i\u00e7in s\u00fcper so\u011futulmu\u015f azot buhar\u0131 ak\u0131\u015f\u0131n\u0131 kullanan, yeni nesil bir local kriyoterapi cihaz\u0131d\u0131r.","breadcrumb":{"@id":"https:\/\/cryomedpro.com\/tr\/cryofan-cf-05\/#breadcrumb"},"inLanguage":"tr","potentialAction":[{"@type":"ReadAction","target":["https:\/\/cryomedpro.com\/tr\/cryofan-cf-05\/"]}]},{"@type":"BreadcrumbList","@id":"https:\/\/cryomedpro.com\/tr\/cryofan-cf-05\/#breadcrumb","itemListElement":[{"@type":"ListItem","position":1,"name":"Home","item":"https:\/\/cryomedpro.com\/tr\/"},{"@type":"ListItem","position":2,"name":"Cryofan CF-05"}]},{"@type":"WebSite","@id":"https:\/\/cryomedpro.com\/#website","url":"https:\/\/cryomedpro.com\/","name":"Cryomed PRO","description":"Cryosaunas Worldwide","publisher":{"@id":"https:\/\/cryomedpro.com\/#\/schema\/person\/752b92c38fb6f6c5052ef7763f4d79eb"},"potentialAction":[{"@type":"SearchAction","target":{"@type":"EntryPoint","urlTemplate":"https:\/\/cryomedpro.com\/?s={search_term_string}"},"query-input":"required name=search_term_string"}],"inLanguage":"tr"},{"@type":["Person","Organization"],"@id":"https:\/\/cryomedpro.com\/#\/schema\/person\/752b92c38fb6f6c5052ef7763f4d79eb","name":"healthycold","image":{"@type":"ImageObject","inLanguage":"tr","@id":"https:\/\/cryomedpro.com\/#\/schema\/person\/image\/","url":"https:\/\/secure.gravatar.com\/avatar\/bbe2f3ec78281a56dba108d1bf0f9ffa?s=96&d=mm&r=g","contentUrl":"https:\/\/secure.gravatar.com\/avatar\/bbe2f3ec78281a56dba108d1bf0f9ffa?s=96&d=mm&r=g","caption":"healthycold"},"logo":{"@id":"https:\/\/cryomedpro.com\/#\/schema\/person\/image\/"}}]}},"_links":{"self":[{"href":"https:\/\/cryomedpro.com\/tr\/wp-json\/wp\/v2\/pages\/31904"}],"collection":[{"href":"https:\/\/cryomedpro.com\/tr\/wp-json\/wp\/v2\/pages"}],"about":[{"href":"https:\/\/cryomedpro.com\/tr\/wp-json\/wp\/v2\/types\/page"}],"author":[{"embeddable":true,"href":"https:\/\/cryomedpro.com\/tr\/wp-json\/wp\/v2\/users\/2"}],"replies":[{"embeddable":true,"href":"https:\/\/cryomedpro.com\/tr\/wp-json\/wp\/v2\/comments?post=31904"}],"version-history":[{"count":0,"href":"https:\/\/cryomedpro.com\/tr\/wp-json\/wp\/v2\/pages\/31904\/revisions"}],"wp:attachment":[{"href":"https:\/\/cryomedpro.com\/tr\/wp-json\/wp\/v2\/media?parent=31904"}],"wp:term":[{"taxonomy":"post_tag","embeddable":true,"href":"https:\/\/cryomedpro.com\/tr\/wp-json\/wp\/v2\/tags?post=31904"}],"curies":[{"name":"wp","href":"https:\/\/api.w.org\/{rel}","templated":true}]}}