{"id":54708,"date":"2020-01-27T02:19:15","date_gmt":"2020-01-27T01:19:15","guid":{"rendered":"https:\/\/cryomedpro.com\/our-services\/"},"modified":"2020-02-19T16:04:44","modified_gmt":"2020-02-19T15:04:44","slug":"our-services","status":"publish","type":"page","link":"https:\/\/cryomedpro.com\/tr\/our-services\/","title":{"rendered":"Hizmetlerimiz"},"content":{"rendered":"<p>[et_pb_section admin_label=&#8221;section&#8221; background_image=&#8221;https:\/\/cryomedpro.com\/wp-content\/uploads\/2016\/12\/784743-blue-crystals-frost-macro.jpg&#8221; transparent_background=&#8221;off&#8221; allow_player_pause=&#8221;off&#8221; inner_shadow=&#8221;off&#8221; parallax=&#8221;off&#8221; parallax_method=&#8221;off&#8221; custom_padding=&#8221;3px|0px|4px|0px&#8221; padding_mobile=&#8221;off&#8221; make_fullwidth=&#8221;off&#8221; use_custom_width=&#8221;off&#8221; width_unit=&#8221;on&#8221; make_equal=&#8221;off&#8221; use_custom_gutter=&#8221;off&#8221; fullwidth=&#8221;off&#8221; specialty=&#8221;off&#8221; module_class=&#8221;ns-banner&#8221; disabled=&#8221;off&#8221;][et_pb_row admin_label=&#8221;row&#8221; make_fullwidth=&#8221;off&#8221; use_custom_width=&#8221;off&#8221; width_unit=&#8221;off&#8221; custom_width_px=&#8221;1080px&#8221; custom_width_percent=&#8221;80%&#8221; use_custom_gutter=&#8221;off&#8221; gutter_width=&#8221;3&#8243; custom_padding=&#8221;21px|0px|21.45px|0px&#8221; padding_mobile=&#8221;off&#8221; allow_player_pause=&#8221;off&#8221; parallax=&#8221;off&#8221; parallax_method=&#8221;on&#8221; make_equal=&#8221;off&#8221; column_padding_mobile=&#8221;on&#8221; parallax_1=&#8221;off&#8221; parallax_method_1=&#8221;on&#8221; parallax_2=&#8221;off&#8221; parallax_method_2=&#8221;on&#8221; parallax_3=&#8221;off&#8221; parallax_method_3=&#8221;on&#8221; parallax_4=&#8221;off&#8221; parallax_method_4=&#8221;on&#8221; disabled=&#8221;off&#8221;][et_pb_column type=&#8221;4_4&#8243;][et_pb_text admin_label=&#8221;Text&#8221; background_layout=&#8221;dark&#8221; text_orientation=&#8221;center&#8221; use_border_color=&#8221;off&#8221; border_style=&#8221;solid&#8221; disabled=&#8221;off&#8221; border_color=&#8221;#ffffff&#8221;]<\/p>\n<h1 style=\"text-align: center;\">Hizmetlerimiz<\/h1>\n<p><img decoding=\"async\" loading=\"lazy\" class=\"size-full wp-image-150 aligncenter\" src=\"\/wp-content\/uploads\/2016\/10\/heading-underline.png\" alt=\"heading-underline\" width=\"309\" height=\"12\" srcset=\"https:\/\/cryomedpro.com\/wp-content\/uploads\/2016\/10\/heading-underline.png 309w, https:\/\/cryomedpro.com\/wp-content\/uploads\/2016\/10\/heading-underline-300x12.png 300w\" sizes=\"(max-width: 309px) 100vw, 309px\" \/><\/p>\n<p>[\/et_pb_text][\/et_pb_column][\/et_pb_row][\/et_pb_section][et_pb_section admin_label=&#8221;Section&#8221; fullwidth=&#8221;off&#8221; specialty=&#8221;off&#8221; transparent_background=&#8221;off&#8221; allow_player_pause=&#8221;off&#8221; inner_shadow=&#8221;off&#8221; parallax=&#8221;off&#8221; parallax_method=&#8221;off&#8221; custom_padding=&#8221;15px|0px|0px|0px&#8221; padding_mobile=&#8221;off&#8221; make_fullwidth=&#8221;off&#8221; use_custom_width=&#8221;off&#8221; width_unit=&#8221;on&#8221; make_equal=&#8221;off&#8221; use_custom_gutter=&#8221;off&#8221;][et_pb_row admin_label=&#8221;Row&#8221; make_fullwidth=&#8221;off&#8221; use_custom_width=&#8221;off&#8221; width_unit=&#8221;on&#8221; use_custom_gutter=&#8221;off&#8221; padding_mobile=&#8221;off&#8221; allow_player_pause=&#8221;off&#8221; parallax=&#8221;off&#8221; parallax_method=&#8221;off&#8221; make_equal=&#8221;off&#8221; parallax_1=&#8221;off&#8221; parallax_method_1=&#8221;off&#8221; column_padding_mobile=&#8221;on&#8221; custom_padding=&#8221;0px|0px|0px|0px&#8221;][et_pb_column type=&#8221;4_4&#8243;][et_pb_code admin_label=&#8221;Code&#8221;]\tCryo\n<span><span><a href=\"https:\/\/cryomedpro.com\/tr\/\">Home<\/a><\/span><\/span>[\/et_pb_code][\/et_pb_column][\/et_pb_row][\/et_pb_section][et_pb_section admin_label=&#8221;section&#8221; transparent_background=&#8221;off&#8221; allow_player_pause=&#8221;off&#8221; inner_shadow=&#8221;off&#8221; parallax=&#8221;off&#8221; parallax_method=&#8221;off&#8221; padding_mobile=&#8221;off&#8221; make_fullwidth=&#8221;off&#8221; use_custom_width=&#8221;off&#8221; width_unit=&#8221;on&#8221; make_equal=&#8221;off&#8221; use_custom_gutter=&#8221;off&#8221;][et_pb_row admin_label=&#8221;row&#8221;][et_pb_column type=&#8221;4_4&#8243;][et_pb_text admin_label=&#8221;Text&#8221; background_layout=&#8221;light&#8221; text_orientation=&#8221;left&#8221; use_border_color=&#8221;off&#8221; border_color=&#8221;#ffffff&#8221; border_style=&#8221;solid&#8221;]<\/p>\n<p>Y\u00fcksek kaliteli kriyoterapi ekipman\u0131 \u00fcretiminin yan\u0131 s\u0131ra, her a\u015famada <a href=\"https:\/\/cryomedpro.com\/tr\/products\/\">\u00fcr\u00fcnlerimiz<\/a> i\u00e7in tam bir hizmet ve destek sunuyoruz. M\u00fc\u015fterilerimize ve bayilerimize t\u00fcm v\u00fccut ve b\u00f6lgesel kriyoterapi ekipmanlar\u0131n\u0131n teslimat\u0131, kurulumu, bak\u0131m\u0131 ve destek sa\u011flanmas\u0131 ile pazarlama ve personel e\u011fitimi gibi hizmetler sunuyoruz.<\/p>\n<h2>Kriyosauna ve di\u011fer kriyoterapi ekipmanlar\u0131n\u0131n teslimat\u0131<\/h2>\n<p>Kriyoterapi ekipmanlar\u0131m\u0131z i\u00e7in d\u00fcnyan\u0131n her yerine <a href=\"https:\/\/cryomedpro.com\/tr\/delivery\/\">teslimat<\/a> sa\u011fl\u0131yoruz.<\/p>\n<p>Nakliye y\u00f6ntemlerimiz:<\/p>\n<p>[\/et_pb_text][\/et_pb_column][\/et_pb_row][et_pb_row admin_label=&#8221;Row&#8221; make_fullwidth=&#8221;off&#8221; use_custom_width=&#8221;off&#8221; width_unit=&#8221;on&#8221; use_custom_gutter=&#8221;off&#8221; custom_padding=&#8221;|60px||60px&#8221; padding_mobile=&#8221;off&#8221; allow_player_pause=&#8221;off&#8221; parallax=&#8221;off&#8221; parallax_method=&#8221;off&#8221; make_equal=&#8221;off&#8221; parallax_1=&#8221;off&#8221; parallax_method_1=&#8221;off&#8221; parallax_2=&#8221;off&#8221; parallax_method_2=&#8221;off&#8221; parallax_3=&#8221;off&#8221; parallax_method_3=&#8221;off&#8221; column_padding_mobile=&#8221;on&#8221;][et_pb_column type=&#8221;1_3&#8243;][et_pb_image admin_label=&#8221;Image&#8221; src=&#8221;https:\/\/cryomedpro.com\/wp-content\/uploads\/2020\/01\/services-01.png&#8221; show_in_lightbox=&#8221;off&#8221; url_new_window=&#8221;off&#8221; use_overlay=&#8221;off&#8221; animation=&#8221;left&#8221; sticky=&#8221;off&#8221; align=&#8221;left&#8221; force_fullwidth=&#8221;off&#8221; always_center_on_mobile=&#8221;on&#8221; use_border_color=&#8221;off&#8221; border_color=&#8221;#ffffff&#8221; border_style=&#8221;solid&#8221;]<\/p>\n<p>[\/et_pb_image][et_pb_text admin_label=&#8221;Text&#8221; background_layout=&#8221;light&#8221; text_orientation=&#8221;left&#8221; use_border_color=&#8221;off&#8221; border_color=&#8221;#ffffff&#8221; border_style=&#8221;solid&#8221;]<\/p>\n<p><strong>Kamyon ile:<\/strong> Avrupa \u00fclkeleri i\u00e7in tahmini teslim s\u00fcresi 1-4 i\u015f g\u00fcn\u00fc;<\/p>\n<p>[\/et_pb_text][\/et_pb_column][et_pb_column type=&#8221;1_3&#8243;][et_pb_image admin_label=&#8221;Image&#8221; src=&#8221;https:\/\/cryomedpro.com\/wp-content\/uploads\/2020\/01\/services-02.png&#8221; show_in_lightbox=&#8221;off&#8221; url_new_window=&#8221;off&#8221; use_overlay=&#8221;off&#8221; animation=&#8221;left&#8221; sticky=&#8221;off&#8221; align=&#8221;left&#8221; force_fullwidth=&#8221;off&#8221; always_center_on_mobile=&#8221;on&#8221; use_border_color=&#8221;off&#8221; border_color=&#8221;#ffffff&#8221; border_style=&#8221;solid&#8221;]<\/p>\n<p>[\/et_pb_image][et_pb_text admin_label=&#8221;Text&#8221; background_layout=&#8221;light&#8221; text_orientation=&#8221;left&#8221; use_border_color=&#8221;off&#8221; border_color=&#8221;#ffffff&#8221; border_style=&#8221;solid&#8221;]<\/p>\n<p><strong>Hava yolu ile:<\/strong> tahmini teslim s\u00fcresi 10 i\u015f g\u00fcn\u00fcne kadar;<\/p>\n<p>[\/et_pb_text][\/et_pb_column][et_pb_column type=&#8221;1_3&#8243;][et_pb_image admin_label=&#8221;Image&#8221; src=&#8221;https:\/\/cryomedpro.com\/wp-content\/uploads\/2020\/01\/services-03.png&#8221; show_in_lightbox=&#8221;off&#8221; url_new_window=&#8221;off&#8221; use_overlay=&#8221;off&#8221; animation=&#8221;left&#8221; sticky=&#8221;off&#8221; align=&#8221;left&#8221; force_fullwidth=&#8221;off&#8221; always_center_on_mobile=&#8221;on&#8221; use_border_color=&#8221;off&#8221; border_color=&#8221;#ffffff&#8221; border_style=&#8221;solid&#8221;]<\/p>\n<p>[\/et_pb_image][et_pb_text admin_label=&#8221;Text&#8221; background_layout=&#8221;light&#8221; text_orientation=&#8221;left&#8221; use_border_color=&#8221;off&#8221; border_color=&#8221;#ffffff&#8221; border_style=&#8221;solid&#8221;]<\/p>\n<p><strong>Deniz yolu ile:<\/strong> tahmini teslim s\u00fcresi 30 i\u015f g\u00fcn\u00fcne kadar.<\/p>\n<p>[\/et_pb_text][\/et_pb_column][\/et_pb_row][et_pb_row admin_label=&#8221;Row&#8221;][et_pb_column type=&#8221;4_4&#8243;][et_pb_text admin_label=&#8221;Text&#8221; background_layout=&#8221;light&#8221; text_orientation=&#8221;left&#8221; use_border_color=&#8221;off&#8221; border_color=&#8221;#ffffff&#8221; border_style=&#8221;solid&#8221;]<\/p>\n<p>Bunlara alternatif olarak, nakliye i\u015flemini siz de \u00fcstlenebilirsiniz.<\/p>\n<p>Verdi\u011fimiz t\u00fcm nakliye y\u00f6ntemleri i\u00e7in g\u00fcvenli paketleme hizmetini garanti ediyoruz. Bu y\u00fczden size en uygun nakliye y\u00f6ntemini g\u00f6n\u00fcl rahatl\u0131\u011f\u0131yla se\u00e7ebilirsiniz.<\/p>\n<p>[\/et_pb_text][et_pb_button admin_label=&#8221;Button&#8221; url_new_window=&#8221;off&#8221; button_text=&#8221;Bize ula\u015f\u0131n!&#8221; button_alignment=&#8221;left&#8221; background_layout=&#8221;light&#8221; custom_button=&#8221;off&#8221; button_letter_spacing=&#8221;0&#8243; button_use_icon=&#8221;default&#8221; button_icon_placement=&#8221;right&#8221; button_on_hover=&#8221;on&#8221; button_letter_spacing_hover=&#8221;0&#8243; saved_tabs=&#8221;all&#8221; button_url=&#8221;https:\/\/cryomedpro.com\/tr\/contacts\/&#8221;]<\/p>\n<p>[\/et_pb_button][\/et_pb_column][\/et_pb_row][\/et_pb_section][et_pb_section admin_label=&#8221;section&#8221; transparent_background=&#8221;off&#8221; allow_player_pause=&#8221;off&#8221; inner_shadow=&#8221;off&#8221; parallax=&#8221;off&#8221; parallax_method=&#8221;off&#8221; padding_mobile=&#8221;off&#8221; make_fullwidth=&#8221;off&#8221; use_custom_width=&#8221;off&#8221; width_unit=&#8221;on&#8221; make_equal=&#8221;off&#8221; use_custom_gutter=&#8221;off&#8221;][et_pb_row admin_label=&#8221;row&#8221;][et_pb_column type=&#8221;1_3&#8243;][et_pb_image admin_label=&#8221;Image&#8221; src=&#8221;https:\/\/cryomedpro.com\/wp-content\/uploads\/2020\/01\/installation-cryosauna.jpg&#8221; show_in_lightbox=&#8221;off&#8221; url_new_window=&#8221;off&#8221; use_overlay=&#8221;off&#8221; animation=&#8221;left&#8221; sticky=&#8221;off&#8221; align=&#8221;left&#8221; force_fullwidth=&#8221;off&#8221; always_center_on_mobile=&#8221;on&#8221; use_border_color=&#8221;off&#8221; border_color=&#8221;#ffffff&#8221; border_style=&#8221;solid&#8221;]<\/p>\n<p>[\/et_pb_image][\/et_pb_column][et_pb_column type=&#8221;2_3&#8243;][et_pb_text admin_label=&#8221;Text&#8221; background_layout=&#8221;light&#8221; text_orientation=&#8221;left&#8221; use_border_color=&#8221;off&#8221; border_color=&#8221;#ffffff&#8221; border_style=&#8221;solid&#8221;]<\/p>\n<h2>Kriyosauna kurulumu<\/h2>\n<p>Mevcut se\u00e7enekleri g\u00f6z \u00f6n\u00fcnde bulundurarak ihtiyac\u0131n\u0131za en uygun kriyosaunay\u0131 se\u00e7meniz i\u00e7in, \u00fcr\u00fcn\u00fcn\u00fcz\u00fc almadan evvel kapsaml\u0131 bir dan\u0131\u015fmanl\u0131k hizmeti sunuyoruz.<\/p>\n<p>Kurulum esnas\u0131nda faydal\u0131 olabilecek t\u00fcm kriyo makine \u00f6zellikleri, kaplad\u0131\u011f\u0131 alan, boyutlar\u0131, havaland\u0131rma ko\u015fullar\u0131, azot kaynak ko\u015fullar\u0131 ve di\u011fer bilgiler de taraf\u0131m\u0131zca verilmektedir.<\/p>\n<p>Cryomed Mini, Cryomed One, Cryomed One+ gibi tek par\u00e7a halinde gelen baz\u0131 modeller i\u00e7in kurulum gerekmemektedir. Cryomed Basic, Cryomed Pro, Cryomed Pro+ gibi Pro serisi i\u00e7in \u00e7e\u015fitli se\u00e7enekler mevcuttur. Bir video ve montaj talimatlar\u0131n\u0131 g\u00f6nderebiliriz veya teknisyenlerimiz Skype vb. programlar \u00fczerinden size kurulum noktas\u0131nda destek verebilir veya bulundu\u011funuz yere gelerek \u00fcnitenin montaj\u0131n\u0131 yapabilirler. Her durumda teknik uzmanlar\u0131m\u0131z 7\/24 size yard\u0131mc\u0131 olmak i\u00e7in haz\u0131rd\u0131rlar.<\/p>\n<p>[\/et_pb_text][\/et_pb_column][\/et_pb_row][et_pb_row admin_label=&#8221;Row&#8221;][et_pb_column type=&#8221;4_4&#8243;][et_pb_text admin_label=&#8221;Text&#8221; background_layout=&#8221;light&#8221; text_orientation=&#8221;left&#8221; use_border_color=&#8221;off&#8221; border_color=&#8221;#ffffff&#8221; border_style=&#8221;solid&#8221;]<\/p>\n<h2>Kriyojenik ekipmanlar\u0131n\u0131z i\u00e7in bak\u0131m ve teknik destek<\/h2>\n<p>Uzmanlar\u0131m\u0131z, size her t\u00fcrl\u00fc operasyonel konuda dan\u0131\u015fmanl\u0131k hizmeti sunmaya haz\u0131rd\u0131r.<\/p>\n<p>Cryomed One, Cryomed Pro, Cryomed Pro+ ve Cryomed One+ i\u00e7in standart 3 y\u0131l veya Cryomed Mini, Cryomed Basic i\u00e7in 2 y\u0131l yedek par\u00e7a garantisi mevcuttur. Uzat\u0131lm\u0131\u015f garanti kapsam\u0131nda, bir teknisyenimiz ihtiyac\u0131n\u0131za g\u00f6re bulundu\u011funuz yere gelerek bozuk par\u00e7alar\u0131 de\u011fi\u015ftirir.<\/p>\n<p>Ayr\u0131ca, ek \u00fccret kar\u015f\u0131l\u0131\u011f\u0131nda garanti sonras\u0131 kriyosauna hizmeti de veriyoruz. Y\u0131ll\u0131k teknik destek \u00fcyeli\u011fi veya saatlik \u00f6deme se\u00e7eneklerinin yan\u0131 s\u0131ra tamir ve bak\u0131m i\u015flemleri i\u00e7in teknisyen gelmesini talep edebilir veya garanti sonras\u0131 kriyosaunan\u0131n cihaz yaz\u0131l\u0131m\u0131n\u0131n y\u00fckseltilmesini isteyebilirsiniz.<\/p>\n<div id=\"attachment_52873\" style=\"width: 1034px\" class=\"wp-caption aligncenter\"><img aria-describedby=\"caption-attachment-52873\" decoding=\"async\" loading=\"lazy\" class=\"size-large wp-image-52855\" src=\"https:\/\/cryomedpro.com\/wp-content\/uploads\/2020\/01\/cryosauna-marketing-01-1024x675.jpg\" alt=\"Cryomed taraf\u0131ndan sa\u011flanan reklam bro\u015f\u00fcr\u00fc\" width=\"1024\" height=\"675\" srcset=\"https:\/\/cryomedpro.com\/wp-content\/uploads\/2020\/01\/cryosauna-marketing-01-1024x675.jpg 1024w, https:\/\/cryomedpro.com\/wp-content\/uploads\/2020\/01\/cryosauna-marketing-01-300x198.jpg 300w, https:\/\/cryomedpro.com\/wp-content\/uploads\/2020\/01\/cryosauna-marketing-01-768x506.jpg 768w, https:\/\/cryomedpro.com\/wp-content\/uploads\/2020\/01\/cryosauna-marketing-01-1080x712.jpg 1080w, https:\/\/cryomedpro.com\/wp-content\/uploads\/2020\/01\/cryosauna-marketing-01.jpg 1200w\" sizes=\"(max-width: 1024px) 100vw, 1024px\" \/><p id=\"caption-attachment-52873\" class=\"wp-caption-text\">Cryomed taraf\u0131ndan sa\u011flanan reklam bro\u015f\u00fcr\u00fc<\/p><\/div>\n<h2>Pazarlama<\/h2>\n<p>Pazarlama ekibimiz, sizlere en yeni reklam malzemelerini sa\u011flayacak ve pazarlama planlar\u0131, reklam stratejileri ve marka bilincinin olu\u015fturulmas\u0131 konusunda yard\u0131mc\u0131 olacakt\u0131r.<\/p>\n<p><a href=\"https:\/\/cryomedpro.com\/tr\/cryomed-merchandise\/\">\u00dcr\u00fcnlerimiz<\/a> i\u00e7in sipari\u015f verebilirsiniz.<\/p>\n<p>Ayr\u0131ca, \u015firket imaj\u0131n\u0131za uyacak \u015fekilde markan\u0131zla kriyosaunan\u0131z\u0131 \u00f6zelle\u015ftirebilmeniz i\u00e7in \u00e7e\u015fitli se\u00e7enekler sunuyoruz:<\/p>\n<ul>\n<li>\u0130\u015flemeli logonuzu i\u00e7 kapa\u011fa ekleyebilir, bir etiketle d\u0131\u015f kapa\u011fa koyabilir veya logonuzu giri\u015f ekran\u0131n\u0131za ekleyebiliriz;<\/li>\n<li>18 farkl\u0131 renk se\u00e7ene\u011fiyle d\u0131\u015f kapa\u011f\u0131n\u0131z\u0131 iste\u011finize g\u00f6re uyarlayabilirsiniz;<\/li>\n<li>10 farkl\u0131 renk se\u00e7ene\u011fi aras\u0131ndan i\u00e7 kapak i\u00e7in diledi\u011finiz rengi se\u00e7ebilirsiniz.<\/li>\n<\/ul>\n<div id=\"attachment_52892\" style=\"width: 1034px\" class=\"wp-caption aligncenter\"><img aria-describedby=\"caption-attachment-52892\" decoding=\"async\" loading=\"lazy\" class=\"size-large wp-image-52874\" src=\"https:\/\/cryomedpro.com\/wp-content\/uploads\/2020\/01\/cryosauna-marketing-02-1024x684.jpg\" alt=\"Cryomed, kriyoterapinin esaslar\u0131 ve kriyoterapi malzemelerinin kullan\u0131m\u0131yla ilgili personel e\u011fitimleri sa\u011flar\" width=\"1024\" height=\"684\" srcset=\"https:\/\/cryomedpro.com\/wp-content\/uploads\/2020\/01\/cryosauna-marketing-02-1024x684.jpg 1024w, https:\/\/cryomedpro.com\/wp-content\/uploads\/2020\/01\/cryosauna-marketing-02-300x200.jpg 300w, https:\/\/cryomedpro.com\/wp-content\/uploads\/2020\/01\/cryosauna-marketing-02-768x513.jpg 768w, https:\/\/cryomedpro.com\/wp-content\/uploads\/2020\/01\/cryosauna-marketing-02-1080x721.jpg 1080w, https:\/\/cryomedpro.com\/wp-content\/uploads\/2020\/01\/cryosauna-marketing-02.jpg 1200w\" sizes=\"(max-width: 1024px) 100vw, 1024px\" \/><p id=\"caption-attachment-52892\" class=\"wp-caption-text\">Cryomed, kriyoterapinin esaslar\u0131 ve kriyoterapi malzemelerinin kullan\u0131m\u0131yla ilgili personel e\u011fitimleri sa\u011flar<\/p><\/div>\n<h2>Personel e\u011fitimi<\/h2>\n<p>\u0130yi yeti\u015fmi\u015f ve yetenekli personelin ba\u015far\u0131n\u0131z i\u00e7in olmazsa olmaz bir \u015fart oldu\u011funa inan\u0131yoruz. Operat\u00f6rlerin t\u00fcm v\u00fccut kriyoterapinin nas\u0131l uyguland\u0131\u011f\u0131n\u0131 ve insan v\u00fccuduna etkilerini bilmesi gerekmektedir. Bu nedenle, kriyoterapinin temel prensipleri ile kriyoterapi ekipmanlar\u0131n\u0131n kullan\u0131m\u0131 konusunda personel e\u011fitimleri sa\u011fl\u0131yoruz. Uzman\u0131m\u0131z bulundu\u011funuz yere bir g\u00fcnl\u00fck e\u011fitim i\u00e7in gelmektedir. S\u00f6z konusu e\u011fitim talepler do\u011frultusunda verimektedir.<\/p>\n<p>Hizmetlerimizle ilgileniyorsan\u0131z, l\u00fctfen daha kapsaml\u0131 bilgi i\u00e7in sat\u0131\u015f ekibimizle irtibata ge\u00e7in.<\/p>\n<p>[\/et_pb_text][et_pb_button admin_label=&#8221;Button&#8221; url_new_window=&#8221;off&#8221; button_text=&#8221;Bize ula\u015f\u0131n!&#8221; button_alignment=&#8221;left&#8221; background_layout=&#8221;light&#8221; custom_button=&#8221;off&#8221; button_letter_spacing=&#8221;0&#8243; button_use_icon=&#8221;default&#8221; button_icon_placement=&#8221;right&#8221; button_on_hover=&#8221;on&#8221; button_letter_spacing_hover=&#8221;0&#8243; saved_tabs=&#8221;all&#8221; button_url=&#8221;https:\/\/cryomedpro.com\/tr\/contacts\/&#8221;]<\/p>\n<p>[\/et_pb_button][\/et_pb_column][\/et_pb_row][\/et_pb_section]<\/p>\n","protected":false},"excerpt":{"rendered":"<p>[et_pb_section admin_label=&#8221;section&#8221; background_image=&#8221;https:\/\/cryomedpro.com\/wp-content\/uploads\/2016\/12\/784743-blue-crystals-frost-macro.jpg&#8221; transparent_background=&#8221;off&#8221; allow_player_pause=&#8221;off&#8221; inner_shadow=&#8221;off&#8221; parallax=&#8221;off&#8221; parallax_method=&#8221;off&#8221; custom_padding=&#8221;3px|0px|4px|0px&#8221; padding_mobile=&#8221;off&#8221; make_fullwidth=&#8221;off&#8221; use_custom_width=&#8221;off&#8221; width_unit=&#8221;on&#8221; make_equal=&#8221;off&#8221; use_custom_gutter=&#8221;off&#8221; fullwidth=&#8221;off&#8221; specialty=&#8221;off&#8221; module_class=&#8221;ns-banner&#8221; disabled=&#8221;off&#8221;][et_pb_row admin_label=&#8221;row&#8221; make_fullwidth=&#8221;off&#8221; use_custom_width=&#8221;off&#8221; width_unit=&#8221;off&#8221; custom_width_px=&#8221;1080px&#8221; custom_width_percent=&#8221;80%&#8221; use_custom_gutter=&#8221;off&#8221; gutter_width=&#8221;3&#8243; custom_padding=&#8221;21px|0px|21.45px|0px&#8221; padding_mobile=&#8221;off&#8221; allow_player_pause=&#8221;off&#8221; parallax=&#8221;off&#8221; parallax_method=&#8221;on&#8221; make_equal=&#8221;off&#8221; column_padding_mobile=&#8221;on&#8221; parallax_1=&#8221;off&#8221; parallax_method_1=&#8221;on&#8221; parallax_2=&#8221;off&#8221; parallax_method_2=&#8221;on&#8221; parallax_3=&#8221;off&#8221; parallax_method_3=&#8221;on&#8221; parallax_4=&#8221;off&#8221; parallax_method_4=&#8221;on&#8221; disabled=&#8221;off&#8221;][et_pb_column type=&#8221;4_4&#8243;][et_pb_text admin_label=&#8221;Text&#8221; background_layout=&#8221;dark&#8221; text_orientation=&#8221;center&#8221; use_border_color=&#8221;off&#8221; border_style=&#8221;solid&#8221; disabled=&#8221;off&#8221; border_color=&#8221;#ffffff&#8221;] Hizmetlerimiz [\/et_pb_text][\/et_pb_column][\/et_pb_row][\/et_pb_section][et_pb_section admin_label=&#8221;Section&#8221; fullwidth=&#8221;off&#8221; [&hellip;]<\/p>\n","protected":false},"author":2,"featured_media":0,"parent":0,"menu_order":0,"comment_status":"closed","ping_status":"closed","template":"","meta":[],"tags":[],"yoast_head":"<!-- This site is optimized with the Yoast SEO plugin v20.0 - https:\/\/yoast.com\/wordpress\/plugins\/seo\/ -->\n<title>T\u00fcm v\u00fccut kriyoterapisinde d\u00fcnya lideri markadan ek hizmetler - Cryomed Manufacture s.r.o.<\/title>\n<meta name=\"description\" content=\"Cryomed yaln\u0131zca y\u00fcksek kaliteli kriyojenik ekipmanlar \u00fcretmekle kalmamakta, ayn\u0131 zamanda \u00fcr\u00fcnlerimizin teslimat, kurulum, bak\u0131m ve pazarlama gibi her a\u015famas\u0131nda ve personel e\u011fitimi gibi konularda tam bir hizmet ve destek sunmaktad\u0131r.\" \/>\n<meta name=\"robots\" content=\"index, follow, max-snippet:-1, max-image-preview:large, max-video-preview:-1\" \/>\n<link rel=\"canonical\" href=\"https:\/\/cryomedpro.com\/tr\/our-services\/\" \/>\n<meta property=\"og:locale\" content=\"tr_TR\" \/>\n<meta property=\"og:type\" content=\"article\" \/>\n<meta property=\"og:title\" content=\"T\u00fcm v\u00fccut kriyoterapisinde d\u00fcnya lideri markadan ek hizmetler - Cryomed Manufacture s.r.o.\" \/>\n<meta property=\"og:description\" content=\"Cryomed yaln\u0131zca y\u00fcksek kaliteli kriyojenik ekipmanlar \u00fcretmekle kalmamakta, ayn\u0131 zamanda \u00fcr\u00fcnlerimizin teslimat, kurulum, bak\u0131m ve pazarlama gibi her a\u015famas\u0131nda ve personel e\u011fitimi gibi konularda tam bir hizmet ve destek sunmaktad\u0131r.\" \/>\n<meta property=\"og:url\" content=\"https:\/\/cryomedpro.com\/tr\/our-services\/\" \/>\n<meta property=\"og:site_name\" content=\"Cryomed PRO\" \/>\n<meta property=\"article:modified_time\" content=\"2020-02-19T15:04:44+00:00\" \/>\n<meta property=\"og:image\" content=\"https:\/\/cryomedpro.com\/wp-content\/uploads\/2016\/10\/heading-underline.png\" \/>\n<meta name=\"twitter:card\" content=\"summary_large_image\" \/>\n<meta name=\"twitter:label1\" content=\"Tahmini okuma s\u00fcresi\" \/>\n\t<meta name=\"twitter:data1\" content=\"9 dakika\" \/>\n<!-- \/ Yoast SEO plugin. -->","yoast_head_json":{"title":"T\u00fcm v\u00fccut kriyoterapisinde d\u00fcnya lideri markadan ek hizmetler - Cryomed Manufacture s.r.o.","description":"Cryomed yaln\u0131zca y\u00fcksek kaliteli kriyojenik ekipmanlar \u00fcretmekle kalmamakta, ayn\u0131 zamanda \u00fcr\u00fcnlerimizin teslimat, kurulum, bak\u0131m ve pazarlama gibi her a\u015famas\u0131nda ve personel e\u011fitimi gibi konularda tam bir hizmet ve destek sunmaktad\u0131r.","robots":{"index":"index","follow":"follow","max-snippet":"max-snippet:-1","max-image-preview":"max-image-preview:large","max-video-preview":"max-video-preview:-1"},"canonical":"https:\/\/cryomedpro.com\/tr\/our-services\/","og_locale":"tr_TR","og_type":"article","og_title":"T\u00fcm v\u00fccut kriyoterapisinde d\u00fcnya lideri markadan ek hizmetler - Cryomed Manufacture s.r.o.","og_description":"Cryomed yaln\u0131zca y\u00fcksek kaliteli kriyojenik ekipmanlar \u00fcretmekle kalmamakta, ayn\u0131 zamanda \u00fcr\u00fcnlerimizin teslimat, kurulum, bak\u0131m ve pazarlama gibi her a\u015famas\u0131nda ve personel e\u011fitimi gibi konularda tam bir hizmet ve destek sunmaktad\u0131r.","og_url":"https:\/\/cryomedpro.com\/tr\/our-services\/","og_site_name":"Cryomed PRO","article_modified_time":"2020-02-19T15:04:44+00:00","og_image":[{"url":"https:\/\/cryomedpro.com\/wp-content\/uploads\/2016\/10\/heading-underline.png"}],"twitter_card":"summary_large_image","twitter_misc":{"Tahmini okuma s\u00fcresi":"9 dakika"},"schema":{"@context":"https:\/\/schema.org","@graph":[{"@type":"WebPage","@id":"https:\/\/cryomedpro.com\/tr\/our-services\/","url":"https:\/\/cryomedpro.com\/tr\/our-services\/","name":"T\u00fcm v\u00fccut kriyoterapisinde d\u00fcnya lideri markadan ek hizmetler - Cryomed Manufacture s.r.o.","isPartOf":{"@id":"https:\/\/cryomedpro.com\/#website"},"datePublished":"2020-01-27T01:19:15+00:00","dateModified":"2020-02-19T15:04:44+00:00","description":"Cryomed yaln\u0131zca y\u00fcksek kaliteli kriyojenik ekipmanlar \u00fcretmekle kalmamakta, ayn\u0131 zamanda \u00fcr\u00fcnlerimizin teslimat, kurulum, bak\u0131m ve pazarlama gibi her a\u015famas\u0131nda ve personel e\u011fitimi gibi konularda tam bir hizmet ve destek sunmaktad\u0131r.","breadcrumb":{"@id":"https:\/\/cryomedpro.com\/tr\/our-services\/#breadcrumb"},"inLanguage":"tr","potentialAction":[{"@type":"ReadAction","target":["https:\/\/cryomedpro.com\/tr\/our-services\/"]}]},{"@type":"BreadcrumbList","@id":"https:\/\/cryomedpro.com\/tr\/our-services\/#breadcrumb","itemListElement":[{"@type":"ListItem","position":1,"name":"Home","item":"https:\/\/cryomedpro.com\/tr\/"},{"@type":"ListItem","position":2,"name":"Hizmetlerimiz"}]},{"@type":"WebSite","@id":"https:\/\/cryomedpro.com\/#website","url":"https:\/\/cryomedpro.com\/","name":"Cryomed PRO","description":"Cryosaunas Worldwide","publisher":{"@id":"https:\/\/cryomedpro.com\/#\/schema\/person\/752b92c38fb6f6c5052ef7763f4d79eb"},"potentialAction":[{"@type":"SearchAction","target":{"@type":"EntryPoint","urlTemplate":"https:\/\/cryomedpro.com\/?s={search_term_string}"},"query-input":"required name=search_term_string"}],"inLanguage":"tr"},{"@type":["Person","Organization"],"@id":"https:\/\/cryomedpro.com\/#\/schema\/person\/752b92c38fb6f6c5052ef7763f4d79eb","name":"healthycold","image":{"@type":"ImageObject","inLanguage":"tr","@id":"https:\/\/cryomedpro.com\/#\/schema\/person\/image\/","url":"https:\/\/secure.gravatar.com\/avatar\/bbe2f3ec78281a56dba108d1bf0f9ffa?s=96&d=mm&r=g","contentUrl":"https:\/\/secure.gravatar.com\/avatar\/bbe2f3ec78281a56dba108d1bf0f9ffa?s=96&d=mm&r=g","caption":"healthycold"},"logo":{"@id":"https:\/\/cryomedpro.com\/#\/schema\/person\/image\/"}}]}},"_links":{"self":[{"href":"https:\/\/cryomedpro.com\/tr\/wp-json\/wp\/v2\/pages\/54708"}],"collection":[{"href":"https:\/\/cryomedpro.com\/tr\/wp-json\/wp\/v2\/pages"}],"about":[{"href":"https:\/\/cryomedpro.com\/tr\/wp-json\/wp\/v2\/types\/page"}],"author":[{"embeddable":true,"href":"https:\/\/cryomedpro.com\/tr\/wp-json\/wp\/v2\/users\/2"}],"replies":[{"embeddable":true,"href":"https:\/\/cryomedpro.com\/tr\/wp-json\/wp\/v2\/comments?post=54708"}],"version-history":[{"count":0,"href":"https:\/\/cryomedpro.com\/tr\/wp-json\/wp\/v2\/pages\/54708\/revisions"}],"wp:attachment":[{"href":"https:\/\/cryomedpro.com\/tr\/wp-json\/wp\/v2\/media?parent=54708"}],"wp:term":[{"taxonomy":"post_tag","embeddable":true,"href":"https:\/\/cryomedpro.com\/tr\/wp-json\/wp\/v2\/tags?post=54708"}],"curies":[{"name":"wp","href":"https:\/\/api.w.org\/{rel}","templated":true}]}}