{"id":56796,"date":"2020-03-24T09:39:23","date_gmt":"2020-03-24T08:39:23","guid":{"rendered":"https:\/\/cryomedpro.com\/cryofan-cf-04\/"},"modified":"2020-03-30T12:17:21","modified_gmt":"2020-03-30T10:17:21","slug":"cryofan-cf-04","status":"publish","type":"page","link":"https:\/\/cryomedpro.com\/tr\/cryofan-cf-04\/","title":{"rendered":"Cryofan CF-04+"},"content":{"rendered":"<p>[et_pb_section admin_label=&#8221;section&#8221; background_image=&#8221;https:\/\/cryomedpro.com\/wp-content\/uploads\/2016\/12\/784743-blue-crystals-frost-macro.jpg&#8221; transparent_background=&#8221;off&#8221; allow_player_pause=&#8221;off&#8221; inner_shadow=&#8221;off&#8221; parallax=&#8221;off&#8221; parallax_method=&#8221;off&#8221; custom_padding=&#8221;3px|0px|4px|0px&#8221; padding_mobile=&#8221;off&#8221; make_fullwidth=&#8221;off&#8221; use_custom_width=&#8221;off&#8221; width_unit=&#8221;on&#8221; make_equal=&#8221;off&#8221; use_custom_gutter=&#8221;off&#8221; fullwidth=&#8221;off&#8221; specialty=&#8221;off&#8221; module_class=&#8221;ns-banner&#8221; disabled=&#8221;off&#8221;][et_pb_row admin_label=&#8221;row&#8221; make_fullwidth=&#8221;off&#8221; use_custom_width=&#8221;off&#8221; width_unit=&#8221;off&#8221; custom_width_px=&#8221;1080px&#8221; custom_width_percent=&#8221;80%&#8221; use_custom_gutter=&#8221;off&#8221; gutter_width=&#8221;3&#8243; custom_padding=&#8221;21px|0px|21.45px|0px&#8221; padding_mobile=&#8221;off&#8221; allow_player_pause=&#8221;off&#8221; parallax=&#8221;off&#8221; parallax_method=&#8221;on&#8221; make_equal=&#8221;off&#8221; column_padding_mobile=&#8221;on&#8221; parallax_1=&#8221;off&#8221; parallax_method_1=&#8221;on&#8221; parallax_2=&#8221;off&#8221; parallax_method_2=&#8221;on&#8221; parallax_3=&#8221;off&#8221; parallax_method_3=&#8221;on&#8221; parallax_4=&#8221;off&#8221; parallax_method_4=&#8221;on&#8221; disabled=&#8221;off&#8221;][et_pb_column type=&#8221;4_4&#8243;][et_pb_text admin_label=&#8221;Text&#8221; background_layout=&#8221;dark&#8221; text_orientation=&#8221;center&#8221; use_border_color=&#8221;off&#8221; border_style=&#8221;solid&#8221; disabled=&#8221;off&#8221; border_color=&#8221;#ffffff&#8221;]<\/p>\n<h1 style=\"text-align: center;\">Cryofan CF-04+<\/h1>\n<p><img decoding=\"async\" loading=\"lazy\" class=\"size-full wp-image-150 aligncenter\" src=\"\/wp-content\/uploads\/2016\/10\/heading-underline.png\" alt=\"heading-underline\" width=\"309\" height=\"12\" srcset=\"https:\/\/cryomedpro.com\/wp-content\/uploads\/2016\/10\/heading-underline.png 309w, https:\/\/cryomedpro.com\/wp-content\/uploads\/2016\/10\/heading-underline-300x12.png 300w\" sizes=\"(max-width: 309px) 100vw, 309px\" \/><\/p>\n<p>[\/et_pb_text][\/et_pb_column][\/et_pb_row][\/et_pb_section][et_pb_section admin_label=&#8221;Section&#8221; fullwidth=&#8221;off&#8221; specialty=&#8221;off&#8221;][et_pb_row admin_label=&#8221;Row&#8221;][et_pb_column type=&#8221;1_3&#8243;][et_pb_image admin_label=&#8221;Image&#8221; src=&#8221;https:\/\/cryomedpro.com\/wp-content\/uploads\/2020\/03\/cryomed-cf4-plus.jpg&#8221; alt=&#8221;Cryofan CF-04+&#8221; title_text=&#8221;Cryofan CF-04+&#8221; show_in_lightbox=&#8221;off&#8221; url_new_window=&#8221;off&#8221; use_overlay=&#8221;off&#8221; animation=&#8221;left&#8221; sticky=&#8221;off&#8221; align=&#8221;left&#8221; force_fullwidth=&#8221;off&#8221; always_center_on_mobile=&#8221;on&#8221; use_border_color=&#8221;off&#8221; border_color=&#8221;#ffffff&#8221; border_style=&#8221;solid&#8221;]<\/p>\n<p>&nbsp;<\/p>\n<p>[\/et_pb_image][\/et_pb_column][et_pb_column type=&#8221;2_3&#8243;][et_pb_text admin_label=&#8221;Text&#8221; background_layout=&#8221;light&#8221; text_orientation=&#8221;left&#8221; use_border_color=&#8221;off&#8221; border_color=&#8221;#ffffff&#8221; border_style=&#8221;solid&#8221;]<\/p>\n<h2>What is Cryofan CF-04+?<\/h2>\n<p>Cryofan \u0421F-04+, t\u0131p merkezlerinin ve sa\u011fl\u0131k kurumlar\u0131n\u0131n ihtiya\u00e7lar\u0131na g\u00f6re geli\u015ftirilmi\u015f b\u00f6lgesel bir kriyoterapi cihaz\u0131d\u0131r. Bu b\u00f6lgesel kriyo makinesi t\u0131bbi ekipman olarak sertifikaland\u0131r\u0131lm\u0131\u015ft\u0131r. EC Direktifi 93\/42\/EEC ve EN ISO 13485:2016 h\u00fck\u00fcmleri dikkate al\u0131narak t\u0131bbi cihazlarla ilgili en kat\u0131 g\u00fcvenlik gerekliliklerine uygundur.<\/p>\n<h3>B\u00f6lgesel kriyoterapi makinesi nas\u0131l \u00e7al\u0131\u015f\u0131r?<\/h3>\n<p>\u00c7al\u0131\u015fma prensibi di\u011fer yerel kriyoterapi cihazlar\u0131 (kriyojenik \u00fcfleyiciler) ile ayn\u0131d\u0131r: esas olarak s\u0131v\u0131 azot buhar\u0131ndan olu\u015fan d\u00fc\u015f\u00fck s\u0131cakl\u0131kl\u0131 gaz ak\u0131\u015f\u0131, cildi \u00e7evreleyen alanlar\u0131 etkilemeden so\u011futulmas\u0131 gereken b\u00f6lgeye y\u00f6nlendirilir.<\/p>\n<p>Bir kriyo seans\u0131, so\u011futulacak alana ba\u011fl\u0131 olarak on ila on be\u015f dakika aras\u0131nda s\u00fcrer. Seans s\u0131ras\u0131nda, kullan\u0131c\u0131 rahat bir \u015fekilde uzan\u0131r veya oturur, bu pozisyon ayakta durmalar\u0131na engel yaralanmalar\u0131 olan ki\u015filer i\u00e7in uygundur. M\u00fc\u015fteri tedaviden hemen sonra h\u0131zla kaybolan &#8216;i\u011fnelenme ve kar\u0131ncalanma&#8217; hissi ya\u015fayabilir.<\/p>\n<p>[\/et_pb_text][et_pb_button admin_label=&#8221;Button&#8221; url_new_window=&#8221;off&#8221; button_text=&#8221;F\u0130YAT B\u0130LG\u0130S\u0130 TALEP ED\u0130N&#8221; button_alignment=&#8221;center&#8221; background_layout=&#8221;dark&#8221; module_class=&#8221;popmake-contact-form-tr&#8221; custom_button=&#8221;on&#8221; button_text_size=&#8221;15&#8243; button_text_color=&#8221;#ffffff&#8221; button_bg_color=&#8221;#8fd400&#8243; button_border_width=&#8221;0&#8243; button_letter_spacing=&#8221;0&#8243; button_use_icon=&#8221;off&#8221; button_icon_placement=&#8221;right&#8221; button_on_hover=&#8221;on&#8221; button_bg_color_hover=&#8221;#b0d369&#8243; button_letter_spacing_hover=&#8221;0&#8243; disabled=&#8221;off&#8221; saved_tabs=&#8221;all&#8221;]<\/p>\n<p>&nbsp;<\/p>\n<p>[\/et_pb_button][\/et_pb_column][\/et_pb_row][\/et_pb_section][et_pb_section admin_label=&#8221;Section&#8221; fullwidth=&#8221;off&#8221; specialty=&#8221;off&#8221;][et_pb_row admin_label=&#8221;Row&#8221;][et_pb_column type=&#8221;4_4&#8243;][et_pb_text admin_label=&#8221;Text&#8221; background_layout=&#8221;light&#8221; text_orientation=&#8221;left&#8221; use_border_color=&#8221;off&#8221; border_color=&#8221;#ffffff&#8221; border_style=&#8221;solid&#8221;]<\/p>\n<h3>B\u00f6lgesel kriyoterapi tedavisi ne zaman gereklidir?<\/h3>\n<p>Cryofan CF-04+ a\u015fa\u011f\u0131daki durumlarda yararl\u0131d\u0131r:<\/p>\n<ul>\n<li style=\"font-weight: 400;\">kronik a\u011fr\u0131<\/li>\n<li style=\"font-weight: 400;\">inflamasyon<\/li>\n<li style=\"font-weight: 400;\">b\u00f6lgesel yaralanmalar (s\u0131rt, diz, dirsek vb.)<\/li>\n<li style=\"font-weight: 400;\">cerrahi operasyon sonras\u0131 iyile\u015fme ve rehabilitasyon<\/li>\n<\/ul>\n<p>Ayr\u0131ca, b\u00f6lgesel kriyoterapi, fiziksel hareketlili\u011fi azalm\u0131\u015f ve geleneksel so\u011fuk terapi uygulanamayan bireyler i\u00e7in do\u011fru bir \u00e7\u00f6z\u00fcmd\u00fcr. Genel olarak s\u00f6ylemek gerekirse, b\u00f6lgesel kriyoterapi a\u011fr\u0131 (kronik a\u011fr\u0131 dahil), inflamasyon ve \u015fi\u015flik \u015fikayetlerinde etkilidir ve t\u0131bbi ama\u00e7lar i\u00e7in kullan\u0131labilir.<\/p>\n<p>[\/et_pb_text][\/et_pb_column][\/et_pb_row][et_pb_row admin_label=&#8221;Row&#8221;][et_pb_column type=&#8221;4_4&#8243;][et_pb_text admin_label=&#8221;Text&#8221; background_layout=&#8221;light&#8221; text_orientation=&#8221;center&#8221; use_border_color=&#8221;off&#8221; border_style=&#8221;solid&#8221; disabled=&#8221;off&#8221; saved_tabs=&#8221;all&#8221; border_color=&#8221;#ffffff&#8221;]<\/p>\n<h2 style=\"text-align: center;\">Video<\/h2>\n<p><img decoding=\"async\" loading=\"lazy\" class=\"size-full wp-image-150 aligncenter\" src=\"\/wp-content\/uploads\/2016\/10\/heading-underline.png\" alt=\"heading-underline\" width=\"309\" height=\"12\" srcset=\"https:\/\/cryomedpro.com\/wp-content\/uploads\/2016\/10\/heading-underline.png 309w, https:\/\/cryomedpro.com\/wp-content\/uploads\/2016\/10\/heading-underline-300x12.png 300w\" sizes=\"(max-width: 309px) 100vw, 309px\" \/><\/p>\n<p>[\/et_pb_text][et_pb_code admin_label=&#8221;Code&#8221;]&lt;iframe src=&#8221;https:\/\/www.youtube.com\/embed\/bZarZ7LsTx4&#8243; width=&#8221;560&#8243; height=&#8221;315&#8243; frameborder=&#8221;0&#8243; allowfullscreen=&#8221;allowfullscreen&#8221;&gt;&lt;\/iframe&gt;[\/et_pb_code][et_pb_text admin_label=&#8221;Text&#8221; background_layout=&#8221;light&#8221; text_orientation=&#8221;left&#8221; use_border_color=&#8221;off&#8221; border_color=&#8221;#ffffff&#8221; border_style=&#8221;solid&#8221;]<\/p>\n<h3>Cryofan CF-04+&#8217;n\u0131n sa\u011fl\u0131k profesyonellerine sa\u011flad\u0131\u011f\u0131 yararlar<\/h3>\n<p>B\u00f6lgesel kriyoterapi cihaz\u0131m\u0131z sa\u011fl\u0131k tesislerinin ihtiya\u00e7lar\u0131na odaklan\u0131larak geli\u015ftirilmi\u015ftir. Size kolayl\u0131k sa\u011flamas\u0131 i\u00e7in:<\/p>\n<ul>\n<li style=\"font-weight: 400;\"><strong>ta\u015f\u0131nabilir:<\/strong> Cryofan CF-04+&#8217;n\u0131n Dewar tanks\u0131z a\u011f\u0131rl\u0131\u011f\u0131 sadece 3,7 kg&#8217;d\u0131r, bu ta\u015f\u0131may\u0131 ve kullan\u0131m\u0131 kolayla\u015ft\u0131r\u0131r; ayr\u0131ca fazla yer kaplamaz;<\/li>\n<li style=\"font-weight: 400;\"><strong>g\u00fcvenilir:<\/strong> bu kriyojenik \u00fcfleyici, T\u00dcV Rheinland gerekliliklilerine tabi t\u00fcm t\u0131bbi sertifikalardan ge\u00e7mi\u015ftir;<\/li>\n<li style=\"font-weight: 400;\"><strong>kullan\u0131m\u0131 basit:<\/strong> personeliniz bir saatten k\u0131sa bir s\u00fcrede g\u00fcvenli \u015fekilde kullanabilir;<\/li>\n<li style=\"font-weight: 400;\"><strong>ekonomik:<\/strong> bu model, di\u011fer kriyo \u00fcfleyicilere nazaran piyasadaki en d\u00fc\u015f\u00fck azot t\u00fcketimine sahiptir (10 dakikal\u0131k bir seans i\u00e7in sadece 0.75 litre);<\/li>\n<li style=\"font-weight: 400;\"><strong>verimli:<\/strong> en iyi sonu\u00e7 i\u00e7in sabit so\u011futma sa\u011flar.<\/li>\n<\/ul>\n<p>[\/et_pb_text][\/et_pb_column][\/et_pb_row][et_pb_row admin_label=&#8221;Row&#8221;][et_pb_column type=&#8221;4_4&#8243;][et_pb_text admin_label=&#8221;Text&#8221; background_layout=&#8221;light&#8221; text_orientation=&#8221;center&#8221; use_border_color=&#8221;off&#8221; border_style=&#8221;solid&#8221; disabled=&#8221;off&#8221; saved_tabs=&#8221;all&#8221; border_color=&#8221;#ffffff&#8221;]<\/p>\n<h2 style=\"text-align: center;\">Teknik \u00f6zellikleri<\/h2>\n<p><img decoding=\"async\" loading=\"lazy\" class=\"size-full wp-image-150 aligncenter\" src=\"\/wp-content\/uploads\/2016\/10\/heading-underline.png\" alt=\"heading-underline\" width=\"309\" height=\"12\" srcset=\"https:\/\/cryomedpro.com\/wp-content\/uploads\/2016\/10\/heading-underline.png 309w, https:\/\/cryomedpro.com\/wp-content\/uploads\/2016\/10\/heading-underline-300x12.png 300w\" sizes=\"(max-width: 309px) 100vw, 309px\" \/><\/p>\n<p>[\/et_pb_text][et_pb_text admin_label=&#8221;Text&#8221; background_layout=&#8221;light&#8221; text_orientation=&#8221;left&#8221; use_border_color=&#8221;off&#8221; border_color=&#8221;#ffffff&#8221; border_style=&#8221;solid&#8221;]<\/p>\n<table class=\"prod_full_attributes\" style=\"background-color: #e6ffff;\">\n<tbody>\n<tr class=\"\">\n<th>\u00d6zellik<\/th>\n<th>De\u011fer<\/th>\n<\/tr>\n<tr class=\"alt\">\n<td>G\u00fc\u00e7 kayna\u011f\u0131<\/td>\n<td>100-240 VAC, 50\/60 Hz<\/td>\n<\/tr>\n<tr class=\"\">\n<td>Maksimum g\u00fc\u00e7 t\u00fcketimi<\/td>\n<td>0.28 kW<\/td>\n<\/tr>\n<tr class=\"alt\">\n<td>Cryofan \u00fcnitesinin a\u011f\u0131rl\u0131\u011f\u0131<\/td>\n<td>3,7 kg<\/td>\n<\/tr>\n<tr class=\"\">\n<td>Boru uzunlu\u011fu<\/td>\n<td>1,4 m<\/td>\n<\/tr>\n<tr class=\"alt\">\n<td>\u00d6n so\u011futma s\u00fcresi (-100\u00ba \u0421)<\/td>\n<td>4 dakikadan az<\/td>\n<\/tr>\n<tr class=\"\">\n<td>Gaz ak\u0131\u015f\u0131 s\u0131cakl\u0131\u011f\u0131 (max.)<\/td>\n<td>-120\u00ba \u0421<\/td>\n<\/tr>\n<tr class=\"alt\">\n<td>Tek seanstaki s\u0131v\u0131 azot t\u00fcketimi (10 dak., -100\u00ba \u0421)<\/td>\n<td>0.75 l (0.6 kg)<\/td>\n<\/tr>\n<tr class=\"\">\n<td>Koruma<\/td>\n<td>IP50<\/td>\n<\/tr>\n<\/tbody>\n<\/table>\n<p>[\/et_pb_text][et_pb_text admin_label=&#8221;Text&#8221; background_layout=&#8221;light&#8221; text_orientation=&#8221;center&#8221; use_border_color=&#8221;off&#8221; border_style=&#8221;solid&#8221; disabled=&#8221;off&#8221; saved_tabs=&#8221;all&#8221; border_color=&#8221;#ffffff&#8221;]<\/p>\n<h3 style=\"text-align: center;\">Cryofan CF-04+ ve di\u011fer b\u00f6lgesel kriyoterapi cihazlar\u0131 aras\u0131ndaki fark nedir?<\/h3>\n<p><img decoding=\"async\" loading=\"lazy\" class=\"size-full wp-image-150 aligncenter\" src=\"\/wp-content\/uploads\/2016\/10\/heading-underline.png\" alt=\"heading-underline\" width=\"309\" height=\"12\" srcset=\"https:\/\/cryomedpro.com\/wp-content\/uploads\/2016\/10\/heading-underline.png 309w, https:\/\/cryomedpro.com\/wp-content\/uploads\/2016\/10\/heading-underline-300x12.png 300w\" sizes=\"(max-width: 309px) 100vw, 309px\" \/><\/p>\n<p>[\/et_pb_text][et_pb_text admin_label=&#8221;Text&#8221; background_layout=&#8221;light&#8221; text_orientation=&#8221;left&#8221; use_border_color=&#8221;off&#8221; border_color=&#8221;#ffffff&#8221; border_style=&#8221;solid&#8221;]<\/p>\n<table class=\"prod_full_attributes\" style=\"background-color: #e6ffff;\">\n<tbody>\n<tr>\n<td><b>Model<\/b><\/td>\n<td><strong>A\u011f\u0131rl\u0131k<\/strong><\/td>\n<td><strong>\u00d6n so\u011futma s\u00fcresi<\/strong><\/td>\n<td><strong>Gaz ak\u0131\u015f\u0131 s\u0131cakl\u0131\u011f\u0131, maks.<\/strong><\/td>\n<td><strong>Tedavi ba\u015f\u0131na azot t\u00fcketimi (10 dk.)<\/strong><\/td>\n<td><strong>T\u0131bbi sertifika<\/strong><\/td>\n<\/tr>\n<tr>\n<td><a href=\"https:\/\/cryomedpro.com\/tr\/cryofan\/\"><span style=\"font-weight: 400;\">Cryofan CF-04<\/span><\/a><\/td>\n<td><strong>3.7 kg<\/strong><\/td>\n<td>4 dakikaya kadar<\/td>\n<td><span style=\"font-weight: 400;\">-120\u00ba \u0421<\/span><\/td>\n<td><strong>0,6 kg<\/strong><\/td>\n<td>Hay\u0131r<\/td>\n<\/tr>\n<tr>\n<td><a href=\"https:\/\/cryomedpro.com\/tr\/cryofan-cf-05\/\"><span style=\"font-weight: 400;\">Cryofan CF-05<\/span><\/a><\/td>\n<td><span style=\"font-weight: 400;\">23.3 kg<\/span><\/td>\n<td><strong>3 dakikaya kadar<\/strong><\/td>\n<td><strong>-130\u00ba \u0421<\/strong><\/td>\n<td><span style=\"font-weight: 400;\">0,7kg<\/span><\/td>\n<td>Hay\u0131r<\/td>\n<\/tr>\n<tr>\n<td><span style=\"font-weight: 400;\">Cryofan CF-04+<\/span><\/td>\n<td><strong>3.7 kg<\/strong><\/td>\n<td>4 dakikaya kadar<\/td>\n<td><span style=\"font-weight: 400;\">-120\u00ba \u0421<\/span><\/td>\n<td><strong>0,6 kg<\/strong><\/td>\n<td><strong>Evet<\/strong><\/td>\n<\/tr>\n<\/tbody>\n<\/table>\n<p>[\/et_pb_text][\/et_pb_column][\/et_pb_row][et_pb_row admin_label=&#8221;Row&#8221;][et_pb_column type=&#8221;4_4&#8243;][et_pb_text admin_label=&#8221;Text&#8221; background_layout=&#8221;light&#8221; text_orientation=&#8221;center&#8221; use_border_color=&#8221;off&#8221; border_style=&#8221;solid&#8221; disabled=&#8221;off&#8221; saved_tabs=&#8221;all&#8221; border_color=&#8221;#ffffff&#8221;]<\/p>\n<h3 style=\"text-align: center;\">B\u00f6lgesel kriyoterapi cihaz\u0131 resimleri<\/h3>\n<p><img decoding=\"async\" loading=\"lazy\" class=\"size-full wp-image-150 aligncenter\" src=\"\/wp-content\/uploads\/2016\/10\/heading-underline.png\" alt=\"heading-underline\" width=\"309\" height=\"12\" srcset=\"https:\/\/cryomedpro.com\/wp-content\/uploads\/2016\/10\/heading-underline.png 309w, https:\/\/cryomedpro.com\/wp-content\/uploads\/2016\/10\/heading-underline-300x12.png 300w\" sizes=\"(max-width: 309px) 100vw, 309px\" \/><\/p>\n<p>[\/et_pb_text][et_pb_gallery admin_label=&#8221;Gallery&#8221; gallery_ids=&#8221;56495,56476,56457&#8243; fullwidth=&#8221;on&#8221; show_title_and_caption=&#8221;on&#8221; show_pagination=&#8221;on&#8221; background_layout=&#8221;light&#8221; auto=&#8221;on&#8221; hover_overlay_color=&#8221;rgba(255,255,255,0.9)&#8221; caption_all_caps=&#8221;off&#8221; use_border_color=&#8221;off&#8221; border_color=&#8221;#ffffff&#8221; border_style=&#8221;solid&#8221;]<\/p>\n<p>&nbsp;<\/p>\n<p>[\/et_pb_gallery][et_pb_text admin_label=&#8221;Text&#8221; background_layout=&#8221;light&#8221; text_orientation=&#8221;left&#8221; use_border_color=&#8221;off&#8221; border_color=&#8221;#ffffff&#8221; border_style=&#8221;solid&#8221;]<\/p>\n<h2>Kriyoterapi tedavisi i\u00e7in t\u0131bbi cihazlar<\/h2>\n<p>\u0130lgili t\u00fcm sertifikalar\u0131n gerektirdi\u011fi \u015fartlara tabi t\u0131bbi cihazlar \u00fcretiyoruz; bu y\u00fczden g\u00fcvenlik, kalite ve verimlilik \u00f6ncelikli de\u011ferlerimiz. T\u0131bbi \u00fcr\u00fcnlerimiz t\u00fcketicilerin sa\u011fl\u0131\u011f\u0131 i\u00e7in g\u00fcvenlidir ve \u00e7evreye zarar vermez.<\/p>\n<p>Cryomed hem b\u00f6lgesel hem de tam v\u00fccut kriyoterapisi i\u00e7in ekipmanlar \u00fcretir. Kullan\u0131m ama\u00e7lar\u0131n\u0131za ba\u011fl\u0131 olarak, t\u00fcm v\u00fccut kriyoterapi tedavisi i\u00e7in Cryomed One+ veya Cryomed Pro+ kriyosaunalar\u0131 veya b\u00f6lgesel veya noktasal tedaviler i\u00e7in Cryofan CF-04+&#8217;y\u0131 se\u00e7ebilirsiniz.<\/p>\n<p>[\/et_pb_text][et_pb_button admin_label=&#8221;Button&#8221; url_new_window=&#8221;off&#8221; button_text=&#8221;F\u0130YAT B\u0130LG\u0130S\u0130 TALEP ED\u0130N&#8221; button_alignment=&#8221;center&#8221; background_layout=&#8221;dark&#8221; module_class=&#8221;popmake-contact-form-tr&#8221; custom_button=&#8221;on&#8221; button_text_size=&#8221;15&#8243; button_text_color=&#8221;#ffffff&#8221; button_bg_color=&#8221;#8fd400&#8243; button_border_width=&#8221;0&#8243; button_letter_spacing=&#8221;0&#8243; button_use_icon=&#8221;off&#8221; button_icon_placement=&#8221;right&#8221; button_on_hover=&#8221;on&#8221; button_bg_color_hover=&#8221;#b0d369&#8243; button_letter_spacing_hover=&#8221;0&#8243; disabled=&#8221;off&#8221; saved_tabs=&#8221;all&#8221;]<\/p>\n<p>&nbsp;<\/p>\n<p>[\/et_pb_button][\/et_pb_column][\/et_pb_row][\/et_pb_section]<\/p>\n","protected":false},"excerpt":{"rendered":"<p>[et_pb_section admin_label=&#8221;section&#8221; background_image=&#8221;https:\/\/cryomedpro.com\/wp-content\/uploads\/2016\/12\/784743-blue-crystals-frost-macro.jpg&#8221; transparent_background=&#8221;off&#8221; allow_player_pause=&#8221;off&#8221; inner_shadow=&#8221;off&#8221; parallax=&#8221;off&#8221; parallax_method=&#8221;off&#8221; custom_padding=&#8221;3px|0px|4px|0px&#8221; padding_mobile=&#8221;off&#8221; make_fullwidth=&#8221;off&#8221; use_custom_width=&#8221;off&#8221; width_unit=&#8221;on&#8221; make_equal=&#8221;off&#8221; use_custom_gutter=&#8221;off&#8221; fullwidth=&#8221;off&#8221; specialty=&#8221;off&#8221; module_class=&#8221;ns-banner&#8221; disabled=&#8221;off&#8221;][et_pb_row admin_label=&#8221;row&#8221; make_fullwidth=&#8221;off&#8221; use_custom_width=&#8221;off&#8221; width_unit=&#8221;off&#8221; custom_width_px=&#8221;1080px&#8221; custom_width_percent=&#8221;80%&#8221; use_custom_gutter=&#8221;off&#8221; gutter_width=&#8221;3&#8243; custom_padding=&#8221;21px|0px|21.45px|0px&#8221; padding_mobile=&#8221;off&#8221; allow_player_pause=&#8221;off&#8221; parallax=&#8221;off&#8221; parallax_method=&#8221;on&#8221; make_equal=&#8221;off&#8221; column_padding_mobile=&#8221;on&#8221; parallax_1=&#8221;off&#8221; parallax_method_1=&#8221;on&#8221; parallax_2=&#8221;off&#8221; parallax_method_2=&#8221;on&#8221; parallax_3=&#8221;off&#8221; parallax_method_3=&#8221;on&#8221; parallax_4=&#8221;off&#8221; parallax_method_4=&#8221;on&#8221; disabled=&#8221;off&#8221;][et_pb_column type=&#8221;4_4&#8243;][et_pb_text admin_label=&#8221;Text&#8221; background_layout=&#8221;dark&#8221; text_orientation=&#8221;center&#8221; use_border_color=&#8221;off&#8221; border_style=&#8221;solid&#8221; disabled=&#8221;off&#8221; border_color=&#8221;#ffffff&#8221;] Cryofan CF-04+ [\/et_pb_text][\/et_pb_column][\/et_pb_row][\/et_pb_section][et_pb_section admin_label=&#8221;Section&#8221; [&hellip;]<\/p>\n","protected":false},"author":2,"featured_media":0,"parent":0,"menu_order":0,"comment_status":"closed","ping_status":"closed","template":"","meta":[],"tags":[1547,1549,1548],"yoast_head":"<!-- This site is optimized with the Yoast SEO plugin v20.0 - https:\/\/yoast.com\/wordpress\/plugins\/seo\/ -->\n<title>Cryofan CF-04+. B\u00f6lgesel ve tam v\u00fccut kriyoterapisinde k\u00fcresel bir lider olan Cryomed Manufacture s.r.o&#039;den b\u00f6lgesel kriyoterapi ekipman\u0131 sat\u0131n al\u0131n.<\/title>\n<meta name=\"description\" content=\"Cryofan \u0421F-04+, t\u0131p merkezlerinin ve sa\u011fl\u0131k kurumlar\u0131n\u0131n ihtiya\u00e7lar\u0131na g\u00f6re geli\u015ftirilmi\u015f b\u00f6lgesel kriyoterapiye \u00f6zel bir kriyo ekipman\u0131d\u0131r. T\u00fcm g\u00fcvenlik gereksinimlerine uygundur ve gerekli t\u0131bbi sertifikalara sahiptir.\" \/>\n<meta name=\"robots\" content=\"index, follow, max-snippet:-1, max-image-preview:large, max-video-preview:-1\" \/>\n<link rel=\"canonical\" href=\"https:\/\/cryomedpro.com\/tr\/cryofan-cf-04\/\" \/>\n<meta property=\"og:locale\" content=\"tr_TR\" \/>\n<meta property=\"og:type\" content=\"article\" \/>\n<meta property=\"og:title\" content=\"Cryofan CF-04+. B\u00f6lgesel ve tam v\u00fccut kriyoterapisinde k\u00fcresel bir lider olan Cryomed Manufacture s.r.o&#039;den b\u00f6lgesel kriyoterapi ekipman\u0131 sat\u0131n al\u0131n.\" \/>\n<meta property=\"og:description\" content=\"Cryofan \u0421F-04+, t\u0131p merkezlerinin ve sa\u011fl\u0131k kurumlar\u0131n\u0131n ihtiya\u00e7lar\u0131na g\u00f6re geli\u015ftirilmi\u015f b\u00f6lgesel kriyoterapiye \u00f6zel bir kriyo ekipman\u0131d\u0131r. T\u00fcm g\u00fcvenlik gereksinimlerine uygundur ve gerekli t\u0131bbi sertifikalara sahiptir.\" \/>\n<meta property=\"og:url\" content=\"https:\/\/cryomedpro.com\/tr\/cryofan-cf-04\/\" \/>\n<meta property=\"og:site_name\" content=\"Cryomed PRO\" \/>\n<meta property=\"article:modified_time\" content=\"2020-03-30T10:17:21+00:00\" \/>\n<meta property=\"og:image\" content=\"https:\/\/cryomedpro.com\/wp-content\/uploads\/2016\/10\/heading-underline.png\" \/>\n<meta name=\"twitter:card\" content=\"summary_large_image\" \/>\n<meta name=\"twitter:label1\" content=\"Tahmini okuma s\u00fcresi\" \/>\n\t<meta name=\"twitter:data1\" content=\"7 dakika\" \/>\n<!-- \/ Yoast SEO plugin. -->","yoast_head_json":{"title":"Cryofan CF-04+. B\u00f6lgesel ve tam v\u00fccut kriyoterapisinde k\u00fcresel bir lider olan Cryomed Manufacture s.r.o'den b\u00f6lgesel kriyoterapi ekipman\u0131 sat\u0131n al\u0131n.","description":"Cryofan \u0421F-04+, t\u0131p merkezlerinin ve sa\u011fl\u0131k kurumlar\u0131n\u0131n ihtiya\u00e7lar\u0131na g\u00f6re geli\u015ftirilmi\u015f b\u00f6lgesel kriyoterapiye \u00f6zel bir kriyo ekipman\u0131d\u0131r. T\u00fcm g\u00fcvenlik gereksinimlerine uygundur ve gerekli t\u0131bbi sertifikalara sahiptir.","robots":{"index":"index","follow":"follow","max-snippet":"max-snippet:-1","max-image-preview":"max-image-preview:large","max-video-preview":"max-video-preview:-1"},"canonical":"https:\/\/cryomedpro.com\/tr\/cryofan-cf-04\/","og_locale":"tr_TR","og_type":"article","og_title":"Cryofan CF-04+. B\u00f6lgesel ve tam v\u00fccut kriyoterapisinde k\u00fcresel bir lider olan Cryomed Manufacture s.r.o'den b\u00f6lgesel kriyoterapi ekipman\u0131 sat\u0131n al\u0131n.","og_description":"Cryofan \u0421F-04+, t\u0131p merkezlerinin ve sa\u011fl\u0131k kurumlar\u0131n\u0131n ihtiya\u00e7lar\u0131na g\u00f6re geli\u015ftirilmi\u015f b\u00f6lgesel kriyoterapiye \u00f6zel bir kriyo ekipman\u0131d\u0131r. T\u00fcm g\u00fcvenlik gereksinimlerine uygundur ve gerekli t\u0131bbi sertifikalara sahiptir.","og_url":"https:\/\/cryomedpro.com\/tr\/cryofan-cf-04\/","og_site_name":"Cryomed PRO","article_modified_time":"2020-03-30T10:17:21+00:00","og_image":[{"url":"https:\/\/cryomedpro.com\/wp-content\/uploads\/2016\/10\/heading-underline.png"}],"twitter_card":"summary_large_image","twitter_misc":{"Tahmini okuma s\u00fcresi":"7 dakika"},"schema":{"@context":"https:\/\/schema.org","@graph":[{"@type":"WebPage","@id":"https:\/\/cryomedpro.com\/tr\/cryofan-cf-04\/","url":"https:\/\/cryomedpro.com\/tr\/cryofan-cf-04\/","name":"Cryofan CF-04+. B\u00f6lgesel ve tam v\u00fccut kriyoterapisinde k\u00fcresel bir lider olan Cryomed Manufacture s.r.o'den b\u00f6lgesel kriyoterapi ekipman\u0131 sat\u0131n al\u0131n.","isPartOf":{"@id":"https:\/\/cryomedpro.com\/#website"},"datePublished":"2020-03-24T08:39:23+00:00","dateModified":"2020-03-30T10:17:21+00:00","description":"Cryofan \u0421F-04+, t\u0131p merkezlerinin ve sa\u011fl\u0131k kurumlar\u0131n\u0131n ihtiya\u00e7lar\u0131na g\u00f6re geli\u015ftirilmi\u015f b\u00f6lgesel kriyoterapiye \u00f6zel bir kriyo ekipman\u0131d\u0131r. T\u00fcm g\u00fcvenlik gereksinimlerine uygundur ve gerekli t\u0131bbi sertifikalara sahiptir.","breadcrumb":{"@id":"https:\/\/cryomedpro.com\/tr\/cryofan-cf-04\/#breadcrumb"},"inLanguage":"tr","potentialAction":[{"@type":"ReadAction","target":["https:\/\/cryomedpro.com\/tr\/cryofan-cf-04\/"]}]},{"@type":"BreadcrumbList","@id":"https:\/\/cryomedpro.com\/tr\/cryofan-cf-04\/#breadcrumb","itemListElement":[{"@type":"ListItem","position":1,"name":"Home","item":"https:\/\/cryomedpro.com\/tr\/"},{"@type":"ListItem","position":2,"name":"Cryofan CF-04+"}]},{"@type":"WebSite","@id":"https:\/\/cryomedpro.com\/#website","url":"https:\/\/cryomedpro.com\/","name":"Cryomed PRO","description":"Cryosaunas Worldwide","publisher":{"@id":"https:\/\/cryomedpro.com\/#\/schema\/person\/752b92c38fb6f6c5052ef7763f4d79eb"},"potentialAction":[{"@type":"SearchAction","target":{"@type":"EntryPoint","urlTemplate":"https:\/\/cryomedpro.com\/?s={search_term_string}"},"query-input":"required name=search_term_string"}],"inLanguage":"tr"},{"@type":["Person","Organization"],"@id":"https:\/\/cryomedpro.com\/#\/schema\/person\/752b92c38fb6f6c5052ef7763f4d79eb","name":"healthycold","image":{"@type":"ImageObject","inLanguage":"tr","@id":"https:\/\/cryomedpro.com\/#\/schema\/person\/image\/","url":"https:\/\/secure.gravatar.com\/avatar\/bbe2f3ec78281a56dba108d1bf0f9ffa?s=96&d=mm&r=g","contentUrl":"https:\/\/secure.gravatar.com\/avatar\/bbe2f3ec78281a56dba108d1bf0f9ffa?s=96&d=mm&r=g","caption":"healthycold"},"logo":{"@id":"https:\/\/cryomedpro.com\/#\/schema\/person\/image\/"}}]}},"_links":{"self":[{"href":"https:\/\/cryomedpro.com\/tr\/wp-json\/wp\/v2\/pages\/56796"}],"collection":[{"href":"https:\/\/cryomedpro.com\/tr\/wp-json\/wp\/v2\/pages"}],"about":[{"href":"https:\/\/cryomedpro.com\/tr\/wp-json\/wp\/v2\/types\/page"}],"author":[{"embeddable":true,"href":"https:\/\/cryomedpro.com\/tr\/wp-json\/wp\/v2\/users\/2"}],"replies":[{"embeddable":true,"href":"https:\/\/cryomedpro.com\/tr\/wp-json\/wp\/v2\/comments?post=56796"}],"version-history":[{"count":0,"href":"https:\/\/cryomedpro.com\/tr\/wp-json\/wp\/v2\/pages\/56796\/revisions"}],"wp:attachment":[{"href":"https:\/\/cryomedpro.com\/tr\/wp-json\/wp\/v2\/media?parent=56796"}],"wp:term":[{"taxonomy":"post_tag","embeddable":true,"href":"https:\/\/cryomedpro.com\/tr\/wp-json\/wp\/v2\/tags?post=56796"}],"curies":[{"name":"wp","href":"https:\/\/api.w.org\/{rel}","templated":true}]}}