{"id":8186,"date":"2016-10-25T14:13:04","date_gmt":"2016-10-25T12:13:04","guid":{"rendered":"https:\/\/cryomedpro.com\/articles\/"},"modified":"2019-11-29T20:50:31","modified_gmt":"2019-11-29T19:50:31","slug":"articles","status":"publish","type":"page","link":"https:\/\/cryomedpro.com\/tr\/articles\/","title":{"rendered":"Makaleler"},"content":{"rendered":"<p>[et_pb_section admin_label=&#8221;section&#8221; background_image=&#8221;https:\/\/cryomedpro.com\/wp-content\/uploads\/2016\/12\/cave-blue.jpg&#8221; transparent_background=&#8221;off&#8221; allow_player_pause=&#8221;off&#8221; inner_shadow=&#8221;off&#8221; parallax=&#8221;off&#8221; parallax_method=&#8221;off&#8221; custom_padding=&#8221;4px|0px|0px|0px&#8221; padding_mobile=&#8221;off&#8221; make_fullwidth=&#8221;off&#8221; use_custom_width=&#8221;off&#8221; width_unit=&#8221;on&#8221; custom_width_px=&#8221;1080px&#8221; custom_width_percent=&#8221;80%&#8221; make_equal=&#8221;off&#8221; use_custom_gutter=&#8221;off&#8221; fullwidth=&#8221;off&#8221; specialty=&#8221;off&#8221; module_class=&#8221;ns-banner&#8221; disabled=&#8221;off&#8221;][et_pb_row admin_label=&#8221;row&#8221; make_fullwidth=&#8221;off&#8221; use_custom_width=&#8221;off&#8221; width_unit=&#8221;off&#8221; custom_width_px=&#8221;1080px&#8221; custom_width_percent=&#8221;80%&#8221; use_custom_gutter=&#8221;off&#8221; gutter_width=&#8221;3&#8243; custom_padding=&#8221;21px|0px|18px|0px&#8221; padding_mobile=&#8221;off&#8221; allow_player_pause=&#8221;off&#8221; parallax=&#8221;off&#8221; parallax_method=&#8221;on&#8221; make_equal=&#8221;off&#8221; column_padding_mobile=&#8221;on&#8221; parallax_1=&#8221;off&#8221; parallax_method_1=&#8221;on&#8221; parallax_2=&#8221;off&#8221; parallax_method_2=&#8221;on&#8221; parallax_3=&#8221;off&#8221; parallax_method_3=&#8221;on&#8221; parallax_4=&#8221;off&#8221; parallax_method_4=&#8221;on&#8221; disabled=&#8221;off&#8221;][et_pb_column type=&#8221;4_4&#8243;][et_pb_text admin_label=&#8221;Text&#8221; background_layout=&#8221;dark&#8221; text_orientation=&#8221;center&#8221; use_border_color=&#8221;off&#8221; border_style=&#8221;solid&#8221; disabled=&#8221;off&#8221; saved_tabs=&#8221;all&#8221; border_color=&#8221;#ffffff&#8221;]<\/p>\n<h1 style=\"text-align: center;\">Haberler ve Makaleler<\/h1>\n<p><img decoding=\"async\" loading=\"lazy\" class=\"size-full wp-image-150 aligncenter\" src=\"\/wp-content\/uploads\/2016\/10\/heading-underline.png\" alt=\"heading-underline\" width=\"309\" height=\"12\" srcset=\"https:\/\/cryomedpro.com\/wp-content\/uploads\/2016\/10\/heading-underline.png 309w, https:\/\/cryomedpro.com\/wp-content\/uploads\/2016\/10\/heading-underline-300x12.png 300w\" sizes=\"(max-width: 309px) 100vw, 309px\" \/><\/p>\n<p>[\/et_pb_text][\/et_pb_column][\/et_pb_row][\/et_pb_section][et_pb_section admin_label=&#8221;Section&#8221; fullwidth=&#8221;off&#8221; specialty=&#8221;off&#8221; transparent_background=&#8221;off&#8221; allow_player_pause=&#8221;off&#8221; inner_shadow=&#8221;off&#8221; parallax=&#8221;off&#8221; parallax_method=&#8221;off&#8221; custom_padding=&#8221;15px|0px|0px|0px&#8221; padding_mobile=&#8221;off&#8221; make_fullwidth=&#8221;off&#8221; use_custom_width=&#8221;off&#8221; width_unit=&#8221;on&#8221; make_equal=&#8221;off&#8221; use_custom_gutter=&#8221;off&#8221;][et_pb_row admin_label=&#8221;Row&#8221; make_fullwidth=&#8221;off&#8221; use_custom_width=&#8221;off&#8221; width_unit=&#8221;on&#8221; use_custom_gutter=&#8221;off&#8221; padding_mobile=&#8221;off&#8221; allow_player_pause=&#8221;off&#8221; parallax=&#8221;off&#8221; parallax_method=&#8221;off&#8221; make_equal=&#8221;off&#8221; parallax_1=&#8221;off&#8221; parallax_method_1=&#8221;off&#8221; column_padding_mobile=&#8221;on&#8221; custom_padding=&#8221;0px|0px|0px|0px&#8221;][et_pb_column type=&#8221;4_4&#8243;][et_pb_code admin_label=&#8221;Code&#8221;]\tCryo\n<span><span><a href=\"https:\/\/cryomedpro.com\/tr\/\">Home<\/a><\/span><\/span>[\/et_pb_code][\/et_pb_column][\/et_pb_row][\/et_pb_section][et_pb_section admin_label=&#8221;Section&#8221; transparent_background=&#8221;off&#8221; allow_player_pause=&#8221;off&#8221; inner_shadow=&#8221;off&#8221; parallax=&#8221;off&#8221; parallax_method=&#8221;on&#8221; custom_padding=&#8221;15px|0px|15px|0px&#8221; padding_mobile=&#8221;off&#8221; make_fullwidth=&#8221;off&#8221; use_custom_width=&#8221;off&#8221; width_unit=&#8221;off&#8221; make_equal=&#8221;off&#8221; use_custom_gutter=&#8221;off&#8221; fullwidth=&#8221;off&#8221; specialty=&#8221;off&#8221; disabled=&#8221;off&#8221;][et_pb_row admin_label=&#8221;Row&#8221; make_fullwidth=&#8221;off&#8221; use_custom_width=&#8221;off&#8221; width_unit=&#8221;off&#8221; use_custom_gutter=&#8221;off&#8221; padding_mobile=&#8221;off&#8221; allow_player_pause=&#8221;off&#8221; parallax=&#8221;off&#8221; parallax_method=&#8221;on&#8221; make_equal=&#8221;off&#8221; column_padding_mobile=&#8221;on&#8221; parallax_1=&#8221;off&#8221; parallax_method_1=&#8221;on&#8221; parallax_2=&#8221;off&#8221; parallax_method_2=&#8221;on&#8221; parallax_3=&#8221;off&#8221; parallax_method_3=&#8221;on&#8221; parallax_4=&#8221;off&#8221; parallax_method_4=&#8221;on&#8221; disabled=&#8221;off&#8221; custom_padding=&#8221;15px|0px|15px|0px&#8221;][et_pb_column type=&#8221;4_4&#8243;][et_pb_text admin_label=&#8221;Text&#8221; background_layout=&#8221;light&#8221; text_orientation=&#8221;left&#8221; use_border_color=&#8221;off&#8221; border_style=&#8221;solid&#8221; disabled=&#8221;off&#8221; border_color=&#8221;#ffffff&#8221;]<\/p>\n<p>Sa\u011fl\u0131k ve zindelik, atletik v\u00fccut yap\u0131s\u0131n\u0131 yenileme, kilo verme, g\u00fczellik uygulamalar\u0131 ve ya\u015fl\u0131l\u0131k etkilerini \u00f6nleme kriyoterapinin faydalar\u0131ndan baz\u0131lar\u0131d\u0131r. T\u00fcm V\u00fccut Kriyoterapisinin a\u011fr\u0131lar\u0131 azaltma, atletik v\u00fccut yap\u0131s\u0131n\u0131 yenileme, kaslar\u0131 gev\u015fetme ve di\u011fer t\u00fcm etkileriyle ilgili en g\u00fcncel bilimsel makalelere, ara\u015ft\u0131rmalara ve klinik \u00e7al\u0131\u015fmalara g\u00f6z at\u0131n.<\/p>\n<p>[\/et_pb_text][\/et_pb_column][\/et_pb_row][\/et_pb_section][et_pb_section admin_label=&#8221;Section&#8221; transparent_background=&#8221;off&#8221; allow_player_pause=&#8221;off&#8221; inner_shadow=&#8221;off&#8221; parallax=&#8221;off&#8221; parallax_method=&#8221;on&#8221; custom_padding=&#8221;0px|0px|0px|0px&#8221; padding_mobile=&#8221;off&#8221; make_fullwidth=&#8221;off&#8221; use_custom_width=&#8221;off&#8221; width_unit=&#8221;off&#8221; make_equal=&#8221;off&#8221; use_custom_gutter=&#8221;off&#8221; fullwidth=&#8221;off&#8221; specialty=&#8221;off&#8221; disabled=&#8221;off&#8221;][et_pb_row admin_label=&#8221;Row&#8221; make_fullwidth=&#8221;off&#8221; use_custom_width=&#8221;off&#8221; width_unit=&#8221;off&#8221; use_custom_gutter=&#8221;off&#8221; custom_padding=&#8221;0px|0px|0px|0px&#8221; padding_mobile=&#8221;off&#8221; allow_player_pause=&#8221;off&#8221; parallax=&#8221;off&#8221; parallax_method=&#8221;on&#8221; make_equal=&#8221;off&#8221; column_padding_mobile=&#8221;on&#8221; parallax_1=&#8221;off&#8221; parallax_method_1=&#8221;on&#8221; parallax_2=&#8221;off&#8221; parallax_method_2=&#8221;on&#8221; parallax_3=&#8221;off&#8221; parallax_method_3=&#8221;on&#8221; parallax_4=&#8221;off&#8221; parallax_method_4=&#8221;on&#8221; disabled=&#8221;off&#8221;][et_pb_column type=&#8221;4_4&#8243;][et_pb_blog admin_label=&#8221;Blog&#8221; fullwidth=&#8221;on&#8221; posts_number=&#8221;12&#8243; include_categories=&#8221;1,120,132&#8243; show_thumbnail=&#8221;on&#8221; show_content=&#8221;off&#8221; show_more=&#8221;on&#8221; show_author=&#8221;off&#8221; show_date=&#8221;on&#8221; show_categories=&#8221;off&#8221; show_comments=&#8221;off&#8221; show_pagination=&#8221;on&#8221; offset_number=&#8221;0&#8243; use_overlay=&#8221;on&#8221; background_layout=&#8221;light&#8221; use_dropshadow=&#8221;off&#8221; use_border_color=&#8221;off&#8221; border_color=&#8221;#ffffff&#8221; border_style=&#8221;solid&#8221;]<\/p>\n<p>[\/et_pb_blog][\/et_pb_column][\/et_pb_row][\/et_pb_section]<\/p>\n","protected":false},"excerpt":{"rendered":"<p>[et_pb_section admin_label=&#8221;section&#8221; background_image=&#8221;https:\/\/cryomedpro.com\/wp-content\/uploads\/2016\/12\/cave-blue.jpg&#8221; transparent_background=&#8221;off&#8221; allow_player_pause=&#8221;off&#8221; inner_shadow=&#8221;off&#8221; parallax=&#8221;off&#8221; parallax_method=&#8221;off&#8221; custom_padding=&#8221;4px|0px|0px|0px&#8221; padding_mobile=&#8221;off&#8221; make_fullwidth=&#8221;off&#8221; use_custom_width=&#8221;off&#8221; width_unit=&#8221;on&#8221; custom_width_px=&#8221;1080px&#8221; custom_width_percent=&#8221;80%&#8221; make_equal=&#8221;off&#8221; use_custom_gutter=&#8221;off&#8221; fullwidth=&#8221;off&#8221; specialty=&#8221;off&#8221; module_class=&#8221;ns-banner&#8221; disabled=&#8221;off&#8221;][et_pb_row admin_label=&#8221;row&#8221; make_fullwidth=&#8221;off&#8221; use_custom_width=&#8221;off&#8221; width_unit=&#8221;off&#8221; custom_width_px=&#8221;1080px&#8221; custom_width_percent=&#8221;80%&#8221; use_custom_gutter=&#8221;off&#8221; gutter_width=&#8221;3&#8243; custom_padding=&#8221;21px|0px|18px|0px&#8221; padding_mobile=&#8221;off&#8221; allow_player_pause=&#8221;off&#8221; parallax=&#8221;off&#8221; parallax_method=&#8221;on&#8221; make_equal=&#8221;off&#8221; column_padding_mobile=&#8221;on&#8221; parallax_1=&#8221;off&#8221; parallax_method_1=&#8221;on&#8221; parallax_2=&#8221;off&#8221; parallax_method_2=&#8221;on&#8221; parallax_3=&#8221;off&#8221; parallax_method_3=&#8221;on&#8221; parallax_4=&#8221;off&#8221; parallax_method_4=&#8221;on&#8221; disabled=&#8221;off&#8221;][et_pb_column type=&#8221;4_4&#8243;][et_pb_text admin_label=&#8221;Text&#8221; background_layout=&#8221;dark&#8221; text_orientation=&#8221;center&#8221; use_border_color=&#8221;off&#8221; border_style=&#8221;solid&#8221; disabled=&#8221;off&#8221; saved_tabs=&#8221;all&#8221; border_color=&#8221;#ffffff&#8221;] Haberler [&hellip;]<\/p>\n","protected":false},"author":1,"featured_media":0,"parent":0,"menu_order":0,"comment_status":"closed","ping_status":"closed","template":"","meta":[],"tags":[],"yoast_head":"<!-- This site is optimized with the Yoast SEO plugin v20.0 - https:\/\/yoast.com\/wordpress\/plugins\/seo\/ -->\n<title>Haberler ve Makaleler - Cryomed s.r.o.<\/title>\n<meta name=\"description\" content=\"Sa\u011fl\u0131k ve zindelik, atletik v\u00fccut yap\u0131s\u0131n\u0131 yenileme, kilo verme, g\u00fczellik uygulamalar\u0131 ve ya\u015fl\u0131l\u0131k etkilerini \u00f6nleme kriyoterapinin faydalar\u0131ndan baz\u0131lar\u0131d\u0131r. T\u00fcm V\u00fccut Kriyoterapisinin a\u011fr\u0131lar\u0131 azaltma, atletik v\u00fccut yap\u0131s\u0131n\u0131 yenileme, kaslar\u0131 gev\u015fetme ve di\u011fer t\u00fcm etkileriyle ilgili en g\u00fcncel bilimsel makalelere, ara\u015ft\u0131rmalara ve klinik \u00e7al\u0131\u015fmalara g\u00f6z at\u0131n.\" \/>\n<meta name=\"robots\" content=\"index, follow, max-snippet:-1, max-image-preview:large, max-video-preview:-1\" \/>\n<link rel=\"canonical\" href=\"https:\/\/cryomedpro.com\/tr\/articles\/\" \/>\n<meta property=\"og:locale\" content=\"tr_TR\" \/>\n<meta property=\"og:type\" content=\"article\" \/>\n<meta property=\"og:title\" content=\"Haberler ve Makaleler - Cryomed s.r.o.\" \/>\n<meta property=\"og:description\" content=\"Sa\u011fl\u0131k ve zindelik, atletik v\u00fccut yap\u0131s\u0131n\u0131 yenileme, kilo verme, g\u00fczellik uygulamalar\u0131 ve ya\u015fl\u0131l\u0131k etkilerini \u00f6nleme kriyoterapinin faydalar\u0131ndan baz\u0131lar\u0131d\u0131r. T\u00fcm V\u00fccut Kriyoterapisinin a\u011fr\u0131lar\u0131 azaltma, atletik v\u00fccut yap\u0131s\u0131n\u0131 yenileme, kaslar\u0131 gev\u015fetme ve di\u011fer t\u00fcm etkileriyle ilgili en g\u00fcncel bilimsel makalelere, ara\u015ft\u0131rmalara ve klinik \u00e7al\u0131\u015fmalara g\u00f6z at\u0131n.\" \/>\n<meta property=\"og:url\" content=\"https:\/\/cryomedpro.com\/tr\/articles\/\" \/>\n<meta property=\"og:site_name\" content=\"Cryomed PRO\" \/>\n<meta property=\"article:modified_time\" content=\"2019-11-29T19:50:31+00:00\" \/>\n<meta property=\"og:image\" content=\"https:\/\/cryomedpro.com\/wp-content\/uploads\/2016\/10\/heading-underline.png\" \/>\n<meta name=\"twitter:card\" content=\"summary_large_image\" \/>\n<meta name=\"twitter:label1\" content=\"Tahmini okuma s\u00fcresi\" \/>\n\t<meta name=\"twitter:data1\" content=\"4 dakika\" \/>\n<!-- \/ Yoast SEO plugin. -->","yoast_head_json":{"title":"Haberler ve Makaleler - Cryomed s.r.o.","description":"Sa\u011fl\u0131k ve zindelik, atletik v\u00fccut yap\u0131s\u0131n\u0131 yenileme, kilo verme, g\u00fczellik uygulamalar\u0131 ve ya\u015fl\u0131l\u0131k etkilerini \u00f6nleme kriyoterapinin faydalar\u0131ndan baz\u0131lar\u0131d\u0131r. T\u00fcm V\u00fccut Kriyoterapisinin a\u011fr\u0131lar\u0131 azaltma, atletik v\u00fccut yap\u0131s\u0131n\u0131 yenileme, kaslar\u0131 gev\u015fetme ve di\u011fer t\u00fcm etkileriyle ilgili en g\u00fcncel bilimsel makalelere, ara\u015ft\u0131rmalara ve klinik \u00e7al\u0131\u015fmalara g\u00f6z at\u0131n.","robots":{"index":"index","follow":"follow","max-snippet":"max-snippet:-1","max-image-preview":"max-image-preview:large","max-video-preview":"max-video-preview:-1"},"canonical":"https:\/\/cryomedpro.com\/tr\/articles\/","og_locale":"tr_TR","og_type":"article","og_title":"Haberler ve Makaleler - Cryomed s.r.o.","og_description":"Sa\u011fl\u0131k ve zindelik, atletik v\u00fccut yap\u0131s\u0131n\u0131 yenileme, kilo verme, g\u00fczellik uygulamalar\u0131 ve ya\u015fl\u0131l\u0131k etkilerini \u00f6nleme kriyoterapinin faydalar\u0131ndan baz\u0131lar\u0131d\u0131r. T\u00fcm V\u00fccut Kriyoterapisinin a\u011fr\u0131lar\u0131 azaltma, atletik v\u00fccut yap\u0131s\u0131n\u0131 yenileme, kaslar\u0131 gev\u015fetme ve di\u011fer t\u00fcm etkileriyle ilgili en g\u00fcncel bilimsel makalelere, ara\u015ft\u0131rmalara ve klinik \u00e7al\u0131\u015fmalara g\u00f6z at\u0131n.","og_url":"https:\/\/cryomedpro.com\/tr\/articles\/","og_site_name":"Cryomed PRO","article_modified_time":"2019-11-29T19:50:31+00:00","og_image":[{"url":"https:\/\/cryomedpro.com\/wp-content\/uploads\/2016\/10\/heading-underline.png"}],"twitter_card":"summary_large_image","twitter_misc":{"Tahmini okuma s\u00fcresi":"4 dakika"},"schema":{"@context":"https:\/\/schema.org","@graph":[{"@type":"WebPage","@id":"https:\/\/cryomedpro.com\/tr\/articles\/","url":"https:\/\/cryomedpro.com\/tr\/articles\/","name":"Haberler ve Makaleler - Cryomed s.r.o.","isPartOf":{"@id":"https:\/\/cryomedpro.com\/#website"},"datePublished":"2016-10-25T12:13:04+00:00","dateModified":"2019-11-29T19:50:31+00:00","description":"Sa\u011fl\u0131k ve zindelik, atletik v\u00fccut yap\u0131s\u0131n\u0131 yenileme, kilo verme, g\u00fczellik uygulamalar\u0131 ve ya\u015fl\u0131l\u0131k etkilerini \u00f6nleme kriyoterapinin faydalar\u0131ndan baz\u0131lar\u0131d\u0131r. T\u00fcm V\u00fccut Kriyoterapisinin a\u011fr\u0131lar\u0131 azaltma, atletik v\u00fccut yap\u0131s\u0131n\u0131 yenileme, kaslar\u0131 gev\u015fetme ve di\u011fer t\u00fcm etkileriyle ilgili en g\u00fcncel bilimsel makalelere, ara\u015ft\u0131rmalara ve klinik \u00e7al\u0131\u015fmalara g\u00f6z at\u0131n.","breadcrumb":{"@id":"https:\/\/cryomedpro.com\/tr\/articles\/#breadcrumb"},"inLanguage":"tr","potentialAction":[{"@type":"ReadAction","target":["https:\/\/cryomedpro.com\/tr\/articles\/"]}]},{"@type":"BreadcrumbList","@id":"https:\/\/cryomedpro.com\/tr\/articles\/#breadcrumb","itemListElement":[{"@type":"ListItem","position":1,"name":"Home","item":"https:\/\/cryomedpro.com\/tr\/"},{"@type":"ListItem","position":2,"name":"Makaleler"}]},{"@type":"WebSite","@id":"https:\/\/cryomedpro.com\/#website","url":"https:\/\/cryomedpro.com\/","name":"Cryomed PRO","description":"Cryosaunas Worldwide","publisher":{"@id":"https:\/\/cryomedpro.com\/#\/schema\/person\/752b92c38fb6f6c5052ef7763f4d79eb"},"potentialAction":[{"@type":"SearchAction","target":{"@type":"EntryPoint","urlTemplate":"https:\/\/cryomedpro.com\/?s={search_term_string}"},"query-input":"required name=search_term_string"}],"inLanguage":"tr"},{"@type":["Person","Organization"],"@id":"https:\/\/cryomedpro.com\/#\/schema\/person\/752b92c38fb6f6c5052ef7763f4d79eb","name":"healthycold","image":{"@type":"ImageObject","inLanguage":"tr","@id":"https:\/\/cryomedpro.com\/#\/schema\/person\/image\/","url":"https:\/\/secure.gravatar.com\/avatar\/bbe2f3ec78281a56dba108d1bf0f9ffa?s=96&d=mm&r=g","contentUrl":"https:\/\/secure.gravatar.com\/avatar\/bbe2f3ec78281a56dba108d1bf0f9ffa?s=96&d=mm&r=g","caption":"healthycold"},"logo":{"@id":"https:\/\/cryomedpro.com\/#\/schema\/person\/image\/"}}]}},"_links":{"self":[{"href":"https:\/\/cryomedpro.com\/tr\/wp-json\/wp\/v2\/pages\/8186"}],"collection":[{"href":"https:\/\/cryomedpro.com\/tr\/wp-json\/wp\/v2\/pages"}],"about":[{"href":"https:\/\/cryomedpro.com\/tr\/wp-json\/wp\/v2\/types\/page"}],"author":[{"embeddable":true,"href":"https:\/\/cryomedpro.com\/tr\/wp-json\/wp\/v2\/users\/1"}],"replies":[{"embeddable":true,"href":"https:\/\/cryomedpro.com\/tr\/wp-json\/wp\/v2\/comments?post=8186"}],"version-history":[{"count":0,"href":"https:\/\/cryomedpro.com\/tr\/wp-json\/wp\/v2\/pages\/8186\/revisions"}],"wp:attachment":[{"href":"https:\/\/cryomedpro.com\/tr\/wp-json\/wp\/v2\/media?parent=8186"}],"wp:term":[{"taxonomy":"post_tag","embeddable":true,"href":"https:\/\/cryomedpro.com\/tr\/wp-json\/wp\/v2\/tags?post=8186"}],"curies":[{"name":"wp","href":"https:\/\/api.w.org\/{rel}","templated":true}]}}