{"id":8191,"date":"2017-02-06T16:05:11","date_gmt":"2017-02-06T15:05:11","guid":{"rendered":"https:\/\/cryomedpro.com\/quality-and-certificates\/"},"modified":"2020-02-19T00:49:21","modified_gmt":"2020-02-18T23:49:21","slug":"quality-and-certificates","status":"publish","type":"page","link":"https:\/\/cryomedpro.com\/tr\/quality-and-certificates\/","title":{"rendered":"Kalite ve sertifikalar"},"content":{"rendered":"<p>[et_pb_section admin_label=&#8221;section&#8221; background_image=&#8221;https:\/\/cryomedpro.com\/wp-content\/uploads\/2016\/12\/784743-blue-crystals-frost-macro.jpg&#8221; transparent_background=&#8221;off&#8221; allow_player_pause=&#8221;off&#8221; inner_shadow=&#8221;off&#8221; parallax=&#8221;off&#8221; parallax_method=&#8221;off&#8221; custom_padding=&#8221;3px|0px|4px|0px&#8221; padding_mobile=&#8221;off&#8221; make_fullwidth=&#8221;off&#8221; use_custom_width=&#8221;off&#8221; width_unit=&#8221;on&#8221; make_equal=&#8221;off&#8221; use_custom_gutter=&#8221;off&#8221; fullwidth=&#8221;off&#8221; specialty=&#8221;off&#8221; module_class=&#8221;ns-banner&#8221; disabled=&#8221;off&#8221;][et_pb_row admin_label=&#8221;row&#8221; make_fullwidth=&#8221;off&#8221; use_custom_width=&#8221;off&#8221; width_unit=&#8221;off&#8221; custom_width_px=&#8221;1080px&#8221; custom_width_percent=&#8221;80%&#8221; use_custom_gutter=&#8221;off&#8221; gutter_width=&#8221;3&#8243; custom_padding=&#8221;21px|0px|21.45px|0px&#8221; padding_mobile=&#8221;off&#8221; allow_player_pause=&#8221;off&#8221; parallax=&#8221;off&#8221; parallax_method=&#8221;on&#8221; make_equal=&#8221;off&#8221; column_padding_mobile=&#8221;on&#8221; parallax_1=&#8221;off&#8221; parallax_method_1=&#8221;on&#8221; parallax_2=&#8221;off&#8221; parallax_method_2=&#8221;on&#8221; parallax_3=&#8221;off&#8221; parallax_method_3=&#8221;on&#8221; parallax_4=&#8221;off&#8221; parallax_method_4=&#8221;on&#8221; disabled=&#8221;off&#8221;][et_pb_column type=&#8221;4_4&#8243;][et_pb_text admin_label=&#8221;Text&#8221; background_layout=&#8221;dark&#8221; text_orientation=&#8221;center&#8221; use_border_color=&#8221;off&#8221; border_style=&#8221;solid&#8221; disabled=&#8221;off&#8221; border_color=&#8221;#ffffff&#8221;]<\/p>\n<h1 style=\"text-align: center;\">Kalite ve sertifikalar<\/h1>\n<p><img decoding=\"async\" loading=\"lazy\" class=\"size-full wp-image-150 aligncenter\" src=\"\/wp-content\/uploads\/2016\/10\/heading-underline.png\" alt=\"heading-underline\" width=\"309\" height=\"12\" srcset=\"https:\/\/cryomedpro.com\/wp-content\/uploads\/2016\/10\/heading-underline.png 309w, https:\/\/cryomedpro.com\/wp-content\/uploads\/2016\/10\/heading-underline-300x12.png 300w\" sizes=\"(max-width: 309px) 100vw, 309px\" \/><\/p>\n<p>[\/et_pb_text][\/et_pb_column][\/et_pb_row][\/et_pb_section][et_pb_section admin_label=&#8221;Section&#8221; fullwidth=&#8221;off&#8221; specialty=&#8221;off&#8221; transparent_background=&#8221;off&#8221; allow_player_pause=&#8221;off&#8221; inner_shadow=&#8221;off&#8221; parallax=&#8221;off&#8221; parallax_method=&#8221;off&#8221; custom_padding=&#8221;15px|0px|0px|0px&#8221; padding_mobile=&#8221;off&#8221; make_fullwidth=&#8221;off&#8221; use_custom_width=&#8221;off&#8221; width_unit=&#8221;on&#8221; make_equal=&#8221;off&#8221; use_custom_gutter=&#8221;off&#8221;][et_pb_row admin_label=&#8221;Row&#8221; make_fullwidth=&#8221;off&#8221; use_custom_width=&#8221;off&#8221; width_unit=&#8221;on&#8221; use_custom_gutter=&#8221;off&#8221; padding_mobile=&#8221;off&#8221; allow_player_pause=&#8221;off&#8221; parallax=&#8221;off&#8221; parallax_method=&#8221;off&#8221; make_equal=&#8221;off&#8221; parallax_1=&#8221;off&#8221; parallax_method_1=&#8221;off&#8221; column_padding_mobile=&#8221;on&#8221; custom_padding=&#8221;0px|0px|0px|0px&#8221;][et_pb_column type=&#8221;4_4&#8243;][et_pb_code admin_label=&#8221;Code&#8221;]\tCryo\n<span><span><a href=\"https:\/\/cryomedpro.com\/tr\/\">Home<\/a><\/span><\/span>[\/et_pb_code][\/et_pb_column][\/et_pb_row][\/et_pb_section][et_pb_section admin_label=&#8221;Section&#8221; transparent_background=&#8221;off&#8221; allow_player_pause=&#8221;off&#8221; inner_shadow=&#8221;off&#8221; parallax=&#8221;off&#8221; parallax_method=&#8221;on&#8221; padding_mobile=&#8221;off&#8221; make_fullwidth=&#8221;off&#8221; use_custom_width=&#8221;off&#8221; width_unit=&#8221;off&#8221; custom_width_px=&#8221;1080px&#8221; custom_width_percent=&#8221;80%&#8221; make_equal=&#8221;off&#8221; use_custom_gutter=&#8221;off&#8221; fullwidth=&#8221;off&#8221; specialty=&#8221;off&#8221; disabled=&#8221;off&#8221;][et_pb_row admin_label=&#8221;Row&#8221; make_fullwidth=&#8221;off&#8221; use_custom_width=&#8221;off&#8221; width_unit=&#8221;off&#8221; custom_width_px=&#8221;1080px&#8221; custom_width_percent=&#8221;80%&#8221; use_custom_gutter=&#8221;off&#8221; gutter_width=&#8221;3&#8243; padding_mobile=&#8221;off&#8221; allow_player_pause=&#8221;off&#8221; parallax=&#8221;off&#8221; parallax_method=&#8221;on&#8221; make_equal=&#8221;off&#8221; column_padding_mobile=&#8221;on&#8221; parallax_1=&#8221;off&#8221; parallax_method_1=&#8221;on&#8221; parallax_2=&#8221;off&#8221; parallax_method_2=&#8221;on&#8221; parallax_3=&#8221;off&#8221; parallax_method_3=&#8221;on&#8221; parallax_4=&#8221;off&#8221; parallax_method_4=&#8221;on&#8221; disabled=&#8221;off&#8221;][et_pb_column type=&#8221;4_4&#8243;][et_pb_text admin_label=&#8221;Text&#8221; background_layout=&#8221;light&#8221; text_orientation=&#8221;left&#8221; use_border_color=&#8221;off&#8221; border_style=&#8221;solid&#8221; disabled=&#8221;off&#8221; border_color=&#8221;#ffffff&#8221;]<\/p>\n<h2><span style=\"color: #666666;\">EC Uygunluk Belgesi<\/span><\/h2>\n<p><a href=\"https:\/\/cryomedpro.com\/wp-content\/uploads\/2020\/02\/TSU_Conformity_certificate_Cryosauna_PRO_a_ONE_Cryomed_Manufacture-01-scaled.jpg\"><img decoding=\"async\" loading=\"lazy\" class=\"alignleft wp-image-54625\" title=\"The Certificate of Conformity\" src=\"https:\/\/cryomedpro.com\/wp-content\/uploads\/2020\/02\/TSU_Conformity_certificate_Cryosauna_PRO_a_ONE_Cryomed_Manufacture-01-212x300.jpg\" alt=\"\" width=\"300\" height=\"424\" srcset=\"https:\/\/cryomedpro.com\/wp-content\/uploads\/2020\/02\/TSU_Conformity_certificate_Cryosauna_PRO_a_ONE_Cryomed_Manufacture-01-212x300.jpg 212w, https:\/\/cryomedpro.com\/wp-content\/uploads\/2020\/02\/TSU_Conformity_certificate_Cryosauna_PRO_a_ONE_Cryomed_Manufacture-01-724x1024.jpg 724w, https:\/\/cryomedpro.com\/wp-content\/uploads\/2020\/02\/TSU_Conformity_certificate_Cryosauna_PRO_a_ONE_Cryomed_Manufacture-01-768x1086.jpg 768w, https:\/\/cryomedpro.com\/wp-content\/uploads\/2020\/02\/TSU_Conformity_certificate_Cryosauna_PRO_a_ONE_Cryomed_Manufacture-01-1086x1536.jpg 1086w, https:\/\/cryomedpro.com\/wp-content\/uploads\/2020\/02\/TSU_Conformity_certificate_Cryosauna_PRO_a_ONE_Cryomed_Manufacture-01-1448x2048.jpg 1448w, https:\/\/cryomedpro.com\/wp-content\/uploads\/2020\/02\/TSU_Conformity_certificate_Cryosauna_PRO_a_ONE_Cryomed_Manufacture-01-1080x1527.jpg 1080w, https:\/\/cryomedpro.com\/wp-content\/uploads\/2020\/02\/TSU_Conformity_certificate_Cryosauna_PRO_a_ONE_Cryomed_Manufacture-01-scaled.jpg 1810w\" sizes=\"(max-width: 300px) 100vw, 300px\" \/><\/a><\/p>\n<p>EC Uygunluk Belgesi, Avrupa Ekonomik Alan\u0131 i\u00e7erisinde \u00fcretim yapabilmek i\u00e7in gereken \u00f6nemli bir belgedir.<\/p>\n<p>Uygunluk Belgesi, \u00fcr\u00fcn\u00fcn AB standartlar\u0131na uygun oldu\u011funu belgeleyen yasal bir belgedir. Sertifikan\u0131n verilmesi, CE i\u015faretinin \u00fcr\u00fcn\/\u00fcr\u00fcn etiketi \u00fczerinde yer almas\u0131n\u0131 zorunlu hale getirmektedir.<\/p>\n<p>(Conformit\u00e9Europ\u00e9enne \u2013 European Conformity\/Avrupa Uygunlu\u011fu) \u00fcr\u00fcn \u00fczerinde bulunur ve bu \u00fcr\u00fcn\u00fcn AB direktiflerine ve AB standartlar\u0131na uygun oldu\u011funu onaylar ve uygunluk de\u011ferlendirme prosed\u00fcr\u00fcn\u00fcn buna g\u00f6re yap\u0131ld\u0131\u011f\u0131n\u0131 g\u00f6sterir.<\/p>\n<p>CE i\u015fareti, bir \u00fcr\u00fcn\u00fcn t\u00fcketicilerin sa\u011fl\u0131\u011f\u0131 i\u00e7in g\u00fcvenli oldu\u011funu ve \u00e7evreye herhangi bir zarar\u0131n\u0131n olmad\u0131\u011f\u0131n\u0131 belirtir. CE i\u015fareti, AB \u00fclkelerinde yap\u0131lan \u00fcretimin AB insan g\u00fcvenli\u011fi, konut ve \u00e7evre standartlar\u0131na uygunlu\u011funu teyit eden tek i\u015farettir.<\/p>\n<p><a href=\"https:\/\/cryomedpro.com\/wp-content\/uploads\/2020\/02\/TSU_Conformity_certificate_Cryosauna_PRO_a_ONE_Cryomed_Manufacture-02-scaled.jpg\"><img decoding=\"async\" loading=\"lazy\" class=\"alignright wp-image-54646\" title=\"The Certificate of Conformity\" src=\"https:\/\/cryomedpro.com\/wp-content\/uploads\/2020\/02\/TSU_Conformity_certificate_Cryosauna_PRO_a_ONE_Cryomed_Manufacture-02-212x300.jpg\" alt=\"\" width=\"300\" height=\"424\" srcset=\"https:\/\/cryomedpro.com\/wp-content\/uploads\/2020\/02\/TSU_Conformity_certificate_Cryosauna_PRO_a_ONE_Cryomed_Manufacture-02-212x300.jpg 212w, https:\/\/cryomedpro.com\/wp-content\/uploads\/2020\/02\/TSU_Conformity_certificate_Cryosauna_PRO_a_ONE_Cryomed_Manufacture-02-724x1024.jpg 724w, https:\/\/cryomedpro.com\/wp-content\/uploads\/2020\/02\/TSU_Conformity_certificate_Cryosauna_PRO_a_ONE_Cryomed_Manufacture-02-768x1086.jpg 768w, https:\/\/cryomedpro.com\/wp-content\/uploads\/2020\/02\/TSU_Conformity_certificate_Cryosauna_PRO_a_ONE_Cryomed_Manufacture-02-1086x1536.jpg 1086w, https:\/\/cryomedpro.com\/wp-content\/uploads\/2020\/02\/TSU_Conformity_certificate_Cryosauna_PRO_a_ONE_Cryomed_Manufacture-02-1448x2048.jpg 1448w, https:\/\/cryomedpro.com\/wp-content\/uploads\/2020\/02\/TSU_Conformity_certificate_Cryosauna_PRO_a_ONE_Cryomed_Manufacture-02-1080x1527.jpg 1080w, https:\/\/cryomedpro.com\/wp-content\/uploads\/2020\/02\/TSU_Conformity_certificate_Cryosauna_PRO_a_ONE_Cryomed_Manufacture-02-scaled.jpg 1810w\" sizes=\"(max-width: 300px) 100vw, 300px\" \/><\/a><br \/>\nUygunluk Belgesi&#8217;nin al\u0131nmas\u0131 zorunlu de\u011fildir ancak bu belge \u00fcr\u00fcn\u00fc daha rekabet\u00e7i hale getirerek kaliteye verilen \u00f6nemi g\u00f6sterir ve ki\u015filerin kulland\u0131klar\u0131 \u00fcr\u00fcne g\u00fcven duymalar\u0131n\u0131 sa\u011flar. Bu belgeye sahip bir \u00fcr\u00fcn\u00fc satmak pazarlamac\u0131lar ve son t\u00fcketiciler a\u00e7\u0131s\u0131ndan memnuniyet kayna\u011f\u0131d\u0131r.<\/p>\n<p>3 y\u0131l i\u00e7in verilen bu sertifika, uzmanlar\u0131n \u00fcretim prosed\u00fcr\u00fcn\u00fc g\u00f6zden ge\u00e7irdiklerini, her \u015feyin m\u00fckemmel oldu\u011funu ve standartlar\u0131 kar\u015f\u0131lad\u0131\u011f\u0131n\u0131 kabul ettikleri anlam\u0131na gelmektedir.<\/p>\n<p>Cryomed s.r.o. taraf\u0131ndan en yeni so\u011fuk sauna modelimiz olan Cryomed PRO i\u00e7in ald\u0131\u011f\u0131m\u0131z Uygunluk Belgesi, ba\u015far\u0131lar\u0131m\u0131z\u0131n ve tecr\u00fcbelerimizin kabul edilerek onayland\u0131\u011f\u0131n\u0131n bir kan\u0131t\u0131d\u0131r.<\/p>\n<p><a href=\"https:\/\/cryomedpro.com\/tr\/cryomed-pro\/\">Cryomed PRO<\/a><b> \u015fu d\u00fczenlemelerle uyumludur:<\/b><\/p>\n<p>\u0415\u0421 Makine Direktifi<br \/>\nD\u00fc\u015f\u00fck Voltaj Direktifi<br \/>\nElektromanyetik Uyumluluk (EMC) Direktifi<\/p>\n<p>[\/et_pb_text][\/et_pb_column][\/et_pb_row][et_pb_row admin_label=&#8221;Row&#8221; make_fullwidth=&#8221;off&#8221; use_custom_width=&#8221;off&#8221; width_unit=&#8221;off&#8221; custom_width_px=&#8221;1080px&#8221; custom_width_percent=&#8221;80%&#8221; use_custom_gutter=&#8221;off&#8221; gutter_width=&#8221;3&#8243; padding_mobile=&#8221;off&#8221; allow_player_pause=&#8221;off&#8221; parallax=&#8221;off&#8221; parallax_method=&#8221;on&#8221; make_equal=&#8221;off&#8221; column_padding_mobile=&#8221;on&#8221; parallax_1=&#8221;off&#8221; parallax_method_1=&#8221;on&#8221; parallax_2=&#8221;off&#8221; parallax_method_2=&#8221;on&#8221; parallax_3=&#8221;off&#8221; parallax_method_3=&#8221;on&#8221; parallax_4=&#8221;off&#8221; parallax_method_4=&#8221;on&#8221; disabled=&#8221;off&#8221;][et_pb_column type=&#8221;4_4&#8243;][et_pb_text admin_label=&#8221;Text&#8221; background_layout=&#8221;light&#8221; text_orientation=&#8221;left&#8221; use_border_color=&#8221;off&#8221; border_style=&#8221;solid&#8221; disabled=&#8221;off&#8221; border_color=&#8221;#ffffff&#8221;]<\/p>\n<p><a href=\"\/wp-content\/uploads\/content\/cryom_ce_sx.jpg\"><img decoding=\"async\" loading=\"lazy\" class=\"alignleft\" src=\"\/wp-content\/uploads\/content\/cryom_ce_sx.jpg\" alt=\"ISO 13485:2016\" width=\"300\" height=\"425\" \/><\/a><\/p>\n<h2>ISO 13485:2016<\/h2>\n<p><strong>ISO 13485:2016<\/strong>, bir kurulu\u015fun, m\u00fc\u015fteri ihtiya\u00e7lar\u0131n\u0131 ve ge\u00e7erli yasal gereksinimleri s\u00fcrekli olarak kar\u015f\u0131layarak, t\u0131bbi cihazlar\u0131 ve ilgili hizmetleri sa\u011flayabilmesi i\u00e7in ihtiya\u00e7 duydu\u011fu kalite y\u00f6netim sisteminin gerekliliklerini belirler. Cryomed, t\u00fcm bu gereksinimleri kar\u015f\u0131layan d\u00fcnyadaki tek kriyojenik cihaz \u00fcreticisi oldu! D\u00fczenleyen merci &#8211; T\u00dcV Rheinland.<\/p>\n<p>[\/et_pb_text][\/et_pb_column][\/et_pb_row][et_pb_row admin_label=&#8221;Row&#8221; make_fullwidth=&#8221;off&#8221; use_custom_width=&#8221;off&#8221; width_unit=&#8221;off&#8221; custom_width_px=&#8221;1080px&#8221; custom_width_percent=&#8221;80%&#8221; use_custom_gutter=&#8221;off&#8221; gutter_width=&#8221;3&#8243; padding_mobile=&#8221;off&#8221; allow_player_pause=&#8221;off&#8221; parallax=&#8221;off&#8221; parallax_method=&#8221;on&#8221; make_equal=&#8221;off&#8221; column_padding_mobile=&#8221;on&#8221; parallax_1=&#8221;off&#8221; parallax_method_1=&#8221;on&#8221; parallax_2=&#8221;off&#8221; parallax_method_2=&#8221;on&#8221; parallax_3=&#8221;off&#8221; parallax_method_3=&#8221;on&#8221; parallax_4=&#8221;off&#8221; parallax_method_4=&#8221;on&#8221; disabled=&#8221;off&#8221;][et_pb_column type=&#8221;4_4&#8243;][et_pb_text admin_label=&#8221;Text&#8221; background_layout=&#8221;light&#8221; text_orientation=&#8221;left&#8221; use_border_color=&#8221;off&#8221; border_style=&#8221;solid&#8221; disabled=&#8221;off&#8221; border_color=&#8221;#ffffff&#8221;]<\/p>\n<p><a href=\"\/wp-content\/uploads\/content\/cryom_ce_hd.jpg\"><img decoding=\"async\" loading=\"lazy\" class=\"alignleft\" src=\"\/wp-content\/uploads\/content\/cryom_ce_hd.jpg\" alt=\"Ek II: Tam Kalite G\u00fcvence Sistemi\" width=\"300\" height=\"425\" \/><\/a><\/p>\n<h2>Ek II: Tam Kalite G\u00fcvence Sistemi<\/h2>\n<p>Ek II: Tam Kalite G\u00fcvence Sistemi &#8211; Bu uygunluk de\u011ferlendirmesi tasar\u0131m, \u00fcretim ve son kontrollerde dahil olmak \u00fczere \u00fcreticinin t\u00fcm kalite y\u00f6netim sisteminin denetlenmesini i\u00e7erir. Cryomed, bu uygunluk de\u011ferlendirmesi h\u00fck\u00fcmlerine uyum belgesini alm\u0131\u015ft\u0131r. D\u00fczenleyen merci alan\u0131n\u0131n en sayg\u0131n kurulu\u015flar\u0131ndan birisi olan T\u00dcV Rheinland&#8217;d\u0131r.<\/p>\n<p>[\/et_pb_text][\/et_pb_column][\/et_pb_row][et_pb_row admin_label=&#8221;Row&#8221; make_fullwidth=&#8221;off&#8221; use_custom_width=&#8221;off&#8221; width_unit=&#8221;off&#8221; custom_width_px=&#8221;1080px&#8221; custom_width_percent=&#8221;80%&#8221; use_custom_gutter=&#8221;off&#8221; gutter_width=&#8221;3&#8243; padding_mobile=&#8221;off&#8221; allow_player_pause=&#8221;off&#8221; parallax=&#8221;off&#8221; parallax_method=&#8221;on&#8221; make_equal=&#8221;off&#8221; column_padding_mobile=&#8221;on&#8221; parallax_1=&#8221;off&#8221; parallax_method_1=&#8221;on&#8221; parallax_2=&#8221;off&#8221; parallax_method_2=&#8221;on&#8221; parallax_3=&#8221;off&#8221; parallax_method_3=&#8221;on&#8221; parallax_4=&#8221;off&#8221; parallax_method_4=&#8221;on&#8221; disabled=&#8221;off&#8221;][et_pb_column type=&#8221;4_4&#8243;][et_pb_button admin_label=&#8221;Button&#8221; url_new_window=&#8221;off&#8221; button_text=&#8221;F\u0130YAT B\u0130LG\u0130S\u0130 TALEP ED\u0130N&#8221; button_alignment=&#8221;center&#8221; background_layout=&#8221;dark&#8221; module_class=&#8221;popmake-contact-form-tr&#8221; custom_button=&#8221;on&#8221; button_text_size=&#8221;15&#8243; button_text_color=&#8221;#ffffff&#8221; button_bg_color=&#8221;#8fd400&#8243; button_border_width=&#8221;0&#8243; button_letter_spacing=&#8221;0&#8243; button_use_icon=&#8221;off&#8221; button_icon_placement=&#8221;right&#8221; button_on_hover=&#8221;on&#8221; button_bg_color_hover=&#8221;#b0d369&#8243; button_letter_spacing_hover=&#8221;0&#8243; disabled=&#8221;off&#8221; saved_tabs=&#8221;all&#8221;]<\/p>\n<p>&nbsp;<\/p>\n<p>[\/et_pb_button][\/et_pb_column][\/et_pb_row][\/et_pb_section]<\/p>\n","protected":false},"excerpt":{"rendered":"<p>[et_pb_section admin_label=&#8221;section&#8221; background_image=&#8221;https:\/\/cryomedpro.com\/wp-content\/uploads\/2016\/12\/784743-blue-crystals-frost-macro.jpg&#8221; transparent_background=&#8221;off&#8221; allow_player_pause=&#8221;off&#8221; inner_shadow=&#8221;off&#8221; parallax=&#8221;off&#8221; parallax_method=&#8221;off&#8221; custom_padding=&#8221;3px|0px|4px|0px&#8221; padding_mobile=&#8221;off&#8221; make_fullwidth=&#8221;off&#8221; use_custom_width=&#8221;off&#8221; width_unit=&#8221;on&#8221; make_equal=&#8221;off&#8221; use_custom_gutter=&#8221;off&#8221; fullwidth=&#8221;off&#8221; specialty=&#8221;off&#8221; module_class=&#8221;ns-banner&#8221; disabled=&#8221;off&#8221;][et_pb_row admin_label=&#8221;row&#8221; make_fullwidth=&#8221;off&#8221; use_custom_width=&#8221;off&#8221; width_unit=&#8221;off&#8221; custom_width_px=&#8221;1080px&#8221; custom_width_percent=&#8221;80%&#8221; use_custom_gutter=&#8221;off&#8221; gutter_width=&#8221;3&#8243; custom_padding=&#8221;21px|0px|21.45px|0px&#8221; padding_mobile=&#8221;off&#8221; allow_player_pause=&#8221;off&#8221; parallax=&#8221;off&#8221; parallax_method=&#8221;on&#8221; make_equal=&#8221;off&#8221; column_padding_mobile=&#8221;on&#8221; parallax_1=&#8221;off&#8221; parallax_method_1=&#8221;on&#8221; parallax_2=&#8221;off&#8221; parallax_method_2=&#8221;on&#8221; parallax_3=&#8221;off&#8221; parallax_method_3=&#8221;on&#8221; parallax_4=&#8221;off&#8221; parallax_method_4=&#8221;on&#8221; disabled=&#8221;off&#8221;][et_pb_column type=&#8221;4_4&#8243;][et_pb_text admin_label=&#8221;Text&#8221; background_layout=&#8221;dark&#8221; text_orientation=&#8221;center&#8221; use_border_color=&#8221;off&#8221; border_style=&#8221;solid&#8221; disabled=&#8221;off&#8221; border_color=&#8221;#ffffff&#8221;] Kalite ve sertifikalar [\/et_pb_text][\/et_pb_column][\/et_pb_row][\/et_pb_section][et_pb_section [&hellip;]<\/p>\n","protected":false},"author":2,"featured_media":0,"parent":0,"menu_order":0,"comment_status":"closed","ping_status":"closed","template":"","meta":[],"tags":[],"yoast_head":"<!-- This site is optimized with the Yoast SEO plugin v20.0 - https:\/\/yoast.com\/wordpress\/plugins\/seo\/ -->\n<title>Kalite ve sertifikalar<\/title>\n<meta name=\"description\" content=\"EC Uygunluk Belgesi, Avrupa Ekonomik Alan\u0131 i\u00e7erisinde \u00fcretim yapabilmek i\u00e7in gereken \u00f6nemli bir belgedir.\" \/>\n<meta name=\"robots\" content=\"index, follow, max-snippet:-1, max-image-preview:large, max-video-preview:-1\" \/>\n<link rel=\"canonical\" href=\"https:\/\/cryomedpro.com\/tr\/quality-and-certificates\/\" \/>\n<meta property=\"og:locale\" content=\"tr_TR\" \/>\n<meta property=\"og:type\" content=\"article\" \/>\n<meta property=\"og:title\" content=\"Kalite ve sertifikalar\" \/>\n<meta property=\"og:description\" content=\"EC Uygunluk Belgesi, Avrupa Ekonomik Alan\u0131 i\u00e7erisinde \u00fcretim yapabilmek i\u00e7in gereken \u00f6nemli bir belgedir.\" \/>\n<meta property=\"og:url\" content=\"https:\/\/cryomedpro.com\/tr\/quality-and-certificates\/\" \/>\n<meta property=\"og:site_name\" content=\"Cryomed PRO\" \/>\n<meta property=\"article:modified_time\" content=\"2020-02-18T23:49:21+00:00\" \/>\n<meta property=\"og:image\" content=\"https:\/\/cryomedpro.com\/wp-content\/uploads\/2016\/10\/heading-underline.png\" \/>\n<meta name=\"twitter:card\" content=\"summary_large_image\" \/>\n<meta name=\"twitter:label1\" content=\"Tahmini okuma s\u00fcresi\" \/>\n\t<meta name=\"twitter:data1\" content=\"6 dakika\" \/>\n<!-- \/ Yoast SEO plugin. -->","yoast_head_json":{"title":"Kalite ve sertifikalar","description":"EC Uygunluk Belgesi, Avrupa Ekonomik Alan\u0131 i\u00e7erisinde \u00fcretim yapabilmek i\u00e7in gereken \u00f6nemli bir belgedir.","robots":{"index":"index","follow":"follow","max-snippet":"max-snippet:-1","max-image-preview":"max-image-preview:large","max-video-preview":"max-video-preview:-1"},"canonical":"https:\/\/cryomedpro.com\/tr\/quality-and-certificates\/","og_locale":"tr_TR","og_type":"article","og_title":"Kalite ve sertifikalar","og_description":"EC Uygunluk Belgesi, Avrupa Ekonomik Alan\u0131 i\u00e7erisinde \u00fcretim yapabilmek i\u00e7in gereken \u00f6nemli bir belgedir.","og_url":"https:\/\/cryomedpro.com\/tr\/quality-and-certificates\/","og_site_name":"Cryomed PRO","article_modified_time":"2020-02-18T23:49:21+00:00","og_image":[{"url":"https:\/\/cryomedpro.com\/wp-content\/uploads\/2016\/10\/heading-underline.png"}],"twitter_card":"summary_large_image","twitter_misc":{"Tahmini okuma s\u00fcresi":"6 dakika"},"schema":{"@context":"https:\/\/schema.org","@graph":[{"@type":"WebPage","@id":"https:\/\/cryomedpro.com\/tr\/quality-and-certificates\/","url":"https:\/\/cryomedpro.com\/tr\/quality-and-certificates\/","name":"Kalite ve sertifikalar","isPartOf":{"@id":"https:\/\/cryomedpro.com\/#website"},"datePublished":"2017-02-06T15:05:11+00:00","dateModified":"2020-02-18T23:49:21+00:00","description":"EC Uygunluk Belgesi, Avrupa Ekonomik Alan\u0131 i\u00e7erisinde \u00fcretim yapabilmek i\u00e7in gereken \u00f6nemli bir belgedir.","breadcrumb":{"@id":"https:\/\/cryomedpro.com\/tr\/quality-and-certificates\/#breadcrumb"},"inLanguage":"tr","potentialAction":[{"@type":"ReadAction","target":["https:\/\/cryomedpro.com\/tr\/quality-and-certificates\/"]}]},{"@type":"BreadcrumbList","@id":"https:\/\/cryomedpro.com\/tr\/quality-and-certificates\/#breadcrumb","itemListElement":[{"@type":"ListItem","position":1,"name":"Home","item":"https:\/\/cryomedpro.com\/tr\/"},{"@type":"ListItem","position":2,"name":"Kalite ve sertifikalar"}]},{"@type":"WebSite","@id":"https:\/\/cryomedpro.com\/#website","url":"https:\/\/cryomedpro.com\/","name":"Cryomed PRO","description":"Cryosaunas Worldwide","publisher":{"@id":"https:\/\/cryomedpro.com\/#\/schema\/person\/752b92c38fb6f6c5052ef7763f4d79eb"},"potentialAction":[{"@type":"SearchAction","target":{"@type":"EntryPoint","urlTemplate":"https:\/\/cryomedpro.com\/?s={search_term_string}"},"query-input":"required name=search_term_string"}],"inLanguage":"tr"},{"@type":["Person","Organization"],"@id":"https:\/\/cryomedpro.com\/#\/schema\/person\/752b92c38fb6f6c5052ef7763f4d79eb","name":"healthycold","image":{"@type":"ImageObject","inLanguage":"tr","@id":"https:\/\/cryomedpro.com\/#\/schema\/person\/image\/","url":"https:\/\/secure.gravatar.com\/avatar\/bbe2f3ec78281a56dba108d1bf0f9ffa?s=96&d=mm&r=g","contentUrl":"https:\/\/secure.gravatar.com\/avatar\/bbe2f3ec78281a56dba108d1bf0f9ffa?s=96&d=mm&r=g","caption":"healthycold"},"logo":{"@id":"https:\/\/cryomedpro.com\/#\/schema\/person\/image\/"}}]}},"_links":{"self":[{"href":"https:\/\/cryomedpro.com\/tr\/wp-json\/wp\/v2\/pages\/8191"}],"collection":[{"href":"https:\/\/cryomedpro.com\/tr\/wp-json\/wp\/v2\/pages"}],"about":[{"href":"https:\/\/cryomedpro.com\/tr\/wp-json\/wp\/v2\/types\/page"}],"author":[{"embeddable":true,"href":"https:\/\/cryomedpro.com\/tr\/wp-json\/wp\/v2\/users\/2"}],"replies":[{"embeddable":true,"href":"https:\/\/cryomedpro.com\/tr\/wp-json\/wp\/v2\/comments?post=8191"}],"version-history":[{"count":0,"href":"https:\/\/cryomedpro.com\/tr\/wp-json\/wp\/v2\/pages\/8191\/revisions"}],"wp:attachment":[{"href":"https:\/\/cryomedpro.com\/tr\/wp-json\/wp\/v2\/media?parent=8191"}],"wp:term":[{"taxonomy":"post_tag","embeddable":true,"href":"https:\/\/cryomedpro.com\/tr\/wp-json\/wp\/v2\/tags?post=8191"}],"curies":[{"name":"wp","href":"https:\/\/api.w.org\/{rel}","templated":true}]}}