{"id":8208,"date":"2017-11-21T13:04:23","date_gmt":"2017-11-21T12:04:23","guid":{"rendered":"https:\/\/cryomedpro.com\/dewar-vessels\/"},"modified":"2019-11-29T20:48:43","modified_gmt":"2019-11-29T19:48:43","slug":"dewar-vessels","status":"publish","type":"page","link":"https:\/\/cryomedpro.com\/tr\/dewar-vessels\/","title":{"rendered":"Dewar Tanklar\u0131"},"content":{"rendered":"<p>[et_pb_section admin_label=&#8221;section&#8221; background_image=&#8221;https:\/\/cryomedpro.com\/wp-content\/uploads\/2016\/12\/784743-blue-crystals-frost-macro.jpg&#8221; transparent_background=&#8221;off&#8221; allow_player_pause=&#8221;off&#8221; inner_shadow=&#8221;off&#8221; parallax=&#8221;off&#8221; parallax_method=&#8221;off&#8221; custom_padding=&#8221;3px||4px|&#8221; padding_mobile=&#8221;off&#8221; make_fullwidth=&#8221;off&#8221; use_custom_width=&#8221;off&#8221; width_unit=&#8221;on&#8221; make_equal=&#8221;off&#8221; use_custom_gutter=&#8221;off&#8221; module_class=&#8221;ns-banner&#8221;][et_pb_row admin_label=&#8221;row&#8221;][et_pb_column type=&#8221;4_4&#8243;][et_pb_text admin_label=&#8221;Text&#8221; background_layout=&#8221;dark&#8221; text_orientation=&#8221;center&#8221; use_border_color=&#8221;off&#8221; border_color=&#8221;#ffffff&#8221; border_style=&#8221;solid&#8221;]<\/p>\n<h1 style=\"text-align: center;\">Dewar Tanklar\u0131<\/h1>\n<p><img decoding=\"async\" loading=\"lazy\" class=\"size-full wp-image-150 aligncenter\" src=\"\/wp-content\/uploads\/2016\/10\/heading-underline.png\" alt=\"heading-underline\" width=\"309\" height=\"12\" srcset=\"https:\/\/cryomedpro.com\/wp-content\/uploads\/2016\/10\/heading-underline.png 309w, https:\/\/cryomedpro.com\/wp-content\/uploads\/2016\/10\/heading-underline-300x12.png 300w\" sizes=\"(max-width: 309px) 100vw, 309px\" \/><\/p>\n<p>[\/et_pb_text][\/et_pb_column][\/et_pb_row][\/et_pb_section][et_pb_section admin_label=&#8221;Section&#8221; fullwidth=&#8221;off&#8221; specialty=&#8221;off&#8221; transparent_background=&#8221;off&#8221; allow_player_pause=&#8221;off&#8221; inner_shadow=&#8221;off&#8221; parallax=&#8221;off&#8221; parallax_method=&#8221;off&#8221; custom_padding=&#8221;15px|0px|0px|0px&#8221; padding_mobile=&#8221;off&#8221; make_fullwidth=&#8221;off&#8221; use_custom_width=&#8221;off&#8221; width_unit=&#8221;on&#8221; make_equal=&#8221;off&#8221; use_custom_gutter=&#8221;off&#8221;][et_pb_row admin_label=&#8221;Row&#8221; make_fullwidth=&#8221;off&#8221; use_custom_width=&#8221;off&#8221; width_unit=&#8221;on&#8221; use_custom_gutter=&#8221;off&#8221; padding_mobile=&#8221;off&#8221; allow_player_pause=&#8221;off&#8221; parallax=&#8221;off&#8221; parallax_method=&#8221;off&#8221; make_equal=&#8221;off&#8221; parallax_1=&#8221;off&#8221; parallax_method_1=&#8221;off&#8221; column_padding_mobile=&#8221;on&#8221; custom_padding=&#8221;0px|0px|0px|0px&#8221;][et_pb_column type=&#8221;4_4&#8243;][et_pb_code admin_label=&#8221;Code&#8221;]\tCryo\n<span><span><a href=\"https:\/\/cryomedpro.com\/tr\/\">Home<\/a><\/span><\/span>[\/et_pb_code][\/et_pb_column][\/et_pb_row][\/et_pb_section][et_pb_section admin_label=&#8221;Section&#8221; fullwidth=&#8221;off&#8221; specialty=&#8221;off&#8221;][et_pb_row admin_label=&#8221;Row&#8221;][et_pb_column type=&#8221;1_2&#8243;][et_pb_image admin_label=&#8221;Image&#8221; src=&#8221;https:\/\/cryomedpro.com\/wp-content\/uploads\/2017\/11\/dewars_ck.gif&#8221; alt=&#8221;Dewar Tanklar\u0131&#8221; title_text=&#8221;Dewar Tanklar\u0131&#8221; show_in_lightbox=&#8221;off&#8221; url_new_window=&#8221;off&#8221; use_overlay=&#8221;off&#8221; animation=&#8221;left&#8221; sticky=&#8221;off&#8221; align=&#8221;center&#8221; force_fullwidth=&#8221;off&#8221; always_center_on_mobile=&#8221;on&#8221; use_border_color=&#8221;off&#8221; border_color=&#8221;#ffffff&#8221; border_style=&#8221;solid&#8221;]<\/p>\n<p>[\/et_pb_image][\/et_pb_column][et_pb_column type=&#8221;1_2&#8243;][et_pb_text admin_label=&#8221;Text&#8221; background_layout=&#8221;light&#8221; text_orientation=&#8221;left&#8221; use_border_color=&#8221;off&#8221; border_color=&#8221;#ffffff&#8221; border_style=&#8221;solid&#8221;]<\/p>\n<h2>Nedir Dewar tanklar\u0131?<\/h2>\n<p>Dewar tanklar\u0131, b\u00fcy\u00fck miktarda s\u0131v\u0131 azot, argon ve oksijenin ta\u015f\u0131nmas\u0131 ve depolanmas\u0131 i\u00e7in tasarlanm\u0131\u015f, \u00f6zel vakumlu kaplard\u0131r. Is\u0131 yal\u0131t\u0131m sisteminin y\u00fcksek dereceki yap\u0131sal verimlili\u011fi so\u011futucu kimyasal i\u00e7in maksimum depolama s\u00fcresini garanti eder.<\/p>\n<p>S\u0131v\u0131 azot dewar tanklar\u0131, d\u00fc\u015f\u00fck a\u011f\u0131rl\u0131k ve az yer kaplama \u00f6zelliklerinin yan\u0131nda en etkili \u015fekilde so\u011fuk tutma imkan\u0131 sunar. Ara\u015ft\u0131rma laboratuvarlar\u0131nda, SPA ve g\u00fczellik merkezlerinde, sa\u011fl\u0131k hizmetlerinde, sanayi tesislerinde ve spor hekimli\u011finde yayg\u0131n olarak kullan\u0131l\u0131r.<\/p>\n<p>Cryomed s\u0131v\u0131 azot dewar tanklar\u0131 6; 10; 17,5; 26,5; 40 litre hacimlerinde olmak \u00fczere farkl\u0131 boyutlarda sat\u0131\u015fa sunulmaktad\u0131r.<\/p>\n<p>[\/et_pb_text][\/et_pb_column][\/et_pb_row][et_pb_row admin_label=&#8221;Row&#8221;][et_pb_column type=&#8221;4_4&#8243;][et_pb_text admin_label=&#8221;Text&#8221; background_layout=&#8221;light&#8221; text_orientation=&#8221;left&#8221; use_border_color=&#8221;off&#8221; border_color=&#8221;#ffffff&#8221; border_style=&#8221;solid&#8221;]<\/p>\n<h2 style=\"text-align: center; color: #666666;\">Dewar tanklar\u0131n\u0131n teknik \u00f6zellikleri:<\/h2>\n<p><img decoding=\"async\" loading=\"lazy\" class=\"size-medium wp-image-85 aligncenter\" src=\"https:\/\/cryomedpro.com\/wp-content\/uploads\/2016\/10\/brush-2-300x12.png\" alt=\"brush-2\" width=\"300\" height=\"12\" srcset=\"https:\/\/cryomedpro.com\/wp-content\/uploads\/2016\/10\/brush-2-300x12.png 300w, https:\/\/cryomedpro.com\/wp-content\/uploads\/2016\/10\/brush-2.png 309w\" sizes=\"(max-width: 300px) 100vw, 300px\" \/><\/p>\n<p>[\/et_pb_text][et_pb_text admin_label=&#8221;Text&#8221; background_layout=&#8221;light&#8221; text_orientation=&#8221;left&#8221; use_border_color=&#8221;off&#8221; border_color=&#8221;#ffffff&#8221; border_style=&#8221;solid&#8221;]<\/p>\n<ul>\n<li>Y\u00fcksek depolama kapasitesi ve tekrar doldurulabilme (6 ila 40 l aras\u0131);<\/li>\n<li>Ki\u015fiselle\u015ftirilebilen boyutlar (260 ve 460 mm aras\u0131 d\u0131\u015f \u00e7ap; 480 ila 720 mm aras\u0131 y\u00fckseklik);<\/li>\n<li>D\u00fc\u015f\u00fck buharla\u015fma oran\u0131;<\/li>\n<li>D\u00fc\u015f\u00fck bo\u015f a\u011f\u0131rl\u0131k (4.5 &#8211; 14.5 kg aras\u0131nda);<\/li>\n<li>Geli\u015fmi\u015f vakum ve yal\u0131t\u0131m teknolojisi;<\/li>\n<li>Minimal d\u00fczeyde azot kayb\u0131;<\/li>\n<li>T\u00fcm nakliye se\u00e7enekleri mevcuttur;<\/li>\n<li>Tahmini kullan\u0131m \u00f6mr\u00fc \u2013 uygun ko\u015fullarda 8 y\u0131l.<\/li>\n<\/ul>\n<p>[\/et_pb_text][et_pb_text admin_label=&#8221;Text&#8221; background_layout=&#8221;light&#8221; text_orientation=&#8221;left&#8221; use_border_color=&#8221;off&#8221; border_color=&#8221;#ffffff&#8221; border_style=&#8221;solid&#8221;]<\/p>\n<table class=\"responstable\">\n<tbody>\n<tr>\n<td rowspan=\"2\">Model<\/td>\n<td rowspan=\"2\">Kapasite, litre<\/td>\n<td rowspan=\"2\">Azotun tamamen buharla\u015fmas\u0131na kadar ge\u00e7en g\u00fcn say\u0131s\u0131<\/td>\n<td rowspan=\"2\">Azot olmadan k\u00fctle, kg<\/td>\n<td rowspan=\"2\">Boyun \u00e7ap\u0131, mm<\/td>\n<td colspan=\"2\">Genel boyutlar, mm<\/td>\n<\/tr>\n<tr>\n<td>Y\u00fckseklik<\/td>\n<td>\u00c7ap<\/td>\n<\/tr>\n<tr>\n<td>DV-5<\/td>\n<td>5,2<\/td>\n<td>20<\/td>\n<td>5,34<\/td>\n<td>60<\/td>\n<td>420<\/td>\n<td>260<\/td>\n<\/tr>\n<tr>\n<td>DV-10<\/td>\n<td>10<\/td>\n<td>50<\/td>\n<td>8,8<\/td>\n<td>60<\/td>\n<td>520<\/td>\n<td>382<\/td>\n<\/tr>\n<tr>\n<td>DV-16<\/td>\n<td>16<\/td>\n<td>100<\/td>\n<td>9,7<\/td>\n<td>60<\/td>\n<td>635<\/td>\n<td>382<\/td>\n<\/tr>\n<tr>\n<td>DV-34<\/td>\n<td>35<\/td>\n<td>270<\/td>\n<td>18<\/td>\n<td>60<\/td>\n<td>790<\/td>\n<td>500<\/td>\n<\/tr>\n<tr>\n<td>DV-35<\/td>\n<td>35<\/td>\n<td>110<\/td>\n<td>17,8<\/td>\n<td>117<\/td>\n<td>790<\/td>\n<td>500<\/td>\n<\/tr>\n<tr>\n<td>DV-40<\/td>\n<td>40<\/td>\n<td>60<\/td>\n<td>14,5<\/td>\n<td>56<\/td>\n<td>720<\/td>\n<td>460<\/td>\n<\/tr>\n<tr>\n<td>DV-45<\/td>\n<td>45<\/td>\n<td>110<\/td>\n<td>19,6<\/td>\n<td>117<\/td>\n<td>820<\/td>\n<td>550<\/td>\n<\/tr>\n<\/tbody>\n<\/table>\n<p>[\/et_pb_text][et_pb_text admin_label=&#8221;Text&#8221; background_layout=&#8221;light&#8221; text_orientation=&#8221;left&#8221; use_border_color=&#8221;off&#8221; border_color=&#8221;#ffffff&#8221; border_style=&#8221;solid&#8221;]<\/p>\n<p>S\u0131v\u0131 azotun kullan\u0131m\u0131 esnas\u0131nda, \u00e7al\u0131\u015fanlar\u0131n\u0131z\u0131n koruma ama\u00e7l\u0131 olarak y\u00fcksek kaliteli kriyo-eldivenler ve k\u0131yafetler kulland\u0131\u011f\u0131ndan emin olun.<\/p>\n<p>Kriyojenik Dewar tanklar\u0131n\u0131n kalitesi, g\u00fcvenilirlik, g\u00fcvenlik ve kullan\u0131m kolayl\u0131\u011f\u0131 a\u00e7\u0131s\u0131ndan etkili bir garantidir.<\/p>\n<p>[\/et_pb_text][\/et_pb_column][\/et_pb_row][et_pb_row admin_label=&#8221;Row&#8221;][et_pb_column type=&#8221;1_2&#8243;][et_pb_text admin_label=&#8221;Text&#8221; background_layout=&#8221;light&#8221; text_orientation=&#8221;left&#8221; use_border_color=&#8221;off&#8221; border_color=&#8221;#ffffff&#8221; border_style=&#8221;solid&#8221;]<\/p>\n<h2>L\u00fctfen unutmay\u0131n::<\/h2>\n<p>E\u011fer Cryomed Pro ve\/veya Cryofan gibi profesyonel ekipmanlar kullan\u0131yorsan\u0131z, 40 litre kapasiteli Dewar tank\u0131 sizin i\u00e7in en ideal se\u00e7im olacakt\u0131r. Bu tank t\u00fcr\u00fc, azot kayb\u0131n\u0131n \u00e7ok d\u00fc\u015f\u00fck olmas\u0131 ve ortalama depolama kapasitesi avantajlar\u0131 nedeniyle s\u0131v\u0131 azot i\u00e7in en ideal kapt\u0131r. D\u00fcnyan\u0131n d\u00f6rt bir yan\u0131ndaki profesyonellerin ihtiya\u00e7lar\u0131n\u0131n bilincindeyiz. \u015eimdi so\u011futucu kimyasallar\u0131n\u0131z\u0131 ta\u015f\u0131mak \u00e7ok daha g\u00fcvenli ve kolay.<\/p>\n<h2>Ki\u015fiselle\u015ftirme<\/h2>\n<p>K\u00fc\u00e7\u00fck Dewar tanklar\u0131, laboratuvarlarda ve hatta evlerde s\u0131v\u0131 azotun ge\u00e7ici olarak depolanmas\u0131 i\u00e7in idealdir. G\u00fczellik ve t\u0131p merkezleri i\u00e7in ise daha b\u00fcy\u00fck tanklar uygundur. \u0130htiyac\u0131n\u0131za g\u00f6re en ideal boyutlar\u0131 se\u00e7ebilirsiniz.<\/p>\n<p>Yer ve el t\u00fcr\u00fc Dewar azot tanklar\u0131n\u0131 sat\u0131n alabilirsiniz.<\/p>\n<p>Cryomed, t\u00fcm m\u00fc\u015fterilerinin gereksinimlerini kar\u015f\u0131layabilecek kabiliyete sahiptir.<\/p>\n<p>[\/et_pb_text][\/et_pb_column][et_pb_column type=&#8221;1_2&#8243;][et_pb_image admin_label=&#8221;Image&#8221; src=&#8221;https:\/\/cryomedpro.com\/wp-content\/uploads\/2017\/11\/u160_new3.jpg&#8221; alt=&#8221;Customization Dewars Vessels&#8221; title_text=&#8221;Customization Dewars Vessels&#8221; show_in_lightbox=&#8221;off&#8221; url_new_window=&#8221;off&#8221; use_overlay=&#8221;off&#8221; animation=&#8221;left&#8221; sticky=&#8221;off&#8221; align=&#8221;center&#8221; force_fullwidth=&#8221;off&#8221; always_center_on_mobile=&#8221;on&#8221; use_border_color=&#8221;off&#8221; border_color=&#8221;#ffffff&#8221; border_style=&#8221;solid&#8221;]<\/p>\n<p>[\/et_pb_image][\/et_pb_column][\/et_pb_row][et_pb_row admin_label=&#8221;Row&#8221;][et_pb_column type=&#8221;4_4&#8243;][et_pb_text admin_label=&#8221;Text&#8221; background_layout=&#8221;light&#8221; text_orientation=&#8221;left&#8221; use_border_color=&#8221;off&#8221; border_color=&#8221;#ffffff&#8221; border_style=&#8221;solid&#8221;]<\/p>\n<p style=\"text-align: center;\">Dewar tanklar\u0131yla ilgili ba\u015fka sorular\u0131n\u0131z varsa hemen bize ula\u015f\u0131n!<\/p>\n<p>[\/et_pb_text][et_pb_button admin_label=&#8221;Button&#8221; url_new_window=&#8221;off&#8221; button_text=&#8221;F\u0130YAT B\u0130LG\u0130S\u0130 TALEP ED\u0130N&#8221; button_alignment=&#8221;center&#8221; background_layout=&#8221;dark&#8221; custom_button=&#8221;on&#8221; button_letter_spacing=&#8221;0&#8243; button_use_icon=&#8221;default&#8221; button_icon_placement=&#8221;right&#8221; button_on_hover=&#8221;on&#8221; button_letter_spacing_hover=&#8221;0&#8243; module_class=&#8221;popmake-contact-form-tr&#8221; button_text_size=&#8221;15&#8243; button_text_color=&#8221;#ffffff&#8221; button_bg_color=&#8221;#8fd400&#8243; button_bg_color_hover=&#8221;#b0d369&#8243; button_border_width=&#8221;0&#8243;]<\/p>\n<p>[\/et_pb_button][\/et_pb_column][\/et_pb_row][\/et_pb_section]<\/p>\n","protected":false},"excerpt":{"rendered":"<p>[et_pb_section admin_label=&#8221;section&#8221; background_image=&#8221;https:\/\/cryomedpro.com\/wp-content\/uploads\/2016\/12\/784743-blue-crystals-frost-macro.jpg&#8221; transparent_background=&#8221;off&#8221; allow_player_pause=&#8221;off&#8221; inner_shadow=&#8221;off&#8221; parallax=&#8221;off&#8221; parallax_method=&#8221;off&#8221; custom_padding=&#8221;3px||4px|&#8221; padding_mobile=&#8221;off&#8221; make_fullwidth=&#8221;off&#8221; use_custom_width=&#8221;off&#8221; width_unit=&#8221;on&#8221; make_equal=&#8221;off&#8221; use_custom_gutter=&#8221;off&#8221; module_class=&#8221;ns-banner&#8221;][et_pb_row admin_label=&#8221;row&#8221;][et_pb_column type=&#8221;4_4&#8243;][et_pb_text admin_label=&#8221;Text&#8221; background_layout=&#8221;dark&#8221; text_orientation=&#8221;center&#8221; use_border_color=&#8221;off&#8221; border_color=&#8221;#ffffff&#8221; border_style=&#8221;solid&#8221;] Dewar Tanklar\u0131 [\/et_pb_text][\/et_pb_column][\/et_pb_row][\/et_pb_section][et_pb_section admin_label=&#8221;Section&#8221; fullwidth=&#8221;off&#8221; specialty=&#8221;off&#8221; transparent_background=&#8221;off&#8221; allow_player_pause=&#8221;off&#8221; inner_shadow=&#8221;off&#8221; parallax=&#8221;off&#8221; parallax_method=&#8221;off&#8221; custom_padding=&#8221;15px|0px|0px|0px&#8221; padding_mobile=&#8221;off&#8221; make_fullwidth=&#8221;off&#8221; use_custom_width=&#8221;off&#8221; width_unit=&#8221;on&#8221; make_equal=&#8221;off&#8221; use_custom_gutter=&#8221;off&#8221;][et_pb_row admin_label=&#8221;Row&#8221; make_fullwidth=&#8221;off&#8221; use_custom_width=&#8221;off&#8221; width_unit=&#8221;on&#8221; use_custom_gutter=&#8221;off&#8221; padding_mobile=&#8221;off&#8221; allow_player_pause=&#8221;off&#8221; parallax=&#8221;off&#8221; parallax_method=&#8221;off&#8221; make_equal=&#8221;off&#8221; parallax_1=&#8221;off&#8221; parallax_method_1=&#8221;off&#8221; column_padding_mobile=&#8221;on&#8221; [&hellip;]<\/p>\n","protected":false},"author":2,"featured_media":0,"parent":0,"menu_order":0,"comment_status":"closed","ping_status":"closed","template":"","meta":[],"tags":[],"yoast_head":"<!-- This site is optimized with the Yoast SEO plugin v20.0 - https:\/\/yoast.com\/wordpress\/plugins\/seo\/ -->\n<title>Dewar tanklar\u0131n\u0131 s\u0131v\u0131 nitrojen kriyoterapisinde d\u00fcnya lideri olan Cryomed s.r.o&#039;den al\u0131n.<\/title>\n<meta name=\"description\" content=\"Dewar tanklar\u0131n\u0131 s\u0131v\u0131 nitrojen kriyoterapisinde d\u00fcnya lideri olan Cryomed s.r.o&#039;den al\u0131n.\" \/>\n<meta name=\"robots\" content=\"index, follow, max-snippet:-1, max-image-preview:large, max-video-preview:-1\" \/>\n<link rel=\"canonical\" href=\"https:\/\/cryomedpro.com\/tr\/dewar-vessels\/\" \/>\n<meta property=\"og:locale\" content=\"tr_TR\" \/>\n<meta property=\"og:type\" content=\"article\" \/>\n<meta property=\"og:title\" content=\"Dewar tanklar\u0131n\u0131 s\u0131v\u0131 nitrojen kriyoterapisinde d\u00fcnya lideri olan Cryomed s.r.o&#039;den al\u0131n.\" \/>\n<meta property=\"og:description\" content=\"Dewar tanklar\u0131n\u0131 s\u0131v\u0131 nitrojen kriyoterapisinde d\u00fcnya lideri olan Cryomed s.r.o&#039;den al\u0131n.\" \/>\n<meta property=\"og:url\" content=\"https:\/\/cryomedpro.com\/tr\/dewar-vessels\/\" \/>\n<meta property=\"og:site_name\" content=\"Cryomed PRO\" \/>\n<meta property=\"article:modified_time\" content=\"2019-11-29T19:48:43+00:00\" \/>\n<meta property=\"og:image\" content=\"https:\/\/cryomedpro.com\/wp-content\/uploads\/2016\/10\/heading-underline.png\" \/>\n<meta name=\"twitter:card\" content=\"summary_large_image\" \/>\n<meta name=\"twitter:label1\" content=\"Tahmini okuma s\u00fcresi\" \/>\n\t<meta name=\"twitter:data1\" content=\"6 dakika\" \/>\n<!-- \/ Yoast SEO plugin. -->","yoast_head_json":{"title":"Dewar tanklar\u0131n\u0131 s\u0131v\u0131 nitrojen kriyoterapisinde d\u00fcnya lideri olan Cryomed s.r.o'den al\u0131n.","description":"Dewar tanklar\u0131n\u0131 s\u0131v\u0131 nitrojen kriyoterapisinde d\u00fcnya lideri olan Cryomed s.r.o'den al\u0131n.","robots":{"index":"index","follow":"follow","max-snippet":"max-snippet:-1","max-image-preview":"max-image-preview:large","max-video-preview":"max-video-preview:-1"},"canonical":"https:\/\/cryomedpro.com\/tr\/dewar-vessels\/","og_locale":"tr_TR","og_type":"article","og_title":"Dewar tanklar\u0131n\u0131 s\u0131v\u0131 nitrojen kriyoterapisinde d\u00fcnya lideri olan Cryomed s.r.o'den al\u0131n.","og_description":"Dewar tanklar\u0131n\u0131 s\u0131v\u0131 nitrojen kriyoterapisinde d\u00fcnya lideri olan Cryomed s.r.o'den al\u0131n.","og_url":"https:\/\/cryomedpro.com\/tr\/dewar-vessels\/","og_site_name":"Cryomed PRO","article_modified_time":"2019-11-29T19:48:43+00:00","og_image":[{"url":"https:\/\/cryomedpro.com\/wp-content\/uploads\/2016\/10\/heading-underline.png"}],"twitter_card":"summary_large_image","twitter_misc":{"Tahmini okuma s\u00fcresi":"6 dakika"},"schema":{"@context":"https:\/\/schema.org","@graph":[{"@type":"WebPage","@id":"https:\/\/cryomedpro.com\/tr\/dewar-vessels\/","url":"https:\/\/cryomedpro.com\/tr\/dewar-vessels\/","name":"Dewar tanklar\u0131n\u0131 s\u0131v\u0131 nitrojen kriyoterapisinde d\u00fcnya lideri olan Cryomed s.r.o'den al\u0131n.","isPartOf":{"@id":"https:\/\/cryomedpro.com\/#website"},"datePublished":"2017-11-21T12:04:23+00:00","dateModified":"2019-11-29T19:48:43+00:00","description":"Dewar tanklar\u0131n\u0131 s\u0131v\u0131 nitrojen kriyoterapisinde d\u00fcnya lideri olan Cryomed s.r.o'den al\u0131n.","breadcrumb":{"@id":"https:\/\/cryomedpro.com\/tr\/dewar-vessels\/#breadcrumb"},"inLanguage":"tr","potentialAction":[{"@type":"ReadAction","target":["https:\/\/cryomedpro.com\/tr\/dewar-vessels\/"]}]},{"@type":"BreadcrumbList","@id":"https:\/\/cryomedpro.com\/tr\/dewar-vessels\/#breadcrumb","itemListElement":[{"@type":"ListItem","position":1,"name":"Home","item":"https:\/\/cryomedpro.com\/tr\/"},{"@type":"ListItem","position":2,"name":"Dewar Tanklar\u0131"}]},{"@type":"WebSite","@id":"https:\/\/cryomedpro.com\/#website","url":"https:\/\/cryomedpro.com\/","name":"Cryomed PRO","description":"Cryosaunas Worldwide","publisher":{"@id":"https:\/\/cryomedpro.com\/#\/schema\/person\/752b92c38fb6f6c5052ef7763f4d79eb"},"potentialAction":[{"@type":"SearchAction","target":{"@type":"EntryPoint","urlTemplate":"https:\/\/cryomedpro.com\/?s={search_term_string}"},"query-input":"required name=search_term_string"}],"inLanguage":"tr"},{"@type":["Person","Organization"],"@id":"https:\/\/cryomedpro.com\/#\/schema\/person\/752b92c38fb6f6c5052ef7763f4d79eb","name":"healthycold","image":{"@type":"ImageObject","inLanguage":"tr","@id":"https:\/\/cryomedpro.com\/#\/schema\/person\/image\/","url":"https:\/\/secure.gravatar.com\/avatar\/bbe2f3ec78281a56dba108d1bf0f9ffa?s=96&d=mm&r=g","contentUrl":"https:\/\/secure.gravatar.com\/avatar\/bbe2f3ec78281a56dba108d1bf0f9ffa?s=96&d=mm&r=g","caption":"healthycold"},"logo":{"@id":"https:\/\/cryomedpro.com\/#\/schema\/person\/image\/"}}]}},"_links":{"self":[{"href":"https:\/\/cryomedpro.com\/tr\/wp-json\/wp\/v2\/pages\/8208"}],"collection":[{"href":"https:\/\/cryomedpro.com\/tr\/wp-json\/wp\/v2\/pages"}],"about":[{"href":"https:\/\/cryomedpro.com\/tr\/wp-json\/wp\/v2\/types\/page"}],"author":[{"embeddable":true,"href":"https:\/\/cryomedpro.com\/tr\/wp-json\/wp\/v2\/users\/2"}],"replies":[{"embeddable":true,"href":"https:\/\/cryomedpro.com\/tr\/wp-json\/wp\/v2\/comments?post=8208"}],"version-history":[{"count":0,"href":"https:\/\/cryomedpro.com\/tr\/wp-json\/wp\/v2\/pages\/8208\/revisions"}],"wp:attachment":[{"href":"https:\/\/cryomedpro.com\/tr\/wp-json\/wp\/v2\/media?parent=8208"}],"wp:term":[{"taxonomy":"post_tag","embeddable":true,"href":"https:\/\/cryomedpro.com\/tr\/wp-json\/wp\/v2\/tags?post=8208"}],"curies":[{"name":"wp","href":"https:\/\/api.w.org\/{rel}","templated":true}]}}